{"id":564,"date":"2022-11-30T16:12:28","date_gmt":"2022-11-30T16:12:28","guid":{"rendered":"https:\/\/loja.springschool.me\/?post_type=product&#038;p=564"},"modified":"2023-02-03T16:40:48","modified_gmt":"2023-02-03T16:40:48","slug":"gestao-facil-oseias-gomes","status":"publish","type":"product","link":"https:\/\/loja.springschool.me\/ja\/product\/gestao-facil-oseias-gomes\/","title":{"rendered":"\u7c21\u5358\u306a\u7ba1\u7406 (Os\u00e9ias Gomes)"},"content":{"rendered":"<p>\u8d77\u696d\u5bb6\u306e\u30d7\u30ed\u30d5\u30a3\u30fc\u30eb\u306f\u3044\u304f\u3064\u304b\u3042\u308a\u307e\u3059\u304c\u3001\u3059\u3079\u3066\u306e\u4eba\u306b\u5171\u901a\u3059\u308b\u7279\u5fb4\u304c\u3042\u308a\u307e\u3059\u3002\u5f7c\u3089\u306f\u7720\u3089\u306a\u3044\u306e\u3067\u3059!\u3053\u308c\u306f\u591a\u304f\u306e\u8981\u56e0\u306b\u3088\u308b\u3082\u306e\u3067\u3059\u3002\u5b98\u50da\u7684\u306a\u969c\u58c1\u3001\u30c1\u30fc\u30e0\u306e\u4e0d\u4e00\u81f4\u3001\u8ca1\u653f\u96e3\u3001\u8fc5\u901f\u306a\u30a4\u30ce\u30d9\u30fc\u30b7\u30e7\u30f3\u3078\u306e\u30d7\u30ec\u30c3\u30b7\u30e3\u30fc\u306a\u3069\u3067\u3059\u3002\u3053\u306e\u3088\u3046\u306b\u3001\u30de\u30cd\u30fc\u30b8\u30e3\u30fc\u306e\u30ad\u30e3\u30ea\u30a2\u306e\u4e2d\u3067\u8d77\u3053\u308a\u3046\u308b\u6700\u3082\u591a\u69d8\u306a\u8ab2\u984c\u3092\u514b\u670d\u3057\u305f\u5f8c\u3001Odonto Excellence Franchising \u306e\u5275\u8a2d\u8005\u3067\u3042\u308b Os\u00e9ias Gomes \u306f\u3001Easy Management \u306b\u79d8\u5bc6\u306e\u30ec\u30b7\u30d4\u3092\u3082\u305f\u3089\u3057\u307e\u3059\u3002\u3053\u308c\u306b\u3088\u308a\u3001\u65bd\u8a2d\u3092\u751f\u6210\u3057\u3001\u6210\u529f\u3059\u308b\u30c1\u30fc\u30e0\u3092\u7de8\u6210\u3057\u3001\u4f1a\u793e\u3092\u8fc5\u901f\u304b\u3064\u7c21\u5358\u306b\u62e1\u5927\u3059\u308b\u3053\u3068\u304c\u3067\u304d\u307e\u3059\u3002 .\u3082\u3061\u308d\u3093\u3001\u3059\u3079\u3066\u304c\u6b63\u5e38\u306b\u6a5f\u80fd\u3057\u3066\u3044\u308b\u3068\u3044\u3046\u78ba\u4fe1\u3092\u6301\u3063\u3066\u3001\u3088\u308a\u826f\u3044\u7761\u7720\u3092\u697d\u3057\u3080\u3053\u3068\u304c\u3067\u304d\u308b\u3053\u3068\u306f\u8a00\u3046\u307e\u3067\u3082\u3042\u308a\u307e\u305b\u3093\u3002\u7d4c\u55b6\u306f\u3001\u30d3\u30b8\u30cd\u30b9\u3092\u62e1\u5927\u3057\u3001\u98db\u8e8d\u7684\u306b\u6210\u9577\u3057\u305f\u3044\u4eba\u306b\u3068\u3063\u3066\u306e\u57fa\u790e\u3067\u3059\u3002\u3053\u306e\u67f1\u306e\u58ee\u5927\u3055\u306b\u306f\u8ab2\u984c\u3068\u8cac\u4efb\u304c\u4f34\u3046\u305f\u3081\u3001\u79c1\u305f\u3061\u30de\u30cd\u30fc\u30b8\u30e3\u30fc\u306f\u3001\u9045\u5ef6\u3001\u5e02\u5834\u5371\u6a5f\u3001\u5931\u6557\u3078\u306e\u6050\u308c\u3068\u306e\u7d76\u3048\u9593\u306a\u3044\u7af6\u4e89\u306e\u4e2d\u3067\u3057\u3070\u3057\u3070\u611f\u3058\u307e\u3059\u3002\u3053\u306e\u3088\u3046\u306a\u7406\u7531\u304b\u3089\u3001\u3059\u3079\u3066\u306e\u30ea\u30fc\u30c0\u30fc\u306f\u3001\u81ea\u5206\u81ea\u8eab\u304c\u63d0\u793a\u3059\u308b\u30b7\u30ca\u30ea\u30aa\u306b\u8fc5\u901f\u304b\u3064\u52b9\u7387\u7684\u306b\u5bfe\u51e6\u3059\u308b\u305f\u3081\u306e\u6e96\u5099\u306b\u6295\u8cc7\u3059\u308b\u3053\u3068\u3092\u7d04\u675f\u3059\u308b\u3053\u3068\u304c\u4e0d\u53ef\u6b20\u3067\u3059\u3002 Os\u00e9ias Gomes \u306f\u521d\u306e\u8457\u66f8 Gest\u00e3o F\u00e1cil \u3067\u3001\u3053\u306e\u30d7\u30ec\u30c3\u30b7\u30e3\u30fc\u3092\u5171\u6709\u3057\u3001\u307e\u3059\u307e\u3059\u98f2\u307f\u8fbc\u307e\u308c\u3064\u3064\u3042\u308b\u5e02\u5834\u3067\u30d3\u30b8\u30cd\u30b9\u306e\u7af6\u4e89\u529b\u3092\u7dad\u6301\u3059\u308b\u305f\u3081\u306b\u63a1\u7528\u3059\u3079\u304d\u6700\u5584\u306e\u6226\u7565\u3068\u5b9f\u8df5\u3092\u6a21\u7d22\u3057\u3066\u3044\u308b\u8d77\u696d\u5bb6\u3068\u76f4\u63a5\u5bfe\u8ac7\u3057\u3066\u3044\u307e\u3059\u3002<\/p>","protected":false},"excerpt":{"rendered":"<p>Os\u00e9ias Gomes \u306f\u521d\u306e\u8457\u66f8 Gest\u00e3o F\u00e1cil \u3067\u3001\u3053\u306e\u30d7\u30ec\u30c3\u30b7\u30e3\u30fc\u3092\u5171\u6709\u3057\u3001\u307e\u3059\u307e\u3059\u98f2\u307f\u8fbc\u307e\u308c\u3064\u3064\u3042\u308b\u5e02\u5834\u3067\u30d3\u30b8\u30cd\u30b9\u306e\u7af6\u4e89\u529b\u3092\u7dad\u6301\u3059\u308b\u305f\u3081\u306b\u63a1\u7528\u3059\u3079\u304d\u6700\u5584\u306e\u6226\u7565\u3068\u5b9f\u8df5\u3092\u6a21\u7d22\u3057\u3066\u3044\u308b\u8d77\u696d\u5bb6\u3068\u76f4\u63a5\u5bfe\u8ac7\u3057\u3066\u3044\u307e\u3059\u3002<\/p>","protected":false},"featured_media":606,"template":"","meta":[],"product_cat":[20],"product_tag":[],"yoast_head":"<!-- This site is optimized with the Yoast SEO plugin v20.11 - https:\/\/yoast.com\/wordpress\/plugins\/seo\/ -->\n<title>Gest\u00e3o F\u00e1cil (Os\u00e9ias Gomes) - Spring School - Loja Virtual<\/title>\n<meta name=\"description\" content=\"Embora existam diversos perfis de empres\u00e1rios, h\u00e1 uma caracter\u00edstica comum a todos: eles n\u00e3o dormem! Isso se deve a muitos fatores: barreiras burocr\u00e1ticas, equipes desalinhadas, dificuldades financeiras, press\u00e3o por inovar rapidamente etc...\" \/>\n<meta name=\"robots\" content=\"index, follow, max-snippet:-1, max-image-preview:large, max-video-preview:-1\" \/>\n<link rel=\"canonical\" href=\"https:\/\/loja.springschool.me\/ja\/product\/gestao-facil-oseias-gomes\/\" \/>\n<meta property=\"og:locale\" content=\"ja_JP\" \/>\n<meta property=\"og:type\" content=\"article\" \/>\n<meta property=\"og:title\" content=\"Gest\u00e3o F\u00e1cil (Os\u00e9ias Gomes) - Spring School - Loja Virtual\" \/>\n<meta property=\"og:description\" content=\"Embora existam diversos perfis de empres\u00e1rios, h\u00e1 uma caracter\u00edstica comum a todos: eles n\u00e3o dormem! Isso se deve a muitos fatores: barreiras burocr\u00e1ticas, equipes desalinhadas, dificuldades financeiras, press\u00e3o por inovar rapidamente etc...\" \/>\n<meta property=\"og:url\" content=\"https:\/\/loja.springschool.me\/ja\/product\/gestao-facil-oseias-gomes\/\" \/>\n<meta property=\"og:site_name\" content=\"Spring School - Loja Virtual\" \/>\n<meta property=\"article:modified_time\" content=\"2023-02-03T16:40:48+00:00\" \/>\n<meta property=\"og:image\" content=\"https:\/\/loja.springschool.me\/wp-content\/uploads\/2022\/11\/spring-loja-livro-27-1.jpg\" \/>\n\t<meta property=\"og:image:width\" content=\"1000\" \/>\n\t<meta property=\"og:image:height\" content=\"1000\" \/>\n\t<meta property=\"og:image:type\" content=\"image\/jpeg\" \/>\n<meta name=\"twitter:card\" content=\"summary_large_image\" \/>\n<meta name=\"twitter:label1\" content=\"\u63a8\u5b9a\u8aad\u307f\u53d6\u308a\u6642\u9593\" \/>\n\t<meta name=\"twitter:data1\" content=\"2\u5206\" \/>\n<script type=\"application\/ld+json\" class=\"yoast-schema-graph\">{\"@context\":\"https:\/\/schema.org\",\"@graph\":[{\"@type\":\"WebPage\",\"@id\":\"https:\/\/loja.springschool.me\/ja\/product\/gestao-facil-oseias-gomes\/\",\"url\":\"https:\/\/loja.springschool.me\/ja\/product\/gestao-facil-oseias-gomes\/\",\"name\":\"Gest\u00e3o F\u00e1cil (Os\u00e9ias Gomes) - Spring School - Loja Virtual\",\"isPartOf\":{\"@id\":\"https:\/\/loja.springschool.me\/#website\"},\"datePublished\":\"2022-11-30T16:12:28+00:00\",\"dateModified\":\"2023-02-03T16:40:48+00:00\",\"description\":\"Embora existam diversos perfis de empres\u00e1rios, h\u00e1 uma caracter\u00edstica comum a todos: eles n\u00e3o dormem! Isso se deve a muitos fatores: barreiras burocr\u00e1ticas, equipes desalinhadas, dificuldades financeiras, press\u00e3o por inovar rapidamente etc...\",\"breadcrumb\":{\"@id\":\"https:\/\/loja.springschool.me\/ja\/product\/gestao-facil-oseias-gomes\/#breadcrumb\"},\"inLanguage\":\"ja\",\"potentialAction\":[{\"@type\":\"ReadAction\",\"target\":[\"https:\/\/loja.springschool.me\/ja\/product\/gestao-facil-oseias-gomes\/\"]}]},{\"@type\":\"BreadcrumbList\",\"@id\":\"https:\/\/loja.springschool.me\/ja\/product\/gestao-facil-oseias-gomes\/#breadcrumb\",\"itemListElement\":[{\"@type\":\"ListItem\",\"position\":1,\"name\":\"In\u00edcio\",\"item\":\"https:\/\/loja.springschool.me\/\"},{\"@type\":\"ListItem\",\"position\":2,\"name\":\"Shop\",\"item\":\"https:\/\/loja.springschool.me\/shop\/\"},{\"@type\":\"ListItem\",\"position\":3,\"name\":\"Gest\u00e3o F\u00e1cil (Os\u00e9ias Gomes)\"}]},{\"@type\":\"WebSite\",\"@id\":\"https:\/\/loja.springschool.me\/#website\",\"url\":\"https:\/\/loja.springschool.me\/\",\"name\":\"Spring School - Loja Virtual\",\"description\":\"Just another WordPress site\",\"potentialAction\":[{\"@type\":\"SearchAction\",\"target\":{\"@type\":\"EntryPoint\",\"urlTemplate\":\"https:\/\/loja.springschool.me\/?s={search_term_string}\"},\"query-input\":\"required name=search_term_string\"}],\"inLanguage\":\"ja\"}]}<\/script>\n<!-- \/ Yoast SEO plugin. -->","yoast_head_json":{"title":"Gest\u00e3o F\u00e1cil (Os\u00e9ias Gomes) - Spring School - Loja Virtual","description":"Embora existam diversos perfis de empres\u00e1rios, h\u00e1 uma caracter\u00edstica comum a todos: eles n\u00e3o dormem! Isso se deve a muitos fatores: barreiras burocr\u00e1ticas, equipes desalinhadas, dificuldades financeiras, press\u00e3o por inovar rapidamente etc...","robots":{"index":"index","follow":"follow","max-snippet":"max-snippet:-1","max-image-preview":"max-image-preview:large","max-video-preview":"max-video-preview:-1"},"canonical":"https:\/\/loja.springschool.me\/ja\/product\/gestao-facil-oseias-gomes\/","og_locale":"ja_JP","og_type":"article","og_title":"Gest\u00e3o F\u00e1cil (Os\u00e9ias Gomes) - Spring School - Loja Virtual","og_description":"Embora existam diversos perfis de empres\u00e1rios, h\u00e1 uma caracter\u00edstica comum a todos: eles n\u00e3o dormem! Isso se deve a muitos fatores: barreiras burocr\u00e1ticas, equipes desalinhadas, dificuldades financeiras, press\u00e3o por inovar rapidamente etc...","og_url":"https:\/\/loja.springschool.me\/ja\/product\/gestao-facil-oseias-gomes\/","og_site_name":"Spring School - Loja Virtual","article_modified_time":"2023-02-03T16:40:48+00:00","og_image":[{"width":1000,"height":1000,"url":"https:\/\/loja.springschool.me\/wp-content\/uploads\/2022\/11\/spring-loja-livro-27-1.jpg","type":"image\/jpeg"}],"twitter_card":"summary_large_image","twitter_misc":{"\u63a8\u5b9a\u8aad\u307f\u53d6\u308a\u6642\u9593":"2\u5206"},"schema":{"@context":"https:\/\/schema.org","@graph":[{"@type":"WebPage","@id":"https:\/\/loja.springschool.me\/ja\/product\/gestao-facil-oseias-gomes\/","url":"https:\/\/loja.springschool.me\/ja\/product\/gestao-facil-oseias-gomes\/","name":"Gest\u00e3o F\u00e1cil (Os\u00e9ias Gomes) - Spring School - Loja Virtual","isPartOf":{"@id":"https:\/\/loja.springschool.me\/#website"},"datePublished":"2022-11-30T16:12:28+00:00","dateModified":"2023-02-03T16:40:48+00:00","description":"Embora existam diversos perfis de empres\u00e1rios, h\u00e1 uma caracter\u00edstica comum a todos: eles n\u00e3o dormem! Isso se deve a muitos fatores: barreiras burocr\u00e1ticas, equipes desalinhadas, dificuldades financeiras, press\u00e3o por inovar rapidamente etc...","breadcrumb":{"@id":"https:\/\/loja.springschool.me\/ja\/product\/gestao-facil-oseias-gomes\/#breadcrumb"},"inLanguage":"ja","potentialAction":[{"@type":"ReadAction","target":["https:\/\/loja.springschool.me\/ja\/product\/gestao-facil-oseias-gomes\/"]}]},{"@type":"BreadcrumbList","@id":"https:\/\/loja.springschool.me\/ja\/product\/gestao-facil-oseias-gomes\/#breadcrumb","itemListElement":[{"@type":"ListItem","position":1,"name":"In\u00edcio","item":"https:\/\/loja.springschool.me\/"},{"@type":"ListItem","position":2,"name":"Shop","item":"https:\/\/loja.springschool.me\/shop\/"},{"@type":"ListItem","position":3,"name":"Gest\u00e3o F\u00e1cil (Os\u00e9ias Gomes)"}]},{"@type":"WebSite","@id":"https:\/\/loja.springschool.me\/#website","url":"https:\/\/loja.springschool.me\/","name":"Spring School - Loja Virtual","description":"Just another WordPress site","potentialAction":[{"@type":"SearchAction","target":{"@type":"EntryPoint","urlTemplate":"https:\/\/loja.springschool.me\/?s={search_term_string}"},"query-input":"required name=search_term_string"}],"inLanguage":"ja"}]}},"_links":{"self":[{"href":"https:\/\/loja.springschool.me\/ja\/wp-json\/wp\/v2\/product\/564"}],"collection":[{"href":"https:\/\/loja.springschool.me\/ja\/wp-json\/wp\/v2\/product"}],"about":[{"href":"https:\/\/loja.springschool.me\/ja\/wp-json\/wp\/v2\/types\/product"}],"version-history":[{"count":2,"href":"https:\/\/loja.springschool.me\/ja\/wp-json\/wp\/v2\/product\/564\/revisions"}],"predecessor-version":[{"id":1302,"href":"https:\/\/loja.springschool.me\/ja\/wp-json\/wp\/v2\/product\/564\/revisions\/1302"}],"wp:featuredmedia":[{"embeddable":true,"href":"https:\/\/loja.springschool.me\/ja\/wp-json\/wp\/v2\/media\/606"}],"wp:attachment":[{"href":"https:\/\/loja.springschool.me\/ja\/wp-json\/wp\/v2\/media?parent=564"}],"wp:term":[{"taxonomy":"product_cat","embeddable":true,"href":"https:\/\/loja.springschool.me\/ja\/wp-json\/wp\/v2\/product_cat?post=564"},{"taxonomy":"product_tag","embeddable":true,"href":"https:\/\/loja.springschool.me\/ja\/wp-json\/wp\/v2\/product_tag?post=564"}],"curies":[{"name":"wp","href":"https:\/\/api.w.org\/{rel}","templated":true}]}}