{"id":561,"date":"2022-11-30T16:09:13","date_gmt":"2022-11-30T16:09:13","guid":{"rendered":"https:\/\/loja.springschool.me\/?post_type=product&#038;p=561"},"modified":"2024-06-24T17:04:33","modified_gmt":"2024-06-24T17:04:33","slug":"faca-suas-proprias-leis-sam-jolen","status":"publish","type":"product","link":"https:\/\/loja.springschool.me\/ja\/product\/faca-suas-proprias-leis-sam-jolen\/","title":{"rendered":"\u81ea\u5206\u306e\u6cd5\u5f8b\u3092\u4f5c\u308d\u3046 (\u30b5\u30e0\u30fb\u30b8\u30e7\u30ec\u30f3)"},"content":{"rendered":"<p>\u6210\u529f\u3068\u306f\uff1f\u5922\u3092\u73fe\u5b9f\u306b\u5909\u3048\u308b\u65b9\u6cd5\u306f\uff1f\u81ea\u5df1\u7834\u58ca\u304b\u3089\u3042\u306a\u305f\u306e\u4eba\u751f\u3092\u5b88\u308b\u65b9\u6cd5\u306f\uff1f\u7406\u8ad6\u4e0a\u306f\u3084\u308b\u3079\u304d\u3053\u3068\u306f\u3059\u3079\u3066\u308f\u304b\u3063\u3066\u3044\u307e\u3059\u304c\u3001\u305d\u308c\u3092\u5b9f\u8df5\u3059\u308b\u3068\u306a\u308b\u3068\u3001\u76ee\u306e\u524d\u306b\u6df1\u6df5\u304c\u958b\u3044\u3066\u3044\u308b\u3088\u3046\u306a\u3082\u306e\u3067\u3059\u3002\u79c1\u305f\u3061\u306e\u5922\u3084\u8a08\u753b\u306f\u9054\u6210\u4e0d\u53ef\u80fd\u306b\u601d\u3048\u3001\u81ea\u5206\u306e\u53ef\u80fd\u6027\u3092\u3059\u3079\u3066\u77e5\u3063\u3066\u3044\u3066\u3082\u3001\u7d4c\u9a13\u3057\u305f\u3044\u5909\u5316\u306b\u5411\u3051\u3066\u6b63\u3057\u3044\u30b9\u30c6\u30c3\u30d7\u3092\u8e0f\u3080\u65b9\u6cd5\u304c\u308f\u304b\u308a\u307e\u305b\u3093.\u3042\u306a\u305f\u306e\u4eba\u751f\u306b\u304a\u3051\u308b\u3053\u308c\u3089\u304a\u3088\u3073\u4ed6\u306e\u5236\u9650\u3092\u53d6\u308a\u9664\u304f\u305f\u3081\u306b\u3001\u30e9\u30c6\u30f3\u30a2\u30e1\u30ea\u30ab\u306e\u4eba\u9593\u958b\u767a\u5e02\u5834\u3067\u6700\u3082\u91cd\u8981\u306a\u540d\u524d\u306e1\u3064\u3067\u3042\u308b\u30b5\u30e0\u30fb\u30b8\u30e7\u30ec\u30f3\u306f\u3001\u3042\u306a\u305f\u3092\u81ea\u5df1\u9769\u547d\u306b\u62db\u5f85\u3057\u307e\u3059.\u5f7c\u306f\u3001\u5931\u6557\u306f\u5fc3\u306e\u72b6\u614b\u3067\u3042\u308a\u3001\u6210\u529f\u306f\u884c\u52d5\u306e\u72b6\u614b\u3067\u3042\u308b\u3053\u3068\u3092\u793a\u3057\u307e\u3059\u3002\u4fe1\u3058\u308b\u3088\u3046\u306b\u6761\u4ef6\u4ed8\u3051\u3089\u308c\u3066\u304d\u305f\u76ee\u306b\u898b\u3048\u306a\u3044\u898f\u5247\u3084\u5236\u9650\u306b\u7591\u554f\u3092\u6301\u3061\u3001\u4eba\u751f\u3067\u3084\u308a\u305f\u3044\u3053\u3068\u3092\u4f55\u3067\u3082\u9054\u6210\u3067\u304d\u308b\u3088\u3046\u306b\u306a\u308a\u307e\u3059\u3002\u81ea\u5206\u306e\u6b74\u53f2\u306b\u9769\u547d\u3092\u8d77\u3053\u3059\u3002\u81ea\u5206\u306e\u5fc3\u3092\u30b3\u30f3\u30c8\u30ed\u30fc\u30eb\u3057\u3001\u305d\u308c\u304c\u3069\u306e\u3088\u3046\u306b\u6a5f\u80fd\u3059\u308b\u306e\u304b\u3001\u306a\u305c\u30cd\u30ac\u30c6\u30a3\u30d6\u306a\u30d1\u30bf\u30fc\u30f3\u3084\u81ea\u5df1\u7834\u58ca\u306b\u9665\u3063\u3066\u3057\u307e\u3046\u306e\u304b\u3092\u7406\u89e3\u3057\u3066\u304f\u3060\u3055\u3044\u3002\u3042\u306a\u305f\u306e\u4eba\u751f\u306e\u9818\u57df\u306e\u30d0\u30e9\u30f3\u30b9\u3092\u53d6\u308a\u3001\u4e26\u5916\u308c\u305f\u7d50\u679c\u3092\u9054\u6210\u3057\u3066\u304f\u3060\u3055\u3044\u3002\u81ea\u4fe1\u3092\u5f37\u5316\u3057\u3001\u6050\u6016\u3084\u4e0d\u5b89\u304b\u3089\u8eab\u3092\u5b88\u308a\u307e\u3059\u3002\u72ec\u81ea\u306e\u6cd5\u5f8b\u3092\u4f5c\u6210\u3057\u3001\u81ea\u5206\u306e\u4eba\u751f\u3067\u3084\u308a\u305f\u3044\u3053\u3068\u3092\u884c\u3044\u307e\u3059\u3002\u3042\u306a\u305f\u304b\u3089\u4e16\u754c\u3092\u5909\u3048\u3088\u3046\uff01\u5185\u5074\u304b\u3089\u9769\u547d\uff01<\/p>","protected":false},"excerpt":{"rendered":"<p>\u3053\u306e\u672c\u3067\u306f\u3001\u3042\u306a\u305f\u81ea\u8eab\u306e\u6b74\u53f2\u306b\u9769\u547d\u3092\u8d77\u3053\u3059\u65b9\u6cd5\u3092\u5b66\u3073\u307e\u3059\u3002\u81ea\u5206\u306e\u5fc3\u3092\u30b3\u30f3\u30c8\u30ed\u30fc\u30eb\u3057\u3001\u305d\u308c\u304c\u3069\u306e\u3088\u3046\u306b\u6a5f\u80fd\u3059\u308b\u306e\u304b\u3001\u306a\u305c\u30cd\u30ac\u30c6\u30a3\u30d6\u306a\u30d1\u30bf\u30fc\u30f3\u3084\u81ea\u5df1\u7834\u58ca\u306b\u9665\u3063\u3066\u3057\u307e\u3046\u306e\u304b\u3092\u7406\u89e3\u3057\u3066\u304f\u3060\u3055\u3044\u3002\u3042\u306a\u305f\u306e\u4eba\u751f\u306e\u9818\u57df\u306e\u30d0\u30e9\u30f3\u30b9\u3092\u53d6\u308a\u3001\u3068\u308a\u308f\u3051\u4e26\u5916\u308c\u305f\u7d50\u679c\u3092\u9054\u6210\u3057\u307e\u3059\u3002<\/p>","protected":false},"featured_media":605,"template":"","meta":[],"product_cat":[20],"product_tag":[],"yoast_head":"<!-- This site is optimized with the Yoast SEO plugin v20.11 - https:\/\/yoast.com\/wordpress\/plugins\/seo\/ -->\n<title>Fa\u00e7a suas pr\u00f3prias Leis (Sam Jolen) - Spring School - Loja Virtual<\/title>\n<meta name=\"description\" content=\"Fa\u00e7a suas pr\u00f3prias Leis (Sam Jolen)O que \u00e9 o sucesso? Como transformar seus sonhos em realidade? Como blindar sua vida da autossabotagem? Sabemos tudo o que precisamos fazer na teoria, mas na hora de colocar em pr\u00e1tica \u00e9 como se um abismo se abrisse diante de n\u00f3s.\" \/>\n<meta name=\"robots\" content=\"index, follow, max-snippet:-1, max-image-preview:large, max-video-preview:-1\" \/>\n<link rel=\"canonical\" href=\"https:\/\/loja.springschool.me\/ja\/product\/faca-suas-proprias-leis-sam-jolen\/\" \/>\n<meta property=\"og:locale\" content=\"ja_JP\" \/>\n<meta property=\"og:type\" content=\"article\" \/>\n<meta property=\"og:title\" content=\"Fa\u00e7a suas pr\u00f3prias Leis (Sam Jolen) - Spring School - Loja Virtual\" \/>\n<meta property=\"og:description\" content=\"Fa\u00e7a suas pr\u00f3prias Leis (Sam Jolen)O que \u00e9 o sucesso? Como transformar seus sonhos em realidade? Como blindar sua vida da autossabotagem? Sabemos tudo o que precisamos fazer na teoria, mas na hora de colocar em pr\u00e1tica \u00e9 como se um abismo se abrisse diante de n\u00f3s.\" \/>\n<meta property=\"og:url\" content=\"https:\/\/loja.springschool.me\/ja\/product\/faca-suas-proprias-leis-sam-jolen\/\" \/>\n<meta property=\"og:site_name\" content=\"Spring School - Loja Virtual\" \/>\n<meta property=\"article:modified_time\" content=\"2024-06-24T17:04:33+00:00\" \/>\n<meta property=\"og:image\" content=\"https:\/\/loja.springschool.me\/wp-content\/uploads\/2022\/11\/spring-loja-livro-26-1.jpg\" \/>\n\t<meta property=\"og:image:width\" content=\"1000\" \/>\n\t<meta property=\"og:image:height\" content=\"1000\" \/>\n\t<meta property=\"og:image:type\" content=\"image\/jpeg\" \/>\n<meta name=\"twitter:card\" content=\"summary_large_image\" \/>\n<meta name=\"twitter:label1\" content=\"\u63a8\u5b9a\u8aad\u307f\u53d6\u308a\u6642\u9593\" \/>\n\t<meta name=\"twitter:data1\" content=\"2\u5206\" \/>\n<script type=\"application\/ld+json\" class=\"yoast-schema-graph\">{\"@context\":\"https:\/\/schema.org\",\"@graph\":[{\"@type\":\"WebPage\",\"@id\":\"https:\/\/loja.springschool.me\/en\/product\/faca-suas-proprias-leis-sam-jolen\/\",\"url\":\"https:\/\/loja.springschool.me\/en\/product\/faca-suas-proprias-leis-sam-jolen\/\",\"name\":\"Fa\u00e7a suas pr\u00f3prias Leis (Sam Jolen) - Spring School - Loja Virtual\",\"isPartOf\":{\"@id\":\"https:\/\/loja.springschool.me\/#website\"},\"datePublished\":\"2022-11-30T16:09:13+00:00\",\"dateModified\":\"2024-06-24T17:04:33+00:00\",\"description\":\"Fa\u00e7a suas pr\u00f3prias Leis (Sam Jolen)O que \u00e9 o sucesso? Como transformar seus sonhos em realidade? Como blindar sua vida da autossabotagem? Sabemos tudo o que precisamos fazer na teoria, mas na hora de colocar em pr\u00e1tica \u00e9 como se um abismo se abrisse diante de n\u00f3s.\",\"breadcrumb\":{\"@id\":\"https:\/\/loja.springschool.me\/en\/product\/faca-suas-proprias-leis-sam-jolen\/#breadcrumb\"},\"inLanguage\":\"ja\",\"potentialAction\":[{\"@type\":\"ReadAction\",\"target\":[\"https:\/\/loja.springschool.me\/en\/product\/faca-suas-proprias-leis-sam-jolen\/\"]}]},{\"@type\":\"BreadcrumbList\",\"@id\":\"https:\/\/loja.springschool.me\/en\/product\/faca-suas-proprias-leis-sam-jolen\/#breadcrumb\",\"itemListElement\":[{\"@type\":\"ListItem\",\"position\":1,\"name\":\"In\u00edcio\",\"item\":\"https:\/\/loja.springschool.me\/\"},{\"@type\":\"ListItem\",\"position\":2,\"name\":\"Shop\",\"item\":\"https:\/\/loja.springschool.me\/shop\/\"},{\"@type\":\"ListItem\",\"position\":3,\"name\":\"Fa\u00e7a suas pr\u00f3prias Leis (Sam Jolen)\"}]},{\"@type\":\"WebSite\",\"@id\":\"https:\/\/loja.springschool.me\/#website\",\"url\":\"https:\/\/loja.springschool.me\/\",\"name\":\"Spring School - Loja Virtual\",\"description\":\"Just another WordPress site\",\"potentialAction\":[{\"@type\":\"SearchAction\",\"target\":{\"@type\":\"EntryPoint\",\"urlTemplate\":\"https:\/\/loja.springschool.me\/?s={search_term_string}\"},\"query-input\":\"required name=search_term_string\"}],\"inLanguage\":\"ja\"}]}<\/script>\n<!-- \/ Yoast SEO plugin. -->","yoast_head_json":{"title":"Fa\u00e7a suas pr\u00f3prias Leis (Sam Jolen) - Spring School - Loja Virtual","description":"Fa\u00e7a suas pr\u00f3prias Leis (Sam Jolen)O que \u00e9 o sucesso? Como transformar seus sonhos em realidade? Como blindar sua vida da autossabotagem? Sabemos tudo o que precisamos fazer na teoria, mas na hora de colocar em pr\u00e1tica \u00e9 como se um abismo se abrisse diante de n\u00f3s.","robots":{"index":"index","follow":"follow","max-snippet":"max-snippet:-1","max-image-preview":"max-image-preview:large","max-video-preview":"max-video-preview:-1"},"canonical":"https:\/\/loja.springschool.me\/ja\/product\/faca-suas-proprias-leis-sam-jolen\/","og_locale":"ja_JP","og_type":"article","og_title":"Fa\u00e7a suas pr\u00f3prias Leis (Sam Jolen) - Spring School - Loja Virtual","og_description":"Fa\u00e7a suas pr\u00f3prias Leis (Sam Jolen)O que \u00e9 o sucesso? Como transformar seus sonhos em realidade? Como blindar sua vida da autossabotagem? Sabemos tudo o que precisamos fazer na teoria, mas na hora de colocar em pr\u00e1tica \u00e9 como se um abismo se abrisse diante de n\u00f3s.","og_url":"https:\/\/loja.springschool.me\/ja\/product\/faca-suas-proprias-leis-sam-jolen\/","og_site_name":"Spring School - Loja Virtual","article_modified_time":"2024-06-24T17:04:33+00:00","og_image":[{"width":1000,"height":1000,"url":"https:\/\/loja.springschool.me\/wp-content\/uploads\/2022\/11\/spring-loja-livro-26-1.jpg","type":"image\/jpeg"}],"twitter_card":"summary_large_image","twitter_misc":{"\u63a8\u5b9a\u8aad\u307f\u53d6\u308a\u6642\u9593":"2\u5206"},"schema":{"@context":"https:\/\/schema.org","@graph":[{"@type":"WebPage","@id":"https:\/\/loja.springschool.me\/en\/product\/faca-suas-proprias-leis-sam-jolen\/","url":"https:\/\/loja.springschool.me\/en\/product\/faca-suas-proprias-leis-sam-jolen\/","name":"Fa\u00e7a suas pr\u00f3prias Leis (Sam Jolen) - Spring School - Loja Virtual","isPartOf":{"@id":"https:\/\/loja.springschool.me\/#website"},"datePublished":"2022-11-30T16:09:13+00:00","dateModified":"2024-06-24T17:04:33+00:00","description":"Fa\u00e7a suas pr\u00f3prias Leis (Sam Jolen)O que \u00e9 o sucesso? Como transformar seus sonhos em realidade? Como blindar sua vida da autossabotagem? Sabemos tudo o que precisamos fazer na teoria, mas na hora de colocar em pr\u00e1tica \u00e9 como se um abismo se abrisse diante de n\u00f3s.","breadcrumb":{"@id":"https:\/\/loja.springschool.me\/en\/product\/faca-suas-proprias-leis-sam-jolen\/#breadcrumb"},"inLanguage":"ja","potentialAction":[{"@type":"ReadAction","target":["https:\/\/loja.springschool.me\/en\/product\/faca-suas-proprias-leis-sam-jolen\/"]}]},{"@type":"BreadcrumbList","@id":"https:\/\/loja.springschool.me\/en\/product\/faca-suas-proprias-leis-sam-jolen\/#breadcrumb","itemListElement":[{"@type":"ListItem","position":1,"name":"In\u00edcio","item":"https:\/\/loja.springschool.me\/"},{"@type":"ListItem","position":2,"name":"Shop","item":"https:\/\/loja.springschool.me\/shop\/"},{"@type":"ListItem","position":3,"name":"Fa\u00e7a suas pr\u00f3prias Leis (Sam Jolen)"}]},{"@type":"WebSite","@id":"https:\/\/loja.springschool.me\/#website","url":"https:\/\/loja.springschool.me\/","name":"Spring School - Loja Virtual","description":"Just another WordPress site","potentialAction":[{"@type":"SearchAction","target":{"@type":"EntryPoint","urlTemplate":"https:\/\/loja.springschool.me\/?s={search_term_string}"},"query-input":"required name=search_term_string"}],"inLanguage":"ja"}]}},"_links":{"self":[{"href":"https:\/\/loja.springschool.me\/ja\/wp-json\/wp\/v2\/product\/561"}],"collection":[{"href":"https:\/\/loja.springschool.me\/ja\/wp-json\/wp\/v2\/product"}],"about":[{"href":"https:\/\/loja.springschool.me\/ja\/wp-json\/wp\/v2\/types\/product"}],"version-history":[{"count":2,"href":"https:\/\/loja.springschool.me\/ja\/wp-json\/wp\/v2\/product\/561\/revisions"}],"predecessor-version":[{"id":1301,"href":"https:\/\/loja.springschool.me\/ja\/wp-json\/wp\/v2\/product\/561\/revisions\/1301"}],"wp:featuredmedia":[{"embeddable":true,"href":"https:\/\/loja.springschool.me\/ja\/wp-json\/wp\/v2\/media\/605"}],"wp:attachment":[{"href":"https:\/\/loja.springschool.me\/ja\/wp-json\/wp\/v2\/media?parent=561"}],"wp:term":[{"taxonomy":"product_cat","embeddable":true,"href":"https:\/\/loja.springschool.me\/ja\/wp-json\/wp\/v2\/product_cat?post=561"},{"taxonomy":"product_tag","embeddable":true,"href":"https:\/\/loja.springschool.me\/ja\/wp-json\/wp\/v2\/product_tag?post=561"}],"curies":[{"name":"wp","href":"https:\/\/api.w.org\/{rel}","templated":true}]}}