{"id":559,"date":"2022-11-30T16:05:54","date_gmt":"2022-11-30T16:05:54","guid":{"rendered":"https:\/\/loja.springschool.me\/?post_type=product&#038;p=559"},"modified":"2023-02-03T16:30:50","modified_gmt":"2023-02-03T16:30:50","slug":"espiritualidade-todo-santo-dia-andreza-caricio","status":"publish","type":"product","link":"https:\/\/loja.springschool.me\/ja\/product\/espiritualidade-todo-santo-dia-andreza-caricio\/","title":{"rendered":"\u30b9\u30d4\u30ea\u30c1\u30e5\u30a2\u30ea\u30c6\u30a3 \u2013 \u8056\u306a\u308b\u65e5\u3054\u3068 (\u30a2\u30f3\u30c9\u30ec\u30b6\u30fb\u30ab\u30ea\u30b7\u30aa)"},"content":{"rendered":"<p>PublishNews \u306e\u30d9\u30b9\u30c8\u30bb\u30e9\u30fc \u30ea\u30b9\u30c8\u3001\u4e00\u822c\u30ea\u30b9\u30c8\u3001\u304a\u3088\u3073\u30bb\u30eb\u30d5 \u30d8\u30eb\u30d7 \u30ab\u30c6\u30b4\u30ea\u3067\u7d39\u4ecb\u3055\u308c\u3066\u3044\u307e\u3059\u3002<br \/>\n\u300e\u30c8\u30c9 \u30b5\u30f3\u30c8 \u30c7\u30a3\u30a2\u300f\u306f\u3082\u306f\u3084\u3001\u5f93\u3046\u3053\u3068\u304c\u4e0d\u53ef\u80fd\u306a\u5909\u5316\u3092\u63d0\u6848\u3059\u308b\u300c\u3059\u3054\u3044\u81ea\u52a9\u300d\u672c\u3067\u306f\u3042\u308a\u307e\u305b\u3093\u3002<br \/>\nAndreza Car\u00edcio \u306f\u3001\u795e\u7d4c\u30b7\u30ca\u30d7\u30b9\u3092\u4fee\u6b63\u3057\u3066\u3001\u3088\u308a\u8c4a\u304b\u3067\u6709\u610f\u7fa9\u306a\u4eba\u751f\u3092\u9001\u308b\u305f\u3081\u306e\u5b9f\u8df5\u7684\u3067\u9069\u7528\u53ef\u80fd\u306a\u614b\u5ea6\u3092\u63d0\u6848\u3057\u3066\u3044\u307e\u3059\u3002<br \/>\n\u5f7c\u5973\u306e\u3059\u3079\u3066\u306e\u9858\u3044\u304c\u53f6\u3044\u3001\u6700\u611b\u306e\u5a18\u305f\u3061\u3001\u5f7c\u5973\u304c\u3044\u3064\u3082\u611b\u3057\u3066\u3044\u305f\u592b\u3001\u5f7c\u5973\u306e\u5922\u306e\u5bb6\u3001\u5b89\u5b9a\u3057\u305f\u6e80\u8db3\u306e\u3044\u304f\u4ed5\u4e8b\u3001\u65e5\u5e38\u751f\u6d3b\u306b\u306f\u6d88\u8017\u3068\u75b2\u52b4\u304c\u3042\u308a\u307e\u3057\u305f\u3002<br \/>\n\u5f7c\u304c\u9054\u6210\u3059\u308b\u305f\u3081\u306b\u4f55\u5e74\u3082\u6226\u3063\u305f\u3059\u3079\u3066\u3092\u7dad\u6301\u3059\u308b\u529b\u3068\u751f\u547d\u306e\u6b20\u5982\u306f\u6050\u308d\u3057\u3044\u3082\u306e\u3067\u3057\u305f.<br \/>\n\u4f5c\u5bb6\u306f\u3001\u30a8\u30cd\u30eb\u30ae\u30fc\u3068\u71b1\u610f\u306b\u6e80\u3061\u305f\u5e78\u305b\u306a\u5c11\u5973\u304c\u3001\u76ee\u3092\u8f1d\u304b\u305b\u308b\u751f\u547d\u529b\u306e\u3042\u308b\u708e\u3067\u3069\u3053\u306b\u3044\u308b\u306e\u304b\u7591\u554f\u306b\u601d\u3044\u307e\u3057\u305f.<br \/>\n\u975e\u5e38\u306b\u591a\u304f\u306e\u8cea\u554f\u306b\u76f4\u9762\u3057\u3066\u3001\u7b54\u3048\u3092\u5f97\u308b\u305f\u3081\u306e\u5909\u5316\u3092\u6c42\u3081\u3066\u5f7c\u5973\u3092\u99c6\u308a\u7acb\u3066\u305f\u6d1e\u5bdf\u304c\u751f\u307e\u308c\u307e\u3057\u305f.<br \/>\nAndreza Car\u00edcio \u306e\u4eba\u751f\u3092\u5909\u3048\u305f\u3082\u306e\u3001\u305d\u3057\u3066\u3042\u306a\u305f\u306e\u4eba\u751f\u3092\u5909\u3048\u308b\u3053\u3068\u304c\u3067\u304d\u308b\u3082\u306e\u306f\u3001Todo santo dia \u306e\u30da\u30fc\u30b8\u306b\u3082\u3042\u308a\u307e\u3059\u3002<br \/>\n\u3053\u306e\u672c\u306b\u306f\u3001\u9b54\u6cd5\u306e\u516c\u5f0f\u3084\u3001\u5b9f\u884c\u4e0d\u53ef\u80fd\u306a\u30a8\u30af\u30b5\u30b5\u30a4\u30ba \u30eb\u30fc\u30c1\u30f3\u306f\u542b\u307e\u308c\u3066\u3044\u307e\u305b\u3093\u3002<br \/>\n\u8aad\u8005\u306b\u8d08\u308a\u7269\u3068\u3057\u3066\u3082\u305f\u3089\u3055\u308c\u308b\u8c4a\u304b\u3067\u5b9f\u7528\u7684\u306a\u30b3\u30f3\u30c6\u30f3\u30c4\u306f\u3001\u65e5\u3005\u306e\u9006\u5883\u306b\u76f4\u9762\u3057\u305f\u3068\u304d\u3001\u5f37\u3044\u30a8\u30cd\u30eb\u30ae\u30fc\u3092\u6301\u3061\u3001\u5065\u5eb7\u3001\u4eba\u9593\u95a2\u4fc2\u306e\u5e78\u798f\u3001\u4eba\u751f\u306e\u3042\u3089\u3086\u308b\u9762\u3067\u306e\u7e41\u6804\u3068\u3068\u3082\u306b\u3001\u65e5\u3005\u3092\u529b\u5f37\u3044\u614b\u5ea6\u3067\u6e80\u305f\u3057\u3001\u5f37\u5316\u3059\u308b\u306e\u306b\u5f79\u7acb\u3061\u307e\u3059\u3002<br \/>\n\u3053\u306e\u30ef\u30fc\u30af\u306e\u76ee\u7684\u306f\u3001\u6bce\u65e5\u306e\u8056\u306a\u308b\u65e5\u304c\u6a5f\u4f1a\u3067\u3042\u308a\u3001\u6587\u5b57\u901a\u308a\u8d08\u308a\u7269\u3067\u3042\u308a\u3001\u65e5\u5e38\u7684\u306a\u51fa\u6765\u4e8b\u3092\u8b58\u5225\u529b\u3092\u6301\u3063\u3066\u898b\u3066\u3001\u305d\u308c\u3089\u3092\u5b66\u7fd2\u307e\u305f\u306f\u30a4\u30f3\u30b9\u30d4\u30ec\u30fc\u30b7\u30e7\u30f3\u3068\u3057\u3066\u8a55\u4fa1\u3059\u308b\u3053\u3068\u3067\u3059\u3002<br \/>\n\u5fc3\u3068\u5fc3\u3092\u65b0\u3057\u3044\u3082\u306e\u306b\u958b\u304f\u3053\u3068\u306b\u3088\u3063\u3066\u3001\u8aad\u8005\u306f\u611f\u8b1d\u3068\u601d\u3044\u3084\u308a\u3092\u6301\u3063\u3066\u93e1\u3092\u898b\u3066\u3001\u81ea\u5206\u81ea\u8eab\u306b\u554f\u3044\u304b\u3051\u308b\u3053\u3068\u304c\u3067\u304d\u307e\u3059\u3002<\/p>","protected":false},"excerpt":{"rendered":"<p>\u300c\u30c8\u30c9\u30b5\u30f3\u30c8\u30c7\u30a3\u30a2\u300d\u306f\u3082\u306f\u3084\u3001\u5f93\u3046\u3053\u3068\u304c\u4e0d\u53ef\u80fd\u306a\u5909\u5316\u3092\u63d0\u6848\u3059\u308b\u300c\u30a6\u30fc\u30d5\u30fc\u30bb\u30eb\u30d5\u30d8\u30eb\u30d7\u300d\u306e\u672c\u3067\u306f\u3042\u308a\u307e\u305b\u3093\u3002 Andreza Car\u00edcio \u306f\u3001\u795e\u7d4c\u30b7\u30ca\u30d7\u30b9\u3092\u4fee\u6b63\u3057\u3066\u3001\u3088\u308a\u8c4a\u304b\u3067\u6709\u610f\u7fa9\u306a\u4eba\u751f\u3092\u9001\u308b\u305f\u3081\u306e\u5b9f\u8df5\u7684\u3067\u9069\u7528\u53ef\u80fd\u306a\u614b\u5ea6\u3092\u63d0\u6848\u3057\u3066\u3044\u307e\u3059\u3002<\/p>","protected":false},"featured_media":604,"template":"","meta":[],"product_cat":[20],"product_tag":[],"yoast_head":"<!-- This site is optimized with the Yoast SEO plugin v20.11 - https:\/\/yoast.com\/wordpress\/plugins\/seo\/ -->\n<title>Espiritualidade - Todo Santo Dia (Andreza Caricio) - Spring School - Loja Virtual<\/title>\n<meta name=\"description\" content=\"Espiritualidade - Todo Santo Dia (Andreza Caricio) - Destaque na lista dos livros Mais Vendidos da PublishNews, na Lista Geral e na categoria Autoajuda.&quot;Todo santo dia&quot; n\u00e3o \u00e9 mais um livro de &quot;autoajuda oba-oba&quot; que prop\u00f5e mudan\u00e7as imposs\u00edveis de serem seguidas.\" \/>\n<meta name=\"robots\" content=\"index, follow, max-snippet:-1, max-image-preview:large, max-video-preview:-1\" \/>\n<link rel=\"canonical\" href=\"https:\/\/loja.springschool.me\/ja\/product\/espiritualidade-todo-santo-dia-andreza-caricio\/\" \/>\n<meta property=\"og:locale\" content=\"ja_JP\" \/>\n<meta property=\"og:type\" content=\"article\" \/>\n<meta property=\"og:title\" content=\"Espiritualidade - Todo Santo Dia (Andreza Caricio) - Spring School - Loja Virtual\" \/>\n<meta property=\"og:description\" content=\"Espiritualidade - Todo Santo Dia (Andreza Caricio) - Destaque na lista dos livros Mais Vendidos da PublishNews, na Lista Geral e na categoria Autoajuda.&quot;Todo santo dia&quot; n\u00e3o \u00e9 mais um livro de &quot;autoajuda oba-oba&quot; que prop\u00f5e mudan\u00e7as imposs\u00edveis de serem seguidas.\" \/>\n<meta property=\"og:url\" content=\"https:\/\/loja.springschool.me\/ja\/product\/espiritualidade-todo-santo-dia-andreza-caricio\/\" \/>\n<meta property=\"og:site_name\" content=\"Spring School - Loja Virtual\" \/>\n<meta property=\"article:modified_time\" content=\"2023-02-03T16:30:50+00:00\" \/>\n<meta property=\"og:image\" content=\"https:\/\/loja.springschool.me\/wp-content\/uploads\/2022\/11\/spring-loja-livro-25-1.jpg\" \/>\n\t<meta property=\"og:image:width\" content=\"1000\" \/>\n\t<meta property=\"og:image:height\" content=\"1000\" \/>\n\t<meta property=\"og:image:type\" content=\"image\/jpeg\" \/>\n<meta name=\"twitter:card\" content=\"summary_large_image\" \/>\n<meta name=\"twitter:label1\" content=\"\u63a8\u5b9a\u8aad\u307f\u53d6\u308a\u6642\u9593\" \/>\n\t<meta name=\"twitter:data1\" content=\"2\u5206\" \/>\n<script type=\"application\/ld+json\" class=\"yoast-schema-graph\">{\"@context\":\"https:\/\/schema.org\",\"@graph\":[{\"@type\":\"WebPage\",\"@id\":\"https:\/\/loja.springschool.me\/produto\/espiritualidade-todo-santo-dia-andreza-caricio\/\",\"url\":\"https:\/\/loja.springschool.me\/produto\/espiritualidade-todo-santo-dia-andreza-caricio\/\",\"name\":\"Espiritualidade - Todo Santo Dia (Andreza Caricio) - Spring School - Loja Virtual\",\"isPartOf\":{\"@id\":\"https:\/\/loja.springschool.me\/#website\"},\"datePublished\":\"2022-11-30T16:05:54+00:00\",\"dateModified\":\"2023-02-03T16:30:50+00:00\",\"description\":\"Espiritualidade - Todo Santo Dia (Andreza Caricio) - Destaque na lista dos livros Mais Vendidos da PublishNews, na Lista Geral e na categoria Autoajuda.\\\"Todo santo dia\\\" n\u00e3o \u00e9 mais um livro de \\\"autoajuda oba-oba\\\" que prop\u00f5e mudan\u00e7as imposs\u00edveis de serem seguidas.\",\"breadcrumb\":{\"@id\":\"https:\/\/loja.springschool.me\/produto\/espiritualidade-todo-santo-dia-andreza-caricio\/#breadcrumb\"},\"inLanguage\":\"ja\",\"potentialAction\":[{\"@type\":\"ReadAction\",\"target\":[\"https:\/\/loja.springschool.me\/produto\/espiritualidade-todo-santo-dia-andreza-caricio\/\"]}]},{\"@type\":\"BreadcrumbList\",\"@id\":\"https:\/\/loja.springschool.me\/produto\/espiritualidade-todo-santo-dia-andreza-caricio\/#breadcrumb\",\"itemListElement\":[{\"@type\":\"ListItem\",\"position\":1,\"name\":\"In\u00edcio\",\"item\":\"https:\/\/loja.springschool.me\/\"},{\"@type\":\"ListItem\",\"position\":2,\"name\":\"Shop\",\"item\":\"https:\/\/loja.springschool.me\/shop\/\"},{\"@type\":\"ListItem\",\"position\":3,\"name\":\"Espiritualidade &#8211; Todo Santo Dia (Andreza Caricio)\"}]},{\"@type\":\"WebSite\",\"@id\":\"https:\/\/loja.springschool.me\/#website\",\"url\":\"https:\/\/loja.springschool.me\/\",\"name\":\"Spring School - Loja Virtual\",\"description\":\"Just another WordPress site\",\"potentialAction\":[{\"@type\":\"SearchAction\",\"target\":{\"@type\":\"EntryPoint\",\"urlTemplate\":\"https:\/\/loja.springschool.me\/?s={search_term_string}\"},\"query-input\":\"required name=search_term_string\"}],\"inLanguage\":\"ja\"}]}<\/script>\n<!-- \/ Yoast SEO plugin. -->","yoast_head_json":{"title":"Espiritualidade - Todo Santo Dia (Andreza Caricio) - Spring School - Loja Virtual","description":"Espiritualidade - Todo Santo Dia (Andreza Caricio) - Destaque na lista dos livros Mais Vendidos da PublishNews, na Lista Geral e na categoria Autoajuda.\"Todo santo dia\" n\u00e3o \u00e9 mais um livro de \"autoajuda oba-oba\" que prop\u00f5e mudan\u00e7as imposs\u00edveis de serem seguidas.","robots":{"index":"index","follow":"follow","max-snippet":"max-snippet:-1","max-image-preview":"max-image-preview:large","max-video-preview":"max-video-preview:-1"},"canonical":"https:\/\/loja.springschool.me\/ja\/product\/espiritualidade-todo-santo-dia-andreza-caricio\/","og_locale":"ja_JP","og_type":"article","og_title":"Espiritualidade - Todo Santo Dia (Andreza Caricio) - Spring School - Loja Virtual","og_description":"Espiritualidade - Todo Santo Dia (Andreza Caricio) - Destaque na lista dos livros Mais Vendidos da PublishNews, na Lista Geral e na categoria Autoajuda.\"Todo santo dia\" n\u00e3o \u00e9 mais um livro de \"autoajuda oba-oba\" que prop\u00f5e mudan\u00e7as imposs\u00edveis de serem seguidas.","og_url":"https:\/\/loja.springschool.me\/ja\/product\/espiritualidade-todo-santo-dia-andreza-caricio\/","og_site_name":"Spring School - Loja Virtual","article_modified_time":"2023-02-03T16:30:50+00:00","og_image":[{"width":1000,"height":1000,"url":"https:\/\/loja.springschool.me\/wp-content\/uploads\/2022\/11\/spring-loja-livro-25-1.jpg","type":"image\/jpeg"}],"twitter_card":"summary_large_image","twitter_misc":{"\u63a8\u5b9a\u8aad\u307f\u53d6\u308a\u6642\u9593":"2\u5206"},"schema":{"@context":"https:\/\/schema.org","@graph":[{"@type":"WebPage","@id":"https:\/\/loja.springschool.me\/produto\/espiritualidade-todo-santo-dia-andreza-caricio\/","url":"https:\/\/loja.springschool.me\/produto\/espiritualidade-todo-santo-dia-andreza-caricio\/","name":"Espiritualidade - Todo Santo Dia (Andreza Caricio) - Spring School - Loja Virtual","isPartOf":{"@id":"https:\/\/loja.springschool.me\/#website"},"datePublished":"2022-11-30T16:05:54+00:00","dateModified":"2023-02-03T16:30:50+00:00","description":"Espiritualidade - Todo Santo Dia (Andreza Caricio) - Destaque na lista dos livros Mais Vendidos da PublishNews, na Lista Geral e na categoria Autoajuda.\"Todo santo dia\" n\u00e3o \u00e9 mais um livro de \"autoajuda oba-oba\" que prop\u00f5e mudan\u00e7as imposs\u00edveis de serem seguidas.","breadcrumb":{"@id":"https:\/\/loja.springschool.me\/produto\/espiritualidade-todo-santo-dia-andreza-caricio\/#breadcrumb"},"inLanguage":"ja","potentialAction":[{"@type":"ReadAction","target":["https:\/\/loja.springschool.me\/produto\/espiritualidade-todo-santo-dia-andreza-caricio\/"]}]},{"@type":"BreadcrumbList","@id":"https:\/\/loja.springschool.me\/produto\/espiritualidade-todo-santo-dia-andreza-caricio\/#breadcrumb","itemListElement":[{"@type":"ListItem","position":1,"name":"In\u00edcio","item":"https:\/\/loja.springschool.me\/"},{"@type":"ListItem","position":2,"name":"Shop","item":"https:\/\/loja.springschool.me\/shop\/"},{"@type":"ListItem","position":3,"name":"Espiritualidade &#8211; Todo Santo Dia (Andreza Caricio)"}]},{"@type":"WebSite","@id":"https:\/\/loja.springschool.me\/#website","url":"https:\/\/loja.springschool.me\/","name":"Spring School - Loja Virtual","description":"Just another WordPress site","potentialAction":[{"@type":"SearchAction","target":{"@type":"EntryPoint","urlTemplate":"https:\/\/loja.springschool.me\/?s={search_term_string}"},"query-input":"required name=search_term_string"}],"inLanguage":"ja"}]}},"_links":{"self":[{"href":"https:\/\/loja.springschool.me\/ja\/wp-json\/wp\/v2\/product\/559"}],"collection":[{"href":"https:\/\/loja.springschool.me\/ja\/wp-json\/wp\/v2\/product"}],"about":[{"href":"https:\/\/loja.springschool.me\/ja\/wp-json\/wp\/v2\/types\/product"}],"version-history":[{"count":3,"href":"https:\/\/loja.springschool.me\/ja\/wp-json\/wp\/v2\/product\/559\/revisions"}],"predecessor-version":[{"id":1300,"href":"https:\/\/loja.springschool.me\/ja\/wp-json\/wp\/v2\/product\/559\/revisions\/1300"}],"wp:featuredmedia":[{"embeddable":true,"href":"https:\/\/loja.springschool.me\/ja\/wp-json\/wp\/v2\/media\/604"}],"wp:attachment":[{"href":"https:\/\/loja.springschool.me\/ja\/wp-json\/wp\/v2\/media?parent=559"}],"wp:term":[{"taxonomy":"product_cat","embeddable":true,"href":"https:\/\/loja.springschool.me\/ja\/wp-json\/wp\/v2\/product_cat?post=559"},{"taxonomy":"product_tag","embeddable":true,"href":"https:\/\/loja.springschool.me\/ja\/wp-json\/wp\/v2\/product_tag?post=559"}],"curies":[{"name":"wp","href":"https:\/\/api.w.org\/{rel}","templated":true}]}}