{"id":553,"date":"2022-11-30T15:44:52","date_gmt":"2022-11-30T15:44:52","guid":{"rendered":"https:\/\/loja.springschool.me\/?post_type=product&#038;p=553"},"modified":"2023-02-03T16:27:14","modified_gmt":"2023-02-03T16:27:14","slug":"biblia-sagrada-king-james","status":"publish","type":"product","link":"https:\/\/loja.springschool.me\/ja\/product\/biblia-sagrada-king-james\/","title":{"rendered":"\u8056\u66f8 (\u30b8\u30a7\u30fc\u30e0\u30ba\u738b)"},"content":{"rendered":"<p>\u4f1d\u7d71\u7684\u3067\u6b74\u53f2\u7684\u306a\u6b3d\u5b9a\u8a33\u8056\u66f8\u306b\u306f\u3001\u3053\u308c\u3089\u306b\u52a0\u3048\u3066\u4ed6\u306e\u591a\u304f\u306e\u7279\u8cea\u304c\u3042\u308a\u307e\u3059\u3002\u795e\u306e\u8a00\u8449\u306e\u3053\u306e\u7ffb\u8a33\u306f\u3001\u53e4\u5178\u7684\u306a\u30a4\u30ae\u30ea\u30b9\u306e\u30a6\u30a3\u30ea\u30a2\u30e0\u30fb\u30b7\u30a7\u30a4\u30af\u30b9\u30d4\u30a2\u306b\u305d\u306e\u30eb\u30fc\u30c4\u304c\u3042\u308a\u307e\u3059\u304c\u3001\u738b\u3068\u30d7\u30ed\u30c6\u30b9\u30bf\u30f3\u30c8\u6559\u4f1a\u3068\u306e\u9593\u306e\u5bfe\u7acb\u3084\u3001\u4eba\u3005\u306b\u81ea\u5206\u306e\u8a00\u8a9e\u3067\u8056\u66f8\u3092\u4e0e\u3048\u308b\u3068\u3044\u3046\u610f\u56f3\u306b\u3082\u3042\u308a\u307e\u3059.\u30b8\u30a7\u30fc\u30e0\u30ba1\u4e16\u306f\u795e\u306e\u3053\u3068\u3070\u306e\u611b\u597d\u5bb6\u3067\u3042\u308a\u3001\u4eba\u3005\u304c\u795e\u306e\u3053\u3068\u3070\u3092\u660e\u78ba\u306b\u77e5\u308b\u5fc5\u8981\u304c\u3042\u308b\u3053\u3068\u3092\u7406\u89e3\u3057\u3066\u3044\u305f. \u3001\u3057\u304b\u3057\u3001\u5fc3\u3092\u8fbc\u3081\u3066\u3042\u304d\u3089\u3081\u307e\u3057\u305f\u3002\u5f7c\u306f 50 \u4eba\u306e\u5b66\u8005\u3092\u9078\u3073\u3001\u7ffb\u8a33\u304c\u4fe1\u983c\u3067\u304d\u308b\u3082\u306e\u306b\u306a\u308b\u3088\u3046\u306b\u5f7c\u3089\u306e\u77e5\u8b58\u3092\u78ba\u8a8d\u3057\u307e\u3057\u305f\u3002\u4eca\u65e5\u3001\u3059\u3079\u3066\u306e\u30af\u30ea\u30b9\u30c1\u30e3\u30f3\u304c\u30a2\u30af\u30bb\u30b9\u3067\u304d\u308b\u3088\u3046\u306b\u306a\u3063\u305f\u4fe1\u4ef0\u3078\u306e\u5f71\u97ff\u306b\u52a0\u3048\u3066\u3001\u56fd\u3001\u8a00\u8a9e\u3001\u304a\u3088\u3073\u8056\u66f8\u306e\u4ed6\u306e\u3044\u304f\u3064\u304b\u306e\u7ffb\u8a33\u306b\u5f71\u97ff\u3092\u4e0e\u3048\u305f\u3053\u306e\u5fe0\u5b9f\u3067\u8c4a\u5bcc\u306a\u7ffb\u8a33\u306b\u30a2\u30af\u30bb\u30b9\u3067\u304d\u307e\u3059\u3002\u6b3d\u5b9a\u8a33\u8056\u66f8\u306e\u6700\u65b0\u7248\u3092\u4eca\u3059\u3050\u5165\u624b\u3057\u3066\u3001\u8056\u66f8\u3068\u82f1\u8a9e\u306e\u7ffb\u8a33\u306e\u6b74\u53f2\u3092\u5c11\u3057\u624b\u306b\u53d6\u3063\u3066\u304f\u3060\u3055\u3044\u3002<\/p>","protected":false},"excerpt":{"rendered":"<p>\u6b3d\u5b9a\u8a33\u8056\u66f8\u306f\u3001\u6b74\u53f2\u7684\u304b\u3064\u4f1d\u7d71\u7684\u306a\u795e\u306e\u8a00\u8449\u306e\u7ffb\u8a33\u3067\u3042\u308a\u3001\u305d\u306e\u30eb\u30fc\u30c4\u306f\u53e4\u5178\u30a4\u30f3\u30b0\u30e9\u30f3\u30c9\u306b\u3042\u308a\u3001\u30d7\u30ed\u30c6\u30b9\u30bf\u30f3\u30c8\u6559\u4f1a\u3068\u738b\u306e\u9593\u306e\u5bfe\u7acb\u306b\u6839\u3056\u3057\u3066\u3044\u307e\u3059\u3002<\/p>","protected":false},"featured_media":601,"template":"","meta":[],"product_cat":[20],"product_tag":[],"yoast_head":"<!-- This site is optimized with the Yoast SEO plugin v20.11 - https:\/\/yoast.com\/wordpress\/plugins\/seo\/ -->\n<title>B\u00edblia Sagrada (King James) - Spring School - Loja Virtual<\/title>\n<meta name=\"description\" content=\"Tradicional e hist\u00f3rica, a B\u00edblia King James, possui essas al\u00e9m de muitas outras qualidades. Essa tradu\u00e7\u00e3o da palavra de Deus tem a sua raiz na Inglaterra cl\u00e1ssica, de William Shakespeare, mas tamb\u00e9m nos conflitos entre reis e igreja protestante e na inten\u00e7\u00e3o de dar ao povo a B\u00edblia em sua pr\u00f3pria l\u00edngua.\" \/>\n<meta name=\"robots\" content=\"index, follow, max-snippet:-1, max-image-preview:large, max-video-preview:-1\" \/>\n<link rel=\"canonical\" href=\"https:\/\/loja.springschool.me\/ja\/product\/biblia-sagrada-king-james\/\" \/>\n<meta property=\"og:locale\" content=\"ja_JP\" \/>\n<meta property=\"og:type\" content=\"article\" \/>\n<meta property=\"og:title\" content=\"B\u00edblia Sagrada (King James) - Spring School - Loja Virtual\" \/>\n<meta property=\"og:description\" content=\"Tradicional e hist\u00f3rica, a B\u00edblia King James, possui essas al\u00e9m de muitas outras qualidades. Essa tradu\u00e7\u00e3o da palavra de Deus tem a sua raiz na Inglaterra cl\u00e1ssica, de William Shakespeare, mas tamb\u00e9m nos conflitos entre reis e igreja protestante e na inten\u00e7\u00e3o de dar ao povo a B\u00edblia em sua pr\u00f3pria l\u00edngua.\" \/>\n<meta property=\"og:url\" content=\"https:\/\/loja.springschool.me\/ja\/product\/biblia-sagrada-king-james\/\" \/>\n<meta property=\"og:site_name\" content=\"Spring School - Loja Virtual\" \/>\n<meta property=\"article:modified_time\" content=\"2023-02-03T16:27:14+00:00\" \/>\n<meta property=\"og:image\" content=\"https:\/\/loja.springschool.me\/wp-content\/uploads\/2022\/11\/spring-loja-livro-23-1.jpg\" \/>\n\t<meta property=\"og:image:width\" content=\"1000\" \/>\n\t<meta property=\"og:image:height\" content=\"1000\" \/>\n\t<meta property=\"og:image:type\" content=\"image\/jpeg\" \/>\n<meta name=\"twitter:card\" content=\"summary_large_image\" \/>\n<meta name=\"twitter:label1\" content=\"\u63a8\u5b9a\u8aad\u307f\u53d6\u308a\u6642\u9593\" \/>\n\t<meta name=\"twitter:data1\" content=\"1\u5206\" \/>\n<script type=\"application\/ld+json\" class=\"yoast-schema-graph\">{\"@context\":\"https:\/\/schema.org\",\"@graph\":[{\"@type\":\"WebPage\",\"@id\":\"https:\/\/loja.springschool.me\/produto\/biblia-sagrada-king-james\/\",\"url\":\"https:\/\/loja.springschool.me\/produto\/biblia-sagrada-king-james\/\",\"name\":\"B\u00edblia Sagrada (King James) - Spring School - Loja Virtual\",\"isPartOf\":{\"@id\":\"https:\/\/loja.springschool.me\/#website\"},\"datePublished\":\"2022-11-30T15:44:52+00:00\",\"dateModified\":\"2023-02-03T16:27:14+00:00\",\"description\":\"Tradicional e hist\u00f3rica, a B\u00edblia King James, possui essas al\u00e9m de muitas outras qualidades. Essa tradu\u00e7\u00e3o da palavra de Deus tem a sua raiz na Inglaterra cl\u00e1ssica, de William Shakespeare, mas tamb\u00e9m nos conflitos entre reis e igreja protestante e na inten\u00e7\u00e3o de dar ao povo a B\u00edblia em sua pr\u00f3pria l\u00edngua.\",\"breadcrumb\":{\"@id\":\"https:\/\/loja.springschool.me\/produto\/biblia-sagrada-king-james\/#breadcrumb\"},\"inLanguage\":\"ja\",\"potentialAction\":[{\"@type\":\"ReadAction\",\"target\":[\"https:\/\/loja.springschool.me\/produto\/biblia-sagrada-king-james\/\"]}]},{\"@type\":\"BreadcrumbList\",\"@id\":\"https:\/\/loja.springschool.me\/produto\/biblia-sagrada-king-james\/#breadcrumb\",\"itemListElement\":[{\"@type\":\"ListItem\",\"position\":1,\"name\":\"In\u00edcio\",\"item\":\"https:\/\/loja.springschool.me\/\"},{\"@type\":\"ListItem\",\"position\":2,\"name\":\"Shop\",\"item\":\"https:\/\/loja.springschool.me\/shop\/\"},{\"@type\":\"ListItem\",\"position\":3,\"name\":\"B\u00edblia Sagrada (King James)\"}]},{\"@type\":\"WebSite\",\"@id\":\"https:\/\/loja.springschool.me\/#website\",\"url\":\"https:\/\/loja.springschool.me\/\",\"name\":\"Spring School - Loja Virtual\",\"description\":\"Just another WordPress site\",\"potentialAction\":[{\"@type\":\"SearchAction\",\"target\":{\"@type\":\"EntryPoint\",\"urlTemplate\":\"https:\/\/loja.springschool.me\/?s={search_term_string}\"},\"query-input\":\"required name=search_term_string\"}],\"inLanguage\":\"ja\"}]}<\/script>\n<!-- \/ Yoast SEO plugin. -->","yoast_head_json":{"title":"B\u00edblia Sagrada (King James) - Spring School - Loja Virtual","description":"Tradicional e hist\u00f3rica, a B\u00edblia King James, possui essas al\u00e9m de muitas outras qualidades. Essa tradu\u00e7\u00e3o da palavra de Deus tem a sua raiz na Inglaterra cl\u00e1ssica, de William Shakespeare, mas tamb\u00e9m nos conflitos entre reis e igreja protestante e na inten\u00e7\u00e3o de dar ao povo a B\u00edblia em sua pr\u00f3pria l\u00edngua.","robots":{"index":"index","follow":"follow","max-snippet":"max-snippet:-1","max-image-preview":"max-image-preview:large","max-video-preview":"max-video-preview:-1"},"canonical":"https:\/\/loja.springschool.me\/ja\/product\/biblia-sagrada-king-james\/","og_locale":"ja_JP","og_type":"article","og_title":"B\u00edblia Sagrada (King James) - Spring School - Loja Virtual","og_description":"Tradicional e hist\u00f3rica, a B\u00edblia King James, possui essas al\u00e9m de muitas outras qualidades. Essa tradu\u00e7\u00e3o da palavra de Deus tem a sua raiz na Inglaterra cl\u00e1ssica, de William Shakespeare, mas tamb\u00e9m nos conflitos entre reis e igreja protestante e na inten\u00e7\u00e3o de dar ao povo a B\u00edblia em sua pr\u00f3pria l\u00edngua.","og_url":"https:\/\/loja.springschool.me\/ja\/product\/biblia-sagrada-king-james\/","og_site_name":"Spring School - Loja Virtual","article_modified_time":"2023-02-03T16:27:14+00:00","og_image":[{"width":1000,"height":1000,"url":"https:\/\/loja.springschool.me\/wp-content\/uploads\/2022\/11\/spring-loja-livro-23-1.jpg","type":"image\/jpeg"}],"twitter_card":"summary_large_image","twitter_misc":{"\u63a8\u5b9a\u8aad\u307f\u53d6\u308a\u6642\u9593":"1\u5206"},"schema":{"@context":"https:\/\/schema.org","@graph":[{"@type":"WebPage","@id":"https:\/\/loja.springschool.me\/produto\/biblia-sagrada-king-james\/","url":"https:\/\/loja.springschool.me\/produto\/biblia-sagrada-king-james\/","name":"B\u00edblia Sagrada (King James) - Spring School - Loja Virtual","isPartOf":{"@id":"https:\/\/loja.springschool.me\/#website"},"datePublished":"2022-11-30T15:44:52+00:00","dateModified":"2023-02-03T16:27:14+00:00","description":"Tradicional e hist\u00f3rica, a B\u00edblia King James, possui essas al\u00e9m de muitas outras qualidades. Essa tradu\u00e7\u00e3o da palavra de Deus tem a sua raiz na Inglaterra cl\u00e1ssica, de William Shakespeare, mas tamb\u00e9m nos conflitos entre reis e igreja protestante e na inten\u00e7\u00e3o de dar ao povo a B\u00edblia em sua pr\u00f3pria l\u00edngua.","breadcrumb":{"@id":"https:\/\/loja.springschool.me\/produto\/biblia-sagrada-king-james\/#breadcrumb"},"inLanguage":"ja","potentialAction":[{"@type":"ReadAction","target":["https:\/\/loja.springschool.me\/produto\/biblia-sagrada-king-james\/"]}]},{"@type":"BreadcrumbList","@id":"https:\/\/loja.springschool.me\/produto\/biblia-sagrada-king-james\/#breadcrumb","itemListElement":[{"@type":"ListItem","position":1,"name":"In\u00edcio","item":"https:\/\/loja.springschool.me\/"},{"@type":"ListItem","position":2,"name":"Shop","item":"https:\/\/loja.springschool.me\/shop\/"},{"@type":"ListItem","position":3,"name":"B\u00edblia Sagrada (King James)"}]},{"@type":"WebSite","@id":"https:\/\/loja.springschool.me\/#website","url":"https:\/\/loja.springschool.me\/","name":"Spring School - Loja Virtual","description":"Just another WordPress site","potentialAction":[{"@type":"SearchAction","target":{"@type":"EntryPoint","urlTemplate":"https:\/\/loja.springschool.me\/?s={search_term_string}"},"query-input":"required name=search_term_string"}],"inLanguage":"ja"}]}},"_links":{"self":[{"href":"https:\/\/loja.springschool.me\/ja\/wp-json\/wp\/v2\/product\/553"}],"collection":[{"href":"https:\/\/loja.springschool.me\/ja\/wp-json\/wp\/v2\/product"}],"about":[{"href":"https:\/\/loja.springschool.me\/ja\/wp-json\/wp\/v2\/types\/product"}],"version-history":[{"count":2,"href":"https:\/\/loja.springschool.me\/ja\/wp-json\/wp\/v2\/product\/553\/revisions"}],"predecessor-version":[{"id":1298,"href":"https:\/\/loja.springschool.me\/ja\/wp-json\/wp\/v2\/product\/553\/revisions\/1298"}],"wp:featuredmedia":[{"embeddable":true,"href":"https:\/\/loja.springschool.me\/ja\/wp-json\/wp\/v2\/media\/601"}],"wp:attachment":[{"href":"https:\/\/loja.springschool.me\/ja\/wp-json\/wp\/v2\/media?parent=553"}],"wp:term":[{"taxonomy":"product_cat","embeddable":true,"href":"https:\/\/loja.springschool.me\/ja\/wp-json\/wp\/v2\/product_cat?post=553"},{"taxonomy":"product_tag","embeddable":true,"href":"https:\/\/loja.springschool.me\/ja\/wp-json\/wp\/v2\/product_tag?post=553"}],"curies":[{"name":"wp","href":"https:\/\/api.w.org\/{rel}","templated":true}]}}