{"id":550,"date":"2022-11-30T15:38:12","date_gmt":"2022-11-30T15:38:12","guid":{"rendered":"https:\/\/loja.springschool.me\/?post_type=product&#038;p=550"},"modified":"2023-02-03T16:17:01","modified_gmt":"2023-02-03T16:17:01","slug":"novo-mindset-novos-resultados-dr-kerry-johnson","status":"publish","type":"product","link":"https:\/\/loja.springschool.me\/ja\/product\/novo-mindset-novos-resultados-dr-kerry-johnson\/","title":{"rendered":"\u65b0\u3057\u3044\u8003\u3048\u65b9 \u65b0\u3057\u3044\u7d50\u679c (Dr.Kerry Johnson)"},"content":{"rendered":"<p>\u3053\u306e\u672c\u306f\u3001\u52b9\u679c\u7684\u306a\u8003\u3048\u65b9\u304c\u3069\u306e\u3088\u3046\u306a\u3082\u306e\u304b\u3092\u793a\u3059\u3060\u3051\u3067\u306a\u304f\u3001\u8003\u3048\u65b9\u3092\u4fee\u6b63\u3057\u3066\u9069\u5fdc\u3055\u305b\u3001\u3059\u3079\u3066\u306e\u5922\u3092\u5b9f\u73fe\u3067\u304d\u308b\u8003\u3048\u65b9\u3092\u958b\u767a\u3059\u308b\u306e\u306b\u3082\u5f79\u7acb\u3061\u307e\u3059\u3002<\/p>\n<p>\u3042\u306a\u305f\u306e\u8003\u3048\u65b9\u306f\u3001\u3042\u306a\u305f\u306e\u8003\u3048\u3001\u767a\u8a00\u3001\u884c\u52d5\u3059\u3079\u3066\u306b\u5f71\u97ff\u3092\u4e0e\u3048\u307e\u3059\u3002<\/p>\n<p>\u5e0c\u671b\u3068\u7d76\u671b\u3001\u6210\u529f\u3068\u5931\u6557\u3092\u751f\u307f\u51fa\u3057\u307e\u3059\u3002<br \/>\n\u3053\u308c\u306f\u3001\u614b\u5ea6\u3001\u7d4c\u9a13\u3001\u9054\u6210\u3092\u5b9a\u7fa9\u3059\u308b\u305f\u3081\u306b\u8133\u304c\u4f7f\u7528\u3059\u308b\u30bd\u30d5\u30c8\u30a6\u30a7\u30a2\u3067\u3059\u3002<br \/>\n\u305d\u308c\u306f\u307e\u305f\u3001\u3042\u306a\u305f\u306e\u884c\u52d5\u3092\u5f62\u4f5c\u308b\u30d5\u30a3\u30eb\u30bf\u30fc\u3067\u3082\u3042\u308a\u307e\u3059\u3002<br \/>\n\u3042\u306a\u305f\u306e\u8003\u3048\u65b9\u306f\u3001\u81ea\u5206\u306e\u5931\u6557\u3092\u4ed6\u4eba\u306e\u305b\u3044\u306b\u3057\u305f\u308a\u3001\u7d4c\u9a13\u304b\u3089\u5b66\u3070\u305b\u305f\u308a\u3057\u307e\u3059\u3002<br \/>\n\u8d77\u3053\u308b\u3059\u3079\u3066\u3092\u7406\u89e3\u3059\u308b\u306e\u306b\u5f79\u7acb\u3061\u307e\u3059\u3002<br \/>\n\u305d\u308c\u306f\u3042\u306a\u305f\u304c\u4eba\u751f\u3092\u4f53\u9a13\u3059\u308b\u30d7\u30ea\u30ba\u30e0\u3067\u3059\u3002<\/p>\n<p>\u7814\u7a76\u306b\u3088\u308b\u3068\u3001\u7d50\u679c\u5fd7\u5411\u306e\u6210\u9577\u30de\u30a4\u30f3\u30c9\u30bb\u30c3\u30c8\u3092\u6301\u3064\u4eba\u306f\u3001\u81ea\u5206\u81ea\u8eab\u3092\u5236\u9650\u3059\u308b\u3053\u3068\u3092\u9078\u629e\u3059\u308b\u4eba\u3088\u308a\u3082\u3001\u3088\u308a\u591a\u304f\u306e\u304a\u91d1\u3092\u7a3c\u304e\u3001\u3088\u308a\u5e78\u305b\u3067\u3042\u308b\u3053\u3068\u304c\u793a\u3055\u308c\u3066\u3044\u307e\u3059.\u56fa\u5b9a\u89b3\u5ff5\u3092\u6301\u3064\u4eba\u306f\u3001\u9593\u9055\u3044\u304b\u3089\u5b66\u3076\u306e\u3067\u306f\u306a\u304f\u3001\u632b\u6298\u306e\u8a00\u3044\u8a33\u3092\u3057\u307e\u3059\u3002<\/p>\n<p>\u3042\u306a\u305f\u306e\u8003\u3048\u65b9\u306f\u3001\u81ea\u4fe1\u3068\u81ea\u5df1\u898f\u5f8b\u3092\u7bc9\u304f\u306e\u306b\u5f79\u7acb\u3061\u307e\u3059\u3002<br \/>\n\u305d\u3057\u3066\u3001\u305d\u308c\u306b\u3088\u308a\u3001\u767a\u751f\u3059\u308b\u969c\u5bb3\u3084\u554f\u984c\u3092\u514b\u670d\u3057\u307e\u3059\u3002<br \/>\n\u5fc5\u8981\u306a\u306e\u306f\u3001\u7d50\u679c\u306b\u7126\u70b9\u3092\u5f53\u3066\u305f\u65b0\u3057\u3044\u8003\u3048\u65b9\u3060\u3051\u3067\u3059\u3002<\/p>\n<p>\u2022 \u65b0\u3057\u3044\u8003\u3048\u65b9\u3067\u76ee\u6a19\u3092\u9054\u6210\u3057\u307e\u3057\u3087\u3046\u3002<br \/>\n\u2022 \u7d50\u679c\u306b\u7126\u70b9\u3092\u5f53\u3066\u305f\u8003\u3048\u65b9\u3092\u4f5c\u6210\u3057\u307e\u3059\u3002<br \/>\n\u2022 \u30de\u30a4\u30f3\u30c9\u30bb\u30c3\u30c8\u304c\u3042\u306a\u305f\u306e\u8133\u3092\u3069\u306e\u3088\u3046\u306b\u5909\u3048\u308b\u304b\u3092\u767a\u898b\u3057\u3066\u304f\u3060\u3055\u3044\u3002<br \/>\n\u2022 \u512a\u308c\u305f\u30ea\u30fc\u30c0\u30fc\u304c\u76ee\u6a19\u3092\u9054\u6210\u3059\u308b\u305f\u3081\u306b\u7d50\u679c\u91cd\u8996\u306e\u8003\u3048\u65b9\u3092\u3069\u306e\u3088\u3046\u306b\u4f7f\u7528\u3057\u3066\u3044\u308b\u304b\u3092\u5b66\u3073\u307e\u3059\u3002<br \/>\n\u2022 \u5b50\u4f9b\u305f\u3061\u306b\u7d50\u679c\u91cd\u8996\u306e\u8003\u3048\u65b9\u3092\u80b2\u3066\u307e\u3059\u3002<\/p>\n<p>\u8912\u3081\u8a00\u8449:<\/p>\n<p>\u300c\u6700\u9ad8\u306e\u30de\u30a4\u30f3\u30c9\u30bb\u30c3\u30c8\u306f\u5e38\u306b\u52dd\u3064\u3002 PGA \u30c4\u30a2\u30fc\u3067\u306e 1 \u5104 4,000 \u4e07\u30c9\u30eb\u3068 1 \u5104 4,000 \u4e07\u30c9\u30eb\u306e\u53ce\u76ca\u306e\u5dee\u306f\u3001\u30de\u30a4\u30f3\u30c9\u30bb\u30c3\u30c8\u306b\u5e30\u7740\u3057\u307e\u3059\u3002\u53c2\u52a0\u3059\u308b\u3059\u3079\u3066\u306e\u30b4\u30eb\u30d5\u30a1\u30fc\u306f\u4f8b\u5916\u7684\u3067\u3059\u3002\u76ee\u7acb\u3064\u4eba\u306f\u307e\u305f\u3001\u4e26\u5916\u308c\u305f\u8003\u3048\u65b9\u3092\u6301\u3063\u3066\u3044\u307e\u3059\u3002\u65b0\u3057\u3044\u8003\u3048\u65b9\u3001\u65b0\u3057\u3044\u7d50\u679c\u3092\u304a\u52e7\u3081\u3057\u307e\u3059\u3002\u3053\u308c\u306f\u3001\u30c1\u30e3\u30f3\u30d4\u30aa\u30f3\u3092\u69cb\u7bc9\u3059\u308b\u4e0a\u3067\u6700\u3082\u91cd\u8981\u306a\u8981\u7d20\u3067\u3059\u3002\u300d<br \/>\n\u2014\u30b8\u30f3 \u30ad\u30e0\u3001PGA \u30c4\u30a2\u30fc \u30d7\u30ed\u30d5\u30a7\u30c3\u30b7\u30e7\u30ca\u30eb<\/p>\n<p>\u300c\u4e16\u754c\u6700\u9ad8\u306e\u30c6\u30cb\u30b9\u30d7\u30ec\u30fc\u30e4\u30fc\u3068\u4e00\u7dd2\u306b\u4ed5\u4e8b\u3092\u3057\u3066\u3044\u308b\u3068\u3001\u3088\u308a\u6d17\u7df4\u3055\u308c\u305f\u30de\u30a4\u30f3\u30c9\u30bb\u30c3\u30c8\u3092\u6301\u3063\u305f\u30d7\u30ec\u30fc\u30e4\u30fc\u304c\u3055\u3089\u306b\u9ad8\u3044\u30ec\u30d9\u30eb\u306b\u9054\u3057\u3066\u3044\u308b\u3053\u3068\u306b\u6c17\u3065\u304d\u307e\u3057\u305f.<br \/>\n\u5f7c\u3089\u306e\u624d\u80fd\u3088\u308a\u3082\u9ad8\u3044\u3002\u6700\u9ad8\u306e\u76ee\u6a19\u3092\u9054\u6210\u3067\u304d\u308b\u306e\u3067\u3001\u65b0\u3057\u3044\u8003\u3048\u65b9\u3001\u65b0\u3057\u3044\u7d50\u679c\u3092\u304a\u52e7\u3081\u3057\u307e\u3059\u3002\u300d<br \/>\n\u2014Robert Van&#039;t Hof\u3001\u5143 ATP \u30c8\u30c3\u30d7 20 \u30d7\u30ec\u30fc\u30e4\u30fc\u3002\u5973\u5b50\u30c6\u30cb\u30b9\u30c1\u30e3\u30f3\u30d4\u30aa\u30f3\u3001\u30ea\u30f3\u30bc\u30a4\u30fb\u30c0\u30d9\u30f3\u30dd\u30fc\u30c8\u306e\u5143\u30b3\u30fc\u30c1<\/p>","protected":false},"excerpt":{"rendered":"<p>\u300eNew Mindset, New Results\u300f\u306f\u3001\u30de\u30a4\u30f3\u30c9\u30bb\u30c3\u30c8\u304c\u4eba\u751f\u306e\u3059\u3079\u3066\u306e\u9818\u57df\u306b\u3069\u306e\u3088\u3046\u306b\u5f71\u97ff\u3059\u308b\u304b\u3001\u305d\u3057\u3066\u7d50\u679c\u91cd\u8996\u306e\u6210\u9577\u30de\u30a4\u30f3\u30c9\u30bb\u30c3\u30c8\u3092\u958b\u767a\u3059\u308b\u3053\u3068\u304c\u81ea\u4fe1\u3001\u81ea\u5df1\u898f\u5f8b\u3001\u6210\u529f\u306b\u3069\u306e\u3088\u3046\u306b\u3064\u306a\u304c\u308b\u304b\u306b\u3064\u3044\u3066\u7126\u70b9\u3092\u5f53\u3066\u305f\u672c\u3067\u3059\u3002<\/p>","protected":false},"featured_media":600,"template":"","meta":[],"product_cat":[20],"product_tag":[],"yoast_head":"<!-- This site is optimized with the Yoast SEO plugin v20.11 - https:\/\/yoast.com\/wordpress\/plugins\/seo\/ -->\n<title>Novo Mindset Novos Resultados (Dr.Kerry Johnson) - Spring School - Loja Virtual<\/title>\n<meta name=\"description\" content=\"Este livro n\u00e3o apenas mostrar\u00e1 como \u00e9 um mindset eficaz, mas tamb\u00e9m o ajudar\u00e1 a modificar e a adaptar seu mindset, desenvolvendo um que lhe possibilitar\u00e1 realizar todos os seus sonhos.\" \/>\n<meta name=\"robots\" content=\"index, follow, max-snippet:-1, max-image-preview:large, max-video-preview:-1\" \/>\n<link rel=\"canonical\" href=\"https:\/\/loja.springschool.me\/ja\/product\/novo-mindset-novos-resultados-dr-kerry-johnson\/\" \/>\n<meta property=\"og:locale\" content=\"ja_JP\" \/>\n<meta property=\"og:type\" content=\"article\" \/>\n<meta property=\"og:title\" content=\"Novo Mindset Novos Resultados (Dr.Kerry Johnson) - Spring School - Loja Virtual\" \/>\n<meta property=\"og:description\" content=\"Este livro n\u00e3o apenas mostrar\u00e1 como \u00e9 um mindset eficaz, mas tamb\u00e9m o ajudar\u00e1 a modificar e a adaptar seu mindset, desenvolvendo um que lhe possibilitar\u00e1 realizar todos os seus sonhos.\" \/>\n<meta property=\"og:url\" content=\"https:\/\/loja.springschool.me\/ja\/product\/novo-mindset-novos-resultados-dr-kerry-johnson\/\" \/>\n<meta property=\"og:site_name\" content=\"Spring School - Loja Virtual\" \/>\n<meta property=\"article:modified_time\" content=\"2023-02-03T16:17:01+00:00\" \/>\n<meta property=\"og:image\" content=\"https:\/\/loja.springschool.me\/wp-content\/uploads\/2022\/11\/spring-loja-livro-22-1.jpg\" \/>\n\t<meta property=\"og:image:width\" content=\"1000\" \/>\n\t<meta property=\"og:image:height\" content=\"1000\" \/>\n\t<meta property=\"og:image:type\" content=\"image\/jpeg\" \/>\n<meta name=\"twitter:card\" content=\"summary_large_image\" \/>\n<meta name=\"twitter:label1\" content=\"\u63a8\u5b9a\u8aad\u307f\u53d6\u308a\u6642\u9593\" \/>\n\t<meta name=\"twitter:data1\" content=\"2\u5206\" \/>\n<script type=\"application\/ld+json\" class=\"yoast-schema-graph\">{\"@context\":\"https:\/\/schema.org\",\"@graph\":[{\"@type\":\"WebPage\",\"@id\":\"https:\/\/loja.springschool.me\/produto\/novo-mindset-novos-resultados-dr-kerry-johnson\/\",\"url\":\"https:\/\/loja.springschool.me\/produto\/novo-mindset-novos-resultados-dr-kerry-johnson\/\",\"name\":\"Novo Mindset Novos Resultados (Dr.Kerry Johnson) - Spring School - Loja Virtual\",\"isPartOf\":{\"@id\":\"https:\/\/loja.springschool.me\/#website\"},\"datePublished\":\"2022-11-30T15:38:12+00:00\",\"dateModified\":\"2023-02-03T16:17:01+00:00\",\"description\":\"Este livro n\u00e3o apenas mostrar\u00e1 como \u00e9 um mindset eficaz, mas tamb\u00e9m o ajudar\u00e1 a modificar e a adaptar seu mindset, desenvolvendo um que lhe possibilitar\u00e1 realizar todos os seus sonhos.\",\"breadcrumb\":{\"@id\":\"https:\/\/loja.springschool.me\/produto\/novo-mindset-novos-resultados-dr-kerry-johnson\/#breadcrumb\"},\"inLanguage\":\"ja\",\"potentialAction\":[{\"@type\":\"ReadAction\",\"target\":[\"https:\/\/loja.springschool.me\/produto\/novo-mindset-novos-resultados-dr-kerry-johnson\/\"]}]},{\"@type\":\"BreadcrumbList\",\"@id\":\"https:\/\/loja.springschool.me\/produto\/novo-mindset-novos-resultados-dr-kerry-johnson\/#breadcrumb\",\"itemListElement\":[{\"@type\":\"ListItem\",\"position\":1,\"name\":\"In\u00edcio\",\"item\":\"https:\/\/loja.springschool.me\/\"},{\"@type\":\"ListItem\",\"position\":2,\"name\":\"Shop\",\"item\":\"https:\/\/loja.springschool.me\/shop\/\"},{\"@type\":\"ListItem\",\"position\":3,\"name\":\"Novo Mindset Novos Resultados (Dr.Kerry Johnson)\"}]},{\"@type\":\"WebSite\",\"@id\":\"https:\/\/loja.springschool.me\/#website\",\"url\":\"https:\/\/loja.springschool.me\/\",\"name\":\"Spring School - Loja Virtual\",\"description\":\"Just another WordPress site\",\"potentialAction\":[{\"@type\":\"SearchAction\",\"target\":{\"@type\":\"EntryPoint\",\"urlTemplate\":\"https:\/\/loja.springschool.me\/?s={search_term_string}\"},\"query-input\":\"required name=search_term_string\"}],\"inLanguage\":\"ja\"}]}<\/script>\n<!-- \/ Yoast SEO plugin. -->","yoast_head_json":{"title":"Novo Mindset Novos Resultados (Dr.Kerry Johnson) - Spring School - Loja Virtual","description":"Este livro n\u00e3o apenas mostrar\u00e1 como \u00e9 um mindset eficaz, mas tamb\u00e9m o ajudar\u00e1 a modificar e a adaptar seu mindset, desenvolvendo um que lhe possibilitar\u00e1 realizar todos os seus sonhos.","robots":{"index":"index","follow":"follow","max-snippet":"max-snippet:-1","max-image-preview":"max-image-preview:large","max-video-preview":"max-video-preview:-1"},"canonical":"https:\/\/loja.springschool.me\/ja\/product\/novo-mindset-novos-resultados-dr-kerry-johnson\/","og_locale":"ja_JP","og_type":"article","og_title":"Novo Mindset Novos Resultados (Dr.Kerry Johnson) - Spring School - Loja Virtual","og_description":"Este livro n\u00e3o apenas mostrar\u00e1 como \u00e9 um mindset eficaz, mas tamb\u00e9m o ajudar\u00e1 a modificar e a adaptar seu mindset, desenvolvendo um que lhe possibilitar\u00e1 realizar todos os seus sonhos.","og_url":"https:\/\/loja.springschool.me\/ja\/product\/novo-mindset-novos-resultados-dr-kerry-johnson\/","og_site_name":"Spring School - Loja Virtual","article_modified_time":"2023-02-03T16:17:01+00:00","og_image":[{"width":1000,"height":1000,"url":"https:\/\/loja.springschool.me\/wp-content\/uploads\/2022\/11\/spring-loja-livro-22-1.jpg","type":"image\/jpeg"}],"twitter_card":"summary_large_image","twitter_misc":{"\u63a8\u5b9a\u8aad\u307f\u53d6\u308a\u6642\u9593":"2\u5206"},"schema":{"@context":"https:\/\/schema.org","@graph":[{"@type":"WebPage","@id":"https:\/\/loja.springschool.me\/produto\/novo-mindset-novos-resultados-dr-kerry-johnson\/","url":"https:\/\/loja.springschool.me\/produto\/novo-mindset-novos-resultados-dr-kerry-johnson\/","name":"Novo Mindset Novos Resultados (Dr.Kerry Johnson) - Spring School - Loja Virtual","isPartOf":{"@id":"https:\/\/loja.springschool.me\/#website"},"datePublished":"2022-11-30T15:38:12+00:00","dateModified":"2023-02-03T16:17:01+00:00","description":"Este livro n\u00e3o apenas mostrar\u00e1 como \u00e9 um mindset eficaz, mas tamb\u00e9m o ajudar\u00e1 a modificar e a adaptar seu mindset, desenvolvendo um que lhe possibilitar\u00e1 realizar todos os seus sonhos.","breadcrumb":{"@id":"https:\/\/loja.springschool.me\/produto\/novo-mindset-novos-resultados-dr-kerry-johnson\/#breadcrumb"},"inLanguage":"ja","potentialAction":[{"@type":"ReadAction","target":["https:\/\/loja.springschool.me\/produto\/novo-mindset-novos-resultados-dr-kerry-johnson\/"]}]},{"@type":"BreadcrumbList","@id":"https:\/\/loja.springschool.me\/produto\/novo-mindset-novos-resultados-dr-kerry-johnson\/#breadcrumb","itemListElement":[{"@type":"ListItem","position":1,"name":"In\u00edcio","item":"https:\/\/loja.springschool.me\/"},{"@type":"ListItem","position":2,"name":"Shop","item":"https:\/\/loja.springschool.me\/shop\/"},{"@type":"ListItem","position":3,"name":"Novo Mindset Novos Resultados (Dr.Kerry Johnson)"}]},{"@type":"WebSite","@id":"https:\/\/loja.springschool.me\/#website","url":"https:\/\/loja.springschool.me\/","name":"Spring School - Loja Virtual","description":"Just another WordPress site","potentialAction":[{"@type":"SearchAction","target":{"@type":"EntryPoint","urlTemplate":"https:\/\/loja.springschool.me\/?s={search_term_string}"},"query-input":"required name=search_term_string"}],"inLanguage":"ja"}]}},"_links":{"self":[{"href":"https:\/\/loja.springschool.me\/ja\/wp-json\/wp\/v2\/product\/550"}],"collection":[{"href":"https:\/\/loja.springschool.me\/ja\/wp-json\/wp\/v2\/product"}],"about":[{"href":"https:\/\/loja.springschool.me\/ja\/wp-json\/wp\/v2\/types\/product"}],"version-history":[{"count":2,"href":"https:\/\/loja.springschool.me\/ja\/wp-json\/wp\/v2\/product\/550\/revisions"}],"predecessor-version":[{"id":1297,"href":"https:\/\/loja.springschool.me\/ja\/wp-json\/wp\/v2\/product\/550\/revisions\/1297"}],"wp:featuredmedia":[{"embeddable":true,"href":"https:\/\/loja.springschool.me\/ja\/wp-json\/wp\/v2\/media\/600"}],"wp:attachment":[{"href":"https:\/\/loja.springschool.me\/ja\/wp-json\/wp\/v2\/media?parent=550"}],"wp:term":[{"taxonomy":"product_cat","embeddable":true,"href":"https:\/\/loja.springschool.me\/ja\/wp-json\/wp\/v2\/product_cat?post=550"},{"taxonomy":"product_tag","embeddable":true,"href":"https:\/\/loja.springschool.me\/ja\/wp-json\/wp\/v2\/product_tag?post=550"}],"curies":[{"name":"wp","href":"https:\/\/api.w.org\/{rel}","templated":true}]}}