{"id":547,"date":"2022-11-30T15:34:56","date_gmt":"2022-11-30T15:34:56","guid":{"rendered":"https:\/\/loja.springschool.me\/?post_type=product&#038;p=547"},"modified":"2023-02-03T16:15:55","modified_gmt":"2023-02-03T16:15:55","slug":"faca-a-sua-pergunta-flavio-augusto","status":"publish","type":"product","link":"https:\/\/loja.springschool.me\/ja\/product\/faca-a-sua-pergunta-flavio-augusto\/","title":{"rendered":"\u3042\u306a\u305f\u306e\u8cea\u554f\u3092\u3057\u3066\u304f\u3060\u3055\u3044\uff01 (\u30d5\u30e9\u30d3\u30aa\u30fb\u30a2\u30a6\u30b0\u30b9\u30c8)"},"content":{"rendered":"<p>\u300c\u3053\u308c\u4ee5\u4e0a\u306e\u30b9\u30c8\u30fc\u30ea\u30fc\u3092\u898b\u9003\u3055\u306a\u3044\u3067\u304f\u3060\u3055\u3044\u3002 Instagram \u304c\u524a\u9664\u3059\u308b\u3082\u306e\u3001\u30d0\u30ba\u3059\u308b\u6295\u7a3f\u3002\u30d5\u30e9\u30f4\u30a3\u30aa\u30fb\u30a2\u30a6\u30b0\u30b9\u30c8\u30fb\u30c0\u30fb\u30b7\u30eb\u30d0\u306f\u3001\u8d77\u696d\u5bb6\u7cbe\u795e\u306b\u304a\u3051\u308b\u6700\u3082\u6709\u540d\u306a\u4eba\u7269\u306e 1 \u4eba\u3067\u3042\u308a\u3001\u30bd\u30fc\u30b7\u30e3\u30eb \u30cd\u30c3\u30c8\u30ef\u30fc\u30af\u3067\u3082\u7a4d\u6975\u7684\u306b\u767a\u8a00\u3057\u3001\u30ad\u30e3\u30ea\u30a2\u3001\u30d3\u30b8\u30cd\u30b9\u3001\u4eba\u751f\u306b\u3064\u3044\u3066\u306e\u7d20\u6674\u3089\u3057\u3044\u6559\u8a13\u3092\u5171\u6709\u3057\u3066\u3044\u307e\u3059\u3002 \u300cAsk your question!\u300d\u30b3\u30ec\u30af\u30b7\u30e7\u30f3\u304b\u3089\u306e\u3053\u306e\u672c\u3067\u306f\u3001\u6700\u9ad8\u306e\u8cea\u554f\u306b\u5bfe\u3059\u308b\u30d5\u30e9\u30f4\u30a3\u30aa \u30a2\u30a6\u30b0\u30b9\u30c8\u306e\u6700\u9ad8\u306e\u56de\u7b54\u3092\u78ba\u8a8d\u3067\u304d\u3001\u3044\u3064\u3067\u3082\u3069\u3053\u3067\u3082\u597d\u304d\u306a\u3068\u304d\u306b\u8aad\u3093\u3060\u308a\u3001\u8aad\u307f\u8fd4\u3057\u305f\u308a\u3059\u308b\u3053\u3068\u304c\u3067\u304d\u307e\u3059\u3002\u300d<\/p>","protected":false},"excerpt":{"rendered":"<p>\u300cAsk your question!\u300d\u30b3\u30ec\u30af\u30b7\u30e7\u30f3\u306e\u3053\u306e\u672c\u3067\u306f\u3001Fl\u00e1vio Augusto \u306e\u6700\u826f\u306e\u8cea\u554f\u306b\u5bfe\u3059\u308b\u6700\u826f\u306e\u56de\u7b54\u3092\u30c1\u30a7\u30c3\u30af\u3057\u3001\u3044\u3064\u3067\u3082\u3069\u3053\u3067\u3082\u597d\u304d\u306a\u3068\u304d\u306b\u8aad\u307f\u3001\u8aad\u307f\u76f4\u3059\u3053\u3068\u304c\u3067\u304d\u307e\u3059\u3002<\/p>","protected":false},"featured_media":599,"template":"","meta":[],"product_cat":[20],"product_tag":[],"yoast_head":"<!-- This site is optimized with the Yoast SEO plugin v20.11 - https:\/\/yoast.com\/wordpress\/plugins\/seo\/ -->\n<title>Fa\u00e7a a sua pergunta! (Flavio Augusto) - Spring School - Loja Virtual<\/title>\n<meta name=\"description\" content=\"Fa\u00e7a a sua pergunta! (Flavio Augusto) - N\u00e3o perca mais nenhum story. O que o Instagram apaga a Buzz publica. Fl\u00e1vio Augusto da Silva \u00e9 um dos maiores...\" \/>\n<meta name=\"robots\" content=\"index, follow, max-snippet:-1, max-image-preview:large, max-video-preview:-1\" \/>\n<link rel=\"canonical\" href=\"https:\/\/loja.springschool.me\/ja\/product\/faca-a-sua-pergunta-flavio-augusto\/\" \/>\n<meta property=\"og:locale\" content=\"ja_JP\" \/>\n<meta property=\"og:type\" content=\"article\" \/>\n<meta property=\"og:title\" content=\"Fa\u00e7a a sua pergunta! (Flavio Augusto) - Spring School - Loja Virtual\" \/>\n<meta property=\"og:description\" content=\"Fa\u00e7a a sua pergunta! (Flavio Augusto) - N\u00e3o perca mais nenhum story. O que o Instagram apaga a Buzz publica. Fl\u00e1vio Augusto da Silva \u00e9 um dos maiores...\" \/>\n<meta property=\"og:url\" content=\"https:\/\/loja.springschool.me\/ja\/product\/faca-a-sua-pergunta-flavio-augusto\/\" \/>\n<meta property=\"og:site_name\" content=\"Spring School - Loja Virtual\" \/>\n<meta property=\"article:modified_time\" content=\"2023-02-03T16:15:55+00:00\" \/>\n<meta property=\"og:image\" content=\"https:\/\/loja.springschool.me\/wp-content\/uploads\/2022\/11\/spring-loja-livro-21-1.jpg\" \/>\n\t<meta property=\"og:image:width\" content=\"1000\" \/>\n\t<meta property=\"og:image:height\" content=\"1000\" \/>\n\t<meta property=\"og:image:type\" content=\"image\/jpeg\" \/>\n<meta name=\"twitter:card\" content=\"summary_large_image\" \/>\n<meta name=\"twitter:label1\" content=\"\u63a8\u5b9a\u8aad\u307f\u53d6\u308a\u6642\u9593\" \/>\n\t<meta name=\"twitter:data1\" content=\"1\u5206\" \/>\n<script type=\"application\/ld+json\" class=\"yoast-schema-graph\">{\"@context\":\"https:\/\/schema.org\",\"@graph\":[{\"@type\":\"WebPage\",\"@id\":\"https:\/\/loja.springschool.me\/en\/product\/faca-a-sua-pergunta-flavio-augusto\/\",\"url\":\"https:\/\/loja.springschool.me\/en\/product\/faca-a-sua-pergunta-flavio-augusto\/\",\"name\":\"Fa\u00e7a a sua pergunta! (Flavio Augusto) - Spring School - Loja Virtual\",\"isPartOf\":{\"@id\":\"https:\/\/loja.springschool.me\/#website\"},\"datePublished\":\"2022-11-30T15:34:56+00:00\",\"dateModified\":\"2023-02-03T16:15:55+00:00\",\"description\":\"Fa\u00e7a a sua pergunta! (Flavio Augusto) - N\u00e3o perca mais nenhum story. O que o Instagram apaga a Buzz publica. Fl\u00e1vio Augusto da Silva \u00e9 um dos maiores...\",\"breadcrumb\":{\"@id\":\"https:\/\/loja.springschool.me\/en\/product\/faca-a-sua-pergunta-flavio-augusto\/#breadcrumb\"},\"inLanguage\":\"ja\",\"potentialAction\":[{\"@type\":\"ReadAction\",\"target\":[\"https:\/\/loja.springschool.me\/en\/product\/faca-a-sua-pergunta-flavio-augusto\/\"]}]},{\"@type\":\"BreadcrumbList\",\"@id\":\"https:\/\/loja.springschool.me\/en\/product\/faca-a-sua-pergunta-flavio-augusto\/#breadcrumb\",\"itemListElement\":[{\"@type\":\"ListItem\",\"position\":1,\"name\":\"In\u00edcio\",\"item\":\"https:\/\/loja.springschool.me\/\"},{\"@type\":\"ListItem\",\"position\":2,\"name\":\"Shop\",\"item\":\"https:\/\/loja.springschool.me\/shop\/\"},{\"@type\":\"ListItem\",\"position\":3,\"name\":\"Fa\u00e7a a sua pergunta! (Flavio Augusto)\"}]},{\"@type\":\"WebSite\",\"@id\":\"https:\/\/loja.springschool.me\/#website\",\"url\":\"https:\/\/loja.springschool.me\/\",\"name\":\"Spring School - Loja Virtual\",\"description\":\"Just another WordPress site\",\"potentialAction\":[{\"@type\":\"SearchAction\",\"target\":{\"@type\":\"EntryPoint\",\"urlTemplate\":\"https:\/\/loja.springschool.me\/?s={search_term_string}\"},\"query-input\":\"required name=search_term_string\"}],\"inLanguage\":\"ja\"}]}<\/script>\n<!-- \/ Yoast SEO plugin. -->","yoast_head_json":{"title":"Fa\u00e7a a sua pergunta! (Flavio Augusto) - Spring School - Loja Virtual","description":"Fa\u00e7a a sua pergunta! (Flavio Augusto) - N\u00e3o perca mais nenhum story. O que o Instagram apaga a Buzz publica. Fl\u00e1vio Augusto da Silva \u00e9 um dos maiores...","robots":{"index":"index","follow":"follow","max-snippet":"max-snippet:-1","max-image-preview":"max-image-preview:large","max-video-preview":"max-video-preview:-1"},"canonical":"https:\/\/loja.springschool.me\/ja\/product\/faca-a-sua-pergunta-flavio-augusto\/","og_locale":"ja_JP","og_type":"article","og_title":"Fa\u00e7a a sua pergunta! (Flavio Augusto) - Spring School - Loja Virtual","og_description":"Fa\u00e7a a sua pergunta! (Flavio Augusto) - N\u00e3o perca mais nenhum story. O que o Instagram apaga a Buzz publica. Fl\u00e1vio Augusto da Silva \u00e9 um dos maiores...","og_url":"https:\/\/loja.springschool.me\/ja\/product\/faca-a-sua-pergunta-flavio-augusto\/","og_site_name":"Spring School - Loja Virtual","article_modified_time":"2023-02-03T16:15:55+00:00","og_image":[{"width":1000,"height":1000,"url":"https:\/\/loja.springschool.me\/wp-content\/uploads\/2022\/11\/spring-loja-livro-21-1.jpg","type":"image\/jpeg"}],"twitter_card":"summary_large_image","twitter_misc":{"\u63a8\u5b9a\u8aad\u307f\u53d6\u308a\u6642\u9593":"1\u5206"},"schema":{"@context":"https:\/\/schema.org","@graph":[{"@type":"WebPage","@id":"https:\/\/loja.springschool.me\/en\/product\/faca-a-sua-pergunta-flavio-augusto\/","url":"https:\/\/loja.springschool.me\/en\/product\/faca-a-sua-pergunta-flavio-augusto\/","name":"Fa\u00e7a a sua pergunta! (Flavio Augusto) - Spring School - Loja Virtual","isPartOf":{"@id":"https:\/\/loja.springschool.me\/#website"},"datePublished":"2022-11-30T15:34:56+00:00","dateModified":"2023-02-03T16:15:55+00:00","description":"Fa\u00e7a a sua pergunta! (Flavio Augusto) - N\u00e3o perca mais nenhum story. O que o Instagram apaga a Buzz publica. Fl\u00e1vio Augusto da Silva \u00e9 um dos maiores...","breadcrumb":{"@id":"https:\/\/loja.springschool.me\/en\/product\/faca-a-sua-pergunta-flavio-augusto\/#breadcrumb"},"inLanguage":"ja","potentialAction":[{"@type":"ReadAction","target":["https:\/\/loja.springschool.me\/en\/product\/faca-a-sua-pergunta-flavio-augusto\/"]}]},{"@type":"BreadcrumbList","@id":"https:\/\/loja.springschool.me\/en\/product\/faca-a-sua-pergunta-flavio-augusto\/#breadcrumb","itemListElement":[{"@type":"ListItem","position":1,"name":"In\u00edcio","item":"https:\/\/loja.springschool.me\/"},{"@type":"ListItem","position":2,"name":"Shop","item":"https:\/\/loja.springschool.me\/shop\/"},{"@type":"ListItem","position":3,"name":"Fa\u00e7a a sua pergunta! (Flavio Augusto)"}]},{"@type":"WebSite","@id":"https:\/\/loja.springschool.me\/#website","url":"https:\/\/loja.springschool.me\/","name":"Spring School - Loja Virtual","description":"Just another WordPress site","potentialAction":[{"@type":"SearchAction","target":{"@type":"EntryPoint","urlTemplate":"https:\/\/loja.springschool.me\/?s={search_term_string}"},"query-input":"required name=search_term_string"}],"inLanguage":"ja"}]}},"_links":{"self":[{"href":"https:\/\/loja.springschool.me\/ja\/wp-json\/wp\/v2\/product\/547"}],"collection":[{"href":"https:\/\/loja.springschool.me\/ja\/wp-json\/wp\/v2\/product"}],"about":[{"href":"https:\/\/loja.springschool.me\/ja\/wp-json\/wp\/v2\/types\/product"}],"version-history":[{"count":3,"href":"https:\/\/loja.springschool.me\/ja\/wp-json\/wp\/v2\/product\/547\/revisions"}],"predecessor-version":[{"id":1295,"href":"https:\/\/loja.springschool.me\/ja\/wp-json\/wp\/v2\/product\/547\/revisions\/1295"}],"wp:featuredmedia":[{"embeddable":true,"href":"https:\/\/loja.springschool.me\/ja\/wp-json\/wp\/v2\/media\/599"}],"wp:attachment":[{"href":"https:\/\/loja.springschool.me\/ja\/wp-json\/wp\/v2\/media?parent=547"}],"wp:term":[{"taxonomy":"product_cat","embeddable":true,"href":"https:\/\/loja.springschool.me\/ja\/wp-json\/wp\/v2\/product_cat?post=547"},{"taxonomy":"product_tag","embeddable":true,"href":"https:\/\/loja.springschool.me\/ja\/wp-json\/wp\/v2\/product_tag?post=547"}],"curies":[{"name":"wp","href":"https:\/\/api.w.org\/{rel}","templated":true}]}}