{"id":544,"date":"2022-11-30T15:29:37","date_gmt":"2022-11-30T15:29:37","guid":{"rendered":"https:\/\/loja.springschool.me\/?post_type=product&#038;p=544"},"modified":"2023-02-03T16:15:15","modified_gmt":"2023-02-03T16:15:15","slug":"conquiste-a-sua-liberdade-financeira-leandro-rassier","status":"publish","type":"product","link":"https:\/\/loja.springschool.me\/ja\/product\/conquiste-a-sua-liberdade-financeira-leandro-rassier\/","title":{"rendered":"\u7d4c\u6e08\u7684\u81ea\u7531\u3092\u624b\u306b\u5165\u308c\u3088\u3046 (Leandro Rassier)"},"content":{"rendered":"<p>\u7d4c\u6e08\u7684\u81ea\u7531\u3092\u5f81\u670d\u3059\u308b\u3053\u3068\u306f\u3001\u8aad\u8005\u304c\u500b\u4eba\u7684\u8cc7\u6e90\u306e\u52b9\u679c\u7684\u306a\u7ba1\u7406\u306b\u5b9f\u969b\u306b\u8ca2\u732e\u3059\u308b\u3082\u306e\u3092\u7406\u89e3\u3059\u308b\u305f\u3081\u306b\u5fc5\u8981\u306a\u60c5\u5831\u3092\u3082\u305f\u3089\u3057\u307e\u3059\u3002\u5c06\u6765\u306e\u5229\u76ca\u3068\u5f15\u304d\u63db\u3048\u306b\u73fe\u5728\u306e\u697d\u3057\u307f\u3092\u653e\u68c4\u3057\u306a\u3051\u308c\u3070\u306a\u3089\u306a\u3044\u3068\u3044\u3046\u3053\u3068\u306f\u3001\u305d\u308c\u307b\u3069\u9b45\u529b\u7684\u306a\u6311\u6226\u3067\u306f\u3042\u308a\u307e\u305b\u3093\u304c\u3001\u30ec\u30a2\u30f3\u30c9\u30ed\u30fb\u30e9\u30c3\u30b7\u30a8\u306f\u3001\u91d1\u878d\u6559\u80b2\u306f\u3001\u3059\u3079\u3066\u306e\u4eba\u306b\u7406\u89e3\u3055\u308c\u308b\u305f\u3081\u306b\u5f62\u5f0f\u7684\u3067\u6d17\u7df4\u3055\u308c\u305f\u65b9\u6cd5\u3067\u6271\u308f\u308c\u308b\u5fc5\u8981\u306f\u306a\u3044\u3053\u3068\u3092\u793a\u3057\u3001\u8a3c\u660e\u3057\u3066\u3044\u307e\u3059\u3002\u7d4c\u8cbb\u3092\u66f8\u304d\u7559\u3081\u308b\u4ee5\u4e0a\u306b\u3001\u4eba\u3005\u306f\u304a\u91d1\u3092\u7a3c\u304e\u3001\u4f7f\u3044\u3001\u8caf\u3081\u308b\u3053\u3068\u3092\u5b66\u3076\u3053\u3068\u304c\u4e0d\u53ef\u6b20\u3067\u3059\u3002\u7d50\u5c40\u306e\u3068\u3053\u308d\u3001\u4eba\u751f\u306e\u3042\u308b\u65e5\u3001\u8ab0\u3082\u304c\u3044\u304f\u3089\u304b\u306e\u304a\u91d1\u3092\u7ba1\u7406\u3059\u308b\u5fc5\u8981\u304c\u3042\u308a\u307e\u3059\u3002<\/p>","protected":false},"excerpt":{"rendered":"<p>\u30ec\u30a2\u30f3\u30c9\u30ed\u30fb\u30e9\u30c3\u30b7\u30a8\u8457\u300c\u7d4c\u6e08\u7684\u81ea\u7531\u3092\u5f81\u670d\u3059\u308b\u300d\u3068\u3044\u3046\u672c\u306f\u3001\u91d1\u878d\u6559\u80b2\u306e\u30ac\u30a4\u30c9\u3067\u3042\u308a\u3001\u500b\u4eba\u306e\u30ea\u30bd\u30fc\u30b9\u3092\u52b9\u679c\u7684\u306b\u7ba1\u7406\u3059\u308b\u305f\u3081\u306b\u4f55\u304c\u5fc5\u8981\u304b\u3092\u8aad\u8005\u304c\u7406\u89e3\u3059\u308b\u306e\u306b\u5f79\u7acb\u3061\u307e\u3059\u3002<\/p>","protected":false},"featured_media":597,"template":"","meta":[],"product_cat":[20],"product_tag":[],"yoast_head":"<!-- This site is optimized with the Yoast SEO plugin v20.11 - https:\/\/yoast.com\/wordpress\/plugins\/seo\/ -->\n<title>Conquiste a sua Liberdade Financeira (Leandro Rassier) - Spring School - Loja Virtual<\/title>\n<meta name=\"description\" content=\"Conquiste sua liberdade financeira traz as informa\u00e7\u00f5es necess\u00e1rias para que o leitor entenda o que realmente contribui para uma administra\u00e7\u00e3o de recursos pessoais eficaz.\" \/>\n<meta name=\"robots\" content=\"index, follow, max-snippet:-1, max-image-preview:large, max-video-preview:-1\" \/>\n<link rel=\"canonical\" href=\"https:\/\/loja.springschool.me\/ja\/product\/conquiste-a-sua-liberdade-financeira-leandro-rassier\/\" \/>\n<meta property=\"og:locale\" content=\"ja_JP\" \/>\n<meta property=\"og:type\" content=\"article\" \/>\n<meta property=\"og:title\" content=\"Conquiste a sua Liberdade Financeira (Leandro Rassier) - Spring School - Loja Virtual\" \/>\n<meta property=\"og:description\" content=\"Conquiste sua liberdade financeira traz as informa\u00e7\u00f5es necess\u00e1rias para que o leitor entenda o que realmente contribui para uma administra\u00e7\u00e3o de recursos pessoais eficaz.\" \/>\n<meta property=\"og:url\" content=\"https:\/\/loja.springschool.me\/ja\/product\/conquiste-a-sua-liberdade-financeira-leandro-rassier\/\" \/>\n<meta property=\"og:site_name\" content=\"Spring School - Loja Virtual\" \/>\n<meta property=\"article:modified_time\" content=\"2023-02-03T16:15:15+00:00\" \/>\n<meta property=\"og:image\" content=\"https:\/\/loja.springschool.me\/wp-content\/uploads\/2022\/11\/spring-loja-livro-20-1.jpg\" \/>\n\t<meta property=\"og:image:width\" content=\"1000\" \/>\n\t<meta property=\"og:image:height\" content=\"1000\" \/>\n\t<meta property=\"og:image:type\" content=\"image\/jpeg\" \/>\n<meta name=\"twitter:card\" content=\"summary_large_image\" \/>\n<meta name=\"twitter:label1\" content=\"\u63a8\u5b9a\u8aad\u307f\u53d6\u308a\u6642\u9593\" \/>\n\t<meta name=\"twitter:data1\" content=\"1\u5206\" \/>\n<script type=\"application\/ld+json\" class=\"yoast-schema-graph\">{\"@context\":\"https:\/\/schema.org\",\"@graph\":[{\"@type\":\"WebPage\",\"@id\":\"https:\/\/loja.springschool.me\/ja\/product\/conquiste-a-sua-liberdade-financeira-leandro-rassier\/\",\"url\":\"https:\/\/loja.springschool.me\/ja\/product\/conquiste-a-sua-liberdade-financeira-leandro-rassier\/\",\"name\":\"Conquiste a sua Liberdade Financeira (Leandro Rassier) - Spring School - Loja Virtual\",\"isPartOf\":{\"@id\":\"https:\/\/loja.springschool.me\/#website\"},\"datePublished\":\"2022-11-30T15:29:37+00:00\",\"dateModified\":\"2023-02-03T16:15:15+00:00\",\"description\":\"Conquiste sua liberdade financeira traz as informa\u00e7\u00f5es necess\u00e1rias para que o leitor entenda o que realmente contribui para uma administra\u00e7\u00e3o de recursos pessoais eficaz.\",\"breadcrumb\":{\"@id\":\"https:\/\/loja.springschool.me\/ja\/product\/conquiste-a-sua-liberdade-financeira-leandro-rassier\/#breadcrumb\"},\"inLanguage\":\"ja\",\"potentialAction\":[{\"@type\":\"ReadAction\",\"target\":[\"https:\/\/loja.springschool.me\/ja\/product\/conquiste-a-sua-liberdade-financeira-leandro-rassier\/\"]}]},{\"@type\":\"BreadcrumbList\",\"@id\":\"https:\/\/loja.springschool.me\/ja\/product\/conquiste-a-sua-liberdade-financeira-leandro-rassier\/#breadcrumb\",\"itemListElement\":[{\"@type\":\"ListItem\",\"position\":1,\"name\":\"In\u00edcio\",\"item\":\"https:\/\/loja.springschool.me\/\"},{\"@type\":\"ListItem\",\"position\":2,\"name\":\"Shop\",\"item\":\"https:\/\/loja.springschool.me\/shop\/\"},{\"@type\":\"ListItem\",\"position\":3,\"name\":\"Conquiste a sua Liberdade Financeira (Leandro Rassier)\"}]},{\"@type\":\"WebSite\",\"@id\":\"https:\/\/loja.springschool.me\/#website\",\"url\":\"https:\/\/loja.springschool.me\/\",\"name\":\"Spring School - Loja Virtual\",\"description\":\"Just another WordPress site\",\"potentialAction\":[{\"@type\":\"SearchAction\",\"target\":{\"@type\":\"EntryPoint\",\"urlTemplate\":\"https:\/\/loja.springschool.me\/?s={search_term_string}\"},\"query-input\":\"required name=search_term_string\"}],\"inLanguage\":\"ja\"}]}<\/script>\n<!-- \/ Yoast SEO plugin. -->","yoast_head_json":{"title":"Conquiste a sua Liberdade Financeira (Leandro Rassier) - Spring School - Loja Virtual","description":"Conquiste sua liberdade financeira traz as informa\u00e7\u00f5es necess\u00e1rias para que o leitor entenda o que realmente contribui para uma administra\u00e7\u00e3o de recursos pessoais eficaz.","robots":{"index":"index","follow":"follow","max-snippet":"max-snippet:-1","max-image-preview":"max-image-preview:large","max-video-preview":"max-video-preview:-1"},"canonical":"https:\/\/loja.springschool.me\/ja\/product\/conquiste-a-sua-liberdade-financeira-leandro-rassier\/","og_locale":"ja_JP","og_type":"article","og_title":"Conquiste a sua Liberdade Financeira (Leandro Rassier) - Spring School - Loja Virtual","og_description":"Conquiste sua liberdade financeira traz as informa\u00e7\u00f5es necess\u00e1rias para que o leitor entenda o que realmente contribui para uma administra\u00e7\u00e3o de recursos pessoais eficaz.","og_url":"https:\/\/loja.springschool.me\/ja\/product\/conquiste-a-sua-liberdade-financeira-leandro-rassier\/","og_site_name":"Spring School - Loja Virtual","article_modified_time":"2023-02-03T16:15:15+00:00","og_image":[{"width":1000,"height":1000,"url":"https:\/\/loja.springschool.me\/wp-content\/uploads\/2022\/11\/spring-loja-livro-20-1.jpg","type":"image\/jpeg"}],"twitter_card":"summary_large_image","twitter_misc":{"\u63a8\u5b9a\u8aad\u307f\u53d6\u308a\u6642\u9593":"1\u5206"},"schema":{"@context":"https:\/\/schema.org","@graph":[{"@type":"WebPage","@id":"https:\/\/loja.springschool.me\/ja\/product\/conquiste-a-sua-liberdade-financeira-leandro-rassier\/","url":"https:\/\/loja.springschool.me\/ja\/product\/conquiste-a-sua-liberdade-financeira-leandro-rassier\/","name":"Conquiste a sua Liberdade Financeira (Leandro Rassier) - Spring School - Loja Virtual","isPartOf":{"@id":"https:\/\/loja.springschool.me\/#website"},"datePublished":"2022-11-30T15:29:37+00:00","dateModified":"2023-02-03T16:15:15+00:00","description":"Conquiste sua liberdade financeira traz as informa\u00e7\u00f5es necess\u00e1rias para que o leitor entenda o que realmente contribui para uma administra\u00e7\u00e3o de recursos pessoais eficaz.","breadcrumb":{"@id":"https:\/\/loja.springschool.me\/ja\/product\/conquiste-a-sua-liberdade-financeira-leandro-rassier\/#breadcrumb"},"inLanguage":"ja","potentialAction":[{"@type":"ReadAction","target":["https:\/\/loja.springschool.me\/ja\/product\/conquiste-a-sua-liberdade-financeira-leandro-rassier\/"]}]},{"@type":"BreadcrumbList","@id":"https:\/\/loja.springschool.me\/ja\/product\/conquiste-a-sua-liberdade-financeira-leandro-rassier\/#breadcrumb","itemListElement":[{"@type":"ListItem","position":1,"name":"In\u00edcio","item":"https:\/\/loja.springschool.me\/"},{"@type":"ListItem","position":2,"name":"Shop","item":"https:\/\/loja.springschool.me\/shop\/"},{"@type":"ListItem","position":3,"name":"Conquiste a sua Liberdade Financeira (Leandro Rassier)"}]},{"@type":"WebSite","@id":"https:\/\/loja.springschool.me\/#website","url":"https:\/\/loja.springschool.me\/","name":"Spring School - Loja Virtual","description":"Just another WordPress site","potentialAction":[{"@type":"SearchAction","target":{"@type":"EntryPoint","urlTemplate":"https:\/\/loja.springschool.me\/?s={search_term_string}"},"query-input":"required name=search_term_string"}],"inLanguage":"ja"}]}},"_links":{"self":[{"href":"https:\/\/loja.springschool.me\/ja\/wp-json\/wp\/v2\/product\/544"}],"collection":[{"href":"https:\/\/loja.springschool.me\/ja\/wp-json\/wp\/v2\/product"}],"about":[{"href":"https:\/\/loja.springschool.me\/ja\/wp-json\/wp\/v2\/types\/product"}],"version-history":[{"count":2,"href":"https:\/\/loja.springschool.me\/ja\/wp-json\/wp\/v2\/product\/544\/revisions"}],"predecessor-version":[{"id":1294,"href":"https:\/\/loja.springschool.me\/ja\/wp-json\/wp\/v2\/product\/544\/revisions\/1294"}],"wp:featuredmedia":[{"embeddable":true,"href":"https:\/\/loja.springschool.me\/ja\/wp-json\/wp\/v2\/media\/597"}],"wp:attachment":[{"href":"https:\/\/loja.springschool.me\/ja\/wp-json\/wp\/v2\/media?parent=544"}],"wp:term":[{"taxonomy":"product_cat","embeddable":true,"href":"https:\/\/loja.springschool.me\/ja\/wp-json\/wp\/v2\/product_cat?post=544"},{"taxonomy":"product_tag","embeddable":true,"href":"https:\/\/loja.springschool.me\/ja\/wp-json\/wp\/v2\/product_tag?post=544"}],"curies":[{"name":"wp","href":"https:\/\/api.w.org\/{rel}","templated":true}]}}