{"id":541,"date":"2022-11-30T15:26:44","date_gmt":"2022-11-30T15:26:44","guid":{"rendered":"https:\/\/loja.springschool.me\/?post_type=product&#038;p=541"},"modified":"2023-02-03T16:13:28","modified_gmt":"2023-02-03T16:13:28","slug":"va-em-frente-romi-neustadt","status":"publish","type":"product","link":"https:\/\/loja.springschool.me\/ja\/product\/va-em-frente-romi-neustadt\/","title":{"rendered":"\u9032\u3080 (\u30ed\u30df\u30fb\u30ce\u30a4\u30b7\u30e5\u30bf\u30c3\u30c8)"},"content":{"rendered":"<p>2016 \u5e74\u5ea6\u6700\u512a\u79c0\u30a4\u30f3\u30c7\u30a3\u30da\u30f3\u30c7\u30f3\u30c8 \u30ce\u30f3\u30d5\u30a3\u30af\u30b7\u30e7\u30f3\u66f8\u7c4d\u8cde\u3092\u53d7\u8cde\u3002<\/p>\n<p>\u53ce\u76ca\u6027\u306e\u9ad8\u3044\u30cd\u30c3\u30c8\u30ef\u30fc\u30af \u30de\u30fc\u30b1\u30c6\u30a3\u30f3\u30b0 \u30d3\u30b8\u30cd\u30b9\u3092\u69cb\u7bc9\u3059\u308b\u305f\u3081\u306e\u660e\u78ba\u3067\u5408\u7406\u7684\u306a\u8a08\u753b\u3002<\/p>\n<p>\u8ca9\u58f2\u30d3\u30b8\u30cd\u30b9\u3092\u6210\u529f\u3055\u305b\u308b\u306b\u306f\u3001\u5358\u306b\u30d3\u30b8\u30cd\u30b9\u3092\u958b\u767a\u3059\u308b\u3060\u3051\u3067\u306f\u3042\u308a\u307e\u305b\u3093\u3002\u305d\u308c\u306f\u3042\u306a\u305f\u306e\u6210\u9577\u306b\u95a2\u4fc2\u3057\u3066\u3044\u307e\u3059\u3002<\/p>\n<p>\u30ed\u30df\u30fb\u30ce\u30a4\u30b7\u30e5\u30bf\u30c3\u30c8\u306f\u3001\u4ed5\u4e8b\u3068\u5bb6\u65cf\u306e\u9593\u3067\u81ea\u5206\u3092\u5206\u3051\u308b\u3053\u3068\u306b\u3046\u3093\u3056\u308a\u3057\u3001\u30ad\u30e3\u30ea\u30a2\u3092\u653e\u68c4\u3057\u3001\u30cd\u30c3\u30c8\u30ef\u30fc\u30af \u30de\u30fc\u30b1\u30c6\u30a3\u30f3\u30b0\u306b\u6295\u8cc7\u3059\u308b\u3053\u3068\u3092\u6c7a\u610f\u3057\u307e\u3057\u305f\u3002<\/p>\n<p>3 \u5e74\u3082\u7d4c\u305f\u306a\u3044\u3046\u3061\u306b\u3001\u5f7c\u306f\u601d\u3063\u3066\u3044\u305f\u3088\u308a\u3082\u306f\u308b\u304b\u306b\u9ad8\u3044\u7d66\u6599\u306b\u52a0\u3048\u3066\u3001\u81ea\u5206\u306e\u4eba\u751f\u3092\u8a08\u753b\u3059\u308b\u81ea\u7531\u3092\u624b\u306b\u5165\u308c\u307e\u3057\u305f\u3002<\/p>\n<p>\u3053\u306e\u672c\u306e\u4e2d\u3067\u5f7c\u5973\u306f\u3001\u79c1\u305f\u3061\u306e\u6210\u9577\u3092\u59a8\u3052\u308b\u9650\u5b9a\u7684\u306a\u4fe1\u5ff5\u3084\u8a00\u3044\u8a33\u3092\u6368\u3066\u3001\u30dd\u30b8\u30c6\u30a3\u30d6\u306a\u8003\u3048\u65b9\u3092\u53d6\u308a\u5165\u308c\u308b\u65b9\u6cd5\u3092\u6559\u3048\u3066\u3044\u307e\u3059\u3002<\/p>\n<p>\u300c\u53ce\u76ca\u6027\u306e\u9ad8\u3044\u30d3\u30b8\u30cd\u30b9\u3092\u69cb\u7bc9\u3059\u308b\u305f\u3081\u306b\u5fc5\u8981\u306a\u30b9\u30ad\u30eb\u3092\u6559\u3048\u307e\u3059\u3002\u57fa\u672c\u7684\u306a\u8003\u3048\u65b9\u3092\u7b56\u5b9a\u3057\u3001\u53ce\u76ca\u6d3b\u52d5\u3092\u52b9\u7387\u7684\u306b\u5b9f\u884c\u3059\u308b\u65b9\u6cd5\u3092\u5206\u6790\u3057\u307e\u3059\u3002<\/p>\n<p>\u3057\u304b\u3057\u3001\u65b0\u305f\u306a\u30ec\u30d9\u30eb\u306b\u5230\u9054\u3059\u308b\u306b\u306f\u30b9\u30ad\u30eb\u4ee5\u4e0a\u306e\u3082\u306e\u304c\u5fc5\u8981\u3067\u3059\u3002\u76ee\u6a19\u3092\u9054\u6210\u3059\u308b\u305f\u3081\u306b\u5fc5\u8981\u306a\u8003\u3048\u65b9\u3084\u884c\u52d5\u3092\u7406\u89e3\u3059\u308b\u3053\u3068\u3082\u91cd\u8981\u3067\u3059\u3002\u3053\u306e\u30d3\u30b8\u30cd\u30b9\u306b\u306f\u982d\u8133\u304c\u5fc5\u8981\u3067\u3059\u3002\u79c1\u304c\u3042\u306a\u305f\u306e\u982d\u8133\u3092\u523a\u6fc0\u3057\u3066\u3042\u3052\u307e\u3059\u3002<\/p>\n<p>\u3053\u3053\u3067\u79c1\u304c\u5171\u6709\u3059\u308b\u3053\u3068\u306f\u3001\u3042\u306a\u305f\u304c\u3059\u3067\u306b\u77e5\u3063\u3066\u3044\u308b\u4eba\u3005\u3084\u3053\u308c\u304b\u3089\u4f1a\u3046\u4eba\u3005\u3068\u3088\u308a\u672c\u7269\u3067\u52b9\u679c\u7684\u306a\u4f1a\u8a71\u3092\u3059\u308b\u65b9\u6cd5\u306b\u3064\u3044\u3066\u79c1\u304c\u77e5\u3063\u3066\u3044\u308b\u3059\u3079\u3066\u3067\u3059\u3002<\/p>\n<p>\u305d\u3057\u3066\u3001\u6700\u3082\u91cd\u8981\u306a\u4f1a\u8a71\u3001\u3064\u307e\u308a\u81ea\u5206\u81ea\u8eab\u3068\u306e\u4f1a\u8a71\u3092\u518d\u69cb\u6210\u3059\u308b\u3053\u3068\u306b\u3064\u3044\u3066\u3067\u3059\u3002\u300d<\/p>\n<p>\u30ed\u30df\u30fb\u30ce\u30a4\u30b7\u30e5\u30bf\u30c3\u30c8<\/p>","protected":false},"excerpt":{"rendered":"<p>\u300cV\u00e1 em Frente\u300d\u306f\u30012016 \u5e74\u306e\u6700\u512a\u79c0\u30a4\u30f3\u30c7\u30a3\u30da\u30f3\u30c7\u30f3\u30c8 \u30ce\u30f3\u30d5\u30a3\u30af\u30b7\u30e7\u30f3\u66f8\u7c4d\u8cde\u3092\u53d7\u8cde\u3057\u305f\u30ed\u30df \u30ce\u30a4\u30b7\u30e5\u30bf\u30c3\u30c8\u306b\u3088\u3063\u3066\u66f8\u304b\u308c\u305f\u672c\u3067\u3059\u3002\u3053\u306e\u672c\u306f\u3001\u30cd\u30c3\u30c8\u30ef\u30fc\u30af \u30de\u30fc\u30b1\u30c6\u30a3\u30f3\u30b0\u306e\u5206\u91ce\u3067\u53ce\u76ca\u6027\u306e\u9ad8\u3044\u30d3\u30b8\u30cd\u30b9\u3092\u7acb\u3061\u4e0a\u3052\u308b\u65b9\u6cd5\u306b\u3064\u3044\u3066\u660e\u78ba\u304b\u3064\u7387\u76f4\u306a\u898b\u89e3\u3092\u63d0\u4f9b\u3057\u307e\u3059\u3002<\/p>","protected":false},"featured_media":596,"template":"","meta":[],"product_cat":[20],"product_tag":[],"yoast_head":"<!-- This site is optimized with the Yoast SEO plugin v20.11 - https:\/\/yoast.com\/wordpress\/plugins\/seo\/ -->\n<title>V\u00e1 em frente (Romi Neustadt) - Spring School - Loja Virtual<\/title>\n<meta name=\"description\" content=\"GANHADOR DO PR\u00caMIO MELHOR LIVRO INDEPENDENTE DE N\u00c3O FIC\u00c7\u00c3O DE 2016. Um plano claro e sem enrola\u00e7\u00e3o para montar um neg\u00f3cio lucrativo de marketing de rede.\" \/>\n<meta name=\"robots\" content=\"index, follow, max-snippet:-1, max-image-preview:large, max-video-preview:-1\" \/>\n<link rel=\"canonical\" href=\"https:\/\/loja.springschool.me\/ja\/product\/va-em-frente-romi-neustadt\/\" \/>\n<meta property=\"og:locale\" content=\"ja_JP\" \/>\n<meta property=\"og:type\" content=\"article\" \/>\n<meta property=\"og:title\" content=\"V\u00e1 em frente (Romi Neustadt) - Spring School - Loja Virtual\" \/>\n<meta property=\"og:description\" content=\"GANHADOR DO PR\u00caMIO MELHOR LIVRO INDEPENDENTE DE N\u00c3O FIC\u00c7\u00c3O DE 2016. Um plano claro e sem enrola\u00e7\u00e3o para montar um neg\u00f3cio lucrativo de marketing de rede.\" \/>\n<meta property=\"og:url\" content=\"https:\/\/loja.springschool.me\/ja\/product\/va-em-frente-romi-neustadt\/\" \/>\n<meta property=\"og:site_name\" content=\"Spring School - Loja Virtual\" \/>\n<meta property=\"article:modified_time\" content=\"2023-02-03T16:13:28+00:00\" \/>\n<meta property=\"og:image\" content=\"https:\/\/loja.springschool.me\/wp-content\/uploads\/2022\/11\/spring-loja-livro-19-1.jpg\" \/>\n\t<meta property=\"og:image:width\" content=\"1000\" \/>\n\t<meta property=\"og:image:height\" content=\"1000\" \/>\n\t<meta property=\"og:image:type\" content=\"image\/jpeg\" \/>\n<meta name=\"twitter:card\" content=\"summary_large_image\" \/>\n<meta name=\"twitter:label1\" content=\"\u63a8\u5b9a\u8aad\u307f\u53d6\u308a\u6642\u9593\" \/>\n\t<meta name=\"twitter:data1\" content=\"2\u5206\" \/>\n<script type=\"application\/ld+json\" class=\"yoast-schema-graph\">{\"@context\":\"https:\/\/schema.org\",\"@graph\":[{\"@type\":\"WebPage\",\"@id\":\"https:\/\/loja.springschool.me\/produto\/va-em-frente-romi-neustadt\/\",\"url\":\"https:\/\/loja.springschool.me\/produto\/va-em-frente-romi-neustadt\/\",\"name\":\"V\u00e1 em frente (Romi Neustadt) - Spring School - Loja Virtual\",\"isPartOf\":{\"@id\":\"https:\/\/loja.springschool.me\/#website\"},\"datePublished\":\"2022-11-30T15:26:44+00:00\",\"dateModified\":\"2023-02-03T16:13:28+00:00\",\"description\":\"GANHADOR DO PR\u00caMIO MELHOR LIVRO INDEPENDENTE DE N\u00c3O FIC\u00c7\u00c3O DE 2016. Um plano claro e sem enrola\u00e7\u00e3o para montar um neg\u00f3cio lucrativo de marketing de rede.\",\"breadcrumb\":{\"@id\":\"https:\/\/loja.springschool.me\/produto\/va-em-frente-romi-neustadt\/#breadcrumb\"},\"inLanguage\":\"ja\",\"potentialAction\":[{\"@type\":\"ReadAction\",\"target\":[\"https:\/\/loja.springschool.me\/produto\/va-em-frente-romi-neustadt\/\"]}]},{\"@type\":\"BreadcrumbList\",\"@id\":\"https:\/\/loja.springschool.me\/produto\/va-em-frente-romi-neustadt\/#breadcrumb\",\"itemListElement\":[{\"@type\":\"ListItem\",\"position\":1,\"name\":\"In\u00edcio\",\"item\":\"https:\/\/loja.springschool.me\/\"},{\"@type\":\"ListItem\",\"position\":2,\"name\":\"Shop\",\"item\":\"https:\/\/loja.springschool.me\/shop\/\"},{\"@type\":\"ListItem\",\"position\":3,\"name\":\"V\u00e1 em frente (Romi Neustadt)\"}]},{\"@type\":\"WebSite\",\"@id\":\"https:\/\/loja.springschool.me\/#website\",\"url\":\"https:\/\/loja.springschool.me\/\",\"name\":\"Spring School - Loja Virtual\",\"description\":\"Just another WordPress site\",\"potentialAction\":[{\"@type\":\"SearchAction\",\"target\":{\"@type\":\"EntryPoint\",\"urlTemplate\":\"https:\/\/loja.springschool.me\/?s={search_term_string}\"},\"query-input\":\"required name=search_term_string\"}],\"inLanguage\":\"ja\"}]}<\/script>\n<!-- \/ Yoast SEO plugin. -->","yoast_head_json":{"title":"V\u00e1 em frente (Romi Neustadt) - Spring School - Loja Virtual","description":"GANHADOR DO PR\u00caMIO MELHOR LIVRO INDEPENDENTE DE N\u00c3O FIC\u00c7\u00c3O DE 2016. Um plano claro e sem enrola\u00e7\u00e3o para montar um neg\u00f3cio lucrativo de marketing de rede.","robots":{"index":"index","follow":"follow","max-snippet":"max-snippet:-1","max-image-preview":"max-image-preview:large","max-video-preview":"max-video-preview:-1"},"canonical":"https:\/\/loja.springschool.me\/ja\/product\/va-em-frente-romi-neustadt\/","og_locale":"ja_JP","og_type":"article","og_title":"V\u00e1 em frente (Romi Neustadt) - Spring School - Loja Virtual","og_description":"GANHADOR DO PR\u00caMIO MELHOR LIVRO INDEPENDENTE DE N\u00c3O FIC\u00c7\u00c3O DE 2016. Um plano claro e sem enrola\u00e7\u00e3o para montar um neg\u00f3cio lucrativo de marketing de rede.","og_url":"https:\/\/loja.springschool.me\/ja\/product\/va-em-frente-romi-neustadt\/","og_site_name":"Spring School - Loja Virtual","article_modified_time":"2023-02-03T16:13:28+00:00","og_image":[{"width":1000,"height":1000,"url":"https:\/\/loja.springschool.me\/wp-content\/uploads\/2022\/11\/spring-loja-livro-19-1.jpg","type":"image\/jpeg"}],"twitter_card":"summary_large_image","twitter_misc":{"\u63a8\u5b9a\u8aad\u307f\u53d6\u308a\u6642\u9593":"2\u5206"},"schema":{"@context":"https:\/\/schema.org","@graph":[{"@type":"WebPage","@id":"https:\/\/loja.springschool.me\/produto\/va-em-frente-romi-neustadt\/","url":"https:\/\/loja.springschool.me\/produto\/va-em-frente-romi-neustadt\/","name":"V\u00e1 em frente (Romi Neustadt) - Spring School - Loja Virtual","isPartOf":{"@id":"https:\/\/loja.springschool.me\/#website"},"datePublished":"2022-11-30T15:26:44+00:00","dateModified":"2023-02-03T16:13:28+00:00","description":"GANHADOR DO PR\u00caMIO MELHOR LIVRO INDEPENDENTE DE N\u00c3O FIC\u00c7\u00c3O DE 2016. Um plano claro e sem enrola\u00e7\u00e3o para montar um neg\u00f3cio lucrativo de marketing de rede.","breadcrumb":{"@id":"https:\/\/loja.springschool.me\/produto\/va-em-frente-romi-neustadt\/#breadcrumb"},"inLanguage":"ja","potentialAction":[{"@type":"ReadAction","target":["https:\/\/loja.springschool.me\/produto\/va-em-frente-romi-neustadt\/"]}]},{"@type":"BreadcrumbList","@id":"https:\/\/loja.springschool.me\/produto\/va-em-frente-romi-neustadt\/#breadcrumb","itemListElement":[{"@type":"ListItem","position":1,"name":"In\u00edcio","item":"https:\/\/loja.springschool.me\/"},{"@type":"ListItem","position":2,"name":"Shop","item":"https:\/\/loja.springschool.me\/shop\/"},{"@type":"ListItem","position":3,"name":"V\u00e1 em frente (Romi Neustadt)"}]},{"@type":"WebSite","@id":"https:\/\/loja.springschool.me\/#website","url":"https:\/\/loja.springschool.me\/","name":"Spring School - Loja Virtual","description":"Just another WordPress site","potentialAction":[{"@type":"SearchAction","target":{"@type":"EntryPoint","urlTemplate":"https:\/\/loja.springschool.me\/?s={search_term_string}"},"query-input":"required name=search_term_string"}],"inLanguage":"ja"}]}},"_links":{"self":[{"href":"https:\/\/loja.springschool.me\/ja\/wp-json\/wp\/v2\/product\/541"}],"collection":[{"href":"https:\/\/loja.springschool.me\/ja\/wp-json\/wp\/v2\/product"}],"about":[{"href":"https:\/\/loja.springschool.me\/ja\/wp-json\/wp\/v2\/types\/product"}],"version-history":[{"count":2,"href":"https:\/\/loja.springschool.me\/ja\/wp-json\/wp\/v2\/product\/541\/revisions"}],"predecessor-version":[{"id":1293,"href":"https:\/\/loja.springschool.me\/ja\/wp-json\/wp\/v2\/product\/541\/revisions\/1293"}],"wp:featuredmedia":[{"embeddable":true,"href":"https:\/\/loja.springschool.me\/ja\/wp-json\/wp\/v2\/media\/596"}],"wp:attachment":[{"href":"https:\/\/loja.springschool.me\/ja\/wp-json\/wp\/v2\/media?parent=541"}],"wp:term":[{"taxonomy":"product_cat","embeddable":true,"href":"https:\/\/loja.springschool.me\/ja\/wp-json\/wp\/v2\/product_cat?post=541"},{"taxonomy":"product_tag","embeddable":true,"href":"https:\/\/loja.springschool.me\/ja\/wp-json\/wp\/v2\/product_tag?post=541"}],"curies":[{"name":"wp","href":"https:\/\/api.w.org\/{rel}","templated":true}]}}