{"id":538,"date":"2022-11-30T15:24:09","date_gmt":"2022-11-30T15:24:09","guid":{"rendered":"https:\/\/loja.springschool.me\/?post_type=product&#038;p=538"},"modified":"2023-02-03T16:12:16","modified_gmt":"2023-02-03T16:12:16","slug":"bezonomics-brian-dumaine","status":"publish","type":"product","link":"https:\/\/loja.springschool.me\/ja\/product\/bezonomics-brian-dumaine\/","title":{"rendered":"\u30d9\u30be\u30ce\u30df\u30af\u30b9\uff08\u30d6\u30e9\u30a4\u30a2\u30f3\u30fb\u30c7\u30e5\u30e1\u30a4\u30f3\uff09"},"content":{"rendered":"<p>Amazon \u306e\u7af6\u5408\u4ed6\u793e\u306e\u4e16\u754c\u3092\u5de7\u307f\u306b\u6a21\u5023\u307e\u305f\u306f\u6253\u3061\u8ca0\u304b\u305d\u3046\u3068\u3057\u3066\u3044\u308b Amazon \u306e\u30d3\u30b8\u30cd\u30b9 \u30e2\u30c7\u30eb\u3068\u3001\u30d9\u30be\u30ce\u30df\u30af\u30b9\u304c\u3059\u3079\u3066\u306e\u6d88\u8cbb\u8005\u306e\u751f\u6d3b\u3092\u5f62\u4f5c\u3063\u3066\u3044\u308b\u65b9\u6cd5\u3092\u5f81\u670d\u3057\u3066\u304d\u305f Amazon \u306e\u30d3\u30b8\u30cd\u30b9 \u30e2\u30c7\u30eb\u306e\u8a73\u7d30\u3067\u660e\u78ba\u304b\u3064\u516c\u5e73\u306a\u5206\u6790 - \u53d7\u8cde\u6b74\u306e\u3042\u308b\u7de8\u96c6\u8005\u304c\u57f7\u7b46\u30d5\u30a9\u30fc\u30c1\u30e5\u30f3\u30fb\u30de\u30ac\u30b8\u30f3\u306e\u305f\u3081\u306b\u3002\u30d8\u30f3\u30ea\u30fc\u30fb\u30d5\u30a9\u30fc\u30c9\u3001\u30b5\u30e0\u30fb\u30a6\u30a9\u30eb\u30c8\u30f3\u3001\u30d5\u30a9\u30fc\u30c9\u3001\u30a6\u30a9\u30eb\u30de\u30fc\u30c8\u3001\u30a2\u30c3\u30d7\u30eb\u306e\u5275\u696d\u6642\u306e\u30b9\u30c6\u30a3\u30fc\u30d6\u30fb\u30b8\u30e7\u30d6\u30ba\u306e\u3088\u3046\u306b\u3001\u30b8\u30a7\u30d5\u30fb\u30d9\u30be\u30b9\u306f\u3053\u306e 10 \u5e74\u9593\u306e\u30d3\u30b8\u30cd\u30b9 \u30b9\u30c8\u30fc\u30ea\u30fc\u3067\u3059\u3002\u5730\u7403\u4e0a\u3067\u6700\u3082\u88d5\u798f\u306a\u4eba\u7269\u3067\u3042\u308b\u30d9\u30be\u30b9\u306f\u3001\u53f2\u4e0a\u6700\u3082\u52b9\u7387\u7684\u306a\u5bcc\u3092\u751f\u307f\u51fa\u3059\u30de\u30b7\u30f3\u306e 1 \u3064\u3092\u69cb\u7bc9\u3057\u307e\u3057\u305f\u3002\u7c73\u56fd\u306e\u5bb6\u8a08\u53ce\u5165\u306e 2% \u304c\u3001\u5009\u5eab\u304b\u3089 17 \u304b\u56fd\u306b\u51fa\u8377\u3055\u308c\u308b\u7d04 5 \u5104\u500b\u306e\u30a2\u30a4\u30c6\u30e0\u306b\u8cbb\u3084\u3055\u308c\u3066\u3044\u307e\u3059\u3002 Amazon \u306e\u30d3\u30b8\u30cd\u30b9 \u30e2\u30c7\u30eb\u306f\u3001\u5c0f\u58f2\u696d\u754c\u3068\u30af\u30e9\u30a6\u30c9 \u30b3\u30f3\u30d4\u30e5\u30fc\u30c6\u30a3\u30f3\u30b0\u696d\u754c\u3092\u3072\u3063\u304f\u308a\u8fd4\u3057\u305f\u3060\u3051\u3067\u306a\u304f\u3001\u73fe\u5728\u3001\u305d\u306e\u89e6\u624b\u306f\u30e1\u30c7\u30a3\u30a2\u3068\u5e83\u544a\u696d\u754c\u3092\u7a92\u606f\u3055\u305b\u3066\u304a\u308a\u3001\u30c6\u30af\u30ce\u30ed\u30b8\u30fc\u3001\u7d4c\u6e08\u3001\u96c7\u7528\u5275\u51fa\u3001\u305d\u3057\u3066\u793e\u4f1a\u306e\u5927\u90e8\u5206\u306b\u6df7\u4e71\u3092\u5f15\u304d\u8d77\u3053\u3057\u3066\u3044\u307e\u3059\u3002 Amazon \u306e\u5f71\u97ff\u306f\u975e\u5e38\u306b\u5e83\u7bc4\u56f2\u306b\u53ca\u3076\u305f\u3081\u3001\u4e16\u754c\u4e2d\u306e\u307b\u307c\u3059\u3079\u3066\u306e\u696d\u754c\u306e\u30d3\u30b8\u30cd\u30b9 \u30ea\u30fc\u30c0\u30fc\u306f\u3001\u3053\u306e\u81ea\u7136\u306e\u529b\u304c\u3069\u306e\u3088\u3046\u306b\u6a5f\u80fd\u3059\u308b\u304b\u3092\u7406\u89e3\u3059\u308b\u5fc5\u8981\u304c\u3042\u308a\u307e\u3059\u3002 Amazon \u5185\u5916\u306e 150 \u306e\u60c5\u5831\u6e90\u304b\u3089\u306e\u30ec\u30dd\u30fc\u30c8\u306b\u57fa\u3065\u3044\u3066\u3001\u30d9\u30be\u30ce\u30df\u30af\u30b9\u306f\u3001\u30b8\u30a7\u30d5\u30fb\u30d9\u30be\u30b9\u304c\u512a\u4f4d\u6027\u3092\u9054\u6210\u3059\u308b\u305f\u3081\u306b\u4f7f\u7528\u3057\u305f\u57fa\u672c\u539f\u5247\u3001\u3064\u307e\u308a\u9867\u5ba2\u3078\u306e\u57f7\u7740\u3001\u6975\u7aef\u306a\u9769\u65b0\u3001\u9577\u671f\u7684\u306a\u7ba1\u7406\u3092\u660e\u3089\u304b\u306b\u3057\u3001\u3059\u3079\u3066\u4eba\u5de5\u77e5\u80fd\u306b\u3088\u3063\u3066\u30b5\u30dd\u30fc\u30c8\u3055\u308c\u3066\u3044\u308b\u3053\u3068\u3092\u793a\u3057\u3066\u3044\u307e\u3059\u3002\u7c73\u56fd\u3001\u4e2d\u56fd\u3001\u305d\u306e\u4ed6\u306e\u4f01\u696d\u306b\u3088\u3063\u3066\u501f\u7528\u304a\u3088\u3073\u8907\u88fd\u3055\u308c\u3066\u3044\u307e\u3059\u3002 Brian Dumaine \u304c\u3001\u30d3\u30b8\u30cd\u30b9\u3092 Amazon \u3067\u8a3c\u660e\u3059\u308b\u305f\u3081\u306e\u30d2\u30f3\u30c8\u3092\u5171\u6709\u3057\u307e\u3059\u3002\u3055\u3089\u306b\u91cd\u8981\u306a\u3053\u3068\u306b\u3001\u30d9\u30be\u30ce\u30df\u30af\u30b9\u306f\u3001Amazon \u3068\u305d\u306e\u6a21\u5023\u8005\u304c\u79c1\u305f\u3061\u306e\u751f\u6d3b\u306b\u3069\u306e\u3088\u3046\u306a\u5f71\u97ff\u3092\u4e0e\u3048\u3066\u3044\u308b\u306e\u304b\u3001\u305d\u3057\u3066\u5f7c\u3089\u304b\u3089\u4f55\u3092\u5b66\u3079\u308b\u306e\u304b\u3068\u3044\u3046\u5927\u304d\u306a\u7591\u554f\u306b\u7b54\u3048\u3066\u3044\u307e\u3059\u3002\u3042\u308b\u4eba\u306b\u3068\u3063\u3066\u306f\u91d1\u9271\u3067\u3042\u308a\u3001\u3042\u308b\u4eba\u306b\u3068\u3063\u3066\u306f\u8105\u5a01\u3067\u3042\u308b\u30d9\u30be\u30ce\u30df\u30af\u30b9\u306f\u3001\u73fe\u5728\u3068\u5c06\u6765\u306e\u4e21\u65b9\u3067\u3001\u4e16\u754c\u304c\u3088\u308a\u3088\u304f\u77e5\u308b\u5fc5\u8981\u304c\u3042\u308b\u79c1\u305f\u3061\u306e\u751f\u6d3b\u3092\u5f62\u4f5c\u308b\u3053\u3068\u304c\u3067\u304d\u308b\u529b\u306b\u306a\u308a\u307e\u3057\u305f.<\/p>","protected":false},"excerpt":{"rendered":"<p>Bezonomics \u306f\u3001Amazon \u306e\u30d3\u30b8\u30cd\u30b9 \u30e2\u30c7\u30eb\u3092\u8a73\u7d30\u306b\u3001\u308f\u304b\u308a\u3084\u3059\u304f\u3001\u516c\u5e73\u306b\u8003\u5bdf\u3057\u305f\u3082\u306e\u3067\u3059\u3002<\/p>","protected":false},"featured_media":595,"template":"","meta":[],"product_cat":[20],"product_tag":[],"yoast_head":"<!-- This site is optimized with the Yoast SEO plugin v20.11 - https:\/\/yoast.com\/wordpress\/plugins\/seo\/ -->\n<title>Bezonomics (Brian Dumaine) - Spring School - Loja Virtual<\/title>\n<meta name=\"description\" content=\"Bezonomics (Brian Dumaine) - Assim como Henry Ford, Sam Walton ou Steve Jobs no come\u00e7o da Ford, Walmart e Apple, Jeff Bezos \u00e9 a hist\u00f3ria de neg\u00f3cios da d\u00e9cada. Bezos, o homem mais rico do planeta, construiu uma das m\u00e1quinas de gera\u00e7\u00e3o de riqueza mais eficientes da hist\u00f3ria, com 2% da renda familiar norte- americana...\" \/>\n<meta name=\"robots\" content=\"index, follow, max-snippet:-1, max-image-preview:large, max-video-preview:-1\" \/>\n<link rel=\"canonical\" href=\"https:\/\/loja.springschool.me\/ja\/product\/bezonomics-brian-dumaine\/\" \/>\n<meta property=\"og:locale\" content=\"ja_JP\" \/>\n<meta property=\"og:type\" content=\"article\" \/>\n<meta property=\"og:title\" content=\"Bezonomics (Brian Dumaine) - Spring School - Loja Virtual\" \/>\n<meta property=\"og:description\" content=\"Bezonomics (Brian Dumaine) - Assim como Henry Ford, Sam Walton ou Steve Jobs no come\u00e7o da Ford, Walmart e Apple, Jeff Bezos \u00e9 a hist\u00f3ria de neg\u00f3cios da d\u00e9cada. Bezos, o homem mais rico do planeta, construiu uma das m\u00e1quinas de gera\u00e7\u00e3o de riqueza mais eficientes da hist\u00f3ria, com 2% da renda familiar norte- americana...\" \/>\n<meta property=\"og:url\" content=\"https:\/\/loja.springschool.me\/ja\/product\/bezonomics-brian-dumaine\/\" \/>\n<meta property=\"og:site_name\" content=\"Spring School - Loja Virtual\" \/>\n<meta property=\"article:modified_time\" content=\"2023-02-03T16:12:16+00:00\" \/>\n<meta property=\"og:image\" content=\"https:\/\/loja.springschool.me\/wp-content\/uploads\/2022\/11\/spring-loja-livro-18-1.jpg\" \/>\n\t<meta property=\"og:image:width\" content=\"1000\" \/>\n\t<meta property=\"og:image:height\" content=\"1000\" \/>\n\t<meta property=\"og:image:type\" content=\"image\/jpeg\" \/>\n<meta name=\"twitter:card\" content=\"summary_large_image\" \/>\n<meta name=\"twitter:label1\" content=\"\u63a8\u5b9a\u8aad\u307f\u53d6\u308a\u6642\u9593\" \/>\n\t<meta name=\"twitter:data1\" content=\"2\u5206\" \/>\n<script type=\"application\/ld+json\" class=\"yoast-schema-graph\">{\"@context\":\"https:\/\/schema.org\",\"@graph\":[{\"@type\":\"WebPage\",\"@id\":\"https:\/\/loja.springschool.me\/produto\/bezonomics-brian-dumaine\/\",\"url\":\"https:\/\/loja.springschool.me\/produto\/bezonomics-brian-dumaine\/\",\"name\":\"Bezonomics (Brian Dumaine) - Spring School - Loja Virtual\",\"isPartOf\":{\"@id\":\"https:\/\/loja.springschool.me\/#website\"},\"datePublished\":\"2022-11-30T15:24:09+00:00\",\"dateModified\":\"2023-02-03T16:12:16+00:00\",\"description\":\"Bezonomics (Brian Dumaine) - Assim como Henry Ford, Sam Walton ou Steve Jobs no come\u00e7o da Ford, Walmart e Apple, Jeff Bezos \u00e9 a hist\u00f3ria de neg\u00f3cios da d\u00e9cada. Bezos, o homem mais rico do planeta, construiu uma das m\u00e1quinas de gera\u00e7\u00e3o de riqueza mais eficientes da hist\u00f3ria, com 2% da renda familiar norte- americana...\",\"breadcrumb\":{\"@id\":\"https:\/\/loja.springschool.me\/produto\/bezonomics-brian-dumaine\/#breadcrumb\"},\"inLanguage\":\"ja\",\"potentialAction\":[{\"@type\":\"ReadAction\",\"target\":[\"https:\/\/loja.springschool.me\/produto\/bezonomics-brian-dumaine\/\"]}]},{\"@type\":\"BreadcrumbList\",\"@id\":\"https:\/\/loja.springschool.me\/produto\/bezonomics-brian-dumaine\/#breadcrumb\",\"itemListElement\":[{\"@type\":\"ListItem\",\"position\":1,\"name\":\"In\u00edcio\",\"item\":\"https:\/\/loja.springschool.me\/\"},{\"@type\":\"ListItem\",\"position\":2,\"name\":\"Shop\",\"item\":\"https:\/\/loja.springschool.me\/shop\/\"},{\"@type\":\"ListItem\",\"position\":3,\"name\":\"Bezonomics (Brian Dumaine)\"}]},{\"@type\":\"WebSite\",\"@id\":\"https:\/\/loja.springschool.me\/#website\",\"url\":\"https:\/\/loja.springschool.me\/\",\"name\":\"Spring School - Loja Virtual\",\"description\":\"Just another WordPress site\",\"potentialAction\":[{\"@type\":\"SearchAction\",\"target\":{\"@type\":\"EntryPoint\",\"urlTemplate\":\"https:\/\/loja.springschool.me\/?s={search_term_string}\"},\"query-input\":\"required name=search_term_string\"}],\"inLanguage\":\"ja\"}]}<\/script>\n<!-- \/ Yoast SEO plugin. -->","yoast_head_json":{"title":"Bezonomics (Brian Dumaine) - Spring School - Loja Virtual","description":"Bezonomics (Brian Dumaine) - Assim como Henry Ford, Sam Walton ou Steve Jobs no come\u00e7o da Ford, Walmart e Apple, Jeff Bezos \u00e9 a hist\u00f3ria de neg\u00f3cios da d\u00e9cada. Bezos, o homem mais rico do planeta, construiu uma das m\u00e1quinas de gera\u00e7\u00e3o de riqueza mais eficientes da hist\u00f3ria, com 2% da renda familiar norte- americana...","robots":{"index":"index","follow":"follow","max-snippet":"max-snippet:-1","max-image-preview":"max-image-preview:large","max-video-preview":"max-video-preview:-1"},"canonical":"https:\/\/loja.springschool.me\/ja\/product\/bezonomics-brian-dumaine\/","og_locale":"ja_JP","og_type":"article","og_title":"Bezonomics (Brian Dumaine) - Spring School - Loja Virtual","og_description":"Bezonomics (Brian Dumaine) - Assim como Henry Ford, Sam Walton ou Steve Jobs no come\u00e7o da Ford, Walmart e Apple, Jeff Bezos \u00e9 a hist\u00f3ria de neg\u00f3cios da d\u00e9cada. Bezos, o homem mais rico do planeta, construiu uma das m\u00e1quinas de gera\u00e7\u00e3o de riqueza mais eficientes da hist\u00f3ria, com 2% da renda familiar norte- americana...","og_url":"https:\/\/loja.springschool.me\/ja\/product\/bezonomics-brian-dumaine\/","og_site_name":"Spring School - Loja Virtual","article_modified_time":"2023-02-03T16:12:16+00:00","og_image":[{"width":1000,"height":1000,"url":"https:\/\/loja.springschool.me\/wp-content\/uploads\/2022\/11\/spring-loja-livro-18-1.jpg","type":"image\/jpeg"}],"twitter_card":"summary_large_image","twitter_misc":{"\u63a8\u5b9a\u8aad\u307f\u53d6\u308a\u6642\u9593":"2\u5206"},"schema":{"@context":"https:\/\/schema.org","@graph":[{"@type":"WebPage","@id":"https:\/\/loja.springschool.me\/produto\/bezonomics-brian-dumaine\/","url":"https:\/\/loja.springschool.me\/produto\/bezonomics-brian-dumaine\/","name":"Bezonomics (Brian Dumaine) - Spring School - Loja Virtual","isPartOf":{"@id":"https:\/\/loja.springschool.me\/#website"},"datePublished":"2022-11-30T15:24:09+00:00","dateModified":"2023-02-03T16:12:16+00:00","description":"Bezonomics (Brian Dumaine) - Assim como Henry Ford, Sam Walton ou Steve Jobs no come\u00e7o da Ford, Walmart e Apple, Jeff Bezos \u00e9 a hist\u00f3ria de neg\u00f3cios da d\u00e9cada. Bezos, o homem mais rico do planeta, construiu uma das m\u00e1quinas de gera\u00e7\u00e3o de riqueza mais eficientes da hist\u00f3ria, com 2% da renda familiar norte- americana...","breadcrumb":{"@id":"https:\/\/loja.springschool.me\/produto\/bezonomics-brian-dumaine\/#breadcrumb"},"inLanguage":"ja","potentialAction":[{"@type":"ReadAction","target":["https:\/\/loja.springschool.me\/produto\/bezonomics-brian-dumaine\/"]}]},{"@type":"BreadcrumbList","@id":"https:\/\/loja.springschool.me\/produto\/bezonomics-brian-dumaine\/#breadcrumb","itemListElement":[{"@type":"ListItem","position":1,"name":"In\u00edcio","item":"https:\/\/loja.springschool.me\/"},{"@type":"ListItem","position":2,"name":"Shop","item":"https:\/\/loja.springschool.me\/shop\/"},{"@type":"ListItem","position":3,"name":"Bezonomics (Brian Dumaine)"}]},{"@type":"WebSite","@id":"https:\/\/loja.springschool.me\/#website","url":"https:\/\/loja.springschool.me\/","name":"Spring School - Loja Virtual","description":"Just another WordPress site","potentialAction":[{"@type":"SearchAction","target":{"@type":"EntryPoint","urlTemplate":"https:\/\/loja.springschool.me\/?s={search_term_string}"},"query-input":"required name=search_term_string"}],"inLanguage":"ja"}]}},"_links":{"self":[{"href":"https:\/\/loja.springschool.me\/ja\/wp-json\/wp\/v2\/product\/538"}],"collection":[{"href":"https:\/\/loja.springschool.me\/ja\/wp-json\/wp\/v2\/product"}],"about":[{"href":"https:\/\/loja.springschool.me\/ja\/wp-json\/wp\/v2\/types\/product"}],"version-history":[{"count":2,"href":"https:\/\/loja.springschool.me\/ja\/wp-json\/wp\/v2\/product\/538\/revisions"}],"predecessor-version":[{"id":1292,"href":"https:\/\/loja.springschool.me\/ja\/wp-json\/wp\/v2\/product\/538\/revisions\/1292"}],"wp:featuredmedia":[{"embeddable":true,"href":"https:\/\/loja.springschool.me\/ja\/wp-json\/wp\/v2\/media\/595"}],"wp:attachment":[{"href":"https:\/\/loja.springschool.me\/ja\/wp-json\/wp\/v2\/media?parent=538"}],"wp:term":[{"taxonomy":"product_cat","embeddable":true,"href":"https:\/\/loja.springschool.me\/ja\/wp-json\/wp\/v2\/product_cat?post=538"},{"taxonomy":"product_tag","embeddable":true,"href":"https:\/\/loja.springschool.me\/ja\/wp-json\/wp\/v2\/product_tag?post=538"}],"curies":[{"name":"wp","href":"https:\/\/api.w.org\/{rel}","templated":true}]}}