{"id":532,"date":"2022-11-30T15:16:20","date_gmt":"2022-11-30T15:16:20","guid":{"rendered":"https:\/\/loja.springschool.me\/?post_type=product&#038;p=532"},"modified":"2023-02-03T16:07:02","modified_gmt":"2023-02-03T16:07:02","slug":"localizacao-ainda-e-tudo-david-bell","status":"publish","type":"product","link":"https:\/\/loja.springschool.me\/ja\/product\/localizacao-ainda-e-tudo-david-bell\/","title":{"rendered":"\u5834\u6240 (\u307e\u3060) \u304c\u3059\u3079\u3066 (David Bell)"},"content":{"rendered":"<p>\u6d88\u8cbb\u8005\u306e\u4f4d\u7f6e\u60c5\u5831\u3092\u5229\u7528\u3057\u3066\u3001\u30a4\u30f3\u30bf\u30fc\u30cd\u30c3\u30c8\u4e0a\u3067\u88fd\u54c1\u3084\u30b5\u30fc\u30d3\u30b9\u306b\u5bfe\u3059\u308b\u4e16\u754c\u7684\u306a\u9700\u8981\u3092\u69cb\u7bc9\u3067\u304d\u307e\u3059\u3002\u3053\u306e\u672c\u306e\u4e2d\u3067\u3001\u30a6\u30a9\u30fc\u30c8\u30f3 \u30b9\u30af\u30fc\u30eb\u306e\u30de\u30fc\u30b1\u30c6\u30a3\u30f3\u30b0\u5c02\u9580\u5bb6\u30c7\u30a4\u30d3\u30c3\u30c9 \u30d9\u30eb\u306f\u3001\u73fe\u5b9f\u4e16\u754c\u306b\u304a\u3051\u308b\u4eba\u306e\u884c\u52d5\u304c\u4eee\u60f3\u4e16\u754c\u3067\u306e\u884c\u52d5\u306b\u5f71\u97ff\u3092\u4e0e\u3048\u308b\u7406\u7531\u3068\u65b9\u6cd5\u3092\u8aac\u660e\u3057\u3001\u96fb\u5b50\u5546\u53d6\u5f15\u7ba1\u7406\u8005\u306b\u5f7c\u3089\u304c\u4f4f\u3093\u3067\u3044\u308b\u90fd\u5e02\u3092\u8003\u616e\u3059\u308b\u3088\u3046\u6559\u3048\u3066\u3044\u307e\u3059\u3002\u96fb\u5b50\u5546\u53d6\u5f15\u6226\u7565\u3060\u3051\u3067\u306a\u304f\u3001\u5f7c\u3089\u304c\u4f4f\u3080\u3053\u3068\u3092\u9078\u3093\u3060\u5730\u57df\u3084\u305d\u306e\u5730\u57df\u306e\u5b9f\u5e97\u8217\u3082\u540c\u69d8\u3067\u3059\u3002\u672c\u66f8\u306f 7 \u3064\u306e\u7ae0\u3067\u69cb\u6210\u3055\u308c\u3066\u304a\u308a\u3001\u5404\u7ae0\u306f GRAVITY \u30e2\u30c7\u30eb\u306e 7 \u3064\u306e\u8981\u7d20\u306b\u5bfe\u5fdc\u3057\u3066\u3044\u307e\u3059\u3002\u305d\u308c\u3089\u3059\u3079\u3066\u3092\u81ea\u5206\u306b\u6709\u5229\u306b\u50cd\u304b\u305b\u308b\u5fc5\u8981\u304c\u3042\u308a\u307e\u3059\u3002\u305d\u308c\u306f\u5730\u7406\u3067\u3059\u3002\u79c1\u305f\u3061\u304c\u4f4f\u3093\u3067\u3044\u308b\u5834\u6240\u304c\u79c1\u305f\u3061\u306e\u597d\u307f\u3084\u30a4\u30f3\u30bf\u30fc\u30cd\u30c3\u30c8\u306e\u4f7f\u7528\u65b9\u6cd5\u3092\u5927\u304d\u304f\u6c7a\u5b9a\u3059\u308b\u7406\u7531\u3092\u8a73\u3057\u304f\u8aac\u660e\u3057\u3066\u3044\u307e\u3059\u3002\u62b5\u6297\u3002\u3053\u308c\u306b\u3088\u308a\u3001(\u5927\u90fd\u5e02\u306b\u304a\u3051\u308b) \u691c\u7d22\u306e\u6469\u64e6\u3084 (\u5c0f\u898f\u6a21\u306a\u81ea\u6cbb\u4f53\u306b\u304a\u3051\u308b) \u5730\u7406\u7684\u306a\u6469\u64e6\u3092\u89e3\u6d88\u3059\u308b\u305f\u3081\u306b\u30a4\u30f3\u30bf\u30fc\u30cd\u30c3\u30c8\u304c\u3069\u306e\u3088\u3046\u306b\u4f7f\u7528\u3055\u308c\u3066\u3044\u308b\u304b\u3092\u77e5\u308b\u3053\u3068\u304c\u3067\u304d\u307e\u3059\u3002\u96a3\u63a5\u6027\u3002\u3053\u308c\u306f\u3001\u96a3\u4eba\u3068\u4f3c\u3066\u3044\u308b\u3053\u3068\u304c\u4f1d\u67d3\u3092\u5f15\u304d\u8d77\u3053\u3059\u3068\u3044\u3046\u4e8b\u5b9f\u306b\u5bfe\u51e6\u3057\u3066\u3044\u307e\u3059\u3002\u8fd1\u6240\u3002\u6700\u521d\u306e\u58f2\u4e0a\u306f\u8fd1\u63a5\u6027\u304b\u3089\u751f\u3058\u308b\u3068\u8aac\u660e\u3057\u307e\u3059\u3002\u5c06\u6765\u306e\u58f2\u4e0a\u3001\u985e\u4f3c\u6027\u304b\u3089\u3002\u5206\u96e2\u3002\u5730\u5143\u4f01\u696d\u304c\u5927\u591a\u6570\u306e\u597d\u307f\u3092\u6e80\u305f\u3059\u3053\u3068\u306b\u5c02\u5ff5\u3059\u308c\u3070\u3001\u5c11\u6570\u6d3e\u3082\u30aa\u30f3\u30e9\u30a4\u30f3\u3067\u8cfc\u5165\u3059\u308b\u3088\u3046\u306b\u306a\u308a\u3001\u30c1\u30e3\u30f3\u30b9\u304c\u751f\u307e\u308c\u307e\u3059\u3002\u5730\u5f62\u3002\u6599\u91d1\u3001\u7d0d\u671f\u3001\u8cb7\u3044\u7269\u74b0\u5883\u306f\u5730\u57df\u306b\u3088\u3063\u3066\u7570\u306a\u308a\u307e\u3059\u3002\u304a\u5ba2\u69d8\u306e\u58f0: \u300c\u5c0f\u58f2\u696d\u306b\u3068\u3063\u3066\u6700\u3082\u91cd\u8981\u306a 3 \u3064\u306e\u8981\u7d20\u3001\u5834\u6240\u3001\u5834\u6240\u3001\u5834\u6240\u304c\u7121\u95a2\u4fc2\u3067\u3042\u308b\u3068\u4e88\u6e2c\u3057\u305f\u3059\u3079\u3066\u306e\u4eba\u306b\u5bfe\u3059\u308b\u5f37\u529b\u306a\u53cd\u8ad6\u3002\u300d \u2015\u30d6\u30e9\u30c3\u30c9\u30fb\u30b9\u30c8\u30fc\u30f3\u3001\u300eThe Everything Store: Jeff Bezos and the Age of Amazon\u300f\u306e\u8457\u8005 \u300c\u30c7\u30a4\u30d3\u30c3\u30c9\u30fb\u30d9\u30eb\u306f\u3001\u30a4\u30f3\u30bf\u30fc\u30cd\u30c3\u30c8\u3067\u52dd\u3064\u65b9\u6cd5\u306b\u3064\u3044\u3066\u306e\u5b9f\u7528\u7684\u306a\u672c\u3092\u57f7\u7b46\u3057\u3001\u8cb7\u3044\u3001\u58f2\u308a\u3001\u5171\u6709\u3057\u3001\u751f\u6d3b\u3059\u308b\u305f\u3081\u306e\u3088\u308a\u8ce2\u3044\u65b9\u6cd5\u3078\u306e\u9053\u3092\u5207\u308a\u958b\u304d\u307e\u3059\u3002\u300d \u2015Warby Parker \u306e CEO \u517c\u5171\u540c\u5275\u8a2d\u8005\u3001NEIL BLUMENTHAL \u6c0f\u3068 DAVE GILBOA \u6c0f\u300c\u30aa\u30f3\u30e9\u30a4\u30f3\u3067\u306e\u6d88\u8cbb\u8005\u306e\u884c\u52d5\u3092\u7406\u89e3\u3059\u308b\u3053\u3068\u306b\u8208\u5473\u304c\u3042\u308b\u306a\u3089\u3001\u3053\u306e\u672c\u304b\u3089\u5927\u304d\u306a\u6069\u6075\u3092\u53d7\u3051\u308b\u3067\u3057\u3087\u3046\u3002\u300d \u2015\u30cf\u30fc\u30d0\u30fc\u30c9 \u30d3\u30b8\u30cd\u30b9 \u30b9\u30af\u30fc\u30eb\u6559\u6388\u3001\u30b9\u30cb\u30eb \u30b0\u30d7\u30bf \u300c\u8457\u8005\u306f\u3001\u300e\u30d5\u30e9\u30c3\u30c8\u306a\u300f\u3068\u601d\u308f\u308c\u3066\u3044\u308b\u96fb\u5b50\u5546\u53d6\u5f15\u306e\u4e16\u754c\u306b\u304a\u3044\u3066\u3055\u3048\u3001\u6700\u3082\u9a5a\u304f\u3079\u304d\u5f62\u3067\u4f4d\u7f6e\u304c\u4f9d\u7136\u3068\u3057\u3066\u91cd\u8981\u3067\u3042\u308b\u3053\u3068\u3092\u660e\u3089\u304b\u306b\u3057\u3066\u3044\u307e\u3059\u3002\u300d \u2015\u682a\u5f0f\u4f1a\u793e<\/p>","protected":false},"excerpt":{"rendered":"<p>\u5834\u6240\u306f\uff08\u4f9d\u7136\u3068\u3057\u3066\uff09\u3059\u3079\u3066\u3067\u3059\u300d\u306f\u3001\u30d3\u30b8\u30cd\u30b9\u306e\u6210\u529f\u306b\u95a2\u9023\u3057\u305f\u5834\u6240\u306e\u91cd\u8981\u6027\u306b\u3064\u3044\u3066\u8ff0\u3079\u305f\u30c7\u30d3\u30c3\u30c9 \u30d9\u30eb\u306b\u3088\u3063\u3066\u66f8\u304b\u308c\u305f\u672c\u3067\u3059\u3002<\/p>","protected":false},"featured_media":593,"template":"","meta":[],"product_cat":[20],"product_tag":[],"yoast_head":"<!-- This site is optimized with the Yoast SEO plugin v20.11 - https:\/\/yoast.com\/wordpress\/plugins\/seo\/ -->\n<title>Localiza\u00e7\u00e3o (ainda) \u00e9 tudo (David Bell) - Spring School - Loja Virtual<\/title>\n<meta name=\"description\" content=\"Voc\u00ea pode utilizar a localiza\u00e7\u00e3o dos consumidores para construir uma demanda mundial por seus produtos e servi\u00e7os na internet. ..\" \/>\n<meta name=\"robots\" content=\"index, follow, max-snippet:-1, max-image-preview:large, max-video-preview:-1\" \/>\n<link rel=\"canonical\" href=\"https:\/\/loja.springschool.me\/ja\/product\/localizacao-ainda-e-tudo-david-bell\/\" \/>\n<meta property=\"og:locale\" content=\"ja_JP\" \/>\n<meta property=\"og:type\" content=\"article\" \/>\n<meta property=\"og:title\" content=\"Localiza\u00e7\u00e3o (ainda) \u00e9 tudo (David Bell) - Spring School - Loja Virtual\" \/>\n<meta property=\"og:description\" content=\"Voc\u00ea pode utilizar a localiza\u00e7\u00e3o dos consumidores para construir uma demanda mundial por seus produtos e servi\u00e7os na internet. ..\" \/>\n<meta property=\"og:url\" content=\"https:\/\/loja.springschool.me\/ja\/product\/localizacao-ainda-e-tudo-david-bell\/\" \/>\n<meta property=\"og:site_name\" content=\"Spring School - Loja Virtual\" \/>\n<meta property=\"article:modified_time\" content=\"2023-02-03T16:07:02+00:00\" \/>\n<meta property=\"og:image\" content=\"https:\/\/loja.springschool.me\/wp-content\/uploads\/2022\/11\/spring-loja-livro-16-1.jpg\" \/>\n\t<meta property=\"og:image:width\" content=\"1000\" \/>\n\t<meta property=\"og:image:height\" content=\"1000\" \/>\n\t<meta property=\"og:image:type\" content=\"image\/jpeg\" \/>\n<meta name=\"twitter:card\" content=\"summary_large_image\" \/>\n<meta name=\"twitter:label1\" content=\"\u63a8\u5b9a\u8aad\u307f\u53d6\u308a\u6642\u9593\" \/>\n\t<meta name=\"twitter:data1\" content=\"2\u5206\" \/>\n<script type=\"application\/ld+json\" class=\"yoast-schema-graph\">{\"@context\":\"https:\/\/schema.org\",\"@graph\":[{\"@type\":\"WebPage\",\"@id\":\"https:\/\/loja.springschool.me\/en\/product\/localizacao-ainda-e-tudo-david-bell\/\",\"url\":\"https:\/\/loja.springschool.me\/en\/product\/localizacao-ainda-e-tudo-david-bell\/\",\"name\":\"Localiza\u00e7\u00e3o (ainda) \u00e9 tudo (David Bell) - Spring School - Loja Virtual\",\"isPartOf\":{\"@id\":\"https:\/\/loja.springschool.me\/#website\"},\"datePublished\":\"2022-11-30T15:16:20+00:00\",\"dateModified\":\"2023-02-03T16:07:02+00:00\",\"description\":\"Voc\u00ea pode utilizar a localiza\u00e7\u00e3o dos consumidores para construir uma demanda mundial por seus produtos e servi\u00e7os na internet. ..\",\"breadcrumb\":{\"@id\":\"https:\/\/loja.springschool.me\/en\/product\/localizacao-ainda-e-tudo-david-bell\/#breadcrumb\"},\"inLanguage\":\"ja\",\"potentialAction\":[{\"@type\":\"ReadAction\",\"target\":[\"https:\/\/loja.springschool.me\/en\/product\/localizacao-ainda-e-tudo-david-bell\/\"]}]},{\"@type\":\"BreadcrumbList\",\"@id\":\"https:\/\/loja.springschool.me\/en\/product\/localizacao-ainda-e-tudo-david-bell\/#breadcrumb\",\"itemListElement\":[{\"@type\":\"ListItem\",\"position\":1,\"name\":\"In\u00edcio\",\"item\":\"https:\/\/loja.springschool.me\/\"},{\"@type\":\"ListItem\",\"position\":2,\"name\":\"Shop\",\"item\":\"https:\/\/loja.springschool.me\/shop\/\"},{\"@type\":\"ListItem\",\"position\":3,\"name\":\"Localiza\u00e7\u00e3o (ainda) \u00e9 tudo (David Bell)\"}]},{\"@type\":\"WebSite\",\"@id\":\"https:\/\/loja.springschool.me\/#website\",\"url\":\"https:\/\/loja.springschool.me\/\",\"name\":\"Spring School - Loja Virtual\",\"description\":\"Just another WordPress site\",\"potentialAction\":[{\"@type\":\"SearchAction\",\"target\":{\"@type\":\"EntryPoint\",\"urlTemplate\":\"https:\/\/loja.springschool.me\/?s={search_term_string}\"},\"query-input\":\"required name=search_term_string\"}],\"inLanguage\":\"ja\"}]}<\/script>\n<!-- \/ Yoast SEO plugin. -->","yoast_head_json":{"title":"Localiza\u00e7\u00e3o (ainda) \u00e9 tudo (David Bell) - Spring School - Loja Virtual","description":"Voc\u00ea pode utilizar a localiza\u00e7\u00e3o dos consumidores para construir uma demanda mundial por seus produtos e servi\u00e7os na internet. ..","robots":{"index":"index","follow":"follow","max-snippet":"max-snippet:-1","max-image-preview":"max-image-preview:large","max-video-preview":"max-video-preview:-1"},"canonical":"https:\/\/loja.springschool.me\/ja\/product\/localizacao-ainda-e-tudo-david-bell\/","og_locale":"ja_JP","og_type":"article","og_title":"Localiza\u00e7\u00e3o (ainda) \u00e9 tudo (David Bell) - Spring School - Loja Virtual","og_description":"Voc\u00ea pode utilizar a localiza\u00e7\u00e3o dos consumidores para construir uma demanda mundial por seus produtos e servi\u00e7os na internet. ..","og_url":"https:\/\/loja.springschool.me\/ja\/product\/localizacao-ainda-e-tudo-david-bell\/","og_site_name":"Spring School - Loja Virtual","article_modified_time":"2023-02-03T16:07:02+00:00","og_image":[{"width":1000,"height":1000,"url":"https:\/\/loja.springschool.me\/wp-content\/uploads\/2022\/11\/spring-loja-livro-16-1.jpg","type":"image\/jpeg"}],"twitter_card":"summary_large_image","twitter_misc":{"\u63a8\u5b9a\u8aad\u307f\u53d6\u308a\u6642\u9593":"2\u5206"},"schema":{"@context":"https:\/\/schema.org","@graph":[{"@type":"WebPage","@id":"https:\/\/loja.springschool.me\/en\/product\/localizacao-ainda-e-tudo-david-bell\/","url":"https:\/\/loja.springschool.me\/en\/product\/localizacao-ainda-e-tudo-david-bell\/","name":"Localiza\u00e7\u00e3o (ainda) \u00e9 tudo (David Bell) - Spring School - Loja Virtual","isPartOf":{"@id":"https:\/\/loja.springschool.me\/#website"},"datePublished":"2022-11-30T15:16:20+00:00","dateModified":"2023-02-03T16:07:02+00:00","description":"Voc\u00ea pode utilizar a localiza\u00e7\u00e3o dos consumidores para construir uma demanda mundial por seus produtos e servi\u00e7os na internet. ..","breadcrumb":{"@id":"https:\/\/loja.springschool.me\/en\/product\/localizacao-ainda-e-tudo-david-bell\/#breadcrumb"},"inLanguage":"ja","potentialAction":[{"@type":"ReadAction","target":["https:\/\/loja.springschool.me\/en\/product\/localizacao-ainda-e-tudo-david-bell\/"]}]},{"@type":"BreadcrumbList","@id":"https:\/\/loja.springschool.me\/en\/product\/localizacao-ainda-e-tudo-david-bell\/#breadcrumb","itemListElement":[{"@type":"ListItem","position":1,"name":"In\u00edcio","item":"https:\/\/loja.springschool.me\/"},{"@type":"ListItem","position":2,"name":"Shop","item":"https:\/\/loja.springschool.me\/shop\/"},{"@type":"ListItem","position":3,"name":"Localiza\u00e7\u00e3o (ainda) \u00e9 tudo (David Bell)"}]},{"@type":"WebSite","@id":"https:\/\/loja.springschool.me\/#website","url":"https:\/\/loja.springschool.me\/","name":"Spring School - Loja Virtual","description":"Just another WordPress site","potentialAction":[{"@type":"SearchAction","target":{"@type":"EntryPoint","urlTemplate":"https:\/\/loja.springschool.me\/?s={search_term_string}"},"query-input":"required name=search_term_string"}],"inLanguage":"ja"}]}},"_links":{"self":[{"href":"https:\/\/loja.springschool.me\/ja\/wp-json\/wp\/v2\/product\/532"}],"collection":[{"href":"https:\/\/loja.springschool.me\/ja\/wp-json\/wp\/v2\/product"}],"about":[{"href":"https:\/\/loja.springschool.me\/ja\/wp-json\/wp\/v2\/types\/product"}],"version-history":[{"count":3,"href":"https:\/\/loja.springschool.me\/ja\/wp-json\/wp\/v2\/product\/532\/revisions"}],"predecessor-version":[{"id":1290,"href":"https:\/\/loja.springschool.me\/ja\/wp-json\/wp\/v2\/product\/532\/revisions\/1290"}],"wp:featuredmedia":[{"embeddable":true,"href":"https:\/\/loja.springschool.me\/ja\/wp-json\/wp\/v2\/media\/593"}],"wp:attachment":[{"href":"https:\/\/loja.springschool.me\/ja\/wp-json\/wp\/v2\/media?parent=532"}],"wp:term":[{"taxonomy":"product_cat","embeddable":true,"href":"https:\/\/loja.springschool.me\/ja\/wp-json\/wp\/v2\/product_cat?post=532"},{"taxonomy":"product_tag","embeddable":true,"href":"https:\/\/loja.springschool.me\/ja\/wp-json\/wp\/v2\/product_tag?post=532"}],"curies":[{"name":"wp","href":"https:\/\/api.w.org\/{rel}","templated":true}]}}