{"id":526,"date":"2022-11-30T15:09:36","date_gmt":"2022-11-30T15:09:36","guid":{"rendered":"https:\/\/loja.springschool.me\/?post_type=product&#038;p=526"},"modified":"2023-02-03T16:04:02","modified_gmt":"2023-02-03T16:04:02","slug":"mais-esperto-que-o-diabo-napoleon-hill","status":"publish","type":"product","link":"https:\/\/loja.springschool.me\/ja\/product\/mais-esperto-que-o-diabo-napoleon-hill\/","title":{"rendered":"\u60aa\u9b54\u306e\u88cf\u3092\u304b\u304f (\u30ca\u30dd\u30ec\u30aa\u30f3\u30fb\u30d2\u30eb)"},"content":{"rendered":"<p>\u30d6\u30e9\u30b8\u30eb\u3067\u306f\u672a\u51fa\u7248\u306e\u3053\u306e\u672c\u3067\u306f\u3001\u30ca\u30dd\u30ec\u30aa\u30f3\u30fb\u30d2\u30eb\u304c\u884c\u3063\u305f\u3053\u306e\u72ec\u5360\u30a4\u30f3\u30bf\u30d3\u30e5\u30fc\u3092\u901a\u3058\u3066\u300175\u5e74\u9593\u306e\u79d8\u5bc6\u3092\u7d4c\u3066\u3001\u60aa\u9b54\u306e\u5fc3\u306e\u79d8\u5bc6\u6697\u53f7\u3092\u89e3\u3044\u305f\u300c\u60aa\u9b54\u3068\u306f\u8ab0\u306a\u306e\u304b\uff1f\u300d\u3092\u77e5\u308b\u3053\u3068\u304c\u3067\u304d\u307e\u3059\u3002\u3069\u3053\u3067\u4f4f\u3093\u3066\u3044\u307e\u3059\u304b\uff1f\u3042\u306a\u305f\u306e\u4e3b\u306a\u7cbe\u795e\u7684\u6b66\u5668\u306f\u4f55\u3067\u3059\u304b?\u758e\u5916\u3055\u308c\u3066\u3044\u308b\u306e\u306f\u8ab0\u3067\u3001\u3069\u306e\u3088\u3046\u306b\u3057\u3066\u758e\u5916\u3055\u308c\u3066\u3044\u308b\u306e\u3067\u3057\u3087\u3046\u304b?\u60aa\u9b54\u306f\u79c1\u305f\u3061\u306e\u65e5\u5e38\u751f\u6d3b\u306b\u3069\u306e\u3088\u3046\u306a\u5f71\u97ff\u3092\u4e0e\u3048\u3066\u3044\u308b\u306e\u3067\u3057\u3087\u3046\u304b\uff1f\u5f7c\u3089\u306e\u512a\u4f4d\u6027\u306f\u79c1\u305f\u3061\u306e\u614b\u5ea6\u306b\u3069\u306e\u3088\u3046\u306a\u5f71\u97ff\u3092\u4e0e\u3048\u308b\u306e\u3067\u3057\u3087\u3046\u304b?\u6050\u6016\u3068\u306f\u4f55\u3067\u3059\u304b\uff1f\u79c1\u305f\u3061\u306e\u5b97\u6559\u6307\u5c0e\u8005\u3084\u6559\u5e2b\u306f\u60aa\u9b54\u304b\u3089\u3069\u306e\u3088\u3046\u306a\u5f71\u97ff\u3092\u53d7\u3051\u3066\u3044\u307e\u3059\u304b?\u60aa\u9b54\u306e\u652f\u914d\u3068\u6226\u3046\u305f\u3081\u306b\u3001\u79c1\u305f\u3061\u4eba\u9593\u306f\u3069\u3093\u306a\u6b66\u5668\u3092\u6301\u3063\u3066\u3044\u308b\u306e\u3067\u3057\u3087\u3046\u304b\uff1f\u60aa\u9b54\u306f\u6027\u30a8\u30cd\u30eb\u30ae\u30fc\u306b\u3064\u3044\u3066\u3069\u3046\u8003\u3048\u3066\u3044\u307e\u3059\u304b?\u5e78\u798f\u3068\u81ea\u7531\u3092\u5927\u5207\u306b\u3057\u3001\u6210\u679c\u306b\u6e80\u3061\u305f\u4eba\u751f\u3092\u6c42\u3081\u308b\u306b\u306f\u3069\u3046\u3059\u308c\u3070\u3088\u3044\u3067\u3057\u3087\u3046\u304b\uff1f\u30ca\u30dd\u30ec\u30aa\u30f3\u30fb\u30d2\u30eb\u306b\u3088\u308c\u3070\u3001\u3053\u308c\u3089\u306e\u8cea\u554f\u3084\u305d\u306e\u4ed6\u591a\u304f\u306e\u8cea\u554f\u306f\u3001\u81ea\u5206\u81ea\u8eab\u3092\u300c\u965b\u4e0b\u300d\u3068\u547c\u3076\u60aa\u9b54\u81ea\u8eab\u306b\u3088\u3063\u3066\u7b54\u3048\u3089\u308c\u307e\u3059\u3002\u5f7c\u81ea\u8eab\u306e\u8a00\u8449\u3067\u66f8\u304b\u308c\u305f\u305d\u306e\u76ee\u7684\u306f\u3001\u4eba\u9593\u304c\u81ea\u5206\u305f\u3061\u306e\u672c\u5f53\u306e\u53ef\u80fd\u6027\u3092\u767a\u898b\u3067\u304d\u308b\u3088\u3046\u306b\u652f\u63f4\u3057\u3001\u3053\u306e\u4e16\u306e\u7537\u5973\u304c\u81ea\u5206\u305f\u3061\u3067\u4f5c\u308a\u51fa\u3057\u3001\u81ea\u5206\u305f\u3061\u306e\u81ea\u7531\u3068\u3001\u6311\u6226\u306b\u6e80\u3061\u305f\u4eba\u751f\u3092\u9001\u308b\u6a29\u5229\u3092\u59a8\u5bb3\u3059\u308b\u7cbe\u795e\u7684\u306a\u7f60\u3092\u89e3\u304d\u660e\u304b\u3059\u3053\u3068\u3067\u3059\u3002\u559c\u3073\u3068\u81ea\u7531\u3002\u6700\u5927\u306e\u7d4c\u6e08\u5371\u6a5f\u306e\u3072\u3068\u3064\u306e\u5f8c\u3001\u7b2c\u4e8c\u6b21\u4e16\u754c\u5927\u6226\u306b\u5148\u7acb\u3064 1938 \u5e74\u306b\u66f8\u304b\u308c\u305f\u3053\u306e\u672c\u306f\u3001\u30a4\u30f3\u30b9\u30d4\u30ec\u30fc\u30b7\u30e7\u30f3\u3068\u52c7\u6c17\u306e\u6e90\u3067\u3042\u308b\u3060\u3051\u3067\u306a\u304f\u3001\u6b21\u306e\u3053\u3068\u3092\u671b\u3080\u3059\u3079\u3066\u306e\u4eba\u3005\u306e\u305f\u3081\u306e\u30cf\u30f3\u30c9\u30d6\u30c3\u30af\u3068\u307f\u306a\u3055\u308c\u308b\u3079\u304d\u3067\u3059\u3002<\/p>","protected":false},"excerpt":{"rendered":"<p>\u300e\u60aa\u9b54\u3088\u308a\u3082\u8ce2\u3044\u300f\u306f\u30ca\u30dd\u30ec\u30aa\u30f3\u30fb\u30d2\u30eb\u306b\u3088\u308b\u9769\u547d\u7684\u306a\u672c\u3067\u3001\u4eba\u9593\u306e\u6210\u529f\u3092\u59a8\u3052\u308b\u969c\u5bb3\u3084\u56f0\u96e3\u306e\u64ec\u4eba\u5316\u3068\u3057\u3066\u63cf\u304b\u308c\u305f\u60aa\u9b54\u306e\u8003\u3048\u65b9\u3068\u6226\u8853\u3092\u63a2\u6c42\u3057\u3066\u3044\u307e\u3059\u3002<\/p>","protected":false},"featured_media":590,"template":"","meta":[],"product_cat":[20],"product_tag":[],"yoast_head":"<!-- This site is optimized with the Yoast SEO plugin v20.11 - https:\/\/yoast.com\/wordpress\/plugins\/seo\/ -->\n<title>Mais Esperto que o Diabo (Napoleon Hill) - Spring School - Loja Virtual<\/title>\n<meta name=\"description\" content=\"Mais Esperto que o Diabo (Napoleon Hill) - Neste livro, in\u00e9dito no Brasil, voc\u00ea vai descobrir, ap\u00f3s 75 anos de segredo, por meio dessa entrevista exclusiva que Napoleon Hill fez, quebrando o c\u00f3digo secreto da mente do Diabo: Quem \u00e9 o Diabo? Onde ele habita?\" \/>\n<meta name=\"robots\" content=\"index, follow, max-snippet:-1, max-image-preview:large, max-video-preview:-1\" \/>\n<link rel=\"canonical\" href=\"https:\/\/loja.springschool.me\/ja\/product\/mais-esperto-que-o-diabo-napoleon-hill\/\" \/>\n<meta property=\"og:locale\" content=\"ja_JP\" \/>\n<meta property=\"og:type\" content=\"article\" \/>\n<meta property=\"og:title\" content=\"Mais Esperto que o Diabo (Napoleon Hill) - Spring School - Loja Virtual\" \/>\n<meta property=\"og:description\" content=\"Mais Esperto que o Diabo (Napoleon Hill) - Neste livro, in\u00e9dito no Brasil, voc\u00ea vai descobrir, ap\u00f3s 75 anos de segredo, por meio dessa entrevista exclusiva que Napoleon Hill fez, quebrando o c\u00f3digo secreto da mente do Diabo: Quem \u00e9 o Diabo? Onde ele habita?\" \/>\n<meta property=\"og:url\" content=\"https:\/\/loja.springschool.me\/ja\/product\/mais-esperto-que-o-diabo-napoleon-hill\/\" \/>\n<meta property=\"og:site_name\" content=\"Spring School - Loja Virtual\" \/>\n<meta property=\"article:modified_time\" content=\"2023-02-03T16:04:02+00:00\" \/>\n<meta property=\"og:image\" content=\"https:\/\/loja.springschool.me\/wp-content\/uploads\/2022\/11\/spring-loja-livro-14-1.jpg\" \/>\n\t<meta property=\"og:image:width\" content=\"1000\" \/>\n\t<meta property=\"og:image:height\" content=\"1000\" \/>\n\t<meta property=\"og:image:type\" content=\"image\/jpeg\" \/>\n<meta name=\"twitter:card\" content=\"summary_large_image\" \/>\n<meta name=\"twitter:label1\" content=\"\u63a8\u5b9a\u8aad\u307f\u53d6\u308a\u6642\u9593\" \/>\n\t<meta name=\"twitter:data1\" content=\"2\u5206\" \/>\n<script type=\"application\/ld+json\" class=\"yoast-schema-graph\">{\"@context\":\"https:\/\/schema.org\",\"@graph\":[{\"@type\":\"WebPage\",\"@id\":\"https:\/\/loja.springschool.me\/ja\/product\/mais-esperto-que-o-diabo-napoleon-hill\/\",\"url\":\"https:\/\/loja.springschool.me\/ja\/product\/mais-esperto-que-o-diabo-napoleon-hill\/\",\"name\":\"Mais Esperto que o Diabo (Napoleon Hill) - Spring School - Loja Virtual\",\"isPartOf\":{\"@id\":\"https:\/\/loja.springschool.me\/#website\"},\"datePublished\":\"2022-11-30T15:09:36+00:00\",\"dateModified\":\"2023-02-03T16:04:02+00:00\",\"description\":\"Mais Esperto que o Diabo (Napoleon Hill) - Neste livro, in\u00e9dito no Brasil, voc\u00ea vai descobrir, ap\u00f3s 75 anos de segredo, por meio dessa entrevista exclusiva que Napoleon Hill fez, quebrando o c\u00f3digo secreto da mente do Diabo: Quem \u00e9 o Diabo? Onde ele habita?\",\"breadcrumb\":{\"@id\":\"https:\/\/loja.springschool.me\/ja\/product\/mais-esperto-que-o-diabo-napoleon-hill\/#breadcrumb\"},\"inLanguage\":\"ja\",\"potentialAction\":[{\"@type\":\"ReadAction\",\"target\":[\"https:\/\/loja.springschool.me\/ja\/product\/mais-esperto-que-o-diabo-napoleon-hill\/\"]}]},{\"@type\":\"BreadcrumbList\",\"@id\":\"https:\/\/loja.springschool.me\/ja\/product\/mais-esperto-que-o-diabo-napoleon-hill\/#breadcrumb\",\"itemListElement\":[{\"@type\":\"ListItem\",\"position\":1,\"name\":\"In\u00edcio\",\"item\":\"https:\/\/loja.springschool.me\/\"},{\"@type\":\"ListItem\",\"position\":2,\"name\":\"Shop\",\"item\":\"https:\/\/loja.springschool.me\/shop\/\"},{\"@type\":\"ListItem\",\"position\":3,\"name\":\"Mais Esperto que o Diabo (Napoleon Hill)\"}]},{\"@type\":\"WebSite\",\"@id\":\"https:\/\/loja.springschool.me\/#website\",\"url\":\"https:\/\/loja.springschool.me\/\",\"name\":\"Spring School - Loja Virtual\",\"description\":\"Just another WordPress site\",\"potentialAction\":[{\"@type\":\"SearchAction\",\"target\":{\"@type\":\"EntryPoint\",\"urlTemplate\":\"https:\/\/loja.springschool.me\/?s={search_term_string}\"},\"query-input\":\"required name=search_term_string\"}],\"inLanguage\":\"ja\"}]}<\/script>\n<!-- \/ Yoast SEO plugin. -->","yoast_head_json":{"title":"Mais Esperto que o Diabo (Napoleon Hill) - Spring School - Loja Virtual","description":"Mais Esperto que o Diabo (Napoleon Hill) - Neste livro, in\u00e9dito no Brasil, voc\u00ea vai descobrir, ap\u00f3s 75 anos de segredo, por meio dessa entrevista exclusiva que Napoleon Hill fez, quebrando o c\u00f3digo secreto da mente do Diabo: Quem \u00e9 o Diabo? Onde ele habita?","robots":{"index":"index","follow":"follow","max-snippet":"max-snippet:-1","max-image-preview":"max-image-preview:large","max-video-preview":"max-video-preview:-1"},"canonical":"https:\/\/loja.springschool.me\/ja\/product\/mais-esperto-que-o-diabo-napoleon-hill\/","og_locale":"ja_JP","og_type":"article","og_title":"Mais Esperto que o Diabo (Napoleon Hill) - Spring School - Loja Virtual","og_description":"Mais Esperto que o Diabo (Napoleon Hill) - Neste livro, in\u00e9dito no Brasil, voc\u00ea vai descobrir, ap\u00f3s 75 anos de segredo, por meio dessa entrevista exclusiva que Napoleon Hill fez, quebrando o c\u00f3digo secreto da mente do Diabo: Quem \u00e9 o Diabo? Onde ele habita?","og_url":"https:\/\/loja.springschool.me\/ja\/product\/mais-esperto-que-o-diabo-napoleon-hill\/","og_site_name":"Spring School - Loja Virtual","article_modified_time":"2023-02-03T16:04:02+00:00","og_image":[{"width":1000,"height":1000,"url":"https:\/\/loja.springschool.me\/wp-content\/uploads\/2022\/11\/spring-loja-livro-14-1.jpg","type":"image\/jpeg"}],"twitter_card":"summary_large_image","twitter_misc":{"\u63a8\u5b9a\u8aad\u307f\u53d6\u308a\u6642\u9593":"2\u5206"},"schema":{"@context":"https:\/\/schema.org","@graph":[{"@type":"WebPage","@id":"https:\/\/loja.springschool.me\/ja\/product\/mais-esperto-que-o-diabo-napoleon-hill\/","url":"https:\/\/loja.springschool.me\/ja\/product\/mais-esperto-que-o-diabo-napoleon-hill\/","name":"Mais Esperto que o Diabo (Napoleon Hill) - Spring School - Loja Virtual","isPartOf":{"@id":"https:\/\/loja.springschool.me\/#website"},"datePublished":"2022-11-30T15:09:36+00:00","dateModified":"2023-02-03T16:04:02+00:00","description":"Mais Esperto que o Diabo (Napoleon Hill) - Neste livro, in\u00e9dito no Brasil, voc\u00ea vai descobrir, ap\u00f3s 75 anos de segredo, por meio dessa entrevista exclusiva que Napoleon Hill fez, quebrando o c\u00f3digo secreto da mente do Diabo: Quem \u00e9 o Diabo? Onde ele habita?","breadcrumb":{"@id":"https:\/\/loja.springschool.me\/ja\/product\/mais-esperto-que-o-diabo-napoleon-hill\/#breadcrumb"},"inLanguage":"ja","potentialAction":[{"@type":"ReadAction","target":["https:\/\/loja.springschool.me\/ja\/product\/mais-esperto-que-o-diabo-napoleon-hill\/"]}]},{"@type":"BreadcrumbList","@id":"https:\/\/loja.springschool.me\/ja\/product\/mais-esperto-que-o-diabo-napoleon-hill\/#breadcrumb","itemListElement":[{"@type":"ListItem","position":1,"name":"In\u00edcio","item":"https:\/\/loja.springschool.me\/"},{"@type":"ListItem","position":2,"name":"Shop","item":"https:\/\/loja.springschool.me\/shop\/"},{"@type":"ListItem","position":3,"name":"Mais Esperto que o Diabo (Napoleon Hill)"}]},{"@type":"WebSite","@id":"https:\/\/loja.springschool.me\/#website","url":"https:\/\/loja.springschool.me\/","name":"Spring School - Loja Virtual","description":"Just another WordPress site","potentialAction":[{"@type":"SearchAction","target":{"@type":"EntryPoint","urlTemplate":"https:\/\/loja.springschool.me\/?s={search_term_string}"},"query-input":"required name=search_term_string"}],"inLanguage":"ja"}]}},"_links":{"self":[{"href":"https:\/\/loja.springschool.me\/ja\/wp-json\/wp\/v2\/product\/526"}],"collection":[{"href":"https:\/\/loja.springschool.me\/ja\/wp-json\/wp\/v2\/product"}],"about":[{"href":"https:\/\/loja.springschool.me\/ja\/wp-json\/wp\/v2\/types\/product"}],"version-history":[{"count":2,"href":"https:\/\/loja.springschool.me\/ja\/wp-json\/wp\/v2\/product\/526\/revisions"}],"predecessor-version":[{"id":1288,"href":"https:\/\/loja.springschool.me\/ja\/wp-json\/wp\/v2\/product\/526\/revisions\/1288"}],"wp:featuredmedia":[{"embeddable":true,"href":"https:\/\/loja.springschool.me\/ja\/wp-json\/wp\/v2\/media\/590"}],"wp:attachment":[{"href":"https:\/\/loja.springschool.me\/ja\/wp-json\/wp\/v2\/media?parent=526"}],"wp:term":[{"taxonomy":"product_cat","embeddable":true,"href":"https:\/\/loja.springschool.me\/ja\/wp-json\/wp\/v2\/product_cat?post=526"},{"taxonomy":"product_tag","embeddable":true,"href":"https:\/\/loja.springschool.me\/ja\/wp-json\/wp\/v2\/product_tag?post=526"}],"curies":[{"name":"wp","href":"https:\/\/api.w.org\/{rel}","templated":true}]}}