{"id":523,"date":"2022-11-30T15:04:45","date_gmt":"2022-11-30T15:04:45","guid":{"rendered":"https:\/\/loja.springschool.me\/?post_type=product&#038;p=523"},"modified":"2023-02-03T16:02:07","modified_gmt":"2023-02-03T16:02:07","slug":"auto-produtividade-denis-ferreira","status":"publish","type":"product","link":"https:\/\/loja.springschool.me\/ja\/product\/auto-produtividade-denis-ferreira\/","title":{"rendered":"\u81ea\u5df1\u751f\u7523\u6027 (\u30c7\u30cb\u30b9\u30fb\u30d5\u30a7\u30ec\u30a4\u30e9)"},"content":{"rendered":"<p>\u9054\u6210\u3067\u304d\u306a\u3044\u3068\u308f\u304b\u3063\u3066\u3044\u308b\u76ee\u6a19\u306b\u56fa\u57f7\u3059\u308b\u306e\u306f\u306a\u305c\u3067\u3057\u3087\u3046\u304b\u3002\u306a\u305c\u79c1\u305f\u3061\u306e\u76ee\u6a19\u306f\u653e\u68c4\u3055\u308c\u3001\u79c1\u305f\u3061\u304c\u671b\u3093\u3067\u3044\u308b\u3053\u3068\u3092\u9054\u6210\u3067\u304d\u306a\u3044\u306e\u3067\u3057\u3087\u3046\u304b?\u60aa\u3044\u7fd2\u6163\u3092\u826f\u3044\u7fd2\u6163\u306b\u5909\u3048\u3066\u3001\u5931\u6557\u304b\u3089\u6210\u529f\u3078\u3068\u5c0e\u304f\u65b9\u6cd5\u3068\u306f?\u3053\u308c\u3089\u3059\u3079\u3066\u306e\u8cea\u554f\u306b\u5bfe\u3059\u308b\u7b54\u3048\u306f\u305f\u3063\u305f 1 \u3064\u3067\u3059\u3002\u81ea\u5df1\u751f\u7523\u6027\u3067\u3059\u3002\u3053\u306e\u672c\u3067\u306f\u3001\u6642\u9593\u3092\u7ba1\u7406\u3059\u308b\u65b9\u6cd5\u3001\u9054\u6210\u53ef\u80fd\u306a\u5177\u4f53\u7684\u306a\u76ee\u6a19\u3092\u4f5c\u6210\u3057\u3066\u8a2d\u5b9a\u3059\u308b\u65b9\u6cd5\u3001\u3053\u308c\u3089\u306e\u76ee\u6a19\u3092\u9054\u6210\u3059\u308b\u305f\u3081\u306e\u76ee\u6a19\u3092\u4f5c\u6210\u3059\u308b\u65b9\u6cd5\u3001\u5922\u3092\u9054\u6210\u3059\u308b\u65b9\u6cd5\u3092\u6c38\u9060\u306b\u5909\u3048\u308b\u7fd2\u6163\u3092\u8eab\u306b\u4ed8\u3051\u308b\u65b9\u6cd5\u3092\u5b66\u3073\u307e\u3059.<\/p>","protected":false},"excerpt":{"rendered":"<p>\u300c\u81ea\u5df1\u751f\u7523\u6027\u300d\u3068\u3044\u3046\u672c\u306f\u3001\u4eba\u3005\u304c\u76ee\u6a19\u306b\u5931\u6557\u3059\u308b\u7406\u7531\u3068\u3001\u3053\u306e\u30b7\u30ca\u30ea\u30aa\u3092\u3069\u306e\u3088\u3046\u306b\u5909\u3048\u308b\u304b\u3068\u3044\u3046\u554f\u984c\u306b\u53d6\u308a\u7d44\u3093\u3067\u3044\u307e\u3059\u3002<\/p>","protected":false},"featured_media":589,"template":"","meta":[],"product_cat":[20],"product_tag":[],"yoast_head":"<!-- This site is optimized with the Yoast SEO plugin v20.11 - https:\/\/yoast.com\/wordpress\/plugins\/seo\/ -->\n<title>Auto Produtividade (Denis Ferreira) - Spring School - Loja Virtual<\/title>\n<meta name=\"description\" content=\"Auto Produtividade (Denis Ferreira) - Por que insistimos em objetivos que sabemos que n\u00e3o conseguiremos completar? Por que nossas metas s\u00e3o abandonadas e n\u00e3o conseguimos realizar aquilo que queremos?\" \/>\n<meta name=\"robots\" content=\"index, follow, max-snippet:-1, max-image-preview:large, max-video-preview:-1\" \/>\n<link rel=\"canonical\" href=\"https:\/\/loja.springschool.me\/ja\/product\/auto-produtividade-denis-ferreira\/\" \/>\n<meta property=\"og:locale\" content=\"ja_JP\" \/>\n<meta property=\"og:type\" content=\"article\" \/>\n<meta property=\"og:title\" content=\"Auto Produtividade (Denis Ferreira) - Spring School - Loja Virtual\" \/>\n<meta property=\"og:description\" content=\"Auto Produtividade (Denis Ferreira) - Por que insistimos em objetivos que sabemos que n\u00e3o conseguiremos completar? Por que nossas metas s\u00e3o abandonadas e n\u00e3o conseguimos realizar aquilo que queremos?\" \/>\n<meta property=\"og:url\" content=\"https:\/\/loja.springschool.me\/ja\/product\/auto-produtividade-denis-ferreira\/\" \/>\n<meta property=\"og:site_name\" content=\"Spring School - Loja Virtual\" \/>\n<meta property=\"article:modified_time\" content=\"2023-02-03T16:02:07+00:00\" \/>\n<meta property=\"og:image\" content=\"https:\/\/loja.springschool.me\/wp-content\/uploads\/2022\/11\/spring-loja-livro-13-1.jpg\" \/>\n\t<meta property=\"og:image:width\" content=\"1000\" \/>\n\t<meta property=\"og:image:height\" content=\"1000\" \/>\n\t<meta property=\"og:image:type\" content=\"image\/jpeg\" \/>\n<meta name=\"twitter:card\" content=\"summary_large_image\" \/>\n<meta name=\"twitter:label1\" content=\"\u63a8\u5b9a\u8aad\u307f\u53d6\u308a\u6642\u9593\" \/>\n\t<meta name=\"twitter:data1\" content=\"1\u5206\" \/>\n<script type=\"application\/ld+json\" class=\"yoast-schema-graph\">{\"@context\":\"https:\/\/schema.org\",\"@graph\":[{\"@type\":\"WebPage\",\"@id\":\"https:\/\/loja.springschool.me\/produto\/auto-produtividade-denis-ferreira\/\",\"url\":\"https:\/\/loja.springschool.me\/produto\/auto-produtividade-denis-ferreira\/\",\"name\":\"Auto Produtividade (Denis Ferreira) - Spring School - Loja Virtual\",\"isPartOf\":{\"@id\":\"https:\/\/loja.springschool.me\/#website\"},\"datePublished\":\"2022-11-30T15:04:45+00:00\",\"dateModified\":\"2023-02-03T16:02:07+00:00\",\"description\":\"Auto Produtividade (Denis Ferreira) - Por que insistimos em objetivos que sabemos que n\u00e3o conseguiremos completar? Por que nossas metas s\u00e3o abandonadas e n\u00e3o conseguimos realizar aquilo que queremos?\",\"breadcrumb\":{\"@id\":\"https:\/\/loja.springschool.me\/produto\/auto-produtividade-denis-ferreira\/#breadcrumb\"},\"inLanguage\":\"ja\",\"potentialAction\":[{\"@type\":\"ReadAction\",\"target\":[\"https:\/\/loja.springschool.me\/produto\/auto-produtividade-denis-ferreira\/\"]}]},{\"@type\":\"BreadcrumbList\",\"@id\":\"https:\/\/loja.springschool.me\/produto\/auto-produtividade-denis-ferreira\/#breadcrumb\",\"itemListElement\":[{\"@type\":\"ListItem\",\"position\":1,\"name\":\"In\u00edcio\",\"item\":\"https:\/\/loja.springschool.me\/\"},{\"@type\":\"ListItem\",\"position\":2,\"name\":\"Shop\",\"item\":\"https:\/\/loja.springschool.me\/shop\/\"},{\"@type\":\"ListItem\",\"position\":3,\"name\":\"Auto Produtividade (Denis Ferreira)\"}]},{\"@type\":\"WebSite\",\"@id\":\"https:\/\/loja.springschool.me\/#website\",\"url\":\"https:\/\/loja.springschool.me\/\",\"name\":\"Spring School - Loja Virtual\",\"description\":\"Just another WordPress site\",\"potentialAction\":[{\"@type\":\"SearchAction\",\"target\":{\"@type\":\"EntryPoint\",\"urlTemplate\":\"https:\/\/loja.springschool.me\/?s={search_term_string}\"},\"query-input\":\"required name=search_term_string\"}],\"inLanguage\":\"ja\"}]}<\/script>\n<!-- \/ Yoast SEO plugin. -->","yoast_head_json":{"title":"Auto Produtividade (Denis Ferreira) - Spring School - Loja Virtual","description":"Auto Produtividade (Denis Ferreira) - Por que insistimos em objetivos que sabemos que n\u00e3o conseguiremos completar? Por que nossas metas s\u00e3o abandonadas e n\u00e3o conseguimos realizar aquilo que queremos?","robots":{"index":"index","follow":"follow","max-snippet":"max-snippet:-1","max-image-preview":"max-image-preview:large","max-video-preview":"max-video-preview:-1"},"canonical":"https:\/\/loja.springschool.me\/ja\/product\/auto-produtividade-denis-ferreira\/","og_locale":"ja_JP","og_type":"article","og_title":"Auto Produtividade (Denis Ferreira) - Spring School - Loja Virtual","og_description":"Auto Produtividade (Denis Ferreira) - Por que insistimos em objetivos que sabemos que n\u00e3o conseguiremos completar? Por que nossas metas s\u00e3o abandonadas e n\u00e3o conseguimos realizar aquilo que queremos?","og_url":"https:\/\/loja.springschool.me\/ja\/product\/auto-produtividade-denis-ferreira\/","og_site_name":"Spring School - Loja Virtual","article_modified_time":"2023-02-03T16:02:07+00:00","og_image":[{"width":1000,"height":1000,"url":"https:\/\/loja.springschool.me\/wp-content\/uploads\/2022\/11\/spring-loja-livro-13-1.jpg","type":"image\/jpeg"}],"twitter_card":"summary_large_image","twitter_misc":{"\u63a8\u5b9a\u8aad\u307f\u53d6\u308a\u6642\u9593":"1\u5206"},"schema":{"@context":"https:\/\/schema.org","@graph":[{"@type":"WebPage","@id":"https:\/\/loja.springschool.me\/produto\/auto-produtividade-denis-ferreira\/","url":"https:\/\/loja.springschool.me\/produto\/auto-produtividade-denis-ferreira\/","name":"Auto Produtividade (Denis Ferreira) - Spring School - Loja Virtual","isPartOf":{"@id":"https:\/\/loja.springschool.me\/#website"},"datePublished":"2022-11-30T15:04:45+00:00","dateModified":"2023-02-03T16:02:07+00:00","description":"Auto Produtividade (Denis Ferreira) - Por que insistimos em objetivos que sabemos que n\u00e3o conseguiremos completar? Por que nossas metas s\u00e3o abandonadas e n\u00e3o conseguimos realizar aquilo que queremos?","breadcrumb":{"@id":"https:\/\/loja.springschool.me\/produto\/auto-produtividade-denis-ferreira\/#breadcrumb"},"inLanguage":"ja","potentialAction":[{"@type":"ReadAction","target":["https:\/\/loja.springschool.me\/produto\/auto-produtividade-denis-ferreira\/"]}]},{"@type":"BreadcrumbList","@id":"https:\/\/loja.springschool.me\/produto\/auto-produtividade-denis-ferreira\/#breadcrumb","itemListElement":[{"@type":"ListItem","position":1,"name":"In\u00edcio","item":"https:\/\/loja.springschool.me\/"},{"@type":"ListItem","position":2,"name":"Shop","item":"https:\/\/loja.springschool.me\/shop\/"},{"@type":"ListItem","position":3,"name":"Auto Produtividade (Denis Ferreira)"}]},{"@type":"WebSite","@id":"https:\/\/loja.springschool.me\/#website","url":"https:\/\/loja.springschool.me\/","name":"Spring School - Loja Virtual","description":"Just another WordPress site","potentialAction":[{"@type":"SearchAction","target":{"@type":"EntryPoint","urlTemplate":"https:\/\/loja.springschool.me\/?s={search_term_string}"},"query-input":"required name=search_term_string"}],"inLanguage":"ja"}]}},"_links":{"self":[{"href":"https:\/\/loja.springschool.me\/ja\/wp-json\/wp\/v2\/product\/523"}],"collection":[{"href":"https:\/\/loja.springschool.me\/ja\/wp-json\/wp\/v2\/product"}],"about":[{"href":"https:\/\/loja.springschool.me\/ja\/wp-json\/wp\/v2\/types\/product"}],"version-history":[{"count":2,"href":"https:\/\/loja.springschool.me\/ja\/wp-json\/wp\/v2\/product\/523\/revisions"}],"predecessor-version":[{"id":1287,"href":"https:\/\/loja.springschool.me\/ja\/wp-json\/wp\/v2\/product\/523\/revisions\/1287"}],"wp:featuredmedia":[{"embeddable":true,"href":"https:\/\/loja.springschool.me\/ja\/wp-json\/wp\/v2\/media\/589"}],"wp:attachment":[{"href":"https:\/\/loja.springschool.me\/ja\/wp-json\/wp\/v2\/media?parent=523"}],"wp:term":[{"taxonomy":"product_cat","embeddable":true,"href":"https:\/\/loja.springschool.me\/ja\/wp-json\/wp\/v2\/product_cat?post=523"},{"taxonomy":"product_tag","embeddable":true,"href":"https:\/\/loja.springschool.me\/ja\/wp-json\/wp\/v2\/product_tag?post=523"}],"curies":[{"name":"wp","href":"https:\/\/api.w.org\/{rel}","templated":true}]}}