{"id":517,"date":"2022-11-30T14:45:03","date_gmt":"2022-11-30T14:45:03","guid":{"rendered":"https:\/\/loja.springschool.me\/?post_type=product&#038;p=517"},"modified":"2023-02-03T15:57:52","modified_gmt":"2023-02-03T15:57:52","slug":"estupida-eu-camila-coutinho","status":"publish","type":"product","link":"https:\/\/loja.springschool.me\/ja\/product\/estupida-eu-camila-coutinho\/","title":{"rendered":"\u3070\u304b\u3001\u79c1\uff1f (\u30ab\u30df\u30e9\u30fb\u30b3\u30a6\u30c1\u30fc\u30cb\u30e7)"},"content":{"rendered":"<p>\u30ab\u30df\u30e9\u30fb\u30b3\u30a6\u30c1\u30fc\u30cb\u30e7\u306f\u73fe\u8c61\u3067\u3059\u3002\u4e16\u754c\u3067\u6700\u3082\u5f71\u97ff\u529b\u306e\u3042\u308b\u30d5\u30a1\u30c3\u30b7\u30e7\u30f3 \u30d6\u30ed\u30b0\u306e 1 \u3064\u3067\u3042\u308b Garotas Est\u00fapidas \u306e\u4f5c\u6210\u8005\u3067\u3042\u308b\u5f7c\u5973\u306f\u3001\u4eca\u65e5\u3001\u30bd\u30fc\u30b7\u30e3\u30eb \u30cd\u30c3\u30c8\u30ef\u30fc\u30af\u3067\u4f55\u767e\u4e07\u4eba\u3082\u306e\u30d5\u30a9\u30ed\u30ef\u30fc\u3092\u7372\u5f97\u3057\u3001\u4e3b\u8981\u306a\u30b0\u30ed\u30fc\u30d0\u30eb \u30d6\u30e9\u30f3\u30c9\u3068\u63d0\u643a\u3057\u3001\u3055\u307e\u3056\u307e\u306a\u30e9\u30a4\u30bb\u30f3\u30b9\u88fd\u54c1\u3092\u63d0\u4f9b\u3057\u3001\u96d1\u8a8c\u306e\u8868\u7d19\u306b\u63b2\u8f09\u3055\u308c\u3001\u6700\u524d\u7dda\u3067\u306e\u5b58\u5728\u611f\u304c\u4fdd\u8a3c\u3055\u308c\u3066\u3044\u307e\u3059\u3002\u3059\u3079\u3066\u306e\u6700\u3082\u91cd\u8981\u306a\u30d5\u30a1\u30c3\u30b7\u30e7\u30f3 \u30a6\u30a3\u30fc\u30af\u306e\u5217\u3002<\/p>\n<p>\u8a13\u7df4\u3092\u53d7\u3051\u305f\u30d5\u30a1\u30c3\u30b7\u30e7\u30f3 \u30c7\u30b6\u30a4\u30ca\u30fc\u3067\u3042\u308a\u3001\u904b\u547d\u306e\u8d77\u696d\u5bb6\u3067\u3042\u308b Camila \u306f\u3001\u7720\u308c\u306c\u591c\u306b\u30d6\u30ed\u30b0\u3092\u4f5c\u6210\u3057\u3066\u3001\u30a4\u30f3\u30bf\u30fc\u30cd\u30c3\u30c8\u4e0a\u306e\u30af\u30ea\u30a8\u30a4\u30c6\u30a3\u30d6 \u30b3\u30f3\u30c6\u30f3\u30c4\u304c\u307e\u3060\u521d\u671f\u6bb5\u968e\u306b\u3042\u3063\u305f\u3068\u304d\u306b\u53cb\u4eba\u3068\u60c5\u5831\u3092\u4ea4\u63db\u3059\u308b\u3068\u3044\u3046\u30a2\u30a4\u30c7\u30a2\u3092\u601d\u3044\u3064\u304d\u307e\u3057\u305f\u3002 10 \u5e74\u5f8c\u3001\u5f7c\u5973\u306f Stupid, Me? \u3067\u305d\u308c\u3092\u5171\u6709\u3057\u307e\u3059\u3002\u5358\u306a\u308b\u8da3\u5473\u3060\u3063\u305f\u3082\u306e\u3092\u5927\u304d\u306a\u30d3\u30b8\u30cd\u30b9\u306b\u5909\u3048\u308b\u305f\u3081\u306b\u591a\u304f\u306e\u77e5\u6027\u3068\u67d4\u8edf\u6027\u3092\u6301\u3063\u3066\u5f7c\u304c\u3057\u305f\u3053\u3068\u3001\u305d\u3057\u3066\u307e\u3059\u307e\u3059\u63a5\u7d9a\u3055\u308c\u305f\u4e16\u754c\u3067\u79c1\u305f\u3061\u304c\u30d5\u30a1\u30c3\u30b7\u30e7\u30f3\u306e\u672a\u6765\u304b\u3089\u4f55\u3092\u671f\u5f85\u3067\u304d\u308b\u304b\u306b\u3064\u3044\u3066\u306e\u5f7c\u306e\u8003\u3048\u3092\u5171\u6709\u3059\u308b\u3053\u3068\u306b\u52a0\u3048\u3066.<\/p>\n<p>2015 \u5e74\u3001\u30ab\u30df\u30e9 \u30b3\u30a6\u30c1\u30fc\u30cb\u30e7\u306f\u3001\u30d5\u30a9\u30fc\u30d6\u30b9\u306b\u3088\u3063\u3066 30 \u6b73\u672a\u6e80\u306e\u6700\u3082\u5f71\u97ff\u529b\u306e\u3042\u308b 30 \u4eba\u306e\u82e5\u3044\u30d6\u30e9\u30b8\u30eb\u4eba\u306e 1 \u4eba\u306b\u9078\u3070\u308c\u30012017 \u5e74\u306b\u306f\u3001\u5e02\u5834\u3067\u6700\u3082\u91cd\u8981\u306a 500 \u4eba\u306e\u540d\u524d\u3092\u6bce\u5e74\u9078\u3076\u30d3\u30b8\u30cd\u30b9 \u30aa\u30d6 \u30d5\u30a1\u30c3\u30b7\u30e7\u30f3 \u30ea\u30b9\u30c8\u306b\u52a0\u308f\u308a\u307e\u3057\u305f\u3002\u540d\u58f0\u3092\u84c4\u7a4d\u3057\u3001\u4f55\u767e\u4e07\u4eba\u3082\u306e\u30d5\u30a9\u30ed\u30ef\u30fc\u3092\u7372\u5f97\u3057\u3066\u3044\u307e\u3059\u3002<\/p>\n<p>Camila Coutinho \u306f\u4eca\u65e5\u3001\u30d5\u30a1\u30c3\u30b7\u30e7\u30f3\u754c\u3067\u6700\u3082\u5c0a\u656c\u3055\u308c\u3001\u9769\u65b0\u7684\u306a\u30c7\u30b8\u30bf\u30eb \u30a4\u30f3\u30d5\u30eb\u30a8\u30f3\u30b5\u30fc\u306e 1 \u4eba\u3067\u3059\u3002\u30d6\u30e9\u30b8\u30eb\u3067\u6700\u521d\u306e\u30d5\u30a1\u30c3\u30b7\u30e7\u30f3 \u30d6\u30ed\u30b0\u3067\u3042\u308b Garotas Est\u00fapidas \u306f 2006 \u5e74\u306b\u5f7c\u5973\u306b\u3088\u3063\u3066\u4f5c\u6210\u3055\u308c\u30014 \u5e74\u5f8c\u3001Signature9 Web \u30b5\u30a4\u30c8\u306b\u3088\u3063\u3066\u4e16\u754c\u3067\u6700\u3082\u5f71\u97ff\u529b\u306e\u3042\u308b 99 \u306e\u30d6\u30ed\u30b0\u306e\u4e2d\u306b\u65e2\u306b\u30ea\u30b9\u30c8\u3055\u308c\u3066\u3044\u307e\u3057\u305f\u3002<\/p>","protected":false},"excerpt":{"rendered":"<p>\u30ab\u30df\u30e9\u30fb\u30b3\u30a6\u30c1\u30fc\u30cb\u30e7\u306f\u3001\u3053\u306e\u672c\u306e\u4e2d\u3067\u3001\u8da3\u5473\u3092\u5927\u304d\u306a\u30d3\u30b8\u30cd\u30b9\u306b\u5909\u3048\u305f\u5f7c\u5973\u306e\u65c5\u3092\u5171\u6709\u3057\u3066\u3044\u307e\u3059\u3002\u30ab\u30df\u30e9\u306f\u3001\u30d5\u30a1\u30c3\u30b7\u30e7\u30f3\u754c\u3067\u6700\u3082\u5c0a\u656c\u3055\u308c\u3066\u3044\u308b\u9769\u65b0\u7684\u306a\u30c7\u30b8\u30bf\u30eb \u30a4\u30f3\u30d5\u30eb\u30a8\u30f3\u30b5\u30fc\u306e 1 \u4eba\u3067\u3059\u3002<\/p>","protected":false},"featured_media":587,"template":"","meta":[],"product_cat":[20],"product_tag":[],"yoast_head":"<!-- This site is optimized with the Yoast SEO plugin v20.11 - https:\/\/yoast.com\/wordpress\/plugins\/seo\/ -->\n<title>Est\u00fapida, eu? (Camila Coutinho) - Spring School - Loja Virtual<\/title>\n<meta name=\"description\" content=\"Camila Coutinho \u00e9 um fen\u00f4meno. Criadora de um dos blogs de moda mais influentes do mundo, o Garotas Est\u00fapidas, hoje ela tem milh\u00f5es de seguidores nas...\" \/>\n<meta name=\"robots\" content=\"index, follow, max-snippet:-1, max-image-preview:large, max-video-preview:-1\" \/>\n<link rel=\"canonical\" href=\"https:\/\/loja.springschool.me\/ja\/product\/estupida-eu-camila-coutinho\/\" \/>\n<meta property=\"og:locale\" content=\"ja_JP\" \/>\n<meta property=\"og:type\" content=\"article\" \/>\n<meta property=\"og:title\" content=\"Est\u00fapida, eu? (Camila Coutinho) - Spring School - Loja Virtual\" \/>\n<meta property=\"og:description\" content=\"Camila Coutinho \u00e9 um fen\u00f4meno. Criadora de um dos blogs de moda mais influentes do mundo, o Garotas Est\u00fapidas, hoje ela tem milh\u00f5es de seguidores nas...\" \/>\n<meta property=\"og:url\" content=\"https:\/\/loja.springschool.me\/ja\/product\/estupida-eu-camila-coutinho\/\" \/>\n<meta property=\"og:site_name\" content=\"Spring School - Loja Virtual\" \/>\n<meta property=\"article:modified_time\" content=\"2023-02-03T15:57:52+00:00\" \/>\n<meta property=\"og:image\" content=\"https:\/\/loja.springschool.me\/wp-content\/uploads\/2022\/11\/spring-loja-livro-11-1.jpg\" \/>\n\t<meta property=\"og:image:width\" content=\"1000\" \/>\n\t<meta property=\"og:image:height\" content=\"1000\" \/>\n\t<meta property=\"og:image:type\" content=\"image\/jpeg\" \/>\n<meta name=\"twitter:card\" content=\"summary_large_image\" \/>\n<meta name=\"twitter:label1\" content=\"\u63a8\u5b9a\u8aad\u307f\u53d6\u308a\u6642\u9593\" \/>\n\t<meta name=\"twitter:data1\" content=\"2\u5206\" \/>\n<script type=\"application\/ld+json\" class=\"yoast-schema-graph\">{\"@context\":\"https:\/\/schema.org\",\"@graph\":[{\"@type\":\"WebPage\",\"@id\":\"https:\/\/loja.springschool.me\/produto\/estupida-eu-camila-coutinho\/\",\"url\":\"https:\/\/loja.springschool.me\/produto\/estupida-eu-camila-coutinho\/\",\"name\":\"Est\u00fapida, eu? (Camila Coutinho) - Spring School - Loja Virtual\",\"isPartOf\":{\"@id\":\"https:\/\/loja.springschool.me\/#website\"},\"datePublished\":\"2022-11-30T14:45:03+00:00\",\"dateModified\":\"2023-02-03T15:57:52+00:00\",\"description\":\"Camila Coutinho \u00e9 um fen\u00f4meno. Criadora de um dos blogs de moda mais influentes do mundo, o Garotas Est\u00fapidas, hoje ela tem milh\u00f5es de seguidores nas...\",\"breadcrumb\":{\"@id\":\"https:\/\/loja.springschool.me\/produto\/estupida-eu-camila-coutinho\/#breadcrumb\"},\"inLanguage\":\"ja\",\"potentialAction\":[{\"@type\":\"ReadAction\",\"target\":[\"https:\/\/loja.springschool.me\/produto\/estupida-eu-camila-coutinho\/\"]}]},{\"@type\":\"BreadcrumbList\",\"@id\":\"https:\/\/loja.springschool.me\/produto\/estupida-eu-camila-coutinho\/#breadcrumb\",\"itemListElement\":[{\"@type\":\"ListItem\",\"position\":1,\"name\":\"In\u00edcio\",\"item\":\"https:\/\/loja.springschool.me\/\"},{\"@type\":\"ListItem\",\"position\":2,\"name\":\"Shop\",\"item\":\"https:\/\/loja.springschool.me\/shop\/\"},{\"@type\":\"ListItem\",\"position\":3,\"name\":\"Est\u00fapida, eu? (Camila Coutinho)\"}]},{\"@type\":\"WebSite\",\"@id\":\"https:\/\/loja.springschool.me\/#website\",\"url\":\"https:\/\/loja.springschool.me\/\",\"name\":\"Spring School - Loja Virtual\",\"description\":\"Just another WordPress site\",\"potentialAction\":[{\"@type\":\"SearchAction\",\"target\":{\"@type\":\"EntryPoint\",\"urlTemplate\":\"https:\/\/loja.springschool.me\/?s={search_term_string}\"},\"query-input\":\"required name=search_term_string\"}],\"inLanguage\":\"ja\"}]}<\/script>\n<!-- \/ Yoast SEO plugin. -->","yoast_head_json":{"title":"Est\u00fapida, eu? (Camila Coutinho) - Spring School - Loja Virtual","description":"Camila Coutinho \u00e9 um fen\u00f4meno. Criadora de um dos blogs de moda mais influentes do mundo, o Garotas Est\u00fapidas, hoje ela tem milh\u00f5es de seguidores nas...","robots":{"index":"index","follow":"follow","max-snippet":"max-snippet:-1","max-image-preview":"max-image-preview:large","max-video-preview":"max-video-preview:-1"},"canonical":"https:\/\/loja.springschool.me\/ja\/product\/estupida-eu-camila-coutinho\/","og_locale":"ja_JP","og_type":"article","og_title":"Est\u00fapida, eu? (Camila Coutinho) - Spring School - Loja Virtual","og_description":"Camila Coutinho \u00e9 um fen\u00f4meno. Criadora de um dos blogs de moda mais influentes do mundo, o Garotas Est\u00fapidas, hoje ela tem milh\u00f5es de seguidores nas...","og_url":"https:\/\/loja.springschool.me\/ja\/product\/estupida-eu-camila-coutinho\/","og_site_name":"Spring School - Loja Virtual","article_modified_time":"2023-02-03T15:57:52+00:00","og_image":[{"width":1000,"height":1000,"url":"https:\/\/loja.springschool.me\/wp-content\/uploads\/2022\/11\/spring-loja-livro-11-1.jpg","type":"image\/jpeg"}],"twitter_card":"summary_large_image","twitter_misc":{"\u63a8\u5b9a\u8aad\u307f\u53d6\u308a\u6642\u9593":"2\u5206"},"schema":{"@context":"https:\/\/schema.org","@graph":[{"@type":"WebPage","@id":"https:\/\/loja.springschool.me\/produto\/estupida-eu-camila-coutinho\/","url":"https:\/\/loja.springschool.me\/produto\/estupida-eu-camila-coutinho\/","name":"Est\u00fapida, eu? (Camila Coutinho) - Spring School - Loja Virtual","isPartOf":{"@id":"https:\/\/loja.springschool.me\/#website"},"datePublished":"2022-11-30T14:45:03+00:00","dateModified":"2023-02-03T15:57:52+00:00","description":"Camila Coutinho \u00e9 um fen\u00f4meno. Criadora de um dos blogs de moda mais influentes do mundo, o Garotas Est\u00fapidas, hoje ela tem milh\u00f5es de seguidores nas...","breadcrumb":{"@id":"https:\/\/loja.springschool.me\/produto\/estupida-eu-camila-coutinho\/#breadcrumb"},"inLanguage":"ja","potentialAction":[{"@type":"ReadAction","target":["https:\/\/loja.springschool.me\/produto\/estupida-eu-camila-coutinho\/"]}]},{"@type":"BreadcrumbList","@id":"https:\/\/loja.springschool.me\/produto\/estupida-eu-camila-coutinho\/#breadcrumb","itemListElement":[{"@type":"ListItem","position":1,"name":"In\u00edcio","item":"https:\/\/loja.springschool.me\/"},{"@type":"ListItem","position":2,"name":"Shop","item":"https:\/\/loja.springschool.me\/shop\/"},{"@type":"ListItem","position":3,"name":"Est\u00fapida, eu? (Camila Coutinho)"}]},{"@type":"WebSite","@id":"https:\/\/loja.springschool.me\/#website","url":"https:\/\/loja.springschool.me\/","name":"Spring School - Loja Virtual","description":"Just another WordPress site","potentialAction":[{"@type":"SearchAction","target":{"@type":"EntryPoint","urlTemplate":"https:\/\/loja.springschool.me\/?s={search_term_string}"},"query-input":"required name=search_term_string"}],"inLanguage":"ja"}]}},"_links":{"self":[{"href":"https:\/\/loja.springschool.me\/ja\/wp-json\/wp\/v2\/product\/517"}],"collection":[{"href":"https:\/\/loja.springschool.me\/ja\/wp-json\/wp\/v2\/product"}],"about":[{"href":"https:\/\/loja.springschool.me\/ja\/wp-json\/wp\/v2\/types\/product"}],"version-history":[{"count":2,"href":"https:\/\/loja.springschool.me\/ja\/wp-json\/wp\/v2\/product\/517\/revisions"}],"predecessor-version":[{"id":1285,"href":"https:\/\/loja.springschool.me\/ja\/wp-json\/wp\/v2\/product\/517\/revisions\/1285"}],"wp:featuredmedia":[{"embeddable":true,"href":"https:\/\/loja.springschool.me\/ja\/wp-json\/wp\/v2\/media\/587"}],"wp:attachment":[{"href":"https:\/\/loja.springschool.me\/ja\/wp-json\/wp\/v2\/media?parent=517"}],"wp:term":[{"taxonomy":"product_cat","embeddable":true,"href":"https:\/\/loja.springschool.me\/ja\/wp-json\/wp\/v2\/product_cat?post=517"},{"taxonomy":"product_tag","embeddable":true,"href":"https:\/\/loja.springschool.me\/ja\/wp-json\/wp\/v2\/product_tag?post=517"}],"curies":[{"name":"wp","href":"https:\/\/api.w.org\/{rel}","templated":true}]}}