{"id":514,"date":"2022-11-30T14:40:02","date_gmt":"2022-11-30T14:40:02","guid":{"rendered":"https:\/\/loja.springschool.me\/?post_type=product&#038;p=514"},"modified":"2023-02-03T15:56:23","modified_gmt":"2023-02-03T15:56:23","slug":"quem-mexeu-no-meu-dinheiro-robert-kiyosaki","status":"publish","type":"product","link":"https:\/\/loja.springschool.me\/ja\/product\/quem-mexeu-no-meu-dinheiro-robert-kiyosaki\/","title":{"rendered":"\u8ab0\u304c\u79c1\u306e\u304a\u91d1\u306b\u89e6\u308c\u305f? \uff08\u30ed\u30d0\u30fc\u30c8\u30fb\u30ad\u30e8\u30b5\u30ad\uff09"},"content":{"rendered":"<p>\u91d1\u6301\u3061\u7236\u3055\u3093\u306e\u30ac\u30a4\u30c9 \u2013 \u79c1\u306e\u304a\u91d1\u3092\u52d5\u304b\u3057\u305f\u306e\u306f\u8ab0\u3067\u3059\u304b? \u2013 \u6539\u8a02\u66f4\u65b0\u7248 kiyosaki\u3001robert t. alta Books 9788550801018 portugues NBR31 \u3053\u306e\u672c\u306f\u3001\u81ea\u5206\u306e\u304a\u91d1\u3092\u3088\u308a\u7d30\u304b\u304f\u7ba1\u7406\u3057\u3001\u5e73\u5747\u7684\u306a\u6295\u8cc7\u5bb6\u304c\u53d7\u3051\u53d6\u308b\u3088\u308a\u3082\u512a\u308c\u305f\u30ea\u30bf\u30fc\u30f3\u3092\u7372\u5f97\u3057\u305f\u3044\u4eba\u5411\u3051\u3067\u3059\u3002\u304a\u91d1\u6301\u3061\u306b\u306a\u308b\u305f\u3081\u306b\u4f55\u3092\u3059\u308b\u304b\u3001\u3069\u306e\u3088\u3046\u306b\u3059\u308b\u304b\u306f\u3042\u306a\u305f\u6b21\u7b2c\u306a\u306e\u3067\u3001\u4f55\u3092\u3059\u3079\u304d\u304b\u6b63\u78ba\u306b\u6559\u3048\u3089\u308c\u308b\u3053\u3068\u306f\u3042\u308a\u307e\u305b\u3093\u3002\u3057\u304b\u3057\u3001\u3053\u306e\u672c\u306f\u3001\u306a\u305c\u4e00\u90e8\u306e\u6295\u8cc7\u5bb6\u304c\u5c11\u306a\u3044\u30ea\u30b9\u30af\u3067\u3001\u306f\u308b\u304b\u306b\u77ed\u3044\u6642\u9593\u3067\u5e73\u5747\u3088\u308a\u3082\u306f\u308b\u304b\u306b\u9ad8\u3044\u30ea\u30bf\u30fc\u30f3\u3092\u9054\u6210\u3059\u308b\u306e\u304b\u3092\u7406\u89e3\u3059\u308b\u306e\u306b\u5f79\u7acb\u3061\u307e\u3059\u3002\u6295\u8cc7\u5bb6\u306e90%\u306f\u5e73\u5747\u5024\u306b\u8a72\u5f53\u3057\u3001\u6295\u8cc7\u30d5\u30a1\u30f3\u30c9\u3084\u9000\u8077\u91d1\u5236\u5ea6\u3078\u306e\u6295\u8cc7\u3092\u7d99\u7d9a\u3059\u308b\u5fc5\u8981\u304c\u3042\u308a\u307e\u3059\u3002\u3053\u306e\u672c\u306e\u60c5\u5831\u306f\u3001\u30d7\u30ed\u306e\u6295\u8cc7\u5bb6\u3068\u3057\u3066\u884c\u52d5\u3057\u3001\u6295\u8cc7\u30dd\u30fc\u30c8\u30d5\u30a9\u30ea\u30aa\u306e\u6210\u9577\u3092\u52a0\u901f\u3057\u305f\u3044\u3068\u8003\u3048\u3066\u3044\u308b 10% \u3092\u5bfe\u8c61\u3068\u3057\u3066\u3044\u307e\u3059\u3002<\/p>","protected":false},"excerpt":{"rendered":"<p>\u3053\u306e\u672c\u306f\u3001\u4e00\u90e8\u306e\u6295\u8cc7\u5bb6\u304c\u3088\u308a\u5c11\u306a\u3044\u30ea\u30b9\u30af\u3068\u6642\u9593\u3067\u3088\u308a\u826f\u3044\u7d50\u679c\u3092\u9054\u6210\u3059\u308b\u7406\u7531\u3092\u7406\u89e3\u3059\u308b\u3053\u3068\u3067\u3001\u4eba\u3005\u304c\u81ea\u5206\u306e\u8cc7\u91d1\u3092\u3088\u308a\u9069\u5207\u306b\u7ba1\u7406\u3057\u3001\u5e73\u5747\u7684\u306a\u6295\u8cc7\u5bb6\u3088\u308a\u3082\u9ad8\u3044\u5229\u76ca\u3092\u5f97\u308b\u306e\u306b\u5f79\u7acb\u3061\u307e\u3059\u3002<\/p>","protected":false},"featured_media":585,"template":"","meta":[],"product_cat":[20],"product_tag":[],"yoast_head":"<!-- This site is optimized with the Yoast SEO plugin v20.11 - https:\/\/yoast.com\/wordpress\/plugins\/seo\/ -->\n<title>Quem mexeu no meu Dinheiro? (Robert Kiyosaki) - Spring School - Loja Virtual<\/title>\n<meta name=\"description\" content=\"Quem mexeu no meu Dinheiro? (Robert Kiyosaki) - O Guia do Pai Rico - Quem Mexeu no Meu Dinheiro? - Edi\u00e7\u00e3o Revista e Atualizada kiyosaki, robert t. alta books 9788550801018 portugues NBR31 Este livro \u00e9 para as pessoas que querem exercer maior controle sobre seu dinheiro e obter retornos superiores \u00e0queles auferidos pelo investidor m\u00e9dio.\" \/>\n<meta name=\"robots\" content=\"index, follow, max-snippet:-1, max-image-preview:large, max-video-preview:-1\" \/>\n<link rel=\"canonical\" href=\"https:\/\/loja.springschool.me\/ja\/product\/quem-mexeu-no-meu-dinheiro-robert-kiyosaki\/\" \/>\n<meta property=\"og:locale\" content=\"ja_JP\" \/>\n<meta property=\"og:type\" content=\"article\" \/>\n<meta property=\"og:title\" content=\"Quem mexeu no meu Dinheiro? (Robert Kiyosaki) - Spring School - Loja Virtual\" \/>\n<meta property=\"og:description\" content=\"Quem mexeu no meu Dinheiro? (Robert Kiyosaki) - O Guia do Pai Rico - Quem Mexeu no Meu Dinheiro? - Edi\u00e7\u00e3o Revista e Atualizada kiyosaki, robert t. alta books 9788550801018 portugues NBR31 Este livro \u00e9 para as pessoas que querem exercer maior controle sobre seu dinheiro e obter retornos superiores \u00e0queles auferidos pelo investidor m\u00e9dio.\" \/>\n<meta property=\"og:url\" content=\"https:\/\/loja.springschool.me\/ja\/product\/quem-mexeu-no-meu-dinheiro-robert-kiyosaki\/\" \/>\n<meta property=\"og:site_name\" content=\"Spring School - Loja Virtual\" \/>\n<meta property=\"article:modified_time\" content=\"2023-02-03T15:56:23+00:00\" \/>\n<meta property=\"og:image\" content=\"https:\/\/loja.springschool.me\/wp-content\/uploads\/2022\/11\/spring-loja-livro-10-1.jpg\" \/>\n\t<meta property=\"og:image:width\" content=\"1000\" \/>\n\t<meta property=\"og:image:height\" content=\"1000\" \/>\n\t<meta property=\"og:image:type\" content=\"image\/jpeg\" \/>\n<meta name=\"twitter:card\" content=\"summary_large_image\" \/>\n<meta name=\"twitter:label1\" content=\"\u63a8\u5b9a\u8aad\u307f\u53d6\u308a\u6642\u9593\" \/>\n\t<meta name=\"twitter:data1\" content=\"1\u5206\" \/>\n<script type=\"application\/ld+json\" class=\"yoast-schema-graph\">{\"@context\":\"https:\/\/schema.org\",\"@graph\":[{\"@type\":\"WebPage\",\"@id\":\"https:\/\/loja.springschool.me\/produto\/quem-mexeu-no-meu-dinheiro-robert-kiyosaki\/\",\"url\":\"https:\/\/loja.springschool.me\/produto\/quem-mexeu-no-meu-dinheiro-robert-kiyosaki\/\",\"name\":\"Quem mexeu no meu Dinheiro? (Robert Kiyosaki) - Spring School - Loja Virtual\",\"isPartOf\":{\"@id\":\"https:\/\/loja.springschool.me\/#website\"},\"datePublished\":\"2022-11-30T14:40:02+00:00\",\"dateModified\":\"2023-02-03T15:56:23+00:00\",\"description\":\"Quem mexeu no meu Dinheiro? (Robert Kiyosaki) - O Guia do Pai Rico - Quem Mexeu no Meu Dinheiro? - Edi\u00e7\u00e3o Revista e Atualizada kiyosaki, robert t. alta books 9788550801018 portugues NBR31 Este livro \u00e9 para as pessoas que querem exercer maior controle sobre seu dinheiro e obter retornos superiores \u00e0queles auferidos pelo investidor m\u00e9dio.\",\"breadcrumb\":{\"@id\":\"https:\/\/loja.springschool.me\/produto\/quem-mexeu-no-meu-dinheiro-robert-kiyosaki\/#breadcrumb\"},\"inLanguage\":\"ja\",\"potentialAction\":[{\"@type\":\"ReadAction\",\"target\":[\"https:\/\/loja.springschool.me\/produto\/quem-mexeu-no-meu-dinheiro-robert-kiyosaki\/\"]}]},{\"@type\":\"BreadcrumbList\",\"@id\":\"https:\/\/loja.springschool.me\/produto\/quem-mexeu-no-meu-dinheiro-robert-kiyosaki\/#breadcrumb\",\"itemListElement\":[{\"@type\":\"ListItem\",\"position\":1,\"name\":\"In\u00edcio\",\"item\":\"https:\/\/loja.springschool.me\/\"},{\"@type\":\"ListItem\",\"position\":2,\"name\":\"Shop\",\"item\":\"https:\/\/loja.springschool.me\/shop\/\"},{\"@type\":\"ListItem\",\"position\":3,\"name\":\"Quem mexeu no meu Dinheiro? (Robert Kiyosaki)\"}]},{\"@type\":\"WebSite\",\"@id\":\"https:\/\/loja.springschool.me\/#website\",\"url\":\"https:\/\/loja.springschool.me\/\",\"name\":\"Spring School - Loja Virtual\",\"description\":\"Just another WordPress site\",\"potentialAction\":[{\"@type\":\"SearchAction\",\"target\":{\"@type\":\"EntryPoint\",\"urlTemplate\":\"https:\/\/loja.springschool.me\/?s={search_term_string}\"},\"query-input\":\"required name=search_term_string\"}],\"inLanguage\":\"ja\"}]}<\/script>\n<!-- \/ Yoast SEO plugin. -->","yoast_head_json":{"title":"Quem mexeu no meu Dinheiro? (Robert Kiyosaki) - Spring School - Loja Virtual","description":"Quem mexeu no meu Dinheiro? (Robert Kiyosaki) - O Guia do Pai Rico - Quem Mexeu no Meu Dinheiro? - Edi\u00e7\u00e3o Revista e Atualizada kiyosaki, robert t. alta books 9788550801018 portugues NBR31 Este livro \u00e9 para as pessoas que querem exercer maior controle sobre seu dinheiro e obter retornos superiores \u00e0queles auferidos pelo investidor m\u00e9dio.","robots":{"index":"index","follow":"follow","max-snippet":"max-snippet:-1","max-image-preview":"max-image-preview:large","max-video-preview":"max-video-preview:-1"},"canonical":"https:\/\/loja.springschool.me\/ja\/product\/quem-mexeu-no-meu-dinheiro-robert-kiyosaki\/","og_locale":"ja_JP","og_type":"article","og_title":"Quem mexeu no meu Dinheiro? (Robert Kiyosaki) - Spring School - Loja Virtual","og_description":"Quem mexeu no meu Dinheiro? (Robert Kiyosaki) - O Guia do Pai Rico - Quem Mexeu no Meu Dinheiro? - Edi\u00e7\u00e3o Revista e Atualizada kiyosaki, robert t. alta books 9788550801018 portugues NBR31 Este livro \u00e9 para as pessoas que querem exercer maior controle sobre seu dinheiro e obter retornos superiores \u00e0queles auferidos pelo investidor m\u00e9dio.","og_url":"https:\/\/loja.springschool.me\/ja\/product\/quem-mexeu-no-meu-dinheiro-robert-kiyosaki\/","og_site_name":"Spring School - Loja Virtual","article_modified_time":"2023-02-03T15:56:23+00:00","og_image":[{"width":1000,"height":1000,"url":"https:\/\/loja.springschool.me\/wp-content\/uploads\/2022\/11\/spring-loja-livro-10-1.jpg","type":"image\/jpeg"}],"twitter_card":"summary_large_image","twitter_misc":{"\u63a8\u5b9a\u8aad\u307f\u53d6\u308a\u6642\u9593":"1\u5206"},"schema":{"@context":"https:\/\/schema.org","@graph":[{"@type":"WebPage","@id":"https:\/\/loja.springschool.me\/produto\/quem-mexeu-no-meu-dinheiro-robert-kiyosaki\/","url":"https:\/\/loja.springschool.me\/produto\/quem-mexeu-no-meu-dinheiro-robert-kiyosaki\/","name":"Quem mexeu no meu Dinheiro? (Robert Kiyosaki) - Spring School - Loja Virtual","isPartOf":{"@id":"https:\/\/loja.springschool.me\/#website"},"datePublished":"2022-11-30T14:40:02+00:00","dateModified":"2023-02-03T15:56:23+00:00","description":"Quem mexeu no meu Dinheiro? (Robert Kiyosaki) - O Guia do Pai Rico - Quem Mexeu no Meu Dinheiro? - Edi\u00e7\u00e3o Revista e Atualizada kiyosaki, robert t. alta books 9788550801018 portugues NBR31 Este livro \u00e9 para as pessoas que querem exercer maior controle sobre seu dinheiro e obter retornos superiores \u00e0queles auferidos pelo investidor m\u00e9dio.","breadcrumb":{"@id":"https:\/\/loja.springschool.me\/produto\/quem-mexeu-no-meu-dinheiro-robert-kiyosaki\/#breadcrumb"},"inLanguage":"ja","potentialAction":[{"@type":"ReadAction","target":["https:\/\/loja.springschool.me\/produto\/quem-mexeu-no-meu-dinheiro-robert-kiyosaki\/"]}]},{"@type":"BreadcrumbList","@id":"https:\/\/loja.springschool.me\/produto\/quem-mexeu-no-meu-dinheiro-robert-kiyosaki\/#breadcrumb","itemListElement":[{"@type":"ListItem","position":1,"name":"In\u00edcio","item":"https:\/\/loja.springschool.me\/"},{"@type":"ListItem","position":2,"name":"Shop","item":"https:\/\/loja.springschool.me\/shop\/"},{"@type":"ListItem","position":3,"name":"Quem mexeu no meu Dinheiro? (Robert Kiyosaki)"}]},{"@type":"WebSite","@id":"https:\/\/loja.springschool.me\/#website","url":"https:\/\/loja.springschool.me\/","name":"Spring School - Loja Virtual","description":"Just another WordPress site","potentialAction":[{"@type":"SearchAction","target":{"@type":"EntryPoint","urlTemplate":"https:\/\/loja.springschool.me\/?s={search_term_string}"},"query-input":"required name=search_term_string"}],"inLanguage":"ja"}]}},"_links":{"self":[{"href":"https:\/\/loja.springschool.me\/ja\/wp-json\/wp\/v2\/product\/514"}],"collection":[{"href":"https:\/\/loja.springschool.me\/ja\/wp-json\/wp\/v2\/product"}],"about":[{"href":"https:\/\/loja.springschool.me\/ja\/wp-json\/wp\/v2\/types\/product"}],"version-history":[{"count":2,"href":"https:\/\/loja.springschool.me\/ja\/wp-json\/wp\/v2\/product\/514\/revisions"}],"predecessor-version":[{"id":1284,"href":"https:\/\/loja.springschool.me\/ja\/wp-json\/wp\/v2\/product\/514\/revisions\/1284"}],"wp:featuredmedia":[{"embeddable":true,"href":"https:\/\/loja.springschool.me\/ja\/wp-json\/wp\/v2\/media\/585"}],"wp:attachment":[{"href":"https:\/\/loja.springschool.me\/ja\/wp-json\/wp\/v2\/media?parent=514"}],"wp:term":[{"taxonomy":"product_cat","embeddable":true,"href":"https:\/\/loja.springschool.me\/ja\/wp-json\/wp\/v2\/product_cat?post=514"},{"taxonomy":"product_tag","embeddable":true,"href":"https:\/\/loja.springschool.me\/ja\/wp-json\/wp\/v2\/product_tag?post=514"}],"curies":[{"name":"wp","href":"https:\/\/api.w.org\/{rel}","templated":true}]}}