{"id":511,"date":"2022-11-30T14:36:59","date_gmt":"2022-11-30T14:36:59","guid":{"rendered":"https:\/\/loja.springschool.me\/?post_type=product&#038;p=511"},"modified":"2023-02-03T15:55:33","modified_gmt":"2023-02-03T15:55:33","slug":"descubra-o-seu-destino-thiago-brunet","status":"publish","type":"product","link":"https:\/\/loja.springschool.me\/ja\/product\/descubra-o-seu-destino-thiago-brunet\/","title":{"rendered":"\u30c7\u30a3\u30b9\u30ab\u30d0\u30fc\u30fb\u30e6\u30a2\u30fb\u30c7\u30b9\u30c6\u30a3\u30cb\u30fc (\u30c1\u30a2\u30b4\u30fb\u30d6\u30ea\u30e5\u30cd)"},"content":{"rendered":"<p>10\u5e74\u5f8c\u306f\u3069\u3053\u306b\u306a\u308a\u305f\u3044\u3067\u3059\u304b\uff1f<br \/>\n\u4e0a\u8a18\u306e\u8cea\u554f\u3078\u306e\u7b54\u3048\u3092 10 \u5e74\u5f8c\u306b\u751f\u304d\u308b\u305f\u3081\u306b\u3001\u4eca\u65e5\u8ab0\u3092\u8a31\u3059\u5fc5\u8981\u304c\u3042\u308a\u307e\u3059\u304b?<br \/>\n\u5371\u6a5f\u306b\u76f4\u9762\u3057\u3066\u3044\u308b\u306b\u3082\u304b\u304b\u308f\u3089\u305a\u3001\u4eca\u9031\u3084\u308a\u76f4\u3059\u3053\u3068\u3092\u59a8\u3052\u3066\u3044\u308b\u306e\u306f\u4f55\u3067\u3059\u304b?<br \/>\n\u73fe\u5728\u306e\u30e9\u30a4\u30d5\u30b9\u30bf\u30a4\u30eb\u306f\u3001\u5c06\u6765\u306e\u8a08\u753b\u3068\u4e00\u81f4\u3057\u3066\u3044\u307e\u3059\u304b?<br \/>\n\u81ea\u5206\u306e\u904b\u547d\u306b\u8cac\u4efb\u3092\u6301\u3064\u3053\u3068\u306f\u3001\u8ab0\u3082\u304c\u53d7\u3051\u53d6\u308b\u3053\u3068\u304c\u3067\u304d\u308b\u6700\u9ad8\u306e\u8d08\u308a\u7269\u3067\u3059\u304c\u3001\u305d\u308c\u306f\u3042\u306a\u305f\u306e\u4e3b\u306a\u554f\u984c\u306b\u3082\u306a\u308a\u5f97\u307e\u3059.<br \/>\nTiago Brunet \u306f\u3001\u30b3\u30fc\u30c1\u3068\u3057\u3066\u306e\u7d4c\u9a13\u304b\u3089\u3001\u3053\u306e\u672c\u306e\u4e2d\u3067\u3001\u76ee\u6a19\u3092\u4e00\u5ea6\u306b\u9054\u6210\u3059\u308b\u305f\u3081\u306e\u30c4\u30fc\u30eb\u3092\u63d0\u793a\u3057\u307e\u3059\u3002\u3042\u306a\u305f\u306e\u76ee\u6a19\u304c\u3069\u308c\u307b\u3069\u5927\u304d\u3044\u304b\u306f\u554f\u984c\u3067\u306f\u3042\u308a\u307e\u305b\u3093\u3002\u305d\u308c\u3092\u9054\u6210\u3059\u308b\u3053\u3068\u304c\u53ef\u80fd\u3067\u3042\u308b\u3068\u3044\u3046\u8003\u3048\u3067\u3059\u3002\u8fd1\u9053\u3082\u6df7\u4e71\u3082\u3042\u308a\u307e\u305b\u3093\u304c\u3001\u7126\u70b9\u3001\u5ba2\u89b3\u6027\u3001\u52d5\u6a5f\u304c\u5fc5\u8981\u3067\u3059\u3002\u6700\u521d\u306e\u30b9\u30c6\u30c3\u30d7\u306f\u3001\u81ea\u5206\u304c\u3069\u3053\u306b\u3044\u308b\u304b\u3092\u898b\u3064\u3051\u308b\u3053\u3068\u3067\u3059\u3002\u6b21\u306f\u30bf\u30fc\u30b2\u30c3\u30c8\u306b\u5411\u304b\u3063\u3066\u8d70\u308b\u3053\u3068\u3067\u3059\u3002<\/p>","protected":false},"excerpt":{"rendered":"<p>\u30b3\u30fc\u30c1\u306e Tiago Brunet \u304c\u3001\u81ea\u8eab\u306e\u7d4c\u9a13\u306b\u57fa\u3065\u3044\u3066\u3001\u500b\u4eba\u306e\u76ee\u6a19\u3092\u9054\u6210\u3059\u308b\u305f\u3081\u306e\u30c4\u30fc\u30eb\u3092\u7d39\u4ecb\u3057\u307e\u3059\u3002<\/p>","protected":false},"featured_media":584,"template":"","meta":[],"product_cat":[20],"product_tag":[],"yoast_head":"<!-- This site is optimized with the Yoast SEO plugin v20.11 - https:\/\/yoast.com\/wordpress\/plugins\/seo\/ -->\n<title>Descubra o seu Destino (Thiago Brunet) - Spring School - Loja Virtual<\/title>\n<meta name=\"description\" content=\"Descubra o seu Destino (Thiago Brunet) - Onde voc\u00ea deseja estar daqui a 10 anos?Quem voc\u00ea precisa perdoar hoje para viver, em 10 anos, a resposta da pergunta acima?O que te impede de recome\u00e7ar essa semana, mesmo diante da crise?Seu estilo de vida atual \u00e9 coerente com seus planos futuros?\" \/>\n<meta name=\"robots\" content=\"index, follow, max-snippet:-1, max-image-preview:large, max-video-preview:-1\" \/>\n<link rel=\"canonical\" href=\"https:\/\/loja.springschool.me\/ja\/product\/descubra-o-seu-destino-thiago-brunet\/\" \/>\n<meta property=\"og:locale\" content=\"ja_JP\" \/>\n<meta property=\"og:type\" content=\"article\" \/>\n<meta property=\"og:title\" content=\"Descubra o seu Destino (Thiago Brunet) - Spring School - Loja Virtual\" \/>\n<meta property=\"og:description\" content=\"Descubra o seu Destino (Thiago Brunet) - Onde voc\u00ea deseja estar daqui a 10 anos?Quem voc\u00ea precisa perdoar hoje para viver, em 10 anos, a resposta da pergunta acima?O que te impede de recome\u00e7ar essa semana, mesmo diante da crise?Seu estilo de vida atual \u00e9 coerente com seus planos futuros?\" \/>\n<meta property=\"og:url\" content=\"https:\/\/loja.springschool.me\/ja\/product\/descubra-o-seu-destino-thiago-brunet\/\" \/>\n<meta property=\"og:site_name\" content=\"Spring School - Loja Virtual\" \/>\n<meta property=\"article:modified_time\" content=\"2023-02-03T15:55:33+00:00\" \/>\n<meta property=\"og:image\" content=\"https:\/\/loja.springschool.me\/wp-content\/uploads\/2022\/11\/spring-loja-livro-09-1.jpg\" \/>\n\t<meta property=\"og:image:width\" content=\"1000\" \/>\n\t<meta property=\"og:image:height\" content=\"1000\" \/>\n\t<meta property=\"og:image:type\" content=\"image\/jpeg\" \/>\n<meta name=\"twitter:card\" content=\"summary_large_image\" \/>\n<meta name=\"twitter:label1\" content=\"\u63a8\u5b9a\u8aad\u307f\u53d6\u308a\u6642\u9593\" \/>\n\t<meta name=\"twitter:data1\" content=\"1\u5206\" \/>\n<script type=\"application\/ld+json\" class=\"yoast-schema-graph\">{\"@context\":\"https:\/\/schema.org\",\"@graph\":[{\"@type\":\"WebPage\",\"@id\":\"https:\/\/loja.springschool.me\/produto\/descubra-o-seu-destino-thiago-brunet\/\",\"url\":\"https:\/\/loja.springschool.me\/produto\/descubra-o-seu-destino-thiago-brunet\/\",\"name\":\"Descubra o seu Destino (Thiago Brunet) - Spring School - Loja Virtual\",\"isPartOf\":{\"@id\":\"https:\/\/loja.springschool.me\/#website\"},\"datePublished\":\"2022-11-30T14:36:59+00:00\",\"dateModified\":\"2023-02-03T15:55:33+00:00\",\"description\":\"Descubra o seu Destino (Thiago Brunet) - Onde voc\u00ea deseja estar daqui a 10 anos?Quem voc\u00ea precisa perdoar hoje para viver, em 10 anos, a resposta da pergunta acima?O que te impede de recome\u00e7ar essa semana, mesmo diante da crise?Seu estilo de vida atual \u00e9 coerente com seus planos futuros?\",\"breadcrumb\":{\"@id\":\"https:\/\/loja.springschool.me\/produto\/descubra-o-seu-destino-thiago-brunet\/#breadcrumb\"},\"inLanguage\":\"ja\",\"potentialAction\":[{\"@type\":\"ReadAction\",\"target\":[\"https:\/\/loja.springschool.me\/produto\/descubra-o-seu-destino-thiago-brunet\/\"]}]},{\"@type\":\"BreadcrumbList\",\"@id\":\"https:\/\/loja.springschool.me\/produto\/descubra-o-seu-destino-thiago-brunet\/#breadcrumb\",\"itemListElement\":[{\"@type\":\"ListItem\",\"position\":1,\"name\":\"In\u00edcio\",\"item\":\"https:\/\/loja.springschool.me\/\"},{\"@type\":\"ListItem\",\"position\":2,\"name\":\"Shop\",\"item\":\"https:\/\/loja.springschool.me\/shop\/\"},{\"@type\":\"ListItem\",\"position\":3,\"name\":\"Descubra o seu Destino (Thiago Brunet)\"}]},{\"@type\":\"WebSite\",\"@id\":\"https:\/\/loja.springschool.me\/#website\",\"url\":\"https:\/\/loja.springschool.me\/\",\"name\":\"Spring School - Loja Virtual\",\"description\":\"Just another WordPress site\",\"potentialAction\":[{\"@type\":\"SearchAction\",\"target\":{\"@type\":\"EntryPoint\",\"urlTemplate\":\"https:\/\/loja.springschool.me\/?s={search_term_string}\"},\"query-input\":\"required name=search_term_string\"}],\"inLanguage\":\"ja\"}]}<\/script>\n<!-- \/ Yoast SEO plugin. -->","yoast_head_json":{"title":"Descubra o seu Destino (Thiago Brunet) - Spring School - Loja Virtual","description":"Descubra o seu Destino (Thiago Brunet) - Onde voc\u00ea deseja estar daqui a 10 anos?Quem voc\u00ea precisa perdoar hoje para viver, em 10 anos, a resposta da pergunta acima?O que te impede de recome\u00e7ar essa semana, mesmo diante da crise?Seu estilo de vida atual \u00e9 coerente com seus planos futuros?","robots":{"index":"index","follow":"follow","max-snippet":"max-snippet:-1","max-image-preview":"max-image-preview:large","max-video-preview":"max-video-preview:-1"},"canonical":"https:\/\/loja.springschool.me\/ja\/product\/descubra-o-seu-destino-thiago-brunet\/","og_locale":"ja_JP","og_type":"article","og_title":"Descubra o seu Destino (Thiago Brunet) - Spring School - Loja Virtual","og_description":"Descubra o seu Destino (Thiago Brunet) - Onde voc\u00ea deseja estar daqui a 10 anos?Quem voc\u00ea precisa perdoar hoje para viver, em 10 anos, a resposta da pergunta acima?O que te impede de recome\u00e7ar essa semana, mesmo diante da crise?Seu estilo de vida atual \u00e9 coerente com seus planos futuros?","og_url":"https:\/\/loja.springschool.me\/ja\/product\/descubra-o-seu-destino-thiago-brunet\/","og_site_name":"Spring School - Loja Virtual","article_modified_time":"2023-02-03T15:55:33+00:00","og_image":[{"width":1000,"height":1000,"url":"https:\/\/loja.springschool.me\/wp-content\/uploads\/2022\/11\/spring-loja-livro-09-1.jpg","type":"image\/jpeg"}],"twitter_card":"summary_large_image","twitter_misc":{"\u63a8\u5b9a\u8aad\u307f\u53d6\u308a\u6642\u9593":"1\u5206"},"schema":{"@context":"https:\/\/schema.org","@graph":[{"@type":"WebPage","@id":"https:\/\/loja.springschool.me\/produto\/descubra-o-seu-destino-thiago-brunet\/","url":"https:\/\/loja.springschool.me\/produto\/descubra-o-seu-destino-thiago-brunet\/","name":"Descubra o seu Destino (Thiago Brunet) - Spring School - Loja Virtual","isPartOf":{"@id":"https:\/\/loja.springschool.me\/#website"},"datePublished":"2022-11-30T14:36:59+00:00","dateModified":"2023-02-03T15:55:33+00:00","description":"Descubra o seu Destino (Thiago Brunet) - Onde voc\u00ea deseja estar daqui a 10 anos?Quem voc\u00ea precisa perdoar hoje para viver, em 10 anos, a resposta da pergunta acima?O que te impede de recome\u00e7ar essa semana, mesmo diante da crise?Seu estilo de vida atual \u00e9 coerente com seus planos futuros?","breadcrumb":{"@id":"https:\/\/loja.springschool.me\/produto\/descubra-o-seu-destino-thiago-brunet\/#breadcrumb"},"inLanguage":"ja","potentialAction":[{"@type":"ReadAction","target":["https:\/\/loja.springschool.me\/produto\/descubra-o-seu-destino-thiago-brunet\/"]}]},{"@type":"BreadcrumbList","@id":"https:\/\/loja.springschool.me\/produto\/descubra-o-seu-destino-thiago-brunet\/#breadcrumb","itemListElement":[{"@type":"ListItem","position":1,"name":"In\u00edcio","item":"https:\/\/loja.springschool.me\/"},{"@type":"ListItem","position":2,"name":"Shop","item":"https:\/\/loja.springschool.me\/shop\/"},{"@type":"ListItem","position":3,"name":"Descubra o seu Destino (Thiago Brunet)"}]},{"@type":"WebSite","@id":"https:\/\/loja.springschool.me\/#website","url":"https:\/\/loja.springschool.me\/","name":"Spring School - Loja Virtual","description":"Just another WordPress site","potentialAction":[{"@type":"SearchAction","target":{"@type":"EntryPoint","urlTemplate":"https:\/\/loja.springschool.me\/?s={search_term_string}"},"query-input":"required name=search_term_string"}],"inLanguage":"ja"}]}},"_links":{"self":[{"href":"https:\/\/loja.springschool.me\/ja\/wp-json\/wp\/v2\/product\/511"}],"collection":[{"href":"https:\/\/loja.springschool.me\/ja\/wp-json\/wp\/v2\/product"}],"about":[{"href":"https:\/\/loja.springschool.me\/ja\/wp-json\/wp\/v2\/types\/product"}],"version-history":[{"count":2,"href":"https:\/\/loja.springschool.me\/ja\/wp-json\/wp\/v2\/product\/511\/revisions"}],"predecessor-version":[{"id":1283,"href":"https:\/\/loja.springschool.me\/ja\/wp-json\/wp\/v2\/product\/511\/revisions\/1283"}],"wp:featuredmedia":[{"embeddable":true,"href":"https:\/\/loja.springschool.me\/ja\/wp-json\/wp\/v2\/media\/584"}],"wp:attachment":[{"href":"https:\/\/loja.springschool.me\/ja\/wp-json\/wp\/v2\/media?parent=511"}],"wp:term":[{"taxonomy":"product_cat","embeddable":true,"href":"https:\/\/loja.springschool.me\/ja\/wp-json\/wp\/v2\/product_cat?post=511"},{"taxonomy":"product_tag","embeddable":true,"href":"https:\/\/loja.springschool.me\/ja\/wp-json\/wp\/v2\/product_tag?post=511"}],"curies":[{"name":"wp","href":"https:\/\/api.w.org\/{rel}","templated":true}]}}