{"id":505,"date":"2022-11-30T14:29:36","date_gmt":"2022-11-30T14:29:36","guid":{"rendered":"https:\/\/loja.springschool.me\/?post_type=product&#038;p=505"},"modified":"2023-02-03T15:52:50","modified_gmt":"2023-02-03T15:52:50","slug":"do-mil-ao-milhao-thiago-nigro","status":"publish","type":"product","link":"https:\/\/loja.springschool.me\/ja\/product\/do-mil-ao-milhao-thiago-nigro\/","title":{"rendered":"\u5343\u304b\u3089\u767e\u4e07\u3078 (\u30c1\u30a2\u30b4\u30fb\u30cb\u30b0\u30ed)"},"content":{"rendered":"<p>\u30d7\u30e9\u30c3\u30c8\u30d5\u30a9\u30fc\u30e0 O Primo Rico \u306e\u4f5c\u6210\u8005\u3067\u3042\u308b Thiago Nigro \u306f\u3001\u5f7c\u306e\u6700\u521d\u306e\u672c\u3067\u3001\u7d4c\u6e08\u7684\u81ea\u7acb\u3092\u9054\u6210\u3059\u308b\u305f\u3081\u306e 3 \u3064\u306e\u67f1\u3092\u8aad\u8005\u306b\u6559\u3048\u3066\u3044\u307e\u3059\u3002\u30c7\u30fc\u30bf\u3068\u3001\u6295\u8cc7\u5bb6\u304a\u3088\u3073\u30a2\u30c9\u30d0\u30a4\u30b6\u30fc\u3068\u3057\u3066\u306e\u5f7c\u81ea\u8eab\u306e\u7d4c\u9a13\u3092\u901a\u3058\u3066\u3001Nigro \u306f\u5bcc\u306f\u8ab0\u306b\u3068\u3063\u3066\u3082\u53ef\u80fd\u3067\u3042\u308b\u3053\u3068\u3092\u793a\u3057\u3066\u3044\u307e\u3059\u3002<\/p>","protected":false},"excerpt":{"rendered":"<p>\u30d7\u30e9\u30c3\u30c8\u30d5\u30a9\u30fc\u30e0 O Primo Rico \u306e\u4f5c\u6210\u8005\u3067\u3042\u308b Thiago Nigro \u306f\u3001\u7d4c\u6e08\u7684\u81ea\u7acb\u3092\u9054\u6210\u3059\u308b\u305f\u3081\u306e 3 \u3064\u306e\u67f1\u3092\u8aad\u8005\u306b\u6559\u3048\u3066\u3044\u307e\u3059\u3002<\/p>","protected":false},"featured_media":582,"template":"","meta":[],"product_cat":[20],"product_tag":[],"yoast_head":"<!-- This site is optimized with the Yoast SEO plugin v20.11 - https:\/\/yoast.com\/wordpress\/plugins\/seo\/ -->\n<title>Do mil ao Milh\u00e3o (Thiago Nigro) - Spring School - Loja Virtual<\/title>\n<meta name=\"description\" content=\"Em seu primeiro livro, Thiago Nigro, criador da plataforma O Primo Rico, ensina aos leitores os tr\u00eas pilares para atingir a independ\u00eancia financeira: gastar bem, investir melhor e ganhar mais. Por meio de dados e de sua pr\u00f3pria experi\u00eancia como investidor e assessor, Nigro mostra que a riqueza \u00e9 poss\u00edvel para todos \u2013 basta estar disposto a aprender e se dedicar.\" \/>\n<meta name=\"robots\" content=\"index, follow, max-snippet:-1, max-image-preview:large, max-video-preview:-1\" \/>\n<link rel=\"canonical\" href=\"https:\/\/loja.springschool.me\/ja\/product\/do-mil-ao-milhao-thiago-nigro\/\" \/>\n<meta property=\"og:locale\" content=\"ja_JP\" \/>\n<meta property=\"og:type\" content=\"article\" \/>\n<meta property=\"og:title\" content=\"Do mil ao Milh\u00e3o (Thiago Nigro) - Spring School - Loja Virtual\" \/>\n<meta property=\"og:description\" content=\"Em seu primeiro livro, Thiago Nigro, criador da plataforma O Primo Rico, ensina aos leitores os tr\u00eas pilares para atingir a independ\u00eancia financeira: gastar bem, investir melhor e ganhar mais. Por meio de dados e de sua pr\u00f3pria experi\u00eancia como investidor e assessor, Nigro mostra que a riqueza \u00e9 poss\u00edvel para todos \u2013 basta estar disposto a aprender e se dedicar.\" \/>\n<meta property=\"og:url\" content=\"https:\/\/loja.springschool.me\/ja\/product\/do-mil-ao-milhao-thiago-nigro\/\" \/>\n<meta property=\"og:site_name\" content=\"Spring School - Loja Virtual\" \/>\n<meta property=\"article:modified_time\" content=\"2023-02-03T15:52:50+00:00\" \/>\n<meta property=\"og:image\" content=\"https:\/\/loja.springschool.me\/wp-content\/uploads\/2022\/11\/spring-loja-livro-07-1.jpg\" \/>\n\t<meta property=\"og:image:width\" content=\"1000\" \/>\n\t<meta property=\"og:image:height\" content=\"1000\" \/>\n\t<meta property=\"og:image:type\" content=\"image\/jpeg\" \/>\n<meta name=\"twitter:card\" content=\"summary_large_image\" \/>\n<meta name=\"twitter:label1\" content=\"\u63a8\u5b9a\u8aad\u307f\u53d6\u308a\u6642\u9593\" \/>\n\t<meta name=\"twitter:data1\" content=\"1\u5206\" \/>\n<script type=\"application\/ld+json\" class=\"yoast-schema-graph\">{\"@context\":\"https:\/\/schema.org\",\"@graph\":[{\"@type\":\"WebPage\",\"@id\":\"https:\/\/loja.springschool.me\/produto\/do-mil-ao-milhao-thiago-nigro\/\",\"url\":\"https:\/\/loja.springschool.me\/produto\/do-mil-ao-milhao-thiago-nigro\/\",\"name\":\"Do mil ao Milh\u00e3o (Thiago Nigro) - Spring School - Loja Virtual\",\"isPartOf\":{\"@id\":\"https:\/\/loja.springschool.me\/#website\"},\"datePublished\":\"2022-11-30T14:29:36+00:00\",\"dateModified\":\"2023-02-03T15:52:50+00:00\",\"description\":\"Em seu primeiro livro, Thiago Nigro, criador da plataforma O Primo Rico, ensina aos leitores os tr\u00eas pilares para atingir a independ\u00eancia financeira: gastar bem, investir melhor e ganhar mais. Por meio de dados e de sua pr\u00f3pria experi\u00eancia como investidor e assessor, Nigro mostra que a riqueza \u00e9 poss\u00edvel para todos \u2013 basta estar disposto a aprender e se dedicar.\",\"breadcrumb\":{\"@id\":\"https:\/\/loja.springschool.me\/produto\/do-mil-ao-milhao-thiago-nigro\/#breadcrumb\"},\"inLanguage\":\"ja\",\"potentialAction\":[{\"@type\":\"ReadAction\",\"target\":[\"https:\/\/loja.springschool.me\/produto\/do-mil-ao-milhao-thiago-nigro\/\"]}]},{\"@type\":\"BreadcrumbList\",\"@id\":\"https:\/\/loja.springschool.me\/produto\/do-mil-ao-milhao-thiago-nigro\/#breadcrumb\",\"itemListElement\":[{\"@type\":\"ListItem\",\"position\":1,\"name\":\"In\u00edcio\",\"item\":\"https:\/\/loja.springschool.me\/\"},{\"@type\":\"ListItem\",\"position\":2,\"name\":\"Shop\",\"item\":\"https:\/\/loja.springschool.me\/shop\/\"},{\"@type\":\"ListItem\",\"position\":3,\"name\":\"Do mil ao Milh\u00e3o (Thiago Nigro)\"}]},{\"@type\":\"WebSite\",\"@id\":\"https:\/\/loja.springschool.me\/#website\",\"url\":\"https:\/\/loja.springschool.me\/\",\"name\":\"Spring School - Loja Virtual\",\"description\":\"Just another WordPress site\",\"potentialAction\":[{\"@type\":\"SearchAction\",\"target\":{\"@type\":\"EntryPoint\",\"urlTemplate\":\"https:\/\/loja.springschool.me\/?s={search_term_string}\"},\"query-input\":\"required name=search_term_string\"}],\"inLanguage\":\"ja\"}]}<\/script>\n<!-- \/ Yoast SEO plugin. -->","yoast_head_json":{"title":"Do mil ao Milh\u00e3o (Thiago Nigro) - Spring School - Loja Virtual","description":"Em seu primeiro livro, Thiago Nigro, criador da plataforma O Primo Rico, ensina aos leitores os tr\u00eas pilares para atingir a independ\u00eancia financeira: gastar bem, investir melhor e ganhar mais. Por meio de dados e de sua pr\u00f3pria experi\u00eancia como investidor e assessor, Nigro mostra que a riqueza \u00e9 poss\u00edvel para todos \u2013 basta estar disposto a aprender e se dedicar.","robots":{"index":"index","follow":"follow","max-snippet":"max-snippet:-1","max-image-preview":"max-image-preview:large","max-video-preview":"max-video-preview:-1"},"canonical":"https:\/\/loja.springschool.me\/ja\/product\/do-mil-ao-milhao-thiago-nigro\/","og_locale":"ja_JP","og_type":"article","og_title":"Do mil ao Milh\u00e3o (Thiago Nigro) - Spring School - Loja Virtual","og_description":"Em seu primeiro livro, Thiago Nigro, criador da plataforma O Primo Rico, ensina aos leitores os tr\u00eas pilares para atingir a independ\u00eancia financeira: gastar bem, investir melhor e ganhar mais. Por meio de dados e de sua pr\u00f3pria experi\u00eancia como investidor e assessor, Nigro mostra que a riqueza \u00e9 poss\u00edvel para todos \u2013 basta estar disposto a aprender e se dedicar.","og_url":"https:\/\/loja.springschool.me\/ja\/product\/do-mil-ao-milhao-thiago-nigro\/","og_site_name":"Spring School - Loja Virtual","article_modified_time":"2023-02-03T15:52:50+00:00","og_image":[{"width":1000,"height":1000,"url":"https:\/\/loja.springschool.me\/wp-content\/uploads\/2022\/11\/spring-loja-livro-07-1.jpg","type":"image\/jpeg"}],"twitter_card":"summary_large_image","twitter_misc":{"\u63a8\u5b9a\u8aad\u307f\u53d6\u308a\u6642\u9593":"1\u5206"},"schema":{"@context":"https:\/\/schema.org","@graph":[{"@type":"WebPage","@id":"https:\/\/loja.springschool.me\/produto\/do-mil-ao-milhao-thiago-nigro\/","url":"https:\/\/loja.springschool.me\/produto\/do-mil-ao-milhao-thiago-nigro\/","name":"Do mil ao Milh\u00e3o (Thiago Nigro) - Spring School - Loja Virtual","isPartOf":{"@id":"https:\/\/loja.springschool.me\/#website"},"datePublished":"2022-11-30T14:29:36+00:00","dateModified":"2023-02-03T15:52:50+00:00","description":"Em seu primeiro livro, Thiago Nigro, criador da plataforma O Primo Rico, ensina aos leitores os tr\u00eas pilares para atingir a independ\u00eancia financeira: gastar bem, investir melhor e ganhar mais. Por meio de dados e de sua pr\u00f3pria experi\u00eancia como investidor e assessor, Nigro mostra que a riqueza \u00e9 poss\u00edvel para todos \u2013 basta estar disposto a aprender e se dedicar.","breadcrumb":{"@id":"https:\/\/loja.springschool.me\/produto\/do-mil-ao-milhao-thiago-nigro\/#breadcrumb"},"inLanguage":"ja","potentialAction":[{"@type":"ReadAction","target":["https:\/\/loja.springschool.me\/produto\/do-mil-ao-milhao-thiago-nigro\/"]}]},{"@type":"BreadcrumbList","@id":"https:\/\/loja.springschool.me\/produto\/do-mil-ao-milhao-thiago-nigro\/#breadcrumb","itemListElement":[{"@type":"ListItem","position":1,"name":"In\u00edcio","item":"https:\/\/loja.springschool.me\/"},{"@type":"ListItem","position":2,"name":"Shop","item":"https:\/\/loja.springschool.me\/shop\/"},{"@type":"ListItem","position":3,"name":"Do mil ao Milh\u00e3o (Thiago Nigro)"}]},{"@type":"WebSite","@id":"https:\/\/loja.springschool.me\/#website","url":"https:\/\/loja.springschool.me\/","name":"Spring School - Loja Virtual","description":"Just another WordPress site","potentialAction":[{"@type":"SearchAction","target":{"@type":"EntryPoint","urlTemplate":"https:\/\/loja.springschool.me\/?s={search_term_string}"},"query-input":"required name=search_term_string"}],"inLanguage":"ja"}]}},"_links":{"self":[{"href":"https:\/\/loja.springschool.me\/ja\/wp-json\/wp\/v2\/product\/505"}],"collection":[{"href":"https:\/\/loja.springschool.me\/ja\/wp-json\/wp\/v2\/product"}],"about":[{"href":"https:\/\/loja.springschool.me\/ja\/wp-json\/wp\/v2\/types\/product"}],"version-history":[{"count":2,"href":"https:\/\/loja.springschool.me\/ja\/wp-json\/wp\/v2\/product\/505\/revisions"}],"predecessor-version":[{"id":1281,"href":"https:\/\/loja.springschool.me\/ja\/wp-json\/wp\/v2\/product\/505\/revisions\/1281"}],"wp:featuredmedia":[{"embeddable":true,"href":"https:\/\/loja.springschool.me\/ja\/wp-json\/wp\/v2\/media\/582"}],"wp:attachment":[{"href":"https:\/\/loja.springschool.me\/ja\/wp-json\/wp\/v2\/media?parent=505"}],"wp:term":[{"taxonomy":"product_cat","embeddable":true,"href":"https:\/\/loja.springschool.me\/ja\/wp-json\/wp\/v2\/product_cat?post=505"},{"taxonomy":"product_tag","embeddable":true,"href":"https:\/\/loja.springschool.me\/ja\/wp-json\/wp\/v2\/product_tag?post=505"}],"curies":[{"name":"wp","href":"https:\/\/api.w.org\/{rel}","templated":true}]}}