{"id":499,"date":"2022-11-30T14:21:42","date_gmt":"2022-11-30T14:21:42","guid":{"rendered":"https:\/\/loja.springschool.me\/?post_type=product&#038;p=499"},"modified":"2023-02-03T15:50:00","modified_gmt":"2023-02-03T15:50:00","slug":"anitta-o-livro-das-poderosas","status":"publish","type":"product","link":"https:\/\/loja.springschool.me\/ja\/product\/anitta-o-livro-das-poderosas\/","title":{"rendered":"\u30a2\u30cb\u30c3\u30bf\uff1a\u529b\u3042\u308b\u8005\u306e\u672c"},"content":{"rendered":"<p>\u3053\u306e\u975e\u516c\u5f0f\u306e\u4f1d\u8a18\u3067\u306f\u3001\u5f7c\u5973\u306e\u6210\u529f\u306e\u8ecc\u8de1\u3001\u4eba\u751f\u3001\u597d\u5947\u5fc3\u3001\u9a5a\u304f\u3079\u304d\u77ac\u9593\u3001\u65b0\u3057\u3044\u30c8\u30ec\u30f3\u30c9\u306b\u5bfe\u3059\u308b\u5f7c\u5973\u306e\u92ed\u3044\u76ee\u3001\u305d\u3057\u3066\u5f7c\u5973\u306e\u5f37\u304f\u3066\u5f37\u3044\u5f7c\u5973\u306e\u3059\u3079\u3066\u306e\u5922\u3092\u5f81\u670d\u3059\u308b\u305f\u3081\u306e\u3042\u3089\u3086\u308b\u969c\u5bb3\u306b\u76f4\u9762\u3057\u307e\u3059\u3002<\/p>\n<p>\u3053\u308c\u3089\u3059\u3079\u3066\u304c\u3001\u5f7c\u5973\u306e\u9854\u3067\u3042\u308b\u30c0\u30a4\u30ca\u30df\u30c3\u30af\u3067\u30e2\u30c0\u30f3\u306a\u672c\u306b\u53ce\u3081\u3089\u308c\u3066\u3044\u307e\u3059\u3002\u3055\u3042\u3001\u30a2\u30cb\u30c3\u30bf\u306e\u4f1d\u67d3\u6027\u306e\u5b87\u5b99\u306b\u5165\u308b\u6642\u304c\u6765\u307e\u3057\u305f!<\/p>","protected":false},"excerpt":{"rendered":"<p>\u3053\u306e\u56f3\u89e3\u3055\u308c\u305f\u4f1d\u8a18\u306f\u3001\u6210\u529f\u3057\u305f\u30ad\u30e3\u30ea\u30a2\u304b\u3089\u5f7c\u5973\u306e\u4eba\u751f\u3001\u597d\u5947\u5fc3\u3001\u5f37\u3044\u500b\u6027\u307e\u3067\u3001\u6b4c\u624b\u30a2\u30cb\u30c3\u30bf\u306e\u4e16\u754c\u3092\u7d39\u4ecb\u3057\u3066\u3044\u307e\u3059\u3002\u30d5\u30a1\u30f3\u306e\u305f\u3081\u306b\u7279\u5225\u306b\u4f5c\u3089\u308c\u305f\u3053\u306e\u672c\u306f\u3001\u30c0\u30a4\u30ca\u30df\u30c3\u30af\u3067\u73fe\u4ee3\u7684\u3067\u3001\u6b4c\u624b\u306e\u3059\u3079\u3066\u306e\u529b\u3092\u63cf\u5199\u3057\u3066\u3044\u307e\u3059\u3002<\/p>","protected":false},"featured_media":579,"template":"","meta":[],"product_cat":[20],"product_tag":[],"yoast_head":"<!-- This site is optimized with the Yoast SEO plugin v20.11 - https:\/\/yoast.com\/wordpress\/plugins\/seo\/ -->\n<title>Anitta: O livro das poderosas - Spring School - Loja Virtual<\/title>\n<meta name=\"description\" content=\"Anitta: O livro das poderosas -Nesta biografia n\u00e3o oficial, totalmente ilustrada e feita especialmente para os f\u00e3s, apresentamos todo o poder que envolve o universo Anitta: sua trajet\u00f3ria de sucesso, sua vida, curiosidades, momentos marcantes...\" \/>\n<meta name=\"robots\" content=\"index, follow, max-snippet:-1, max-image-preview:large, max-video-preview:-1\" \/>\n<link rel=\"canonical\" href=\"https:\/\/loja.springschool.me\/ja\/product\/anitta-o-livro-das-poderosas\/\" \/>\n<meta property=\"og:locale\" content=\"ja_JP\" \/>\n<meta property=\"og:type\" content=\"article\" \/>\n<meta property=\"og:title\" content=\"Anitta: O livro das poderosas - Spring School - Loja Virtual\" \/>\n<meta property=\"og:description\" content=\"Anitta: O livro das poderosas -Nesta biografia n\u00e3o oficial, totalmente ilustrada e feita especialmente para os f\u00e3s, apresentamos todo o poder que envolve o universo Anitta: sua trajet\u00f3ria de sucesso, sua vida, curiosidades, momentos marcantes...\" \/>\n<meta property=\"og:url\" content=\"https:\/\/loja.springschool.me\/ja\/product\/anitta-o-livro-das-poderosas\/\" \/>\n<meta property=\"og:site_name\" content=\"Spring School - Loja Virtual\" \/>\n<meta property=\"article:modified_time\" content=\"2023-02-03T15:50:00+00:00\" \/>\n<meta property=\"og:image\" content=\"https:\/\/loja.springschool.me\/wp-content\/uploads\/2022\/11\/spring-loja-livro-05-1.jpg\" \/>\n\t<meta property=\"og:image:width\" content=\"1000\" \/>\n\t<meta property=\"og:image:height\" content=\"1000\" \/>\n\t<meta property=\"og:image:type\" content=\"image\/jpeg\" \/>\n<meta name=\"twitter:card\" content=\"summary_large_image\" \/>\n<meta name=\"twitter:label1\" content=\"\u63a8\u5b9a\u8aad\u307f\u53d6\u308a\u6642\u9593\" \/>\n\t<meta name=\"twitter:data1\" content=\"1\u5206\" \/>\n<script type=\"application\/ld+json\" class=\"yoast-schema-graph\">{\"@context\":\"https:\/\/schema.org\",\"@graph\":[{\"@type\":\"WebPage\",\"@id\":\"https:\/\/loja.springschool.me\/produto\/anitta-o-livro-das-poderosas\/\",\"url\":\"https:\/\/loja.springschool.me\/produto\/anitta-o-livro-das-poderosas\/\",\"name\":\"Anitta: O livro das poderosas - Spring School - Loja Virtual\",\"isPartOf\":{\"@id\":\"https:\/\/loja.springschool.me\/#website\"},\"datePublished\":\"2022-11-30T14:21:42+00:00\",\"dateModified\":\"2023-02-03T15:50:00+00:00\",\"description\":\"Anitta: O livro das poderosas -Nesta biografia n\u00e3o oficial, totalmente ilustrada e feita especialmente para os f\u00e3s, apresentamos todo o poder que envolve o universo Anitta: sua trajet\u00f3ria de sucesso, sua vida, curiosidades, momentos marcantes...\",\"breadcrumb\":{\"@id\":\"https:\/\/loja.springschool.me\/produto\/anitta-o-livro-das-poderosas\/#breadcrumb\"},\"inLanguage\":\"ja\",\"potentialAction\":[{\"@type\":\"ReadAction\",\"target\":[\"https:\/\/loja.springschool.me\/produto\/anitta-o-livro-das-poderosas\/\"]}]},{\"@type\":\"BreadcrumbList\",\"@id\":\"https:\/\/loja.springschool.me\/produto\/anitta-o-livro-das-poderosas\/#breadcrumb\",\"itemListElement\":[{\"@type\":\"ListItem\",\"position\":1,\"name\":\"In\u00edcio\",\"item\":\"https:\/\/loja.springschool.me\/\"},{\"@type\":\"ListItem\",\"position\":2,\"name\":\"Shop\",\"item\":\"https:\/\/loja.springschool.me\/shop\/\"},{\"@type\":\"ListItem\",\"position\":3,\"name\":\"Anitta: O livro das poderosas\"}]},{\"@type\":\"WebSite\",\"@id\":\"https:\/\/loja.springschool.me\/#website\",\"url\":\"https:\/\/loja.springschool.me\/\",\"name\":\"Spring School - Loja Virtual\",\"description\":\"Just another WordPress site\",\"potentialAction\":[{\"@type\":\"SearchAction\",\"target\":{\"@type\":\"EntryPoint\",\"urlTemplate\":\"https:\/\/loja.springschool.me\/?s={search_term_string}\"},\"query-input\":\"required name=search_term_string\"}],\"inLanguage\":\"ja\"}]}<\/script>\n<!-- \/ Yoast SEO plugin. -->","yoast_head_json":{"title":"Anitta: O livro das poderosas - Spring School - Loja Virtual","description":"Anitta: O livro das poderosas -Nesta biografia n\u00e3o oficial, totalmente ilustrada e feita especialmente para os f\u00e3s, apresentamos todo o poder que envolve o universo Anitta: sua trajet\u00f3ria de sucesso, sua vida, curiosidades, momentos marcantes...","robots":{"index":"index","follow":"follow","max-snippet":"max-snippet:-1","max-image-preview":"max-image-preview:large","max-video-preview":"max-video-preview:-1"},"canonical":"https:\/\/loja.springschool.me\/ja\/product\/anitta-o-livro-das-poderosas\/","og_locale":"ja_JP","og_type":"article","og_title":"Anitta: O livro das poderosas - Spring School - Loja Virtual","og_description":"Anitta: O livro das poderosas -Nesta biografia n\u00e3o oficial, totalmente ilustrada e feita especialmente para os f\u00e3s, apresentamos todo o poder que envolve o universo Anitta: sua trajet\u00f3ria de sucesso, sua vida, curiosidades, momentos marcantes...","og_url":"https:\/\/loja.springschool.me\/ja\/product\/anitta-o-livro-das-poderosas\/","og_site_name":"Spring School - Loja Virtual","article_modified_time":"2023-02-03T15:50:00+00:00","og_image":[{"width":1000,"height":1000,"url":"https:\/\/loja.springschool.me\/wp-content\/uploads\/2022\/11\/spring-loja-livro-05-1.jpg","type":"image\/jpeg"}],"twitter_card":"summary_large_image","twitter_misc":{"\u63a8\u5b9a\u8aad\u307f\u53d6\u308a\u6642\u9593":"1\u5206"},"schema":{"@context":"https:\/\/schema.org","@graph":[{"@type":"WebPage","@id":"https:\/\/loja.springschool.me\/produto\/anitta-o-livro-das-poderosas\/","url":"https:\/\/loja.springschool.me\/produto\/anitta-o-livro-das-poderosas\/","name":"Anitta: O livro das poderosas - Spring School - Loja Virtual","isPartOf":{"@id":"https:\/\/loja.springschool.me\/#website"},"datePublished":"2022-11-30T14:21:42+00:00","dateModified":"2023-02-03T15:50:00+00:00","description":"Anitta: O livro das poderosas -Nesta biografia n\u00e3o oficial, totalmente ilustrada e feita especialmente para os f\u00e3s, apresentamos todo o poder que envolve o universo Anitta: sua trajet\u00f3ria de sucesso, sua vida, curiosidades, momentos marcantes...","breadcrumb":{"@id":"https:\/\/loja.springschool.me\/produto\/anitta-o-livro-das-poderosas\/#breadcrumb"},"inLanguage":"ja","potentialAction":[{"@type":"ReadAction","target":["https:\/\/loja.springschool.me\/produto\/anitta-o-livro-das-poderosas\/"]}]},{"@type":"BreadcrumbList","@id":"https:\/\/loja.springschool.me\/produto\/anitta-o-livro-das-poderosas\/#breadcrumb","itemListElement":[{"@type":"ListItem","position":1,"name":"In\u00edcio","item":"https:\/\/loja.springschool.me\/"},{"@type":"ListItem","position":2,"name":"Shop","item":"https:\/\/loja.springschool.me\/shop\/"},{"@type":"ListItem","position":3,"name":"Anitta: O livro das poderosas"}]},{"@type":"WebSite","@id":"https:\/\/loja.springschool.me\/#website","url":"https:\/\/loja.springschool.me\/","name":"Spring School - Loja Virtual","description":"Just another WordPress site","potentialAction":[{"@type":"SearchAction","target":{"@type":"EntryPoint","urlTemplate":"https:\/\/loja.springschool.me\/?s={search_term_string}"},"query-input":"required name=search_term_string"}],"inLanguage":"ja"}]}},"_links":{"self":[{"href":"https:\/\/loja.springschool.me\/ja\/wp-json\/wp\/v2\/product\/499"}],"collection":[{"href":"https:\/\/loja.springschool.me\/ja\/wp-json\/wp\/v2\/product"}],"about":[{"href":"https:\/\/loja.springschool.me\/ja\/wp-json\/wp\/v2\/types\/product"}],"version-history":[{"count":3,"href":"https:\/\/loja.springschool.me\/ja\/wp-json\/wp\/v2\/product\/499\/revisions"}],"predecessor-version":[{"id":1279,"href":"https:\/\/loja.springschool.me\/ja\/wp-json\/wp\/v2\/product\/499\/revisions\/1279"}],"wp:featuredmedia":[{"embeddable":true,"href":"https:\/\/loja.springschool.me\/ja\/wp-json\/wp\/v2\/media\/579"}],"wp:attachment":[{"href":"https:\/\/loja.springschool.me\/ja\/wp-json\/wp\/v2\/media?parent=499"}],"wp:term":[{"taxonomy":"product_cat","embeddable":true,"href":"https:\/\/loja.springschool.me\/ja\/wp-json\/wp\/v2\/product_cat?post=499"},{"taxonomy":"product_tag","embeddable":true,"href":"https:\/\/loja.springschool.me\/ja\/wp-json\/wp\/v2\/product_tag?post=499"}],"curies":[{"name":"wp","href":"https:\/\/api.w.org\/{rel}","templated":true}]}}