{"id":495,"date":"2022-11-30T14:18:02","date_gmt":"2022-11-30T14:18:02","guid":{"rendered":"https:\/\/loja.springschool.me\/?post_type=product&#038;p=495"},"modified":"2024-07-25T01:07:03","modified_gmt":"2024-07-25T01:07:03","slug":"ansiedade-como-enfrentar-o-mal-do-seculo","status":"publish","type":"product","link":"https:\/\/loja.springschool.me\/ja\/product\/ansiedade-como-enfrentar-o-mal-do-seculo\/","title":{"rendered":"\u4e0d\u5b89\uff1a\u4e16\u7d00\u306e\u60aa\u306b\u7acb\u3061\u5411\u304b\u3046\u65b9\u6cd5\uff08\u30aa\u30fc\u30ac\u30b9\u30c8\u30fb\u30ad\u30e5\u30ea\u30fc\uff09"},"content":{"rendered":"<p>\u79c1\u305f\u3061\u306f\u884c\u304d\u904e\u304e\u305f\u793e\u4f1a\u306b\u751f\u304d\u3066\u3044\u307e\u3059\u3002\u79c1\u305f\u3061\u306f\u3001\u307b\u3068\u3093\u3069\u306e\u5834\u5408\u3001\u5438\u53ce\u3067\u304d\u306a\u3044\u60c5\u5831\u306b\u3055\u3089\u3055\u308c\u3066\u3044\u307e\u3059\u3002\u79c1\u305f\u3061\u306f\u8cac\u3081\u3089\u308c\u3001\u30d7\u30ec\u30c3\u30b7\u30e3\u30fc\u3092\u53d7\u3051\u3001\u5fc3\u306e\u4eba\u8cea\u306b\u306a\u308a\u307e\u3059\u3002\u3053\u306e\u72b6\u6cc1\u306f\u3001\u4fb5\u3059\u3053\u3068\u306e\u3067\u304d\u306a\u3044\u3082\u306e\u3001\u3064\u307e\u308a\u601d\u8003\u306e\u69cb\u7bc9\u306e\u30da\u30fc\u30b9\u3092\u5909\u3048\u3001\u611f\u60c5\u7684\u306a\u5065\u5eb7\u3001\u751f\u304d\u308b\u559c\u3073\u3001\u77e5\u6027\u3001\u5275\u9020\u6027\u306b\u975e\u5e38\u306b\u6df1\u523b\u306a\u7d50\u679c\u3092\u3082\u305f\u3089\u3057\u307e\u3057\u305f.\u8003\u3048\u308b\u306e\u306f\u826f\u3044\u3053\u3068\u3067\u3042\u308a\u3001\u6279\u5224\u7684\u306a\u826f\u5fc3\u3092\u6301\u3063\u3066\u8003\u3048\u308b\u306e\u306f\u3055\u3089\u306b\u826f\u3044\u3053\u3068\u3067\u3059\u304c\u3001\u904e\u5ea6\u306b\u8003\u3048\u308b\u3053\u3068\u306f\u3001\u751f\u6d3b\u306e\u8cea\u3068\u5275\u9020\u7684\u3067\u751f\u7523\u7684\u306a\u77e5\u6027\u306b\u5bfe\u3059\u308b\u7206\u5f3e\u3067\u3059. \u4e0d\u5b89\uff1a\u4e16\u7d00\u306e\u60aa\u306b\u7acb\u3061\u5411\u304b\u3046\u65b9\u6cd5\u3001\u6709\u540d\u306a\u7cbe\u795e\u79d1\u533b\u3067\u5fc3\u7406\u7642\u6cd5\u58eb\u306e\u30a2\u30a6\u30b0\u30b9\u30c8\u30fb\u30ad\u30e5\u30ea\u30fc\u4eca\u65e5\u306e\u6700\u3082\u8513\u5ef6\u3057\u3066\u3044\u308b\u75c5\u6c17\u306e 1 \u3064\u3067\u3042\u308b Accelerated Thinking (PAS) \u306b\u3064\u3044\u3066\u8aac\u660e\u3057\u307e\u3059\u3002\u5fc3\u7406\u5b66\u8005\u3084\u5fc3\u7406\u6559\u80b2\u5b66\u8005\u306b\u306f\u307e\u3060\u307b\u3068\u3093\u3069\u77e5\u3089\u308c\u3066\u3044\u306a\u3044\u304c\u3001PAS \u306f\u591a\u52d5\u6027\u969c\u5bb3\u3084\u6ce8\u610f\u6b20\u9665\u969c\u5bb3\u3068\u6df7\u540c\u3055\u308c\u308b\u3053\u3068\u304c\u591a\u3044\u3002\u3053\u306e\u672c\u3067\u306f\u3001\u3053\u306e\u60aa\u306e\u75c7\u72b6\u3068\u7d50\u679c\u3001\u305d\u3057\u3066\u305d\u308c\u306b\u7acb\u3061\u5411\u304b\u3044\u3001\u611f\u60c5\u7684\u304a\u3088\u3073\u7cbe\u795e\u7684\u306a\u5fc3\u306e\u5e73\u548c\u3092\u53d6\u308a\u623b\u3059\u305f\u3081\u306e\u30c6\u30af\u30cb\u30c3\u30af\u306b\u3064\u3044\u3066\u5b66\u3073\u307e\u3059.<\/p>","protected":false},"excerpt":{"rendered":"<p>Augusto Cury \u306b\u3088\u308b\u3053\u306e\u672c\u306f\u3001SPA \u3068\u305d\u306e\u75c7\u72b6\u3001\u305d\u308c\u306b\u5bfe\u51e6\u3059\u308b\u305f\u3081\u306e\u30c6\u30af\u30cb\u30c3\u30af\u3092\u7d39\u4ecb\u3057\u3066\u3044\u307e\u3059\u3002\u3053\u306e\u672c\u306f\u3001SPA \u3068\u591a\u52d5\u6027\u307e\u305f\u306f\u6ce8\u610f\u6b20\u9665\u969c\u5bb3\u306e\u9055\u3044\u3092\u7406\u89e3\u3059\u308b\u306e\u306b\u5f79\u7acb\u3061\u307e\u3059\u3002<\/p>","protected":false},"featured_media":578,"template":"","meta":[],"product_cat":[20],"product_tag":[],"yoast_head":"<!-- This site is optimized with the Yoast SEO plugin v20.11 - https:\/\/yoast.com\/wordpress\/plugins\/seo\/ -->\n<title>Ansiedade: Como enfrentar o mal do s\u00e9culo (Augusto Cury) - Spring School - Loja Virtual<\/title>\n<meta name=\"description\" content=\"Livro Ansiedade,Vivemos em uma sociedade de excessos. Somos bombardeados por informa\u00e7\u00f5es que, na maior parte das vezes, n\u00e3o conseguimos absorver. Somos cobrados, pressionados, nos tornamos ref\u00e9ns da nossa mente.\" \/>\n<meta name=\"robots\" content=\"index, follow, max-snippet:-1, max-image-preview:large, max-video-preview:-1\" \/>\n<link rel=\"canonical\" href=\"https:\/\/loja.springschool.me\/ja\/product\/ansiedade-como-enfrentar-o-mal-do-seculo\/\" \/>\n<meta property=\"og:locale\" content=\"ja_JP\" \/>\n<meta property=\"og:type\" content=\"article\" \/>\n<meta property=\"og:title\" content=\"Ansiedade: Como enfrentar o mal do s\u00e9culo (Augusto Cury) - Spring School - Loja Virtual\" \/>\n<meta property=\"og:description\" content=\"Livro Ansiedade,Vivemos em uma sociedade de excessos. Somos bombardeados por informa\u00e7\u00f5es que, na maior parte das vezes, n\u00e3o conseguimos absorver. Somos cobrados, pressionados, nos tornamos ref\u00e9ns da nossa mente.\" \/>\n<meta property=\"og:url\" content=\"https:\/\/loja.springschool.me\/ja\/product\/ansiedade-como-enfrentar-o-mal-do-seculo\/\" \/>\n<meta property=\"og:site_name\" content=\"Spring School - Loja Virtual\" \/>\n<meta property=\"article:modified_time\" content=\"2024-07-25T01:07:03+00:00\" \/>\n<meta property=\"og:image\" content=\"https:\/\/loja.springschool.me\/wp-content\/uploads\/2022\/11\/spring-loja-livro-04-1.jpg\" \/>\n\t<meta property=\"og:image:width\" content=\"1000\" \/>\n\t<meta property=\"og:image:height\" content=\"1000\" \/>\n\t<meta property=\"og:image:type\" content=\"image\/jpeg\" \/>\n<meta name=\"twitter:card\" content=\"summary_large_image\" \/>\n<meta name=\"twitter:label1\" content=\"\u63a8\u5b9a\u8aad\u307f\u53d6\u308a\u6642\u9593\" \/>\n\t<meta name=\"twitter:data1\" content=\"1\u5206\" \/>\n<script type=\"application\/ld+json\" class=\"yoast-schema-graph\">{\"@context\":\"https:\/\/schema.org\",\"@graph\":[{\"@type\":\"WebPage\",\"@id\":\"https:\/\/loja.springschool.me\/produto\/ansiedade-como-enfrentar-o-mal-do-seculo\/\",\"url\":\"https:\/\/loja.springschool.me\/produto\/ansiedade-como-enfrentar-o-mal-do-seculo\/\",\"name\":\"Ansiedade: Como enfrentar o mal do s\u00e9culo (Augusto Cury) - Spring School - Loja Virtual\",\"isPartOf\":{\"@id\":\"https:\/\/loja.springschool.me\/#website\"},\"datePublished\":\"2022-11-30T14:18:02+00:00\",\"dateModified\":\"2024-07-25T01:07:03+00:00\",\"description\":\"Livro Ansiedade,Vivemos em uma sociedade de excessos. Somos bombardeados por informa\u00e7\u00f5es que, na maior parte das vezes, n\u00e3o conseguimos absorver. Somos cobrados, pressionados, nos tornamos ref\u00e9ns da nossa mente.\",\"breadcrumb\":{\"@id\":\"https:\/\/loja.springschool.me\/produto\/ansiedade-como-enfrentar-o-mal-do-seculo\/#breadcrumb\"},\"inLanguage\":\"ja\",\"potentialAction\":[{\"@type\":\"ReadAction\",\"target\":[\"https:\/\/loja.springschool.me\/produto\/ansiedade-como-enfrentar-o-mal-do-seculo\/\"]}]},{\"@type\":\"BreadcrumbList\",\"@id\":\"https:\/\/loja.springschool.me\/produto\/ansiedade-como-enfrentar-o-mal-do-seculo\/#breadcrumb\",\"itemListElement\":[{\"@type\":\"ListItem\",\"position\":1,\"name\":\"In\u00edcio\",\"item\":\"https:\/\/loja.springschool.me\/\"},{\"@type\":\"ListItem\",\"position\":2,\"name\":\"Shop\",\"item\":\"https:\/\/loja.springschool.me\/shop\/\"},{\"@type\":\"ListItem\",\"position\":3,\"name\":\"Ansiedade: Como enfrentar o mal do s\u00e9culo (Augusto Cury)\"}]},{\"@type\":\"WebSite\",\"@id\":\"https:\/\/loja.springschool.me\/#website\",\"url\":\"https:\/\/loja.springschool.me\/\",\"name\":\"Spring School - Loja Virtual\",\"description\":\"Just another WordPress site\",\"potentialAction\":[{\"@type\":\"SearchAction\",\"target\":{\"@type\":\"EntryPoint\",\"urlTemplate\":\"https:\/\/loja.springschool.me\/?s={search_term_string}\"},\"query-input\":\"required name=search_term_string\"}],\"inLanguage\":\"ja\"}]}<\/script>\n<!-- \/ Yoast SEO plugin. -->","yoast_head_json":{"title":"Ansiedade: Como enfrentar o mal do s\u00e9culo (Augusto Cury) - Spring School - Loja Virtual","description":"Livro Ansiedade,Vivemos em uma sociedade de excessos. Somos bombardeados por informa\u00e7\u00f5es que, na maior parte das vezes, n\u00e3o conseguimos absorver. Somos cobrados, pressionados, nos tornamos ref\u00e9ns da nossa mente.","robots":{"index":"index","follow":"follow","max-snippet":"max-snippet:-1","max-image-preview":"max-image-preview:large","max-video-preview":"max-video-preview:-1"},"canonical":"https:\/\/loja.springschool.me\/ja\/product\/ansiedade-como-enfrentar-o-mal-do-seculo\/","og_locale":"ja_JP","og_type":"article","og_title":"Ansiedade: Como enfrentar o mal do s\u00e9culo (Augusto Cury) - Spring School - Loja Virtual","og_description":"Livro Ansiedade,Vivemos em uma sociedade de excessos. Somos bombardeados por informa\u00e7\u00f5es que, na maior parte das vezes, n\u00e3o conseguimos absorver. Somos cobrados, pressionados, nos tornamos ref\u00e9ns da nossa mente.","og_url":"https:\/\/loja.springschool.me\/ja\/product\/ansiedade-como-enfrentar-o-mal-do-seculo\/","og_site_name":"Spring School - Loja Virtual","article_modified_time":"2024-07-25T01:07:03+00:00","og_image":[{"width":1000,"height":1000,"url":"https:\/\/loja.springschool.me\/wp-content\/uploads\/2022\/11\/spring-loja-livro-04-1.jpg","type":"image\/jpeg"}],"twitter_card":"summary_large_image","twitter_misc":{"\u63a8\u5b9a\u8aad\u307f\u53d6\u308a\u6642\u9593":"1\u5206"},"schema":{"@context":"https:\/\/schema.org","@graph":[{"@type":"WebPage","@id":"https:\/\/loja.springschool.me\/produto\/ansiedade-como-enfrentar-o-mal-do-seculo\/","url":"https:\/\/loja.springschool.me\/produto\/ansiedade-como-enfrentar-o-mal-do-seculo\/","name":"Ansiedade: Como enfrentar o mal do s\u00e9culo (Augusto Cury) - Spring School - Loja Virtual","isPartOf":{"@id":"https:\/\/loja.springschool.me\/#website"},"datePublished":"2022-11-30T14:18:02+00:00","dateModified":"2024-07-25T01:07:03+00:00","description":"Livro Ansiedade,Vivemos em uma sociedade de excessos. Somos bombardeados por informa\u00e7\u00f5es que, na maior parte das vezes, n\u00e3o conseguimos absorver. Somos cobrados, pressionados, nos tornamos ref\u00e9ns da nossa mente.","breadcrumb":{"@id":"https:\/\/loja.springschool.me\/produto\/ansiedade-como-enfrentar-o-mal-do-seculo\/#breadcrumb"},"inLanguage":"ja","potentialAction":[{"@type":"ReadAction","target":["https:\/\/loja.springschool.me\/produto\/ansiedade-como-enfrentar-o-mal-do-seculo\/"]}]},{"@type":"BreadcrumbList","@id":"https:\/\/loja.springschool.me\/produto\/ansiedade-como-enfrentar-o-mal-do-seculo\/#breadcrumb","itemListElement":[{"@type":"ListItem","position":1,"name":"In\u00edcio","item":"https:\/\/loja.springschool.me\/"},{"@type":"ListItem","position":2,"name":"Shop","item":"https:\/\/loja.springschool.me\/shop\/"},{"@type":"ListItem","position":3,"name":"Ansiedade: Como enfrentar o mal do s\u00e9culo (Augusto Cury)"}]},{"@type":"WebSite","@id":"https:\/\/loja.springschool.me\/#website","url":"https:\/\/loja.springschool.me\/","name":"Spring School - Loja Virtual","description":"Just another WordPress site","potentialAction":[{"@type":"SearchAction","target":{"@type":"EntryPoint","urlTemplate":"https:\/\/loja.springschool.me\/?s={search_term_string}"},"query-input":"required name=search_term_string"}],"inLanguage":"ja"}]}},"_links":{"self":[{"href":"https:\/\/loja.springschool.me\/ja\/wp-json\/wp\/v2\/product\/495"}],"collection":[{"href":"https:\/\/loja.springschool.me\/ja\/wp-json\/wp\/v2\/product"}],"about":[{"href":"https:\/\/loja.springschool.me\/ja\/wp-json\/wp\/v2\/types\/product"}],"version-history":[{"count":3,"href":"https:\/\/loja.springschool.me\/ja\/wp-json\/wp\/v2\/product\/495\/revisions"}],"predecessor-version":[{"id":1278,"href":"https:\/\/loja.springschool.me\/ja\/wp-json\/wp\/v2\/product\/495\/revisions\/1278"}],"wp:featuredmedia":[{"embeddable":true,"href":"https:\/\/loja.springschool.me\/ja\/wp-json\/wp\/v2\/media\/578"}],"wp:attachment":[{"href":"https:\/\/loja.springschool.me\/ja\/wp-json\/wp\/v2\/media?parent=495"}],"wp:term":[{"taxonomy":"product_cat","embeddable":true,"href":"https:\/\/loja.springschool.me\/ja\/wp-json\/wp\/v2\/product_cat?post=495"},{"taxonomy":"product_tag","embeddable":true,"href":"https:\/\/loja.springschool.me\/ja\/wp-json\/wp\/v2\/product_tag?post=495"}],"curies":[{"name":"wp","href":"https:\/\/api.w.org\/{rel}","templated":true}]}}