{"id":492,"date":"2022-11-30T14:14:29","date_gmt":"2022-11-30T14:14:29","guid":{"rendered":"https:\/\/loja.springschool.me\/?post_type=product&#038;p=492"},"modified":"2023-02-03T15:41:45","modified_gmt":"2023-02-03T15:41:45","slug":"o-poder-do-habito-charles-duhigg","status":"publish","type":"product","link":"https:\/\/loja.springschool.me\/ja\/product\/o-poder-do-habito-charles-duhigg\/","title":{"rendered":"\u7fd2\u6163\u306e\u529b (\u30c1\u30e3\u30fc\u30eb\u30ba\u30fb\u30c7\u30e5\u30d2\u30c3\u30b0)"},"content":{"rendered":"<p>Objetiva \u51fa\u7248\u793e\u306e\u300eThe Power of Habit\u300f\u3068\u3044\u3046\u672c\u3092\u3042\u306a\u305f\u306e\u30b3\u30ec\u30af\u30b7\u30e7\u30f3\u306b\u6b20\u304b\u3059\u3053\u3068\u306f\u3067\u304d\u307e\u305b\u3093\u3002\u30cb\u30e5\u30fc\u30e8\u30fc\u30af\u30fb\u30bf\u30a4\u30e0\u30ba\u306e\u8abf\u67fb\u8a18\u8005\u3067\u3042\u308b\u30c1\u30e3\u30fc\u30eb\u30ba\u30fb\u30c7\u30e5\u30d2\u30c3\u30b0\u306f\u3001\u6210\u529f\u306e\u9375\u306f\u7fd2\u6163\u304c\u3069\u306e\u3088\u3046\u306b\u6a5f\u80fd\u3059\u308b\u306e\u304b\u3001\u305d\u3057\u3066\u7fd2\u6163\u3092\u3069\u306e\u3088\u3046\u306b\u5909\u3048\u3089\u308c\u308b\u306e\u304b\u3092\u7406\u89e3\u3059\u308b\u3053\u3068\u3067\u3042\u308b\u3068\u793a\u3057\u3066\u3044\u307e\u3059\u3002\u904e\u53bb 2 \u5e74\u9593\u3067\u3001\u3042\u308b\u82e5\u3044\u5973\u6027\u306f\u4eba\u751f\u306e\u307b\u307c\u3059\u3079\u3066\u306e\u5074\u9762\u3092\u5909\u3048\u307e\u3057\u305f\u3002\u5f7c\u5973\u306f\u7981\u7159\u3057\u3001\u30de\u30e9\u30bd\u30f3\u3092\u8d70\u308a\u3001\u6607\u9032\u3057\u307e\u3057\u305f\u3002\u7814\u7a76\u5ba4\u3067\u3001\u795e\u7d4c\u79d1\u533b\u306f\u5f7c\u5973\u306e\u8133\u5185\u306e\u30d1\u30bf\u30fc\u30f3\u304c\u6839\u672c\u7684\u306b\u5909\u5316\u3057\u3066\u3044\u308b\u3053\u3068\u3092\u767a\u898b\u3057\u307e\u3057\u305f\u3002\u30d7\u30ed\u30af\u30bf\u30fc\u30fb\u30a2\u30f3\u30c9\u30fb\u30ae\u30e3\u30f3\u30d6\u30eb\u306e\u5e83\u544a\u4e3b\u306f\u3001\u4eba\u3005\u304c\u30d9\u30c3\u30c9\u3092\u6574\u3048\u308b\u30d3\u30c7\u30aa\u3092\u8996\u8074\u3057\u307e\u3057\u305f\u3002\u5f7c\u3089\u306f\u30d5\u30a1\u30d6\u30ea\u30fc\u30ba\u3068\u3044\u3046\u65b0\u88fd\u54c1\u3092\u3069\u3046\u3084\u3063\u3066\u58f2\u308b\u304b\u3092\u5fc5\u6b7b\u3067\u8003\u3048\u3066\u3044\u307e\u3057\u305f\u304c\u3001\u305d\u306e\u88fd\u54c1\u306f\u540c\u793e\u306e\u6b74\u53f2\u306e\u4e2d\u3067\u6700\u5927\u306e\u5931\u6557\u4f5c\u306e\u4e00\u3064\u306b\u306a\u308d\u3046\u3068\u3057\u3066\u3044\u305f\u306e\u3067\u3059\u3002\u7a81\u7136\u3001\u305d\u308c\u3089\u306e\u3046\u3061\u306e 1 \u3064\u304c\u3001\u307b\u3068\u3093\u3069\u77e5\u899a\u3067\u304d\u306a\u3044\u30d1\u30bf\u30fc\u30f3\u3092\u691c\u51fa\u3057\u307e\u3057\u305f\u3002\u305d\u3057\u3066\u3001\u5e83\u544a\u30ad\u30e3\u30f3\u30da\u30fc\u30f3\u306b\u5fae\u5999\u306a\u5909\u66f4\u3092\u52a0\u3048\u305f\u7d50\u679c\u3001\u30d5\u30a1\u30d6\u30ea\u30fc\u30ba\u306f\u4f55\u5e74\u306b\u3082\u308f\u305f\u3063\u3066 10 \u5104\u30c9\u30eb\u3082\u306e\u58f2\u308a\u4e0a\u3052\u3092\u958b\u59cb\u3057\u307e\u3057\u305f\u3002\u3042\u307e\u308a\u77e5\u3089\u308c\u3066\u3044\u306a\u3044 CEO \u304c\u5317\u7c73\u6700\u5927\u624b\u306e\u4f01\u696d\u306e 1 \u3064\u3092\u5f15\u304d\u7d99\u304e\u307e\u3059\u3002\u6700\u521d\u306e\u30b9\u30c6\u30c3\u30d7\u306f\u3001\u5f93\u696d\u54e1\u9593\u306e\u5358\u4e00\u30d1\u30bf\u30fc\u30f3\u3001\u3064\u307e\u308a\u8077\u5834\u306e\u5b89\u5168\u3078\u306e\u53d6\u308a\u7d44\u307f\u65b9\u3092\u653b\u6483\u3059\u308b\u3053\u3068\u3067\u3059\u3002\u305d\u3046\u3059\u308c\u3070\u3059\u3050\u306b\u3001\u4f1a\u793e\u306f\u30c0\u30a6\u30fb\u30b8\u30e7\u30fc\u30f3\u30ba\u6307\u6570\u3067\u6700\u9ad8\u306e\u30d1\u30d5\u30a9\u30fc\u30de\u30f3\u30b9\u3092\u793a\u3057\u59cb\u3081\u307e\u3059\u3002\u3053\u308c\u3089\u3059\u3079\u3066\u306e\u4eba\u3005\u306b\u5171\u901a\u3059\u308b\u3082\u306e\u306f\u4f55\u3067\u3057\u3087\u3046\u304b?\u5f7c\u3089\u306f\u3001\u79c1\u305f\u3061\u306e\u751f\u6d3b\u306e\u3042\u3089\u3086\u308b\u5074\u9762\u3092\u5f62\u4f5c\u308b\u30d1\u30bf\u30fc\u30f3\u306b\u7126\u70b9\u3092\u5f53\u3066\u308b\u3053\u3068\u3067\u3001\u306a\u3093\u3068\u304b\u6210\u529f\u3092\u53ce\u3081\u3066\u304d\u307e\u3057\u305f\u3002\u5f7c\u3089\u306f\u7fd2\u6163\u3092\u5909\u3048\u308b\u3053\u3068\u306b\u6210\u529f\u3057\u307e\u3057\u305f\u3002\u30c1\u30e3\u30fc\u30eb\u30ba\u30fb\u30c7\u30e5\u30d2\u30c3\u30b0\u306f\u3001\u6d1e\u5bdf\u529b\u3068\u30b9\u30ad\u30eb\u3092\u3082\u3063\u3066\u3001\u4eba\u9593\u306e\u672c\u6027\u3068\u305d\u306e\u5909\u5bb9\u306e\u53ef\u80fd\u6027\u306b\u3064\u3044\u3066\u306e\u65b0\u305f\u306a\u7406\u89e3\u3092\u63d0\u793a\u3057\u307e\u3059\u3002<\/p>","protected":false},"excerpt":{"rendered":"<p>Charles Duhigg \u306b\u3088\u308b\u3053\u306e\u672c\u306f\u3001\u884c\u52d5\u30d1\u30bf\u30fc\u30f3\u306e\u5909\u5316\u304c\u79c1\u305f\u3061\u306e\u751f\u6d3b\u3092\u3069\u306e\u3088\u3046\u306b\u5909\u3048\u308b\u3053\u3068\u304c\u3067\u304d\u308b\u304b\u3092\u53d6\u308a\u4e0a\u3052\u3001\u4eba\u9593\u306e\u6027\u8cea\u3068\u305d\u306e\u5909\u5316\u306e\u53ef\u80fd\u6027\u306b\u3064\u3044\u3066\u306e\u65b0\u3057\u3044\u7406\u89e3\u3092\u793a\u3057\u3066\u3044\u307e\u3059\u3002<\/p>","protected":false},"featured_media":577,"template":"","meta":[],"product_cat":[20],"product_tag":[],"yoast_head":"<!-- This site is optimized with the Yoast SEO plugin v20.11 - https:\/\/yoast.com\/wordpress\/plugins\/seo\/ -->\n<title>O poder do H\u00e1bito (Charles Duhigg) - Spring School - Loja Virtual<\/title>\n<meta name=\"description\" content=\"O poder do H\u00e1bito (Charles Duhigg) - O livro O Poder do H\u00e1bito da editora Objetiva n\u00e3o pode faltar na sua cole\u00e7\u00e3o. Charles Duhigg, rep\u00f3rter investigativo do New York Times, mostra que a chave para o sucesso \u00e9 entender como os h\u00e1bitos funcionam - e como podemos transform\u00e1-los. Durante os \u00faltimos dois anos, uma jovem transformou quase todos os aspectos de sua vida. Parou de fumar, correu uma maratona e foi promovida.\" \/>\n<meta name=\"robots\" content=\"index, follow, max-snippet:-1, max-image-preview:large, max-video-preview:-1\" \/>\n<link rel=\"canonical\" href=\"https:\/\/loja.springschool.me\/ja\/product\/o-poder-do-habito-charles-duhigg\/\" \/>\n<meta property=\"og:locale\" content=\"ja_JP\" \/>\n<meta property=\"og:type\" content=\"article\" \/>\n<meta property=\"og:title\" content=\"O poder do H\u00e1bito (Charles Duhigg) - Spring School - Loja Virtual\" \/>\n<meta property=\"og:description\" content=\"O poder do H\u00e1bito (Charles Duhigg) - O livro O Poder do H\u00e1bito da editora Objetiva n\u00e3o pode faltar na sua cole\u00e7\u00e3o. Charles Duhigg, rep\u00f3rter investigativo do New York Times, mostra que a chave para o sucesso \u00e9 entender como os h\u00e1bitos funcionam - e como podemos transform\u00e1-los. Durante os \u00faltimos dois anos, uma jovem transformou quase todos os aspectos de sua vida. Parou de fumar, correu uma maratona e foi promovida.\" \/>\n<meta property=\"og:url\" content=\"https:\/\/loja.springschool.me\/ja\/product\/o-poder-do-habito-charles-duhigg\/\" \/>\n<meta property=\"og:site_name\" content=\"Spring School - Loja Virtual\" \/>\n<meta property=\"article:modified_time\" content=\"2023-02-03T15:41:45+00:00\" \/>\n<meta property=\"og:image\" content=\"https:\/\/loja.springschool.me\/wp-content\/uploads\/2022\/11\/spring-loja-livro-03-1.jpg\" \/>\n\t<meta property=\"og:image:width\" content=\"1000\" \/>\n\t<meta property=\"og:image:height\" content=\"1000\" \/>\n\t<meta property=\"og:image:type\" content=\"image\/jpeg\" \/>\n<meta name=\"twitter:card\" content=\"summary_large_image\" \/>\n<meta name=\"twitter:label1\" content=\"\u63a8\u5b9a\u8aad\u307f\u53d6\u308a\u6642\u9593\" \/>\n\t<meta name=\"twitter:data1\" content=\"2\u5206\" \/>\n<script type=\"application\/ld+json\" class=\"yoast-schema-graph\">{\"@context\":\"https:\/\/schema.org\",\"@graph\":[{\"@type\":\"WebPage\",\"@id\":\"https:\/\/loja.springschool.me\/produto\/o-poder-do-habito-charles-duhigg\/\",\"url\":\"https:\/\/loja.springschool.me\/produto\/o-poder-do-habito-charles-duhigg\/\",\"name\":\"O poder do H\u00e1bito (Charles Duhigg) - Spring School - Loja Virtual\",\"isPartOf\":{\"@id\":\"https:\/\/loja.springschool.me\/#website\"},\"datePublished\":\"2022-11-30T14:14:29+00:00\",\"dateModified\":\"2023-02-03T15:41:45+00:00\",\"description\":\"O poder do H\u00e1bito (Charles Duhigg) - O livro O Poder do H\u00e1bito da editora Objetiva n\u00e3o pode faltar na sua cole\u00e7\u00e3o. Charles Duhigg, rep\u00f3rter investigativo do New York Times, mostra que a chave para o sucesso \u00e9 entender como os h\u00e1bitos funcionam - e como podemos transform\u00e1-los. Durante os \u00faltimos dois anos, uma jovem transformou quase todos os aspectos de sua vida. Parou de fumar, correu uma maratona e foi promovida.\",\"breadcrumb\":{\"@id\":\"https:\/\/loja.springschool.me\/produto\/o-poder-do-habito-charles-duhigg\/#breadcrumb\"},\"inLanguage\":\"ja\",\"potentialAction\":[{\"@type\":\"ReadAction\",\"target\":[\"https:\/\/loja.springschool.me\/produto\/o-poder-do-habito-charles-duhigg\/\"]}]},{\"@type\":\"BreadcrumbList\",\"@id\":\"https:\/\/loja.springschool.me\/produto\/o-poder-do-habito-charles-duhigg\/#breadcrumb\",\"itemListElement\":[{\"@type\":\"ListItem\",\"position\":1,\"name\":\"In\u00edcio\",\"item\":\"https:\/\/loja.springschool.me\/\"},{\"@type\":\"ListItem\",\"position\":2,\"name\":\"Shop\",\"item\":\"https:\/\/loja.springschool.me\/shop\/\"},{\"@type\":\"ListItem\",\"position\":3,\"name\":\"O poder do H\u00e1bito (Charles Duhigg)\"}]},{\"@type\":\"WebSite\",\"@id\":\"https:\/\/loja.springschool.me\/#website\",\"url\":\"https:\/\/loja.springschool.me\/\",\"name\":\"Spring School - Loja Virtual\",\"description\":\"Just another WordPress site\",\"potentialAction\":[{\"@type\":\"SearchAction\",\"target\":{\"@type\":\"EntryPoint\",\"urlTemplate\":\"https:\/\/loja.springschool.me\/?s={search_term_string}\"},\"query-input\":\"required name=search_term_string\"}],\"inLanguage\":\"ja\"}]}<\/script>\n<!-- \/ Yoast SEO plugin. -->","yoast_head_json":{"title":"O poder do H\u00e1bito (Charles Duhigg) - Spring School - Loja Virtual","description":"O poder do H\u00e1bito (Charles Duhigg) - O livro O Poder do H\u00e1bito da editora Objetiva n\u00e3o pode faltar na sua cole\u00e7\u00e3o. Charles Duhigg, rep\u00f3rter investigativo do New York Times, mostra que a chave para o sucesso \u00e9 entender como os h\u00e1bitos funcionam - e como podemos transform\u00e1-los. Durante os \u00faltimos dois anos, uma jovem transformou quase todos os aspectos de sua vida. Parou de fumar, correu uma maratona e foi promovida.","robots":{"index":"index","follow":"follow","max-snippet":"max-snippet:-1","max-image-preview":"max-image-preview:large","max-video-preview":"max-video-preview:-1"},"canonical":"https:\/\/loja.springschool.me\/ja\/product\/o-poder-do-habito-charles-duhigg\/","og_locale":"ja_JP","og_type":"article","og_title":"O poder do H\u00e1bito (Charles Duhigg) - Spring School - Loja Virtual","og_description":"O poder do H\u00e1bito (Charles Duhigg) - O livro O Poder do H\u00e1bito da editora Objetiva n\u00e3o pode faltar na sua cole\u00e7\u00e3o. Charles Duhigg, rep\u00f3rter investigativo do New York Times, mostra que a chave para o sucesso \u00e9 entender como os h\u00e1bitos funcionam - e como podemos transform\u00e1-los. Durante os \u00faltimos dois anos, uma jovem transformou quase todos os aspectos de sua vida. Parou de fumar, correu uma maratona e foi promovida.","og_url":"https:\/\/loja.springschool.me\/ja\/product\/o-poder-do-habito-charles-duhigg\/","og_site_name":"Spring School - Loja Virtual","article_modified_time":"2023-02-03T15:41:45+00:00","og_image":[{"width":1000,"height":1000,"url":"https:\/\/loja.springschool.me\/wp-content\/uploads\/2022\/11\/spring-loja-livro-03-1.jpg","type":"image\/jpeg"}],"twitter_card":"summary_large_image","twitter_misc":{"\u63a8\u5b9a\u8aad\u307f\u53d6\u308a\u6642\u9593":"2\u5206"},"schema":{"@context":"https:\/\/schema.org","@graph":[{"@type":"WebPage","@id":"https:\/\/loja.springschool.me\/produto\/o-poder-do-habito-charles-duhigg\/","url":"https:\/\/loja.springschool.me\/produto\/o-poder-do-habito-charles-duhigg\/","name":"O poder do H\u00e1bito (Charles Duhigg) - Spring School - Loja Virtual","isPartOf":{"@id":"https:\/\/loja.springschool.me\/#website"},"datePublished":"2022-11-30T14:14:29+00:00","dateModified":"2023-02-03T15:41:45+00:00","description":"O poder do H\u00e1bito (Charles Duhigg) - O livro O Poder do H\u00e1bito da editora Objetiva n\u00e3o pode faltar na sua cole\u00e7\u00e3o. Charles Duhigg, rep\u00f3rter investigativo do New York Times, mostra que a chave para o sucesso \u00e9 entender como os h\u00e1bitos funcionam - e como podemos transform\u00e1-los. Durante os \u00faltimos dois anos, uma jovem transformou quase todos os aspectos de sua vida. Parou de fumar, correu uma maratona e foi promovida.","breadcrumb":{"@id":"https:\/\/loja.springschool.me\/produto\/o-poder-do-habito-charles-duhigg\/#breadcrumb"},"inLanguage":"ja","potentialAction":[{"@type":"ReadAction","target":["https:\/\/loja.springschool.me\/produto\/o-poder-do-habito-charles-duhigg\/"]}]},{"@type":"BreadcrumbList","@id":"https:\/\/loja.springschool.me\/produto\/o-poder-do-habito-charles-duhigg\/#breadcrumb","itemListElement":[{"@type":"ListItem","position":1,"name":"In\u00edcio","item":"https:\/\/loja.springschool.me\/"},{"@type":"ListItem","position":2,"name":"Shop","item":"https:\/\/loja.springschool.me\/shop\/"},{"@type":"ListItem","position":3,"name":"O poder do H\u00e1bito (Charles Duhigg)"}]},{"@type":"WebSite","@id":"https:\/\/loja.springschool.me\/#website","url":"https:\/\/loja.springschool.me\/","name":"Spring School - Loja Virtual","description":"Just another WordPress site","potentialAction":[{"@type":"SearchAction","target":{"@type":"EntryPoint","urlTemplate":"https:\/\/loja.springschool.me\/?s={search_term_string}"},"query-input":"required name=search_term_string"}],"inLanguage":"ja"}]}},"_links":{"self":[{"href":"https:\/\/loja.springschool.me\/ja\/wp-json\/wp\/v2\/product\/492"}],"collection":[{"href":"https:\/\/loja.springschool.me\/ja\/wp-json\/wp\/v2\/product"}],"about":[{"href":"https:\/\/loja.springschool.me\/ja\/wp-json\/wp\/v2\/types\/product"}],"version-history":[{"count":2,"href":"https:\/\/loja.springschool.me\/ja\/wp-json\/wp\/v2\/product\/492\/revisions"}],"predecessor-version":[{"id":1277,"href":"https:\/\/loja.springschool.me\/ja\/wp-json\/wp\/v2\/product\/492\/revisions\/1277"}],"wp:featuredmedia":[{"embeddable":true,"href":"https:\/\/loja.springschool.me\/ja\/wp-json\/wp\/v2\/media\/577"}],"wp:attachment":[{"href":"https:\/\/loja.springschool.me\/ja\/wp-json\/wp\/v2\/media?parent=492"}],"wp:term":[{"taxonomy":"product_cat","embeddable":true,"href":"https:\/\/loja.springschool.me\/ja\/wp-json\/wp\/v2\/product_cat?post=492"},{"taxonomy":"product_tag","embeddable":true,"href":"https:\/\/loja.springschool.me\/ja\/wp-json\/wp\/v2\/product_tag?post=492"}],"curies":[{"name":"wp","href":"https:\/\/api.w.org\/{rel}","templated":true}]}}