{"id":489,"date":"2022-11-30T14:11:05","date_gmt":"2022-11-30T14:11:05","guid":{"rendered":"https:\/\/loja.springschool.me\/?post_type=product&#038;p=489"},"modified":"2023-02-03T15:36:29","modified_gmt":"2023-02-03T15:36:29","slug":"o-jeito-harvard-de-ser-feliz-o-curso-mais-concorrido-da-melhor-universidade-do-mundo","status":"publish","type":"product","link":"https:\/\/loja.springschool.me\/ja\/product\/o-jeito-harvard-de-ser-feliz-o-curso-mais-concorrido-da-melhor-universidade-do-mundo\/","title":{"rendered":"\u30cf\u30fc\u30d0\u30fc\u30c9\u306e\u5e78\u305b\u306b\u306a\u308b\u65b9\u6cd5: \u4e16\u754c\u6700\u9ad8\u306e\u5927\u5b66\u3067\u6700\u3082\u4eba\u6c17\u306e\u3042\u308b\u30b3\u30fc\u30b9"},"content":{"rendered":"<p>\u5e78\u305b\u306b\u306a\u308b\u305f\u3081\u306b\u6210\u529f\u3059\u308b\u5fc5\u8981\u306f\u3042\u308a\u307e\u305b\u3093\u304c\u3001\u6210\u529f\u3059\u308b\u306b\u306f\u5e78\u305b\u306b\u306a\u308b\u5fc5\u8981\u304c\u3042\u308a\u307e\u3059 \u4e00\u822c\u901a\u5ff5\u3067\u306f\u3001\u4e00\u751f\u61f8\u547d\u50cd\u3051\u3070\u6210\u529f\u3057\u3001\u6210\u529f\u3059\u308c\u3070\u5e78\u305b\u306b\u306a\u308c\u308b\u3068\u8a00\u308f\u308c\u3066\u3044\u307e\u3059\u3002\u5922\u306e\u3088\u3046\u306a\u4ed5\u4e8b\u3092\u898b\u3064\u3051\u3066\u3001\u3082\u3046 1 \u56de\u6607\u9032\u3057\u3066\u300110 \u30dd\u30f3\u30c9\u75e9\u305b\u308b\u3053\u3068\u304c\u3067\u304d\u308c\u3070\u3001\u5e78\u305b\u304c\u3084\u3063\u3066\u304f\u308b\u3067\u3057\u3087\u3046\u3002\u3057\u304b\u3057\u3001\u30dd\u30b8\u30c6\u30a3\u30d6\u5fc3\u7406\u5b66\u306e\u5206\u91ce\u306b\u304a\u3051\u308b\u6700\u8fd1\u306e\u767a\u898b\u306f\u3001\u3053\u306e\u516c\u5f0f\u304c\u5b9f\u969b\u306b\u306f\u9006\u306b\u6a5f\u80fd\u3059\u308b\u3053\u3068\u3092\u793a\u3057\u307e\u3057\u305f\u3002\u6210\u529f\u3092\u4fc3\u9032\u3059\u308b\u306e\u306f\u5e78\u798f\u3067\u3042\u308a\u3001\u305d\u306e\u9006\u3067\u306f\u306a\u3044\u3068\u3044\u3046\u3053\u3068\u3067\u3059\u3002\u79c1\u305f\u3061\u304c\u524d\u5411\u304d\u306b\u306a\u308b\u3068\u3001\u79c1\u305f\u3061\u306e\u8133\u306f\u3088\u308a\u7a4d\u6975\u7684\u306b\u306a\u308a\u3001\u3088\u308a\u5275\u9020\u7684\u3067\u3001\u3084\u308b\u6c17\u304c\u3042\u308a\u3001\u6d3b\u529b\u304c\u3042\u308a\u3001\u4ed5\u4e8b\u306e\u751f\u7523\u6027\u304c\u9ad8\u307e\u308a\u307e\u3059\u3002\u3053\u308c\u306f\u5358\u7d14\u306a\u7a7a\u865a\u306a\u30de\u30f3\u30c8\u30e9\u3067\u306f\u3042\u308a\u307e\u305b\u3093\u3002\u3053\u306e\u767a\u898b\u306f\u3001\u5fc3\u7406\u5b66\u3068\u795e\u7d4c\u79d1\u5b66\u306e\u5206\u91ce\u306b\u304a\u3051\u308b\u53b3\u5bc6\u306a\u7814\u7a76\u3001\u7d4c\u55b6\u7814\u7a76\u3001\u4e16\u754c\u4e2d\u306e\u7d44\u7e54\u306e\u8ca1\u52d9\u7d50\u679c\u306b\u3088\u3063\u3066\u7e70\u308a\u8fd4\u3057\u8a3c\u660e\u3055\u308c\u3066\u3044\u307e\u3059\u3002\u3053\u306e\u672c\u306f\u3001\u3088\u308a\u5e78\u305b\u306b\u306a\u308b\u65b9\u6cd5\u306b\u3064\u3044\u3066\u8ad6\u3058\u3066\u3044\u308b\u3060\u3051\u3067\u306f\u306a\u304f\u3001\u4ed5\u4e8b\u3084\u751f\u6d3b\u306b\u4e26\u5916\u308c\u305f\u52b9\u679c\u3092\u3082\u305f\u3089\u3059\u3001\u3088\u308a\u524d\u5411\u304d\u306a\u7cbe\u795e\u7684\u614b\u5ea6\u306e\u6069\u6075\u3092\u4eab\u53d7\u3059\u308b\u65b9\u6cd5\u3092\u6559\u3048\u3088\u3046\u3068\u3057\u3066\u304a\u308a\u3001\u5353\u8d8a\u3057\u305f\u6210\u679c\u3092\u6c42\u3081\u308b\u3059\u3079\u3066\u306e\u4eba\u306b\u3068\u3063\u3066\u5fc5\u8aad\u306e\u66f8\u3067\u3059\u3002\u4ed5\u4e8b\u91cf\u3001\u30b9\u30c8\u30ec\u30b9\u3001\u5426\u5b9a\u7684\u306a\u8003\u3048\u65b9\u304c\u5897\u5927\u3059\u308b\u4e16\u754c\u3002 \u300c\u30b7\u30e7\u30fc\u30f3\u30fb\u30a2\u30b3\u30fc\u30eb\u306f\u9762\u767d\u304f\u3001\u81ea\u5206\u306e\u9650\u754c\u3092\u8a8d\u8b58\u3057\u3066\u304a\u308a\u3001\u3053\u306e\u5206\u91ce\u306e\u77e5\u8b58\u306b\u3064\u3044\u3066\u306e\u79c1\u306e\u53e4\u3044\u8003\u3048\u3092\u7c21\u5358\u306b\u6253\u3061\u7834\u3063\u3066\u304f\u308c\u307e\u3059\u3002\u300d\u30dc\u30b9\u30c8\u30f3\u30fb\u30b0\u30ed\u30fc\u30d6\u7d19\u300c\u30b7\u30e7\u30fc\u30f3\u306f\u3001\u56de\u5fa9\u529b\u3068\u524d\u5411\u304d\u306a\u59ff\u52e2\u3092\u5f37\u8abf\u3059\u308b\u30dd\u30b8\u30c6\u30a3\u30d6\u5fc3\u7406\u5b66\u306e\u5206\u91ce\u3067\u5897\u3048\u7d9a\u3051\u308b\u4e00\u9023\u306e\u7814\u7a76\u306b\u57fa\u3065\u3044\u3066\u30c8\u30ec\u30fc\u30cb\u30f3\u30b0\u30bb\u30c3\u30b7\u30e7\u30f3\u3092\u884c\u3063\u3066\u3044\u307e\u3059\u3002\u300d\u30a6\u30a9\u30fc\u30eb\u30b9\u30c8\u30ea\u30fc\u30c8\u30b8\u30e3\u30fc\u30ca\u30eb\u3002<\/p>","protected":false},"excerpt":{"rendered":"<p>\u3053\u306e\u672c\u306f\u3001\u30dd\u30b8\u30c6\u30a3\u30d6\u5fc3\u7406\u5b66\u306e\u7814\u7a76\u306b\u57fa\u3065\u3044\u3066\u3001\u30dd\u30b8\u30c6\u30a3\u30d6\u306a\u8003\u3048\u65b9\u304c\u3069\u306e\u3088\u3046\u306b\u4ed5\u4e8b\u3084\u751f\u6d3b\u306b\u6539\u5584\u3092\u3082\u305f\u3089\u3059\u304b\u3092\u6559\u3048\u3066\u3044\u307e\u3059\u3002\u307e\u3059\u307e\u3059\u30b9\u30c8\u30ec\u30b9\u304c\u5897\u3048\u3001\u30cd\u30ac\u30c6\u30a3\u30d6\u306a\u4e16\u754c\u306e\u4e2d\u3067\u5353\u8d8a\u6027\u3092\u6c42\u3081\u308b\u4eba\u306b\u3068\u3063\u3066\u3001\u3053\u306e\u672c\u306f\u91cd\u8981\u306a\u4e00\u518a\u3067\u3059\u3002<\/p>","protected":false},"featured_media":576,"template":"","meta":[],"product_cat":[20],"product_tag":[],"yoast_head":"<!-- This site is optimized with the Yoast SEO plugin v20.11 - https:\/\/yoast.com\/wordpress\/plugins\/seo\/ -->\n<title>O Jeito Harvard de Ser Feliz: O curso mais concorrido da melhor universidade do mundo - Spring School - Loja Virtual<\/title>\n<meta name=\"description\" content=\"O Jeito Harvard de Ser Feliz: O curso mais concorrido da melhor universidade do mundo - Voc\u00ea n\u00e3o precisa ter sucesso para ser feliz, mas precisa ser feliz para ter sucesso A sabedoria popular diz que se nos empenharmos teremos sucesso, e se tivermos sucesso, ent\u00e3o poderemos ser felizes. Se pud\u00e9ssemos encontrar aquele emprego dos sonhos, ter mais uma promo\u00e7\u00e3o, perder aqueles tr\u00eas quilos, a felicidade viria. Mas descobertas recentes no campo da psicologia positiva t\u00eam demonstrado que essa f\u00f3rmula funciona na verdade de maneira inversa: \u00e9 a felicidade que impulsiona o sucesso, e n\u00e3o o contr\u00e1rio.\" \/>\n<meta name=\"robots\" content=\"index, follow, max-snippet:-1, max-image-preview:large, max-video-preview:-1\" \/>\n<link rel=\"canonical\" href=\"https:\/\/loja.springschool.me\/ja\/product\/o-jeito-harvard-de-ser-feliz-o-curso-mais-concorrido-da-melhor-universidade-do-mundo\/\" \/>\n<meta property=\"og:locale\" content=\"ja_JP\" \/>\n<meta property=\"og:type\" content=\"article\" \/>\n<meta property=\"og:title\" content=\"O Jeito Harvard de Ser Feliz: O curso mais concorrido da melhor universidade do mundo - Spring School - Loja Virtual\" \/>\n<meta property=\"og:description\" content=\"O Jeito Harvard de Ser Feliz: O curso mais concorrido da melhor universidade do mundo - Voc\u00ea n\u00e3o precisa ter sucesso para ser feliz, mas precisa ser feliz para ter sucesso A sabedoria popular diz que se nos empenharmos teremos sucesso, e se tivermos sucesso, ent\u00e3o poderemos ser felizes. Se pud\u00e9ssemos encontrar aquele emprego dos sonhos, ter mais uma promo\u00e7\u00e3o, perder aqueles tr\u00eas quilos, a felicidade viria. Mas descobertas recentes no campo da psicologia positiva t\u00eam demonstrado que essa f\u00f3rmula funciona na verdade de maneira inversa: \u00e9 a felicidade que impulsiona o sucesso, e n\u00e3o o contr\u00e1rio.\" \/>\n<meta property=\"og:url\" content=\"https:\/\/loja.springschool.me\/ja\/product\/o-jeito-harvard-de-ser-feliz-o-curso-mais-concorrido-da-melhor-universidade-do-mundo\/\" \/>\n<meta property=\"og:site_name\" content=\"Spring School - Loja Virtual\" \/>\n<meta property=\"article:modified_time\" content=\"2023-02-03T15:36:29+00:00\" \/>\n<meta property=\"og:image\" content=\"https:\/\/loja.springschool.me\/wp-content\/uploads\/2022\/11\/spring-loja-livro-02.jpg\" \/>\n\t<meta property=\"og:image:width\" content=\"1000\" \/>\n\t<meta property=\"og:image:height\" content=\"1000\" \/>\n\t<meta property=\"og:image:type\" content=\"image\/jpeg\" \/>\n<meta name=\"twitter:card\" content=\"summary_large_image\" \/>\n<meta name=\"twitter:label1\" content=\"\u63a8\u5b9a\u8aad\u307f\u53d6\u308a\u6642\u9593\" \/>\n\t<meta name=\"twitter:data1\" content=\"2\u5206\" \/>\n<script type=\"application\/ld+json\" class=\"yoast-schema-graph\">{\"@context\":\"https:\/\/schema.org\",\"@graph\":[{\"@type\":\"WebPage\",\"@id\":\"https:\/\/loja.springschool.me\/produto\/o-jeito-harvard-de-ser-feliz-o-curso-mais-concorrido-da-melhor-universidade-do-mundo\/\",\"url\":\"https:\/\/loja.springschool.me\/produto\/o-jeito-harvard-de-ser-feliz-o-curso-mais-concorrido-da-melhor-universidade-do-mundo\/\",\"name\":\"O Jeito Harvard de Ser Feliz: O curso mais concorrido da melhor universidade do mundo - Spring School - Loja Virtual\",\"isPartOf\":{\"@id\":\"https:\/\/loja.springschool.me\/#website\"},\"datePublished\":\"2022-11-30T14:11:05+00:00\",\"dateModified\":\"2023-02-03T15:36:29+00:00\",\"description\":\"O Jeito Harvard de Ser Feliz: O curso mais concorrido da melhor universidade do mundo - Voc\u00ea n\u00e3o precisa ter sucesso para ser feliz, mas precisa ser feliz para ter sucesso A sabedoria popular diz que se nos empenharmos teremos sucesso, e se tivermos sucesso, ent\u00e3o poderemos ser felizes. Se pud\u00e9ssemos encontrar aquele emprego dos sonhos, ter mais uma promo\u00e7\u00e3o, perder aqueles tr\u00eas quilos, a felicidade viria. Mas descobertas recentes no campo da psicologia positiva t\u00eam demonstrado que essa f\u00f3rmula funciona na verdade de maneira inversa: \u00e9 a felicidade que impulsiona o sucesso, e n\u00e3o o contr\u00e1rio.\",\"breadcrumb\":{\"@id\":\"https:\/\/loja.springschool.me\/produto\/o-jeito-harvard-de-ser-feliz-o-curso-mais-concorrido-da-melhor-universidade-do-mundo\/#breadcrumb\"},\"inLanguage\":\"ja\",\"potentialAction\":[{\"@type\":\"ReadAction\",\"target\":[\"https:\/\/loja.springschool.me\/produto\/o-jeito-harvard-de-ser-feliz-o-curso-mais-concorrido-da-melhor-universidade-do-mundo\/\"]}]},{\"@type\":\"BreadcrumbList\",\"@id\":\"https:\/\/loja.springschool.me\/produto\/o-jeito-harvard-de-ser-feliz-o-curso-mais-concorrido-da-melhor-universidade-do-mundo\/#breadcrumb\",\"itemListElement\":[{\"@type\":\"ListItem\",\"position\":1,\"name\":\"In\u00edcio\",\"item\":\"https:\/\/loja.springschool.me\/\"},{\"@type\":\"ListItem\",\"position\":2,\"name\":\"Shop\",\"item\":\"https:\/\/loja.springschool.me\/shop\/\"},{\"@type\":\"ListItem\",\"position\":3,\"name\":\"O Jeito Harvard de Ser Feliz: O curso mais concorrido da melhor universidade do mundo\"}]},{\"@type\":\"WebSite\",\"@id\":\"https:\/\/loja.springschool.me\/#website\",\"url\":\"https:\/\/loja.springschool.me\/\",\"name\":\"Spring School - Loja Virtual\",\"description\":\"Just another WordPress site\",\"potentialAction\":[{\"@type\":\"SearchAction\",\"target\":{\"@type\":\"EntryPoint\",\"urlTemplate\":\"https:\/\/loja.springschool.me\/?s={search_term_string}\"},\"query-input\":\"required name=search_term_string\"}],\"inLanguage\":\"ja\"}]}<\/script>\n<!-- \/ Yoast SEO plugin. -->","yoast_head_json":{"title":"O Jeito Harvard de Ser Feliz: O curso mais concorrido da melhor universidade do mundo - Spring School - Loja Virtual","description":"O Jeito Harvard de Ser Feliz: O curso mais concorrido da melhor universidade do mundo - Voc\u00ea n\u00e3o precisa ter sucesso para ser feliz, mas precisa ser feliz para ter sucesso A sabedoria popular diz que se nos empenharmos teremos sucesso, e se tivermos sucesso, ent\u00e3o poderemos ser felizes. Se pud\u00e9ssemos encontrar aquele emprego dos sonhos, ter mais uma promo\u00e7\u00e3o, perder aqueles tr\u00eas quilos, a felicidade viria. Mas descobertas recentes no campo da psicologia positiva t\u00eam demonstrado que essa f\u00f3rmula funciona na verdade de maneira inversa: \u00e9 a felicidade que impulsiona o sucesso, e n\u00e3o o contr\u00e1rio.","robots":{"index":"index","follow":"follow","max-snippet":"max-snippet:-1","max-image-preview":"max-image-preview:large","max-video-preview":"max-video-preview:-1"},"canonical":"https:\/\/loja.springschool.me\/ja\/product\/o-jeito-harvard-de-ser-feliz-o-curso-mais-concorrido-da-melhor-universidade-do-mundo\/","og_locale":"ja_JP","og_type":"article","og_title":"O Jeito Harvard de Ser Feliz: O curso mais concorrido da melhor universidade do mundo - Spring School - Loja Virtual","og_description":"O Jeito Harvard de Ser Feliz: O curso mais concorrido da melhor universidade do mundo - Voc\u00ea n\u00e3o precisa ter sucesso para ser feliz, mas precisa ser feliz para ter sucesso A sabedoria popular diz que se nos empenharmos teremos sucesso, e se tivermos sucesso, ent\u00e3o poderemos ser felizes. Se pud\u00e9ssemos encontrar aquele emprego dos sonhos, ter mais uma promo\u00e7\u00e3o, perder aqueles tr\u00eas quilos, a felicidade viria. Mas descobertas recentes no campo da psicologia positiva t\u00eam demonstrado que essa f\u00f3rmula funciona na verdade de maneira inversa: \u00e9 a felicidade que impulsiona o sucesso, e n\u00e3o o contr\u00e1rio.","og_url":"https:\/\/loja.springschool.me\/ja\/product\/o-jeito-harvard-de-ser-feliz-o-curso-mais-concorrido-da-melhor-universidade-do-mundo\/","og_site_name":"Spring School - Loja Virtual","article_modified_time":"2023-02-03T15:36:29+00:00","og_image":[{"width":1000,"height":1000,"url":"https:\/\/loja.springschool.me\/wp-content\/uploads\/2022\/11\/spring-loja-livro-02.jpg","type":"image\/jpeg"}],"twitter_card":"summary_large_image","twitter_misc":{"\u63a8\u5b9a\u8aad\u307f\u53d6\u308a\u6642\u9593":"2\u5206"},"schema":{"@context":"https:\/\/schema.org","@graph":[{"@type":"WebPage","@id":"https:\/\/loja.springschool.me\/produto\/o-jeito-harvard-de-ser-feliz-o-curso-mais-concorrido-da-melhor-universidade-do-mundo\/","url":"https:\/\/loja.springschool.me\/produto\/o-jeito-harvard-de-ser-feliz-o-curso-mais-concorrido-da-melhor-universidade-do-mundo\/","name":"O Jeito Harvard de Ser Feliz: O curso mais concorrido da melhor universidade do mundo - Spring School - Loja Virtual","isPartOf":{"@id":"https:\/\/loja.springschool.me\/#website"},"datePublished":"2022-11-30T14:11:05+00:00","dateModified":"2023-02-03T15:36:29+00:00","description":"O Jeito Harvard de Ser Feliz: O curso mais concorrido da melhor universidade do mundo - Voc\u00ea n\u00e3o precisa ter sucesso para ser feliz, mas precisa ser feliz para ter sucesso A sabedoria popular diz que se nos empenharmos teremos sucesso, e se tivermos sucesso, ent\u00e3o poderemos ser felizes. Se pud\u00e9ssemos encontrar aquele emprego dos sonhos, ter mais uma promo\u00e7\u00e3o, perder aqueles tr\u00eas quilos, a felicidade viria. Mas descobertas recentes no campo da psicologia positiva t\u00eam demonstrado que essa f\u00f3rmula funciona na verdade de maneira inversa: \u00e9 a felicidade que impulsiona o sucesso, e n\u00e3o o contr\u00e1rio.","breadcrumb":{"@id":"https:\/\/loja.springschool.me\/produto\/o-jeito-harvard-de-ser-feliz-o-curso-mais-concorrido-da-melhor-universidade-do-mundo\/#breadcrumb"},"inLanguage":"ja","potentialAction":[{"@type":"ReadAction","target":["https:\/\/loja.springschool.me\/produto\/o-jeito-harvard-de-ser-feliz-o-curso-mais-concorrido-da-melhor-universidade-do-mundo\/"]}]},{"@type":"BreadcrumbList","@id":"https:\/\/loja.springschool.me\/produto\/o-jeito-harvard-de-ser-feliz-o-curso-mais-concorrido-da-melhor-universidade-do-mundo\/#breadcrumb","itemListElement":[{"@type":"ListItem","position":1,"name":"In\u00edcio","item":"https:\/\/loja.springschool.me\/"},{"@type":"ListItem","position":2,"name":"Shop","item":"https:\/\/loja.springschool.me\/shop\/"},{"@type":"ListItem","position":3,"name":"O Jeito Harvard de Ser Feliz: O curso mais concorrido da melhor universidade do mundo"}]},{"@type":"WebSite","@id":"https:\/\/loja.springschool.me\/#website","url":"https:\/\/loja.springschool.me\/","name":"Spring School - Loja Virtual","description":"Just another WordPress site","potentialAction":[{"@type":"SearchAction","target":{"@type":"EntryPoint","urlTemplate":"https:\/\/loja.springschool.me\/?s={search_term_string}"},"query-input":"required name=search_term_string"}],"inLanguage":"ja"}]}},"_links":{"self":[{"href":"https:\/\/loja.springschool.me\/ja\/wp-json\/wp\/v2\/product\/489"}],"collection":[{"href":"https:\/\/loja.springschool.me\/ja\/wp-json\/wp\/v2\/product"}],"about":[{"href":"https:\/\/loja.springschool.me\/ja\/wp-json\/wp\/v2\/types\/product"}],"version-history":[{"count":2,"href":"https:\/\/loja.springschool.me\/ja\/wp-json\/wp\/v2\/product\/489\/revisions"}],"predecessor-version":[{"id":1276,"href":"https:\/\/loja.springschool.me\/ja\/wp-json\/wp\/v2\/product\/489\/revisions\/1276"}],"wp:featuredmedia":[{"embeddable":true,"href":"https:\/\/loja.springschool.me\/ja\/wp-json\/wp\/v2\/media\/576"}],"wp:attachment":[{"href":"https:\/\/loja.springschool.me\/ja\/wp-json\/wp\/v2\/media?parent=489"}],"wp:term":[{"taxonomy":"product_cat","embeddable":true,"href":"https:\/\/loja.springschool.me\/ja\/wp-json\/wp\/v2\/product_cat?post=489"},{"taxonomy":"product_tag","embeddable":true,"href":"https:\/\/loja.springschool.me\/ja\/wp-json\/wp\/v2\/product_tag?post=489"}],"curies":[{"name":"wp","href":"https:\/\/api.w.org\/{rel}","templated":true}]}}