{"id":475,"date":"2022-11-30T13:54:58","date_gmt":"2022-11-30T13:54:58","guid":{"rendered":"https:\/\/loja.springschool.me\/?post_type=product&#038;p=475"},"modified":"2023-02-03T15:11:00","modified_gmt":"2023-02-03T15:11:00","slug":"os-segredos-do-vale-do-silicio-deborah-perry-piscione","status":"publish","type":"product","link":"https:\/\/loja.springschool.me\/ja\/product\/os-segredos-do-vale-do-silicio-deborah-perry-piscione\/","title":{"rendered":"\u30c7\u30dc\u30e9\u30fb\u30da\u30ea\u30fc\u30fb\u30d4\u30b7\u30e7\u30fc\u30cd\u306e\u30b7\u30ea\u30b3\u30f3\u30d0\u30ec\u30fc\u306e\u79d8\u5bc6"},"content":{"rendered":"<p>\u4e16\u754c\u7d4c\u6e08\u304c\u6fc0\u52d5\u306e\u6642\u4ee3\u3092\u8fce\u3048\u3066\u304a\u308a\u3001\u591a\u304f\u306e\u6295\u8cc7\u5bb6\u304c\u4f9d\u7136\u3068\u3057\u3066\u30ea\u30b9\u30af\u3092\u56de\u907f\u3057\u3066\u3044\u308b\u4e00\u65b9\u3067\u3001\u3059\u3067\u306b\u3053\u3053\u6570\u5341\u5e74\u9593\u306e\u4e3b\u306a\u30a4\u30ce\u30d9\u30fc\u30b7\u30e7\u30f3\u306e\u4e00\u90e8\u3092\u62c5\u3063\u3066\u304d\u305f\u7c73\u56fd\u306e\u5c0f\u3055\u306a\u4e00\u89d2\u3001\u30b7\u30ea\u30b3\u30f3\u30d0\u30ec\u30fc\u306f\u5f15\u304d\u7d9a\u304d\u9ad8\u63da\u3057\u7d9a\u3051\u3066\u3044\u308b\u3002 \u300c\u30b7\u30ea\u30b3\u30f3\u30d0\u30ec\u30fc\u306e\u79d8\u5bc6\u300d\u3067\u306f\u3001\u30c7\u30dc\u30e9\u30fb\u30da\u30ea\u30fc\u30fb\u30d4\u30b7\u30aa\u30fc\u30cd\u304c\u3053\u306e\u30b3\u30df\u30e5\u30cb\u30c6\u30a3\u306e\u9a5a\u304f\u3079\u304d\u6210\u529f\u306e\u539f\u56e0\u3092\u660e\u3089\u304b\u306b\u3057\u3066\u3044\u307e\u3059\u3002\u3053\u306e\u672c\u306f\u3001\u9769\u65b0\u7684\u306a\u30a2\u30a4\u30c7\u30a2\u3092\u91cd\u8996\u3059\u308b\u6d3b\u6c17\u306b\u6e80\u3061\u305f\u30a8\u30b3\u30b7\u30b9\u30c6\u30e0\u3078\u79c1\u305f\u3061\u3092\u5c0e\u304d\u307e\u3059\u3002\u305d\u3053\u3067\u306f\u5b9f\u529b\u4e3b\u7fa9\u304c\u8513\u5ef6\u3057\u3001\u30b3\u30e9\u30dc\u30ec\u30fc\u30b7\u30e7\u30f3\u3068\u60c5\u5831\u5171\u6709\u304c\u4e0d\u53ef\u6b20\u3067\u3042\u308a\u3001\u30a2\u30a4\u30c7\u30a2\u304c\u4e3b\u8981\u901a\u8ca8\u3067\u3059\u3002\u30b7\u30ea\u30b3\u30f3\u30d0\u30ec\u30fc\u306e\u72ec\u7279\u306e\u30ea\u30b9\u30af\u8010\u6027\u306e\u6587\u5316\u3068\u3001\u3053\u306e\u5730\u57df\u306e\u79fb\u6c11\u4eba\u53e3\u306e\u7279\u5225\u306a\u5f79\u5272\u3092\u63a2\u308a\u3001\u3053\u308c\u3089\u306e\u8981\u56e0\u304c\u4e16\u754c\u7d4c\u6e08\u6307\u6a19\u306b\u95a2\u4fc2\u306a\u304f\u9032\u6b69\u3092\u3069\u306e\u3088\u3046\u306b\u63a8\u9032\u3059\u308b\u304b\u3092\u793a\u3057\u307e\u3059\u3002\u30da\u30ea\u30fc\u30fb\u30d4\u30b7\u30aa\u30fc\u30cd\u6c0f\u306f\u3001\u30d9\u30f3\u30c1\u30e3\u30fc\u30ad\u30e3\u30d4\u30bf\u30ea\u30b9\u30c8\u3001\u5b9f\u696d\u5bb6\u3001\u8d77\u696d\u5bb6\u306a\u3069\u3068\u306e\u30a4\u30f3\u30bf\u30d3\u30e5\u30fc\u306b\u57fa\u3065\u3044\u3066\u3001Google\u3001Tesla\u3001Paypal \u306a\u3069\u306e\u4e00\u9023\u306e\u30b1\u30fc\u30b9\u30b9\u30bf\u30c7\u30a3\u3092\u7d39\u4ecb\u3057\u306a\u304c\u3089\u3001\u30b7\u30ea\u30b3\u30f3\u30d0\u30ec\u30fc\u306e\u9769\u65b0\u7684\u306a\u6587\u5316\u304c\u3069\u306e\u3088\u3046\u306b\u4ed6\u306e\u30b3\u30df\u30e5\u30cb\u30c6\u30a3\u306b\u8ca2\u732e\u3057\u3001\u5b9a\u7740\u3057\u305f\u30b3\u30df\u30e5\u30cb\u30c6\u30a3\u306b\u5909\u5316\u3092\u3082\u305f\u3089\u3059\u3053\u3068\u304c\u3067\u304d\u308b\u304b\u3092\u793a\u3057\u307e\u3059\u3002\u4eca\u65e5\u306e\u4e16\u754c\u7684\u306a\u8ab2\u984c\u306b\u5bfe\u5fdc\u3067\u304d\u306a\u3044\u30bb\u30af\u30bf\u30fc\u3067\u3059\u3002<\/p>","protected":false},"excerpt":{"rendered":"<p>\u300e\u30b7\u30ea\u30b3\u30f3\u30d0\u30ec\u30fc\u306e\u79d8\u5bc6\u300f\u306f\u3001\u4e16\u754c\u7d4c\u6e08\u304c\u4e0d\u5b89\u5b9a\u3067\u3042\u308b\u306b\u3082\u304b\u304b\u308f\u3089\u305a\u3001\u3053\u306e\u5730\u57df\u306e\u6210\u529f\u306b\u7126\u70b9\u3092\u5f53\u3066\u305f\u672c\u3067\u3059\u3002\u8457\u8005\u306f\u9769\u65b0\u7684\u306a\u6587\u5316\u3068\u3001\u9032\u6b69\u3092\u751f\u307f\u51fa\u3059\u4e0a\u3067\u306e\u79fb\u6c11\u306e\u5f79\u5272\u3092\u63a2\u6c42\u3057\u307e\u3059\u3002\u3053\u306e\u672c\u3067\u306f\u3001Google\u3001Tesla\u3001Paypal \u306a\u3069\u306e\u6210\u529f\u4e8b\u4f8b\u3092\u7d39\u4ecb\u3057\u3001\u30d0\u30ec\u30fc\u306e\u6587\u5316\u304c\u3069\u306e\u3088\u3046\u306b\u4ed6\u306e\u30b3\u30df\u30e5\u30cb\u30c6\u30a3\u306b\u5909\u5316\u3092\u3082\u305f\u3089\u3059\u3053\u3068\u304c\u3067\u304d\u308b\u304b\u3092\u793a\u3057\u3066\u3044\u307e\u3059\u3002<\/p>","protected":false},"featured_media":575,"template":"","meta":[],"product_cat":[20],"product_tag":[],"yoast_head":"<!-- This site is optimized with the Yoast SEO plugin v20.11 - https:\/\/yoast.com\/wordpress\/plugins\/seo\/ -->\n<title>Os segredos do vale do Sil\u00edcio (Deborah Perry Piscione) - Spring School - Loja Virtual<\/title>\n<meta name=\"description\" content=\"Os segredos do vale do Sil\u00edcio (Deborah Perry Piscione) - Enquanto a economia global passa por momentos conturbados e muitos investidores continuam avessos ao risco, um pequeno canto da Am\u00e9rica, j\u00e1 respons\u00e1vel por algumas das principais inova\u00e7\u00f5es das \u00faltimas d\u00e9cadas, continua voando alto: o Vale do Sil\u00edcio. Em \u201cOs Segredos do Vale do Sil\u00edcio\u201d...\" \/>\n<meta name=\"robots\" content=\"index, follow, max-snippet:-1, max-image-preview:large, max-video-preview:-1\" \/>\n<link rel=\"canonical\" href=\"https:\/\/loja.springschool.me\/ja\/product\/os-segredos-do-vale-do-silicio-deborah-perry-piscione\/\" \/>\n<meta property=\"og:locale\" content=\"ja_JP\" \/>\n<meta property=\"og:type\" content=\"article\" \/>\n<meta property=\"og:title\" content=\"Os segredos do vale do Sil\u00edcio (Deborah Perry Piscione) - Spring School - Loja Virtual\" \/>\n<meta property=\"og:description\" content=\"Os segredos do vale do Sil\u00edcio (Deborah Perry Piscione) - Enquanto a economia global passa por momentos conturbados e muitos investidores continuam avessos ao risco, um pequeno canto da Am\u00e9rica, j\u00e1 respons\u00e1vel por algumas das principais inova\u00e7\u00f5es das \u00faltimas d\u00e9cadas, continua voando alto: o Vale do Sil\u00edcio. Em \u201cOs Segredos do Vale do Sil\u00edcio\u201d...\" \/>\n<meta property=\"og:url\" content=\"https:\/\/loja.springschool.me\/ja\/product\/os-segredos-do-vale-do-silicio-deborah-perry-piscione\/\" \/>\n<meta property=\"og:site_name\" content=\"Spring School - Loja Virtual\" \/>\n<meta property=\"article:modified_time\" content=\"2023-02-03T15:11:00+00:00\" \/>\n<meta property=\"og:image\" content=\"https:\/\/loja.springschool.me\/wp-content\/uploads\/2022\/11\/spring-loja-livro-01-1.jpg\" \/>\n\t<meta property=\"og:image:width\" content=\"1000\" \/>\n\t<meta property=\"og:image:height\" content=\"1000\" \/>\n\t<meta property=\"og:image:type\" content=\"image\/jpeg\" \/>\n<meta name=\"twitter:card\" content=\"summary_large_image\" \/>\n<meta name=\"twitter:label1\" content=\"\u63a8\u5b9a\u8aad\u307f\u53d6\u308a\u6642\u9593\" \/>\n\t<meta name=\"twitter:data1\" content=\"1\u5206\" \/>\n<script type=\"application\/ld+json\" class=\"yoast-schema-graph\">{\"@context\":\"https:\/\/schema.org\",\"@graph\":[{\"@type\":\"WebPage\",\"@id\":\"https:\/\/loja.springschool.me\/produto\/os-segredos-do-vale-do-silicio-deborah-perry-piscione\/\",\"url\":\"https:\/\/loja.springschool.me\/produto\/os-segredos-do-vale-do-silicio-deborah-perry-piscione\/\",\"name\":\"Os segredos do vale do Sil\u00edcio (Deborah Perry Piscione) - Spring School - Loja Virtual\",\"isPartOf\":{\"@id\":\"https:\/\/loja.springschool.me\/#website\"},\"datePublished\":\"2022-11-30T13:54:58+00:00\",\"dateModified\":\"2023-02-03T15:11:00+00:00\",\"description\":\"Os segredos do vale do Sil\u00edcio (Deborah Perry Piscione) - Enquanto a economia global passa por momentos conturbados e muitos investidores continuam avessos ao risco, um pequeno canto da Am\u00e9rica, j\u00e1 respons\u00e1vel por algumas das principais inova\u00e7\u00f5es das \u00faltimas d\u00e9cadas, continua voando alto: o Vale do Sil\u00edcio. Em \u201cOs Segredos do Vale do Sil\u00edcio\u201d...\",\"breadcrumb\":{\"@id\":\"https:\/\/loja.springschool.me\/produto\/os-segredos-do-vale-do-silicio-deborah-perry-piscione\/#breadcrumb\"},\"inLanguage\":\"ja\",\"potentialAction\":[{\"@type\":\"ReadAction\",\"target\":[\"https:\/\/loja.springschool.me\/produto\/os-segredos-do-vale-do-silicio-deborah-perry-piscione\/\"]}]},{\"@type\":\"BreadcrumbList\",\"@id\":\"https:\/\/loja.springschool.me\/produto\/os-segredos-do-vale-do-silicio-deborah-perry-piscione\/#breadcrumb\",\"itemListElement\":[{\"@type\":\"ListItem\",\"position\":1,\"name\":\"In\u00edcio\",\"item\":\"https:\/\/loja.springschool.me\/\"},{\"@type\":\"ListItem\",\"position\":2,\"name\":\"Shop\",\"item\":\"https:\/\/loja.springschool.me\/shop\/\"},{\"@type\":\"ListItem\",\"position\":3,\"name\":\"Os segredos do vale do Sil\u00edcio (Deborah Perry Piscione)\"}]},{\"@type\":\"WebSite\",\"@id\":\"https:\/\/loja.springschool.me\/#website\",\"url\":\"https:\/\/loja.springschool.me\/\",\"name\":\"Spring School - Loja Virtual\",\"description\":\"Just another WordPress site\",\"potentialAction\":[{\"@type\":\"SearchAction\",\"target\":{\"@type\":\"EntryPoint\",\"urlTemplate\":\"https:\/\/loja.springschool.me\/?s={search_term_string}\"},\"query-input\":\"required name=search_term_string\"}],\"inLanguage\":\"ja\"}]}<\/script>\n<!-- \/ Yoast SEO plugin. -->","yoast_head_json":{"title":"Os segredos do vale do Sil\u00edcio (Deborah Perry Piscione) - Spring School - Loja Virtual","description":"Os segredos do vale do Sil\u00edcio (Deborah Perry Piscione) - Enquanto a economia global passa por momentos conturbados e muitos investidores continuam avessos ao risco, um pequeno canto da Am\u00e9rica, j\u00e1 respons\u00e1vel por algumas das principais inova\u00e7\u00f5es das \u00faltimas d\u00e9cadas, continua voando alto: o Vale do Sil\u00edcio. Em \u201cOs Segredos do Vale do Sil\u00edcio\u201d...","robots":{"index":"index","follow":"follow","max-snippet":"max-snippet:-1","max-image-preview":"max-image-preview:large","max-video-preview":"max-video-preview:-1"},"canonical":"https:\/\/loja.springschool.me\/ja\/product\/os-segredos-do-vale-do-silicio-deborah-perry-piscione\/","og_locale":"ja_JP","og_type":"article","og_title":"Os segredos do vale do Sil\u00edcio (Deborah Perry Piscione) - Spring School - Loja Virtual","og_description":"Os segredos do vale do Sil\u00edcio (Deborah Perry Piscione) - Enquanto a economia global passa por momentos conturbados e muitos investidores continuam avessos ao risco, um pequeno canto da Am\u00e9rica, j\u00e1 respons\u00e1vel por algumas das principais inova\u00e7\u00f5es das \u00faltimas d\u00e9cadas, continua voando alto: o Vale do Sil\u00edcio. Em \u201cOs Segredos do Vale do Sil\u00edcio\u201d...","og_url":"https:\/\/loja.springschool.me\/ja\/product\/os-segredos-do-vale-do-silicio-deborah-perry-piscione\/","og_site_name":"Spring School - Loja Virtual","article_modified_time":"2023-02-03T15:11:00+00:00","og_image":[{"width":1000,"height":1000,"url":"https:\/\/loja.springschool.me\/wp-content\/uploads\/2022\/11\/spring-loja-livro-01-1.jpg","type":"image\/jpeg"}],"twitter_card":"summary_large_image","twitter_misc":{"\u63a8\u5b9a\u8aad\u307f\u53d6\u308a\u6642\u9593":"1\u5206"},"schema":{"@context":"https:\/\/schema.org","@graph":[{"@type":"WebPage","@id":"https:\/\/loja.springschool.me\/produto\/os-segredos-do-vale-do-silicio-deborah-perry-piscione\/","url":"https:\/\/loja.springschool.me\/produto\/os-segredos-do-vale-do-silicio-deborah-perry-piscione\/","name":"Os segredos do vale do Sil\u00edcio (Deborah Perry Piscione) - Spring School - Loja Virtual","isPartOf":{"@id":"https:\/\/loja.springschool.me\/#website"},"datePublished":"2022-11-30T13:54:58+00:00","dateModified":"2023-02-03T15:11:00+00:00","description":"Os segredos do vale do Sil\u00edcio (Deborah Perry Piscione) - Enquanto a economia global passa por momentos conturbados e muitos investidores continuam avessos ao risco, um pequeno canto da Am\u00e9rica, j\u00e1 respons\u00e1vel por algumas das principais inova\u00e7\u00f5es das \u00faltimas d\u00e9cadas, continua voando alto: o Vale do Sil\u00edcio. Em \u201cOs Segredos do Vale do Sil\u00edcio\u201d...","breadcrumb":{"@id":"https:\/\/loja.springschool.me\/produto\/os-segredos-do-vale-do-silicio-deborah-perry-piscione\/#breadcrumb"},"inLanguage":"ja","potentialAction":[{"@type":"ReadAction","target":["https:\/\/loja.springschool.me\/produto\/os-segredos-do-vale-do-silicio-deborah-perry-piscione\/"]}]},{"@type":"BreadcrumbList","@id":"https:\/\/loja.springschool.me\/produto\/os-segredos-do-vale-do-silicio-deborah-perry-piscione\/#breadcrumb","itemListElement":[{"@type":"ListItem","position":1,"name":"In\u00edcio","item":"https:\/\/loja.springschool.me\/"},{"@type":"ListItem","position":2,"name":"Shop","item":"https:\/\/loja.springschool.me\/shop\/"},{"@type":"ListItem","position":3,"name":"Os segredos do vale do Sil\u00edcio (Deborah Perry Piscione)"}]},{"@type":"WebSite","@id":"https:\/\/loja.springschool.me\/#website","url":"https:\/\/loja.springschool.me\/","name":"Spring School - Loja Virtual","description":"Just another WordPress site","potentialAction":[{"@type":"SearchAction","target":{"@type":"EntryPoint","urlTemplate":"https:\/\/loja.springschool.me\/?s={search_term_string}"},"query-input":"required name=search_term_string"}],"inLanguage":"ja"}]}},"_links":{"self":[{"href":"https:\/\/loja.springschool.me\/ja\/wp-json\/wp\/v2\/product\/475"}],"collection":[{"href":"https:\/\/loja.springschool.me\/ja\/wp-json\/wp\/v2\/product"}],"about":[{"href":"https:\/\/loja.springschool.me\/ja\/wp-json\/wp\/v2\/types\/product"}],"version-history":[{"count":3,"href":"https:\/\/loja.springschool.me\/ja\/wp-json\/wp\/v2\/product\/475\/revisions"}],"predecessor-version":[{"id":1275,"href":"https:\/\/loja.springschool.me\/ja\/wp-json\/wp\/v2\/product\/475\/revisions\/1275"}],"wp:featuredmedia":[{"embeddable":true,"href":"https:\/\/loja.springschool.me\/ja\/wp-json\/wp\/v2\/media\/575"}],"wp:attachment":[{"href":"https:\/\/loja.springschool.me\/ja\/wp-json\/wp\/v2\/media?parent=475"}],"wp:term":[{"taxonomy":"product_cat","embeddable":true,"href":"https:\/\/loja.springschool.me\/ja\/wp-json\/wp\/v2\/product_cat?post=475"},{"taxonomy":"product_tag","embeddable":true,"href":"https:\/\/loja.springschool.me\/ja\/wp-json\/wp\/v2\/product_tag?post=475"}],"curies":[{"name":"wp","href":"https:\/\/api.w.org\/{rel}","templated":true}]}}