{"id":1564,"date":"2024-07-25T01:18:44","date_gmt":"2024-07-25T01:18:44","guid":{"rendered":"https:\/\/loja.springschool.me\/?post_type=product&#038;p=1564"},"modified":"2024-07-25T01:18:45","modified_gmt":"2024-07-25T01:18:45","slug":"box-o-essencial-da-estrategia-3-volumes","status":"publish","type":"product","link":"https:\/\/loja.springschool.me\/ja\/product\/box-o-essencial-da-estrategia-3-volumes\/","title":{"rendered":"\u30dc\u30c3\u30af\u30b9 \u6226\u7565\u306e\u8981\u70b9 \u2013 3 \u5dfb"},"content":{"rendered":"<p>\u30a8\u30c3\u30bb\u30f3\u30b7\u30e3\u30eb \u30b9\u30c8\u30e9\u30c6\u30b8\u30fc\u306f\u3001\u4e16\u754c\u4e2d\u3067\u6709\u540d\u306a 3 \u3064\u306e\u30bf\u30a4\u30c8\u30eb\u304c\u5165\u3063\u305f\u30dc\u30c3\u30af\u30b9\u3067\u3001\u76f8\u4e92\u306b\u88dc\u5b8c\u3057\u5408\u3044\u3001\u65e5\u5e38\u3092\u6253\u7834\u3057\u3066\u4eba\u751f\u3067\u76ee\u7acb\u3061\u305f\u3044\u4eba\u306b\u3068\u3063\u3066\u4e0d\u53ef\u6b20\u306a\u3082\u306e\u3067\u3059\u3002\u5b6b\u5b50\u306e\u300c\u5175\u6cd5\u300d\u3001\u30cb\u30c3\u30b3\u30ed\u30fb\u30de\u30ad\u30e3\u30d9\u30ea\u306e\u300c\u592a\u5b50\u300d\u3001\u5bae\u672c\u6b66\u8535\u306e\u300c\u4e94\u8f2a\u306e\u66f8\u300d\u304c\u8c6a\u83ef\u30ad\u30c3\u30c8\u306b\u307e\u3068\u3081\u3089\u308c\u307e\u3057\u305f\u3002<\/p>\n<p>\u300e\u5175\u6cd5\u300f\u3053\u306e\u672c\u306f\u3001\u7d00\u5143\u524d 4 \u4e16\u7d00\u306b\u6226\u7565\u5bb6\u5b6b\u5b50\u306b\u3088\u3063\u3066\u66f8\u304b\u308c\u305f\u8ecd\u4e8b\u66f8\u3067\u3059\u3002\u3053\u306e\u672c\u306f 13 \u306e\u7ae0\u3067\u69cb\u6210\u3055\u308c\u3001\u5404\u7ae0\u304c\u6226\u4e89\u6226\u7565\u306e\u5074\u9762\u3092\u30ab\u30d0\u30fc\u3057\u3066\u304a\u308a\u3001\u6b74\u53f2\u3092\u901a\u3058\u3066\u4f55\u4eba\u304b\u306e\u8ecd\u4e8b\u6226\u7565\u5bb6\u306b\u3088\u3063\u3066\u4f7f\u7528\u3055\u308c\u3066\u304d\u305f\u3068\u8003\u3048\u3089\u308c\u3066\u3044\u307e\u3059\u3002<\/p>\n<p>1513 \u5e74\u306b\u30cb\u30c3\u30b3\u30ed\u30fb\u30de\u30ad\u30e3\u30f4\u30a7\u30c3\u30ea\u306b\u3088\u3063\u3066\u66f8\u304b\u308c\u305f\u300e\u541b\u4e3b\u8ad6\u300f\u3001\u3053\u306e\u672c\u306e\u521d\u7248\u306f\u6b7b\u5f8c 1532 \u5e74\u306b\u51fa\u7248\u3055\u308c\u307e\u3057\u305f\u3002\u5b9f\u969b\u3001\u3053\u308c\u306f\u4eba\u985e\u306e\u601d\u60f3\u306b\u3088\u3063\u3066\u4f5c\u6210\u3055\u308c\u305f\u6700\u3082\u57fa\u672c\u7684\u306a\u653f\u6cbb\u8ad6\u6587\u306e 1 \u3064\u3067\u3059\u3002 \u300c\u738b\u5b50\u300d\u306f\u8fd1\u4ee3\u56fd\u5bb6\u306e\u6982\u5ff5\u3092\u69cb\u7bc9\u3059\u308b\u4e0a\u3067\u91cd\u8981\u306a\u5f79\u5272\u3092\u679c\u305f\u3057\u3001\u6a29\u529b\u3092\u5f81\u670d\u3057\u3001\u5c0e\u304d\u3001\u7dad\u6301\u3059\u308b\u65b9\u6cd5\u3092\u8a08\u753b\u3057\u307e\u3059\u3002<\/p>\n<p>\u4e94\u8f2a\u306e\u66f8 \u3053\u306e\u672c\u306f\u5263\u8853\u3068\u6b66\u9053\u5168\u822c\u306b\u3064\u3044\u3066\u66f8\u304b\u308c\u305f\u672c\u3067\u3059\u3002 1645 \u5e74\u306b\u5bae\u672c\u6b66\u8535\u306b\u3088\u3063\u3066\u66f8\u304b\u308c\u305f\u3053\u306e\u672c\u306f\u3001\u65e5\u672c\u306e\u8ecd\u4e8b\u6226\u7565\u306b\u95a2\u3059\u308b\u53e4\u5178\u7684\u306a\u8ad6\u6587\u3068\u307f\u306a\u3055\u308c\u3066\u3044\u307e\u3059\u3002<\/p>","protected":false},"excerpt":{"rendered":"<p><strong>\u5728\u5eab\u9650\u308a\u306e\u30b9\u30fc\u30d1\u30fc\u30d7\u30ed\u30e2\u30fc\u30b7\u30e7\u30f3\u3002<\/strong><\/p>\n<p>\u30a8\u30c3\u30bb\u30f3\u30b7\u30e3\u30eb \u30b9\u30c8\u30e9\u30c6\u30b8\u30fc\u306f\u3001\u4e16\u754c\u4e2d\u3067\u6709\u540d\u306a 3 \u3064\u306e\u30bf\u30a4\u30c8\u30eb\u304c\u5165\u3063\u305f\u30dc\u30c3\u30af\u30b9\u3067\u3001\u76f8\u4e92\u306b\u88dc\u5b8c\u3057\u5408\u3044\u3001\u65e5\u5e38\u3092\u6253\u7834\u3057\u3066\u4eba\u751f\u3067\u76ee\u7acb\u3061\u305f\u3044\u4eba\u306b\u3068\u3063\u3066\u4e0d\u53ef\u6b20\u306a\u3082\u306e\u3067\u3059\u3002\u5f7c\u3089\u306f\uff1a<\/p>\n<ul>\n<li>\u5b6b\u5b50\u306e\u300c\u5175\u6cd5\u300d\u3002<\/li>\n<li>\u30cb\u30c3\u30b3\u30ed\u30fb\u30de\u30ad\u30e3\u30d9\u30ea\u306e\u300c\u738b\u5b50\u300d\u3002<\/li>\n<li>\u5bae\u672c\u6b66\u8535\u306e\u300e\u4e94\u8f2a\u66f8\u300f\u3002<\/li>\n<\/ul>","protected":false},"featured_media":1565,"template":"","meta":[],"product_cat":[20],"product_tag":[99],"yoast_head":"<!-- This site is optimized with the Yoast SEO plugin v20.11 - https:\/\/yoast.com\/wordpress\/plugins\/seo\/ -->\n<title>Box O Essencial da Estrat\u00e9gia - 3 Volumes - Spring School - Loja Virtual<\/title>\n<meta name=\"description\" content=\"O Essencial da Estrat\u00e9gia \u00e9 um box com tr\u00eas t\u00edtulos famosos em todo o mundo, s\u00e3o eles: &quot;A Arte da Guerra&quot;, &quot;O Pr\u00edncipe&quot; e &quot;O Livro dos Cinco An\u00e9is&quot;.\" \/>\n<meta name=\"robots\" content=\"index, follow, max-snippet:-1, max-image-preview:large, max-video-preview:-1\" \/>\n<link rel=\"canonical\" href=\"https:\/\/loja.springschool.me\/ja\/product\/box-o-essencial-da-estrategia-3-volumes\/\" \/>\n<meta property=\"og:locale\" content=\"ja_JP\" \/>\n<meta property=\"og:type\" content=\"article\" \/>\n<meta property=\"og:title\" content=\"Box O Essencial da Estrat\u00e9gia - 3 Volumes - Spring School - Loja Virtual\" \/>\n<meta property=\"og:description\" content=\"O Essencial da Estrat\u00e9gia \u00e9 um box com tr\u00eas t\u00edtulos famosos em todo o mundo, s\u00e3o eles: &quot;A Arte da Guerra&quot;, &quot;O Pr\u00edncipe&quot; e &quot;O Livro dos Cinco An\u00e9is&quot;.\" \/>\n<meta property=\"og:url\" content=\"https:\/\/loja.springschool.me\/ja\/product\/box-o-essencial-da-estrategia-3-volumes\/\" \/>\n<meta property=\"og:site_name\" content=\"Spring School - Loja Virtual\" \/>\n<meta property=\"article:modified_time\" content=\"2024-07-25T01:18:45+00:00\" \/>\n<meta property=\"og:image\" content=\"https:\/\/loja.springschool.me\/wp-content\/uploads\/2024\/07\/spring-school-loja-estrategia-01.jpg\" \/>\n\t<meta property=\"og:image:width\" content=\"1000\" \/>\n\t<meta property=\"og:image:height\" content=\"1000\" \/>\n\t<meta property=\"og:image:type\" content=\"image\/jpeg\" \/>\n<meta name=\"twitter:card\" content=\"summary_large_image\" \/>\n<meta name=\"twitter:label1\" content=\"\u63a8\u5b9a\u8aad\u307f\u53d6\u308a\u6642\u9593\" \/>\n\t<meta name=\"twitter:data1\" content=\"2\u5206\" \/>\n<script type=\"application\/ld+json\" class=\"yoast-schema-graph\">{\"@context\":\"https:\/\/schema.org\",\"@graph\":[{\"@type\":\"WebPage\",\"@id\":\"https:\/\/loja.springschool.me\/produto\/box-o-essencial-da-estrategia-3-volumes\/\",\"url\":\"https:\/\/loja.springschool.me\/produto\/box-o-essencial-da-estrategia-3-volumes\/\",\"name\":\"Box O Essencial da Estrat\u00e9gia - 3 Volumes - Spring School - Loja Virtual\",\"isPartOf\":{\"@id\":\"https:\/\/loja.springschool.me\/#website\"},\"datePublished\":\"2024-07-25T01:18:44+00:00\",\"dateModified\":\"2024-07-25T01:18:45+00:00\",\"description\":\"O Essencial da Estrat\u00e9gia \u00e9 um box com tr\u00eas t\u00edtulos famosos em todo o mundo, s\u00e3o eles: \\\"A Arte da Guerra\\\", \\\"O Pr\u00edncipe\\\" e \\\"O Livro dos Cinco An\u00e9is\\\".\",\"breadcrumb\":{\"@id\":\"https:\/\/loja.springschool.me\/produto\/box-o-essencial-da-estrategia-3-volumes\/#breadcrumb\"},\"inLanguage\":\"ja\",\"potentialAction\":[{\"@type\":\"ReadAction\",\"target\":[\"https:\/\/loja.springschool.me\/produto\/box-o-essencial-da-estrategia-3-volumes\/\"]}]},{\"@type\":\"BreadcrumbList\",\"@id\":\"https:\/\/loja.springschool.me\/produto\/box-o-essencial-da-estrategia-3-volumes\/#breadcrumb\",\"itemListElement\":[{\"@type\":\"ListItem\",\"position\":1,\"name\":\"In\u00edcio\",\"item\":\"https:\/\/loja.springschool.me\/\"},{\"@type\":\"ListItem\",\"position\":2,\"name\":\"Shop\",\"item\":\"https:\/\/loja.springschool.me\/shop\/\"},{\"@type\":\"ListItem\",\"position\":3,\"name\":\"Box O Essencial da Estrat\u00e9gia &#8211; 3 Volumes\"}]},{\"@type\":\"WebSite\",\"@id\":\"https:\/\/loja.springschool.me\/#website\",\"url\":\"https:\/\/loja.springschool.me\/\",\"name\":\"Spring School - Loja Virtual\",\"description\":\"Just another WordPress site\",\"potentialAction\":[{\"@type\":\"SearchAction\",\"target\":{\"@type\":\"EntryPoint\",\"urlTemplate\":\"https:\/\/loja.springschool.me\/?s={search_term_string}\"},\"query-input\":\"required name=search_term_string\"}],\"inLanguage\":\"ja\"}]}<\/script>\n<!-- \/ Yoast SEO plugin. -->","yoast_head_json":{"title":"Box O Essencial da Estrat\u00e9gia - 3 Volumes - Spring School - Loja Virtual","description":"O Essencial da Estrat\u00e9gia \u00e9 um box com tr\u00eas t\u00edtulos famosos em todo o mundo, s\u00e3o eles: \"A Arte da Guerra\", \"O Pr\u00edncipe\" e \"O Livro dos Cinco An\u00e9is\".","robots":{"index":"index","follow":"follow","max-snippet":"max-snippet:-1","max-image-preview":"max-image-preview:large","max-video-preview":"max-video-preview:-1"},"canonical":"https:\/\/loja.springschool.me\/ja\/product\/box-o-essencial-da-estrategia-3-volumes\/","og_locale":"ja_JP","og_type":"article","og_title":"Box O Essencial da Estrat\u00e9gia - 3 Volumes - Spring School - Loja Virtual","og_description":"O Essencial da Estrat\u00e9gia \u00e9 um box com tr\u00eas t\u00edtulos famosos em todo o mundo, s\u00e3o eles: \"A Arte da Guerra\", \"O Pr\u00edncipe\" e \"O Livro dos Cinco An\u00e9is\".","og_url":"https:\/\/loja.springschool.me\/ja\/product\/box-o-essencial-da-estrategia-3-volumes\/","og_site_name":"Spring School - Loja Virtual","article_modified_time":"2024-07-25T01:18:45+00:00","og_image":[{"width":1000,"height":1000,"url":"https:\/\/loja.springschool.me\/wp-content\/uploads\/2024\/07\/spring-school-loja-estrategia-01.jpg","type":"image\/jpeg"}],"twitter_card":"summary_large_image","twitter_misc":{"\u63a8\u5b9a\u8aad\u307f\u53d6\u308a\u6642\u9593":"2\u5206"},"schema":{"@context":"https:\/\/schema.org","@graph":[{"@type":"WebPage","@id":"https:\/\/loja.springschool.me\/produto\/box-o-essencial-da-estrategia-3-volumes\/","url":"https:\/\/loja.springschool.me\/produto\/box-o-essencial-da-estrategia-3-volumes\/","name":"Box O Essencial da Estrat\u00e9gia - 3 Volumes - Spring School - Loja Virtual","isPartOf":{"@id":"https:\/\/loja.springschool.me\/#website"},"datePublished":"2024-07-25T01:18:44+00:00","dateModified":"2024-07-25T01:18:45+00:00","description":"O Essencial da Estrat\u00e9gia \u00e9 um box com tr\u00eas t\u00edtulos famosos em todo o mundo, s\u00e3o eles: \"A Arte da Guerra\", \"O Pr\u00edncipe\" e \"O Livro dos Cinco An\u00e9is\".","breadcrumb":{"@id":"https:\/\/loja.springschool.me\/produto\/box-o-essencial-da-estrategia-3-volumes\/#breadcrumb"},"inLanguage":"ja","potentialAction":[{"@type":"ReadAction","target":["https:\/\/loja.springschool.me\/produto\/box-o-essencial-da-estrategia-3-volumes\/"]}]},{"@type":"BreadcrumbList","@id":"https:\/\/loja.springschool.me\/produto\/box-o-essencial-da-estrategia-3-volumes\/#breadcrumb","itemListElement":[{"@type":"ListItem","position":1,"name":"In\u00edcio","item":"https:\/\/loja.springschool.me\/"},{"@type":"ListItem","position":2,"name":"Shop","item":"https:\/\/loja.springschool.me\/shop\/"},{"@type":"ListItem","position":3,"name":"Box O Essencial da Estrat\u00e9gia &#8211; 3 Volumes"}]},{"@type":"WebSite","@id":"https:\/\/loja.springschool.me\/#website","url":"https:\/\/loja.springschool.me\/","name":"Spring School - Loja Virtual","description":"Just another WordPress site","potentialAction":[{"@type":"SearchAction","target":{"@type":"EntryPoint","urlTemplate":"https:\/\/loja.springschool.me\/?s={search_term_string}"},"query-input":"required name=search_term_string"}],"inLanguage":"ja"}]}},"_links":{"self":[{"href":"https:\/\/loja.springschool.me\/ja\/wp-json\/wp\/v2\/product\/1564"}],"collection":[{"href":"https:\/\/loja.springschool.me\/ja\/wp-json\/wp\/v2\/product"}],"about":[{"href":"https:\/\/loja.springschool.me\/ja\/wp-json\/wp\/v2\/types\/product"}],"version-history":[{"count":1,"href":"https:\/\/loja.springschool.me\/ja\/wp-json\/wp\/v2\/product\/1564\/revisions"}],"predecessor-version":[{"id":1566,"href":"https:\/\/loja.springschool.me\/ja\/wp-json\/wp\/v2\/product\/1564\/revisions\/1566"}],"wp:featuredmedia":[{"embeddable":true,"href":"https:\/\/loja.springschool.me\/ja\/wp-json\/wp\/v2\/media\/1565"}],"wp:attachment":[{"href":"https:\/\/loja.springschool.me\/ja\/wp-json\/wp\/v2\/media?parent=1564"}],"wp:term":[{"taxonomy":"product_cat","embeddable":true,"href":"https:\/\/loja.springschool.me\/ja\/wp-json\/wp\/v2\/product_cat?post=1564"},{"taxonomy":"product_tag","embeddable":true,"href":"https:\/\/loja.springschool.me\/ja\/wp-json\/wp\/v2\/product_tag?post=1564"}],"curies":[{"name":"wp","href":"https:\/\/api.w.org\/{rel}","templated":true}]}}