{"id":1561,"date":"2024-07-25T01:05:18","date_gmt":"2024-07-25T01:05:18","guid":{"rendered":"https:\/\/loja.springschool.me\/?post_type=product&#038;p=1561"},"modified":"2024-07-25T01:05:19","modified_gmt":"2024-07-25T01:05:19","slug":"bilingual-bible-biblia-bilingue","status":"publish","type":"product","link":"https:\/\/loja.springschool.me\/ja\/product\/bilingual-bible-biblia-bilingue\/","title":{"rendered":"\u30d0\u30a4\u30ea\u30f3\u30ac\u30eb\u8056\u66f8 \u30d0\u30a4\u30ea\u30f3\u30ac\u30eb\u8056\u66f8"},"content":{"rendered":"","protected":false},"excerpt":{"rendered":"<p><strong>\u5728\u5eab\u9650\u308a\u306e\u30b9\u30fc\u30d1\u30fc\u30d7\u30ed\u30e2\u30fc\u30b7\u30e7\u30f3\u3002\u00a0<\/strong><\/p>\n<p>\u4eca\u65e5\u306e\u8a00\u8a9e\u3067\u306e\u65b0\u3057\u3044\u7ffb\u8a33\u3002<\/p>","protected":false},"featured_media":1562,"template":"","meta":[],"product_cat":[20],"product_tag":[94],"yoast_head":"<!-- This site is optimized with the Yoast SEO plugin v20.11 - https:\/\/yoast.com\/wordpress\/plugins\/seo\/ -->\n<title>Bilingual Bible B\u00edblia Bil\u00edngue - Spring School - Loja Virtual<\/title>\n<meta name=\"description\" content=\"Super promo\u00e7\u00e3o da Spring School Store com estoque limitado. B\u00edblia Bil\u00edngue. Nova tradu\u00e7\u00e3o na linguagem de hoje. Entre e confira!\" \/>\n<meta name=\"robots\" content=\"index, follow, max-snippet:-1, max-image-preview:large, max-video-preview:-1\" \/>\n<link rel=\"canonical\" href=\"https:\/\/loja.springschool.me\/ja\/product\/bilingual-bible-biblia-bilingue\/\" \/>\n<meta property=\"og:locale\" content=\"ja_JP\" \/>\n<meta property=\"og:type\" content=\"article\" \/>\n<meta property=\"og:title\" content=\"Bilingual Bible B\u00edblia Bil\u00edngue - Spring School - Loja Virtual\" \/>\n<meta property=\"og:description\" content=\"Super promo\u00e7\u00e3o da Spring School Store com estoque limitado. B\u00edblia Bil\u00edngue. Nova tradu\u00e7\u00e3o na linguagem de hoje. Entre e confira!\" \/>\n<meta property=\"og:url\" content=\"https:\/\/loja.springschool.me\/ja\/product\/bilingual-bible-biblia-bilingue\/\" \/>\n<meta property=\"og:site_name\" content=\"Spring School - Loja Virtual\" \/>\n<meta property=\"article:modified_time\" content=\"2024-07-25T01:05:19+00:00\" \/>\n<meta property=\"og:image\" content=\"https:\/\/loja.springschool.me\/wp-content\/uploads\/2024\/07\/spring-school-loja-biblia-bilingual-01.jpg\" \/>\n\t<meta property=\"og:image:width\" content=\"1000\" \/>\n\t<meta property=\"og:image:height\" content=\"1000\" \/>\n\t<meta property=\"og:image:type\" content=\"image\/jpeg\" \/>\n<meta name=\"twitter:card\" content=\"summary_large_image\" \/>\n<script type=\"application\/ld+json\" class=\"yoast-schema-graph\">{\"@context\":\"https:\/\/schema.org\",\"@graph\":[{\"@type\":\"WebPage\",\"@id\":\"https:\/\/loja.springschool.me\/produto\/bilingual-bible-biblia-bilingue\/\",\"url\":\"https:\/\/loja.springschool.me\/produto\/bilingual-bible-biblia-bilingue\/\",\"name\":\"Bilingual Bible B\u00edblia Bil\u00edngue - Spring School - Loja Virtual\",\"isPartOf\":{\"@id\":\"https:\/\/loja.springschool.me\/#website\"},\"datePublished\":\"2024-07-25T01:05:18+00:00\",\"dateModified\":\"2024-07-25T01:05:19+00:00\",\"description\":\"Super promo\u00e7\u00e3o da Spring School Store com estoque limitado. B\u00edblia Bil\u00edngue. Nova tradu\u00e7\u00e3o na linguagem de hoje. Entre e confira!\",\"breadcrumb\":{\"@id\":\"https:\/\/loja.springschool.me\/produto\/bilingual-bible-biblia-bilingue\/#breadcrumb\"},\"inLanguage\":\"ja\",\"potentialAction\":[{\"@type\":\"ReadAction\",\"target\":[\"https:\/\/loja.springschool.me\/produto\/bilingual-bible-biblia-bilingue\/\"]}]},{\"@type\":\"BreadcrumbList\",\"@id\":\"https:\/\/loja.springschool.me\/produto\/bilingual-bible-biblia-bilingue\/#breadcrumb\",\"itemListElement\":[{\"@type\":\"ListItem\",\"position\":1,\"name\":\"In\u00edcio\",\"item\":\"https:\/\/loja.springschool.me\/\"},{\"@type\":\"ListItem\",\"position\":2,\"name\":\"Shop\",\"item\":\"https:\/\/loja.springschool.me\/shop\/\"},{\"@type\":\"ListItem\",\"position\":3,\"name\":\"Bilingual Bible B\u00edblia Bil\u00edngue\"}]},{\"@type\":\"WebSite\",\"@id\":\"https:\/\/loja.springschool.me\/#website\",\"url\":\"https:\/\/loja.springschool.me\/\",\"name\":\"Spring School - Loja Virtual\",\"description\":\"Just another WordPress site\",\"potentialAction\":[{\"@type\":\"SearchAction\",\"target\":{\"@type\":\"EntryPoint\",\"urlTemplate\":\"https:\/\/loja.springschool.me\/?s={search_term_string}\"},\"query-input\":\"required name=search_term_string\"}],\"inLanguage\":\"ja\"}]}<\/script>\n<!-- \/ Yoast SEO plugin. -->","yoast_head_json":{"title":"Bilingual Bible B\u00edblia Bil\u00edngue - Spring School - Loja Virtual","description":"Super promo\u00e7\u00e3o da Spring School Store com estoque limitado. B\u00edblia Bil\u00edngue. Nova tradu\u00e7\u00e3o na linguagem de hoje. Entre e confira!","robots":{"index":"index","follow":"follow","max-snippet":"max-snippet:-1","max-image-preview":"max-image-preview:large","max-video-preview":"max-video-preview:-1"},"canonical":"https:\/\/loja.springschool.me\/ja\/product\/bilingual-bible-biblia-bilingue\/","og_locale":"ja_JP","og_type":"article","og_title":"Bilingual Bible B\u00edblia Bil\u00edngue - Spring School - Loja Virtual","og_description":"Super promo\u00e7\u00e3o da Spring School Store com estoque limitado. B\u00edblia Bil\u00edngue. Nova tradu\u00e7\u00e3o na linguagem de hoje. Entre e confira!","og_url":"https:\/\/loja.springschool.me\/ja\/product\/bilingual-bible-biblia-bilingue\/","og_site_name":"Spring School - Loja Virtual","article_modified_time":"2024-07-25T01:05:19+00:00","og_image":[{"width":1000,"height":1000,"url":"https:\/\/loja.springschool.me\/wp-content\/uploads\/2024\/07\/spring-school-loja-biblia-bilingual-01.jpg","type":"image\/jpeg"}],"twitter_card":"summary_large_image","schema":{"@context":"https:\/\/schema.org","@graph":[{"@type":"WebPage","@id":"https:\/\/loja.springschool.me\/produto\/bilingual-bible-biblia-bilingue\/","url":"https:\/\/loja.springschool.me\/produto\/bilingual-bible-biblia-bilingue\/","name":"Bilingual Bible B\u00edblia Bil\u00edngue - Spring School - Loja Virtual","isPartOf":{"@id":"https:\/\/loja.springschool.me\/#website"},"datePublished":"2024-07-25T01:05:18+00:00","dateModified":"2024-07-25T01:05:19+00:00","description":"Super promo\u00e7\u00e3o da Spring School Store com estoque limitado. B\u00edblia Bil\u00edngue. Nova tradu\u00e7\u00e3o na linguagem de hoje. Entre e confira!","breadcrumb":{"@id":"https:\/\/loja.springschool.me\/produto\/bilingual-bible-biblia-bilingue\/#breadcrumb"},"inLanguage":"ja","potentialAction":[{"@type":"ReadAction","target":["https:\/\/loja.springschool.me\/produto\/bilingual-bible-biblia-bilingue\/"]}]},{"@type":"BreadcrumbList","@id":"https:\/\/loja.springschool.me\/produto\/bilingual-bible-biblia-bilingue\/#breadcrumb","itemListElement":[{"@type":"ListItem","position":1,"name":"In\u00edcio","item":"https:\/\/loja.springschool.me\/"},{"@type":"ListItem","position":2,"name":"Shop","item":"https:\/\/loja.springschool.me\/shop\/"},{"@type":"ListItem","position":3,"name":"Bilingual Bible B\u00edblia Bil\u00edngue"}]},{"@type":"WebSite","@id":"https:\/\/loja.springschool.me\/#website","url":"https:\/\/loja.springschool.me\/","name":"Spring School - Loja Virtual","description":"Just another WordPress site","potentialAction":[{"@type":"SearchAction","target":{"@type":"EntryPoint","urlTemplate":"https:\/\/loja.springschool.me\/?s={search_term_string}"},"query-input":"required name=search_term_string"}],"inLanguage":"ja"}]}},"_links":{"self":[{"href":"https:\/\/loja.springschool.me\/ja\/wp-json\/wp\/v2\/product\/1561"}],"collection":[{"href":"https:\/\/loja.springschool.me\/ja\/wp-json\/wp\/v2\/product"}],"about":[{"href":"https:\/\/loja.springschool.me\/ja\/wp-json\/wp\/v2\/types\/product"}],"version-history":[{"count":1,"href":"https:\/\/loja.springschool.me\/ja\/wp-json\/wp\/v2\/product\/1561\/revisions"}],"predecessor-version":[{"id":1563,"href":"https:\/\/loja.springschool.me\/ja\/wp-json\/wp\/v2\/product\/1561\/revisions\/1563"}],"wp:featuredmedia":[{"embeddable":true,"href":"https:\/\/loja.springschool.me\/ja\/wp-json\/wp\/v2\/media\/1562"}],"wp:attachment":[{"href":"https:\/\/loja.springschool.me\/ja\/wp-json\/wp\/v2\/media?parent=1561"}],"wp:term":[{"taxonomy":"product_cat","embeddable":true,"href":"https:\/\/loja.springschool.me\/ja\/wp-json\/wp\/v2\/product_cat?post=1561"},{"taxonomy":"product_tag","embeddable":true,"href":"https:\/\/loja.springschool.me\/ja\/wp-json\/wp\/v2\/product_tag?post=1561"}],"curies":[{"name":"wp","href":"https:\/\/api.w.org\/{rel}","templated":true}]}}