{"id":1558,"date":"2024-07-25T00:51:32","date_gmt":"2024-07-25T00:51:32","guid":{"rendered":"https:\/\/loja.springschool.me\/?post_type=product&#038;p=1558"},"modified":"2024-07-25T00:51:33","modified_gmt":"2024-07-25T00:51:33","slug":"educacao-a-distancia-desenvolvendo-a-capacidade-empreendedora","status":"publish","type":"product","link":"https:\/\/loja.springschool.me\/ja\/product\/educacao-a-distancia-desenvolvendo-a-capacidade-empreendedora\/","title":{"rendered":"\u901a\u4fe1\u6559\u80b2: \u8d77\u696d\u5bb6\u3068\u3057\u3066\u306e\u80fd\u529b\u306e\u958b\u767a"},"content":{"rendered":"<p>\u300e\u9060\u9694\u6559\u80b2: \u8d77\u696d\u5bb6\u7cbe\u795e\u306e\u80b2\u6210\u300f\u3068\u3044\u3046\u672c\u306b\u306f\u3001\u65b0\u3057\u3044\u30c6\u30af\u30ce\u30ed\u30b8\u30fc\u3068\u30b3\u30df\u30e5\u30cb\u30b1\u30fc\u30b7\u30e7\u30f3 \u30c4\u30fc\u30eb\u3092\u901a\u3058\u3066\u3001\u9060\u9694\u6559\u80b2\u306b\u3088\u3063\u3066\u8d77\u696d\u5bb6\u7cbe\u795e\u306e\u4fc3\u9032\u304c\u3069\u306e\u3088\u3046\u306b\u4fc3\u9032\u3055\u308c\u308b\u304b\u306b\u3064\u3044\u3066\u306e\u8a73\u7d30\u306a\u7814\u7a76\u304c\u542b\u307e\u308c\u3066\u3044\u307e\u3059\u3002<\/p>\n<p>\u3053\u306e\u4f5c\u54c1\u306f\u3001\u6559\u80b2\u3001\u7279\u306b\u9060\u9694\u6559\u80b2\u3001\u8d77\u696d\u5bb6\u7cbe\u795e\u3001\u958b\u767a\u3001\u6301\u7d9a\u53ef\u80fd\u6027\u3068\u3044\u3063\u305f\u30c6\u30fc\u30de\u306b\u8208\u5473\u304c\u3042\u308b\u3059\u3079\u3066\u306e\u4eba\u3092\u5bfe\u8c61\u3068\u3057\u3066\u3044\u307e\u3059\u3002<\/p>\n<p>\u79c1\u305f\u3061\u306f\u3001\u30a4\u30ce\u30d9\u30fc\u30b7\u30e7\u30f3\u3068\u8d77\u696d\u5bb6\u7cbe\u795e\u3092\u4fc3\u9032\u3059\u308b\u3053\u3068\u304c\u56fd\u3084\u5c0f\u3055\u306a\u9818\u571f\u306e\u767a\u5c55\u306b\u8ca2\u732e\u3059\u308b\u3053\u3068\u3092\u77e5\u3063\u3066\u3044\u307e\u3059\u3002\u3055\u3089\u306b\u3001\u79c1\u305f\u3061\u306f\u3001\u6301\u7d9a\u53ef\u80fd\u306a\u6d3b\u52d5\u304c\u3001\u7d4c\u6e08\u7684\u3001\u74b0\u5883\u7684\u3001\u6587\u5316\u7684\u3001\u653f\u6cbb\u7684\u5074\u9762\u306e\u4e21\u65b9\u306b\u304a\u3044\u3066\u3001\u3053\u308c\u3089\u306e\u74b0\u5883\u3092\u5b58\u7d9a\u3055\u305b\u308b\u4e0a\u3067\u3044\u304b\u306b\u6c7a\u5b9a\u7684\u306a\u3082\u306e\u3068\u306a\u308a\u5f97\u308b\u304b\u3092\u7406\u89e3\u3057\u3066\u3044\u307e\u3059\u3002<\/p>\n<p>\u3053\u306e\u7814\u7a76\u3067\u306f\u3001\u8cc7\u683c\u3084\u901a\u4fe1\u6559\u80b2\u3092\u901a\u3058\u3066\u5f97\u3089\u308c\u308b\u8d77\u696d\u5bb6\u3068\u3057\u3066\u306e\u80fd\u529b\u304c\u3001\u53ce\u5165\u3092\u751f\u307f\u51fa\u3059\u6a5f\u4f1a\u3092\u63d0\u4f9b\u3057\u3001\u5730\u57df\u793e\u4f1a\u306e\u751f\u6d3b\u306e\u8cea\u3092\u5411\u4e0a\u3055\u305b\u308b\u3053\u3068\u3067\u3001\u5730\u57df\u306e\u6301\u7d9a\u53ef\u80fd\u306a\u767a\u5c55\u306b\u3069\u306e\u3088\u3046\u306b\u8ca2\u732e\u3067\u304d\u308b\u304b\u3092\u7406\u89e3\u3059\u308b\u3053\u3068\u304c\u3067\u304d\u307e\u3059\u3002<\/p>","protected":false},"excerpt":{"rendered":"<p><strong>\u5728\u5eab\u9650\u308a\u306e\u30b9\u30fc\u30d1\u30fc\u30d7\u30ed\u30e2\u30fc\u30b7\u30e7\u30f3\u3002<\/strong><\/p>\n<p id=\"title\" class=\"a-spacing-none a-text-normal\"><span id=\"productTitle\" class=\"a-size-extra-large celwidget\" data-csa-c-id=\"k9vxxp-obct7w-h0gu8-vg5vf2\" data-cel-widget=\"productTitle\">\u300e\u901a\u4fe1\u6559\u80b2: \u8d77\u696d\u5bb6\u3068\u3057\u3066\u306e\u80fd\u529b\u306e\u958b\u767a\u300f\u306f\u30ea\u30ab\u30eb\u30c9\u30fb\u30a2\u30eb\u30fc\u30c0\u30fb\u30de\u30a6\u30ed\u306b\u3088\u308b\u672c\u3067\u3001\u3042\u306a\u305f\u3092\u5feb\u9069\u30be\u30fc\u30f3\u304b\u3089\u9023\u308c\u51fa\u3057\u3001\u8cc7\u683c\u3068\u901a\u4fe1\u6559\u80b2\u3092\u901a\u3058\u3066\u8d77\u696d\u5bb6\u3068\u3057\u3066\u306e\u80fd\u529b\u3092\u958b\u767a\u3059\u308b\u306e\u306b\u5f79\u7acb\u3061\u307e\u3059\u3002<\/span><\/p>","protected":false},"featured_media":1559,"template":"","meta":[],"product_cat":[20],"product_tag":[98],"yoast_head":"<!-- This site is optimized with the Yoast SEO plugin v20.11 - https:\/\/yoast.com\/wordpress\/plugins\/seo\/ -->\n<title>Educa\u00e7\u00e3o a dist\u00e2ncia: desenvolvendo a capacidade empreendedora - Spring School - Loja Virtual<\/title>\n<meta name=\"description\" content=\"Educa\u00e7\u00e3o a dist\u00e2ncia: desenvolvendo a capacidade empreendedora, de Mauro, Ricardo Arruda. Encontre diversos livros com \u00f3timos pre\u00e7os.\" \/>\n<meta name=\"robots\" content=\"index, follow, max-snippet:-1, max-image-preview:large, max-video-preview:-1\" \/>\n<link rel=\"canonical\" href=\"https:\/\/loja.springschool.me\/ja\/product\/educacao-a-distancia-desenvolvendo-a-capacidade-empreendedora\/\" \/>\n<meta property=\"og:locale\" content=\"ja_JP\" \/>\n<meta property=\"og:type\" content=\"article\" \/>\n<meta property=\"og:title\" content=\"Educa\u00e7\u00e3o a dist\u00e2ncia: desenvolvendo a capacidade empreendedora - Spring School - Loja Virtual\" \/>\n<meta property=\"og:description\" content=\"Educa\u00e7\u00e3o a dist\u00e2ncia: desenvolvendo a capacidade empreendedora, de Mauro, Ricardo Arruda. Encontre diversos livros com \u00f3timos pre\u00e7os.\" \/>\n<meta property=\"og:url\" content=\"https:\/\/loja.springschool.me\/ja\/product\/educacao-a-distancia-desenvolvendo-a-capacidade-empreendedora\/\" \/>\n<meta property=\"og:site_name\" content=\"Spring School - Loja Virtual\" \/>\n<meta property=\"article:modified_time\" content=\"2024-07-25T00:51:33+00:00\" \/>\n<meta property=\"og:image\" content=\"https:\/\/loja.springschool.me\/wp-content\/uploads\/2024\/07\/spring-school-loja-eduacao-a-distancia-01.jpg\" \/>\n\t<meta property=\"og:image:width\" content=\"1000\" \/>\n\t<meta property=\"og:image:height\" content=\"1000\" \/>\n\t<meta property=\"og:image:type\" content=\"image\/jpeg\" \/>\n<meta name=\"twitter:card\" content=\"summary_large_image\" \/>\n<meta name=\"twitter:label1\" content=\"\u63a8\u5b9a\u8aad\u307f\u53d6\u308a\u6642\u9593\" \/>\n\t<meta name=\"twitter:data1\" content=\"1\u5206\" \/>\n<script type=\"application\/ld+json\" class=\"yoast-schema-graph\">{\"@context\":\"https:\/\/schema.org\",\"@graph\":[{\"@type\":\"WebPage\",\"@id\":\"https:\/\/loja.springschool.me\/en\/product\/educacao-a-distancia-desenvolvendo-a-capacidade-empreendedora\/\",\"url\":\"https:\/\/loja.springschool.me\/en\/product\/educacao-a-distancia-desenvolvendo-a-capacidade-empreendedora\/\",\"name\":\"Educa\u00e7\u00e3o a dist\u00e2ncia: desenvolvendo a capacidade empreendedora - Spring School - Loja Virtual\",\"isPartOf\":{\"@id\":\"https:\/\/loja.springschool.me\/#website\"},\"datePublished\":\"2024-07-25T00:51:32+00:00\",\"dateModified\":\"2024-07-25T00:51:33+00:00\",\"description\":\"Educa\u00e7\u00e3o a dist\u00e2ncia: desenvolvendo a capacidade empreendedora, de Mauro, Ricardo Arruda. Encontre diversos livros com \u00f3timos pre\u00e7os.\",\"breadcrumb\":{\"@id\":\"https:\/\/loja.springschool.me\/en\/product\/educacao-a-distancia-desenvolvendo-a-capacidade-empreendedora\/#breadcrumb\"},\"inLanguage\":\"ja\",\"potentialAction\":[{\"@type\":\"ReadAction\",\"target\":[\"https:\/\/loja.springschool.me\/en\/product\/educacao-a-distancia-desenvolvendo-a-capacidade-empreendedora\/\"]}]},{\"@type\":\"BreadcrumbList\",\"@id\":\"https:\/\/loja.springschool.me\/en\/product\/educacao-a-distancia-desenvolvendo-a-capacidade-empreendedora\/#breadcrumb\",\"itemListElement\":[{\"@type\":\"ListItem\",\"position\":1,\"name\":\"In\u00edcio\",\"item\":\"https:\/\/loja.springschool.me\/\"},{\"@type\":\"ListItem\",\"position\":2,\"name\":\"Shop\",\"item\":\"https:\/\/loja.springschool.me\/shop\/\"},{\"@type\":\"ListItem\",\"position\":3,\"name\":\"Educa\u00e7\u00e3o a dist\u00e2ncia: desenvolvendo a capacidade empreendedora\"}]},{\"@type\":\"WebSite\",\"@id\":\"https:\/\/loja.springschool.me\/#website\",\"url\":\"https:\/\/loja.springschool.me\/\",\"name\":\"Spring School - Loja Virtual\",\"description\":\"Just another WordPress site\",\"potentialAction\":[{\"@type\":\"SearchAction\",\"target\":{\"@type\":\"EntryPoint\",\"urlTemplate\":\"https:\/\/loja.springschool.me\/?s={search_term_string}\"},\"query-input\":\"required name=search_term_string\"}],\"inLanguage\":\"ja\"}]}<\/script>\n<!-- \/ Yoast SEO plugin. -->","yoast_head_json":{"title":"Educa\u00e7\u00e3o a dist\u00e2ncia: desenvolvendo a capacidade empreendedora - Spring School - Loja Virtual","description":"Educa\u00e7\u00e3o a dist\u00e2ncia: desenvolvendo a capacidade empreendedora, de Mauro, Ricardo Arruda. Encontre diversos livros com \u00f3timos pre\u00e7os.","robots":{"index":"index","follow":"follow","max-snippet":"max-snippet:-1","max-image-preview":"max-image-preview:large","max-video-preview":"max-video-preview:-1"},"canonical":"https:\/\/loja.springschool.me\/ja\/product\/educacao-a-distancia-desenvolvendo-a-capacidade-empreendedora\/","og_locale":"ja_JP","og_type":"article","og_title":"Educa\u00e7\u00e3o a dist\u00e2ncia: desenvolvendo a capacidade empreendedora - Spring School - Loja Virtual","og_description":"Educa\u00e7\u00e3o a dist\u00e2ncia: desenvolvendo a capacidade empreendedora, de Mauro, Ricardo Arruda. Encontre diversos livros com \u00f3timos pre\u00e7os.","og_url":"https:\/\/loja.springschool.me\/ja\/product\/educacao-a-distancia-desenvolvendo-a-capacidade-empreendedora\/","og_site_name":"Spring School - Loja Virtual","article_modified_time":"2024-07-25T00:51:33+00:00","og_image":[{"width":1000,"height":1000,"url":"https:\/\/loja.springschool.me\/wp-content\/uploads\/2024\/07\/spring-school-loja-eduacao-a-distancia-01.jpg","type":"image\/jpeg"}],"twitter_card":"summary_large_image","twitter_misc":{"\u63a8\u5b9a\u8aad\u307f\u53d6\u308a\u6642\u9593":"1\u5206"},"schema":{"@context":"https:\/\/schema.org","@graph":[{"@type":"WebPage","@id":"https:\/\/loja.springschool.me\/en\/product\/educacao-a-distancia-desenvolvendo-a-capacidade-empreendedora\/","url":"https:\/\/loja.springschool.me\/en\/product\/educacao-a-distancia-desenvolvendo-a-capacidade-empreendedora\/","name":"Educa\u00e7\u00e3o a dist\u00e2ncia: desenvolvendo a capacidade empreendedora - Spring School - Loja Virtual","isPartOf":{"@id":"https:\/\/loja.springschool.me\/#website"},"datePublished":"2024-07-25T00:51:32+00:00","dateModified":"2024-07-25T00:51:33+00:00","description":"Educa\u00e7\u00e3o a dist\u00e2ncia: desenvolvendo a capacidade empreendedora, de Mauro, Ricardo Arruda. Encontre diversos livros com \u00f3timos pre\u00e7os.","breadcrumb":{"@id":"https:\/\/loja.springschool.me\/en\/product\/educacao-a-distancia-desenvolvendo-a-capacidade-empreendedora\/#breadcrumb"},"inLanguage":"ja","potentialAction":[{"@type":"ReadAction","target":["https:\/\/loja.springschool.me\/en\/product\/educacao-a-distancia-desenvolvendo-a-capacidade-empreendedora\/"]}]},{"@type":"BreadcrumbList","@id":"https:\/\/loja.springschool.me\/en\/product\/educacao-a-distancia-desenvolvendo-a-capacidade-empreendedora\/#breadcrumb","itemListElement":[{"@type":"ListItem","position":1,"name":"In\u00edcio","item":"https:\/\/loja.springschool.me\/"},{"@type":"ListItem","position":2,"name":"Shop","item":"https:\/\/loja.springschool.me\/shop\/"},{"@type":"ListItem","position":3,"name":"Educa\u00e7\u00e3o a dist\u00e2ncia: desenvolvendo a capacidade empreendedora"}]},{"@type":"WebSite","@id":"https:\/\/loja.springschool.me\/#website","url":"https:\/\/loja.springschool.me\/","name":"Spring School - Loja Virtual","description":"Just another WordPress site","potentialAction":[{"@type":"SearchAction","target":{"@type":"EntryPoint","urlTemplate":"https:\/\/loja.springschool.me\/?s={search_term_string}"},"query-input":"required name=search_term_string"}],"inLanguage":"ja"}]}},"_links":{"self":[{"href":"https:\/\/loja.springschool.me\/ja\/wp-json\/wp\/v2\/product\/1558"}],"collection":[{"href":"https:\/\/loja.springschool.me\/ja\/wp-json\/wp\/v2\/product"}],"about":[{"href":"https:\/\/loja.springschool.me\/ja\/wp-json\/wp\/v2\/types\/product"}],"version-history":[{"count":1,"href":"https:\/\/loja.springschool.me\/ja\/wp-json\/wp\/v2\/product\/1558\/revisions"}],"predecessor-version":[{"id":1560,"href":"https:\/\/loja.springschool.me\/ja\/wp-json\/wp\/v2\/product\/1558\/revisions\/1560"}],"wp:featuredmedia":[{"embeddable":true,"href":"https:\/\/loja.springschool.me\/ja\/wp-json\/wp\/v2\/media\/1559"}],"wp:attachment":[{"href":"https:\/\/loja.springschool.me\/ja\/wp-json\/wp\/v2\/media?parent=1558"}],"wp:term":[{"taxonomy":"product_cat","embeddable":true,"href":"https:\/\/loja.springschool.me\/ja\/wp-json\/wp\/v2\/product_cat?post=1558"},{"taxonomy":"product_tag","embeddable":true,"href":"https:\/\/loja.springschool.me\/ja\/wp-json\/wp\/v2\/product_tag?post=1558"}],"curies":[{"name":"wp","href":"https:\/\/api.w.org\/{rel}","templated":true}]}}