{"id":1555,"date":"2024-07-25T00:38:08","date_gmt":"2024-07-25T00:38:08","guid":{"rendered":"https:\/\/loja.springschool.me\/?post_type=product&#038;p=1555"},"modified":"2024-07-25T00:38:10","modified_gmt":"2024-07-25T00:38:10","slug":"manual-do-empreendedor-inabalavel","status":"publish","type":"product","link":"https:\/\/loja.springschool.me\/ja\/product\/manual-do-empreendedor-inabalavel\/","title":{"rendered":"\u63fa\u308b\u304e\u306a\u3044\u8d77\u696d\u5bb6\u30cf\u30f3\u30c9\u30d6\u30c3\u30af"},"content":{"rendered":"<div id=\"lp-pom-text-1290\" class=\"lp-element lp-pom-text nlh\">\n<p>\u5e02\u5834\u306f\u3082\u306f\u3084\u4ee5\u524d\u3068\u540c\u3058\u3067\u306f\u306a\u304f\u306a\u308a\u3001\u6d88\u8cbb\u7fd2\u6163\u3082\u5909\u5316\u3057\u3066\u3044\u307e\u3059\u3002\u3053\u306e\u65b0\u3057\u3044\u30b7\u30ca\u30ea\u30aa\u3067\u5b9f\u969b\u306b\u4f55\u304c\u6a5f\u80fd\u3059\u308b\u304b\u3092\u8a8d\u8b58\u3059\u308b\u3053\u3068\u306f\u3001\u53d6\u308a\u7d44\u307f\u3092\u884c\u3046\u4eba\u3001\u307e\u305f\u306f\u53d6\u308a\u7d44\u307f\u305f\u3044\u4eba\u306b\u3068\u3063\u3066\u975e\u5e38\u306b\u91cd\u8981\u3067\u3059\u3002<\/p>\n<\/div>\n<div id=\"lp-pom-text-1291\" class=\"lp-element lp-pom-text nlh\">\n<p>\u30c8\u30c3\u30d7\u30fb\u30aa\u30d6\u30fb\u30de\u30a4\u30f3\u30c9\u8a8c\u306e\u5e74\u9593\u6700\u512a\u79c0\u30d3\u30b8\u30cd\u30b9\u30de\u30f3\u8cde\u3092\u53d7\u8cde\u3057\u305f\u30db\u30bb\u30fb\u30ed\u30d9\u30eb\u30c8\u30fb\u30de\u30eb\u30b1\u30b9\u6c0f\u304c\u3001\u81ea\u8eab\u306e\u30d3\u30b8\u30cd\u30b9\u3067\u306e\u6210\u529f\u4f53\u9a13\u3092\u3059\u3079\u3066\u5171\u6709\u3057\u3001IBC\u304c\u8a18\u9332\u7684\u306a\u901f\u3055\u3067\u81ea\u3089\u3092\u6539\u9769\u3057\u3001\u691c\u75ab\u306b\u3088\u308b\u5546\u53d6\u5f15\u306e\u9589\u9396\u4e2d\u306b\u5805\u5b9f\u304b\u3064\u5b89\u5168\u306b\u4e8b\u696d\u3092\u7d99\u7d9a\u3067\u304d\u305f\u30d2\u30f3\u30c8\u3092\u5171\u6709\u3057\u307e\u3059\u3002 \u3002<\/p>\n<p>\u30d1\u30f3\u30c7\u30df\u30c3\u30af\u306f\u3001\u5065\u5eb7\u3068\u7d4c\u6e08\u306e\u4e21\u65b9\u306e\u89b3\u70b9\u304b\u3089\u3001\u4e16\u754c\u793e\u4f1a\u306b\u3068\u3063\u3066\u8ab2\u984c\u3068\u306a\u3063\u3066\u3044\u307e\u3059\u3002 60\u4e07\u793e\u4ee5\u4e0a\u306e\u4f01\u696d\u304c\u4f11\u696d\u3057\u3001900\u4e07\u4eba\u4ee5\u4e0a\u306e\u5c02\u9580\u5bb6\u304c\u5931\u696d\u3057\u305f\u3002<\/p>\n<p>\u73fe\u5b9f\u306f\u307b\u3068\u3093\u3069\u306e\u52b4\u50cd\u8005\u306b\u3068\u3063\u3066\u53b3\u3057\u3044\u3082\u306e\u3067\u3057\u305f\u3002\u5e02\u5834\u306e\u5909\u5316\u306b\u8ffd\u3044\u3064\u304f\u305f\u3081\u306b\u306f\u3001\u5e38\u306b\u52d5\u304d\u7d9a\u3051\u308b\u5fc5\u8981\u304c\u3042\u308a\u307e\u3059\u3002\u5b9f\u969b\u306e\u3068\u3053\u308d\u3001\u3053\u306e\u30d1\u30f3\u30c7\u30df\u30c3\u30af\u306b\u3088\u308a\u3001\u5b9f\u73fe\u3059\u308b\u306b\u306f\u4f55\u5e74\u3082\u304b\u304b\u308b\u3067\u3042\u308d\u3046\u3044\u304f\u3064\u304b\u306e\u958b\u767a\u304c\u52a0\u901f\u3057\u307e\u3057\u305f\u3002<\/p>\n<p>\u65b0\u3057\u3044\u696d\u614b\u3084\u30ad\u30e3\u30ea\u30a2\u306b\u9053\u3092\u8b72\u308b\u305f\u3081\u306b\u3001\u4f01\u696d\u3084\u8077\u696d\u304c\u6d88\u3048\u3064\u3064\u3042\u308a\u307e\u3059\u3002\u9700\u8981\u306f\u5e02\u5834\u304b\u3089\u6d88\u3048\u305f\u306e\u3067\u306f\u306a\u304f\u3001\u95a2\u9023\u6027\u306e\u9806\u5e8f\u304c\u5909\u66f4\u307e\u305f\u306f\u9069\u5fdc\u3055\u308c\u305f\u3060\u3051\u3067\u3059\u3002<\/p>\n<p>\u79c1\u305f\u3061\u306f\u9769\u547d\u306e\u6642\u4ee3\u3092\u751f\u304d\u3066\u304a\u308a\u3001\u3042\u306a\u305f\u306b\u306f 2 \u3064\u306e\u9053\u304c\u3042\u308a\u307e\u3059\u3002\u4e3b\u5f79\u306e\u5f79\u5272\u3092\u653e\u68c4\u3057\u3066\u505c\u6ede\u306b\u8eab\u3092\u59d4\u306d\u308b\u304b\u3001\u305d\u308c\u3068\u3082\u81ea\u5206\u81ea\u8eab\u3092\u518d\u767a\u660e\u3057\u3066\u3053\u306e\u77ac\u9593\u3092\u884c\u52d5\u306e\u885d\u52d5\u3068\u3057\u3066\u5229\u7528\u3059\u308b\u304b\u3067\u3059\u3002<\/p>\n<p>\u63fa\u308b\u304e\u306a\u3044\u8d77\u696d\u5bb6\u3067\u3042\u308b\u3068\u3044\u3046\u3053\u3068\u306f\u3001\u3053\u308c\u307e\u3067\u3068\u306f\u9055\u3046\u3053\u3068\u3092\u5927\u80c6\u306b\u884c\u3044\u3001\u5e02\u5834\u306e\u9700\u8981\u306b\u6ce8\u610f\u3092\u6255\u3046\u3053\u3068\u3092\u610f\u5473\u3057\u307e\u3059\u3002<\/p>\n<\/div>","protected":false},"excerpt":{"rendered":"<p><strong>\u5728\u5eab\u9650\u308a\u306e\u30b9\u30fc\u30d1\u30fc\u30d7\u30ed\u30e2\u30fc\u30b7\u30e7\u30f3\u3002<\/strong><\/p>\n<p>\u30db\u30bb\u30fb\u30ed\u30d9\u30eb\u30c8\u30fb\u30de\u30eb\u30b1\u30b9\u8457\u300eUnshakable Entrepreneur&#039;s Manual\u300f\u306b\u306f\u3001\u9769\u65b0\u7684\u306a\u59ff\u52e2\u3092\u6301\u3064\u8d77\u696d\u5bb6\u7cbe\u795e\u306e\u305f\u3081\u306e\u7406\u8ad6\u3068\u30c4\u30fc\u30eb\u304c\u8a18\u8f09\u3055\u308c\u3066\u3044\u307e\u3059\u3002<\/p>\n<p>\u63fa\u308b\u304e\u306a\u3044\u8d77\u696d\u5bb6\u3067\u3042\u308b\u3068\u3044\u3046\u3053\u3068\u306f\u3001\u3053\u308c\u307e\u3067\u3068\u306f\u9055\u3046\u3053\u3068\u3092\u5927\u80c6\u306b\u884c\u3044\u3001\u5e02\u5834\u306e\u9700\u8981\u306b\u6ce8\u610f\u3092\u6255\u3046\u3053\u3068\u3092\u610f\u5473\u3057\u307e\u3059\u3002<\/p>","protected":false},"featured_media":1556,"template":"","meta":[],"product_cat":[20],"product_tag":[61],"yoast_head":"<!-- This site is optimized with the Yoast SEO plugin v20.11 - https:\/\/yoast.com\/wordpress\/plugins\/seo\/ -->\n<title>Manual do Empreendedor Inabal\u00e1vel - Spring School - Loja Virtual<\/title>\n<meta name=\"description\" content=\"O Manual do Empreendedor Inabal\u00e1vel de Jos\u00e9 Roberto Marques tem teorias e ferramentas para uma mente empreendedora e atitude inovadora.\" \/>\n<meta name=\"robots\" content=\"index, follow, max-snippet:-1, max-image-preview:large, max-video-preview:-1\" \/>\n<link rel=\"canonical\" href=\"https:\/\/loja.springschool.me\/ja\/product\/manual-do-empreendedor-inabalavel\/\" \/>\n<meta property=\"og:locale\" content=\"ja_JP\" \/>\n<meta property=\"og:type\" content=\"article\" \/>\n<meta property=\"og:title\" content=\"Manual do Empreendedor Inabal\u00e1vel - Spring School - Loja Virtual\" \/>\n<meta property=\"og:description\" content=\"O Manual do Empreendedor Inabal\u00e1vel de Jos\u00e9 Roberto Marques tem teorias e ferramentas para uma mente empreendedora e atitude inovadora.\" \/>\n<meta property=\"og:url\" content=\"https:\/\/loja.springschool.me\/ja\/product\/manual-do-empreendedor-inabalavel\/\" \/>\n<meta property=\"og:site_name\" content=\"Spring School - Loja Virtual\" \/>\n<meta property=\"article:modified_time\" content=\"2024-07-25T00:38:10+00:00\" \/>\n<meta property=\"og:image\" content=\"https:\/\/loja.springschool.me\/wp-content\/uploads\/2024\/07\/spring-school-loja-manual-do-empreendedor-01.jpg\" \/>\n\t<meta property=\"og:image:width\" content=\"1000\" \/>\n\t<meta property=\"og:image:height\" content=\"1000\" \/>\n\t<meta property=\"og:image:type\" content=\"image\/jpeg\" \/>\n<meta name=\"twitter:card\" content=\"summary_large_image\" \/>\n<meta name=\"twitter:label1\" content=\"\u63a8\u5b9a\u8aad\u307f\u53d6\u308a\u6642\u9593\" \/>\n\t<meta name=\"twitter:data1\" content=\"2\u5206\" \/>\n<script type=\"application\/ld+json\" class=\"yoast-schema-graph\">{\"@context\":\"https:\/\/schema.org\",\"@graph\":[{\"@type\":\"WebPage\",\"@id\":\"https:\/\/loja.springschool.me\/en\/product\/manual-do-empreendedor-inabalavel\/\",\"url\":\"https:\/\/loja.springschool.me\/en\/product\/manual-do-empreendedor-inabalavel\/\",\"name\":\"Manual do Empreendedor Inabal\u00e1vel - Spring School - Loja Virtual\",\"isPartOf\":{\"@id\":\"https:\/\/loja.springschool.me\/#website\"},\"datePublished\":\"2024-07-25T00:38:08+00:00\",\"dateModified\":\"2024-07-25T00:38:10+00:00\",\"description\":\"O Manual do Empreendedor Inabal\u00e1vel de Jos\u00e9 Roberto Marques tem teorias e ferramentas para uma mente empreendedora e atitude inovadora.\",\"breadcrumb\":{\"@id\":\"https:\/\/loja.springschool.me\/en\/product\/manual-do-empreendedor-inabalavel\/#breadcrumb\"},\"inLanguage\":\"ja\",\"potentialAction\":[{\"@type\":\"ReadAction\",\"target\":[\"https:\/\/loja.springschool.me\/en\/product\/manual-do-empreendedor-inabalavel\/\"]}]},{\"@type\":\"BreadcrumbList\",\"@id\":\"https:\/\/loja.springschool.me\/en\/product\/manual-do-empreendedor-inabalavel\/#breadcrumb\",\"itemListElement\":[{\"@type\":\"ListItem\",\"position\":1,\"name\":\"In\u00edcio\",\"item\":\"https:\/\/loja.springschool.me\/\"},{\"@type\":\"ListItem\",\"position\":2,\"name\":\"Shop\",\"item\":\"https:\/\/loja.springschool.me\/shop\/\"},{\"@type\":\"ListItem\",\"position\":3,\"name\":\"Manual do Empreendedor Inabal\u00e1vel\"}]},{\"@type\":\"WebSite\",\"@id\":\"https:\/\/loja.springschool.me\/#website\",\"url\":\"https:\/\/loja.springschool.me\/\",\"name\":\"Spring School - Loja Virtual\",\"description\":\"Just another WordPress site\",\"potentialAction\":[{\"@type\":\"SearchAction\",\"target\":{\"@type\":\"EntryPoint\",\"urlTemplate\":\"https:\/\/loja.springschool.me\/?s={search_term_string}\"},\"query-input\":\"required name=search_term_string\"}],\"inLanguage\":\"ja\"}]}<\/script>\n<!-- \/ Yoast SEO plugin. -->","yoast_head_json":{"title":"Manual do Empreendedor Inabal\u00e1vel - Spring School - Loja Virtual","description":"O Manual do Empreendedor Inabal\u00e1vel de Jos\u00e9 Roberto Marques tem teorias e ferramentas para uma mente empreendedora e atitude inovadora.","robots":{"index":"index","follow":"follow","max-snippet":"max-snippet:-1","max-image-preview":"max-image-preview:large","max-video-preview":"max-video-preview:-1"},"canonical":"https:\/\/loja.springschool.me\/ja\/product\/manual-do-empreendedor-inabalavel\/","og_locale":"ja_JP","og_type":"article","og_title":"Manual do Empreendedor Inabal\u00e1vel - Spring School - Loja Virtual","og_description":"O Manual do Empreendedor Inabal\u00e1vel de Jos\u00e9 Roberto Marques tem teorias e ferramentas para uma mente empreendedora e atitude inovadora.","og_url":"https:\/\/loja.springschool.me\/ja\/product\/manual-do-empreendedor-inabalavel\/","og_site_name":"Spring School - Loja Virtual","article_modified_time":"2024-07-25T00:38:10+00:00","og_image":[{"width":1000,"height":1000,"url":"https:\/\/loja.springschool.me\/wp-content\/uploads\/2024\/07\/spring-school-loja-manual-do-empreendedor-01.jpg","type":"image\/jpeg"}],"twitter_card":"summary_large_image","twitter_misc":{"\u63a8\u5b9a\u8aad\u307f\u53d6\u308a\u6642\u9593":"2\u5206"},"schema":{"@context":"https:\/\/schema.org","@graph":[{"@type":"WebPage","@id":"https:\/\/loja.springschool.me\/en\/product\/manual-do-empreendedor-inabalavel\/","url":"https:\/\/loja.springschool.me\/en\/product\/manual-do-empreendedor-inabalavel\/","name":"Manual do Empreendedor Inabal\u00e1vel - Spring School - Loja Virtual","isPartOf":{"@id":"https:\/\/loja.springschool.me\/#website"},"datePublished":"2024-07-25T00:38:08+00:00","dateModified":"2024-07-25T00:38:10+00:00","description":"O Manual do Empreendedor Inabal\u00e1vel de Jos\u00e9 Roberto Marques tem teorias e ferramentas para uma mente empreendedora e atitude inovadora.","breadcrumb":{"@id":"https:\/\/loja.springschool.me\/en\/product\/manual-do-empreendedor-inabalavel\/#breadcrumb"},"inLanguage":"ja","potentialAction":[{"@type":"ReadAction","target":["https:\/\/loja.springschool.me\/en\/product\/manual-do-empreendedor-inabalavel\/"]}]},{"@type":"BreadcrumbList","@id":"https:\/\/loja.springschool.me\/en\/product\/manual-do-empreendedor-inabalavel\/#breadcrumb","itemListElement":[{"@type":"ListItem","position":1,"name":"In\u00edcio","item":"https:\/\/loja.springschool.me\/"},{"@type":"ListItem","position":2,"name":"Shop","item":"https:\/\/loja.springschool.me\/shop\/"},{"@type":"ListItem","position":3,"name":"Manual do Empreendedor Inabal\u00e1vel"}]},{"@type":"WebSite","@id":"https:\/\/loja.springschool.me\/#website","url":"https:\/\/loja.springschool.me\/","name":"Spring School - Loja Virtual","description":"Just another WordPress site","potentialAction":[{"@type":"SearchAction","target":{"@type":"EntryPoint","urlTemplate":"https:\/\/loja.springschool.me\/?s={search_term_string}"},"query-input":"required name=search_term_string"}],"inLanguage":"ja"}]}},"_links":{"self":[{"href":"https:\/\/loja.springschool.me\/ja\/wp-json\/wp\/v2\/product\/1555"}],"collection":[{"href":"https:\/\/loja.springschool.me\/ja\/wp-json\/wp\/v2\/product"}],"about":[{"href":"https:\/\/loja.springschool.me\/ja\/wp-json\/wp\/v2\/types\/product"}],"version-history":[{"count":1,"href":"https:\/\/loja.springschool.me\/ja\/wp-json\/wp\/v2\/product\/1555\/revisions"}],"predecessor-version":[{"id":1557,"href":"https:\/\/loja.springschool.me\/ja\/wp-json\/wp\/v2\/product\/1555\/revisions\/1557"}],"wp:featuredmedia":[{"embeddable":true,"href":"https:\/\/loja.springschool.me\/ja\/wp-json\/wp\/v2\/media\/1556"}],"wp:attachment":[{"href":"https:\/\/loja.springschool.me\/ja\/wp-json\/wp\/v2\/media?parent=1555"}],"wp:term":[{"taxonomy":"product_cat","embeddable":true,"href":"https:\/\/loja.springschool.me\/ja\/wp-json\/wp\/v2\/product_cat?post=1555"},{"taxonomy":"product_tag","embeddable":true,"href":"https:\/\/loja.springschool.me\/ja\/wp-json\/wp\/v2\/product_tag?post=1555"}],"curies":[{"name":"wp","href":"https:\/\/api.w.org\/{rel}","templated":true}]}}