{"id":1552,"date":"2024-07-25T00:28:45","date_gmt":"2024-07-25T00:28:45","guid":{"rendered":"https:\/\/loja.springschool.me\/?post_type=product&#038;p=1552"},"modified":"2024-07-25T00:28:46","modified_gmt":"2024-07-25T00:28:46","slug":"o-papai-e-pop-2","status":"publish","type":"product","link":"https:\/\/loja.springschool.me\/ja\/product\/o-papai-e-pop-2\/","title":{"rendered":"\u30d1\u30d1\u306f\u30dd\u30c3\u30d72"},"content":{"rendered":"<p>\u30d1\u30d1\u30fb\u30a4\u30ba\u30fb\u30dd\u30c3\u30d7\u304c\u5e30\u3063\u3066\u304d\u305f\uff01<\/p>\n<p>\u30de\u30eb\u30b3\u30b9\u30fb\u30d4\u30a2\u30f3\u30b8\u30a7\u30eb\u30b9\u306f\u3001\u3042\u306a\u305f\u3092\u8eca\u306e\u5f8c\u90e8\u5ea7\u5e2d\u3001\u5a18\u306e\u30a2\u30cb\u30bf\u3068\u30aa\u30fc\u30ed\u30e9\u306e\u96a3\u306b\u5ea7\u3089\u305b\u3001\u5b50\u4f9b\u3092\u7523\u3080\u3068\u3044\u3046\u3053\u306e\u307e\u3063\u305f\u304f\u666e\u901a\u306e\u3001\u305d\u3057\u3066\u4e26\u5916\u308c\u305f\u51fa\u6765\u4e8b\u306b\u3064\u3044\u3066\u3001\u611f\u52d5\u7684\u306a\u3082\u306e\u3001\u9762\u767d\u3044\u3082\u306e\u3001\u305d\u3057\u3066\u304a\u305d\u3089\u304f\u5c11\u3057\u3046\u3093\u3056\u308a\u3059\u308b\u3082\u306e\u306a\u3069\u3001\u65b0\u3057\u3044\u7269\u8a9e\u3092\u8a9e\u308a\u307e\u3059\u3002 \u3002<\/p>\n<p>\u8aac\u660e\u3067\u304d\u306a\u3044\u611f\u60c5\u306f\u3001\u7406\u89e3\u3059\u308b\u3053\u3068\u3082\u3067\u304d\u307e\u305b\u3093\u3002\u4eba\u306f\u751f\u304d\u308b\u3053\u3068\u3057\u304b\u3067\u304d\u306a\u3044\u3002\u30b7\u30e7\u30c3\u30d4\u30f3\u30b0\u30e2\u30fc\u30eb\u306b\u884c\u304f\u305f\u3073\u306b\u3001\u5b50\u4f9b\u304c\u7279\u5178\u3084\u5272\u5f15\u3001\u6240\u5f97\u7a0e\u63a7\u9664\u3001\u7121\u6599\u306e\u98a8\u8239\u3092\u3082\u3089\u3048\u308b\u308f\u3051\u3067\u306f\u306a\u3044\u304b\u3089\u3067\u3059\u3002\u5b50\u4f9b\u304c\u751f\u307e\u308c\u308b\u3068\u8caf\u84c4\u304c\u306a\u304f\u306a\u308a\u3001\u591c\u306e\u7761\u7720\u6642\u9593\u304c\u6e1b\u308a\u307e\u3059\u3002\u65b0\u3057\u3044\u30b7\u30e3\u30c4\u304c\u6c5a\u308c\u3066\u3057\u307e\u3044\u3001\u58c1\u306b\u7d75\u304c\u63cf\u304b\u308c\u3066\u3057\u307e\u3044\u307e\u3059\u3002<\/p>\n<p>\u3042\u306a\u305f\u304c\u5b9f\u969b\u306b\u5b50\u4f9b\u3092\u7523\u3080\u7406\u7531\u306f\u305f\u3060\u4e00\u3064\u3001\u305d\u308c\u306f\u81ea\u5206\u3088\u308a\u3082\u4ed6\u306e\u4eba\u3092\u611b\u3059\u308b\u3053\u3068\u3092\u5b66\u3076\u305f\u3081\u3067\u3059\u3002<\/p>","protected":false},"excerpt":{"rendered":"<p><strong>\u5728\u5eab\u9650\u308a\u306e\u8d85\u7279\u4fa1\u54c1\u3067\u3059\u3002<\/strong><\/p>\n<p>\u30d1\u30d1\u30fb\u30a4\u30ba\u30fb\u30dd\u30c3\u30d7\u304c\u5e30\u3063\u3066\u304d\u305f\uff01<\/p>\n<p>\u30de\u30eb\u30b3\u30b9\u30fb\u30d4\u30a2\u30f3\u30b8\u30a7\u30eb\u30b9\u306f\u3001\u300cDaddy is Pop 2\u300d\u3067\u3001\u5a18\u306e\u30a2\u30cb\u30bf\u3068\u30aa\u30fc\u30ed\u30e9\u3068\u4e00\u7dd2\u306b\u8eca\u306e\u5f8c\u90e8\u5ea7\u5e2d\u306b\u5ea7\u3089\u305b\u3001\u65b0\u3057\u3044\u30b9\u30c8\u30fc\u30ea\u30fc\u3092\u8a9e\u308a\u307e\u3059\u3002<\/p>","protected":false},"featured_media":1553,"template":"","meta":[],"product_cat":[20],"product_tag":[97],"yoast_head":"<!-- This site is optimized with the Yoast SEO plugin v20.11 - https:\/\/yoast.com\/wordpress\/plugins\/seo\/ -->\n<title>O Papai \u00e9 Pop 2 - Spring School - Loja Virtual<\/title>\n<meta name=\"description\" content=\"Marcos Piangers vai colocar voc\u00ea no banco de tr\u00e1s do carro, ao lado das filhas Anita e Aurora, para contar novas hist\u00f3rias em &quot;O papai \u00e9 pop 2&quot;.\" \/>\n<meta name=\"robots\" content=\"index, follow, max-snippet:-1, max-image-preview:large, max-video-preview:-1\" \/>\n<link rel=\"canonical\" href=\"https:\/\/loja.springschool.me\/ja\/product\/o-papai-e-pop-2\/\" \/>\n<meta property=\"og:locale\" content=\"ja_JP\" \/>\n<meta property=\"og:type\" content=\"article\" \/>\n<meta property=\"og:title\" content=\"O Papai \u00e9 Pop 2 - Spring School - Loja Virtual\" \/>\n<meta property=\"og:description\" content=\"Marcos Piangers vai colocar voc\u00ea no banco de tr\u00e1s do carro, ao lado das filhas Anita e Aurora, para contar novas hist\u00f3rias em &quot;O papai \u00e9 pop 2&quot;.\" \/>\n<meta property=\"og:url\" content=\"https:\/\/loja.springschool.me\/ja\/product\/o-papai-e-pop-2\/\" \/>\n<meta property=\"og:site_name\" content=\"Spring School - Loja Virtual\" \/>\n<meta property=\"article:modified_time\" content=\"2024-07-25T00:28:46+00:00\" \/>\n<meta property=\"og:image\" content=\"https:\/\/loja.springschool.me\/wp-content\/uploads\/2024\/07\/spring-school-loja-o-papai-e-pop-2-01.jpg\" \/>\n\t<meta property=\"og:image:width\" content=\"1000\" \/>\n\t<meta property=\"og:image:height\" content=\"1000\" \/>\n\t<meta property=\"og:image:type\" content=\"image\/jpeg\" \/>\n<meta name=\"twitter:card\" content=\"summary_large_image\" \/>\n<meta name=\"twitter:label1\" content=\"\u63a8\u5b9a\u8aad\u307f\u53d6\u308a\u6642\u9593\" \/>\n\t<meta name=\"twitter:data1\" content=\"1\u5206\" \/>\n<script type=\"application\/ld+json\" class=\"yoast-schema-graph\">{\"@context\":\"https:\/\/schema.org\",\"@graph\":[{\"@type\":\"WebPage\",\"@id\":\"https:\/\/loja.springschool.me\/en\/product\/o-papai-e-pop-2\/\",\"url\":\"https:\/\/loja.springschool.me\/en\/product\/o-papai-e-pop-2\/\",\"name\":\"O Papai \u00e9 Pop 2 - Spring School - Loja Virtual\",\"isPartOf\":{\"@id\":\"https:\/\/loja.springschool.me\/#website\"},\"datePublished\":\"2024-07-25T00:28:45+00:00\",\"dateModified\":\"2024-07-25T00:28:46+00:00\",\"description\":\"Marcos Piangers vai colocar voc\u00ea no banco de tr\u00e1s do carro, ao lado das filhas Anita e Aurora, para contar novas hist\u00f3rias em \\\"O papai \u00e9 pop 2\\\".\",\"breadcrumb\":{\"@id\":\"https:\/\/loja.springschool.me\/en\/product\/o-papai-e-pop-2\/#breadcrumb\"},\"inLanguage\":\"ja\",\"potentialAction\":[{\"@type\":\"ReadAction\",\"target\":[\"https:\/\/loja.springschool.me\/en\/product\/o-papai-e-pop-2\/\"]}]},{\"@type\":\"BreadcrumbList\",\"@id\":\"https:\/\/loja.springschool.me\/en\/product\/o-papai-e-pop-2\/#breadcrumb\",\"itemListElement\":[{\"@type\":\"ListItem\",\"position\":1,\"name\":\"In\u00edcio\",\"item\":\"https:\/\/loja.springschool.me\/\"},{\"@type\":\"ListItem\",\"position\":2,\"name\":\"Shop\",\"item\":\"https:\/\/loja.springschool.me\/shop\/\"},{\"@type\":\"ListItem\",\"position\":3,\"name\":\"O Papai \u00e9 Pop 2\"}]},{\"@type\":\"WebSite\",\"@id\":\"https:\/\/loja.springschool.me\/#website\",\"url\":\"https:\/\/loja.springschool.me\/\",\"name\":\"Spring School - Loja Virtual\",\"description\":\"Just another WordPress site\",\"potentialAction\":[{\"@type\":\"SearchAction\",\"target\":{\"@type\":\"EntryPoint\",\"urlTemplate\":\"https:\/\/loja.springschool.me\/?s={search_term_string}\"},\"query-input\":\"required name=search_term_string\"}],\"inLanguage\":\"ja\"}]}<\/script>\n<!-- \/ Yoast SEO plugin. -->","yoast_head_json":{"title":"O Papai \u00e9 Pop 2 - Spring School - Loja Virtual","description":"Marcos Piangers vai colocar voc\u00ea no banco de tr\u00e1s do carro, ao lado das filhas Anita e Aurora, para contar novas hist\u00f3rias em \"O papai \u00e9 pop 2\".","robots":{"index":"index","follow":"follow","max-snippet":"max-snippet:-1","max-image-preview":"max-image-preview:large","max-video-preview":"max-video-preview:-1"},"canonical":"https:\/\/loja.springschool.me\/ja\/product\/o-papai-e-pop-2\/","og_locale":"ja_JP","og_type":"article","og_title":"O Papai \u00e9 Pop 2 - Spring School - Loja Virtual","og_description":"Marcos Piangers vai colocar voc\u00ea no banco de tr\u00e1s do carro, ao lado das filhas Anita e Aurora, para contar novas hist\u00f3rias em \"O papai \u00e9 pop 2\".","og_url":"https:\/\/loja.springschool.me\/ja\/product\/o-papai-e-pop-2\/","og_site_name":"Spring School - Loja Virtual","article_modified_time":"2024-07-25T00:28:46+00:00","og_image":[{"width":1000,"height":1000,"url":"https:\/\/loja.springschool.me\/wp-content\/uploads\/2024\/07\/spring-school-loja-o-papai-e-pop-2-01.jpg","type":"image\/jpeg"}],"twitter_card":"summary_large_image","twitter_misc":{"\u63a8\u5b9a\u8aad\u307f\u53d6\u308a\u6642\u9593":"1\u5206"},"schema":{"@context":"https:\/\/schema.org","@graph":[{"@type":"WebPage","@id":"https:\/\/loja.springschool.me\/en\/product\/o-papai-e-pop-2\/","url":"https:\/\/loja.springschool.me\/en\/product\/o-papai-e-pop-2\/","name":"O Papai \u00e9 Pop 2 - Spring School - Loja Virtual","isPartOf":{"@id":"https:\/\/loja.springschool.me\/#website"},"datePublished":"2024-07-25T00:28:45+00:00","dateModified":"2024-07-25T00:28:46+00:00","description":"Marcos Piangers vai colocar voc\u00ea no banco de tr\u00e1s do carro, ao lado das filhas Anita e Aurora, para contar novas hist\u00f3rias em \"O papai \u00e9 pop 2\".","breadcrumb":{"@id":"https:\/\/loja.springschool.me\/en\/product\/o-papai-e-pop-2\/#breadcrumb"},"inLanguage":"ja","potentialAction":[{"@type":"ReadAction","target":["https:\/\/loja.springschool.me\/en\/product\/o-papai-e-pop-2\/"]}]},{"@type":"BreadcrumbList","@id":"https:\/\/loja.springschool.me\/en\/product\/o-papai-e-pop-2\/#breadcrumb","itemListElement":[{"@type":"ListItem","position":1,"name":"In\u00edcio","item":"https:\/\/loja.springschool.me\/"},{"@type":"ListItem","position":2,"name":"Shop","item":"https:\/\/loja.springschool.me\/shop\/"},{"@type":"ListItem","position":3,"name":"O Papai \u00e9 Pop 2"}]},{"@type":"WebSite","@id":"https:\/\/loja.springschool.me\/#website","url":"https:\/\/loja.springschool.me\/","name":"Spring School - Loja Virtual","description":"Just another WordPress site","potentialAction":[{"@type":"SearchAction","target":{"@type":"EntryPoint","urlTemplate":"https:\/\/loja.springschool.me\/?s={search_term_string}"},"query-input":"required name=search_term_string"}],"inLanguage":"ja"}]}},"_links":{"self":[{"href":"https:\/\/loja.springschool.me\/ja\/wp-json\/wp\/v2\/product\/1552"}],"collection":[{"href":"https:\/\/loja.springschool.me\/ja\/wp-json\/wp\/v2\/product"}],"about":[{"href":"https:\/\/loja.springschool.me\/ja\/wp-json\/wp\/v2\/types\/product"}],"version-history":[{"count":1,"href":"https:\/\/loja.springschool.me\/ja\/wp-json\/wp\/v2\/product\/1552\/revisions"}],"predecessor-version":[{"id":1554,"href":"https:\/\/loja.springschool.me\/ja\/wp-json\/wp\/v2\/product\/1552\/revisions\/1554"}],"wp:featuredmedia":[{"embeddable":true,"href":"https:\/\/loja.springschool.me\/ja\/wp-json\/wp\/v2\/media\/1553"}],"wp:attachment":[{"href":"https:\/\/loja.springschool.me\/ja\/wp-json\/wp\/v2\/media?parent=1552"}],"wp:term":[{"taxonomy":"product_cat","embeddable":true,"href":"https:\/\/loja.springschool.me\/ja\/wp-json\/wp\/v2\/product_cat?post=1552"},{"taxonomy":"product_tag","embeddable":true,"href":"https:\/\/loja.springschool.me\/ja\/wp-json\/wp\/v2\/product_tag?post=1552"}],"curies":[{"name":"wp","href":"https:\/\/api.w.org\/{rel}","templated":true}]}}