{"id":1549,"date":"2024-07-25T00:20:28","date_gmt":"2024-07-25T00:20:28","guid":{"rendered":"https:\/\/loja.springschool.me\/?post_type=product&#038;p=1549"},"modified":"2024-07-25T00:20:29","modified_gmt":"2024-07-25T00:20:29","slug":"o-papai-e-pop","status":"publish","type":"product","link":"https:\/\/loja.springschool.me\/ja\/product\/o-papai-e-pop\/","title":{"rendered":"\u30d1\u30d1\u306f\u30dd\u30c3\u30d7\u3060\u3088"},"content":{"rendered":"<p>\u305d\u308c\u3067\u3001\u3042\u306a\u305f\u306f\u7236\u89aa\u306b\u306a\u308b\u306e\u3067\u3059\u3002\u3082\u3063\u3068\u5927\u304d\u306a\u5bb6\u3092\u8cb7\u3046\u5fc5\u8981\u304c\u3042\u308b\u3053\u3068\u306f\u308f\u304b\u3063\u3066\u3044\u307e\u3059\u3002\u5b50\u3069\u3082\u305f\u3061\u306e\u305f\u3081\u306e\u30b9\u30da\u30fc\u30b9\u3092\u3082\u3063\u3068\u5897\u3084\u3059\u5fc5\u8981\u304c\u3042\u308b\u3002\u30a2\u30d1\u30fc\u30c8\u306b\u306f\u5225\u306e\u5bdd\u5ba4\u304c\u3042\u308b\u306f\u305a\u3067\u3059\u3002\u65b0\u3057\u3044\u30d9\u30d3\u30fc\u30d9\u30c3\u30c9\u304c\u306a\u3051\u308c\u3070\u306a\u308a\u307e\u305b\u3093\u3002\u96a3\u4eba\u304c\u559c\u3093\u3067\u8cb8\u3057\u3066\u304f\u308c\u305f\u3082\u306e\u3067\u3042\u3063\u3066\u306f\u306a\u308a\u307e\u305b\u3093\u3002\u3057\u305f\u304c\u3063\u3066\u3001\u5c11\u306a\u304f\u3068\u3082 6 \u3064\u306e\u30a8\u30a2\u30d0\u30c3\u30b0\u3068\u5de5\u5834\u7528\u30a8\u30a2\u30b3\u30f3\u3092\u5099\u3048\u305f\u8eca\u306b\u4e57\u308a\u63db\u3048\u308b\u5fc5\u8981\u304c\u3042\u308b\u3053\u3068\u304c\u308f\u304b\u308a\u307e\u3059\u3002<\/p>\n<p>\u30b3\u30e1\u30c7\u30a3\u30a2\u30f3\u306e\u30de\u30eb\u30b3\u30b9\u30fb\u30d4\u30a2\u30f3\u30b8\u30a7\u30eb\u30b9\u304c\u82e5\u3044\u7236\u89aa\u306b\u306a\u3063\u305f\u3068\u304d\u306b\u767a\u898b\u3057\u305f\u306e\u306f\u3001\u3053\u3046\u3057\u305f\u5fc3\u914d\u306f\u4f55\u306e\u610f\u5473\u3082\u306a\u3044\u3068\u3044\u3046\u3053\u3068\u3060\u3063\u305f\u3002\u672c\u5f53\u306b\u91cd\u8981\u306a\u3053\u3068\u306f\u3001\u3042\u306a\u305f\u304c\u6700\u5f8c\u306b\u5b50\u4f9b\u3092\u8fce\u3048\u306b\u6765\u305f\u5834\u5408\u306b\u3001\u6700\u9ad8\u306e\u4fdd\u80b2\u5712\u306b\u304a\u91d1\u3092\u6255\u308f\u306a\u3044\u3053\u3068\u3067\u3059\u3002\u5b50\u4f9b\u305f\u3061\u306f\u672c\u5f53\u306b\u304a\u91d1\u306e\u304b\u304b\u3089\u306a\u3044\u30b2\u30fc\u30e0\u304c\u597d\u304d\u306a\u306e\u3067\u3001\u6700\u9ad8\u306e\u304a\u3082\u3061\u3083\u3092\u8cb7\u3046\u5fc5\u8981\u306f\u3042\u308a\u307e\u305b\u3093\u3002<\/p>\n<p>\u5fc3\u306e\u5e95\u3067\u306f\u3001\u30d1\u30d1\u30fb\u30a4\u30ba\u30fb\u30dd\u30c3\u30d7\u30fb\u30b7\u30e7\u30fc\u306e\u697d\u3057\u304f\u3066\u30a8\u30ad\u30b5\u30a4\u30c6\u30a3\u30f3\u30b0\u306a\u30c6\u30ad\u30b9\u30c8\u306e\u3088\u3046\u306b\u3001\u672c\u5f53\u306b\u5927\u5207\u306a\u3053\u3068\u306f\u3001\u5b50\u4f9b\u305f\u3061\u3068\u4e00\u7dd2\u306b\u3044\u308b\u3053\u3068\u3001\u4ed6\u306e\u3053\u3068\u3092\u8003\u3048\u305a\u3001\u305f\u3060\u305d\u3053\u306b\u3044\u308b\u3053\u3068\u3067\u3059\u3002\u5b9f\u306f\uff01<\/p>","protected":false},"excerpt":{"rendered":"<p><strong>\u5728\u5eab\u9650\u308a\u306e\u30b9\u30fc\u30d1\u30fc\u30d7\u30ed\u30e2\u30fc\u30b7\u30e7\u30f3\u3002<\/strong><\/p>\n<p>50\u4e07\u90e8\u4ee5\u4e0a\u58f2\u308c\u305f\u300e\u30aa\u30fc\u30fb\u30d1\u30d1\u30fb\u30a8\u30fb\u30dd\u30c3\u30d7\u300f\u306e\u30b3\u30e1\u30c7\u30a3\u30a2\u30f3\u3001\u30de\u30eb\u30b3\u30b9\u30fb\u30d4\u30a2\u30f3\u30b8\u30a7\u30eb\u30b9\u306f\u3001\u82e5\u3044\u7236\u89aa\u306b\u306a\u3063\u305f\u3068\u304d\u3001\u7269\u8cea\u7684\u306a\u5fc3\u914d\u306f\u4f55\u306e\u610f\u5473\u3082\u306a\u3044\u3053\u3068\u306b\u6c17\u3065\u3044\u305f\u3002<\/p>\n<p>\u300cDaddy is Pop\u300d\u306e\u697d\u3057\u304f\u3066\u30a8\u30ad\u30b5\u30a4\u30c6\u30a3\u30f3\u30b0\u306a\u6587\u7ae0\u304c\u793a\u3059\u3088\u3046\u306b\u3001\u5fc3\u306e\u5e95\u3067\u306f\u672c\u5f53\u306b\u5927\u5207\u306a\u306e\u306f\u3001\u5b50\u4f9b\u305f\u3061\u3068\u4e00\u7dd2\u306b\u3044\u308b\u3053\u3068\u3001\u4ed6\u306e\u3053\u3068\u3092\u8003\u3048\u305a\u306b\u305d\u3053\u306b\u3044\u308b\u3053\u3068\u306a\u306e\u3067\u3059\u3002<\/p>","protected":false},"featured_media":1550,"template":"","meta":[],"product_cat":[20],"product_tag":[97],"yoast_head":"<!-- This site is optimized with the Yoast SEO plugin v20.11 - https:\/\/yoast.com\/wordpress\/plugins\/seo\/ -->\n<title>O papai \u00e9 pop - Spring School - Loja Virtual<\/title>\n<meta name=\"description\" content=\"O que o humorista Marcos Piangers em &quot;O papai \u00e9 pop&quot;, descobriu ao ser pai jovem \u00e9 que preocupa\u00e7\u00f5es materiais n\u00e3o fazem diferen\u00e7a nenhuma.\" \/>\n<meta name=\"robots\" content=\"index, follow, max-snippet:-1, max-image-preview:large, max-video-preview:-1\" \/>\n<link rel=\"canonical\" href=\"https:\/\/loja.springschool.me\/ja\/product\/o-papai-e-pop\/\" \/>\n<meta property=\"og:locale\" content=\"ja_JP\" \/>\n<meta property=\"og:type\" content=\"article\" \/>\n<meta property=\"og:title\" content=\"O papai \u00e9 pop - Spring School - Loja Virtual\" \/>\n<meta property=\"og:description\" content=\"O que o humorista Marcos Piangers em &quot;O papai \u00e9 pop&quot;, descobriu ao ser pai jovem \u00e9 que preocupa\u00e7\u00f5es materiais n\u00e3o fazem diferen\u00e7a nenhuma.\" \/>\n<meta property=\"og:url\" content=\"https:\/\/loja.springschool.me\/ja\/product\/o-papai-e-pop\/\" \/>\n<meta property=\"og:site_name\" content=\"Spring School - Loja Virtual\" \/>\n<meta property=\"article:modified_time\" content=\"2024-07-25T00:20:29+00:00\" \/>\n<meta property=\"og:image\" content=\"https:\/\/loja.springschool.me\/wp-content\/uploads\/2024\/07\/spring-school-loja-o-papai-e-pop-01.jpg\" \/>\n\t<meta property=\"og:image:width\" content=\"1000\" \/>\n\t<meta property=\"og:image:height\" content=\"1000\" \/>\n\t<meta property=\"og:image:type\" content=\"image\/jpeg\" \/>\n<meta name=\"twitter:card\" content=\"summary_large_image\" \/>\n<meta name=\"twitter:label1\" content=\"\u63a8\u5b9a\u8aad\u307f\u53d6\u308a\u6642\u9593\" \/>\n\t<meta name=\"twitter:data1\" content=\"1\u5206\" \/>\n<script type=\"application\/ld+json\" class=\"yoast-schema-graph\">{\"@context\":\"https:\/\/schema.org\",\"@graph\":[{\"@type\":\"WebPage\",\"@id\":\"https:\/\/loja.springschool.me\/produto\/o-papai-e-pop\/\",\"url\":\"https:\/\/loja.springschool.me\/produto\/o-papai-e-pop\/\",\"name\":\"O papai \u00e9 pop - Spring School - Loja Virtual\",\"isPartOf\":{\"@id\":\"https:\/\/loja.springschool.me\/#website\"},\"datePublished\":\"2024-07-25T00:20:28+00:00\",\"dateModified\":\"2024-07-25T00:20:29+00:00\",\"description\":\"O que o humorista Marcos Piangers em \\\"O papai \u00e9 pop\\\", descobriu ao ser pai jovem \u00e9 que preocupa\u00e7\u00f5es materiais n\u00e3o fazem diferen\u00e7a nenhuma.\",\"breadcrumb\":{\"@id\":\"https:\/\/loja.springschool.me\/produto\/o-papai-e-pop\/#breadcrumb\"},\"inLanguage\":\"ja\",\"potentialAction\":[{\"@type\":\"ReadAction\",\"target\":[\"https:\/\/loja.springschool.me\/produto\/o-papai-e-pop\/\"]}]},{\"@type\":\"BreadcrumbList\",\"@id\":\"https:\/\/loja.springschool.me\/produto\/o-papai-e-pop\/#breadcrumb\",\"itemListElement\":[{\"@type\":\"ListItem\",\"position\":1,\"name\":\"In\u00edcio\",\"item\":\"https:\/\/loja.springschool.me\/\"},{\"@type\":\"ListItem\",\"position\":2,\"name\":\"Shop\",\"item\":\"https:\/\/loja.springschool.me\/shop\/\"},{\"@type\":\"ListItem\",\"position\":3,\"name\":\"O papai \u00e9 pop\"}]},{\"@type\":\"WebSite\",\"@id\":\"https:\/\/loja.springschool.me\/#website\",\"url\":\"https:\/\/loja.springschool.me\/\",\"name\":\"Spring School - Loja Virtual\",\"description\":\"Just another WordPress site\",\"potentialAction\":[{\"@type\":\"SearchAction\",\"target\":{\"@type\":\"EntryPoint\",\"urlTemplate\":\"https:\/\/loja.springschool.me\/?s={search_term_string}\"},\"query-input\":\"required name=search_term_string\"}],\"inLanguage\":\"ja\"}]}<\/script>\n<!-- \/ Yoast SEO plugin. -->","yoast_head_json":{"title":"O papai \u00e9 pop - Spring School - Loja Virtual","description":"O que o humorista Marcos Piangers em \"O papai \u00e9 pop\", descobriu ao ser pai jovem \u00e9 que preocupa\u00e7\u00f5es materiais n\u00e3o fazem diferen\u00e7a nenhuma.","robots":{"index":"index","follow":"follow","max-snippet":"max-snippet:-1","max-image-preview":"max-image-preview:large","max-video-preview":"max-video-preview:-1"},"canonical":"https:\/\/loja.springschool.me\/ja\/product\/o-papai-e-pop\/","og_locale":"ja_JP","og_type":"article","og_title":"O papai \u00e9 pop - Spring School - Loja Virtual","og_description":"O que o humorista Marcos Piangers em \"O papai \u00e9 pop\", descobriu ao ser pai jovem \u00e9 que preocupa\u00e7\u00f5es materiais n\u00e3o fazem diferen\u00e7a nenhuma.","og_url":"https:\/\/loja.springschool.me\/ja\/product\/o-papai-e-pop\/","og_site_name":"Spring School - Loja Virtual","article_modified_time":"2024-07-25T00:20:29+00:00","og_image":[{"width":1000,"height":1000,"url":"https:\/\/loja.springschool.me\/wp-content\/uploads\/2024\/07\/spring-school-loja-o-papai-e-pop-01.jpg","type":"image\/jpeg"}],"twitter_card":"summary_large_image","twitter_misc":{"\u63a8\u5b9a\u8aad\u307f\u53d6\u308a\u6642\u9593":"1\u5206"},"schema":{"@context":"https:\/\/schema.org","@graph":[{"@type":"WebPage","@id":"https:\/\/loja.springschool.me\/produto\/o-papai-e-pop\/","url":"https:\/\/loja.springschool.me\/produto\/o-papai-e-pop\/","name":"O papai \u00e9 pop - Spring School - Loja Virtual","isPartOf":{"@id":"https:\/\/loja.springschool.me\/#website"},"datePublished":"2024-07-25T00:20:28+00:00","dateModified":"2024-07-25T00:20:29+00:00","description":"O que o humorista Marcos Piangers em \"O papai \u00e9 pop\", descobriu ao ser pai jovem \u00e9 que preocupa\u00e7\u00f5es materiais n\u00e3o fazem diferen\u00e7a nenhuma.","breadcrumb":{"@id":"https:\/\/loja.springschool.me\/produto\/o-papai-e-pop\/#breadcrumb"},"inLanguage":"ja","potentialAction":[{"@type":"ReadAction","target":["https:\/\/loja.springschool.me\/produto\/o-papai-e-pop\/"]}]},{"@type":"BreadcrumbList","@id":"https:\/\/loja.springschool.me\/produto\/o-papai-e-pop\/#breadcrumb","itemListElement":[{"@type":"ListItem","position":1,"name":"In\u00edcio","item":"https:\/\/loja.springschool.me\/"},{"@type":"ListItem","position":2,"name":"Shop","item":"https:\/\/loja.springschool.me\/shop\/"},{"@type":"ListItem","position":3,"name":"O papai \u00e9 pop"}]},{"@type":"WebSite","@id":"https:\/\/loja.springschool.me\/#website","url":"https:\/\/loja.springschool.me\/","name":"Spring School - Loja Virtual","description":"Just another WordPress site","potentialAction":[{"@type":"SearchAction","target":{"@type":"EntryPoint","urlTemplate":"https:\/\/loja.springschool.me\/?s={search_term_string}"},"query-input":"required name=search_term_string"}],"inLanguage":"ja"}]}},"_links":{"self":[{"href":"https:\/\/loja.springschool.me\/ja\/wp-json\/wp\/v2\/product\/1549"}],"collection":[{"href":"https:\/\/loja.springschool.me\/ja\/wp-json\/wp\/v2\/product"}],"about":[{"href":"https:\/\/loja.springschool.me\/ja\/wp-json\/wp\/v2\/types\/product"}],"version-history":[{"count":1,"href":"https:\/\/loja.springschool.me\/ja\/wp-json\/wp\/v2\/product\/1549\/revisions"}],"predecessor-version":[{"id":1551,"href":"https:\/\/loja.springschool.me\/ja\/wp-json\/wp\/v2\/product\/1549\/revisions\/1551"}],"wp:featuredmedia":[{"embeddable":true,"href":"https:\/\/loja.springschool.me\/ja\/wp-json\/wp\/v2\/media\/1550"}],"wp:attachment":[{"href":"https:\/\/loja.springschool.me\/ja\/wp-json\/wp\/v2\/media?parent=1549"}],"wp:term":[{"taxonomy":"product_cat","embeddable":true,"href":"https:\/\/loja.springschool.me\/ja\/wp-json\/wp\/v2\/product_cat?post=1549"},{"taxonomy":"product_tag","embeddable":true,"href":"https:\/\/loja.springschool.me\/ja\/wp-json\/wp\/v2\/product_tag?post=1549"}],"curies":[{"name":"wp","href":"https:\/\/api.w.org\/{rel}","templated":true}]}}