{"id":1545,"date":"2024-07-24T23:55:57","date_gmt":"2024-07-24T23:55:57","guid":{"rendered":"https:\/\/loja.springschool.me\/?post_type=product&#038;p=1545"},"modified":"2024-07-24T23:57:32","modified_gmt":"2024-07-24T23:57:32","slug":"financial-peace-revisited","status":"publish","type":"product","link":"https:\/\/loja.springschool.me\/ja\/product\/financial-peace-revisited\/","title":{"rendered":"\u91d1\u878d\u5e73\u548c\u306e\u518d\u8003"},"content":{"rendered":"<p>\u30c7\u30a4\u30d6\u30fb\u30e9\u30e0\u30b8\u30fc\u306f\u3001\u3059\u3079\u3066\u3092\u624b\u306b\u5165\u308c\u308b\u3053\u3068\u304c\u3069\u306e\u3088\u3046\u306a\u3053\u3068\u304b\u3092\u77e5\u3063\u3066\u3044\u307e\u3059\u3002\u5f7c\u306f 26 \u6b73\u307e\u3067\u306b 400 \u4e07\u30c9\u30eb\u306e\u4e0d\u52d5\u7523\u30dd\u30fc\u30c8\u30d5\u30a9\u30ea\u30aa\u3092\u78ba\u7acb\u3057\u3066\u3044\u307e\u3057\u305f\u304c\u300130 \u6b73\u307e\u3067\u306b\u305d\u308c\u3092\u5931\u3044\u307e\u3057\u305f\u3002\u305d\u308c\u4ee5\u6765\u3001\u5f7c\u306f\u7d4c\u6e08\u751f\u6d3b\u3092\u7acb\u3066\u76f4\u3057\u3001\u30ef\u30fc\u30af\u30b7\u30e7\u30c3\u30d7\u3084\u30cb\u30e5\u30fc\u30e8\u30fc\u30af \u30bf\u30a4\u30e0\u30ba\u306e\u30d9\u30b9\u30c8\u30bb\u30e9\u30fc \u30d3\u30b8\u30cd\u30b9\u66f8\u300eFinancial Peace\u300f\u3068\u300eMore than Enough\u300f\u3092\u901a\u3058\u3066\u3001\u4f55\u5341\u4e07\u4eba\u3082\u306e\u4eba\u3005\u304c\u7d4c\u6e08\u7684\u82e6\u5883\u306e\u80cc\u5f8c\u306b\u3042\u308b\u529b\u3068\u305d\u306e\u89e3\u6c7a\u65b9\u6cd5\u3092\u7406\u89e3\u3067\u304d\u308b\u3088\u3046\u652f\u63f4\u3057\u3066\u304d\u307e\u3057\u305f\u3002\u7d4c\u6e08\u7684\u3001\u611f\u60c5\u7684\u3001\u7cbe\u795e\u7684\u306a\u3082\u306e\u3002<\/p>\n<p>Financial Peace \u306e\u3053\u306e\u65b0\u7248\u3067\u306f\u3001\u30e9\u30e0\u30b8\u30fc\u306f\u8aad\u8005\u306b\u3055\u3089\u306b\u591a\u304f\u306e\u3053\u3068\u3092\u793a\u3059\u305f\u3081\u306b\u3001\u81ea\u8eab\u306e\u6226\u8853\u3068\u54f2\u5b66\u3092\u66f4\u65b0\u3057\u307e\u3057\u305f\u3002<\/p>\n<ul>\n<li>\u501f\u91d1\u304b\u3089\u629c\u3051\u51fa\u3057\u3001\u501f\u91d1\u3092\u3057\u306a\u3044\u3088\u3046\u306b\u3059\u308b\u65b9\u6cd5\u3002<\/li>\n<li>KISS \u306e\u6295\u8cc7\u30eb\u30fc\u30eb \u2013 \u300cKeep It Simple, Stupid\u300d<\/li>\n<li>\u8ca1\u52d9\u4e0a\u306e\u610f\u601d\u6c7a\u5b9a\u3092\u5c0e\u304f\u305f\u3081\u306b\u6e80\u8db3\u306e\u539f\u5247\u3092\u3069\u306e\u3088\u3046\u306b\u4f7f\u7528\u3059\u308b\u304b\u3002<\/li>\n<li>\u304a\u91d1\u306e\u6d41\u308c\u304c\u4eba\u9593\u95a2\u4fc2\u306b\u3069\u306e\u3088\u3046\u306a\u5909\u9769\u3092\u3082\u305f\u3089\u3059\u306e\u304b\u3002<\/li>\n<\/ul>\n<p>\u5b9f\u8df5\u7684\u3067\u308f\u304b\u308a\u3084\u3059\u3044\u65b9\u6cd5\u3068\u500b\u4eba\u7684\u306a\u9038\u8a71\u304c\u76db\u308a\u8fbc\u307e\u308c\u305f\u300eFinancial Peace\u300f\u306f\u3001\u500b\u4eba\u306e\u7ba1\u7406\u3001\u7d4c\u6e08\u7684\u5b89\u5168\u3001\u65b0\u3057\u304f\u91cd\u8981\u306a\u5bb6\u65cf\u306e\u95a2\u4fc2\u3001\u305d\u3057\u3066\u751f\u6daf\u306e\u5e73\u548c\u3078\u306e\u30ed\u30fc\u30c9\u30de\u30c3\u30d7\u3067\u3059\u3002<\/p>","protected":false},"excerpt":{"rendered":"<p><strong>\u4e2d\u53e4\u672c\u3002\u5728\u5eab\u9650\u308a\u306e\u30b9\u30fc\u30d1\u30fc\u30d7\u30ed\u30e2\u30fc\u30b7\u30e7\u30f3\u3002<\/strong><\/p>\n<p>\u30c7\u30a4\u30d6\u30fb\u30e9\u30e0\u30b8\u30fc\u306f\u3001\u3059\u3079\u3066\u3092\u624b\u306b\u5165\u308c\u308b\u3053\u3068\u304c\u3069\u306e\u3088\u3046\u306a\u3053\u3068\u304b\u3092\u77e5\u3063\u3066\u3044\u307e\u3059\u3002<\/p>\n<p>Financial Peace \u306e\u3053\u306e\u65b0\u7248\u3067\u306f\u3001\u30e9\u30e0\u30b8\u30fc\u306f\u8aad\u8005\u306b\u3055\u3089\u306b\u591a\u304f\u306e\u3053\u3068\u3092\u793a\u3059\u305f\u3081\u306b\u3001\u81ea\u8eab\u306e\u6226\u8853\u3068\u54f2\u5b66\u3092\u66f4\u65b0\u3057\u307e\u3057\u305f\u3002\u5b9f\u8df5\u7684\u3067\u308f\u304b\u308a\u3084\u3059\u3044\u65b9\u6cd5\u3068\u500b\u4eba\u7684\u306a\u9038\u8a71\u3092\u542b\u3080\u3001Financial Peace \u306f\u500b\u4eba\u306e\u7ba1\u7406\u3068\u7d4c\u6e08\u7684\u5b89\u5168\u3078\u306e\u30ed\u30fc\u30c9\u30de\u30c3\u30d7\u3067\u3059\u3002<\/p>","protected":false},"featured_media":1546,"template":"","meta":[],"product_cat":[20],"product_tag":[86,59],"yoast_head":"<!-- This site is optimized with the Yoast SEO plugin v20.11 - https:\/\/yoast.com\/wordpress\/plugins\/seo\/ -->\n<title>Financial Peace Revisited - Spring School - Loja Virtual<\/title>\n<meta name=\"description\" content=\"Dave Ramsey sabe o que \u00e9 ter tudo. Nesta nova edi\u00e7\u00e3o de Financial Peace, Ramsey atualizou suas t\u00e1ticas e filosofia para mostrar a ainda mais aos leitores.\" \/>\n<meta name=\"robots\" content=\"index, follow, max-snippet:-1, max-image-preview:large, max-video-preview:-1\" \/>\n<link rel=\"canonical\" href=\"https:\/\/loja.springschool.me\/ja\/product\/financial-peace-revisited\/\" \/>\n<meta property=\"og:locale\" content=\"ja_JP\" \/>\n<meta property=\"og:type\" content=\"article\" \/>\n<meta property=\"og:title\" content=\"Financial Peace Revisited - Spring School - Loja Virtual\" \/>\n<meta property=\"og:description\" content=\"Dave Ramsey sabe o que \u00e9 ter tudo. Nesta nova edi\u00e7\u00e3o de Financial Peace, Ramsey atualizou suas t\u00e1ticas e filosofia para mostrar a ainda mais aos leitores.\" \/>\n<meta property=\"og:url\" content=\"https:\/\/loja.springschool.me\/ja\/product\/financial-peace-revisited\/\" \/>\n<meta property=\"og:site_name\" content=\"Spring School - Loja Virtual\" \/>\n<meta property=\"article:modified_time\" content=\"2024-07-24T23:57:32+00:00\" \/>\n<meta property=\"og:image\" content=\"https:\/\/loja.springschool.me\/wp-content\/uploads\/2024\/07\/spring-school-loja-financial-peace-01.jpg\" \/>\n\t<meta property=\"og:image:width\" content=\"1000\" \/>\n\t<meta property=\"og:image:height\" content=\"1000\" \/>\n\t<meta property=\"og:image:type\" content=\"image\/jpeg\" \/>\n<meta name=\"twitter:card\" content=\"summary_large_image\" \/>\n<meta name=\"twitter:label1\" content=\"\u63a8\u5b9a\u8aad\u307f\u53d6\u308a\u6642\u9593\" \/>\n\t<meta name=\"twitter:data1\" content=\"1\u5206\" \/>\n<script type=\"application\/ld+json\" class=\"yoast-schema-graph\">{\"@context\":\"https:\/\/schema.org\",\"@graph\":[{\"@type\":\"WebPage\",\"@id\":\"https:\/\/loja.springschool.me\/produto\/financial-peace-revisited\/\",\"url\":\"https:\/\/loja.springschool.me\/produto\/financial-peace-revisited\/\",\"name\":\"Financial Peace Revisited - Spring School - Loja Virtual\",\"isPartOf\":{\"@id\":\"https:\/\/loja.springschool.me\/#website\"},\"datePublished\":\"2024-07-24T23:55:57+00:00\",\"dateModified\":\"2024-07-24T23:57:32+00:00\",\"description\":\"Dave Ramsey sabe o que \u00e9 ter tudo. Nesta nova edi\u00e7\u00e3o de Financial Peace, Ramsey atualizou suas t\u00e1ticas e filosofia para mostrar a ainda mais aos leitores.\",\"breadcrumb\":{\"@id\":\"https:\/\/loja.springschool.me\/produto\/financial-peace-revisited\/#breadcrumb\"},\"inLanguage\":\"ja\",\"potentialAction\":[{\"@type\":\"ReadAction\",\"target\":[\"https:\/\/loja.springschool.me\/produto\/financial-peace-revisited\/\"]}]},{\"@type\":\"BreadcrumbList\",\"@id\":\"https:\/\/loja.springschool.me\/produto\/financial-peace-revisited\/#breadcrumb\",\"itemListElement\":[{\"@type\":\"ListItem\",\"position\":1,\"name\":\"In\u00edcio\",\"item\":\"https:\/\/loja.springschool.me\/\"},{\"@type\":\"ListItem\",\"position\":2,\"name\":\"Shop\",\"item\":\"https:\/\/loja.springschool.me\/shop\/\"},{\"@type\":\"ListItem\",\"position\":3,\"name\":\"Financial Peace Revisited\"}]},{\"@type\":\"WebSite\",\"@id\":\"https:\/\/loja.springschool.me\/#website\",\"url\":\"https:\/\/loja.springschool.me\/\",\"name\":\"Spring School - Loja Virtual\",\"description\":\"Just another WordPress site\",\"potentialAction\":[{\"@type\":\"SearchAction\",\"target\":{\"@type\":\"EntryPoint\",\"urlTemplate\":\"https:\/\/loja.springschool.me\/?s={search_term_string}\"},\"query-input\":\"required name=search_term_string\"}],\"inLanguage\":\"ja\"}]}<\/script>\n<!-- \/ Yoast SEO plugin. -->","yoast_head_json":{"title":"Financial Peace Revisited - Spring School - Loja Virtual","description":"Dave Ramsey sabe o que \u00e9 ter tudo. Nesta nova edi\u00e7\u00e3o de Financial Peace, Ramsey atualizou suas t\u00e1ticas e filosofia para mostrar a ainda mais aos leitores.","robots":{"index":"index","follow":"follow","max-snippet":"max-snippet:-1","max-image-preview":"max-image-preview:large","max-video-preview":"max-video-preview:-1"},"canonical":"https:\/\/loja.springschool.me\/ja\/product\/financial-peace-revisited\/","og_locale":"ja_JP","og_type":"article","og_title":"Financial Peace Revisited - Spring School - Loja Virtual","og_description":"Dave Ramsey sabe o que \u00e9 ter tudo. Nesta nova edi\u00e7\u00e3o de Financial Peace, Ramsey atualizou suas t\u00e1ticas e filosofia para mostrar a ainda mais aos leitores.","og_url":"https:\/\/loja.springschool.me\/ja\/product\/financial-peace-revisited\/","og_site_name":"Spring School - Loja Virtual","article_modified_time":"2024-07-24T23:57:32+00:00","og_image":[{"width":1000,"height":1000,"url":"https:\/\/loja.springschool.me\/wp-content\/uploads\/2024\/07\/spring-school-loja-financial-peace-01.jpg","type":"image\/jpeg"}],"twitter_card":"summary_large_image","twitter_misc":{"\u63a8\u5b9a\u8aad\u307f\u53d6\u308a\u6642\u9593":"1\u5206"},"schema":{"@context":"https:\/\/schema.org","@graph":[{"@type":"WebPage","@id":"https:\/\/loja.springschool.me\/produto\/financial-peace-revisited\/","url":"https:\/\/loja.springschool.me\/produto\/financial-peace-revisited\/","name":"Financial Peace Revisited - Spring School - Loja Virtual","isPartOf":{"@id":"https:\/\/loja.springschool.me\/#website"},"datePublished":"2024-07-24T23:55:57+00:00","dateModified":"2024-07-24T23:57:32+00:00","description":"Dave Ramsey sabe o que \u00e9 ter tudo. Nesta nova edi\u00e7\u00e3o de Financial Peace, Ramsey atualizou suas t\u00e1ticas e filosofia para mostrar a ainda mais aos leitores.","breadcrumb":{"@id":"https:\/\/loja.springschool.me\/produto\/financial-peace-revisited\/#breadcrumb"},"inLanguage":"ja","potentialAction":[{"@type":"ReadAction","target":["https:\/\/loja.springschool.me\/produto\/financial-peace-revisited\/"]}]},{"@type":"BreadcrumbList","@id":"https:\/\/loja.springschool.me\/produto\/financial-peace-revisited\/#breadcrumb","itemListElement":[{"@type":"ListItem","position":1,"name":"In\u00edcio","item":"https:\/\/loja.springschool.me\/"},{"@type":"ListItem","position":2,"name":"Shop","item":"https:\/\/loja.springschool.me\/shop\/"},{"@type":"ListItem","position":3,"name":"Financial Peace Revisited"}]},{"@type":"WebSite","@id":"https:\/\/loja.springschool.me\/#website","url":"https:\/\/loja.springschool.me\/","name":"Spring School - Loja Virtual","description":"Just another WordPress site","potentialAction":[{"@type":"SearchAction","target":{"@type":"EntryPoint","urlTemplate":"https:\/\/loja.springschool.me\/?s={search_term_string}"},"query-input":"required name=search_term_string"}],"inLanguage":"ja"}]}},"_links":{"self":[{"href":"https:\/\/loja.springschool.me\/ja\/wp-json\/wp\/v2\/product\/1545"}],"collection":[{"href":"https:\/\/loja.springschool.me\/ja\/wp-json\/wp\/v2\/product"}],"about":[{"href":"https:\/\/loja.springschool.me\/ja\/wp-json\/wp\/v2\/types\/product"}],"version-history":[{"count":2,"href":"https:\/\/loja.springschool.me\/ja\/wp-json\/wp\/v2\/product\/1545\/revisions"}],"predecessor-version":[{"id":1548,"href":"https:\/\/loja.springschool.me\/ja\/wp-json\/wp\/v2\/product\/1545\/revisions\/1548"}],"wp:featuredmedia":[{"embeddable":true,"href":"https:\/\/loja.springschool.me\/ja\/wp-json\/wp\/v2\/media\/1546"}],"wp:attachment":[{"href":"https:\/\/loja.springschool.me\/ja\/wp-json\/wp\/v2\/media?parent=1545"}],"wp:term":[{"taxonomy":"product_cat","embeddable":true,"href":"https:\/\/loja.springschool.me\/ja\/wp-json\/wp\/v2\/product_cat?post=1545"},{"taxonomy":"product_tag","embeddable":true,"href":"https:\/\/loja.springschool.me\/ja\/wp-json\/wp\/v2\/product_tag?post=1545"}],"curies":[{"name":"wp","href":"https:\/\/api.w.org\/{rel}","templated":true}]}}