{"id":1542,"date":"2024-07-24T13:53:26","date_gmt":"2024-07-24T13:53:26","guid":{"rendered":"https:\/\/loja.springschool.me\/?post_type=product&#038;p=1542"},"modified":"2024-07-24T13:55:14","modified_gmt":"2024-07-24T13:55:14","slug":"quem-disse-que-voce-nao-pode-mudar-o-mundo","status":"publish","type":"product","link":"https:\/\/loja.springschool.me\/ja\/product\/quem-disse-que-voce-nao-pode-mudar-o-mundo\/","title":{"rendered":"\u4e16\u754c\u3092\u5909\u3048\u308b\u3053\u3068\u306f\u3067\u304d\u306a\u3044\u306a\u3093\u3066\u8ab0\u304c\u8a00\u3063\u305f\u306e?"},"content":{"rendered":"<p>\u3042\u306a\u305f\u3092\u672c\u5f53\u306b\u52d5\u304b\u3059\u3082\u306e\u3001\u3042\u306a\u305f\u306e\u30c7\u30fc\u30e2\u30f3\u306e\u58f0\u3001\u3042\u306a\u305f\u306e\u624d\u80fd\u3001\u305d\u3057\u3066\u3042\u306a\u305f\u306e\u76ee\u7684\u306f\u4f55\u3067\u3059\u304b\uff1f\u305d\u308c\u3067\u4f55\u3092\u3057\u307e\u3059\u304b\uff1f\u500b\u4eba\u7684\u304a\u3088\u3073\u8077\u696d\u4e0a\u306e\u65c5\u304c\u8a70\u307e\u3063\u305f\u3053\u306e\u523a\u6fc0\u7684\u306a\u672c\u306e\u4e2d\u3067\u3001\u30b7\u30e5\u30ca\u30a4\u30c9\u30de\u30f3\u306f\u79c1\u305f\u3061\u306b\u4e16\u754c\u306b\u304a\u3051\u308b\u79c1\u305f\u3061\u306e\u5f79\u5272\u3001\u305d\u308c\u3092\u767a\u898b\u3059\u308b\u65b9\u6cd5\u3001\u305d\u3057\u3066\u6700\u3082\u91cd\u8981\u306a\u3053\u3068\u3067\u3042\u308b\u30dd\u30b8\u30c6\u30a3\u30d6\u306a\u5f71\u97ff\u3092\u751f\u307f\u51fa\u3059\u65b9\u6cd5\u306b\u3064\u3044\u3066\u8003\u3048\u3055\u305b\u307e\u3059\u3002\u3053\u308c\u306f\u3001\u771f\u306e\u6210\u529f\u3068\u306f\u5358\u306b\u80a9\u66f8\u304d\u3084\u8077\u696d\u4e0a\u306e\u696d\u7e3e\u3067\u7740\u98fe\u3063\u3066\u3044\u308b\u306e\u3067\u306f\u306a\u304f\u3001\u5e78\u798f\u611f\u3084\u500b\u4eba\u7684\u306a\u5145\u5b9f\u611f\u3092\u3082\u305f\u3089\u3059\u3001\u3082\u3063\u3068\u5927\u304d\u306a\u3082\u306e\u3067\u3042\u308b\u3053\u3068\u3092\u307b\u306e\u3081\u304b\u3057\u3066\u3044\u307e\u3059\u3002\u5049\u5927\u306a\u601d\u60f3\u5bb6\u304c\u8a00\u3063\u305f\u3088\u3046\u306b\u3001\u79c1\u305f\u3061\u4eba\u9593\u306e\u7406\u60f3\u306f\u5e78\u798f\u3092\u7372\u5f97\u3059\u308b\u3053\u3068\u3067\u3059\u3002\u305d\u3057\u3066\u3053\u308c\u306f\u3001\u79c1\u305f\u3061\u304c\u81ea\u5206\u306e\u4fa1\u5024\u89b3\u3068\u76ee\u7684\u306b\u6cbf\u3063\u3066\u751f\u6d3b\u3057\u3001\u96c6\u56e3\u7684\u306a\u6539\u5584\u306b\u8ca2\u732e\u3059\u308b\u5834\u5408\u306b\u306e\u307f\u6301\u7d9a\u3057\u307e\u3059\u3002\u300d\u30b3\u30f3\u30bb\u30d7\u30c8\u3001\u540d\u8a00\u3001\u5c02\u9580\u7684\u306a\u696d\u7e3e\u3001\u500b\u4eba\u7684\u306a\u5b66\u7fd2\u304c\u975e\u5e38\u306b\u30d0\u30e9\u30f3\u30b9\u3088\u304f\u3001\u6709\u76ca\u306b\u7d44\u307f\u5408\u308f\u3055\u308c\u3066\u3044\u307e\u3059\u3002\u300d \u2013 \u30de\u30c3\u30af\u30b9\u30fb\u30b2\u30fc\u30ea\u30f3\u30ac\u30fc \u2013 CBN \u30e9\u30b8\u30aa\u3068 TV \u30b0\u30ed\u30fc\u30dc\u306e\u30d5\u30a1\u30f3\u30bf\u30b9\u30c6\u30a3\u30b3 \u30d7\u30ed\u30b0\u30e9\u30e0\u3067\u8b1b\u5e2b\u3001\u4f5c\u5bb6\u3001\u30b3\u30e1\u30f3\u30c6\u30fc\u30bf\u30fc\u3002\u3088\u308a\u5927\u304d\u306a\u5584 \u3002&quot; \u2013 \u30ed\u30d9\u30eb\u30c8\u30fb\u30d5\u30ca\u30ea \u2013 \u30a2\u30eb\u30d1\u30eb\u30ac\u30bf\u30b9 CEO\u3002<\/p>","protected":false},"excerpt":{"rendered":"<p><strong>\u5728\u5eab\u9650\u308a\u306e\u30b9\u30fc\u30d1\u30fc\u30d7\u30ed\u30e2\u30fc\u30b7\u30e7\u30f3\uff01<\/strong><\/p>\n<p>\u30de\u30a6\u30ed\u30fb\u30b7\u30e5\u30ca\u30a4\u30c9\u30de\u30f3\u3001\u30b0\u30ed\u30fc\u30d0\u30eb\u4f01\u696d\u306e CEO \u3067\u3042\u308a\u3001\u00a0<em>\u30b9\u30bf\u30fc\u30c8\u30a2\u30c3\u30d7\u00a0<\/em>\u3057\u3063\u304b\u308a\u3068\u3057\u305f\u3001\u305d\u3057\u3066\u6700\u3082\u91cd\u8981\u306a\u3053\u3068\u306b\u3001\u76ee\u7684\u306e\u3042\u308b\u5c02\u9580\u7684\u306a\u30ad\u30e3\u30ea\u30a2\u3092\u69cb\u7bc9\u3059\u308b\u306e\u306b\u5f79\u7acb\u3061\u307e\u3059\u3002\u3053\u306e\u898b\u9003\u305b\u306a\u3044\u672c\u3092\u4eca\u3059\u3050\u5165\u624b\u3057\u3066\u304f\u3060\u3055\u3044: \u4e16\u754c\u3092\u5909\u3048\u308b\u3053\u3068\u306f\u3067\u304d\u306a\u3044\u306a\u3093\u3066\u8ab0\u304c\u8a00\u3063\u305f\u306e\u3067\u3059\u304b?<\/p>","protected":false},"featured_media":1543,"template":"","meta":[],"product_cat":[20],"product_tag":[78],"yoast_head":"<!-- This site is optimized with the Yoast SEO plugin v20.11 - https:\/\/yoast.com\/wordpress\/plugins\/seo\/ -->\n<title>Quem disse que voc\u00ea n\u00e3o pode mudar o mundo? - Spring School - Loja Virtual<\/title>\n<meta name=\"description\" content=\"O livro &quot;Quem disse que voc\u00ea n\u00e3o pode mudar o mundo?&quot; de Mauro Schnaidman, CEO de empresas globais ajudar\u00e1 voc\u00ea a construir uma carreira com prop\u00f3sito.\" \/>\n<meta name=\"robots\" content=\"index, follow, max-snippet:-1, max-image-preview:large, max-video-preview:-1\" \/>\n<link rel=\"canonical\" href=\"https:\/\/loja.springschool.me\/ja\/product\/quem-disse-que-voce-nao-pode-mudar-o-mundo\/\" \/>\n<meta property=\"og:locale\" content=\"ja_JP\" \/>\n<meta property=\"og:type\" content=\"article\" \/>\n<meta property=\"og:title\" content=\"Quem disse que voc\u00ea n\u00e3o pode mudar o mundo? - Spring School - Loja Virtual\" \/>\n<meta property=\"og:description\" content=\"O livro &quot;Quem disse que voc\u00ea n\u00e3o pode mudar o mundo?&quot; de Mauro Schnaidman, CEO de empresas globais ajudar\u00e1 voc\u00ea a construir uma carreira com prop\u00f3sito.\" \/>\n<meta property=\"og:url\" content=\"https:\/\/loja.springschool.me\/ja\/product\/quem-disse-que-voce-nao-pode-mudar-o-mundo\/\" \/>\n<meta property=\"og:site_name\" content=\"Spring School - Loja Virtual\" \/>\n<meta property=\"article:modified_time\" content=\"2024-07-24T13:55:14+00:00\" \/>\n<meta property=\"og:image\" content=\"https:\/\/loja.springschool.me\/wp-content\/uploads\/2024\/07\/spring-school-loja-quem-disse-que-voce-nao-pode-mudar-o-mundo-01.jpg\" \/>\n\t<meta property=\"og:image:width\" content=\"1000\" \/>\n\t<meta property=\"og:image:height\" content=\"1000\" \/>\n\t<meta property=\"og:image:type\" content=\"image\/jpeg\" \/>\n<meta name=\"twitter:card\" content=\"summary_large_image\" \/>\n<meta name=\"twitter:label1\" content=\"\u63a8\u5b9a\u8aad\u307f\u53d6\u308a\u6642\u9593\" \/>\n\t<meta name=\"twitter:data1\" content=\"1\u5206\" \/>\n<script type=\"application\/ld+json\" class=\"yoast-schema-graph\">{\"@context\":\"https:\/\/schema.org\",\"@graph\":[{\"@type\":\"WebPage\",\"@id\":\"https:\/\/loja.springschool.me\/en\/product\/quem-disse-que-voce-nao-pode-mudar-o-mundo\/\",\"url\":\"https:\/\/loja.springschool.me\/en\/product\/quem-disse-que-voce-nao-pode-mudar-o-mundo\/\",\"name\":\"Quem disse que voc\u00ea n\u00e3o pode mudar o mundo? - Spring School - Loja Virtual\",\"isPartOf\":{\"@id\":\"https:\/\/loja.springschool.me\/#website\"},\"datePublished\":\"2024-07-24T13:53:26+00:00\",\"dateModified\":\"2024-07-24T13:55:14+00:00\",\"description\":\"O livro \\\"Quem disse que voc\u00ea n\u00e3o pode mudar o mundo?\\\" de Mauro Schnaidman, CEO de empresas globais ajudar\u00e1 voc\u00ea a construir uma carreira com prop\u00f3sito.\",\"breadcrumb\":{\"@id\":\"https:\/\/loja.springschool.me\/en\/product\/quem-disse-que-voce-nao-pode-mudar-o-mundo\/#breadcrumb\"},\"inLanguage\":\"ja\",\"potentialAction\":[{\"@type\":\"ReadAction\",\"target\":[\"https:\/\/loja.springschool.me\/en\/product\/quem-disse-que-voce-nao-pode-mudar-o-mundo\/\"]}]},{\"@type\":\"BreadcrumbList\",\"@id\":\"https:\/\/loja.springschool.me\/en\/product\/quem-disse-que-voce-nao-pode-mudar-o-mundo\/#breadcrumb\",\"itemListElement\":[{\"@type\":\"ListItem\",\"position\":1,\"name\":\"In\u00edcio\",\"item\":\"https:\/\/loja.springschool.me\/\"},{\"@type\":\"ListItem\",\"position\":2,\"name\":\"Shop\",\"item\":\"https:\/\/loja.springschool.me\/shop\/\"},{\"@type\":\"ListItem\",\"position\":3,\"name\":\"Quem disse que voc\u00ea n\u00e3o pode mudar o mundo?\"}]},{\"@type\":\"WebSite\",\"@id\":\"https:\/\/loja.springschool.me\/#website\",\"url\":\"https:\/\/loja.springschool.me\/\",\"name\":\"Spring School - Loja Virtual\",\"description\":\"Just another WordPress site\",\"potentialAction\":[{\"@type\":\"SearchAction\",\"target\":{\"@type\":\"EntryPoint\",\"urlTemplate\":\"https:\/\/loja.springschool.me\/?s={search_term_string}\"},\"query-input\":\"required name=search_term_string\"}],\"inLanguage\":\"ja\"}]}<\/script>\n<!-- \/ Yoast SEO plugin. -->","yoast_head_json":{"title":"Quem disse que voc\u00ea n\u00e3o pode mudar o mundo? - Spring School - Loja Virtual","description":"O livro \"Quem disse que voc\u00ea n\u00e3o pode mudar o mundo?\" de Mauro Schnaidman, CEO de empresas globais ajudar\u00e1 voc\u00ea a construir uma carreira com prop\u00f3sito.","robots":{"index":"index","follow":"follow","max-snippet":"max-snippet:-1","max-image-preview":"max-image-preview:large","max-video-preview":"max-video-preview:-1"},"canonical":"https:\/\/loja.springschool.me\/ja\/product\/quem-disse-que-voce-nao-pode-mudar-o-mundo\/","og_locale":"ja_JP","og_type":"article","og_title":"Quem disse que voc\u00ea n\u00e3o pode mudar o mundo? - Spring School - Loja Virtual","og_description":"O livro \"Quem disse que voc\u00ea n\u00e3o pode mudar o mundo?\" de Mauro Schnaidman, CEO de empresas globais ajudar\u00e1 voc\u00ea a construir uma carreira com prop\u00f3sito.","og_url":"https:\/\/loja.springschool.me\/ja\/product\/quem-disse-que-voce-nao-pode-mudar-o-mundo\/","og_site_name":"Spring School - Loja Virtual","article_modified_time":"2024-07-24T13:55:14+00:00","og_image":[{"width":1000,"height":1000,"url":"https:\/\/loja.springschool.me\/wp-content\/uploads\/2024\/07\/spring-school-loja-quem-disse-que-voce-nao-pode-mudar-o-mundo-01.jpg","type":"image\/jpeg"}],"twitter_card":"summary_large_image","twitter_misc":{"\u63a8\u5b9a\u8aad\u307f\u53d6\u308a\u6642\u9593":"1\u5206"},"schema":{"@context":"https:\/\/schema.org","@graph":[{"@type":"WebPage","@id":"https:\/\/loja.springschool.me\/en\/product\/quem-disse-que-voce-nao-pode-mudar-o-mundo\/","url":"https:\/\/loja.springschool.me\/en\/product\/quem-disse-que-voce-nao-pode-mudar-o-mundo\/","name":"Quem disse que voc\u00ea n\u00e3o pode mudar o mundo? - Spring School - Loja Virtual","isPartOf":{"@id":"https:\/\/loja.springschool.me\/#website"},"datePublished":"2024-07-24T13:53:26+00:00","dateModified":"2024-07-24T13:55:14+00:00","description":"O livro \"Quem disse que voc\u00ea n\u00e3o pode mudar o mundo?\" de Mauro Schnaidman, CEO de empresas globais ajudar\u00e1 voc\u00ea a construir uma carreira com prop\u00f3sito.","breadcrumb":{"@id":"https:\/\/loja.springschool.me\/en\/product\/quem-disse-que-voce-nao-pode-mudar-o-mundo\/#breadcrumb"},"inLanguage":"ja","potentialAction":[{"@type":"ReadAction","target":["https:\/\/loja.springschool.me\/en\/product\/quem-disse-que-voce-nao-pode-mudar-o-mundo\/"]}]},{"@type":"BreadcrumbList","@id":"https:\/\/loja.springschool.me\/en\/product\/quem-disse-que-voce-nao-pode-mudar-o-mundo\/#breadcrumb","itemListElement":[{"@type":"ListItem","position":1,"name":"In\u00edcio","item":"https:\/\/loja.springschool.me\/"},{"@type":"ListItem","position":2,"name":"Shop","item":"https:\/\/loja.springschool.me\/shop\/"},{"@type":"ListItem","position":3,"name":"Quem disse que voc\u00ea n\u00e3o pode mudar o mundo?"}]},{"@type":"WebSite","@id":"https:\/\/loja.springschool.me\/#website","url":"https:\/\/loja.springschool.me\/","name":"Spring School - Loja Virtual","description":"Just another WordPress site","potentialAction":[{"@type":"SearchAction","target":{"@type":"EntryPoint","urlTemplate":"https:\/\/loja.springschool.me\/?s={search_term_string}"},"query-input":"required name=search_term_string"}],"inLanguage":"ja"}]}},"_links":{"self":[{"href":"https:\/\/loja.springschool.me\/ja\/wp-json\/wp\/v2\/product\/1542"}],"collection":[{"href":"https:\/\/loja.springschool.me\/ja\/wp-json\/wp\/v2\/product"}],"about":[{"href":"https:\/\/loja.springschool.me\/ja\/wp-json\/wp\/v2\/types\/product"}],"version-history":[{"count":1,"href":"https:\/\/loja.springschool.me\/ja\/wp-json\/wp\/v2\/product\/1542\/revisions"}],"predecessor-version":[{"id":1544,"href":"https:\/\/loja.springschool.me\/ja\/wp-json\/wp\/v2\/product\/1542\/revisions\/1544"}],"wp:featuredmedia":[{"embeddable":true,"href":"https:\/\/loja.springschool.me\/ja\/wp-json\/wp\/v2\/media\/1543"}],"wp:attachment":[{"href":"https:\/\/loja.springschool.me\/ja\/wp-json\/wp\/v2\/media?parent=1542"}],"wp:term":[{"taxonomy":"product_cat","embeddable":true,"href":"https:\/\/loja.springschool.me\/ja\/wp-json\/wp\/v2\/product_cat?post=1542"},{"taxonomy":"product_tag","embeddable":true,"href":"https:\/\/loja.springschool.me\/ja\/wp-json\/wp\/v2\/product_tag?post=1542"}],"curies":[{"name":"wp","href":"https:\/\/api.w.org\/{rel}","templated":true}]}}