{"id":1534,"date":"2024-07-24T13:25:15","date_gmt":"2024-07-24T13:25:15","guid":{"rendered":"https:\/\/loja.springschool.me\/?post_type=product&#038;p=1534"},"modified":"2024-07-24T13:29:00","modified_gmt":"2024-07-24T13:29:00","slug":"mente-magra-corpo-magro","status":"publish","type":"product","link":"https:\/\/loja.springschool.me\/ja\/product\/mente-magra-corpo-magro\/","title":{"rendered":"\u7121\u99c4\u306e\u306a\u3044\u5fc3\u3001\u7121\u99c4\u306e\u306a\u3044\u4f53"},"content":{"rendered":"<p>\u8133\u306e\u8abf\u5b50\u3092\u6574\u3048\u308c\u3070\u3001\u4f53\u3082\u8abf\u5b50\u304c\u826f\u304f\u306a\u308a\u307e\u3059\uff01\u4f53\u91cd\u3092\u6e1b\u3089\u3059\u306b\u306f\u3001\u98df\u3079\u308b\u91cf\u3092\u6e1b\u3089\u3057\u3066\u904b\u52d5\u91cf\u3092\u5897\u3084\u3059\u3060\u3051\u3060\u3068\u8ab0\u3082\u304c\u8a00\u3044\u307e\u3059\u3002\u3057\u304b\u3057\u3001\u4e16\u754c\u4e2d\u306b\u80a5\u6e80\u8005\u304c\u591a\u6570\u3044\u308b\u3053\u3068\u306f\u3001\u72b6\u6cc1\u304c\u305d\u308c\u307b\u3069\u5358\u7d14\u3067\u306f\u306a\u3044\u3053\u3068\u3092\u793a\u3057\u3066\u3044\u307e\u3059...\u6700\u65b0\u306e\u795e\u7d4c\u79d1\u5b66\u7814\u7a76\u306f\u3001\u592a\u308a\u3059\u304e\u306e\u4eba\u306e\u8133\u304c\u7406\u60f3\u7684\u306a\u4f53\u91cd\u306e\u4eba\u306e\u8133\u3068\u306f\u7570\u306a\u308b\u3053\u3068\u3092\u8a3c\u660e\u3057\u3066\u3044\u307e\u3059\u3002\u5e78\u3044\u306a\u3053\u3068\u306b\u3001\u3088\u308a\u5065\u5eb7\u7684\u306a\u65b9\u6cd5\u3067\u8003\u3048\u308b\u3088\u3046\u306b\u8133\u3092\u8a13\u7df4\u3057\u3001\u4f59\u5206\u306a\u4f53\u91cd\u3092\u6e1b\u3089\u3059\u3053\u3068\u304c\u3067\u304d\u307e\u3059\u3002\u300c\u30ea\u30fc\u30f3\u30fb\u30de\u30a4\u30f3\u30c9\u3001\u30ea\u30fc\u30f3\u30fb\u30dc\u30c7\u30a3\u300d\u3067\u306f\u3001\u4f53\u8abf\u3092\u6574\u3048\u3001\u81ea\u5206\u306e\u4f53\u3092\u5feb\u9069\u306b\u611f\u3058\u3001\u3053\u306e\u5909\u5316\u3092\u6c38\u7d9a\u7684\u306b\u3059\u308b\u65b9\u6cd5\u3092\u5b66\u3073\u307e\u3059\u3002\u307e\u305a\u306f\u4f53\u306e\u6700\u3082\u91cd\u8981\u306a\u90e8\u5206\u3001\u3064\u307e\u308a\u5fc3\u304b\u3089\u59cb\u3081\u307e\u3059\u3002<\/p>","protected":false},"excerpt":{"rendered":"<p><strong>\u4e2d\u53e4\u672c\u3002\u5728\u5eab\u9650\u308a\u306e\u8d85\u304a\u8cb7\u3044\u5f97\uff01<\/strong><\/p>\n<p>\u8133\u306e\u8abf\u5b50\u3092\u6574\u3048\u308c\u3070\u3001\u4f53\u3082\u8abf\u5b50\u304c\u826f\u304f\u306a\u308a\u307e\u3059\uff01<\/p>\n<p>\u30e1\u30ea\u30f3\u30c0\u30fb\u30dc\u30a4\u30c9\u8457\u300e\u30ea\u30fc\u30f3\u30fb\u30de\u30a4\u30f3\u30c9\u3001\u30ea\u30fc\u30f3\u30fb\u30dc\u30c7\u30a3\u300f\u3068\u3044\u3046\u672c\u306f\u3001\u81ea\u7136\u306b\u4f53\u91cd\u3092\u6e1b\u3089\u3059\u306e\u306b\u5f79\u7acb\u3064\u9769\u65b0\u7684\u306a\u30d7\u30ed\u30b0\u30e9\u30e0\u3067\u3059\u3002<\/p>","protected":false},"featured_media":1535,"template":"","meta":[],"product_cat":[20],"product_tag":[],"yoast_head":"<!-- This site is optimized with the Yoast SEO plugin v20.11 - https:\/\/yoast.com\/wordpress\/plugins\/seo\/ -->\n<title>Mente Magra, Corpo Magro - Spring School - Loja Virtual<\/title>\n<meta name=\"description\" content=\"O livro Mente Magra, Corpo Magro \u00e9 um programa revolucion\u00e1rio para emagrecer naturalmente. Clique e compre j\u00e1 esse livro de Melinda Boyd.\" \/>\n<meta name=\"robots\" content=\"index, follow, max-snippet:-1, max-image-preview:large, max-video-preview:-1\" \/>\n<link rel=\"canonical\" href=\"https:\/\/loja.springschool.me\/ja\/product\/mente-magra-corpo-magro\/\" \/>\n<meta property=\"og:locale\" content=\"ja_JP\" \/>\n<meta property=\"og:type\" content=\"article\" \/>\n<meta property=\"og:title\" content=\"Mente Magra, Corpo Magro - Spring School - Loja Virtual\" \/>\n<meta property=\"og:description\" content=\"O livro Mente Magra, Corpo Magro \u00e9 um programa revolucion\u00e1rio para emagrecer naturalmente. Clique e compre j\u00e1 esse livro de Melinda Boyd.\" \/>\n<meta property=\"og:url\" content=\"https:\/\/loja.springschool.me\/ja\/product\/mente-magra-corpo-magro\/\" \/>\n<meta property=\"og:site_name\" content=\"Spring School - Loja Virtual\" \/>\n<meta property=\"article:modified_time\" content=\"2024-07-24T13:29:00+00:00\" \/>\n<meta property=\"og:image\" content=\"https:\/\/loja.springschool.me\/wp-content\/uploads\/2024\/07\/spring-school-loja-mente_magra_corpo_magro-01.jpg\" \/>\n\t<meta property=\"og:image:width\" content=\"1000\" \/>\n\t<meta property=\"og:image:height\" content=\"1000\" \/>\n\t<meta property=\"og:image:type\" content=\"image\/jpeg\" \/>\n<meta name=\"twitter:card\" content=\"summary_large_image\" \/>\n<meta name=\"twitter:label1\" content=\"\u63a8\u5b9a\u8aad\u307f\u53d6\u308a\u6642\u9593\" \/>\n\t<meta name=\"twitter:data1\" content=\"1\u5206\" \/>\n<script type=\"application\/ld+json\" class=\"yoast-schema-graph\">{\"@context\":\"https:\/\/schema.org\",\"@graph\":[{\"@type\":\"WebPage\",\"@id\":\"https:\/\/loja.springschool.me\/produto\/mente-magra-corpo-magro\/\",\"url\":\"https:\/\/loja.springschool.me\/produto\/mente-magra-corpo-magro\/\",\"name\":\"Mente Magra, Corpo Magro - Spring School - Loja Virtual\",\"isPartOf\":{\"@id\":\"https:\/\/loja.springschool.me\/#website\"},\"datePublished\":\"2024-07-24T13:25:15+00:00\",\"dateModified\":\"2024-07-24T13:29:00+00:00\",\"description\":\"O livro Mente Magra, Corpo Magro \u00e9 um programa revolucion\u00e1rio para emagrecer naturalmente. Clique e compre j\u00e1 esse livro de Melinda Boyd.\",\"breadcrumb\":{\"@id\":\"https:\/\/loja.springschool.me\/produto\/mente-magra-corpo-magro\/#breadcrumb\"},\"inLanguage\":\"ja\",\"potentialAction\":[{\"@type\":\"ReadAction\",\"target\":[\"https:\/\/loja.springschool.me\/produto\/mente-magra-corpo-magro\/\"]}]},{\"@type\":\"BreadcrumbList\",\"@id\":\"https:\/\/loja.springschool.me\/produto\/mente-magra-corpo-magro\/#breadcrumb\",\"itemListElement\":[{\"@type\":\"ListItem\",\"position\":1,\"name\":\"In\u00edcio\",\"item\":\"https:\/\/loja.springschool.me\/\"},{\"@type\":\"ListItem\",\"position\":2,\"name\":\"Shop\",\"item\":\"https:\/\/loja.springschool.me\/shop\/\"},{\"@type\":\"ListItem\",\"position\":3,\"name\":\"Mente Magra, Corpo Magro\"}]},{\"@type\":\"WebSite\",\"@id\":\"https:\/\/loja.springschool.me\/#website\",\"url\":\"https:\/\/loja.springschool.me\/\",\"name\":\"Spring School - Loja Virtual\",\"description\":\"Just another WordPress site\",\"potentialAction\":[{\"@type\":\"SearchAction\",\"target\":{\"@type\":\"EntryPoint\",\"urlTemplate\":\"https:\/\/loja.springschool.me\/?s={search_term_string}\"},\"query-input\":\"required name=search_term_string\"}],\"inLanguage\":\"ja\"}]}<\/script>\n<!-- \/ Yoast SEO plugin. -->","yoast_head_json":{"title":"Mente Magra, Corpo Magro - Spring School - Loja Virtual","description":"O livro Mente Magra, Corpo Magro \u00e9 um programa revolucion\u00e1rio para emagrecer naturalmente. Clique e compre j\u00e1 esse livro de Melinda Boyd.","robots":{"index":"index","follow":"follow","max-snippet":"max-snippet:-1","max-image-preview":"max-image-preview:large","max-video-preview":"max-video-preview:-1"},"canonical":"https:\/\/loja.springschool.me\/ja\/product\/mente-magra-corpo-magro\/","og_locale":"ja_JP","og_type":"article","og_title":"Mente Magra, Corpo Magro - Spring School - Loja Virtual","og_description":"O livro Mente Magra, Corpo Magro \u00e9 um programa revolucion\u00e1rio para emagrecer naturalmente. Clique e compre j\u00e1 esse livro de Melinda Boyd.","og_url":"https:\/\/loja.springschool.me\/ja\/product\/mente-magra-corpo-magro\/","og_site_name":"Spring School - Loja Virtual","article_modified_time":"2024-07-24T13:29:00+00:00","og_image":[{"width":1000,"height":1000,"url":"https:\/\/loja.springschool.me\/wp-content\/uploads\/2024\/07\/spring-school-loja-mente_magra_corpo_magro-01.jpg","type":"image\/jpeg"}],"twitter_card":"summary_large_image","twitter_misc":{"\u63a8\u5b9a\u8aad\u307f\u53d6\u308a\u6642\u9593":"1\u5206"},"schema":{"@context":"https:\/\/schema.org","@graph":[{"@type":"WebPage","@id":"https:\/\/loja.springschool.me\/produto\/mente-magra-corpo-magro\/","url":"https:\/\/loja.springschool.me\/produto\/mente-magra-corpo-magro\/","name":"Mente Magra, Corpo Magro - Spring School - Loja Virtual","isPartOf":{"@id":"https:\/\/loja.springschool.me\/#website"},"datePublished":"2024-07-24T13:25:15+00:00","dateModified":"2024-07-24T13:29:00+00:00","description":"O livro Mente Magra, Corpo Magro \u00e9 um programa revolucion\u00e1rio para emagrecer naturalmente. Clique e compre j\u00e1 esse livro de Melinda Boyd.","breadcrumb":{"@id":"https:\/\/loja.springschool.me\/produto\/mente-magra-corpo-magro\/#breadcrumb"},"inLanguage":"ja","potentialAction":[{"@type":"ReadAction","target":["https:\/\/loja.springschool.me\/produto\/mente-magra-corpo-magro\/"]}]},{"@type":"BreadcrumbList","@id":"https:\/\/loja.springschool.me\/produto\/mente-magra-corpo-magro\/#breadcrumb","itemListElement":[{"@type":"ListItem","position":1,"name":"In\u00edcio","item":"https:\/\/loja.springschool.me\/"},{"@type":"ListItem","position":2,"name":"Shop","item":"https:\/\/loja.springschool.me\/shop\/"},{"@type":"ListItem","position":3,"name":"Mente Magra, Corpo Magro"}]},{"@type":"WebSite","@id":"https:\/\/loja.springschool.me\/#website","url":"https:\/\/loja.springschool.me\/","name":"Spring School - Loja Virtual","description":"Just another WordPress site","potentialAction":[{"@type":"SearchAction","target":{"@type":"EntryPoint","urlTemplate":"https:\/\/loja.springschool.me\/?s={search_term_string}"},"query-input":"required name=search_term_string"}],"inLanguage":"ja"}]}},"_links":{"self":[{"href":"https:\/\/loja.springschool.me\/ja\/wp-json\/wp\/v2\/product\/1534"}],"collection":[{"href":"https:\/\/loja.springschool.me\/ja\/wp-json\/wp\/v2\/product"}],"about":[{"href":"https:\/\/loja.springschool.me\/ja\/wp-json\/wp\/v2\/types\/product"}],"version-history":[{"count":2,"href":"https:\/\/loja.springschool.me\/ja\/wp-json\/wp\/v2\/product\/1534\/revisions"}],"predecessor-version":[{"id":1537,"href":"https:\/\/loja.springschool.me\/ja\/wp-json\/wp\/v2\/product\/1534\/revisions\/1537"}],"wp:featuredmedia":[{"embeddable":true,"href":"https:\/\/loja.springschool.me\/ja\/wp-json\/wp\/v2\/media\/1535"}],"wp:attachment":[{"href":"https:\/\/loja.springschool.me\/ja\/wp-json\/wp\/v2\/media?parent=1534"}],"wp:term":[{"taxonomy":"product_cat","embeddable":true,"href":"https:\/\/loja.springschool.me\/ja\/wp-json\/wp\/v2\/product_cat?post=1534"},{"taxonomy":"product_tag","embeddable":true,"href":"https:\/\/loja.springschool.me\/ja\/wp-json\/wp\/v2\/product_tag?post=1534"}],"curies":[{"name":"wp","href":"https:\/\/api.w.org\/{rel}","templated":true}]}}