{"id":1527,"date":"2024-07-17T18:43:33","date_gmt":"2024-07-17T18:43:33","guid":{"rendered":"https:\/\/loja.springschool.me\/?post_type=product&#038;p=1527"},"modified":"2024-07-17T18:43:34","modified_gmt":"2024-07-17T18:43:34","slug":"campo-de-batalha-da-mente","status":"publish","type":"product","link":"https:\/\/loja.springschool.me\/ja\/product\/campo-de-batalha-da-mente\/","title":{"rendered":"\u5fc3\u306e\u6226\u5834"},"content":{"rendered":"<p>\u3053\u306e\u672c\u306b\u306f\u767d\u3044\u30da\u30fc\u30b8\u304c\u3042\u308a\u307e\u3059!!<\/p>\n<p>\u3082\u3057\u3042\u306a\u305f\u304c\u3001\u5fc3\u914d\u3001\u7591\u3044\u3001\u6182\u9b31\u3001\u6012\u308a\u3001\u7f6a\u60aa\u611f\u306b\u82e6\u3057\u3080\u4f55\u767e\u4e07\u3082\u306e\u4eba\u3005\u306e\u4e00\u4eba\u3067\u3042\u308b\u306a\u3089\u3001\u3042\u306a\u305f\u306f\u5fc3\u306e\u653b\u6483\u3092\u7d4c\u9a13\u3057\u3066\u3044\u308b\u3053\u3068\u306b\u306a\u308a\u307e\u3059\u3002\u5fc3\u306b\u53cd\u3059\u308b\u30cd\u30ac\u30c6\u30a3\u30d6\u306a\u8003\u3048\u3092\u514b\u670d\u3059\u308b\u3068\u3001\u81ea\u7531\u3068\u5e73\u5b89\u304c\u3082\u305f\u3089\u3055\u308c\u307e\u3059\u3002<\/p>\n<p>\u6709\u5bb3\u306a\u601d\u8003\u30d1\u30bf\u30fc\u30f3\u3092\u8a8d\u8b58\u3057\u3001\u4eba\u751f\u306b\u304a\u3051\u308b\u305d\u306e\u5f71\u97ff\u3092\u65ad\u3061\u5207\u308b\u65b9\u6cd5\u3092\u898b\u3064\u3051\u3066\u304f\u3060\u3055\u3044\u3002\u3053\u306e\u529b\u5f37\u3044\u672c\u3067\u306f\u3001\u4eba\u6c17\u4f5c\u5bb6\u3067\u8b1b\u6f14\u8005\u306e\u30b8\u30e7\u30a4\u30b9\u30fb\u30de\u30a4\u30e4\u30fc\u304c\u3001\u81ea\u8eab\u306e\u7d50\u5a5a\u3001\u5bb6\u65cf\u3001\u5ba3\u6559\u306b\u304a\u3051\u308b\u8a66\u7df4\u3001\u60b2\u5287\u3001\u305d\u3057\u3066\u5927\u304d\u306a\u52dd\u5229\u3092\u5171\u6709\u3059\u308b\u3053\u3068\u3067\u3001\u3042\u306a\u305f\u3092\u6b63\u76f4\u306a\u81ea\u5df1\u541f\u5473\u3078\u3068\u5c0e\u304d\u307e\u3059\u3002\u3053\u308c\u306b\u306f\u3001\u5f7c\u5973\u304c\u4f55\u3092\u8003\u3048\u3001\u4f55\u3092\u8003\u3048\u3066\u3044\u305f\u304b\u306b\u3064\u3044\u3066\u5b66\u3093\u3060\u771f\u5b9f\u3082\u542b\u307e\u308c\u3066\u3044\u307e\u3059\u3002\u3042\u3089\u3086\u308b\u6bb5\u968e\u3067\u611f\u3058\u307e\u3059\u3002<\/p>\n<p>\u30b8\u30e7\u30a4\u30b9\u304c\u5fc3\u306e\u4e2d\u3067\u3069\u306e\u3088\u3046\u306b\u3057\u3066\u6226\u3044\u306b\u52dd\u3063\u305f\u306e\u304b\u3001\u305d\u3057\u3066\u3069\u3046\u3059\u308c\u3070\u3042\u306a\u305f\u3082\u52dd\u3064\u3053\u3068\u304c\u3067\u304d\u308b\u306e\u304b\u3092\u5b66\u3073\u307e\u3059\u3002<\/p>","protected":false},"excerpt":{"rendered":"<p><strong>\u5728\u5eab\u9650\u308a\u306e\u8d85\u304a\u8cb7\u3044\u5f97\uff01<\/strong><\/p>\n<p>\u3082\u3057\u3042\u306a\u305f\u304c\u3001\u5fc3\u914d\u3001\u7591\u3044\u3001\u6182\u9b31\u3001\u6012\u308a\u3001\u7f6a\u60aa\u611f\u306b\u82e6\u3057\u3080\u4f55\u767e\u4e07\u3082\u306e\u4eba\u3005\u306e\u4e00\u4eba\u3067\u3042\u308b\u306a\u3089\u3001\u3042\u306a\u305f\u306f\u5fc3\u306e\u653b\u6483\u3092\u7d4c\u9a13\u3057\u3066\u3044\u308b\u3053\u3068\u306b\u306a\u308a\u307e\u3059\u3002 300\u4e07\u90e8\u4ee5\u4e0a\u58f2\u308c\u3066\u3044\u308b\u30b8\u30e7\u30a4\u30b9\u30fb\u30de\u30a4\u30e4\u30fc\u8457\u300e\u5fc3\u306e\u4e2d\u306e\u6226\u5834\u300f\u306f\u3001\u3053\u3046\u3057\u305f\u65e5\u3005\u306e\u6226\u3044\u306b\u52dd\u3064\u306e\u306b\u5f79\u7acb\u3061\u307e\u3059\u3002<\/p>","protected":false},"featured_media":1528,"template":"","meta":[],"product_cat":[20],"product_tag":[95,94],"yoast_head":"<!-- This site is optimized with the Yoast SEO plugin v20.11 - https:\/\/yoast.com\/wordpress\/plugins\/seo\/ -->\n<title>Campo de Batalha da Mente - Spring School - Loja Virtual<\/title>\n<meta name=\"description\" content=\"O livro &quot;Campo de Batalha da Mente&quot;, com mais de tr\u00eas milh\u00f5es de c\u00f3pias vendidas, ajudar\u00e1 voc\u00ea a vencer a batalha em sua mente.\" \/>\n<meta name=\"robots\" content=\"index, follow, max-snippet:-1, max-image-preview:large, max-video-preview:-1\" \/>\n<link rel=\"canonical\" href=\"https:\/\/loja.springschool.me\/ja\/product\/campo-de-batalha-da-mente\/\" \/>\n<meta property=\"og:locale\" content=\"ja_JP\" \/>\n<meta property=\"og:type\" content=\"article\" \/>\n<meta property=\"og:title\" content=\"Campo de Batalha da Mente - Spring School - Loja Virtual\" \/>\n<meta property=\"og:description\" content=\"O livro &quot;Campo de Batalha da Mente&quot;, com mais de tr\u00eas milh\u00f5es de c\u00f3pias vendidas, ajudar\u00e1 voc\u00ea a vencer a batalha em sua mente.\" \/>\n<meta property=\"og:url\" content=\"https:\/\/loja.springschool.me\/ja\/product\/campo-de-batalha-da-mente\/\" \/>\n<meta property=\"og:site_name\" content=\"Spring School - Loja Virtual\" \/>\n<meta property=\"article:modified_time\" content=\"2024-07-17T18:43:34+00:00\" \/>\n<meta property=\"og:image\" content=\"https:\/\/loja.springschool.me\/wp-content\/uploads\/2024\/07\/spring-school-loja-campo-de-batalha-da-mente-01.jpg\" \/>\n\t<meta property=\"og:image:width\" content=\"1000\" \/>\n\t<meta property=\"og:image:height\" content=\"1000\" \/>\n\t<meta property=\"og:image:type\" content=\"image\/jpeg\" \/>\n<meta name=\"twitter:card\" content=\"summary_large_image\" \/>\n<meta name=\"twitter:label1\" content=\"\u63a8\u5b9a\u8aad\u307f\u53d6\u308a\u6642\u9593\" \/>\n\t<meta name=\"twitter:data1\" content=\"1\u5206\" \/>\n<script type=\"application\/ld+json\" class=\"yoast-schema-graph\">{\"@context\":\"https:\/\/schema.org\",\"@graph\":[{\"@type\":\"WebPage\",\"@id\":\"https:\/\/loja.springschool.me\/en\/product\/campo-de-batalha-da-mente\/\",\"url\":\"https:\/\/loja.springschool.me\/en\/product\/campo-de-batalha-da-mente\/\",\"name\":\"Campo de Batalha da Mente - Spring School - Loja Virtual\",\"isPartOf\":{\"@id\":\"https:\/\/loja.springschool.me\/#website\"},\"datePublished\":\"2024-07-17T18:43:33+00:00\",\"dateModified\":\"2024-07-17T18:43:34+00:00\",\"description\":\"O livro \\\"Campo de Batalha da Mente\\\", com mais de tr\u00eas milh\u00f5es de c\u00f3pias vendidas, ajudar\u00e1 voc\u00ea a vencer a batalha em sua mente.\",\"breadcrumb\":{\"@id\":\"https:\/\/loja.springschool.me\/en\/product\/campo-de-batalha-da-mente\/#breadcrumb\"},\"inLanguage\":\"ja\",\"potentialAction\":[{\"@type\":\"ReadAction\",\"target\":[\"https:\/\/loja.springschool.me\/en\/product\/campo-de-batalha-da-mente\/\"]}]},{\"@type\":\"BreadcrumbList\",\"@id\":\"https:\/\/loja.springschool.me\/en\/product\/campo-de-batalha-da-mente\/#breadcrumb\",\"itemListElement\":[{\"@type\":\"ListItem\",\"position\":1,\"name\":\"In\u00edcio\",\"item\":\"https:\/\/loja.springschool.me\/\"},{\"@type\":\"ListItem\",\"position\":2,\"name\":\"Shop\",\"item\":\"https:\/\/loja.springschool.me\/shop\/\"},{\"@type\":\"ListItem\",\"position\":3,\"name\":\"Campo de Batalha da Mente\"}]},{\"@type\":\"WebSite\",\"@id\":\"https:\/\/loja.springschool.me\/#website\",\"url\":\"https:\/\/loja.springschool.me\/\",\"name\":\"Spring School - Loja Virtual\",\"description\":\"Just another WordPress site\",\"potentialAction\":[{\"@type\":\"SearchAction\",\"target\":{\"@type\":\"EntryPoint\",\"urlTemplate\":\"https:\/\/loja.springschool.me\/?s={search_term_string}\"},\"query-input\":\"required name=search_term_string\"}],\"inLanguage\":\"ja\"}]}<\/script>\n<!-- \/ Yoast SEO plugin. -->","yoast_head_json":{"title":"Campo de Batalha da Mente - Spring School - Loja Virtual","description":"O livro \"Campo de Batalha da Mente\", com mais de tr\u00eas milh\u00f5es de c\u00f3pias vendidas, ajudar\u00e1 voc\u00ea a vencer a batalha em sua mente.","robots":{"index":"index","follow":"follow","max-snippet":"max-snippet:-1","max-image-preview":"max-image-preview:large","max-video-preview":"max-video-preview:-1"},"canonical":"https:\/\/loja.springschool.me\/ja\/product\/campo-de-batalha-da-mente\/","og_locale":"ja_JP","og_type":"article","og_title":"Campo de Batalha da Mente - Spring School - Loja Virtual","og_description":"O livro \"Campo de Batalha da Mente\", com mais de tr\u00eas milh\u00f5es de c\u00f3pias vendidas, ajudar\u00e1 voc\u00ea a vencer a batalha em sua mente.","og_url":"https:\/\/loja.springschool.me\/ja\/product\/campo-de-batalha-da-mente\/","og_site_name":"Spring School - Loja Virtual","article_modified_time":"2024-07-17T18:43:34+00:00","og_image":[{"width":1000,"height":1000,"url":"https:\/\/loja.springschool.me\/wp-content\/uploads\/2024\/07\/spring-school-loja-campo-de-batalha-da-mente-01.jpg","type":"image\/jpeg"}],"twitter_card":"summary_large_image","twitter_misc":{"\u63a8\u5b9a\u8aad\u307f\u53d6\u308a\u6642\u9593":"1\u5206"},"schema":{"@context":"https:\/\/schema.org","@graph":[{"@type":"WebPage","@id":"https:\/\/loja.springschool.me\/en\/product\/campo-de-batalha-da-mente\/","url":"https:\/\/loja.springschool.me\/en\/product\/campo-de-batalha-da-mente\/","name":"Campo de Batalha da Mente - Spring School - Loja Virtual","isPartOf":{"@id":"https:\/\/loja.springschool.me\/#website"},"datePublished":"2024-07-17T18:43:33+00:00","dateModified":"2024-07-17T18:43:34+00:00","description":"O livro \"Campo de Batalha da Mente\", com mais de tr\u00eas milh\u00f5es de c\u00f3pias vendidas, ajudar\u00e1 voc\u00ea a vencer a batalha em sua mente.","breadcrumb":{"@id":"https:\/\/loja.springschool.me\/en\/product\/campo-de-batalha-da-mente\/#breadcrumb"},"inLanguage":"ja","potentialAction":[{"@type":"ReadAction","target":["https:\/\/loja.springschool.me\/en\/product\/campo-de-batalha-da-mente\/"]}]},{"@type":"BreadcrumbList","@id":"https:\/\/loja.springschool.me\/en\/product\/campo-de-batalha-da-mente\/#breadcrumb","itemListElement":[{"@type":"ListItem","position":1,"name":"In\u00edcio","item":"https:\/\/loja.springschool.me\/"},{"@type":"ListItem","position":2,"name":"Shop","item":"https:\/\/loja.springschool.me\/shop\/"},{"@type":"ListItem","position":3,"name":"Campo de Batalha da Mente"}]},{"@type":"WebSite","@id":"https:\/\/loja.springschool.me\/#website","url":"https:\/\/loja.springschool.me\/","name":"Spring School - Loja Virtual","description":"Just another WordPress site","potentialAction":[{"@type":"SearchAction","target":{"@type":"EntryPoint","urlTemplate":"https:\/\/loja.springschool.me\/?s={search_term_string}"},"query-input":"required name=search_term_string"}],"inLanguage":"ja"}]}},"_links":{"self":[{"href":"https:\/\/loja.springschool.me\/ja\/wp-json\/wp\/v2\/product\/1527"}],"collection":[{"href":"https:\/\/loja.springschool.me\/ja\/wp-json\/wp\/v2\/product"}],"about":[{"href":"https:\/\/loja.springschool.me\/ja\/wp-json\/wp\/v2\/types\/product"}],"version-history":[{"count":1,"href":"https:\/\/loja.springschool.me\/ja\/wp-json\/wp\/v2\/product\/1527\/revisions"}],"predecessor-version":[{"id":1529,"href":"https:\/\/loja.springschool.me\/ja\/wp-json\/wp\/v2\/product\/1527\/revisions\/1529"}],"wp:featuredmedia":[{"embeddable":true,"href":"https:\/\/loja.springschool.me\/ja\/wp-json\/wp\/v2\/media\/1528"}],"wp:attachment":[{"href":"https:\/\/loja.springschool.me\/ja\/wp-json\/wp\/v2\/media?parent=1527"}],"wp:term":[{"taxonomy":"product_cat","embeddable":true,"href":"https:\/\/loja.springschool.me\/ja\/wp-json\/wp\/v2\/product_cat?post=1527"},{"taxonomy":"product_tag","embeddable":true,"href":"https:\/\/loja.springschool.me\/ja\/wp-json\/wp\/v2\/product_tag?post=1527"}],"curies":[{"name":"wp","href":"https:\/\/api.w.org\/{rel}","templated":true}]}}