{"id":1523,"date":"2024-07-17T18:14:25","date_gmt":"2024-07-17T18:14:25","guid":{"rendered":"https:\/\/loja.springschool.me\/?post_type=product&#038;p=1523"},"modified":"2024-07-17T18:15:12","modified_gmt":"2024-07-17T18:15:12","slug":"10-mil-startups","status":"publish","type":"product","link":"https:\/\/loja.springschool.me\/ja\/product\/10-mil-startups\/","title":{"rendered":"1\u4e07\u793e\u306e\u30b9\u30bf\u30fc\u30c8\u30a2\u30c3\u30d7"},"content":{"rendered":"<p>\u30b9\u30bf\u30fc\u30c8\u30a2\u30c3\u30d7\u3092\u751f\u307f\u51fa\u3057\u3001\u6210\u9577\u3055\u305b\u308b\u305f\u3081\u306e\u3059\u3079\u3066\u3002\u30b9\u30bf\u30fc\u30c8\u30a2\u30c3\u30d7\u306e\u958b\u696d\u304b\u3089\u4e3b\u306a\u6210\u9577\u6bb5\u968e\u306b\u81f3\u308b\u307e\u3067\u306e\u6bb5\u968e\u7684\u306a\u30d7\u30ed\u30bb\u30b9\u306b\u95a2\u3059\u308b\u30ac\u30a4\u30c9\u3002\u8457\u8005\u306f\u3001\u6570\u5341\u306e\u30d6\u30e9\u30b8\u30eb\u306e\u30b9\u30bf\u30fc\u30c8\u30a2\u30c3\u30d7\u306e\u6b74\u53f2\u3068\u5b9f\u969b\u306e\u4e8b\u4f8b\u3092\u5171\u6709\u3057\u3001\u30c1\u30fc\u30e0\u69cb\u7bc9\u3001\u52a0\u901f\u3001\u6295\u8cc7\u8a98\u81f4\u306a\u3069\u306e\u30c8\u30d4\u30c3\u30af\u3092\u6271\u3044\u307e\u3059\u3002\u8aad\u8005\u306f\u3001\u30c9\u30ad\u30e5\u30e1\u30f3\u30c8\u3001\u30d3\u30c7\u30aa\u3001\u88dc\u8db3\u8cc7\u6599\u3092\u30c0\u30a6\u30f3\u30ed\u30fc\u30c9\u3067\u304d\u308b\u30aa\u30f3\u30e9\u30a4\u30f3 \u30dd\u30fc\u30bf\u30eb\u306b\u30a2\u30af\u30bb\u30b9\u3067\u304d\u307e\u3059\u3002<\/p>","protected":false},"excerpt":{"rendered":"<p><strong>\u4e2d\u53e4\u672c\u3002\u5728\u5eab\u9650\u308a\u306e\u8d85\u304a\u8cb7\u3044\u5f97\uff01<\/strong><\/p>\n<p>\u30b9\u30bf\u30fc\u30c8\u30a2\u30c3\u30d7\u3092\u751f\u307f\u51fa\u3057\u3001\u6210\u9577\u3055\u305b\u308b\u305f\u3081\u306e\u3059\u3079\u3066\u3002<\/p>\n<p>\u30d6\u30e9\u30b8\u30eb\u3067\u30c6\u30af\u30ce\u30ed\u30b8\u30fc\u30d9\u30fc\u30b9\u306e\u65b0\u3057\u3044\u30d3\u30b8\u30cd\u30b9\u306e\u6210\u9577\u3092\u59cb\u3081\u308b\u305f\u3081\u306e\u5b9f\u8df5\u7684\u306a\u30ac\u30a4\u30c9\u3002<\/p>","protected":false},"featured_media":1524,"template":"","meta":[],"product_cat":[20],"product_tag":[61,74],"yoast_head":"<!-- This site is optimized with the Yoast SEO plugin v20.11 - https:\/\/yoast.com\/wordpress\/plugins\/seo\/ -->\n<title>10 mil startups - Spring School - Loja Virtual<\/title>\n<meta name=\"description\" content=\"O livro &quot;10 mil&quot; startups, de Felipe Matos \u00e9 um guia pr\u00e1tico para come\u00e7ar a crescer um novo neg\u00f3cio baseado em tecnologia no Brasil.\u00a0\" \/>\n<meta name=\"robots\" content=\"index, follow, max-snippet:-1, max-image-preview:large, max-video-preview:-1\" \/>\n<link rel=\"canonical\" href=\"https:\/\/loja.springschool.me\/ja\/product\/10-mil-startups\/\" \/>\n<meta property=\"og:locale\" content=\"ja_JP\" \/>\n<meta property=\"og:type\" content=\"article\" \/>\n<meta property=\"og:title\" content=\"10 mil startups - Spring School - Loja Virtual\" \/>\n<meta property=\"og:description\" content=\"O livro &quot;10 mil&quot; startups, de Felipe Matos \u00e9 um guia pr\u00e1tico para come\u00e7ar a crescer um novo neg\u00f3cio baseado em tecnologia no Brasil.\u00a0\" \/>\n<meta property=\"og:url\" content=\"https:\/\/loja.springschool.me\/ja\/product\/10-mil-startups\/\" \/>\n<meta property=\"og:site_name\" content=\"Spring School - Loja Virtual\" \/>\n<meta property=\"article:modified_time\" content=\"2024-07-17T18:15:12+00:00\" \/>\n<meta property=\"og:image\" content=\"https:\/\/loja.springschool.me\/wp-content\/uploads\/2024\/07\/spring-school-loja-10-mil-startups-01.jpg\" \/>\n\t<meta property=\"og:image:width\" content=\"1000\" \/>\n\t<meta property=\"og:image:height\" content=\"1000\" \/>\n\t<meta property=\"og:image:type\" content=\"image\/jpeg\" \/>\n<meta name=\"twitter:card\" content=\"summary_large_image\" \/>\n<meta name=\"twitter:label1\" content=\"\u63a8\u5b9a\u8aad\u307f\u53d6\u308a\u6642\u9593\" \/>\n\t<meta name=\"twitter:data1\" content=\"1\u5206\" \/>\n<script type=\"application\/ld+json\" class=\"yoast-schema-graph\">{\"@context\":\"https:\/\/schema.org\",\"@graph\":[{\"@type\":\"WebPage\",\"@id\":\"https:\/\/loja.springschool.me\/produto\/10-mil-startups\/\",\"url\":\"https:\/\/loja.springschool.me\/produto\/10-mil-startups\/\",\"name\":\"10 mil startups - Spring School - Loja Virtual\",\"isPartOf\":{\"@id\":\"https:\/\/loja.springschool.me\/#website\"},\"datePublished\":\"2024-07-17T18:14:25+00:00\",\"dateModified\":\"2024-07-17T18:15:12+00:00\",\"description\":\"O livro \\\"10 mil\\\" startups, de Felipe Matos \u00e9 um guia pr\u00e1tico para come\u00e7ar a crescer um novo neg\u00f3cio baseado em tecnologia no Brasil.\u00a0\",\"breadcrumb\":{\"@id\":\"https:\/\/loja.springschool.me\/produto\/10-mil-startups\/#breadcrumb\"},\"inLanguage\":\"ja\",\"potentialAction\":[{\"@type\":\"ReadAction\",\"target\":[\"https:\/\/loja.springschool.me\/produto\/10-mil-startups\/\"]}]},{\"@type\":\"BreadcrumbList\",\"@id\":\"https:\/\/loja.springschool.me\/produto\/10-mil-startups\/#breadcrumb\",\"itemListElement\":[{\"@type\":\"ListItem\",\"position\":1,\"name\":\"In\u00edcio\",\"item\":\"https:\/\/loja.springschool.me\/\"},{\"@type\":\"ListItem\",\"position\":2,\"name\":\"Shop\",\"item\":\"https:\/\/loja.springschool.me\/shop\/\"},{\"@type\":\"ListItem\",\"position\":3,\"name\":\"10 mil startups\"}]},{\"@type\":\"WebSite\",\"@id\":\"https:\/\/loja.springschool.me\/#website\",\"url\":\"https:\/\/loja.springschool.me\/\",\"name\":\"Spring School - Loja Virtual\",\"description\":\"Just another WordPress site\",\"potentialAction\":[{\"@type\":\"SearchAction\",\"target\":{\"@type\":\"EntryPoint\",\"urlTemplate\":\"https:\/\/loja.springschool.me\/?s={search_term_string}\"},\"query-input\":\"required name=search_term_string\"}],\"inLanguage\":\"ja\"}]}<\/script>\n<!-- \/ Yoast SEO plugin. -->","yoast_head_json":{"title":"10 mil startups - Spring School - Loja Virtual","description":"O livro \"10 mil\" startups, de Felipe Matos \u00e9 um guia pr\u00e1tico para come\u00e7ar a crescer um novo neg\u00f3cio baseado em tecnologia no Brasil.\u00a0","robots":{"index":"index","follow":"follow","max-snippet":"max-snippet:-1","max-image-preview":"max-image-preview:large","max-video-preview":"max-video-preview:-1"},"canonical":"https:\/\/loja.springschool.me\/ja\/product\/10-mil-startups\/","og_locale":"ja_JP","og_type":"article","og_title":"10 mil startups - Spring School - Loja Virtual","og_description":"O livro \"10 mil\" startups, de Felipe Matos \u00e9 um guia pr\u00e1tico para come\u00e7ar a crescer um novo neg\u00f3cio baseado em tecnologia no Brasil.\u00a0","og_url":"https:\/\/loja.springschool.me\/ja\/product\/10-mil-startups\/","og_site_name":"Spring School - Loja Virtual","article_modified_time":"2024-07-17T18:15:12+00:00","og_image":[{"width":1000,"height":1000,"url":"https:\/\/loja.springschool.me\/wp-content\/uploads\/2024\/07\/spring-school-loja-10-mil-startups-01.jpg","type":"image\/jpeg"}],"twitter_card":"summary_large_image","twitter_misc":{"\u63a8\u5b9a\u8aad\u307f\u53d6\u308a\u6642\u9593":"1\u5206"},"schema":{"@context":"https:\/\/schema.org","@graph":[{"@type":"WebPage","@id":"https:\/\/loja.springschool.me\/produto\/10-mil-startups\/","url":"https:\/\/loja.springschool.me\/produto\/10-mil-startups\/","name":"10 mil startups - Spring School - Loja Virtual","isPartOf":{"@id":"https:\/\/loja.springschool.me\/#website"},"datePublished":"2024-07-17T18:14:25+00:00","dateModified":"2024-07-17T18:15:12+00:00","description":"O livro \"10 mil\" startups, de Felipe Matos \u00e9 um guia pr\u00e1tico para come\u00e7ar a crescer um novo neg\u00f3cio baseado em tecnologia no Brasil.\u00a0","breadcrumb":{"@id":"https:\/\/loja.springschool.me\/produto\/10-mil-startups\/#breadcrumb"},"inLanguage":"ja","potentialAction":[{"@type":"ReadAction","target":["https:\/\/loja.springschool.me\/produto\/10-mil-startups\/"]}]},{"@type":"BreadcrumbList","@id":"https:\/\/loja.springschool.me\/produto\/10-mil-startups\/#breadcrumb","itemListElement":[{"@type":"ListItem","position":1,"name":"In\u00edcio","item":"https:\/\/loja.springschool.me\/"},{"@type":"ListItem","position":2,"name":"Shop","item":"https:\/\/loja.springschool.me\/shop\/"},{"@type":"ListItem","position":3,"name":"10 mil startups"}]},{"@type":"WebSite","@id":"https:\/\/loja.springschool.me\/#website","url":"https:\/\/loja.springschool.me\/","name":"Spring School - Loja Virtual","description":"Just another WordPress site","potentialAction":[{"@type":"SearchAction","target":{"@type":"EntryPoint","urlTemplate":"https:\/\/loja.springschool.me\/?s={search_term_string}"},"query-input":"required name=search_term_string"}],"inLanguage":"ja"}]}},"_links":{"self":[{"href":"https:\/\/loja.springschool.me\/ja\/wp-json\/wp\/v2\/product\/1523"}],"collection":[{"href":"https:\/\/loja.springschool.me\/ja\/wp-json\/wp\/v2\/product"}],"about":[{"href":"https:\/\/loja.springschool.me\/ja\/wp-json\/wp\/v2\/types\/product"}],"version-history":[{"count":2,"href":"https:\/\/loja.springschool.me\/ja\/wp-json\/wp\/v2\/product\/1523\/revisions"}],"predecessor-version":[{"id":1526,"href":"https:\/\/loja.springschool.me\/ja\/wp-json\/wp\/v2\/product\/1523\/revisions\/1526"}],"wp:featuredmedia":[{"embeddable":true,"href":"https:\/\/loja.springschool.me\/ja\/wp-json\/wp\/v2\/media\/1524"}],"wp:attachment":[{"href":"https:\/\/loja.springschool.me\/ja\/wp-json\/wp\/v2\/media?parent=1523"}],"wp:term":[{"taxonomy":"product_cat","embeddable":true,"href":"https:\/\/loja.springschool.me\/ja\/wp-json\/wp\/v2\/product_cat?post=1523"},{"taxonomy":"product_tag","embeddable":true,"href":"https:\/\/loja.springschool.me\/ja\/wp-json\/wp\/v2\/product_tag?post=1523"}],"curies":[{"name":"wp","href":"https:\/\/api.w.org\/{rel}","templated":true}]}}