{"id":1519,"date":"2024-07-17T16:47:16","date_gmt":"2024-07-17T16:47:16","guid":{"rendered":"https:\/\/loja.springschool.me\/?post_type=product&#038;p=1519"},"modified":"2024-07-17T16:47:48","modified_gmt":"2024-07-17T16:47:48","slug":"como-integrar-fe-e-trabalho","status":"publish","type":"product","link":"https:\/\/loja.springschool.me\/ja\/product\/como-integrar-fe-e-trabalho\/","title":{"rendered":"\u4fe1\u4ef0\u3068\u4ed5\u4e8b\u3092\u7d71\u5408\u3059\u308b\u65b9\u6cd5"},"content":{"rendered":"<p>\u795e\u306f\u79c1\u305f\u3061\u306b\u3001\u4ed5\u4e8b\u3084\u8077\u696d\u4e0a\u306e\u30ad\u30e3\u30ea\u30a2\u3092\u901a\u3058\u3066\u610f\u5473\u3068\u76ee\u7684\u3092\u8868\u73fe\u3059\u308b\u3088\u3046\u3069\u306e\u3088\u3046\u306b\u547c\u3073\u304b\u3051\u3066\u3044\u308b\u306e\u304b\u3002<\/p>\n<p>\u30c6\u30a3\u30e0\u30fb\u30b1\u30e9\u30fc\u306f\u300120\u5e74\u4ee5\u4e0a\u306b\u308f\u305f\u308a\u3001\u5b66\u751f\u3001\u82e5\u3044\u5c02\u9580\u5bb6\u3001\u7d4c\u9a13\u8c4a\u5bcc\u306a\u6307\u5c0e\u8005\u306b\u30af\u30ea\u30b9\u30c1\u30e3\u30f3\u306e\u50cd\u304d\u3068\u53ec\u3057\u3068\u3044\u3046\u30c6\u30fc\u30de\u306b\u3064\u3044\u3066\u6559\u3048\u3001\u30ab\u30a6\u30f3\u30bb\u30ea\u30f3\u30b0\u3092\u884c\u3063\u3066\u304d\u307e\u3057\u305f\u3002\u73fe\u5728\u3001\u5f7c\u306f\u3053\u306e\u672c\u306e\u4e2d\u3067\u81ea\u8eab\u306e\u6d1e\u5bdf\u3092\u4e16\u754c\u4e2d\u306e\u8aad\u8005\u306b\u63d0\u4f9b\u3057\u3066\u304a\u308a\u3001\u6b21\u306e\u3088\u3046\u306a\u5dee\u3057\u8feb\u3063\u305f\u554f\u984c\u306b\u3064\u3044\u3066\u8056\u66f8\u306e\u8996\u70b9\u3092\u63d0\u4f9b\u3057\u3066\u3044\u307e\u3059\u3002<\/p>\n<p>\u2013\u4ed5\u4e8b\u306e\u76ee\u7684\u306f\u4f55\u3067\u3059\u304b\uff1f<br \/>\n\u2013 \u904e\u9177\u3067\u7d50\u679c\u91cd\u8996\u306e\u8077\u5834\u74b0\u5883\u3067\u3001\u3069\u3046\u3059\u308c\u3070\u610f\u5473\u3092\u898b\u3064\u3051\u3066\u4eba\u3005\u306b\u5949\u4ed5\u3067\u304d\u308b\u3067\u3057\u3087\u3046\u304b?<br \/>\n\u2013 \u610f\u5473\u3068\u76ee\u7684\u306e\u3042\u308b\u8077\u696d\u3067\u81ea\u5206\u306e\u30b9\u30ad\u30eb\u3092\u3069\u306e\u3088\u3046\u306b\u6d3b\u7528\u3067\u304d\u307e\u3059\u304b?<br \/>\n\u2013 \u81ea\u5206\u306e\u4fa1\u5024\u89b3\u306b\u5fe0\u5b9f\u3067\u3042\u308a\u306a\u304c\u3089\u3001\u5c02\u9580\u7684\u306b\u6210\u9577\u3059\u308b\u3053\u3068\u306f\u3067\u304d\u307e\u3059\u304b?<br \/>\n\u2013 \u6210\u529f\u3059\u308b\u30ad\u30e3\u30ea\u30a2\u5168\u4f53\u306b\u308f\u305f\u3063\u3066\u9078\u629e\u3057\u306a\u3051\u308c\u3070\u306a\u3089\u306a\u3044\u96e3\u3057\u3044\u9078\u629e\u3092\u3069\u306e\u3088\u3046\u306b\u884c\u3046\u304b?<\/p>","protected":false},"excerpt":{"rendered":"<p><strong>\u5728\u5eab\u9650\u308a\u306e\u8d85\u304a\u8cb7\u3044\u5f97\uff01<\/strong><\/p>\n<p>\u795e\u306e\u738b\u56fd\u306b\u5949\u4ed5\u3059\u308b\u3068\u3044\u3046\u79c1\u305f\u3061\u306e\u8077\u696d\u3002<\/p>\n<p>\u795e\u306f\u79c1\u305f\u3061\u306b\u3001\u4ed5\u4e8b\u3084\u8077\u696d\u4e0a\u306e\u30ad\u30e3\u30ea\u30a2\u3092\u901a\u3058\u3066\u610f\u5473\u3068\u76ee\u7684\u3092\u8868\u73fe\u3059\u308b\u3088\u3046\u3069\u306e\u3088\u3046\u306b\u547c\u3073\u304b\u3051\u3066\u3044\u308b\u306e\u304b\u3002<\/p>\n<p>\u30cb\u30e5\u30fc\u30e8\u30fc\u30af\u30fb\u30bf\u30a4\u30e0\u30ba\u306e\u30d9\u30b9\u30c8\u30bb\u30e9\u30fc\u4f5c\u5bb6\u30c6\u30a3\u30e2\u30b7\u30fc\u30fb\u30b1\u30e9\u30fc\u306b\u3088\u308b\u3002<\/p>","protected":false},"featured_media":1520,"template":"","meta":[],"product_cat":[20],"product_tag":[61,94],"yoast_head":"<!-- This site is optimized with the Yoast SEO plugin v20.11 - https:\/\/yoast.com\/wordpress\/plugins\/seo\/ -->\n<title>Como Integrar F\u00e9 e Trabalho - Spring School - Loja Virtual<\/title>\n<meta name=\"description\" content=\"Livro &quot;Como Integrar f\u00e9 e Trabalho, nossa profiss\u00e3o a servi\u00e7o de Deus&quot;, do autor beste-seller do The New York Times, Timothy Keller.\" \/>\n<meta name=\"robots\" content=\"index, follow, max-snippet:-1, max-image-preview:large, max-video-preview:-1\" \/>\n<link rel=\"canonical\" href=\"https:\/\/loja.springschool.me\/ja\/product\/como-integrar-fe-e-trabalho\/\" \/>\n<meta property=\"og:locale\" content=\"ja_JP\" \/>\n<meta property=\"og:type\" content=\"article\" \/>\n<meta property=\"og:title\" content=\"Como Integrar F\u00e9 e Trabalho - Spring School - Loja Virtual\" \/>\n<meta property=\"og:description\" content=\"Livro &quot;Como Integrar f\u00e9 e Trabalho, nossa profiss\u00e3o a servi\u00e7o de Deus&quot;, do autor beste-seller do The New York Times, Timothy Keller.\" \/>\n<meta property=\"og:url\" content=\"https:\/\/loja.springschool.me\/ja\/product\/como-integrar-fe-e-trabalho\/\" \/>\n<meta property=\"og:site_name\" content=\"Spring School - Loja Virtual\" \/>\n<meta property=\"article:modified_time\" content=\"2024-07-17T16:47:48+00:00\" \/>\n<meta property=\"og:image\" content=\"https:\/\/loja.springschool.me\/wp-content\/uploads\/2024\/07\/spring-school-loja-como-integrar-fe-no-trabalho-01.jpg\" \/>\n\t<meta property=\"og:image:width\" content=\"1000\" \/>\n\t<meta property=\"og:image:height\" content=\"1000\" \/>\n\t<meta property=\"og:image:type\" content=\"image\/jpeg\" \/>\n<meta name=\"twitter:card\" content=\"summary_large_image\" \/>\n<meta name=\"twitter:label1\" content=\"\u63a8\u5b9a\u8aad\u307f\u53d6\u308a\u6642\u9593\" \/>\n\t<meta name=\"twitter:data1\" content=\"1\u5206\" \/>\n<script type=\"application\/ld+json\" class=\"yoast-schema-graph\">{\"@context\":\"https:\/\/schema.org\",\"@graph\":[{\"@type\":\"WebPage\",\"@id\":\"https:\/\/loja.springschool.me\/en\/product\/como-integrar-fe-e-trabalho\/\",\"url\":\"https:\/\/loja.springschool.me\/en\/product\/como-integrar-fe-e-trabalho\/\",\"name\":\"Como Integrar F\u00e9 e Trabalho - Spring School - Loja Virtual\",\"isPartOf\":{\"@id\":\"https:\/\/loja.springschool.me\/#website\"},\"datePublished\":\"2024-07-17T16:47:16+00:00\",\"dateModified\":\"2024-07-17T16:47:48+00:00\",\"description\":\"Livro \\\"Como Integrar f\u00e9 e Trabalho, nossa profiss\u00e3o a servi\u00e7o de Deus\\\", do autor beste-seller do The New York Times, Timothy Keller.\",\"breadcrumb\":{\"@id\":\"https:\/\/loja.springschool.me\/en\/product\/como-integrar-fe-e-trabalho\/#breadcrumb\"},\"inLanguage\":\"ja\",\"potentialAction\":[{\"@type\":\"ReadAction\",\"target\":[\"https:\/\/loja.springschool.me\/en\/product\/como-integrar-fe-e-trabalho\/\"]}]},{\"@type\":\"BreadcrumbList\",\"@id\":\"https:\/\/loja.springschool.me\/en\/product\/como-integrar-fe-e-trabalho\/#breadcrumb\",\"itemListElement\":[{\"@type\":\"ListItem\",\"position\":1,\"name\":\"In\u00edcio\",\"item\":\"https:\/\/loja.springschool.me\/\"},{\"@type\":\"ListItem\",\"position\":2,\"name\":\"Shop\",\"item\":\"https:\/\/loja.springschool.me\/shop\/\"},{\"@type\":\"ListItem\",\"position\":3,\"name\":\"Como Integrar F\u00e9 e Trabalho\"}]},{\"@type\":\"WebSite\",\"@id\":\"https:\/\/loja.springschool.me\/#website\",\"url\":\"https:\/\/loja.springschool.me\/\",\"name\":\"Spring School - Loja Virtual\",\"description\":\"Just another WordPress site\",\"potentialAction\":[{\"@type\":\"SearchAction\",\"target\":{\"@type\":\"EntryPoint\",\"urlTemplate\":\"https:\/\/loja.springschool.me\/?s={search_term_string}\"},\"query-input\":\"required name=search_term_string\"}],\"inLanguage\":\"ja\"}]}<\/script>\n<!-- \/ Yoast SEO plugin. -->","yoast_head_json":{"title":"Como Integrar F\u00e9 e Trabalho - Spring School - Loja Virtual","description":"Livro \"Como Integrar f\u00e9 e Trabalho, nossa profiss\u00e3o a servi\u00e7o de Deus\", do autor beste-seller do The New York Times, Timothy Keller.","robots":{"index":"index","follow":"follow","max-snippet":"max-snippet:-1","max-image-preview":"max-image-preview:large","max-video-preview":"max-video-preview:-1"},"canonical":"https:\/\/loja.springschool.me\/ja\/product\/como-integrar-fe-e-trabalho\/","og_locale":"ja_JP","og_type":"article","og_title":"Como Integrar F\u00e9 e Trabalho - Spring School - Loja Virtual","og_description":"Livro \"Como Integrar f\u00e9 e Trabalho, nossa profiss\u00e3o a servi\u00e7o de Deus\", do autor beste-seller do The New York Times, Timothy Keller.","og_url":"https:\/\/loja.springschool.me\/ja\/product\/como-integrar-fe-e-trabalho\/","og_site_name":"Spring School - Loja Virtual","article_modified_time":"2024-07-17T16:47:48+00:00","og_image":[{"width":1000,"height":1000,"url":"https:\/\/loja.springschool.me\/wp-content\/uploads\/2024\/07\/spring-school-loja-como-integrar-fe-no-trabalho-01.jpg","type":"image\/jpeg"}],"twitter_card":"summary_large_image","twitter_misc":{"\u63a8\u5b9a\u8aad\u307f\u53d6\u308a\u6642\u9593":"1\u5206"},"schema":{"@context":"https:\/\/schema.org","@graph":[{"@type":"WebPage","@id":"https:\/\/loja.springschool.me\/en\/product\/como-integrar-fe-e-trabalho\/","url":"https:\/\/loja.springschool.me\/en\/product\/como-integrar-fe-e-trabalho\/","name":"Como Integrar F\u00e9 e Trabalho - Spring School - Loja Virtual","isPartOf":{"@id":"https:\/\/loja.springschool.me\/#website"},"datePublished":"2024-07-17T16:47:16+00:00","dateModified":"2024-07-17T16:47:48+00:00","description":"Livro \"Como Integrar f\u00e9 e Trabalho, nossa profiss\u00e3o a servi\u00e7o de Deus\", do autor beste-seller do The New York Times, Timothy Keller.","breadcrumb":{"@id":"https:\/\/loja.springschool.me\/en\/product\/como-integrar-fe-e-trabalho\/#breadcrumb"},"inLanguage":"ja","potentialAction":[{"@type":"ReadAction","target":["https:\/\/loja.springschool.me\/en\/product\/como-integrar-fe-e-trabalho\/"]}]},{"@type":"BreadcrumbList","@id":"https:\/\/loja.springschool.me\/en\/product\/como-integrar-fe-e-trabalho\/#breadcrumb","itemListElement":[{"@type":"ListItem","position":1,"name":"In\u00edcio","item":"https:\/\/loja.springschool.me\/"},{"@type":"ListItem","position":2,"name":"Shop","item":"https:\/\/loja.springschool.me\/shop\/"},{"@type":"ListItem","position":3,"name":"Como Integrar F\u00e9 e Trabalho"}]},{"@type":"WebSite","@id":"https:\/\/loja.springschool.me\/#website","url":"https:\/\/loja.springschool.me\/","name":"Spring School - Loja Virtual","description":"Just another WordPress site","potentialAction":[{"@type":"SearchAction","target":{"@type":"EntryPoint","urlTemplate":"https:\/\/loja.springschool.me\/?s={search_term_string}"},"query-input":"required name=search_term_string"}],"inLanguage":"ja"}]}},"_links":{"self":[{"href":"https:\/\/loja.springschool.me\/ja\/wp-json\/wp\/v2\/product\/1519"}],"collection":[{"href":"https:\/\/loja.springschool.me\/ja\/wp-json\/wp\/v2\/product"}],"about":[{"href":"https:\/\/loja.springschool.me\/ja\/wp-json\/wp\/v2\/types\/product"}],"version-history":[{"count":2,"href":"https:\/\/loja.springschool.me\/ja\/wp-json\/wp\/v2\/product\/1519\/revisions"}],"predecessor-version":[{"id":1522,"href":"https:\/\/loja.springschool.me\/ja\/wp-json\/wp\/v2\/product\/1519\/revisions\/1522"}],"wp:featuredmedia":[{"embeddable":true,"href":"https:\/\/loja.springschool.me\/ja\/wp-json\/wp\/v2\/media\/1520"}],"wp:attachment":[{"href":"https:\/\/loja.springschool.me\/ja\/wp-json\/wp\/v2\/media?parent=1519"}],"wp:term":[{"taxonomy":"product_cat","embeddable":true,"href":"https:\/\/loja.springschool.me\/ja\/wp-json\/wp\/v2\/product_cat?post=1519"},{"taxonomy":"product_tag","embeddable":true,"href":"https:\/\/loja.springschool.me\/ja\/wp-json\/wp\/v2\/product_tag?post=1519"}],"curies":[{"name":"wp","href":"https:\/\/api.w.org\/{rel}","templated":true}]}}