{"id":1512,"date":"2024-07-17T15:54:53","date_gmt":"2024-07-17T15:54:53","guid":{"rendered":"https:\/\/loja.springschool.me\/?post_type=product&#038;p=1512"},"modified":"2024-07-17T15:54:55","modified_gmt":"2024-07-17T15:54:55","slug":"a-familia-empresaria-organizando-as-relacoes-de-afeto-poder-e-dinheiro-por-meio-da-governanca-corporativa","status":"publish","type":"product","link":"https:\/\/loja.springschool.me\/ja\/product\/a-familia-empresaria-organizando-as-relacoes-de-afeto-poder-e-dinheiro-por-meio-da-governanca-corporativa\/","title":{"rendered":"\u30d3\u30b8\u30cd\u30b9\u30d5\u30a1\u30df\u30ea\u30fc: \u30b3\u30fc\u30dd\u30ec\u30fc\u30c8\u30ac\u30d0\u30ca\u30f3\u30b9\u3092\u901a\u3058\u3066\u611b\u60c5\u3001\u6a29\u529b\u3001\u304a\u91d1\u306e\u95a2\u4fc2\u3092\u7d44\u7e54\u3059\u308b"},"content":{"rendered":"<p>\u3059\u3079\u3066\u306e\u30d3\u30b8\u30cd\u30b9\u30d5\u30a1\u30df\u30ea\u30fc\u3092\u5bfe\u8c61\u3068\u3057\u305f\u672c\u3067\u3001\u8457\u8005\u306f\u611b\u60c5\u3084\u5bb6\u65cf\u306e\u751f\u6d3b\u3092\u640d\u306a\u3046\u3053\u3068\u306a\u304f\u30d3\u30b8\u30cd\u30b9\u306e\u30ea\u30ba\u30e0\u3092\u6574\u3048\u308b\u306e\u306b\u5f79\u7acb\u3061\u307e\u3059\u3002<\/p>\n<p>\u4e89\u3044\u306e\u306a\u3044\u5bb6\u65cf\u95a2\u4fc2\u306a\u3069\u3042\u308a\u307e\u305b\u3093\u3002\u3053\u306e\u5b64\u7acb\u3057\u305f\u767a\u8a00\u306f\u591a\u304f\u306e\u4eba\u306b\u3068\u3063\u3066\u5e73\u51e1\u3067\u3059\u3089\u3042\u308b\u304b\u3082\u3057\u308c\u307e\u305b\u3093\u304c\u3001\u63a8\u5b9a\u306b\u3088\u308b\u3068\u3001\u4e16\u754c\u306e\u4f01\u696d\u306e\u7d04 80% \u304c\u5bb6\u65cf\u7d4c\u55b6\u3067\u3042\u308b\u3053\u3068\u3092\u8003\u616e\u3059\u308b\u3068\u3001\u305d\u308c\u306f\u9a5a\u304f\u3079\u304d\u3082\u306e\u306b\u306a\u308a\u307e\u3059\u3002\u3057\u305f\u304c\u3063\u3066\u3001\u30d3\u30b8\u30cd\u30b9\u30d5\u30a1\u30df\u30ea\u30fc\u5185\u3067\u306f\u3001\u611b\u60c5\u3001\u6a29\u529b\u3001\u91d1\u92ad\u306e\u95a2\u4fc2\u304c\u6df7\u4e71\u3057\u3001\u3055\u3089\u306b\u8907\u96d1\u306b\u306a\u308a\u3001\u4e00\u822c\u306b\u5426\u5b9a\u7684\u3067\u554f\u984c\u306e\u3042\u308b\u5f62\u3067\u4f1a\u793e\u3068\u30d3\u30b8\u30cd\u30b9\u306b\u53cd\u6620\u3055\u308c\u308b\u53ef\u80fd\u6027\u304c\u3042\u308a\u307e\u3059\u3002\u3042\u308b\u3044\u306f\u305d\u306e\u9006\u3082\u540c\u69d8\u3067\u3059\u3002<\/p>\n<p>\u3057\u304b\u3057\u3001\u3053\u306e\u30bf\u30a4\u30d7\u306e\u4f1a\u793e\u3067\u306f\u3001\u6e80\u8db3\u306e\u3044\u304f\u30d3\u30b8\u30cd\u30b9\u7d50\u679c\u3092\u5f97\u308b\u3068\u540c\u6642\u306b\u3001\u611f\u60c5\u7684\u304a\u3088\u3073\u611f\u60c5\u7684\u306a\u3064\u306a\u304c\u308a\u3092\u7dad\u6301\u3059\u308b\u305f\u3081\u306b\u3001\u5bb6\u65cf\u3068\u4ed5\u4e8b\u306e\u95a2\u4fc2\u3092\u7d44\u7e54\u3059\u308b\u3053\u3068\u304c\u53ef\u80fd\u3067\u3059\u3002<\/p>\n<p>\u8457\u8005\u3089\u306b\u3088\u308b\u3068\u3001\u5065\u5168\u3067\u751f\u7523\u7684\u306a\u95a2\u4fc2\u3092\u5b9f\u73fe\u3059\u308b\u305f\u3081\u306e\u9375\u306f\u3001\u4f01\u696d\u304a\u3088\u3073\u5bb6\u65cf\u306e\u30ac\u30d0\u30ca\u30f3\u30b9\u306e\u30c4\u30fc\u30eb\u3068\u30ea\u30bd\u30fc\u30b9\u306b\u3042\u308a\u3001\u6b21\u306e\u3053\u3068\u3092\u9054\u6210\u3059\u308b\u5fc5\u8981\u304c\u3042\u308a\u307e\u3059\u3002<\/p>\n<ul>\n<li>\u793e\u5185\u3067\u660e\u78ba\u304b\u3064\u5b9a\u7fa9\u3055\u308c\u305f\u6226\u7565\u3092\u78ba\u7acb\u3057\u307e\u3059\u3002<\/li>\n<li>\u6240\u6709\u6a29\u3068\u7ba1\u7406\u306e\u6df7\u540c\u3092\u907f\u3051\u3066\u304f\u3060\u3055\u3044\u3002<\/li>\n<li>\u6a29\u529b\u95d8\u4e89\u3084\u500b\u4eba\u306e\u6c17\u307e\u3050\u308c\u306e\u512a\u4f4d\u6027\u3092\u6700\u5c0f\u9650\u306b\u6291\u3048\u307e\u3059\u3002<\/li>\n<li>\u5408\u6cd5\u7684\u304b\u3064\u52b9\u7387\u7684\u306a\u627f\u7d99\u3092\u5b9f\u884c\u3057\u307e\u3059\u3002<\/li>\n<li>\u4fdd\u5b88\u4e3b\u7fa9\u3068\u30d1\u30bf\u30fc\u30ca\u30ea\u30ba\u30e0\u3078\u306e\u50be\u5411\u3092\u6e1b\u3089\u3059\u3002<\/li>\n<li>\u5bb6\u65cf\u9593\u306e\u5229\u76ca\u76f8\u53cd\u3084\u6469\u64e6\u3092\u8efd\u6e1b\u3057\u307e\u3059\u3002<\/li>\n<li>\u89aa\u621a\u9593\u306e\u611b\u60c5\u6df1\u304f\u5065\u5168\u306a\u5171\u5b58\u3092\u7dad\u6301\u3057\u307e\u3059\u3002<\/li>\n<\/ul>\n<p>\u5bb6\u65cf\u7d4c\u55b6\u306e\u6210\u529f\u3068\u5931\u6557\u306e\u4e21\u65b9\u306e\u67f1\u3068\u306a\u308b\u306e\u306f\u3001\u611b\u60c5\u3001\u6a29\u529b\u3001\u304a\u91d1\u3067\u3059\u3002\u3053\u308c\u3089 3 \u3064\u306e\u8981\u7d20\u3092\u5e73\u548c\u3068\u7e41\u6804\u3068\u8ce2\u660e\u306b\u7d44\u307f\u5408\u308f\u305b\u308b\u65b9\u6cd5\u3092\u5b66\u3076\u3053\u3068\u3067\u3001\u5bb6\u65cf\u7d4c\u55b6\u306e\u6210\u529f\u3068\u6c38\u7d9a\u306e\u305f\u3081\u306e\u3059\u3079\u3066\u306e\u6761\u4ef6\u3092\u4fdd\u8a3c\u3059\u308b\u3053\u3068\u304c\u3067\u304d\u307e\u3059\u3002\u3053\u308c\u306f\u7d50\u5c40\u306e\u3068\u3053\u308d\u3001\u3059\u3079\u3066\u306e\u30d3\u30b8\u30cd\u30b9\u30d5\u30a1\u30df\u30ea\u30fc\u306e\u9ec4\u91d1\u306e\u5922\u3067\u3059\u3002<\/p>","protected":false},"excerpt":{"rendered":"<p><strong>\u5728\u5eab\u9650\u308a\u306e\u8d85\u304a\u8cb7\u3044\u5f97\uff01<\/strong><\/p>\n<p>\u3059\u3079\u3066\u306e\u30d3\u30b8\u30cd\u30b9\u30d5\u30a1\u30df\u30ea\u30fc\u3092\u5bfe\u8c61\u3068\u3057\u305f\u672c\u3067\u3001\u8457\u8005\u306f\u611b\u60c5\u3084\u5bb6\u65cf\u306e\u751f\u6d3b\u3092\u640d\u306a\u3046\u3053\u3068\u306a\u304f\u30d3\u30b8\u30cd\u30b9\u306e\u30ea\u30ba\u30e0\u3092\u6574\u3048\u308b\u306e\u306b\u5f79\u7acb\u3061\u307e\u3059\u3002<\/p>","protected":false},"featured_media":1513,"template":"","meta":[],"product_cat":[20],"product_tag":[93,61],"yoast_head":"<!-- This site is optimized with the Yoast SEO plugin v20.11 - https:\/\/yoast.com\/wordpress\/plugins\/seo\/ -->\n<title>A fam\u00edlia empres\u00e1ria: Organizando as rela\u00e7\u00f5es de afeto, poder e dinheiro por meio da governan\u00e7a corporativa<\/title>\n<meta name=\"description\" content=\"Livro destinado a todas as fam\u00edlias: &quot;A fam\u00edlia empres\u00e1ria: Organizando as rela\u00e7\u00f5es de afeto, poder e dinheiro por meio da governan\u00e7a corporativa&quot;.\" \/>\n<meta name=\"robots\" content=\"index, follow, max-snippet:-1, max-image-preview:large, max-video-preview:-1\" \/>\n<link rel=\"canonical\" href=\"https:\/\/loja.springschool.me\/ja\/product\/a-familia-empresaria-organizando-as-relacoes-de-afeto-poder-e-dinheiro-por-meio-da-governanca-corporativa\/\" \/>\n<meta property=\"og:locale\" content=\"ja_JP\" \/>\n<meta property=\"og:type\" content=\"article\" \/>\n<meta property=\"og:title\" content=\"A fam\u00edlia empres\u00e1ria: Organizando as rela\u00e7\u00f5es de afeto, poder e dinheiro por meio da governan\u00e7a corporativa\" \/>\n<meta property=\"og:description\" content=\"Livro destinado a todas as fam\u00edlias: &quot;A fam\u00edlia empres\u00e1ria: Organizando as rela\u00e7\u00f5es de afeto, poder e dinheiro por meio da governan\u00e7a corporativa&quot;.\" \/>\n<meta property=\"og:url\" content=\"https:\/\/loja.springschool.me\/ja\/product\/a-familia-empresaria-organizando-as-relacoes-de-afeto-poder-e-dinheiro-por-meio-da-governanca-corporativa\/\" \/>\n<meta property=\"og:site_name\" content=\"Spring School - Loja Virtual\" \/>\n<meta property=\"article:modified_time\" content=\"2024-07-17T15:54:55+00:00\" \/>\n<meta property=\"og:image\" content=\"https:\/\/loja.springschool.me\/wp-content\/uploads\/2024\/07\/spring-school-loja-a-familia-empresaria-01.jpg\" \/>\n\t<meta property=\"og:image:width\" content=\"1000\" \/>\n\t<meta property=\"og:image:height\" content=\"1000\" \/>\n\t<meta property=\"og:image:type\" content=\"image\/jpeg\" \/>\n<meta name=\"twitter:card\" content=\"summary_large_image\" \/>\n<meta name=\"twitter:label1\" content=\"\u63a8\u5b9a\u8aad\u307f\u53d6\u308a\u6642\u9593\" \/>\n\t<meta name=\"twitter:data1\" content=\"2\u5206\" \/>\n<script type=\"application\/ld+json\" class=\"yoast-schema-graph\">{\"@context\":\"https:\/\/schema.org\",\"@graph\":[{\"@type\":\"WebPage\",\"@id\":\"https:\/\/loja.springschool.me\/en\/product\/a-familia-empresaria-organizando-as-relacoes-de-afeto-poder-e-dinheiro-por-meio-da-governanca-corporativa\/\",\"url\":\"https:\/\/loja.springschool.me\/en\/product\/a-familia-empresaria-organizando-as-relacoes-de-afeto-poder-e-dinheiro-por-meio-da-governanca-corporativa\/\",\"name\":\"A fam\u00edlia empres\u00e1ria: Organizando as rela\u00e7\u00f5es de afeto, poder e dinheiro por meio da governan\u00e7a corporativa\",\"isPartOf\":{\"@id\":\"https:\/\/loja.springschool.me\/#website\"},\"datePublished\":\"2024-07-17T15:54:53+00:00\",\"dateModified\":\"2024-07-17T15:54:55+00:00\",\"description\":\"Livro destinado a todas as fam\u00edlias: \\\"A fam\u00edlia empres\u00e1ria: Organizando as rela\u00e7\u00f5es de afeto, poder e dinheiro por meio da governan\u00e7a corporativa\\\".\",\"breadcrumb\":{\"@id\":\"https:\/\/loja.springschool.me\/en\/product\/a-familia-empresaria-organizando-as-relacoes-de-afeto-poder-e-dinheiro-por-meio-da-governanca-corporativa\/#breadcrumb\"},\"inLanguage\":\"ja\",\"potentialAction\":[{\"@type\":\"ReadAction\",\"target\":[\"https:\/\/loja.springschool.me\/en\/product\/a-familia-empresaria-organizando-as-relacoes-de-afeto-poder-e-dinheiro-por-meio-da-governanca-corporativa\/\"]}]},{\"@type\":\"BreadcrumbList\",\"@id\":\"https:\/\/loja.springschool.me\/en\/product\/a-familia-empresaria-organizando-as-relacoes-de-afeto-poder-e-dinheiro-por-meio-da-governanca-corporativa\/#breadcrumb\",\"itemListElement\":[{\"@type\":\"ListItem\",\"position\":1,\"name\":\"In\u00edcio\",\"item\":\"https:\/\/loja.springschool.me\/\"},{\"@type\":\"ListItem\",\"position\":2,\"name\":\"Shop\",\"item\":\"https:\/\/loja.springschool.me\/shop\/\"},{\"@type\":\"ListItem\",\"position\":3,\"name\":\"A fam\u00edlia empres\u00e1ria: Organizando as rela\u00e7\u00f5es de afeto, poder e dinheiro por meio da governan\u00e7a corporativa\"}]},{\"@type\":\"WebSite\",\"@id\":\"https:\/\/loja.springschool.me\/#website\",\"url\":\"https:\/\/loja.springschool.me\/\",\"name\":\"Spring School - Loja Virtual\",\"description\":\"Just another WordPress site\",\"potentialAction\":[{\"@type\":\"SearchAction\",\"target\":{\"@type\":\"EntryPoint\",\"urlTemplate\":\"https:\/\/loja.springschool.me\/?s={search_term_string}\"},\"query-input\":\"required name=search_term_string\"}],\"inLanguage\":\"ja\"}]}<\/script>\n<!-- \/ Yoast SEO plugin. -->","yoast_head_json":{"title":"A fam\u00edlia empres\u00e1ria: Organizando as rela\u00e7\u00f5es de afeto, poder e dinheiro por meio da governan\u00e7a corporativa","description":"Livro destinado a todas as fam\u00edlias: \"A fam\u00edlia empres\u00e1ria: Organizando as rela\u00e7\u00f5es de afeto, poder e dinheiro por meio da governan\u00e7a corporativa\".","robots":{"index":"index","follow":"follow","max-snippet":"max-snippet:-1","max-image-preview":"max-image-preview:large","max-video-preview":"max-video-preview:-1"},"canonical":"https:\/\/loja.springschool.me\/ja\/product\/a-familia-empresaria-organizando-as-relacoes-de-afeto-poder-e-dinheiro-por-meio-da-governanca-corporativa\/","og_locale":"ja_JP","og_type":"article","og_title":"A fam\u00edlia empres\u00e1ria: Organizando as rela\u00e7\u00f5es de afeto, poder e dinheiro por meio da governan\u00e7a corporativa","og_description":"Livro destinado a todas as fam\u00edlias: \"A fam\u00edlia empres\u00e1ria: Organizando as rela\u00e7\u00f5es de afeto, poder e dinheiro por meio da governan\u00e7a corporativa\".","og_url":"https:\/\/loja.springschool.me\/ja\/product\/a-familia-empresaria-organizando-as-relacoes-de-afeto-poder-e-dinheiro-por-meio-da-governanca-corporativa\/","og_site_name":"Spring School - Loja Virtual","article_modified_time":"2024-07-17T15:54:55+00:00","og_image":[{"width":1000,"height":1000,"url":"https:\/\/loja.springschool.me\/wp-content\/uploads\/2024\/07\/spring-school-loja-a-familia-empresaria-01.jpg","type":"image\/jpeg"}],"twitter_card":"summary_large_image","twitter_misc":{"\u63a8\u5b9a\u8aad\u307f\u53d6\u308a\u6642\u9593":"2\u5206"},"schema":{"@context":"https:\/\/schema.org","@graph":[{"@type":"WebPage","@id":"https:\/\/loja.springschool.me\/en\/product\/a-familia-empresaria-organizando-as-relacoes-de-afeto-poder-e-dinheiro-por-meio-da-governanca-corporativa\/","url":"https:\/\/loja.springschool.me\/en\/product\/a-familia-empresaria-organizando-as-relacoes-de-afeto-poder-e-dinheiro-por-meio-da-governanca-corporativa\/","name":"A fam\u00edlia empres\u00e1ria: Organizando as rela\u00e7\u00f5es de afeto, poder e dinheiro por meio da governan\u00e7a corporativa","isPartOf":{"@id":"https:\/\/loja.springschool.me\/#website"},"datePublished":"2024-07-17T15:54:53+00:00","dateModified":"2024-07-17T15:54:55+00:00","description":"Livro destinado a todas as fam\u00edlias: \"A fam\u00edlia empres\u00e1ria: Organizando as rela\u00e7\u00f5es de afeto, poder e dinheiro por meio da governan\u00e7a corporativa\".","breadcrumb":{"@id":"https:\/\/loja.springschool.me\/en\/product\/a-familia-empresaria-organizando-as-relacoes-de-afeto-poder-e-dinheiro-por-meio-da-governanca-corporativa\/#breadcrumb"},"inLanguage":"ja","potentialAction":[{"@type":"ReadAction","target":["https:\/\/loja.springschool.me\/en\/product\/a-familia-empresaria-organizando-as-relacoes-de-afeto-poder-e-dinheiro-por-meio-da-governanca-corporativa\/"]}]},{"@type":"BreadcrumbList","@id":"https:\/\/loja.springschool.me\/en\/product\/a-familia-empresaria-organizando-as-relacoes-de-afeto-poder-e-dinheiro-por-meio-da-governanca-corporativa\/#breadcrumb","itemListElement":[{"@type":"ListItem","position":1,"name":"In\u00edcio","item":"https:\/\/loja.springschool.me\/"},{"@type":"ListItem","position":2,"name":"Shop","item":"https:\/\/loja.springschool.me\/shop\/"},{"@type":"ListItem","position":3,"name":"A fam\u00edlia empres\u00e1ria: Organizando as rela\u00e7\u00f5es de afeto, poder e dinheiro por meio da governan\u00e7a corporativa"}]},{"@type":"WebSite","@id":"https:\/\/loja.springschool.me\/#website","url":"https:\/\/loja.springschool.me\/","name":"Spring School - Loja Virtual","description":"Just another WordPress site","potentialAction":[{"@type":"SearchAction","target":{"@type":"EntryPoint","urlTemplate":"https:\/\/loja.springschool.me\/?s={search_term_string}"},"query-input":"required name=search_term_string"}],"inLanguage":"ja"}]}},"_links":{"self":[{"href":"https:\/\/loja.springschool.me\/ja\/wp-json\/wp\/v2\/product\/1512"}],"collection":[{"href":"https:\/\/loja.springschool.me\/ja\/wp-json\/wp\/v2\/product"}],"about":[{"href":"https:\/\/loja.springschool.me\/ja\/wp-json\/wp\/v2\/types\/product"}],"version-history":[{"count":1,"href":"https:\/\/loja.springschool.me\/ja\/wp-json\/wp\/v2\/product\/1512\/revisions"}],"predecessor-version":[{"id":1514,"href":"https:\/\/loja.springschool.me\/ja\/wp-json\/wp\/v2\/product\/1512\/revisions\/1514"}],"wp:featuredmedia":[{"embeddable":true,"href":"https:\/\/loja.springschool.me\/ja\/wp-json\/wp\/v2\/media\/1513"}],"wp:attachment":[{"href":"https:\/\/loja.springschool.me\/ja\/wp-json\/wp\/v2\/media?parent=1512"}],"wp:term":[{"taxonomy":"product_cat","embeddable":true,"href":"https:\/\/loja.springschool.me\/ja\/wp-json\/wp\/v2\/product_cat?post=1512"},{"taxonomy":"product_tag","embeddable":true,"href":"https:\/\/loja.springschool.me\/ja\/wp-json\/wp\/v2\/product_tag?post=1512"}],"curies":[{"name":"wp","href":"https:\/\/api.w.org\/{rel}","templated":true}]}}