{"id":1461,"date":"2024-05-22T11:51:14","date_gmt":"2024-05-22T11:51:14","guid":{"rendered":"https:\/\/loja.springschool.me\/?post_type=product&#038;p=1461"},"modified":"2024-05-22T11:52:10","modified_gmt":"2024-05-22T11:52:10","slug":"86-receitas-low-carb-saude-e-emagrecimento","status":"publish","type":"product","link":"https:\/\/loja.springschool.me\/ja\/product\/86-receitas-low-carb-saude-e-emagrecimento\/","title":{"rendered":"86 \u306e\u4f4e\u70ad\u6c34\u5316\u7269\u30ec\u30b7\u30d4 \u2013 \u5065\u5eb7\u3068\u6e1b\u91cf"},"content":{"rendered":"<p>\u98df\u4e8b\u306f\u4f53\u306e\u30d0\u30e9\u30f3\u30b9\u3092\u6574\u3048\u3001\u611f\u67d3\u75c7\u3084\u708e\u75c7\u306e\u30ea\u30b9\u30af\u3092\u8efd\u6e1b\u3057\u3001\u4f53\u306e\u514d\u75ab\u529b\u3068\u9632\u5fa1\u529b\u3092\u9ad8\u3081\u308b\u305f\u3081\u306e\u57fa\u672c\u7684\u306a\u90e8\u5206\u3067\u3059\u3002<\/p>\n<p>\u8eab\u4f53\u7684\u306a\u904b\u52d5\u3001\u8cea\u306e\u9ad8\u3044\u7761\u7720\u3001\u9069\u5207\u306a\u6c34\u5206\u88dc\u7d66\u3068\u95a2\u9023\u3057\u3066\u3001\u4f55\u3092\u98df\u3079\u308b\u304b\u3092\u610f\u8b58\u3059\u308b\u3053\u3068\u306f\u3001\u5065\u5eb7\u3092\u3082\u305f\u3089\u3057\u3001\u8089\u4f53\u7684\u3001\u7cbe\u795e\u7684\u3001\u611f\u60c5\u7684\u306b\u5b8c\u5168\u306a\u5e78\u798f\u3092\u3082\u305f\u3089\u3057\u307e\u3059\u3002<\/p>\n<p>\u30d0\u30e9\u30f3\u30b9\u306e\u53d6\u308c\u305f\u30e1\u30cb\u30e5\u30fc\u306f\u3001\u8eab\u4f53\u7684\u306b\u3082\u7cbe\u795e\u7684\u306b\u3082\u3055\u307e\u3056\u307e\u306a\u30e1\u30ea\u30c3\u30c8\u3092\u3082\u305f\u3089\u3057\u307e\u3059\u3002\u3088\u308a\u591a\u304f\u306e\u30a8\u30cd\u30eb\u30ae\u30fc\u3068\u30a8\u30cd\u30eb\u30ae\u30fc\u3092\u6301\u3063\u3066\u3044\u308b\u3053\u3068\u306b\u52a0\u3048\u3066\u3001\u5065\u5eb7\u7684\u306a\u98df\u4e8b\u306e\u91cd\u8981\u6027\u3092\u7406\u89e3\u3057\u3001\u65e5\u5e38\u751f\u6d3b\u3067\u3053\u308c\u3089\u306e\u30ac\u30a4\u30c9\u30e9\u30a4\u30f3\u306b\u5f93\u3063\u3066\u3044\u308b\u4eba\u306f\u3001\u80a5\u6e80\u3001\u304c\u3093\u3001\u95a2\u7bc0\u708e\u3001\u8ca7\u8840\u3001\u7cd6\u5c3f\u75c5\u3001\u9ad8\u8840\u5727\u306a\u3069\u306e\u3044\u304f\u3064\u304b\u306e\u75c5\u6c17\u306b\u304b\u304b\u308a\u306b\u304f\u304f\u306a\u308a\u307e\u3059\u3002\u7d50\u5c40\u306e\u3068\u3053\u308d\u3001\u3053\u308c\u3089\u306e\u72b6\u614b\u306f\u6804\u990a\u4e0d\u8db3\u306e\u7d50\u679c\u3068\u3057\u3066\u767a\u751f\u3059\u308b\u3053\u3068\u304c\u3088\u304f\u3042\u308a\u307e\u3059\u3002<\/p>\n<p>\u5065\u5eb7\u7684\u306a\u98df\u4e8b\u306f\u5236\u9650\u7684\u306a\u3082\u306e\u3060\u3068\u8003\u3048\u308b\u4eba\u306f\u9593\u9055\u3044\u3067\u3059\u3002\u305d\u308c\u306f\u3001\u826f\u3044\u30e1\u30cb\u30e5\u30fc\u306e\u672c\u5f53\u306e\u9375\u306f\u3001\u98df\u6750\u3084\u6599\u7406\u306e\u591a\u69d8\u6027\u3060\u304b\u3089\u3067\u3059\u3002<\/p>\n<p>\u98df\u4e8b\u306e\u518d\u6559\u80b2\u306e\u30d7\u30ed\u30bb\u30b9\u3092\u59cb\u3081\u308b\u306e\u306f\u7c21\u5358\u3067\u306f\u3042\u308a\u307e\u305b\u3093\u304c\u3001\u66f8\u7c4d\u300e86 \u4f4e\u70ad\u6c34\u5316\u7269\u30ec\u30b7\u30d4 \u2013 \u5065\u5eb7\u3068\u6e1b\u91cf\u300f\u306e\u52a9\u3051\u3092\u501f\u308a\u3066\u3001\u30d0\u30e9\u30f3\u30b9\u3092\u898b\u3064\u3051\u3001\u5065\u5eb7\u3068\u751f\u6d3b\u306e\u8cea\u3092\u307e\u3059\u307e\u3059\u5411\u4e0a\u3055\u305b\u308b\u3053\u3068\u304c\u53ef\u80fd\u3067\u3059\u3002\u30c0\u30a4\u30a8\u30c3\u30c8\u3092\u3084\u3081\u305a\u306b\u5b9f\u8df5\u7684\u306a\u30ec\u30b7\u30d4\u4ed8\u304d\u3002<\/p>","protected":false},"excerpt":{"rendered":"<p>\u30cd\u30d9\u30ea\u30f3\u30fb\u30b5\u30a4\u30c8\u30fc\u8457\u300e86 Low Carb Recipes \u2013 Health and Weight Loss\u300f\u306f\u3001\u6e96\u5099\u304c\u7c21\u5358\u3067\u975e\u5e38\u306b\u5065\u5eb7\u7684\u306a\u304a\u3044\u3057\u3044\u6599\u7406\u304c\u6e80\u8f09\u306e\u96fb\u5b50\u66f8\u7c4d\u3067\u3059\u3002<\/p>\n<p>\u5065\u5eb7\u7684\u306a\u98df\u4e8b\u306f\u5236\u9650\u7684\u306a\u3082\u306e\u3060\u3068\u8003\u3048\u308b\u4eba\u306f\u9593\u9055\u3044\u3067\u3059\u3002<\/p>\n<p>\u98df\u4e8b\u306e\u518d\u6559\u80b2\u306e\u30d7\u30ed\u30bb\u30b9\u3092\u59cb\u3081\u308b\u306e\u306f\u7c21\u5358\u3067\u306f\u3042\u308a\u307e\u305b\u3093\u304c\u3001\u66f8\u7c4d\u300c86 \u4f4e\u70ad\u6c34\u5316\u7269\u30ec\u30b7\u30d4 \u2013 \u5065\u5eb7\u3068\u6e1b\u91cf\u300d\u306e\u52a9\u3051\u3092\u501f\u308a\u3066\u3001\u30d0\u30e9\u30f3\u30b9\u3092\u898b\u3064\u3051\u3001\u5065\u5eb7\u3068\u751f\u6d3b\u306e\u8cea\u3092\u307e\u3059\u307e\u3059\u5411\u4e0a\u3055\u305b\u308b\u3053\u3068\u304c\u53ef\u80fd\u3067\u3059\u3002<\/p>\n<p><em><strong>\u98df\u4e8b\u3092\u3084\u3081\u305a\u306b\u5b9f\u8df5\u3067\u304d\u308b\u30ec\u30b7\u30d4\u3002<\/strong><\/em><\/p>","protected":false},"featured_media":1463,"template":"","meta":[],"product_cat":[88],"product_tag":[89,90],"yoast_head":"<!-- This site is optimized with the Yoast SEO plugin v20.11 - https:\/\/yoast.com\/wordpress\/plugins\/seo\/ -->\n<title>86 Receitas Low Carb - Sa\u00fade e Emagrecimento - Spring School - Loja Virtual<\/title>\n<meta name=\"description\" content=\"86 Receitas Low Carb - Sa\u00fade e Emagrecimento da Nevelyn Saito \u00e9 um ebook recheado de pratos saborosos de f\u00e1cil preparo e extremamente saud\u00e1veis.\" \/>\n<meta name=\"robots\" content=\"index, follow, max-snippet:-1, max-image-preview:large, max-video-preview:-1\" \/>\n<link rel=\"canonical\" href=\"https:\/\/loja.springschool.me\/ja\/product\/86-receitas-low-carb-saude-e-emagrecimento\/\" \/>\n<meta property=\"og:locale\" content=\"ja_JP\" \/>\n<meta property=\"og:type\" content=\"article\" \/>\n<meta property=\"og:title\" content=\"86 Receitas Low Carb - Sa\u00fade e Emagrecimento - Spring School - Loja Virtual\" \/>\n<meta property=\"og:description\" content=\"86 Receitas Low Carb - Sa\u00fade e Emagrecimento da Nevelyn Saito \u00e9 um ebook recheado de pratos saborosos de f\u00e1cil preparo e extremamente saud\u00e1veis.\" \/>\n<meta property=\"og:url\" content=\"https:\/\/loja.springschool.me\/ja\/product\/86-receitas-low-carb-saude-e-emagrecimento\/\" \/>\n<meta property=\"og:site_name\" content=\"Spring School - Loja Virtual\" \/>\n<meta property=\"article:modified_time\" content=\"2024-05-22T11:52:10+00:00\" \/>\n<meta property=\"og:image\" content=\"https:\/\/loja.springschool.me\/wp-content\/uploads\/2024\/05\/spring-school-loja-ebook-dieta-low-carb-86-receitas-01.jpg\" \/>\n\t<meta property=\"og:image:width\" content=\"1000\" \/>\n\t<meta property=\"og:image:height\" content=\"1000\" \/>\n\t<meta property=\"og:image:type\" content=\"image\/jpeg\" \/>\n<meta name=\"twitter:card\" content=\"summary_large_image\" \/>\n<meta name=\"twitter:label1\" content=\"\u63a8\u5b9a\u8aad\u307f\u53d6\u308a\u6642\u9593\" \/>\n\t<meta name=\"twitter:data1\" content=\"2\u5206\" \/>\n<script type=\"application\/ld+json\" class=\"yoast-schema-graph\">{\"@context\":\"https:\/\/schema.org\",\"@graph\":[{\"@type\":\"WebPage\",\"@id\":\"https:\/\/loja.springschool.me\/produto\/86-receitas-low-carb-saude-e-emagrecimento\/\",\"url\":\"https:\/\/loja.springschool.me\/produto\/86-receitas-low-carb-saude-e-emagrecimento\/\",\"name\":\"86 Receitas Low Carb - Sa\u00fade e Emagrecimento - Spring School - Loja Virtual\",\"isPartOf\":{\"@id\":\"https:\/\/loja.springschool.me\/#website\"},\"datePublished\":\"2024-05-22T11:51:14+00:00\",\"dateModified\":\"2024-05-22T11:52:10+00:00\",\"description\":\"86 Receitas Low Carb - Sa\u00fade e Emagrecimento da Nevelyn Saito \u00e9 um ebook recheado de pratos saborosos de f\u00e1cil preparo e extremamente saud\u00e1veis.\",\"breadcrumb\":{\"@id\":\"https:\/\/loja.springschool.me\/produto\/86-receitas-low-carb-saude-e-emagrecimento\/#breadcrumb\"},\"inLanguage\":\"ja\",\"potentialAction\":[{\"@type\":\"ReadAction\",\"target\":[\"https:\/\/loja.springschool.me\/produto\/86-receitas-low-carb-saude-e-emagrecimento\/\"]}]},{\"@type\":\"BreadcrumbList\",\"@id\":\"https:\/\/loja.springschool.me\/produto\/86-receitas-low-carb-saude-e-emagrecimento\/#breadcrumb\",\"itemListElement\":[{\"@type\":\"ListItem\",\"position\":1,\"name\":\"In\u00edcio\",\"item\":\"https:\/\/loja.springschool.me\/\"},{\"@type\":\"ListItem\",\"position\":2,\"name\":\"Shop\",\"item\":\"https:\/\/loja.springschool.me\/shop\/\"},{\"@type\":\"ListItem\",\"position\":3,\"name\":\"86 Receitas Low Carb &#8211; Sa\u00fade e Emagrecimento\"}]},{\"@type\":\"WebSite\",\"@id\":\"https:\/\/loja.springschool.me\/#website\",\"url\":\"https:\/\/loja.springschool.me\/\",\"name\":\"Spring School - Loja Virtual\",\"description\":\"Just another WordPress site\",\"potentialAction\":[{\"@type\":\"SearchAction\",\"target\":{\"@type\":\"EntryPoint\",\"urlTemplate\":\"https:\/\/loja.springschool.me\/?s={search_term_string}\"},\"query-input\":\"required name=search_term_string\"}],\"inLanguage\":\"ja\"}]}<\/script>\n<!-- \/ Yoast SEO plugin. -->","yoast_head_json":{"title":"86 Receitas Low Carb - Sa\u00fade e Emagrecimento - Spring School - Loja Virtual","description":"86 Receitas Low Carb - Sa\u00fade e Emagrecimento da Nevelyn Saito \u00e9 um ebook recheado de pratos saborosos de f\u00e1cil preparo e extremamente saud\u00e1veis.","robots":{"index":"index","follow":"follow","max-snippet":"max-snippet:-1","max-image-preview":"max-image-preview:large","max-video-preview":"max-video-preview:-1"},"canonical":"https:\/\/loja.springschool.me\/ja\/product\/86-receitas-low-carb-saude-e-emagrecimento\/","og_locale":"ja_JP","og_type":"article","og_title":"86 Receitas Low Carb - Sa\u00fade e Emagrecimento - Spring School - Loja Virtual","og_description":"86 Receitas Low Carb - Sa\u00fade e Emagrecimento da Nevelyn Saito \u00e9 um ebook recheado de pratos saborosos de f\u00e1cil preparo e extremamente saud\u00e1veis.","og_url":"https:\/\/loja.springschool.me\/ja\/product\/86-receitas-low-carb-saude-e-emagrecimento\/","og_site_name":"Spring School - Loja Virtual","article_modified_time":"2024-05-22T11:52:10+00:00","og_image":[{"width":1000,"height":1000,"url":"https:\/\/loja.springschool.me\/wp-content\/uploads\/2024\/05\/spring-school-loja-ebook-dieta-low-carb-86-receitas-01.jpg","type":"image\/jpeg"}],"twitter_card":"summary_large_image","twitter_misc":{"\u63a8\u5b9a\u8aad\u307f\u53d6\u308a\u6642\u9593":"2\u5206"},"schema":{"@context":"https:\/\/schema.org","@graph":[{"@type":"WebPage","@id":"https:\/\/loja.springschool.me\/produto\/86-receitas-low-carb-saude-e-emagrecimento\/","url":"https:\/\/loja.springschool.me\/produto\/86-receitas-low-carb-saude-e-emagrecimento\/","name":"86 Receitas Low Carb - Sa\u00fade e Emagrecimento - Spring School - Loja Virtual","isPartOf":{"@id":"https:\/\/loja.springschool.me\/#website"},"datePublished":"2024-05-22T11:51:14+00:00","dateModified":"2024-05-22T11:52:10+00:00","description":"86 Receitas Low Carb - Sa\u00fade e Emagrecimento da Nevelyn Saito \u00e9 um ebook recheado de pratos saborosos de f\u00e1cil preparo e extremamente saud\u00e1veis.","breadcrumb":{"@id":"https:\/\/loja.springschool.me\/produto\/86-receitas-low-carb-saude-e-emagrecimento\/#breadcrumb"},"inLanguage":"ja","potentialAction":[{"@type":"ReadAction","target":["https:\/\/loja.springschool.me\/produto\/86-receitas-low-carb-saude-e-emagrecimento\/"]}]},{"@type":"BreadcrumbList","@id":"https:\/\/loja.springschool.me\/produto\/86-receitas-low-carb-saude-e-emagrecimento\/#breadcrumb","itemListElement":[{"@type":"ListItem","position":1,"name":"In\u00edcio","item":"https:\/\/loja.springschool.me\/"},{"@type":"ListItem","position":2,"name":"Shop","item":"https:\/\/loja.springschool.me\/shop\/"},{"@type":"ListItem","position":3,"name":"86 Receitas Low Carb &#8211; Sa\u00fade e Emagrecimento"}]},{"@type":"WebSite","@id":"https:\/\/loja.springschool.me\/#website","url":"https:\/\/loja.springschool.me\/","name":"Spring School - Loja Virtual","description":"Just another WordPress site","potentialAction":[{"@type":"SearchAction","target":{"@type":"EntryPoint","urlTemplate":"https:\/\/loja.springschool.me\/?s={search_term_string}"},"query-input":"required name=search_term_string"}],"inLanguage":"ja"}]}},"_links":{"self":[{"href":"https:\/\/loja.springschool.me\/ja\/wp-json\/wp\/v2\/product\/1461"}],"collection":[{"href":"https:\/\/loja.springschool.me\/ja\/wp-json\/wp\/v2\/product"}],"about":[{"href":"https:\/\/loja.springschool.me\/ja\/wp-json\/wp\/v2\/types\/product"}],"version-history":[{"count":2,"href":"https:\/\/loja.springschool.me\/ja\/wp-json\/wp\/v2\/product\/1461\/revisions"}],"predecessor-version":[{"id":1465,"href":"https:\/\/loja.springschool.me\/ja\/wp-json\/wp\/v2\/product\/1461\/revisions\/1465"}],"wp:featuredmedia":[{"embeddable":true,"href":"https:\/\/loja.springschool.me\/ja\/wp-json\/wp\/v2\/media\/1463"}],"wp:attachment":[{"href":"https:\/\/loja.springschool.me\/ja\/wp-json\/wp\/v2\/media?parent=1461"}],"wp:term":[{"taxonomy":"product_cat","embeddable":true,"href":"https:\/\/loja.springschool.me\/ja\/wp-json\/wp\/v2\/product_cat?post=1461"},{"taxonomy":"product_tag","embeddable":true,"href":"https:\/\/loja.springschool.me\/ja\/wp-json\/wp\/v2\/product_tag?post=1461"}],"curies":[{"name":"wp","href":"https:\/\/api.w.org\/{rel}","templated":true}]}}