{"id":1456,"date":"2023-10-11T17:47:23","date_gmt":"2023-10-11T17:47:23","guid":{"rendered":"https:\/\/loja.springschool.me\/?post_type=product&#038;p=1456"},"modified":"2024-07-17T16:18:19","modified_gmt":"2024-07-17T16:18:19","slug":"a-arte-da-guerra-nos-negocios","status":"publish","type":"product","link":"https:\/\/loja.springschool.me\/ja\/product\/a-arte-da-guerra-nos-negocios\/","title":{"rendered":"\u30d3\u30b8\u30cd\u30b9\u306b\u304a\u3051\u308b\u6226\u4e89\u306e\u82b8\u8853: \u4f01\u696d\u4e16\u754c\u3067\u306e\u6700\u5927\u306e\u885d\u7a81\u304b\u3089\u306e\u7269\u8a9e\u3068\u6559\u8a13"},"content":{"rendered":"<p>\u300c\u30a8\u30b4\u3001\u60c5\u71b1\u3001\u91ce\u5fc3\u3001\u305d\u3057\u3066\u7dcf\u529b\u6226\u3068\u3044\u3063\u305f\u30d3\u30b8\u30cd\u30b9\u306e\u672c\u8cea\u3092\u6d6e\u304d\u5f6b\u308a\u306b\u3057\u305f\u5091\u4f5c\u3002\u300d \u2013\u00a0<span class=\"a-text-bold\">\u30d6\u30eb\u30fc\u30e0\u30d0\u30fc\u30b0<\/span><\/p>\n<p>\u300c\u7d50\u5c40\u306e\u3068\u3053\u308d\u3001\u4f01\u696d\u5185\u6226\u4e89\u306f\u51b7\u9177\u3067\u751f\u6c17\u306e\u306a\u3044\u51fa\u6765\u4e8b\u3067\u306f\u306a\u3044\u3002\u3053\u308c\u3089\u306f\u3001\u6642\u306b\u306f\u4e16\u754c\u3092\u5909\u3048\u308b\u53ef\u80fd\u6027\u3092\u79d8\u3081\u305f\u30a2\u30a4\u30c7\u30a2\u3092\u6301\u3064\u4eba\u3005\u306e\u7269\u8a9e\u3067\u3059\u3002\u300d \u2013\u00a0<span class=\"a-text-bold\">\u30c7\u30d3\u30c3\u30c9\u30fb\u30d6\u30e9\u30a6\u30f3<\/span><\/p>\n<p>\u30d3\u30b8\u30cd\u30b9\u306e\u4e16\u754c\u306f\u3001Blockbuster \u5bfe Netix\u3001BlackBerry \u5bfe Apple \u306a\u3069\u3001\u4e26\u5916\u308c\u305f\u6226\u3044\u304c\u7e70\u308a\u5e83\u3052\u3089\u308c\u308b\u821e\u53f0\u3067\u3059\u3002<\/p>\n<p>\u6575\u306f\u52dd\u5229\u3092\u6c42\u3081\u3066\u6226\u7565\u3092\u7acb\u3066\u3001\u6b66\u5668\u3092\u78e8\u304d\u307e\u3059\u3002\u76ee\u6a19\u306f\u3001\u7af6\u5408\u4ed6\u793e\u3092\u4e0a\u56de\u308a\u3001\u7121\u6575\u306b\u306a\u308b\u3053\u3068\u3067\u3059\u3002<\/p>\n<p>\u3053\u306e\u672c\u306e\u4e2d\u3067\u3001\u30dd\u30c3\u30c9\u30ad\u30e3\u30b9\u30c8\u306e\u30db\u30b9\u30c8\u3067\u3042\u308b\u30c7\u30d3\u30c3\u30c9\u30fb\u30d6\u30e9\u30a6\u30f3\u306f\u3001\u00a0<span class=\"a-text-italic\">\u8cbf\u6613\u6226\u4e89<\/span>\u3001\u4f01\u696d\u4e16\u754c\u3067\u306e\u5927\u304d\u306a\u5bfe\u7acb\u306e\u7269\u8a9e\u3092\u8a9e\u308a\u307e\u3059\u3002\u305d\u3057\u3066\u3001\u3053\u308c\u3089\u306e\u30e9\u30a4\u30d0\u30eb\u95a2\u4fc2\u3092\u6226\u8853\u3068\u30a2\u30c9\u30d0\u30a4\u30b9\u306b\u7167\u3089\u3057\u3066\u5206\u6790\u3057\u307e\u3059\u3002\u00a0<span class=\"a-text-italic\">\u5175\u6cd5<\/span>.<\/p>\n<p>\u305d\u308c\u305e\u308c\u306e\u7d1b\u4e89\u3067\u306f\u3001\u72e1\u733e\u3055\u3001\u6226\u7565\u3001\u8cc7\u6e90\u306e\u4f7f\u7528\u6cd5\u304c\u72ec\u7279\u306b\u7d44\u307f\u5408\u308f\u3055\u308c\u3066\u3044\u308b\u3053\u3068\u304c\u660e\u3089\u304b\u306b\u306a\u308a\u307e\u3059\u3002\u30d6\u30e9\u30a6\u30f3\u6c0f\u306f\u3001\u7af6\u5408\u4ed6\u793e\u306b\u6253\u3061\u52dd\u3061\u3001\u30a4\u30ce\u30d9\u30fc\u30b7\u30e7\u30f3\u306b\u6295\u8cc7\u3057\u3001\u793e\u4f1a\u306e\u65b0\u305f\u306a\u9700\u8981\u306b\u9069\u5fdc\u3059\u308b\u4f01\u696d\u306e\u53f0\u982d\u306b\u3064\u3044\u3066\u5831\u544a\u3057\u3066\u3044\u307e\u3059\u3002<\/p>\n<p>\u3053\u306e\u672c\u306f\u3001\u6ce8\u610f\u6df1\u3044\u8abf\u67fb\u306b\u57fa\u3065\u3044\u305f\u8208\u5473\u6df1\u3044\u7269\u8a9e\u3060\u3051\u3067\u306a\u304f\u3001\u6c7a\u610f\u3001\u5fcd\u8010\u3001\u6c7a\u5fc3\u3001\u5275\u610f\u5de5\u592b\u306b\u3064\u3044\u3066\u306e\u8cb4\u91cd\u306a\u6559\u8a13\u3092\u3082\u305f\u3089\u3057\u307e\u3059\u3002<\/p>","protected":false},"excerpt":{"rendered":"<p><strong>\u4e2d\u53e4\u672c\u3067\u3059\u3002\u5728\u5eab\u9650\u308a\u306e\u8d85\u6fc0\u5b89\uff01<\/strong><\/p>\n<p><span class=\"a-text-bold\">\u4f01\u696d\u4e16\u754c\u3067\u306e\u6700\u5927\u306e\u5bfe\u7acb\u304b\u3089\u5f97\u305f\u7269\u8a9e\u3068\u6559\u8a13\u3002\u30c7\u30d3\u30c3\u30c9 \u30d6\u30e9\u30a6\u30f3\u306f\u3001\u5b6b\u5b50\u306e\u6226\u7565\u3092\u30ac\u30a4\u30c9\u3068\u3057\u3066\u4f7f\u7528\u3057\u3066\u3001\u6210\u529f\u3059\u308b\u4f01\u696d\u3068\u5931\u6557\u3059\u308b\u4f01\u696d\u304c\u3042\u308b\u7406\u7531\u3092\u8aac\u660e\u3057\u307e\u3059\u3002<\/span><\/p>","protected":false},"featured_media":1447,"template":"","meta":[],"product_cat":[20],"product_tag":[86,61],"yoast_head":"<!-- This site is optimized with the Yoast SEO plugin v20.11 - https:\/\/yoast.com\/wordpress\/plugins\/seo\/ -->\n<title>A arte da guerra nos neg\u00f3cios: Hist\u00f3rias e li\u00e7\u00f5es dos maiores confrontos do mundo corporativo<\/title>\n<meta name=\"description\" content=\"Super desconto com estoque limitado! A arte da guerra nos neg\u00f3cios: Hist\u00f3rias e li\u00e7\u00f5es dos maiores confrontos do mundo corporativo.\" \/>\n<meta name=\"robots\" content=\"index, follow, max-snippet:-1, max-image-preview:large, max-video-preview:-1\" \/>\n<link rel=\"canonical\" href=\"https:\/\/loja.springschool.me\/ja\/product\/a-arte-da-guerra-nos-negocios\/\" \/>\n<meta property=\"og:locale\" content=\"ja_JP\" \/>\n<meta property=\"og:type\" content=\"article\" \/>\n<meta property=\"og:title\" content=\"A arte da guerra nos neg\u00f3cios: Hist\u00f3rias e li\u00e7\u00f5es dos maiores confrontos do mundo corporativo\" \/>\n<meta property=\"og:description\" content=\"Super desconto com estoque limitado! A arte da guerra nos neg\u00f3cios: Hist\u00f3rias e li\u00e7\u00f5es dos maiores confrontos do mundo corporativo.\" \/>\n<meta property=\"og:url\" content=\"https:\/\/loja.springschool.me\/ja\/product\/a-arte-da-guerra-nos-negocios\/\" \/>\n<meta property=\"og:site_name\" content=\"Spring School - Loja Virtual\" \/>\n<meta property=\"article:modified_time\" content=\"2024-07-17T16:18:19+00:00\" \/>\n<meta property=\"og:image\" content=\"https:\/\/loja.springschool.me\/wp-content\/uploads\/2023\/10\/spring-school-loja-livro-a-arte-da-guerra-nos-negocios-01.jpg\" \/>\n\t<meta property=\"og:image:width\" content=\"1000\" \/>\n\t<meta property=\"og:image:height\" content=\"1000\" \/>\n\t<meta property=\"og:image:type\" content=\"image\/jpeg\" \/>\n<meta name=\"twitter:card\" content=\"summary_large_image\" \/>\n<meta name=\"twitter:label1\" content=\"\u63a8\u5b9a\u8aad\u307f\u53d6\u308a\u6642\u9593\" \/>\n\t<meta name=\"twitter:data1\" content=\"2\u5206\" \/>\n<script type=\"application\/ld+json\" class=\"yoast-schema-graph\">{\"@context\":\"https:\/\/schema.org\",\"@graph\":[{\"@type\":\"WebPage\",\"@id\":\"https:\/\/loja.springschool.me\/en\/product\/a-arte-da-guerra-nos-negocios\/\",\"url\":\"https:\/\/loja.springschool.me\/en\/product\/a-arte-da-guerra-nos-negocios\/\",\"name\":\"A arte da guerra nos neg\u00f3cios: Hist\u00f3rias e li\u00e7\u00f5es dos maiores confrontos do mundo corporativo\",\"isPartOf\":{\"@id\":\"https:\/\/loja.springschool.me\/#website\"},\"datePublished\":\"2023-10-11T17:47:23+00:00\",\"dateModified\":\"2024-07-17T16:18:19+00:00\",\"description\":\"Super desconto com estoque limitado! A arte da guerra nos neg\u00f3cios: Hist\u00f3rias e li\u00e7\u00f5es dos maiores confrontos do mundo corporativo.\",\"breadcrumb\":{\"@id\":\"https:\/\/loja.springschool.me\/en\/product\/a-arte-da-guerra-nos-negocios\/#breadcrumb\"},\"inLanguage\":\"ja\",\"potentialAction\":[{\"@type\":\"ReadAction\",\"target\":[\"https:\/\/loja.springschool.me\/en\/product\/a-arte-da-guerra-nos-negocios\/\"]}]},{\"@type\":\"BreadcrumbList\",\"@id\":\"https:\/\/loja.springschool.me\/en\/product\/a-arte-da-guerra-nos-negocios\/#breadcrumb\",\"itemListElement\":[{\"@type\":\"ListItem\",\"position\":1,\"name\":\"In\u00edcio\",\"item\":\"https:\/\/loja.springschool.me\/\"},{\"@type\":\"ListItem\",\"position\":2,\"name\":\"Shop\",\"item\":\"https:\/\/loja.springschool.me\/shop\/\"},{\"@type\":\"ListItem\",\"position\":3,\"name\":\"A arte da guerra nos neg\u00f3cios: Hist\u00f3rias e li\u00e7\u00f5es dos maiores confrontos do mundo corporativo\"}]},{\"@type\":\"WebSite\",\"@id\":\"https:\/\/loja.springschool.me\/#website\",\"url\":\"https:\/\/loja.springschool.me\/\",\"name\":\"Spring School - Loja Virtual\",\"description\":\"Just another WordPress site\",\"potentialAction\":[{\"@type\":\"SearchAction\",\"target\":{\"@type\":\"EntryPoint\",\"urlTemplate\":\"https:\/\/loja.springschool.me\/?s={search_term_string}\"},\"query-input\":\"required name=search_term_string\"}],\"inLanguage\":\"ja\"}]}<\/script>\n<!-- \/ Yoast SEO plugin. -->","yoast_head_json":{"title":"A arte da guerra nos neg\u00f3cios: Hist\u00f3rias e li\u00e7\u00f5es dos maiores confrontos do mundo corporativo","description":"Super desconto com estoque limitado! A arte da guerra nos neg\u00f3cios: Hist\u00f3rias e li\u00e7\u00f5es dos maiores confrontos do mundo corporativo.","robots":{"index":"index","follow":"follow","max-snippet":"max-snippet:-1","max-image-preview":"max-image-preview:large","max-video-preview":"max-video-preview:-1"},"canonical":"https:\/\/loja.springschool.me\/ja\/product\/a-arte-da-guerra-nos-negocios\/","og_locale":"ja_JP","og_type":"article","og_title":"A arte da guerra nos neg\u00f3cios: Hist\u00f3rias e li\u00e7\u00f5es dos maiores confrontos do mundo corporativo","og_description":"Super desconto com estoque limitado! A arte da guerra nos neg\u00f3cios: Hist\u00f3rias e li\u00e7\u00f5es dos maiores confrontos do mundo corporativo.","og_url":"https:\/\/loja.springschool.me\/ja\/product\/a-arte-da-guerra-nos-negocios\/","og_site_name":"Spring School - Loja Virtual","article_modified_time":"2024-07-17T16:18:19+00:00","og_image":[{"width":1000,"height":1000,"url":"https:\/\/loja.springschool.me\/wp-content\/uploads\/2023\/10\/spring-school-loja-livro-a-arte-da-guerra-nos-negocios-01.jpg","type":"image\/jpeg"}],"twitter_card":"summary_large_image","twitter_misc":{"\u63a8\u5b9a\u8aad\u307f\u53d6\u308a\u6642\u9593":"2\u5206"},"schema":{"@context":"https:\/\/schema.org","@graph":[{"@type":"WebPage","@id":"https:\/\/loja.springschool.me\/en\/product\/a-arte-da-guerra-nos-negocios\/","url":"https:\/\/loja.springschool.me\/en\/product\/a-arte-da-guerra-nos-negocios\/","name":"A arte da guerra nos neg\u00f3cios: Hist\u00f3rias e li\u00e7\u00f5es dos maiores confrontos do mundo corporativo","isPartOf":{"@id":"https:\/\/loja.springschool.me\/#website"},"datePublished":"2023-10-11T17:47:23+00:00","dateModified":"2024-07-17T16:18:19+00:00","description":"Super desconto com estoque limitado! A arte da guerra nos neg\u00f3cios: Hist\u00f3rias e li\u00e7\u00f5es dos maiores confrontos do mundo corporativo.","breadcrumb":{"@id":"https:\/\/loja.springschool.me\/en\/product\/a-arte-da-guerra-nos-negocios\/#breadcrumb"},"inLanguage":"ja","potentialAction":[{"@type":"ReadAction","target":["https:\/\/loja.springschool.me\/en\/product\/a-arte-da-guerra-nos-negocios\/"]}]},{"@type":"BreadcrumbList","@id":"https:\/\/loja.springschool.me\/en\/product\/a-arte-da-guerra-nos-negocios\/#breadcrumb","itemListElement":[{"@type":"ListItem","position":1,"name":"In\u00edcio","item":"https:\/\/loja.springschool.me\/"},{"@type":"ListItem","position":2,"name":"Shop","item":"https:\/\/loja.springschool.me\/shop\/"},{"@type":"ListItem","position":3,"name":"A arte da guerra nos neg\u00f3cios: Hist\u00f3rias e li\u00e7\u00f5es dos maiores confrontos do mundo corporativo"}]},{"@type":"WebSite","@id":"https:\/\/loja.springschool.me\/#website","url":"https:\/\/loja.springschool.me\/","name":"Spring School - Loja Virtual","description":"Just another WordPress site","potentialAction":[{"@type":"SearchAction","target":{"@type":"EntryPoint","urlTemplate":"https:\/\/loja.springschool.me\/?s={search_term_string}"},"query-input":"required name=search_term_string"}],"inLanguage":"ja"}]}},"_links":{"self":[{"href":"https:\/\/loja.springschool.me\/ja\/wp-json\/wp\/v2\/product\/1456"}],"collection":[{"href":"https:\/\/loja.springschool.me\/ja\/wp-json\/wp\/v2\/product"}],"about":[{"href":"https:\/\/loja.springschool.me\/ja\/wp-json\/wp\/v2\/types\/product"}],"version-history":[{"count":2,"href":"https:\/\/loja.springschool.me\/ja\/wp-json\/wp\/v2\/product\/1456\/revisions"}],"predecessor-version":[{"id":1515,"href":"https:\/\/loja.springschool.me\/ja\/wp-json\/wp\/v2\/product\/1456\/revisions\/1515"}],"wp:featuredmedia":[{"embeddable":true,"href":"https:\/\/loja.springschool.me\/ja\/wp-json\/wp\/v2\/media\/1447"}],"wp:attachment":[{"href":"https:\/\/loja.springschool.me\/ja\/wp-json\/wp\/v2\/media?parent=1456"}],"wp:term":[{"taxonomy":"product_cat","embeddable":true,"href":"https:\/\/loja.springschool.me\/ja\/wp-json\/wp\/v2\/product_cat?post=1456"},{"taxonomy":"product_tag","embeddable":true,"href":"https:\/\/loja.springschool.me\/ja\/wp-json\/wp\/v2\/product_tag?post=1456"}],"curies":[{"name":"wp","href":"https:\/\/api.w.org\/{rel}","templated":true}]}}