{"id":1453,"date":"2023-10-11T17:38:22","date_gmt":"2023-10-11T17:38:22","guid":{"rendered":"https:\/\/loja.springschool.me\/?post_type=product&#038;p=1453"},"modified":"2023-10-11T17:39:11","modified_gmt":"2023-10-11T17:39:11","slug":"orcamento-sem-falhas","status":"publish","type":"product","link":"https:\/\/loja.springschool.me\/ja\/product\/orcamento-sem-falhas\/","title":{"rendered":"\u30ce\u30fc\u30d5\u30a7\u30a4\u30eb\u30d0\u30b8\u30a7\u30c3\u30c8"},"content":{"rendered":"<p>\u304a\u91d1\u306e\u3053\u3068\u306b\u306a\u308b\u3068\u30011 \u3064\u306e\u30b9\u30d4\u30fc\u30c1\u304c\u3059\u3079\u3066\u306e\u4eba\u306b\u52b9\u679c\u304c\u3042\u308b\u3068\u306f\u8003\u3048\u3089\u308c\u307e\u305b\u3093\u3002\u7d50\u5c40\u306e\u3068\u3053\u308d\u3001\u4eba\u306e\u51fa\u767a\u70b9\u306f\u540c\u3058\u3067\u306f\u3042\u308a\u307e\u305b\u3093\u3002\u7d4c\u6e08\u7684\u306b\u6075\u307e\u308c\u305f\u5bb6\u5ead\u306b\u751f\u307e\u308c\u305f\u4eba\u3068\u300110\u4ee3\u306e\u9803\u304b\u3089\u5bb6\u306e\u624b\u4f1d\u3044\u3092\u3057\u3066\u50cd\u3044\u3066\u304d\u305f\u4eba\u306e\u9053\u306f\u5927\u304d\u304f\u7570\u306a\u308a\u307e\u3059\u3002<\/p>\n<p>\u3057\u304b\u3057\u3001\u305d\u308c\u306f\u3001\u6bce\u6708\u306e\u652f\u6255\u3044\u306b\u82e6\u52b4\u3057\u3066\u3044\u308b\u4eba\u304c\u3001\u81ea\u5206\u81ea\u8eab\u3092\u6574\u7406\u3057\u3001\u8caf\u84c4\u3084\u6295\u8cc7\u3092\u5b66\u3073\u3001\u5065\u5168\u306a\u7d4c\u6e08\u751f\u6d3b\u3092\u9001\u308b\u3053\u3068\u304c\u3067\u304d\u306a\u3044\u3068\u3044\u3046\u610f\u5473\u3067\u306f\u3042\u308a\u307e\u305b\u3093\u3002\u307e\u3063\u305f\u304f\u9006\u3067\u3059\u3002\u5b9f\u969b\u3001\u5fc5\u8981\u306a\u306e\u306f\u91d1\u878d\u6559\u80b2\u3068\u6307\u5c0e\u3060\u3051\u3067\u3042\u308a\u3001\u305d\u308c\u304c\u30de\u30a4\u30db\u30fc\u30e0\u3001\u8eca\u3001\u4e21\u66ff\u3001\u3055\u3089\u306b\u306f\u501f\u91d1\u306e\u8fd4\u6e08\u306a\u3069\u3001\u5922\u306e\u5b9f\u73fe\u306b\u4e00\u6b69\u8fd1\u3065\u304f\u3053\u3068\u304c\u3067\u304d\u307e\u3059\u3002<\/p>\n<p>\u3053\u308c\u3092\u5ff5\u982d\u306b\u7f6e\u3044\u3066\u3001\u30ca\u30b9\u30fb\u30d5\u30a3\u30ca\u30f3\u30ab\u30b9\u3068\u3057\u3066\u30d6\u30e9\u30b8\u30eb\u4e2d\u306b\u77e5\u3089\u308c\u308b\u3088\u3046\u306b\u306a\u3063\u305f\u30ca\u30bf\u30ea\u30a2\u30fb\u30ed\u30c9\u30ea\u30b2\u30b9\u306f\u3001\u79c1\u305f\u3061\u306e\u304a\u91d1\u306e\u4f7f\u3044\u65b9\u306b\u3064\u3044\u3066\u8457\u540d\u306a\u767a\u8a00\u8005\u306b\u306a\u308a\u307e\u3057\u305f\u3002\u30e6\u30fc\u30e2\u30a2\u3068\u89aa\u3057\u307f\u3084\u3059\u3044\u30b3\u30f3\u30c6\u30f3\u30c4\u3092\u5099\u3048\u305f\u3053\u306e\u91d1\u878d\u7ba1\u7406\u8005\u517c\u30a2\u30c9\u30d0\u30a4\u30b6\u30fc\u306f\u3001\u4f55\u5343\u4eba\u3082\u306e\u4eba\u3005\u304c\u8d64\u5b57\u304b\u3089\u629c\u3051\u51fa\u3057\u3001\u7d4c\u6e08\u7684\u306b\u81ea\u7acb\u3059\u308b\u306e\u306b\u5f79\u7acb\u3064\u30b7\u30f3\u30d7\u30eb\u3067\u4fa1\u5024\u306e\u3042\u308b\u30d2\u30f3\u30c8\u3092\u63d0\u4f9b\u3057\u3001\u30a4\u30f3\u30bf\u30fc\u30cd\u30c3\u30c8\u73fe\u8c61\u306b\u306a\u308a\u307e\u3057\u305f\u3002<\/p>\n<p>\u3067\u00a0<span class=\"a-text-italic\">\u5b8c\u74a7\u306a\u4e88\u7b97\u7de8\u6210<\/span>, \u30ca\u30b9\u306f\u3001\u79c1\u305f\u3061\u306e\u61d0\u3092\u82e6\u3057\u3081\u308b\u4e3b\u306a\u554f\u984c\u3001\u3068\u308a\u308f\u3051\u30af\u30ec\u30b8\u30c3\u30c8\u30ab\u30fc\u30c9\u3068\u306e\u95a2\u4fc2\u3001\u91d1\u5229\u3001\u8cb7\u3044\u7269\u30ea\u30b9\u30c8\u3001\u8a08\u753b\u3001\u76ee\u6a19\u3001\u6b32\u671b\u3068\u5fc5\u8981\u6027\u306e\u9055\u3044\u306a\u3069\u306b\u53d6\u308a\u7d44\u307f\u3001\u6b21\u306e\u3088\u3046\u306a\u554f\u984c\u306b\u9665\u3063\u305f\u3059\u3079\u3066\u306e\u4eba\u3092\u4e00\u5ea6\u306b\u52a9\u3051\u307e\u3059\u3002\u501f\u91d1\u3092\u3059\u308b\u304b\u3001\u8acb\u6c42\u66f8\u3092\u652f\u6255\u3046\u305f\u3081\u306b\u751f\u304d\u3066\u3044\u308b\u3060\u3051\u3067\u3059\u3002<\/p>\n<p>\u307e\u305f\u3001\u3053\u306e\u672c\u306b\u306f\u30e2\u30c0\u30f3\u3067\u30ab\u30e9\u30d5\u30eb\u306a\u30b0\u30e9\u30d5\u30a3\u30c3\u30af \u30c7\u30b6\u30a4\u30f3\u304c\u65bd\u3055\u308c\u3066\u304a\u308a\u3001\u8868\u3001\u30ea\u30b9\u30c8\u3001\u7528\u8a9e\u96c6\u306a\u3069\u3001\u8aad\u8005\u3092\u52a9\u3051\u308b\u5b9f\u7528\u7684\u306a\u30c4\u30fc\u30eb\u304c\u6e80\u8f09\u3067\u3059\u3002\u3055\u3089\u306b\u3001\u8457\u8005\u306f\u30a4\u30e9\u30b9\u30c8\u30ec\u30fc\u30bf\u30fc\u306e\u30ea\u30c3\u30af\u30fb\u30bb\u30fc\u30eb\u30b9\u306b\u3088\u3063\u3066\u30b5\u30dd\u30fc\u30c8\u3055\u308c\u3066\u304a\u308a\u3001\u79c1\u305f\u3061\u306e\u65e5\u5e38\u7684\u306a\u304a\u91d1\u3068\u306e\u95a2\u4fc2\u306b\u3064\u3044\u3066\u306e\u697d\u3057\u3044\u6f2b\u753b\u304c\u672c\u306e\u30da\u30fc\u30b8\u306b\u63b2\u8f09\u3055\u308c\u3066\u3044\u307e\u3059\u3002<\/p>","protected":false},"excerpt":{"rendered":"<p><strong>\u5728\u5eab\u9650\u308a\u306e\u8d85\u304a\u8cb7\u3044\u5f97\uff01<\/strong><\/p>\n<p><span class=\"a-text-bold\">\u8d64\u5b57\u304b\u3089\u629c\u3051\u51fa\u3057\u3001\u5c11\u306a\u3044\u304a\u91d1\u3067\u7bc0\u7d04\u3059\u308b\u65b9\u6cd5\u3092\u5b66\u3073\u307e\u3057\u3087\u3046\u3002\u73fe\u5728\u3001\u30a4\u30f3\u30bf\u30fc\u30cd\u30c3\u30c8\u4e0a\u3067\u6700\u3082\u5927\u304d\u306a\u58f0\u3092\u4e0a\u3052\u3066\u3044\u308b\u4f01\u696d\u306e 1 \u3064\u3067\u3042\u308b Nath Finance \u306f\u3001\u305f\u3068\u3048\u53ce\u5165\u304c\u5c11\u306a\u304f\u3066\u3082\u304a\u91d1\u3068\u5065\u5168\u306a\u95a2\u4fc2\u3092\u7bc9\u304f\u5fc5\u8981\u304c\u3042\u308b\u4eba\u3005\u306e\u305f\u3081\u306e\u30ac\u30a4\u30c9\u30e9\u30a4\u30f3\u3092\u521d\u3081\u3066\u66f8\u7c4d\u306e\u5f62\u3067\u767a\u8868\u3057\u307e\u3057\u305f\u3002<\/span><\/p>","protected":false},"featured_media":1445,"template":"","meta":[],"product_cat":[20],"product_tag":[86],"yoast_head":"<!-- This site is optimized with the Yoast SEO plugin v20.11 - https:\/\/yoast.com\/wordpress\/plugins\/seo\/ -->\n<title>Or\u00e7amento Sem Falhas - Spring School - Loja Virtual<\/title>\n<meta name=\"description\" content=\"Super desconto com estoque limitado! Or\u00e7amento sem falhas de Nath Finan\u00e7as. Saia do vermelho e aprenda a poupar com pouco dinheiro.\" \/>\n<meta name=\"robots\" content=\"index, follow, max-snippet:-1, max-image-preview:large, max-video-preview:-1\" \/>\n<link rel=\"canonical\" href=\"https:\/\/loja.springschool.me\/ja\/product\/orcamento-sem-falhas\/\" \/>\n<meta property=\"og:locale\" content=\"ja_JP\" \/>\n<meta property=\"og:type\" content=\"article\" \/>\n<meta property=\"og:title\" content=\"Or\u00e7amento Sem Falhas - Spring School - Loja Virtual\" \/>\n<meta property=\"og:description\" content=\"Super desconto com estoque limitado! Or\u00e7amento sem falhas de Nath Finan\u00e7as. Saia do vermelho e aprenda a poupar com pouco dinheiro.\" \/>\n<meta property=\"og:url\" content=\"https:\/\/loja.springschool.me\/ja\/product\/orcamento-sem-falhas\/\" \/>\n<meta property=\"og:site_name\" content=\"Spring School - Loja Virtual\" \/>\n<meta property=\"article:modified_time\" content=\"2023-10-11T17:39:11+00:00\" \/>\n<meta property=\"og:image\" content=\"https:\/\/loja.springschool.me\/wp-content\/uploads\/2023\/10\/spring-school-loja-livro-orcamento-sem-falhas-01.jpg\" \/>\n\t<meta property=\"og:image:width\" content=\"1000\" \/>\n\t<meta property=\"og:image:height\" content=\"1000\" \/>\n\t<meta property=\"og:image:type\" content=\"image\/jpeg\" \/>\n<meta name=\"twitter:card\" content=\"summary_large_image\" \/>\n<meta name=\"twitter:label1\" content=\"\u63a8\u5b9a\u8aad\u307f\u53d6\u308a\u6642\u9593\" \/>\n\t<meta name=\"twitter:data1\" content=\"2\u5206\" \/>\n<script type=\"application\/ld+json\" class=\"yoast-schema-graph\">{\"@context\":\"https:\/\/schema.org\",\"@graph\":[{\"@type\":\"WebPage\",\"@id\":\"https:\/\/loja.springschool.me\/produto\/orcamento-sem-falhas\/\",\"url\":\"https:\/\/loja.springschool.me\/produto\/orcamento-sem-falhas\/\",\"name\":\"Or\u00e7amento Sem Falhas - Spring School - Loja Virtual\",\"isPartOf\":{\"@id\":\"https:\/\/loja.springschool.me\/#website\"},\"datePublished\":\"2023-10-11T17:38:22+00:00\",\"dateModified\":\"2023-10-11T17:39:11+00:00\",\"description\":\"Super desconto com estoque limitado! Or\u00e7amento sem falhas de Nath Finan\u00e7as. Saia do vermelho e aprenda a poupar com pouco dinheiro.\",\"breadcrumb\":{\"@id\":\"https:\/\/loja.springschool.me\/produto\/orcamento-sem-falhas\/#breadcrumb\"},\"inLanguage\":\"ja\",\"potentialAction\":[{\"@type\":\"ReadAction\",\"target\":[\"https:\/\/loja.springschool.me\/produto\/orcamento-sem-falhas\/\"]}]},{\"@type\":\"BreadcrumbList\",\"@id\":\"https:\/\/loja.springschool.me\/produto\/orcamento-sem-falhas\/#breadcrumb\",\"itemListElement\":[{\"@type\":\"ListItem\",\"position\":1,\"name\":\"In\u00edcio\",\"item\":\"https:\/\/loja.springschool.me\/\"},{\"@type\":\"ListItem\",\"position\":2,\"name\":\"Shop\",\"item\":\"https:\/\/loja.springschool.me\/shop\/\"},{\"@type\":\"ListItem\",\"position\":3,\"name\":\"Or\u00e7amento Sem Falhas\"}]},{\"@type\":\"WebSite\",\"@id\":\"https:\/\/loja.springschool.me\/#website\",\"url\":\"https:\/\/loja.springschool.me\/\",\"name\":\"Spring School - Loja Virtual\",\"description\":\"Just another WordPress site\",\"potentialAction\":[{\"@type\":\"SearchAction\",\"target\":{\"@type\":\"EntryPoint\",\"urlTemplate\":\"https:\/\/loja.springschool.me\/?s={search_term_string}\"},\"query-input\":\"required name=search_term_string\"}],\"inLanguage\":\"ja\"}]}<\/script>\n<!-- \/ Yoast SEO plugin. -->","yoast_head_json":{"title":"Or\u00e7amento Sem Falhas - Spring School - Loja Virtual","description":"Super desconto com estoque limitado! Or\u00e7amento sem falhas de Nath Finan\u00e7as. Saia do vermelho e aprenda a poupar com pouco dinheiro.","robots":{"index":"index","follow":"follow","max-snippet":"max-snippet:-1","max-image-preview":"max-image-preview:large","max-video-preview":"max-video-preview:-1"},"canonical":"https:\/\/loja.springschool.me\/ja\/product\/orcamento-sem-falhas\/","og_locale":"ja_JP","og_type":"article","og_title":"Or\u00e7amento Sem Falhas - Spring School - Loja Virtual","og_description":"Super desconto com estoque limitado! Or\u00e7amento sem falhas de Nath Finan\u00e7as. Saia do vermelho e aprenda a poupar com pouco dinheiro.","og_url":"https:\/\/loja.springschool.me\/ja\/product\/orcamento-sem-falhas\/","og_site_name":"Spring School - Loja Virtual","article_modified_time":"2023-10-11T17:39:11+00:00","og_image":[{"width":1000,"height":1000,"url":"https:\/\/loja.springschool.me\/wp-content\/uploads\/2023\/10\/spring-school-loja-livro-orcamento-sem-falhas-01.jpg","type":"image\/jpeg"}],"twitter_card":"summary_large_image","twitter_misc":{"\u63a8\u5b9a\u8aad\u307f\u53d6\u308a\u6642\u9593":"2\u5206"},"schema":{"@context":"https:\/\/schema.org","@graph":[{"@type":"WebPage","@id":"https:\/\/loja.springschool.me\/produto\/orcamento-sem-falhas\/","url":"https:\/\/loja.springschool.me\/produto\/orcamento-sem-falhas\/","name":"Or\u00e7amento Sem Falhas - Spring School - Loja Virtual","isPartOf":{"@id":"https:\/\/loja.springschool.me\/#website"},"datePublished":"2023-10-11T17:38:22+00:00","dateModified":"2023-10-11T17:39:11+00:00","description":"Super desconto com estoque limitado! Or\u00e7amento sem falhas de Nath Finan\u00e7as. Saia do vermelho e aprenda a poupar com pouco dinheiro.","breadcrumb":{"@id":"https:\/\/loja.springschool.me\/produto\/orcamento-sem-falhas\/#breadcrumb"},"inLanguage":"ja","potentialAction":[{"@type":"ReadAction","target":["https:\/\/loja.springschool.me\/produto\/orcamento-sem-falhas\/"]}]},{"@type":"BreadcrumbList","@id":"https:\/\/loja.springschool.me\/produto\/orcamento-sem-falhas\/#breadcrumb","itemListElement":[{"@type":"ListItem","position":1,"name":"In\u00edcio","item":"https:\/\/loja.springschool.me\/"},{"@type":"ListItem","position":2,"name":"Shop","item":"https:\/\/loja.springschool.me\/shop\/"},{"@type":"ListItem","position":3,"name":"Or\u00e7amento Sem Falhas"}]},{"@type":"WebSite","@id":"https:\/\/loja.springschool.me\/#website","url":"https:\/\/loja.springschool.me\/","name":"Spring School - Loja Virtual","description":"Just another WordPress site","potentialAction":[{"@type":"SearchAction","target":{"@type":"EntryPoint","urlTemplate":"https:\/\/loja.springschool.me\/?s={search_term_string}"},"query-input":"required name=search_term_string"}],"inLanguage":"ja"}]}},"_links":{"self":[{"href":"https:\/\/loja.springschool.me\/ja\/wp-json\/wp\/v2\/product\/1453"}],"collection":[{"href":"https:\/\/loja.springschool.me\/ja\/wp-json\/wp\/v2\/product"}],"about":[{"href":"https:\/\/loja.springschool.me\/ja\/wp-json\/wp\/v2\/types\/product"}],"version-history":[{"count":2,"href":"https:\/\/loja.springschool.me\/ja\/wp-json\/wp\/v2\/product\/1453\/revisions"}],"predecessor-version":[{"id":1455,"href":"https:\/\/loja.springschool.me\/ja\/wp-json\/wp\/v2\/product\/1453\/revisions\/1455"}],"wp:featuredmedia":[{"embeddable":true,"href":"https:\/\/loja.springschool.me\/ja\/wp-json\/wp\/v2\/media\/1445"}],"wp:attachment":[{"href":"https:\/\/loja.springschool.me\/ja\/wp-json\/wp\/v2\/media?parent=1453"}],"wp:term":[{"taxonomy":"product_cat","embeddable":true,"href":"https:\/\/loja.springschool.me\/ja\/wp-json\/wp\/v2\/product_cat?post=1453"},{"taxonomy":"product_tag","embeddable":true,"href":"https:\/\/loja.springschool.me\/ja\/wp-json\/wp\/v2\/product_tag?post=1453"}],"curies":[{"name":"wp","href":"https:\/\/api.w.org\/{rel}","templated":true}]}}