{"id":1440,"date":"2023-10-11T13:51:44","date_gmt":"2023-10-11T13:51:44","guid":{"rendered":"https:\/\/loja.springschool.me\/?post_type=product&#038;p=1440"},"modified":"2024-07-24T13:43:17","modified_gmt":"2024-07-24T13:43:17","slug":"a-grande-arte-de-se-reinventar","status":"publish","type":"product","link":"https:\/\/loja.springschool.me\/ja\/product\/a-grande-arte-de-se-reinventar\/","title":{"rendered":"\u81ea\u5206\u81ea\u8eab\u3092\u518d\u767a\u660e\u3059\u308b\u5049\u5927\u306a\u82b8\u8853"},"content":{"rendered":"<p>\u8457\u8005\u306f\u3001\u81ea\u8eab\u306e\u7d4c\u9a13\u306b\u57fa\u3065\u304f\u5b8c\u5168\u306a\u5185\u306a\u308b\u8abf\u548c\u306e\u63a2\u6c42\u306b\u57fa\u3065\u3044\u3066 7 \u3064\u306e\u30b9\u30ad\u30eb\u3092\u958b\u767a\u3057\u307e\u3057\u305f\u3002\u81ea\u5206\u81ea\u8eab\u3092\u518d\u767a\u660e\u3059\u308b\u5049\u5927\u306a\u82b8\u8853 \u2013 \u3042\u306a\u305f\u306e\u4eba\u751f\u3092\u5909\u3048\u308b\u3053\u3068\u304c\u3067\u304d\u308b 7 \u3064\u306e\u30b9\u30ad\u30eb\u306f\u3001\u5185\u306a\u308b\u5909\u9769\u3092\u901a\u3058\u3066\u4eba\u751f\u3084\u4ed6\u8005\u306b\u5bfe\u3059\u308b\u898b\u65b9\u3092\u5909\u3048\u308b\u3060\u3051\u3067\u3001\u79d8\u5bc6\u3092\u6301\u305f\u305a\u306b\u3053\u306e\u63a2\u6c42\u306e\u6210\u529f\u3092\u5171\u6709\u3067\u304d\u308b\u3088\u3046\u306b\u306a\u308a\u307e\u3059\u3002\u3057\u304b\u3057\u3001\u3069\u3046\u3084\u3063\u3066\uff1f\u81ea\u5206\u81ea\u8eab\u3092\u3088\u308a\u826f\u3044\u65b9\u5411\u306b\u518d\u767a\u660e\u3057\u3001\u81ea\u5206\u81ea\u8eab\u3092\u5909\u9769\u3059\u308b\u4e3b\u4f53\u3068\u306a\u308a\u3001\u6700\u9ad8\u306e\u81ea\u5206\u3068\u3064\u306a\u304c\u308a\u3001\u81ea\u5206\u3092\u53d7\u3051\u5165\u308c\u3001\u81ea\u5206\u306b\u9069\u5fdc\u3059\u308b\u306e\u3067\u306f\u306a\u304f\u3001\u81ea\u5206\u306e\u5185\u306a\u308b\u602a\u7269\u3068\u6226\u3046\u3053\u3068\u3002 7 \u3064\u306e\u30b9\u30ad\u30eb\u3092\u767a\u898b\u3057\u3001\u305d\u308c\u3092\u610f\u8b58\u7684\u306b\u6d3b\u7528\u3059\u308b\u524d\u5f8c\u306e\u4eba\u751f\u306e\u4e00\u7bc0\u3092\u8a9e\u308b\u30ec\u30aa\u30fb\u30c1\u30e3\u30d9\u30b9\u306e\u8a3c\u8a00\u306f\u3001\u5f7c\u304c\u6b63\u3057\u3044\u9053\u3092\u6b69\u3093\u3067\u3044\u305f\u3068\u3044\u3046\u53cd\u99c1\u306e\u4f59\u5730\u306e\u306a\u3044\u8a3c\u62e0\u3067\u3042\u308a\u3001\u793e\u4f1a\u7684\u306a\u4eee\u9762\u3092\u8107\u306b\u7f6e\u304d\u3001\u81ea\u5206\u81ea\u8eab\u3092\u518d\u767a\u898b\u3057\u3001\u6700\u9ad8\u306e\u3082\u306e\u3092\u898b\u3064\u3051\u308b\u3053\u3068\u304b\u3089\u59cb\u3081\u307e\u3057\u305f\u3002\u81ea\u5206\u81ea\u8eab\u3067\u3001\u81ea\u5206\u81ea\u8eab\u306b\u9769\u547d\u3092\u8d77\u3053\u3057\u3001\u81ea\u5206\u81ea\u8eab\u306e\u65c5\u3092\u30b3\u30f3\u30c8\u30ed\u30fc\u30eb\u3057\u3066\u304f\u3060\u3055\u3044\u3002\u3042\u306a\u305f\u306f\u4eba\u751f\u3068\u5909\u9769\u306e\u9053\u3092\u305f\u3069\u308b\u3053\u3068\u304c\u3067\u304d\u3001\u500b\u4eba\u7684\u306b\u3082\u4ed5\u4e8b\u4e0a\u3067\u3082\u9ad8\u3044\u30d1\u30d5\u30a9\u30fc\u30de\u30f3\u30b9\u3092\u767a\u63ee\u3057\u3066\u6700\u9ad8\u306e\u76ee\u6a19\u3092\u9054\u6210\u3067\u304d\u308b\u3053\u3068\u306b\u6c17\u3065\u304f\u3067\u3057\u3087\u3046\u3002\u3053\u306e\u672c\u3092\u8aad\u3093\u3060\u5f8c\u306f\u3001\u3042\u306a\u305f\u306f\u6c7a\u3057\u3066\u540c\u3058\u3067\u306f\u306a\u304f\u306a\u308a\u307e\u3059\u3002\u81ea\u5df1\u8a8d\u8b58\u306e\u4e16\u754c\u306b\u76ee\u3092\u5411\u3051\u3001\u305d\u3053\u304b\u3089\u5049\u5927\u306a\u5909\u5316\u306e\u82b8\u8853\u3092\u9054\u6210\u3059\u308b\u305f\u3081\u306b\u884c\u52d5\u3092\u8d77\u3053\u3059\u65b9\u6cd5\u3092\u6559\u3048\u3066\u304f\u308c\u308b\u4f5c\u54c1\u3067\u3059\u3002<\/p>\n<h3>\u8457\u8005\u306b\u3064\u3044\u3066<\/h3>\n<div class=\"a-section a-spacing-small a-padding-small\">\u30df\u30ca\u30b9\u30b8\u30a7\u30e9\u30a4\u30b9\u5dde\u30dd\u30f3\u30c6\u30ce\u30f4\u30a1\u751f\u307e\u308c\u306e\u30ec\u30aa\u30fb\u30c1\u30e3\u30d9\u30b9\u306f\u3001\u4f5c\u66f2\u5bb6\u3001\u6b4c\u624b\u3001\u7de8\u66f2\u5bb6\u3001\u30d7\u30ed\u30c7\u30e5\u30fc\u30b5\u30fc\u3067\u3042\u308a\u300110\u5e74\u4ee5\u4e0a\u306b\u308f\u305f\u308a\u56fd\u6c11\u7684\u30a2\u30fc\u30c6\u30a3\u30b9\u30c8\u306e\u4e00\u4eba\u3068\u3057\u3066\u8a8d\u3081\u3089\u308c\u3001\u5144\u306e\u30d3\u30af\u30bf\u30fc\u3068\u4e26\u3093\u3067\u5f7c\u306e\u6b4c\u58f0\u306f\u56fd\u4e2d\u306e\u30d5\u30a1\u30f3\u3092\u7372\u5f97\u3057\u307e\u3057\u305f\u3002\u5f7c\u306f\u30df\u30e5\u30fc\u30b8\u30b7\u30e3\u30f3\u3067\u3042\u308b\u3053\u3068\u306b\u52a0\u3048\u3066\u3001\u30a2\u30b0\u30ea\u30d3\u30b8\u30cd\u30b9\u306e\u8d77\u696d\u5bb6\u3067\u3082\u3042\u308a\u3001\u30d1\u30e9\u30a4\u30bd\u8fb2\u5834\u3067\u30bb\u30cd\u30dd\u30eb\u725b\u3092\u80b2\u3066\u3066\u3044\u307e\u3059\u3002\u5f7c\u306f\u3001\u516c\u7684\u6a5f\u95a2\u3084 NGO \u306e\u5b50\u4f9b\u3084\u9752\u5c11\u5e74\u306e\u793e\u4f1a\u611f\u60c5\u7684\u30b9\u30ad\u30eb\u3092\u958b\u767a\u3059\u308b\u3053\u3068\u3092\u76ee\u7684\u3068\u3057\u305f\u30db\u30fc\u30c6\u30f3\u30b9\u7814\u7a76\u6240\u306e\u5275\u8a2d\u8005\u517c\u7406\u4e8b\u9577\u3067\u3042\u308a\u3001\u73fe\u5728\u3001\u3053\u306e\u6d3b\u52d5\u306f 35,000 \u4eba\u4ee5\u4e0a\u306b\u5f71\u97ff\u3092\u4e0e\u3048\u3066\u3044\u307e\u3059\u3002\u5f7c\u306f 3 \u5e74\u9593\u4f5c\u5bb6\u517c\u8b1b\u6f14\u8005\u3068\u3057\u3066\u6d3b\u52d5\u3057\u3066\u304a\u308a\u3001\u904e\u53bb 12 \u304b\u6708\u3067 50 \u4ee5\u4e0a\u306e\u8b1b\u6f14\u3092\u884c\u3063\u3066\u304d\u307e\u3057\u305f\u3002\u5f7c\u306f\u30b8\u30e7\u30d9\u30e0\u30fb\u30a2\u30ec\u30f3\u30c7\u30a3\u30b9\u30fb\u30d7\u30ed\u30b0\u30e9\u30e0\u306e\u30a2\u30f3\u30d0\u30b5\u30c0\u30fc\u3067\u3082\u3042\u308a\u3001\u4e2d\u898f\u6a21\u304a\u3088\u3073\u5927\u4f01\u696d\u306b\u96c7\u7528\u3055\u308c\u308b\u6a29\u5229\u3092\u6301\u306414\u6b73\u304b\u308924\u6b73\u306e\u82e5\u8005\u306e\u4ee3\u5f01\u8005\u3067\u3082\u3042\u308a\u307e\u3059\u3002\u30ec\u30aa\u30fb\u30c1\u30e3\u30d9\u30b9\u306f\u3001\u30d6\u30e9\u30b8\u30eb\u795e\u7d4c\u8a00\u8a9e\u5b66\u4f1a\u306b\u3088\u308a\u795e\u7d4c\u8a00\u8a9e\u30d7\u30ed\u30b0\u30e9\u30df\u30f3\u30b0\u306e\u8a8d\u5b9a\u3092\u53d7\u3051\u3066\u304a\u308a\u3001\u8fd1\u5e74\u306f\u5fc3\u306e\u77e5\u80fd\u6307\u6570\u3001\u611f\u60c5\u7ba1\u7406\u3001\u54f2\u5b66\u3001\u5bb6\u65cf\u304a\u3088\u3073\u5b66\u6821\u6559\u80b2\u3001\u30b3\u30fc\u30c1\u30f3\u30b0\u3001\u6559\u80b2\u5b66\u306e\u7814\u7a76\u3092\u6df1\u304f\u7814\u7a76\u3057\u3066\u3044\u307e\u3059\u3002\u5f7c\u306e\u6700\u521d\u306e\u672c\u300e\u5929\u4f7f\u306e\u819d\u306e\u4e0a\u300f\u306f\u30d9\u30b9\u30c8\u30bb\u30e9\u30fc\u306b\u306a\u308a\u307e\u3057\u305f\u3002<\/div>","protected":false},"excerpt":{"rendered":"<p><strong>\u5728\u5eab\u9650\u308a\u306e\u30b9\u30fc\u30d1\u30fc\u30d7\u30ed\u30e2\u30fc\u30b7\u30e7\u30f3\uff01<\/strong><\/p>\n<p id=\"title\" class=\"a-spacing-none a-text-normal\"><span id=\"productTitle\" class=\"a-size-extra-large celwidget\" data-csa-c-id=\"3c4o7a-npfb0q-3xuuz7-c20h5s\" data-cel-widget=\"productTitle\">\u3042\u306a\u305f\u306e\u4eba\u751f\u3092\u5909\u3048\u308b7\u3064\u306e\u30b9\u30ad\u30eb\u3002\u30ec\u30aa\u30fb\u30c1\u30e3\u30d9\u30b9\u306f\u3001\u3053\u306e\u4f5c\u54c1\u306e\u4e2d\u3067\u3001\u81ea\u5206\u306b\u3068\u3063\u3066\u60aa\u3044\u3053\u3068\u304b\u3089\u81ea\u5206\u3092\u5207\u308a\u96e2\u3057\u3001\u81ea\u5206\u3092\u5e78\u305b\u306b\u3057\u3066\u304f\u308c\u308b\u3082\u306e\u3092\u53d7\u3051\u5165\u308c\u308b\u305f\u3081\u306e\u30b9\u30c6\u30c3\u30d7\u30d0\u30a4\u30b9\u30c6\u30c3\u30d7\u306e\u30ac\u30a4\u30c9\u3092\u63d0\u793a\u3057\u307e\u3059\u3002<\/span><\/p>","protected":false},"featured_media":1443,"template":"","meta":[],"product_cat":[20],"product_tag":[78],"yoast_head":"<!-- This site is optimized with the Yoast SEO plugin v20.11 - https:\/\/yoast.com\/wordpress\/plugins\/seo\/ -->\n<title>A grande arte de se reinventar - Spring School - Loja Virtual<\/title>\n<meta name=\"description\" content=\"Promo\u00e7\u00e3o com estoque limitado! Leo Chaves apresenta nesta obra o passo a passo para que voc\u00ea se separe daquilo que te faz mal e abrace o que te faz feliz.\" \/>\n<meta name=\"robots\" content=\"index, follow, max-snippet:-1, max-image-preview:large, max-video-preview:-1\" \/>\n<link rel=\"canonical\" href=\"https:\/\/loja.springschool.me\/ja\/product\/a-grande-arte-de-se-reinventar\/\" \/>\n<meta property=\"og:locale\" content=\"ja_JP\" \/>\n<meta property=\"og:type\" content=\"article\" \/>\n<meta property=\"og:title\" content=\"A grande arte de se reinventar - Spring School - Loja Virtual\" \/>\n<meta property=\"og:description\" content=\"Promo\u00e7\u00e3o com estoque limitado! Leo Chaves apresenta nesta obra o passo a passo para que voc\u00ea se separe daquilo que te faz mal e abrace o que te faz feliz.\" \/>\n<meta property=\"og:url\" content=\"https:\/\/loja.springschool.me\/ja\/product\/a-grande-arte-de-se-reinventar\/\" \/>\n<meta property=\"og:site_name\" content=\"Spring School - Loja Virtual\" \/>\n<meta property=\"article:modified_time\" content=\"2024-07-24T13:43:17+00:00\" \/>\n<meta property=\"og:image\" content=\"https:\/\/loja.springschool.me\/wp-content\/uploads\/2023\/10\/spring-school-loja-livro-a-grande-arte-de-se-reiventar-01.jpg\" \/>\n\t<meta property=\"og:image:width\" content=\"1000\" \/>\n\t<meta property=\"og:image:height\" content=\"1000\" \/>\n\t<meta property=\"og:image:type\" content=\"image\/jpeg\" \/>\n<meta name=\"twitter:card\" content=\"summary_large_image\" \/>\n<meta name=\"twitter:label1\" content=\"\u63a8\u5b9a\u8aad\u307f\u53d6\u308a\u6642\u9593\" \/>\n\t<meta name=\"twitter:data1\" content=\"3\u5206\" \/>\n<script type=\"application\/ld+json\" class=\"yoast-schema-graph\">{\"@context\":\"https:\/\/schema.org\",\"@graph\":[{\"@type\":\"WebPage\",\"@id\":\"https:\/\/loja.springschool.me\/ja\/product\/a-grande-arte-de-se-reinventar\/\",\"url\":\"https:\/\/loja.springschool.me\/ja\/product\/a-grande-arte-de-se-reinventar\/\",\"name\":\"A grande arte de se reinventar - Spring School - Loja Virtual\",\"isPartOf\":{\"@id\":\"https:\/\/loja.springschool.me\/#website\"},\"datePublished\":\"2023-10-11T13:51:44+00:00\",\"dateModified\":\"2024-07-24T13:43:17+00:00\",\"description\":\"Promo\u00e7\u00e3o com estoque limitado! Leo Chaves apresenta nesta obra o passo a passo para que voc\u00ea se separe daquilo que te faz mal e abrace o que te faz feliz.\",\"breadcrumb\":{\"@id\":\"https:\/\/loja.springschool.me\/ja\/product\/a-grande-arte-de-se-reinventar\/#breadcrumb\"},\"inLanguage\":\"ja\",\"potentialAction\":[{\"@type\":\"ReadAction\",\"target\":[\"https:\/\/loja.springschool.me\/ja\/product\/a-grande-arte-de-se-reinventar\/\"]}]},{\"@type\":\"BreadcrumbList\",\"@id\":\"https:\/\/loja.springschool.me\/ja\/product\/a-grande-arte-de-se-reinventar\/#breadcrumb\",\"itemListElement\":[{\"@type\":\"ListItem\",\"position\":1,\"name\":\"In\u00edcio\",\"item\":\"https:\/\/loja.springschool.me\/\"},{\"@type\":\"ListItem\",\"position\":2,\"name\":\"Shop\",\"item\":\"https:\/\/loja.springschool.me\/shop\/\"},{\"@type\":\"ListItem\",\"position\":3,\"name\":\"A grande arte de se reinventar\"}]},{\"@type\":\"WebSite\",\"@id\":\"https:\/\/loja.springschool.me\/#website\",\"url\":\"https:\/\/loja.springschool.me\/\",\"name\":\"Spring School - Loja Virtual\",\"description\":\"Just another WordPress site\",\"potentialAction\":[{\"@type\":\"SearchAction\",\"target\":{\"@type\":\"EntryPoint\",\"urlTemplate\":\"https:\/\/loja.springschool.me\/?s={search_term_string}\"},\"query-input\":\"required name=search_term_string\"}],\"inLanguage\":\"ja\"}]}<\/script>\n<!-- \/ Yoast SEO plugin. -->","yoast_head_json":{"title":"A grande arte de se reinventar - Spring School - Loja Virtual","description":"Promo\u00e7\u00e3o com estoque limitado! Leo Chaves apresenta nesta obra o passo a passo para que voc\u00ea se separe daquilo que te faz mal e abrace o que te faz feliz.","robots":{"index":"index","follow":"follow","max-snippet":"max-snippet:-1","max-image-preview":"max-image-preview:large","max-video-preview":"max-video-preview:-1"},"canonical":"https:\/\/loja.springschool.me\/ja\/product\/a-grande-arte-de-se-reinventar\/","og_locale":"ja_JP","og_type":"article","og_title":"A grande arte de se reinventar - Spring School - Loja Virtual","og_description":"Promo\u00e7\u00e3o com estoque limitado! Leo Chaves apresenta nesta obra o passo a passo para que voc\u00ea se separe daquilo que te faz mal e abrace o que te faz feliz.","og_url":"https:\/\/loja.springschool.me\/ja\/product\/a-grande-arte-de-se-reinventar\/","og_site_name":"Spring School - Loja Virtual","article_modified_time":"2024-07-24T13:43:17+00:00","og_image":[{"width":1000,"height":1000,"url":"https:\/\/loja.springschool.me\/wp-content\/uploads\/2023\/10\/spring-school-loja-livro-a-grande-arte-de-se-reiventar-01.jpg","type":"image\/jpeg"}],"twitter_card":"summary_large_image","twitter_misc":{"\u63a8\u5b9a\u8aad\u307f\u53d6\u308a\u6642\u9593":"3\u5206"},"schema":{"@context":"https:\/\/schema.org","@graph":[{"@type":"WebPage","@id":"https:\/\/loja.springschool.me\/ja\/product\/a-grande-arte-de-se-reinventar\/","url":"https:\/\/loja.springschool.me\/ja\/product\/a-grande-arte-de-se-reinventar\/","name":"A grande arte de se reinventar - Spring School - Loja Virtual","isPartOf":{"@id":"https:\/\/loja.springschool.me\/#website"},"datePublished":"2023-10-11T13:51:44+00:00","dateModified":"2024-07-24T13:43:17+00:00","description":"Promo\u00e7\u00e3o com estoque limitado! Leo Chaves apresenta nesta obra o passo a passo para que voc\u00ea se separe daquilo que te faz mal e abrace o que te faz feliz.","breadcrumb":{"@id":"https:\/\/loja.springschool.me\/ja\/product\/a-grande-arte-de-se-reinventar\/#breadcrumb"},"inLanguage":"ja","potentialAction":[{"@type":"ReadAction","target":["https:\/\/loja.springschool.me\/ja\/product\/a-grande-arte-de-se-reinventar\/"]}]},{"@type":"BreadcrumbList","@id":"https:\/\/loja.springschool.me\/ja\/product\/a-grande-arte-de-se-reinventar\/#breadcrumb","itemListElement":[{"@type":"ListItem","position":1,"name":"In\u00edcio","item":"https:\/\/loja.springschool.me\/"},{"@type":"ListItem","position":2,"name":"Shop","item":"https:\/\/loja.springschool.me\/shop\/"},{"@type":"ListItem","position":3,"name":"A grande arte de se reinventar"}]},{"@type":"WebSite","@id":"https:\/\/loja.springschool.me\/#website","url":"https:\/\/loja.springschool.me\/","name":"Spring School - Loja Virtual","description":"Just another WordPress site","potentialAction":[{"@type":"SearchAction","target":{"@type":"EntryPoint","urlTemplate":"https:\/\/loja.springschool.me\/?s={search_term_string}"},"query-input":"required name=search_term_string"}],"inLanguage":"ja"}]}},"_links":{"self":[{"href":"https:\/\/loja.springschool.me\/ja\/wp-json\/wp\/v2\/product\/1440"}],"collection":[{"href":"https:\/\/loja.springschool.me\/ja\/wp-json\/wp\/v2\/product"}],"about":[{"href":"https:\/\/loja.springschool.me\/ja\/wp-json\/wp\/v2\/types\/product"}],"version-history":[{"count":1,"href":"https:\/\/loja.springschool.me\/ja\/wp-json\/wp\/v2\/product\/1440\/revisions"}],"predecessor-version":[{"id":1441,"href":"https:\/\/loja.springschool.me\/ja\/wp-json\/wp\/v2\/product\/1440\/revisions\/1441"}],"wp:featuredmedia":[{"embeddable":true,"href":"https:\/\/loja.springschool.me\/ja\/wp-json\/wp\/v2\/media\/1443"}],"wp:attachment":[{"href":"https:\/\/loja.springschool.me\/ja\/wp-json\/wp\/v2\/media?parent=1440"}],"wp:term":[{"taxonomy":"product_cat","embeddable":true,"href":"https:\/\/loja.springschool.me\/ja\/wp-json\/wp\/v2\/product_cat?post=1440"},{"taxonomy":"product_tag","embeddable":true,"href":"https:\/\/loja.springschool.me\/ja\/wp-json\/wp\/v2\/product_tag?post=1440"}],"curies":[{"name":"wp","href":"https:\/\/api.w.org\/{rel}","templated":true}]}}