{"id":1438,"date":"2023-10-10T14:26:28","date_gmt":"2023-10-10T14:26:28","guid":{"rendered":"https:\/\/loja.springschool.me\/?post_type=product&#038;p=1438"},"modified":"2024-07-25T00:07:01","modified_gmt":"2024-07-25T00:07:01","slug":"isso-nunca-vai-funcionar","status":"publish","type":"product","link":"https:\/\/loja.springschool.me\/ja\/product\/isso-nunca-vai-funcionar\/","title":{"rendered":"\u3053\u308c\u306f\u6c7a\u3057\u3066\u3046\u307e\u304f\u3044\u304d\u307e\u305b\u3093"},"content":{"rendered":"<p>\u304b\u3064\u3066\u306f\u3001\u4f1d\u7d71\u7684\u306a\u30d3\u30c7\u30aa\u5e97\u304c\u3053\u306e\u5206\u91ce\u306e\u738b\u69d8\u3067\u3001VHS \u30c6\u30fc\u30d7\u306f\u5dfb\u304d\u623b\u3059\u5fc5\u8981\u304c\u3042\u308a\u3001\u898f\u5b9a\u306e\u671f\u65e5\u307e\u3067\u306b\u8fd4\u5374\u3057\u306a\u3044\u3068\u7f70\u91d1\u304c\u8ab2\u305b\u3089\u308c\u307e\u3057\u305f\u3002\u5ef6\u6ede\u7f70\u91d1\u306f\u3044\u305f\u308b\u3068\u3053\u308d\u306b\u3042\u308a\u3001\u30d3\u30c7\u30aa\u30b9\u30c8\u30ea\u30fc\u30df\u30f3\u30b0\u306f\u524d\u4ee3\u672a\u805e\u3067\u3001DVD \u306e\u666e\u53ca\u306f\u7a7a\u98db\u3076\u81ea\u52d5\u8eca\u3068\u540c\u3058\u304f\u3089\u3044\u5dee\u3057\u8feb\u3063\u3066\u3044\u308b\u3088\u3046\u306b\u898b\u3048\u307e\u3057\u305f\u3002 1997 \u5e74\u3001\u6b74\u53f2\u306e\u5931\u308f\u308c\u305f\u77ac\u9593\u306b\u3001\u30de\u30fc\u30af \u30e9\u30f3\u30c9\u30eb\u30d5\u306f\u3042\u308b\u30a2\u30a4\u30c7\u30a2\u3092\u601d\u3044\u3064\u304d\u307e\u3057\u305f\u3002\u30a4\u30f3\u30bf\u30fc\u30cd\u30c3\u30c8\u3092\u4f7f\u3063\u3066\u6620\u753b\u3092\u30ec\u30f3\u30bf\u30eb\u3057\u305f\u3089\u3069\u3046\u306a\u308b\u3067\u3057\u3087\u3046\u304b?\u3053\u306e\u7a2e\u306e\u30a2\u30a4\u30c7\u30a2\u306f\u3053\u308c\u304c\u521d\u3081\u3066\u3067\u306f\u3042\u308a\u307e\u305b\u3093\u3067\u3057\u305f\u3002\u51fa\u52e4\u9014\u4e2d\u3001\u30de\u30fc\u30af\u306f\u30d3\u30b8\u30cd\u30b9\u30d1\u30fc\u30c8\u30ca\u30fc\u306e\u30ea\u30fc\u30c9\u30fb\u30d8\u30a4\u30b9\u30c6\u30a3\u30f3\u30b0\u30b9\u3068\u3001\u30b7\u30e3\u30f3\u30d7\u30fc\u914d\u9054\u30b5\u30fc\u30d3\u30b9\u3084\u3001\u500b\u4eba\u7528\u91ce\u7403\u30d0\u30c3\u30c8\u306a\u3069\u306e\u300c\u30d8\u30a6\u30ec\u30ab\u300d\u3092\u958b\u767a\u3059\u308b\u30a6\u30a7\u30d6\u30b5\u30a4\u30c8\u306b\u3064\u3044\u3066\u3059\u3067\u306b\u8a71\u3057\u5408\u3063\u3066\u3044\u305f\u3002\u3057\u304b\u3057\u4eca\u56de\u306f\u30d8\u30a4\u30b9\u30c6\u30a3\u30f3\u30b0\u30b9\u304c\u8208\u5473\u3092\u305d\u305d\u3089\u308c\u3001\u30d8\u30a4\u30b9\u30c6\u30a3\u30f3\u30b0\u30b9\u304c\u7b46\u982d\u6295\u8cc7\u5bb6\u3001\u30e9\u30f3\u30c9\u30eb\u30d5\u304c\u521d\u4ee3CEO\u3068\u3057\u3066\u4e8c\u4eba\u3067\u4f1a\u793e\u3092\u8a2d\u7acb\u3057\u305f\u3002\u52a0\u5165\u8005\u304c 1 \u5104 5,000 \u4e07\u4eba\u3092\u8d85\u3048\u3066\u3044\u308b Netflix \u306e\u52dd\u5229\u306f\u907f\u3051\u3089\u308c\u306a\u3044\u3088\u3046\u306b\u601d\u3048\u307e\u3059\u304c\u3001\u3059\u3079\u3066\u306f\u307b\u3068\u3093\u3069\u4fe1\u983c\u3092\u5bc4\u305b\u308b\u3053\u3068\u306a\u304f\u59cb\u307e\u308a\u3001\u9014\u4e2d\u3067\u591a\u304f\u306e\u632b\u6298\u3092\u7d4c\u9a13\u3057\u307e\u3057\u305f\u3002\u3053\u306e\u9a5a\u304f\u3079\u304d\u65c5\u306f\u3001\u305f\u3068\u3048\u591a\u304f\u306e\u4eba\u304c\u81ea\u5206\u306e\u30a2\u30a4\u30c7\u30a2\u306f\u6c7a\u3057\u3066\u3046\u307e\u304f\u3044\u304b\u306a\u3044\u3068\u601d\u3063\u3066\u3044\u305f\u3068\u3057\u3066\u3082\u3001\u52c7\u6c17\u3001\u76f4\u611f\u3001\u6c7a\u610f\u304c\u3042\u308c\u3070\u8ab0\u3067\u3082\u4e16\u754c\u3092\u5909\u3048\u308b\u3053\u3068\u304c\u3067\u304d\u308b\u3068\u3044\u3046\u4f8b\u3067\u3059\u3002<\/p>\n<h3>\u8457\u8005\u306b\u3064\u3044\u3066<\/h3>\n<div class=\"a-section a-spacing-small a-padding-small\">\u30de\u30fc\u30af\u30fb\u30e9\u30f3\u30c9\u30eb\u30d5\u306f Netflix \u306e\u5171\u540c\u5275\u8a2d\u8005\u3067\u30012004 \u5e74\u306b\u5f15\u9000\u3059\u308b\u307e\u3067\u540c\u30b5\u30a4\u30c8\u306e\u521d\u4ee3 CEO\u3001\u88fd\u4f5c\u7dcf\u6307\u63ee\u8005\u3001\u53d6\u7de0\u5f79\u4f1a\u306e\u30e1\u30f3\u30d0\u30fc\u3092\u52d9\u3081\u307e\u3057\u305f\u3002Netflix \u306e\u5275\u8a2d\u8005\u3068\u3057\u3066\u6700\u3082\u3088\u304f\u77e5\u3089\u308c\u3066\u3044\u307e\u3059\u304c\u3001\u30de\u30fc\u30af\u306f\u3001Netflix \u306e\u5275\u8a2d\u8005\u3068\u3057\u3066 40 \u5e74\u4ee5\u4e0a\u306e\u30ad\u30e3\u30ea\u30a2\u3092\u6301\u3063\u3066\u3044\u307e\u3059\u3002\u30b7\u30ea\u30b3\u30f3\u30d0\u30ec\u30fc\u306e\u8d77\u696d\u5bb6\u3002\u5f7c\u306f\u4ed6\u306b\u3082 6 \u793e\u4ee5\u4e0a\u306e\u6210\u529f\u3057\u305f\u30b9\u30bf\u30fc\u30c8\u30a2\u30c3\u30d7\u4f01\u696d\u3092\u8a2d\u7acb\u307e\u305f\u306f\u5171\u540c\u8a2d\u7acb\u3057\u3001\u65b0\u8208\u8d77\u696d\u5bb6\u3092\u6307\u5c0e\u3057\u3001\u3044\u304f\u3064\u304b\u306e\u6210\u529f\u3057\u305f\u30c6\u30af\u30ce\u30ed\u30b8\u30fc\u30d9\u30f3\u30c1\u30e3\u30fc\u306b\u6295\u8cc7\u3057\u3066\u304d\u307e\u3057\u305f\u3002\u5f7c\u306f\u56fd\u5185\u5916\u306e\u4f01\u696d\u3084\u696d\u754c\u30a4\u30d9\u30f3\u30c8\u3067\u8b1b\u6f14\u3057\u3066\u3044\u307e\u3059\u3002\u30e9\u30f3\u30c9\u30eb\u30d5\u306f\u30ab\u30ea\u30d5\u30a9\u30eb\u30cb\u30a2\u5dde\u30b5\u30f3\u30bf\u30af\u30eb\u30fc\u30ba\u306b\u4f4f\u3093\u3067\u3044\u307e\u3059\u3002<\/div>","protected":false},"excerpt":{"rendered":"<p><strong>\u5728\u5eab\u9650\u308a\u306e\u30b9\u30fc\u30d1\u30fc\u30d7\u30ed\u30e2\u30fc\u30b7\u30e7\u30f3\uff01<\/strong><\/p>\n<p>\u521d\u4ee3 CEO \u304c\u8a9e\u3063\u305f\u3001NETFLIX \u304c\u3069\u306e\u3088\u3046\u306b\u3057\u3066\u30a2\u30a4\u30c7\u30a2\u304b\u3089\u4f1a\u793e\u3078\u3068\u6210\u9577\u3057\u305f\u306e\u304b\u306b\u3064\u3044\u3066\u306e\u9a5a\u304f\u3079\u304d\u30b9\u30c8\u30fc\u30ea\u30fc\u3092\u3054\u89a7\u304f\u3060\u3055\u3044\u3002\u3053\u306e\u65c5\u306f\u3001\u52c7\u6c17\u3001\u672c\u80fd\u3001\u6c7a\u610f\u304c\u3042\u308c\u3070\u8ab0\u3067\u3082\u4e16\u754c\u3092\u5909\u3048\u308b\u3053\u3068\u304c\u3067\u304d\u308b\u3068\u3044\u3046\u4f8b\u3067\u3059\u3002\u305f\u3068\u3048\u591a\u304f\u306e\u4eba\u304c\u81ea\u5206\u306e\u30a2\u30a4\u30c7\u30a2\u306f\u6c7a\u3057\u3066\u3046\u307e\u304f\u3044\u304b\u306a\u3044\u3068\u601d\u3063\u3066\u3044\u305f\u3068\u3057\u3066\u3082\u3002<\/p>\n<p>&nbsp;<\/p>","protected":false},"featured_media":1406,"template":"","meta":[],"product_cat":[20],"product_tag":[78,83],"yoast_head":"<!-- This site is optimized with the Yoast SEO plugin v20.11 - https:\/\/yoast.com\/wordpress\/plugins\/seo\/ -->\n<title>Isso nunca vai funcionar - Spring School - Loja Virtual<\/title>\n<meta name=\"description\" content=\"Promo\u00e7\u00e3o com estoque limitado! Isso nunca vai funcionar: O nascimento da Netflix e a incr\u00edvel vida de uma ideia contada pelo seu cofundador e primeiro CEO.\" \/>\n<meta name=\"robots\" content=\"index, follow, max-snippet:-1, max-image-preview:large, max-video-preview:-1\" \/>\n<link rel=\"canonical\" href=\"https:\/\/loja.springschool.me\/ja\/product\/isso-nunca-vai-funcionar\/\" \/>\n<meta property=\"og:locale\" content=\"ja_JP\" \/>\n<meta property=\"og:type\" content=\"article\" \/>\n<meta property=\"og:title\" content=\"Isso nunca vai funcionar - Spring School - Loja Virtual\" \/>\n<meta property=\"og:description\" content=\"Promo\u00e7\u00e3o com estoque limitado! Isso nunca vai funcionar: O nascimento da Netflix e a incr\u00edvel vida de uma ideia contada pelo seu cofundador e primeiro CEO.\" \/>\n<meta property=\"og:url\" content=\"https:\/\/loja.springschool.me\/ja\/product\/isso-nunca-vai-funcionar\/\" \/>\n<meta property=\"og:site_name\" content=\"Spring School - Loja Virtual\" \/>\n<meta property=\"article:modified_time\" content=\"2024-07-25T00:07:01+00:00\" \/>\n<meta property=\"og:image\" content=\"https:\/\/loja.springschool.me\/wp-content\/uploads\/2023\/10\/spring-school-loja-livro-isso-nunca-vai-funcionar-01.jpg\" \/>\n\t<meta property=\"og:image:width\" content=\"1000\" \/>\n\t<meta property=\"og:image:height\" content=\"1000\" \/>\n\t<meta property=\"og:image:type\" content=\"image\/jpeg\" \/>\n<meta name=\"twitter:card\" content=\"summary_large_image\" \/>\n<meta name=\"twitter:label1\" content=\"\u63a8\u5b9a\u8aad\u307f\u53d6\u308a\u6642\u9593\" \/>\n\t<meta name=\"twitter:data1\" content=\"2\u5206\" \/>\n<script type=\"application\/ld+json\" class=\"yoast-schema-graph\">{\"@context\":\"https:\/\/schema.org\",\"@graph\":[{\"@type\":\"WebPage\",\"@id\":\"https:\/\/loja.springschool.me\/produto\/isso-nunca-vai-funcionar\/\",\"url\":\"https:\/\/loja.springschool.me\/produto\/isso-nunca-vai-funcionar\/\",\"name\":\"Isso nunca vai funcionar - Spring School - Loja Virtual\",\"isPartOf\":{\"@id\":\"https:\/\/loja.springschool.me\/#website\"},\"datePublished\":\"2023-10-10T14:26:28+00:00\",\"dateModified\":\"2024-07-25T00:07:01+00:00\",\"description\":\"Promo\u00e7\u00e3o com estoque limitado! Isso nunca vai funcionar: O nascimento da Netflix e a incr\u00edvel vida de uma ideia contada pelo seu cofundador e primeiro CEO.\",\"breadcrumb\":{\"@id\":\"https:\/\/loja.springschool.me\/produto\/isso-nunca-vai-funcionar\/#breadcrumb\"},\"inLanguage\":\"ja\",\"potentialAction\":[{\"@type\":\"ReadAction\",\"target\":[\"https:\/\/loja.springschool.me\/produto\/isso-nunca-vai-funcionar\/\"]}]},{\"@type\":\"BreadcrumbList\",\"@id\":\"https:\/\/loja.springschool.me\/produto\/isso-nunca-vai-funcionar\/#breadcrumb\",\"itemListElement\":[{\"@type\":\"ListItem\",\"position\":1,\"name\":\"In\u00edcio\",\"item\":\"https:\/\/loja.springschool.me\/\"},{\"@type\":\"ListItem\",\"position\":2,\"name\":\"Shop\",\"item\":\"https:\/\/loja.springschool.me\/shop\/\"},{\"@type\":\"ListItem\",\"position\":3,\"name\":\"Isso nunca vai funcionar\"}]},{\"@type\":\"WebSite\",\"@id\":\"https:\/\/loja.springschool.me\/#website\",\"url\":\"https:\/\/loja.springschool.me\/\",\"name\":\"Spring School - Loja Virtual\",\"description\":\"Just another WordPress site\",\"potentialAction\":[{\"@type\":\"SearchAction\",\"target\":{\"@type\":\"EntryPoint\",\"urlTemplate\":\"https:\/\/loja.springschool.me\/?s={search_term_string}\"},\"query-input\":\"required name=search_term_string\"}],\"inLanguage\":\"ja\"}]}<\/script>\n<!-- \/ Yoast SEO plugin. -->","yoast_head_json":{"title":"Isso nunca vai funcionar - Spring School - Loja Virtual","description":"Promo\u00e7\u00e3o com estoque limitado! Isso nunca vai funcionar: O nascimento da Netflix e a incr\u00edvel vida de uma ideia contada pelo seu cofundador e primeiro CEO.","robots":{"index":"index","follow":"follow","max-snippet":"max-snippet:-1","max-image-preview":"max-image-preview:large","max-video-preview":"max-video-preview:-1"},"canonical":"https:\/\/loja.springschool.me\/ja\/product\/isso-nunca-vai-funcionar\/","og_locale":"ja_JP","og_type":"article","og_title":"Isso nunca vai funcionar - Spring School - Loja Virtual","og_description":"Promo\u00e7\u00e3o com estoque limitado! Isso nunca vai funcionar: O nascimento da Netflix e a incr\u00edvel vida de uma ideia contada pelo seu cofundador e primeiro CEO.","og_url":"https:\/\/loja.springschool.me\/ja\/product\/isso-nunca-vai-funcionar\/","og_site_name":"Spring School - Loja Virtual","article_modified_time":"2024-07-25T00:07:01+00:00","og_image":[{"width":1000,"height":1000,"url":"https:\/\/loja.springschool.me\/wp-content\/uploads\/2023\/10\/spring-school-loja-livro-isso-nunca-vai-funcionar-01.jpg","type":"image\/jpeg"}],"twitter_card":"summary_large_image","twitter_misc":{"\u63a8\u5b9a\u8aad\u307f\u53d6\u308a\u6642\u9593":"2\u5206"},"schema":{"@context":"https:\/\/schema.org","@graph":[{"@type":"WebPage","@id":"https:\/\/loja.springschool.me\/produto\/isso-nunca-vai-funcionar\/","url":"https:\/\/loja.springschool.me\/produto\/isso-nunca-vai-funcionar\/","name":"Isso nunca vai funcionar - Spring School - Loja Virtual","isPartOf":{"@id":"https:\/\/loja.springschool.me\/#website"},"datePublished":"2023-10-10T14:26:28+00:00","dateModified":"2024-07-25T00:07:01+00:00","description":"Promo\u00e7\u00e3o com estoque limitado! Isso nunca vai funcionar: O nascimento da Netflix e a incr\u00edvel vida de uma ideia contada pelo seu cofundador e primeiro CEO.","breadcrumb":{"@id":"https:\/\/loja.springschool.me\/produto\/isso-nunca-vai-funcionar\/#breadcrumb"},"inLanguage":"ja","potentialAction":[{"@type":"ReadAction","target":["https:\/\/loja.springschool.me\/produto\/isso-nunca-vai-funcionar\/"]}]},{"@type":"BreadcrumbList","@id":"https:\/\/loja.springschool.me\/produto\/isso-nunca-vai-funcionar\/#breadcrumb","itemListElement":[{"@type":"ListItem","position":1,"name":"In\u00edcio","item":"https:\/\/loja.springschool.me\/"},{"@type":"ListItem","position":2,"name":"Shop","item":"https:\/\/loja.springschool.me\/shop\/"},{"@type":"ListItem","position":3,"name":"Isso nunca vai funcionar"}]},{"@type":"WebSite","@id":"https:\/\/loja.springschool.me\/#website","url":"https:\/\/loja.springschool.me\/","name":"Spring School - Loja Virtual","description":"Just another WordPress site","potentialAction":[{"@type":"SearchAction","target":{"@type":"EntryPoint","urlTemplate":"https:\/\/loja.springschool.me\/?s={search_term_string}"},"query-input":"required name=search_term_string"}],"inLanguage":"ja"}]}},"_links":{"self":[{"href":"https:\/\/loja.springschool.me\/ja\/wp-json\/wp\/v2\/product\/1438"}],"collection":[{"href":"https:\/\/loja.springschool.me\/ja\/wp-json\/wp\/v2\/product"}],"about":[{"href":"https:\/\/loja.springschool.me\/ja\/wp-json\/wp\/v2\/types\/product"}],"version-history":[{"count":1,"href":"https:\/\/loja.springschool.me\/ja\/wp-json\/wp\/v2\/product\/1438\/revisions"}],"predecessor-version":[{"id":1439,"href":"https:\/\/loja.springschool.me\/ja\/wp-json\/wp\/v2\/product\/1438\/revisions\/1439"}],"wp:featuredmedia":[{"embeddable":true,"href":"https:\/\/loja.springschool.me\/ja\/wp-json\/wp\/v2\/media\/1406"}],"wp:attachment":[{"href":"https:\/\/loja.springschool.me\/ja\/wp-json\/wp\/v2\/media?parent=1438"}],"wp:term":[{"taxonomy":"product_cat","embeddable":true,"href":"https:\/\/loja.springschool.me\/ja\/wp-json\/wp\/v2\/product_cat?post=1438"},{"taxonomy":"product_tag","embeddable":true,"href":"https:\/\/loja.springschool.me\/ja\/wp-json\/wp\/v2\/product_tag?post=1438"}],"curies":[{"name":"wp","href":"https:\/\/api.w.org\/{rel}","templated":true}]}}