{"id":1435,"date":"2023-10-10T14:16:27","date_gmt":"2023-10-10T14:16:27","guid":{"rendered":"https:\/\/loja.springschool.me\/?post_type=product&#038;p=1435"},"modified":"2024-07-17T16:35:20","modified_gmt":"2024-07-17T16:35:20","slug":"alegria-no-trabalho","status":"publish","type":"product","link":"https:\/\/loja.springschool.me\/ja\/product\/alegria-no-trabalho\/","title":{"rendered":"\u4ed5\u4e8b\u306e\u559c\u3073: \u7247\u3065\u3051\u306e\u9b54\u6cd5\u306e\u7126\u70b9\u3001\u6574\u7406\u6574\u9813\u3001\u8abf\u548c\u3067\u3042\u306a\u305f\u306e\u8077\u696d\u751f\u6d3b\u3092\u5909\u3048\u307e\u3057\u3087\u3046"},"content":{"rendered":"<p>\u751f\u7523\u6027\u3092\u500d\u5897\u3055\u305b\u3001\u6574\u7406\u6574\u9813\u3055\u308c\u305f\u30c7\u30b9\u30af\u3068\u30de\u30a4\u30f3\u30c9\u304c\u3082\u305f\u3089\u3059\u5fc3\u306e\u5e73\u5b89\u3068\u6210\u529f\u3092\u697d\u3057\u3080\u65b9\u6cd5\u3092\u5b66\u3073\u307e\u3057\u3087\u3046\u3002<\/p>\n<p>\u30db\u30fc\u30e0\u30aa\u30d5\u30a3\u30b9\u3067\u3042\u308d\u3046\u3068\u4f1a\u793e\u3067\u3042\u308d\u3046\u3068\u3001\u8077\u5834\u306f\u5e38\u306b\u6563\u3089\u304b\u308a\u3084\u3059\u3044\u3082\u306e\u3067\u3059\u3002<\/p>\n<p>\u3057\u304b\u3057\u3001\u30ef\u30fc\u30af\u30e9\u30a4\u30d5\u3092\u4e00\u5ea6\u7c21\u7d20\u5316\u3057\u3066\u5fb9\u5e95\u7684\u306b\u6574\u7406\u3059\u308c\u3070\u3001\u4e8c\u5ea6\u3068\u540c\u3058\u3053\u3068\u3092\u884c\u3046\u5fc5\u8981\u306f\u3042\u308a\u307e\u305b\u3093\u3002<\/p>\n<p>\u30d9\u30b9\u30c8\u30bb\u30e9\u30fc\u4f5c\u5bb6\u306e\u8fd1\u85e4\u9ebb\u7406\u6075\u3055\u3093\u00a0<span class=\"a-text-italic\">\u7247\u3065\u3051\u306e\u9b54\u6cd5<\/span>\u3068\u5fc3\u7406\u5b66\u8005\u306e\u30b9\u30b3\u30c3\u30c8\u30fb\u30bd\u30cd\u30f3\u30b7\u30e3\u30a4\u30f3\u304c\u5354\u529b\u3057\u3066\u3001\u6563\u3089\u304b\u3063\u305f\u3082\u306e\u3092\u6392\u9664\u3057\u3001\u672c\u5f53\u306b\u91cd\u8981\u306a\u6d3b\u52d5\u3060\u3051\u3092\u884c\u3046\u3053\u3068\u3067\u6642\u9593\u3092\u6700\u5927\u9650\u306b\u6d3b\u7528\u3059\u308b\u305f\u3081\u306e\u7d20\u6674\u3089\u3057\u3044\u6226\u7565\u3092\u63d0\u6848\u3057\u307e\u3057\u305f\u3002<\/p>\n<p>\u6709\u540d\u306a\u3053\u3093\u307e\u308a\u30e1\u30bd\u30c3\u30c9\u3068\u8cb4\u91cd\u306a\u7814\u7a76\u306b\u57fa\u3065\u3044\u305f\u3053\u306e\u672c\u306b\u306f\u3001\u5909\u5316\u306b\u6210\u529f\u3057\u305f\u5b9f\u969b\u306e\u8a71\u3068\u3001\u4ed5\u4e8b\u306e\u751f\u7523\u6027\u3084\u559c\u3073\u3092\u3082\u305f\u3089\u3055\u306a\u3044\u3082\u306e\u3092\u3059\u3079\u3066\u6368\u3066\u308b\u305f\u3081\u306e\u30b9\u30c6\u30c3\u30d7\u30d0\u30a4\u30b9\u30c6\u30c3\u30d7\u306e\u30ac\u30a4\u30c9\u304c\u542b\u307e\u308c\u3066\u3044\u307e\u3059\u3002<\/p>\n<h3>\u5c02\u9580\u7684\u306a\u30ec\u30d3\u30e5\u30fc<\/h3>\n<div class=\"a-section a-spacing-small a-padding-small\">\n<p>\u300c\u4ed5\u4e8b\u306b\u559c\u3073\u3092\u898b\u51fa\u3059\u306e\u306f\u9b54\u6cd5\u3067\u306f\u306a\u304f\u3001\u52aa\u529b\u304c\u5fc5\u8981\u3067\u3059\u3002\u3057\u304b\u3057\u3001\u30de\u30ea\u30fc\u30fb\u8fd1\u85e4\u3068\u30b9\u30b3\u30c3\u30c8\u30fb\u30bd\u30cd\u30f3\u30b7\u30e3\u30a4\u30f3\u304b\u3089\u306e\u5b9f\u8df5\u7684\u306a\u30a2\u30c9\u30d0\u30a4\u30b9\u304c\u3042\u308c\u3070\u3001\u305d\u308c\u306f\u5b50\u4f9b\u306e\u904a\u3073\u306e\u3088\u3046\u306b\u601d\u3048\u308b\u304b\u3082\u3057\u308c\u307e\u305b\u3093\u3002\u300d \u2013\u00a0<span class=\"a-text-bold\">\u30a2\u30c0\u30e0\u30fb\u30b0\u30e9\u30f3\u30c8<\/span>\u306e\u8457\u8005\u00a0<span class=\"a-text-italic\">\u30aa\u30ea\u30b8\u30ca\u30eb<\/span>\u00a0\u305d\u308c\u306f\u00a0<span class=\"a-text-italic\">\u3082\u3046\u4e00\u5ea6\u8003\u3048\u3066<\/span><\/p>\n<p>\u300c\u30de\u30ea\u30fc\u30fb\u30b3\u30f3\u30c9\u30a6\u3068\u30b9\u30b3\u30c3\u30c8\u30fb\u30bd\u30cd\u30f3\u30b7\u30e3\u30a4\u30f3\u306f\u73fe\u4ee3\u751f\u6d3b\u306e\u30b9\u30fc\u30d1\u30fc\u30d2\u30fc\u30ed\u30fc\u3067\u3042\u308a\u3001\u52b9\u7387\u6027\u3068\u4ed5\u4e8b\u306e\u6e80\u8db3\u5ea6\u3092\u517c\u306d\u5099\u3048\u305f\u30c0\u30a4\u30ca\u30df\u30c3\u30af\u306a\u30b3\u30f3\u30d3\u3067\u3059\u3002\u3053\u306e\u30bf\u30a4\u30e0\u30ea\u30fc\u306a\u672c\u306f\u3001\u673a\u306e\u4e0a\u306b\u5c71\u7a4d\u307f\u306b\u306a\u3063\u305f\u308a\u3001\u30b9\u30b1\u30b8\u30e5\u30fc\u30eb\u3092\u8a70\u307e\u3089\u305b\u305f\u308a\u3001\u30cd\u30c3\u30c8\u30ef\u30fc\u30af\u306b\u4fb5\u5165\u3057\u305f\u308a\u3059\u308b\u3082\u306e\u304b\u3089\u89e3\u653e\u3055\u308c\u308b\u305f\u3081\u306b\u5fc5\u8981\u306a\u30c4\u30fc\u30eb\u3092\u63d0\u4f9b\u3057\u307e\u3059\u3002\u300d \u2013\u00a0<span class=\"a-text-bold\">\u30c0\u30cb\u30a8\u30eb\u30fbH\u30fb\u30d4\u30f3\u30af<\/span>\u306e\u8457\u8005\u00a0<span class=\"a-text-italic\">\u30e2\u30c1\u30d9\u30fc\u30b7\u30e7\u30f3 3.0<\/span>\u00a0\u305d\u308c\u306f\u00a0<span class=\"a-text-italic\">\u58f2\u308b\u306e\u306f\u4eba\u9593\u3060<\/span><\/p>\n<p>\u300c\u30de\u30ea\u30fc\u30fb\u30b3\u30f3\u30c9\u30a6\u3068\u30b9\u30b3\u30c3\u30c8\u30fb\u30bd\u30cd\u30f3\u30b7\u30e3\u30a4\u30f3\u306f\u3001\u4eba\u751f\u3068\u4ed5\u4e8b\u306b\u3064\u3044\u3066\u975e\u5e38\u306b\u91cd\u8981\u306a\u3053\u3068\u3092\u7406\u89e3\u3057\u3066\u3044\u307e\u3059\u3002\u591a\u304f\u306e\u5834\u5408\u3001\u6210\u529f\u306e\u9375\u306f\u8ffd\u52a0\u3059\u308b\u3053\u3068\u3067\u306f\u306a\u304f\u3001\u524a\u9664\u3059\u308b\u3053\u3068\u3067\u3059\u3002\u30aa\u30d5\u30a3\u30b9\u3084\u30ad\u30e3\u30ea\u30a2\u306b\u3082\u3063\u3068\u559c\u3073\u3068\u96c6\u4e2d\u529b\u3092\u3082\u305f\u3089\u3057\u305f\u3044\u3068\u8003\u3048\u3066\u3044\u308b\u4eba\u306b\u3068\u3063\u3066\u3001\u300eJoy at Work\u300f\u306f\u5f85\u3061\u671b\u3093\u3067\u3044\u305f\u672c\u3067\u3059\u3002\u300d \u2013\u00a0<span class=\"a-text-bold\">\u30a2\u30ec\u30c3\u30af\u30b9\u30fb\u30d0\u30ca\u30e4\u30f3<\/span>\u306e\u8457\u8005\u00a0<span class=\"a-text-italic\">3\u756a\u76ee\u306e\u6249<\/span><\/p>\n<p>\u300c\u7d44\u7e54\u751f\u6d3b\u306e\u6df7\u4e71\u306b\u5bfe\u3059\u308b\u7d20\u6674\u3089\u3057\u3044\u89e3\u6bd2\u5264\u3067\u3059\u3002\u3053\u306e\u672c\u306f\u3001\u975e\u5e38\u306b\u697d\u3057\u3044\u8aad\u66f8\u3092\u63d0\u4f9b\u3059\u308b\u3060\u3051\u3067\u306a\u304f\u3001\u3042\u306a\u305f\u304c\u3088\u308a\u5e78\u305b\u306b\u306a\u308a\u3001\u6642\u9593\u3092\u7121\u99c4\u306b\u305b\u305a\u3001\u4ed6\u306e\u4eba\u3092\u5c0e\u304f\u306e\u306b\u5f79\u7acb\u3061\u307e\u3059\u3002\u300d\u00a0<span class=\"a-text-bold\">\u30dc\u30d6\u30fb\u30b5\u30c3\u30c8\u30f3<\/span>\u3001\u30b9\u30bf\u30f3\u30d5\u30a9\u30fc\u30c9\u5927\u5b66\u6559\u6388\u3001\u7d44\u7e54\u5fc3\u7406\u5b66\u8005\u3001\u8457\u66f8\u00a0<span class=\"a-text-italic\">\u826f\u3044\u4e0a\u53f8\u3001\u60aa\u3044\u4e0a\u53f8<\/span><\/p>\n<\/div>\n<h3>\u8457\u8005\u306b\u3064\u3044\u3066<\/h3>\n<div class=\"a-section a-spacing-small a-padding-small\">KonMari Media Inc. \u306e\u5275\u8a2d\u8005\u3067\u3042\u308b\u8fd1\u85e4\u9ebb\u7406\u6075\u306f\u30015 \u6b73\u306e\u9803\u304b\u3089\u6574\u7406\u6574\u9813\u306b\u5922\u4e2d\u306b\u306a\u3063\u3066\u3044\u307e\u3057\u305f\u3002 15 \u6b73\u304b\u3089\u5f7c\u306f\u3053\u306e\u30c6\u30fc\u30de\u3092\u771f\u5263\u306b\u5b66\u3073\u59cb\u3081\u3001\u3053\u308c\u306b\u3088\u308a\u5f7c\u306f\u7247\u4ed8\u3051\u306e\u6280\u8853\u306b\u304a\u3051\u308b\u6700\u3082\u5049\u5927\u306a\u63d0\u5531\u8005\u306e 1 \u4eba\u306b\u306a\u308a\u307e\u3057\u305f\u3002 \u300eThe Magic of Tidying Up\u300f\u304a\u3088\u3073\u300eIsso Me Tra Joy\u300f\uff08Editora Sextante\uff09\u306e\u8457\u8005\u3067\u3042\u308b\u5f7c\u5973\u306e\u672c\u306f\u3001\u4e16\u754c\u4e2d\u3067 1,300 \u4e07\u90e8\u4ee5\u4e0a\u58f2\u308c\u3066\u3044\u307e\u3059\u3002\u30bf\u30a4\u30e0\u8a8c\u306b\u3088\u3063\u3066\u4e16\u754c\u3067\u6700\u3082\u5f71\u97ff\u529b\u306e\u3042\u308b 100 \u4eba\u306e 1 \u4eba\u306b\u9078\u3070\u308c\u305f\u5f7c\u5973\u306f\u3001\u5e38\u306b\u30c6\u30ec\u30d3\u756a\u7d44\u306b\u51fa\u6f14\u3057\u3001Netflix \u306e\u30b7\u30ea\u30fc\u30ba\u300cOrder in the House with Marie Kondo\u300d\u3067\u512a\u52dd\u3057\u307e\u3057\u305f\u3002<\/p>\n<p>\u30b9\u30b3\u30c3\u30c8\u30fb\u30bd\u30cd\u30f3\u30b7\u30e3\u30a4\u30f3\u306f\u30e9\u30a4\u30b9\u5927\u5b66\u306e\u7d4c\u55b6\u5b66\u306e\u6559\u6388\u3067\u3042\u308a\u3001\u300eThe Power of Less\u300f\u306e\u8457\u8005\u3067\u3059\u3002\u30df\u30b7\u30ac\u30f3\u5927\u5b66\u3067\u7d44\u7e54\u884c\u52d5\u5b66\u306e\u535a\u58eb\u53f7\u3092\u53d6\u5f97\u3057\u3001\u30b1\u30f3\u30d6\u30ea\u30c3\u30b8\u5927\u5b66\u3067\u5fc3\u7406\u5b66\u306e\u5927\u5b66\u9662\u306e\u5b66\u4f4d\u3092\u53d6\u5f97\u3057\u305f\u30b9\u30b3\u30c3\u30c8\u306f\u3001\u4e3b\u8981\u306a\u5b66\u8853\u8a8c\u306b\u7814\u7a76\u3092\u767a\u8868\u3057\u3066\u3044\u307e\u3059\u3002\u307e\u305f\u3001Microsoft \u3084 AT&amp;T \u306a\u3069\u306e\u4f01\u696d\u3067\u6226\u7565\u30b3\u30f3\u30b5\u30eb\u30bf\u30f3\u30c8\u3068\u3057\u3066\u3082\u50cd\u304d\u3001The New York Times\u3001Time\u3001Fast Company\u3001Harvard Business Review \u8a8c\u306b\u5bc4\u7a3f\u3057\u307e\u3057\u305f\u3002<\/p><\/div>","protected":false},"excerpt":{"rendered":"<p><strong>\u5728\u5eab\u9650\u308a\u306e\u30b9\u30fc\u30d1\u30fc\u30d7\u30ed\u30e2\u30fc\u30b7\u30e7\u30f3\uff01<\/strong><\/p>\n<p><span class=\"a-text-bold\">\u7d44\u7e54\u5fc3\u7406\u5b66\u8005\u3068\u6709\u540d\u306a\u8457\u66f8\u306e\u8457\u8005\u304b\u3089\u306e\u30d2\u30f3\u30c8\u3092\u6d3b\u7528\u3057\u3066\u3001\u30c7\u30b9\u30af\u3068\u5fc3\u3092\u6574\u7406\u3057\u3001\u4ed5\u4e8b\u3092\u3088\u308a\u7c21\u5358\u304b\u3064\u751f\u7523\u7684\u306b\u3057\u307e\u3057\u3087\u3046\u3002\u00a0<\/span><span class=\"a-text-bold a-text-italic\">\u7247\u3065\u3051\u306e\u9b54\u6cd5<\/span><span class=\"a-text-bold\">.<\/span><\/p>\n<p><em>\u300c\u5fc3\u7406\u5b66\u306e\u77e5\u6075\u3068\u5b9f\u8df5\u7684\u306a\u30d2\u30f3\u30c8\u304c\u6e80\u8f09\u306e\u30ac\u30a4\u30c9\u3002\u300d <\/em><\/p>\n<p><span class=\"a-text-bold\"><strong>\u30a2\u30f3\u30b8\u30a7\u30e9\u30fb\u30c0\u30c3\u30af\u30ef\u30fc\u30b9<\/strong>,<\/span>\u00a0\u306e\u8457\u8005\u00a0<span class=\"a-text-italic\">\u722a<\/span><\/p>","protected":false},"featured_media":1407,"template":"","meta":[],"product_cat":[20],"product_tag":[78],"yoast_head":"<!-- This site is optimized with the Yoast SEO plugin v20.11 - https:\/\/yoast.com\/wordpress\/plugins\/seo\/ -->\n<title>Alegria no trabalho: Transforme sua vida profissional com o foco, a organiza\u00e7\u00e3o e a harmonia da m\u00e1gica da arruma\u00e7\u00e3o<\/title>\n<meta name=\"description\" content=\"Super promo\u00e7\u00e3o com estoque limitado! Alegria no trabalho: Transforme sua vida profissional com o foco, a organiza\u00e7\u00e3o e a harmonia da m\u00e1gica da arruma\u00e7\u00e3o\" \/>\n<meta name=\"robots\" content=\"index, follow, max-snippet:-1, max-image-preview:large, max-video-preview:-1\" \/>\n<link rel=\"canonical\" href=\"https:\/\/loja.springschool.me\/ja\/product\/alegria-no-trabalho\/\" \/>\n<meta property=\"og:locale\" content=\"ja_JP\" \/>\n<meta property=\"og:type\" content=\"article\" \/>\n<meta property=\"og:title\" content=\"Alegria no trabalho: Transforme sua vida profissional com o foco, a organiza\u00e7\u00e3o e a harmonia da m\u00e1gica da arruma\u00e7\u00e3o\" \/>\n<meta property=\"og:description\" content=\"Super promo\u00e7\u00e3o com estoque limitado! Alegria no trabalho: Transforme sua vida profissional com o foco, a organiza\u00e7\u00e3o e a harmonia da m\u00e1gica da arruma\u00e7\u00e3o\" \/>\n<meta property=\"og:url\" content=\"https:\/\/loja.springschool.me\/ja\/product\/alegria-no-trabalho\/\" \/>\n<meta property=\"og:site_name\" content=\"Spring School - Loja Virtual\" \/>\n<meta property=\"article:modified_time\" content=\"2024-07-17T16:35:20+00:00\" \/>\n<meta property=\"og:image\" content=\"https:\/\/loja.springschool.me\/wp-content\/uploads\/2023\/10\/spring-school-loja-livro-alegria-no-trabalho-01.jpg\" \/>\n\t<meta property=\"og:image:width\" content=\"1000\" \/>\n\t<meta property=\"og:image:height\" content=\"1000\" \/>\n\t<meta property=\"og:image:type\" content=\"image\/jpeg\" \/>\n<meta name=\"twitter:card\" content=\"summary_large_image\" \/>\n<meta name=\"twitter:label1\" content=\"\u63a8\u5b9a\u8aad\u307f\u53d6\u308a\u6642\u9593\" \/>\n\t<meta name=\"twitter:data1\" content=\"3\u5206\" \/>\n<script type=\"application\/ld+json\" class=\"yoast-schema-graph\">{\"@context\":\"https:\/\/schema.org\",\"@graph\":[{\"@type\":\"WebPage\",\"@id\":\"https:\/\/loja.springschool.me\/produto\/alegria-no-trabalho\/\",\"url\":\"https:\/\/loja.springschool.me\/produto\/alegria-no-trabalho\/\",\"name\":\"Alegria no trabalho: Transforme sua vida profissional com o foco, a organiza\u00e7\u00e3o e a harmonia da m\u00e1gica da arruma\u00e7\u00e3o\",\"isPartOf\":{\"@id\":\"https:\/\/loja.springschool.me\/#website\"},\"datePublished\":\"2023-10-10T14:16:27+00:00\",\"dateModified\":\"2024-07-17T16:35:20+00:00\",\"description\":\"Super promo\u00e7\u00e3o com estoque limitado! Alegria no trabalho: Transforme sua vida profissional com o foco, a organiza\u00e7\u00e3o e a harmonia da m\u00e1gica da arruma\u00e7\u00e3o\",\"breadcrumb\":{\"@id\":\"https:\/\/loja.springschool.me\/produto\/alegria-no-trabalho\/#breadcrumb\"},\"inLanguage\":\"ja\",\"potentialAction\":[{\"@type\":\"ReadAction\",\"target\":[\"https:\/\/loja.springschool.me\/produto\/alegria-no-trabalho\/\"]}]},{\"@type\":\"BreadcrumbList\",\"@id\":\"https:\/\/loja.springschool.me\/produto\/alegria-no-trabalho\/#breadcrumb\",\"itemListElement\":[{\"@type\":\"ListItem\",\"position\":1,\"name\":\"In\u00edcio\",\"item\":\"https:\/\/loja.springschool.me\/\"},{\"@type\":\"ListItem\",\"position\":2,\"name\":\"Shop\",\"item\":\"https:\/\/loja.springschool.me\/shop\/\"},{\"@type\":\"ListItem\",\"position\":3,\"name\":\"Alegria no trabalho: Transforme sua vida profissional com o foco, a organiza\u00e7\u00e3o e a harmonia da m\u00e1gica da arruma\u00e7\u00e3o\"}]},{\"@type\":\"WebSite\",\"@id\":\"https:\/\/loja.springschool.me\/#website\",\"url\":\"https:\/\/loja.springschool.me\/\",\"name\":\"Spring School - Loja Virtual\",\"description\":\"Just another WordPress site\",\"potentialAction\":[{\"@type\":\"SearchAction\",\"target\":{\"@type\":\"EntryPoint\",\"urlTemplate\":\"https:\/\/loja.springschool.me\/?s={search_term_string}\"},\"query-input\":\"required name=search_term_string\"}],\"inLanguage\":\"ja\"}]}<\/script>\n<!-- \/ Yoast SEO plugin. -->","yoast_head_json":{"title":"Alegria no trabalho: Transforme sua vida profissional com o foco, a organiza\u00e7\u00e3o e a harmonia da m\u00e1gica da arruma\u00e7\u00e3o","description":"Super promo\u00e7\u00e3o com estoque limitado! Alegria no trabalho: Transforme sua vida profissional com o foco, a organiza\u00e7\u00e3o e a harmonia da m\u00e1gica da arruma\u00e7\u00e3o","robots":{"index":"index","follow":"follow","max-snippet":"max-snippet:-1","max-image-preview":"max-image-preview:large","max-video-preview":"max-video-preview:-1"},"canonical":"https:\/\/loja.springschool.me\/ja\/product\/alegria-no-trabalho\/","og_locale":"ja_JP","og_type":"article","og_title":"Alegria no trabalho: Transforme sua vida profissional com o foco, a organiza\u00e7\u00e3o e a harmonia da m\u00e1gica da arruma\u00e7\u00e3o","og_description":"Super promo\u00e7\u00e3o com estoque limitado! Alegria no trabalho: Transforme sua vida profissional com o foco, a organiza\u00e7\u00e3o e a harmonia da m\u00e1gica da arruma\u00e7\u00e3o","og_url":"https:\/\/loja.springschool.me\/ja\/product\/alegria-no-trabalho\/","og_site_name":"Spring School - Loja Virtual","article_modified_time":"2024-07-17T16:35:20+00:00","og_image":[{"width":1000,"height":1000,"url":"https:\/\/loja.springschool.me\/wp-content\/uploads\/2023\/10\/spring-school-loja-livro-alegria-no-trabalho-01.jpg","type":"image\/jpeg"}],"twitter_card":"summary_large_image","twitter_misc":{"\u63a8\u5b9a\u8aad\u307f\u53d6\u308a\u6642\u9593":"3\u5206"},"schema":{"@context":"https:\/\/schema.org","@graph":[{"@type":"WebPage","@id":"https:\/\/loja.springschool.me\/produto\/alegria-no-trabalho\/","url":"https:\/\/loja.springschool.me\/produto\/alegria-no-trabalho\/","name":"Alegria no trabalho: Transforme sua vida profissional com o foco, a organiza\u00e7\u00e3o e a harmonia da m\u00e1gica da arruma\u00e7\u00e3o","isPartOf":{"@id":"https:\/\/loja.springschool.me\/#website"},"datePublished":"2023-10-10T14:16:27+00:00","dateModified":"2024-07-17T16:35:20+00:00","description":"Super promo\u00e7\u00e3o com estoque limitado! Alegria no trabalho: Transforme sua vida profissional com o foco, a organiza\u00e7\u00e3o e a harmonia da m\u00e1gica da arruma\u00e7\u00e3o","breadcrumb":{"@id":"https:\/\/loja.springschool.me\/produto\/alegria-no-trabalho\/#breadcrumb"},"inLanguage":"ja","potentialAction":[{"@type":"ReadAction","target":["https:\/\/loja.springschool.me\/produto\/alegria-no-trabalho\/"]}]},{"@type":"BreadcrumbList","@id":"https:\/\/loja.springschool.me\/produto\/alegria-no-trabalho\/#breadcrumb","itemListElement":[{"@type":"ListItem","position":1,"name":"In\u00edcio","item":"https:\/\/loja.springschool.me\/"},{"@type":"ListItem","position":2,"name":"Shop","item":"https:\/\/loja.springschool.me\/shop\/"},{"@type":"ListItem","position":3,"name":"Alegria no trabalho: Transforme sua vida profissional com o foco, a organiza\u00e7\u00e3o e a harmonia da m\u00e1gica da arruma\u00e7\u00e3o"}]},{"@type":"WebSite","@id":"https:\/\/loja.springschool.me\/#website","url":"https:\/\/loja.springschool.me\/","name":"Spring School - Loja Virtual","description":"Just another WordPress site","potentialAction":[{"@type":"SearchAction","target":{"@type":"EntryPoint","urlTemplate":"https:\/\/loja.springschool.me\/?s={search_term_string}"},"query-input":"required name=search_term_string"}],"inLanguage":"ja"}]}},"_links":{"self":[{"href":"https:\/\/loja.springschool.me\/ja\/wp-json\/wp\/v2\/product\/1435"}],"collection":[{"href":"https:\/\/loja.springschool.me\/ja\/wp-json\/wp\/v2\/product"}],"about":[{"href":"https:\/\/loja.springschool.me\/ja\/wp-json\/wp\/v2\/types\/product"}],"version-history":[{"count":2,"href":"https:\/\/loja.springschool.me\/ja\/wp-json\/wp\/v2\/product\/1435\/revisions"}],"predecessor-version":[{"id":1437,"href":"https:\/\/loja.springschool.me\/ja\/wp-json\/wp\/v2\/product\/1435\/revisions\/1437"}],"wp:featuredmedia":[{"embeddable":true,"href":"https:\/\/loja.springschool.me\/ja\/wp-json\/wp\/v2\/media\/1407"}],"wp:attachment":[{"href":"https:\/\/loja.springschool.me\/ja\/wp-json\/wp\/v2\/media?parent=1435"}],"wp:term":[{"taxonomy":"product_cat","embeddable":true,"href":"https:\/\/loja.springschool.me\/ja\/wp-json\/wp\/v2\/product_cat?post=1435"},{"taxonomy":"product_tag","embeddable":true,"href":"https:\/\/loja.springschool.me\/ja\/wp-json\/wp\/v2\/product_tag?post=1435"}],"curies":[{"name":"wp","href":"https:\/\/api.w.org\/{rel}","templated":true}]}}