{"id":1432,"date":"2023-10-10T14:08:49","date_gmt":"2023-10-10T14:08:49","guid":{"rendered":"https:\/\/loja.springschool.me\/?post_type=product&#038;p=1432"},"modified":"2024-07-25T00:05:16","modified_gmt":"2024-07-25T00:05:16","slug":"rotina-de-ferro","status":"publish","type":"product","link":"https:\/\/loja.springschool.me\/ja\/product\/rotina-de-ferro\/","title":{"rendered":"\u9244\u306e\u30eb\u30fc\u30c1\u30f3: \u304c\u3093\u3092\u514b\u670d\u3059\u308b\u305f\u3081\u306e\u9244\u4eba\u306e\u30e2\u30c1\u30d9\u30fc\u30b7\u30e7\u30f3\u3001\u898f\u5f8b\u3001\u56de\u5fa9\u529b"},"content":{"rendered":"<p>Editora Planeta \u304c\u72ec\u5360\u7684\u306b\u30c7\u30b8\u30bf\u30eb\u5f62\u5f0f\u3067\u7acb\u3061\u4e0a\u3052\u305f Iron Routine \u3067\u306f\u3001\u305d\u306e\u8457\u4f5c\u6a29\u306f\u30d6\u30e9\u30b8\u30eb\u30ea\u30f3\u30d1\u816b\u30fb\u767d\u8840\u75c5\u5354\u4f1a\u3067\u3042\u308b Abrale \u306b\u623b\u308a\u307e\u3059\u304c\u3001\u5e79\u90e8\u306e David Grinberg \u6c0f\u306f\u3001\u79c1\u305f\u3061\u5168\u54e1\u304c\u76ee\u306e\u524d\u306b\u3042\u308b\u8ab2\u984c\u3092\u514b\u670d\u3067\u304d\u308b\u3068\u3044\u3046\u4fe1\u5ff5\u3092\u8a9e\u308a\u307e\u3059\u3002\u305d\u308c\u304c\u8eab\u4f53\u7684\u3001\u5fc3\u7406\u7684\u3001\u5065\u5eb7\u95a2\u9023\u306e\u3044\u305a\u308c\u3067\u3042\u3063\u3066\u3082\u3001\u79c1\u305f\u3061\u306f\u305d\u3053\u306b\u5230\u9054\u3059\u308b\u305f\u3081\u306b\u5fc5\u8981\u306a\u52aa\u529b\u3092\u632f\u308a\u5411\u3051\u308b\u80fd\u529b\u3092\u6301\u3063\u3066\u3044\u307e\u3059\u3002\u3053\u306e\u30d7\u30ed\u30bb\u30b9\u306f\u7c21\u5358\u3067\u306f\u3042\u308a\u307e\u305b\u3093\u3002\u305d\u308c\u306b\u306f\u591a\u304f\u306e\u5fcd\u8010\u3068\u56de\u5fa9\u529b\u3001\u305d\u3057\u3066\u4f55\u3088\u308a\u3082\u5922\u3092\u5b9f\u73fe\u3057\u305f\u3044\u3068\u3044\u3046\u9858\u671b\u304c\u5fc5\u8981\u3067\u3059\u3002\u7d50\u5c40\u306e\u3068\u3053\u308d\u3001\u79c1\u305f\u3061\u304c\u76ee\u6a19\u3092\u9054\u6210\u3059\u308b\u3053\u3068\u306b\u5c02\u5ff5\u3059\u308c\u3070\u3001\u4e0d\u53ef\u80fd\u306a\u3053\u3068\u306f\u4f55\u3082\u3042\u308a\u307e\u305b\u3093\u3002\u4f5c\u54c1\u306e\u4e2d\u3067\u30c7\u30a4\u30f4\u30a3\u30c3\u30c9\u306f\u3001\u764c\u306e\u3088\u3046\u306a\u6050\u308d\u3057\u3044\u75c5\u6c17\u306b\u76f4\u9762\u3059\u308b\u3068\u306f\u601d\u3063\u3066\u3082\u3044\u306a\u304b\u3063\u305f\u3068\u8a9e\u3063\u3066\u3044\u307e\u3059\u3002\u3044\u3064\u3082\u5065\u5eb7\u3067\u6d3b\u52d5\u7684\u3067\u898f\u5f8b\u6b63\u3057\u304f\u3001\u30c8\u30e9\u30a4\u30a2\u30b9\u30ed\u30f3\u306e\u4e2d\u3067\u6700\u3082\u6050\u308c\u3089\u308c\u6700\u9577\u306e\u5f62\u5f0f\u3067\u3042\u308b\u30a2\u30a4\u30a2\u30f3\u30de\u30f3\u30ec\u30fc\u30b9\u306b\u51fa\u5834\u3059\u308b\u306e\u304c\u8da3\u5473\u3060\u3063\u305f\u4eba\u306b\u3068\u3063\u3066\u3001\u3053\u306e\u8003\u3048\u306b\u6c88\u3080\u306e\u306f\u96e3\u3057\u3044\u3002\u5f7c\u306f\u3001\u306a\u305c\u81ea\u5206\u304c\u5f71\u97ff\u3092\u53d7\u3051\u305f\u306e\u304b\u8aac\u660e\u3092\u63a2\u3059\u306e\u306b\u6642\u9593\u3092\u7121\u99c4\u306b\u3059\u308b\u3079\u304d\u3067\u306f\u306a\u304f\u3001\u6700\u5584\u306e\u7b56\u306f\u3001\u305d\u308c\u3092\u514b\u670d\u3059\u308b\u3053\u3068\u306b\u5168\u529b\u3092\u6ce8\u304e\u3001\u8010\u4e45\u6027\u306e\u9ad8\u3044\u30b9\u30dd\u30fc\u30c4\u306e\u7df4\u7fd2\u3067\u5f97\u305f\u5b66\u7fd2\u3068\u3001\u30b9\u30dd\u30fc\u30c4\u306e\u7df4\u7fd2\u3067\u5f97\u305f\u5b66\u7fd2\u3068\u306e\u9593\u306b\u985e\u4f3c\u70b9\u3092\u751f\u307f\u51fa\u3059\u3053\u3068\u3067\u3042\u308b\u3053\u3068\u3092\u7406\u89e3\u3057\u3066\u3044\u307e\u3057\u305f\u3002\u4eba\u751f\u6700\u5927\u306e\u8ab2\u984c\u3068\u306a\u308b\u3082\u306e\u3092\u514b\u670d\u3057\u306a\u3051\u308c\u3070\u306a\u3089\u306a\u3044\u3068\u3044\u3046\u73fe\u5b9f\u3002<\/p>\n<p>\u56f0\u96e3\u306a\u6642\u671f\u3092\u7d4c\u9a13\u3057\u3001\u305d\u308c\u3092\u514b\u670d\u3059\u308b\u305f\u3081\u306b\u52a9\u3051\u3092\u5fc5\u8981\u3068\u3057\u3066\u3044\u308b\u3059\u3079\u3066\u306e\u4eba\u306b\u8d08\u308b\u3001\u30a4\u30f3\u30b9\u30d4\u30ec\u30fc\u30b7\u30e7\u30f3\u3068\u30e2\u30c1\u30d9\u30fc\u30b7\u30e7\u30f3\u306e\u7269\u8a9e\u3002\u30c7\u30d3\u30c3\u30c9\u306f\u672c\u306e\u4e2d\u3067\u3001\u4e0d\u53ef\u80fd\u306a\u3053\u3068\u306f\u4f55\u3082\u306a\u3044\u3068\u8ff0\u3079\u3066\u3044\u307e\u3059\u3002\u305f\u3060\u982d\u3092\u6b63\u3057\u3001\u3042\u306a\u305f\u306b\u3068\u3063\u3066\u6700\u5584\u3092\u672c\u5f53\u306b\u671b\u3093\u3067\u3044\u308b\u4eba\u3005\u306b\u56f2\u307e\u308c\u3066\u3001\u524d\u3092\u898b\u3066\u304f\u3060\u3055\u3044\u3002<\/p>\n<h3>\u8457\u8005\u306b\u3064\u3044\u3066<\/h3>\n<div class=\"a-section a-spacing-small a-padding-small\">\u30c7\u30d3\u30c3\u30c9 \u30b0\u30ea\u30f3\u30d0\u30fc\u30b0\u306f\u300120 \u5e74\u4ee5\u4e0a\u306e\u5c02\u9580\u7684\u306a\u7d4c\u9a13\u306e\u4e2d\u3067\u3001\u30b8\u30e3\u30fc\u30ca\u30ea\u30ba\u30e0\u57f7\u7b46\u3001\u5e83\u5831\u4ee3\u7406\u5e97\u3001\u5927\u4f01\u696d\u306e\u30b3\u30fc\u30dd\u30ec\u30fc\u30c8 \u30b3\u30df\u30e5\u30cb\u30b1\u30fc\u30b7\u30e7\u30f3\u90e8\u9580\u306a\u3069\u3001\u30b3\u30df\u30e5\u30cb\u30b1\u30fc\u30b7\u30e7\u30f3\u306e\u3042\u3089\u3086\u308b\u5206\u91ce\u3067\u50cd\u3044\u3066\u304d\u307e\u3057\u305f\u3002 2018\u5e7412\u6708\u304b\u3089\u306f\u3001\u4e2d\u5357\u7c73\u3068\u30ab\u30ea\u30d6\u6d77\u5730\u57df\u306e20\u30ab\u56fd\u3067\u30de\u30af\u30c9\u30ca\u30eb\u30c9\u3092\u904b\u55b6\u3059\u308b\u30a2\u30eb\u30b3\u30b9\u30fb\u30c9\u30e9\u30c9\u30b9\u306e\u30b3\u30fc\u30dd\u30ec\u30fc\u30c8\u30b3\u30df\u30e5\u30cb\u30b1\u30fc\u30b7\u30e7\u30f3\u62c5\u5f53\u526f\u793e\u9577\u3092\u52d9\u3081\u3066\u3044\u308b\u3002\u4ee5\u524d\u306f\u3001\u540c\u793e\u306e\u30d6\u30e9\u30b8\u30eb\u90e8\u9580\u3067\u30b3\u30fc\u30dd\u30ec\u30fc\u30c8 \u30b3\u30df\u30e5\u30cb\u30b1\u30fc\u30b7\u30e7\u30f3 \u30c7\u30a3\u30ec\u30af\u30bf\u30fc\u3092 2 \u5e74\u534a\u52d9\u3081\u3066\u3044\u307e\u3057\u305f\u3002\u5f7c\u306f\u3001Samsung Brasil \u3067\u30b9\u30dd\u30fc\u30c4 \u30de\u30fc\u30b1\u30c6\u30a3\u30f3\u30b0 \u30de\u30cd\u30fc\u30b8\u30e3\u30fc\u3001Nike \u3067\u30b3\u30fc\u30dd\u30ec\u30fc\u30c8 \u30b3\u30df\u30e5\u30cb\u30b1\u30fc\u30b7\u30e7\u30f3 \u30de\u30cd\u30fc\u30b8\u30e3\u30fc\u3001\u305d\u3057\u3066\u30b9\u30dd\u30fc\u30c4\u306b\u304a\u3051\u308b\u30d7\u30e9\u30f3\u30cb\u30f3\u30b0\u3068\u30b3\u30df\u30e5\u30cb\u30b1\u30fc\u30b7\u30e7\u30f3\u306e\u5206\u91ce\u3067 ESPM \u306e MBA \u30b3\u30fc\u30b9\u306e\u6559\u6388\u3092\u52d9\u3081\u307e\u3057\u305f\u3002 20 \u5e74\u306e\u30ad\u30e3\u30ea\u30a2\u3092\u901a\u3058\u3066\u3001\u30c7\u30d3\u30c3\u30c9\u306f\u30d7\u30ed\u3068\u3057\u3066\u306e\u529f\u7e3e\u304c\u8a8d\u3081\u3089\u308c\u3001\u4f55\u5ea6\u3082\u8cde\u3092\u53d7\u8cde\u3057\u3066\u304d\u307e\u3057\u305f\u3002\u5f7c\u306f\u30de\u30e9\u30bd\u30f3\u30e9\u30f3\u30ca\u30fc\u3084\u30c8\u30e9\u30a4\u30a2\u30b9\u30ea\u30fc\u30c8\u3067\u3082\u3042\u308a\u307e\u3059\u3002<\/div>","protected":false},"excerpt":{"rendered":"<p><strong>\u5728\u5eab\u9650\u308a\u306e\u30b9\u30fc\u30d1\u30fc\u30d7\u30ed\u30e2\u30fc\u30b7\u30e7\u30f3\uff01<\/strong><\/p>\n<p>\u9244\u306e\u30eb\u30fc\u30c1\u30f3: \u304c\u3093\u3092\u514b\u670d\u3059\u308b\u9244\u4eba\u306e\u30e2\u30c1\u30d9\u30fc\u30b7\u30e7\u30f3\u3001\u898f\u5f8b\u3001\u56de\u5fa9\u529b\u3002\u56f0\u96e3\u306a\u6642\u671f\u3092\u7d4c\u9a13\u3057\u3066\u3044\u308b\u3059\u3079\u3066\u306e\u4eba\u306b\u8d08\u308b\u3001\u30e2\u30c1\u30d9\u30fc\u30b7\u30e7\u30f3\u3068\u30a4\u30f3\u30b9\u30d4\u30ec\u30fc\u30b7\u30e7\u30f3\u306e\u7269\u8a9e\u3002<\/p>","protected":false},"featured_media":1408,"template":"","meta":[],"product_cat":[20],"product_tag":[78,82],"yoast_head":"<!-- This site is optimized with the Yoast SEO plugin v20.11 - https:\/\/yoast.com\/wordpress\/plugins\/seo\/ -->\n<title>Rotina de Ferro: Motiva\u00e7\u00e3o, disciplina e resili\u00eancia de um ironman para vencer o c\u00e2ncer<\/title>\n<meta name=\"description\" content=\"Super promo\u00e7\u00e3o com estoque limitado! Rotina de Ferro: Motiva\u00e7\u00e3o, disciplina e resili\u00eancia de um ironman para vencer o c\u00e2ncer.\" \/>\n<meta name=\"robots\" content=\"index, follow, max-snippet:-1, max-image-preview:large, max-video-preview:-1\" \/>\n<link rel=\"canonical\" href=\"https:\/\/loja.springschool.me\/ja\/product\/rotina-de-ferro\/\" \/>\n<meta property=\"og:locale\" content=\"ja_JP\" \/>\n<meta property=\"og:type\" content=\"article\" \/>\n<meta property=\"og:title\" content=\"Rotina de Ferro: Motiva\u00e7\u00e3o, disciplina e resili\u00eancia de um ironman para vencer o c\u00e2ncer\" \/>\n<meta property=\"og:description\" content=\"Super promo\u00e7\u00e3o com estoque limitado! Rotina de Ferro: Motiva\u00e7\u00e3o, disciplina e resili\u00eancia de um ironman para vencer o c\u00e2ncer.\" \/>\n<meta property=\"og:url\" content=\"https:\/\/loja.springschool.me\/ja\/product\/rotina-de-ferro\/\" \/>\n<meta property=\"og:site_name\" content=\"Spring School - Loja Virtual\" \/>\n<meta property=\"article:modified_time\" content=\"2024-07-25T00:05:16+00:00\" \/>\n<meta property=\"og:image\" content=\"https:\/\/loja.springschool.me\/wp-content\/uploads\/2023\/10\/spring-school-loja-livro-rotina-de-ferro-01.jpg\" \/>\n\t<meta property=\"og:image:width\" content=\"1000\" \/>\n\t<meta property=\"og:image:height\" content=\"1000\" \/>\n\t<meta property=\"og:image:type\" content=\"image\/jpeg\" \/>\n<meta name=\"twitter:card\" content=\"summary_large_image\" \/>\n<meta name=\"twitter:label1\" content=\"\u63a8\u5b9a\u8aad\u307f\u53d6\u308a\u6642\u9593\" \/>\n\t<meta name=\"twitter:data1\" content=\"3\u5206\" \/>\n<script type=\"application\/ld+json\" class=\"yoast-schema-graph\">{\"@context\":\"https:\/\/schema.org\",\"@graph\":[{\"@type\":\"WebPage\",\"@id\":\"https:\/\/loja.springschool.me\/produto\/rotina-de-ferro\/\",\"url\":\"https:\/\/loja.springschool.me\/produto\/rotina-de-ferro\/\",\"name\":\"Rotina de Ferro: Motiva\u00e7\u00e3o, disciplina e resili\u00eancia de um ironman para vencer o c\u00e2ncer\",\"isPartOf\":{\"@id\":\"https:\/\/loja.springschool.me\/#website\"},\"datePublished\":\"2023-10-10T14:08:49+00:00\",\"dateModified\":\"2024-07-25T00:05:16+00:00\",\"description\":\"Super promo\u00e7\u00e3o com estoque limitado! Rotina de Ferro: Motiva\u00e7\u00e3o, disciplina e resili\u00eancia de um ironman para vencer o c\u00e2ncer.\",\"breadcrumb\":{\"@id\":\"https:\/\/loja.springschool.me\/produto\/rotina-de-ferro\/#breadcrumb\"},\"inLanguage\":\"ja\",\"potentialAction\":[{\"@type\":\"ReadAction\",\"target\":[\"https:\/\/loja.springschool.me\/produto\/rotina-de-ferro\/\"]}]},{\"@type\":\"BreadcrumbList\",\"@id\":\"https:\/\/loja.springschool.me\/produto\/rotina-de-ferro\/#breadcrumb\",\"itemListElement\":[{\"@type\":\"ListItem\",\"position\":1,\"name\":\"In\u00edcio\",\"item\":\"https:\/\/loja.springschool.me\/\"},{\"@type\":\"ListItem\",\"position\":2,\"name\":\"Shop\",\"item\":\"https:\/\/loja.springschool.me\/shop\/\"},{\"@type\":\"ListItem\",\"position\":3,\"name\":\"Rotina de Ferro: Motiva\u00e7\u00e3o, disciplina e resili\u00eancia de um ironman para vencer o c\u00e2ncer\"}]},{\"@type\":\"WebSite\",\"@id\":\"https:\/\/loja.springschool.me\/#website\",\"url\":\"https:\/\/loja.springschool.me\/\",\"name\":\"Spring School - Loja Virtual\",\"description\":\"Just another WordPress site\",\"potentialAction\":[{\"@type\":\"SearchAction\",\"target\":{\"@type\":\"EntryPoint\",\"urlTemplate\":\"https:\/\/loja.springschool.me\/?s={search_term_string}\"},\"query-input\":\"required name=search_term_string\"}],\"inLanguage\":\"ja\"}]}<\/script>\n<!-- \/ Yoast SEO plugin. -->","yoast_head_json":{"title":"Rotina de Ferro: Motiva\u00e7\u00e3o, disciplina e resili\u00eancia de um ironman para vencer o c\u00e2ncer","description":"Super promo\u00e7\u00e3o com estoque limitado! Rotina de Ferro: Motiva\u00e7\u00e3o, disciplina e resili\u00eancia de um ironman para vencer o c\u00e2ncer.","robots":{"index":"index","follow":"follow","max-snippet":"max-snippet:-1","max-image-preview":"max-image-preview:large","max-video-preview":"max-video-preview:-1"},"canonical":"https:\/\/loja.springschool.me\/ja\/product\/rotina-de-ferro\/","og_locale":"ja_JP","og_type":"article","og_title":"Rotina de Ferro: Motiva\u00e7\u00e3o, disciplina e resili\u00eancia de um ironman para vencer o c\u00e2ncer","og_description":"Super promo\u00e7\u00e3o com estoque limitado! Rotina de Ferro: Motiva\u00e7\u00e3o, disciplina e resili\u00eancia de um ironman para vencer o c\u00e2ncer.","og_url":"https:\/\/loja.springschool.me\/ja\/product\/rotina-de-ferro\/","og_site_name":"Spring School - Loja Virtual","article_modified_time":"2024-07-25T00:05:16+00:00","og_image":[{"width":1000,"height":1000,"url":"https:\/\/loja.springschool.me\/wp-content\/uploads\/2023\/10\/spring-school-loja-livro-rotina-de-ferro-01.jpg","type":"image\/jpeg"}],"twitter_card":"summary_large_image","twitter_misc":{"\u63a8\u5b9a\u8aad\u307f\u53d6\u308a\u6642\u9593":"3\u5206"},"schema":{"@context":"https:\/\/schema.org","@graph":[{"@type":"WebPage","@id":"https:\/\/loja.springschool.me\/produto\/rotina-de-ferro\/","url":"https:\/\/loja.springschool.me\/produto\/rotina-de-ferro\/","name":"Rotina de Ferro: Motiva\u00e7\u00e3o, disciplina e resili\u00eancia de um ironman para vencer o c\u00e2ncer","isPartOf":{"@id":"https:\/\/loja.springschool.me\/#website"},"datePublished":"2023-10-10T14:08:49+00:00","dateModified":"2024-07-25T00:05:16+00:00","description":"Super promo\u00e7\u00e3o com estoque limitado! Rotina de Ferro: Motiva\u00e7\u00e3o, disciplina e resili\u00eancia de um ironman para vencer o c\u00e2ncer.","breadcrumb":{"@id":"https:\/\/loja.springschool.me\/produto\/rotina-de-ferro\/#breadcrumb"},"inLanguage":"ja","potentialAction":[{"@type":"ReadAction","target":["https:\/\/loja.springschool.me\/produto\/rotina-de-ferro\/"]}]},{"@type":"BreadcrumbList","@id":"https:\/\/loja.springschool.me\/produto\/rotina-de-ferro\/#breadcrumb","itemListElement":[{"@type":"ListItem","position":1,"name":"In\u00edcio","item":"https:\/\/loja.springschool.me\/"},{"@type":"ListItem","position":2,"name":"Shop","item":"https:\/\/loja.springschool.me\/shop\/"},{"@type":"ListItem","position":3,"name":"Rotina de Ferro: Motiva\u00e7\u00e3o, disciplina e resili\u00eancia de um ironman para vencer o c\u00e2ncer"}]},{"@type":"WebSite","@id":"https:\/\/loja.springschool.me\/#website","url":"https:\/\/loja.springschool.me\/","name":"Spring School - Loja Virtual","description":"Just another WordPress site","potentialAction":[{"@type":"SearchAction","target":{"@type":"EntryPoint","urlTemplate":"https:\/\/loja.springschool.me\/?s={search_term_string}"},"query-input":"required name=search_term_string"}],"inLanguage":"ja"}]}},"_links":{"self":[{"href":"https:\/\/loja.springschool.me\/ja\/wp-json\/wp\/v2\/product\/1432"}],"collection":[{"href":"https:\/\/loja.springschool.me\/ja\/wp-json\/wp\/v2\/product"}],"about":[{"href":"https:\/\/loja.springschool.me\/ja\/wp-json\/wp\/v2\/types\/product"}],"version-history":[{"count":2,"href":"https:\/\/loja.springschool.me\/ja\/wp-json\/wp\/v2\/product\/1432\/revisions"}],"predecessor-version":[{"id":1434,"href":"https:\/\/loja.springschool.me\/ja\/wp-json\/wp\/v2\/product\/1432\/revisions\/1434"}],"wp:featuredmedia":[{"embeddable":true,"href":"https:\/\/loja.springschool.me\/ja\/wp-json\/wp\/v2\/media\/1408"}],"wp:attachment":[{"href":"https:\/\/loja.springschool.me\/ja\/wp-json\/wp\/v2\/media?parent=1432"}],"wp:term":[{"taxonomy":"product_cat","embeddable":true,"href":"https:\/\/loja.springschool.me\/ja\/wp-json\/wp\/v2\/product_cat?post=1432"},{"taxonomy":"product_tag","embeddable":true,"href":"https:\/\/loja.springschool.me\/ja\/wp-json\/wp\/v2\/product_tag?post=1432"}],"curies":[{"name":"wp","href":"https:\/\/api.w.org\/{rel}","templated":true}]}}