{"id":1430,"date":"2023-10-10T14:01:41","date_gmt":"2023-10-10T14:01:41","guid":{"rendered":"https:\/\/loja.springschool.me\/?post_type=product&#038;p=1430"},"modified":"2024-07-17T16:36:46","modified_gmt":"2024-07-17T16:36:46","slug":"nietzsche-um-guia-grafico","status":"publish","type":"product","link":"https:\/\/loja.springschool.me\/ja\/product\/nietzsche-um-guia-grafico\/","title":{"rendered":"\u30cb\u30fc\u30c1\u30a7: \u30b0\u30e9\u30d5\u30a3\u30c3\u30af\u30ac\u30a4\u30c9"},"content":{"rendered":"<p>\u300c\u79c1\u306e\u91ce\u671b\u306f\u3001\u4ed6\u306e\u4eba\u304c\u672c\u3067\u8a00\u3063\u3066\u3044\u308b\u3053\u3068\u3001\u3064\u307e\u308a\u4ed6\u306e\u4eba\u304c\u672c\u3067\u8a00\u3063\u3066\u3044\u306a\u3044\u3053\u3068\u3092 10 \u6587\u3067\u8a00\u3046\u3053\u3068\u3067\u3059\u3002\u300d\u30cb\u30fc\u30c1\u30a7<\/p>\n<p>\u30cb\u30fc\u30c1\u30a7\u306f 19 \u4e16\u7d00\u306e\u6700\u3082\u5049\u5927\u306a\u77e5\u8b58\u4eba\u306e\u4e00\u4eba\u3067\u3042\u308a\u3001\u4eca\u65e5\u306e\u6642\u4ee3\u3068\u306e\u95a2\u9023\u6027\u306b\u306f\u8b70\u8ad6\u306e\u4f59\u5730\u304c\u3042\u308a\u307e\u305b\u3093\u3002<\/p>\n<p>\u5f7c\u306e\u6587\u7ae0\u3092\u7406\u89e3\u3059\u308b\u306e\u304c\u96e3\u3057\u3044\u4eba\u3082\u591a\u3044\u3067\u3059\u304c\u3001\u00a0<span class=\"a-text-italic\">\u30cb\u30fc\u30c1\u30a7: \u30b0\u30e9\u30d5\u30a3\u30c3\u30af\u30ac\u30a4\u30c9<\/span>\u00a0\u8aa4\u89e3\u3055\u308c\u3066\u3044\u308b\u54f2\u5b66\u8005\u306e\u7406\u8ad6\u306b\u3064\u3044\u3066\u3042\u306a\u305f\u304c\u3059\u3067\u306b\u8aad\u3093\u3060\u308a\u805e\u3044\u305f\u308a\u3057\u305f\u3053\u3068\u3092\u660e\u78ba\u306b\u3057\u307e\u3059\u3002<\/p>\n<p>\u306e\u96f0\u56f2\u6c17\u3067\u00a0<span class=\"a-text-italic\">\u30b0\u30e9\u30d5\u30a3\u30c3\u30af\u5c0f\u8aac<\/span>\u3001\u30cb\u30fc\u30c1\u30a7\u306e\u500b\u4eba\u7684\u306a\u8ecc\u8de1\u3068\u5f7c\u306e\u6709\u540d\u306a\u683c\u8a00\u306b\u3064\u3044\u3066\u306e\u597d\u5947\u5fc3\u304c\u6e80\u8f09\u306e\u3053\u306e\u672c\u306f\u3001\u30c9\u30a4\u30c4\u306e\u5929\u624d\u306e\u6279\u5224\u7684\u306a\u53cd\u4e71\u3092\u77e5\u308a\u305f\u3044\u4eba\u306b\u3068\u3063\u3066\u4e0d\u53ef\u6b20\u306a\u672c\u3067\u3059\u3002<\/p>\n<p><span class=\"a-text-italic\">\u30cb\u30fc\u30c1\u30a7<\/span>\u00a0\u300e\u30b0\u30e9\u30d5\u30a3\u30c3\u30af \u30ac\u30a4\u30c9\u300f\u30b3\u30ec\u30af\u30b7\u30e7\u30f3\u306e\u4e00\u90e8\u3067\u3042\u308a\u3001\u5c02\u9580\u5bb6\u306b\u3088\u3063\u3066\u66f8\u304b\u308c\u3001\u8457\u540d\u306a\u82b8\u8853\u5bb6\u306b\u3088\u3063\u3066\u30a4\u30e9\u30b9\u30c8\u304c\u63cf\u304b\u308c\u3066\u304a\u308a\u3001\u54f2\u5b66\u3001\u653f\u6cbb\u3001\u5fc3\u7406\u5b66\u3001\u79d1\u5b66\u3001\u793e\u4f1a\u5b66\u306a\u3069\u3001\u4eba\u9593\u306e\u77e5\u8b58\u306e\u6700\u3082\u591a\u69d8\u306a\u5206\u91ce\u306e\u4e3b\u984c\u3092\u7c21\u5358\u306a\u65b9\u6cd5\u3067\u7d39\u4ecb\u3057\u3066\u3044\u307e\u3059\u3002<\/p>\n<h3>\u8457\u8005\u306b\u3064\u3044\u3066<\/h3>\n<div class=\"a-section a-spacing-small a-padding-small\">\u30ed\u30fc\u30ec\u30f3\u30b9\u30fb\u30b2\u30a4\u30f3\u306f\u3001\u30ed\u30f3\u30c9\u30f3\u306e\u30e6\u30cb\u30d0\u30fc\u30b7\u30c6\u30a3\u30fb\u30ab\u30ec\u30c3\u30b8\u3068\u30ad\u30f3\u30b0\u30b9\u30fb\u30ab\u30ec\u30c3\u30b8\u3067\u54f2\u5b66\u3092\u5b66\u3073\u307e\u3057\u305f\u3002\u73fe\u5728\u3001\u5f7c\u306f\u30a6\u30a7\u30fc\u30eb\u30ba\u306e\u30b9\u30ce\u30fc\u30c9\u30cb\u30a2\u5730\u65b9\u306b\u4f4f\u3093\u3067\u304a\u308a\u3001\u305d\u3053\u3067\u30ec\u30b3\u30fc\u30c7\u30a3\u30f3\u30b0\u30b9\u30bf\u30b8\u30aa\u3092\u7d4c\u55b6\u3057\u3066\u3044\u307e\u3059\u3002<\/p>\n<p>\u30d4\u30a8\u30ed\u306f\u30a2\u30fc\u30c6\u30a3\u30b9\u30c8\u517c\u30b0\u30e9\u30d5\u30a3\u30c3\u30af \u30c7\u30b6\u30a4\u30ca\u30fc\u3067\u3042\u308a\u3001\u30ed\u30a4\u30e4\u30eb \u30ab\u30ec\u30c3\u30b8 \u30aa\u30d6 \u30a2\u30fc\u30c8\u304b\u3089\u82f1\u56fd\u6700\u9ad8\u306e\u30a4\u30e9\u30b9\u30c8\u30ec\u30fc\u30bf\u30fc\u3068\u4e8c\u5ea6\u8a55\u4fa1\u3055\u308c\u307e\u3057\u305f\u3002<\/p><\/div>","protected":false},"excerpt":{"rendered":"<p><strong>\u5728\u5eab\u9650\u308a\u306e\u30b9\u30fc\u30d1\u30fc\u30d7\u30ed\u30e2\u30fc\u30b7\u30e7\u30f3\uff01<\/strong><\/p>\n<p><span class=\"a-text-bold\">\u300c\u30b0\u30e9\u30d5\u30a3\u30c3\u30af \u30ac\u30a4\u30c9\u300d\u30b3\u30ec\u30af\u30b7\u30e7\u30f3\u306f\u3059\u3067\u306b 400 \u4e07\u518a\u4ee5\u4e0a\u8ca9\u58f2\u3055\u308c\u3066\u3044\u307e\u3059\u3002<\/span><\/p>\n<p><span class=\"a-text-bold\">\u306e\u96f0\u56f2\u6c17\u3067\u00a0<\/span><span class=\"a-text-bold a-text-italic\">\u30b0\u30e9\u30d5\u30a3\u30c3\u30af\u5c0f\u8aac<\/span><span class=\"a-text-bold\">\u3001\u30cb\u30fc\u30c1\u30a7\u306e\u500b\u4eba\u7684\u306a\u8ecc\u8de1\u3068\u5f7c\u306e\u6709\u540d\u306a\u683c\u8a00\u306b\u3064\u3044\u3066\u306e\u597d\u5947\u5fc3\u304c\u6e80\u8f09\u306e\u3053\u306e\u672c\u306f\u3001\u30c9\u30a4\u30c4\u306e\u5929\u624d\u306e\u6279\u5224\u7684\u306a\u53cd\u4e71\u3092\u77e5\u308a\u305f\u3044\u4eba\u306b\u3068\u3063\u3066\u4e0d\u53ef\u6b20\u306a\u672c\u3067\u3059\u3002<\/span><\/p>","protected":false},"featured_media":1409,"template":"","meta":[],"product_cat":[20],"product_tag":[81,69,80],"yoast_head":"<!-- This site is optimized with the Yoast SEO plugin v20.11 - https:\/\/yoast.com\/wordpress\/plugins\/seo\/ -->\n<title>Nietzsche: Um guia gr\u00e1fico - Spring School - Loja Virtual<\/title>\n<meta name=\"description\" content=\"Super promo\u00e7\u00e3o com estoque limitado! Nietzsche: Um guia gr\u00e1fico. A COLE\u00c7\u00c3O &quot;UM GUIA GR\u00c1FICO&quot; J\u00c1 VENDEU MAIS DE 4 MILH\u00d5ES DE LIVROS.\" \/>\n<meta name=\"robots\" content=\"index, follow, max-snippet:-1, max-image-preview:large, max-video-preview:-1\" \/>\n<link rel=\"canonical\" href=\"https:\/\/loja.springschool.me\/ja\/product\/nietzsche-um-guia-grafico\/\" \/>\n<meta property=\"og:locale\" content=\"ja_JP\" \/>\n<meta property=\"og:type\" content=\"article\" \/>\n<meta property=\"og:title\" content=\"Nietzsche: Um guia gr\u00e1fico - Spring School - Loja Virtual\" \/>\n<meta property=\"og:description\" content=\"Super promo\u00e7\u00e3o com estoque limitado! Nietzsche: Um guia gr\u00e1fico. A COLE\u00c7\u00c3O &quot;UM GUIA GR\u00c1FICO&quot; J\u00c1 VENDEU MAIS DE 4 MILH\u00d5ES DE LIVROS.\" \/>\n<meta property=\"og:url\" content=\"https:\/\/loja.springschool.me\/ja\/product\/nietzsche-um-guia-grafico\/\" \/>\n<meta property=\"og:site_name\" content=\"Spring School - Loja Virtual\" \/>\n<meta property=\"article:modified_time\" content=\"2024-07-17T16:36:46+00:00\" \/>\n<meta property=\"og:image\" content=\"https:\/\/loja.springschool.me\/wp-content\/uploads\/2023\/10\/spring-school-loja-livro-nietzche-um-guia-grafico-01.jpg\" \/>\n\t<meta property=\"og:image:width\" content=\"1000\" \/>\n\t<meta property=\"og:image:height\" content=\"1000\" \/>\n\t<meta property=\"og:image:type\" content=\"image\/jpeg\" \/>\n<meta name=\"twitter:card\" content=\"summary_large_image\" \/>\n<meta name=\"twitter:label1\" content=\"\u63a8\u5b9a\u8aad\u307f\u53d6\u308a\u6642\u9593\" \/>\n\t<meta name=\"twitter:data1\" content=\"2\u5206\" \/>\n<script type=\"application\/ld+json\" class=\"yoast-schema-graph\">{\"@context\":\"https:\/\/schema.org\",\"@graph\":[{\"@type\":\"WebPage\",\"@id\":\"https:\/\/loja.springschool.me\/produto\/nietzsche-um-guia-grafico\/\",\"url\":\"https:\/\/loja.springschool.me\/produto\/nietzsche-um-guia-grafico\/\",\"name\":\"Nietzsche: Um guia gr\u00e1fico - Spring School - Loja Virtual\",\"isPartOf\":{\"@id\":\"https:\/\/loja.springschool.me\/#website\"},\"datePublished\":\"2023-10-10T14:01:41+00:00\",\"dateModified\":\"2024-07-17T16:36:46+00:00\",\"description\":\"Super promo\u00e7\u00e3o com estoque limitado! Nietzsche: Um guia gr\u00e1fico. A COLE\u00c7\u00c3O \\\"UM GUIA GR\u00c1FICO\\\" J\u00c1 VENDEU MAIS DE 4 MILH\u00d5ES DE LIVROS.\",\"breadcrumb\":{\"@id\":\"https:\/\/loja.springschool.me\/produto\/nietzsche-um-guia-grafico\/#breadcrumb\"},\"inLanguage\":\"ja\",\"potentialAction\":[{\"@type\":\"ReadAction\",\"target\":[\"https:\/\/loja.springschool.me\/produto\/nietzsche-um-guia-grafico\/\"]}]},{\"@type\":\"BreadcrumbList\",\"@id\":\"https:\/\/loja.springschool.me\/produto\/nietzsche-um-guia-grafico\/#breadcrumb\",\"itemListElement\":[{\"@type\":\"ListItem\",\"position\":1,\"name\":\"In\u00edcio\",\"item\":\"https:\/\/loja.springschool.me\/\"},{\"@type\":\"ListItem\",\"position\":2,\"name\":\"Shop\",\"item\":\"https:\/\/loja.springschool.me\/shop\/\"},{\"@type\":\"ListItem\",\"position\":3,\"name\":\"Nietzsche: Um guia gr\u00e1fico\"}]},{\"@type\":\"WebSite\",\"@id\":\"https:\/\/loja.springschool.me\/#website\",\"url\":\"https:\/\/loja.springschool.me\/\",\"name\":\"Spring School - Loja Virtual\",\"description\":\"Just another WordPress site\",\"potentialAction\":[{\"@type\":\"SearchAction\",\"target\":{\"@type\":\"EntryPoint\",\"urlTemplate\":\"https:\/\/loja.springschool.me\/?s={search_term_string}\"},\"query-input\":\"required name=search_term_string\"}],\"inLanguage\":\"ja\"}]}<\/script>\n<!-- \/ Yoast SEO plugin. -->","yoast_head_json":{"title":"Nietzsche: Um guia gr\u00e1fico - Spring School - Loja Virtual","description":"Super promo\u00e7\u00e3o com estoque limitado! Nietzsche: Um guia gr\u00e1fico. A COLE\u00c7\u00c3O \"UM GUIA GR\u00c1FICO\" J\u00c1 VENDEU MAIS DE 4 MILH\u00d5ES DE LIVROS.","robots":{"index":"index","follow":"follow","max-snippet":"max-snippet:-1","max-image-preview":"max-image-preview:large","max-video-preview":"max-video-preview:-1"},"canonical":"https:\/\/loja.springschool.me\/ja\/product\/nietzsche-um-guia-grafico\/","og_locale":"ja_JP","og_type":"article","og_title":"Nietzsche: Um guia gr\u00e1fico - Spring School - Loja Virtual","og_description":"Super promo\u00e7\u00e3o com estoque limitado! Nietzsche: Um guia gr\u00e1fico. A COLE\u00c7\u00c3O \"UM GUIA GR\u00c1FICO\" J\u00c1 VENDEU MAIS DE 4 MILH\u00d5ES DE LIVROS.","og_url":"https:\/\/loja.springschool.me\/ja\/product\/nietzsche-um-guia-grafico\/","og_site_name":"Spring School - Loja Virtual","article_modified_time":"2024-07-17T16:36:46+00:00","og_image":[{"width":1000,"height":1000,"url":"https:\/\/loja.springschool.me\/wp-content\/uploads\/2023\/10\/spring-school-loja-livro-nietzche-um-guia-grafico-01.jpg","type":"image\/jpeg"}],"twitter_card":"summary_large_image","twitter_misc":{"\u63a8\u5b9a\u8aad\u307f\u53d6\u308a\u6642\u9593":"2\u5206"},"schema":{"@context":"https:\/\/schema.org","@graph":[{"@type":"WebPage","@id":"https:\/\/loja.springschool.me\/produto\/nietzsche-um-guia-grafico\/","url":"https:\/\/loja.springschool.me\/produto\/nietzsche-um-guia-grafico\/","name":"Nietzsche: Um guia gr\u00e1fico - Spring School - Loja Virtual","isPartOf":{"@id":"https:\/\/loja.springschool.me\/#website"},"datePublished":"2023-10-10T14:01:41+00:00","dateModified":"2024-07-17T16:36:46+00:00","description":"Super promo\u00e7\u00e3o com estoque limitado! Nietzsche: Um guia gr\u00e1fico. A COLE\u00c7\u00c3O \"UM GUIA GR\u00c1FICO\" J\u00c1 VENDEU MAIS DE 4 MILH\u00d5ES DE LIVROS.","breadcrumb":{"@id":"https:\/\/loja.springschool.me\/produto\/nietzsche-um-guia-grafico\/#breadcrumb"},"inLanguage":"ja","potentialAction":[{"@type":"ReadAction","target":["https:\/\/loja.springschool.me\/produto\/nietzsche-um-guia-grafico\/"]}]},{"@type":"BreadcrumbList","@id":"https:\/\/loja.springschool.me\/produto\/nietzsche-um-guia-grafico\/#breadcrumb","itemListElement":[{"@type":"ListItem","position":1,"name":"In\u00edcio","item":"https:\/\/loja.springschool.me\/"},{"@type":"ListItem","position":2,"name":"Shop","item":"https:\/\/loja.springschool.me\/shop\/"},{"@type":"ListItem","position":3,"name":"Nietzsche: Um guia gr\u00e1fico"}]},{"@type":"WebSite","@id":"https:\/\/loja.springschool.me\/#website","url":"https:\/\/loja.springschool.me\/","name":"Spring School - Loja Virtual","description":"Just another WordPress site","potentialAction":[{"@type":"SearchAction","target":{"@type":"EntryPoint","urlTemplate":"https:\/\/loja.springschool.me\/?s={search_term_string}"},"query-input":"required name=search_term_string"}],"inLanguage":"ja"}]}},"_links":{"self":[{"href":"https:\/\/loja.springschool.me\/ja\/wp-json\/wp\/v2\/product\/1430"}],"collection":[{"href":"https:\/\/loja.springschool.me\/ja\/wp-json\/wp\/v2\/product"}],"about":[{"href":"https:\/\/loja.springschool.me\/ja\/wp-json\/wp\/v2\/types\/product"}],"version-history":[{"count":1,"href":"https:\/\/loja.springschool.me\/ja\/wp-json\/wp\/v2\/product\/1430\/revisions"}],"predecessor-version":[{"id":1431,"href":"https:\/\/loja.springschool.me\/ja\/wp-json\/wp\/v2\/product\/1430\/revisions\/1431"}],"wp:featuredmedia":[{"embeddable":true,"href":"https:\/\/loja.springschool.me\/ja\/wp-json\/wp\/v2\/media\/1409"}],"wp:attachment":[{"href":"https:\/\/loja.springschool.me\/ja\/wp-json\/wp\/v2\/media?parent=1430"}],"wp:term":[{"taxonomy":"product_cat","embeddable":true,"href":"https:\/\/loja.springschool.me\/ja\/wp-json\/wp\/v2\/product_cat?post=1430"},{"taxonomy":"product_tag","embeddable":true,"href":"https:\/\/loja.springschool.me\/ja\/wp-json\/wp\/v2\/product_tag?post=1430"}],"curies":[{"name":"wp","href":"https:\/\/api.w.org\/{rel}","templated":true}]}}