{"id":1428,"date":"2023-10-10T13:51:28","date_gmt":"2023-10-10T13:51:28","guid":{"rendered":"https:\/\/loja.springschool.me\/?post_type=product&#038;p=1428"},"modified":"2024-07-24T13:32:46","modified_gmt":"2024-07-24T13:32:46","slug":"tesao-de-viver-sobre-alegria-esperanca-morte","status":"publish","type":"product","link":"https:\/\/loja.springschool.me\/ja\/product\/tesao-de-viver-sobre-alegria-esperanca-morte\/","title":{"rendered":"\u751f\u304d\u308b\u3053\u3068\u3078\u306e\u6b32\u671b: \u559c\u3073\u3001\u5e0c\u671b\u3001\u305d\u3057\u3066\u6b7b\u306b\u3064\u3044\u3066"},"content":{"rendered":"<p>\u65b0\u578b\u30b3\u30ed\u30ca\u30a6\u30a4\u30eb\u30b9\u611f\u67d3\u75c7\u306e\u30d1\u30f3\u30c7\u30df\u30c3\u30af\u306e\u76f4\u524d\u306b\u66f8\u304b\u308c\u305f\u3082\u306e\u3067\u3001\u8457\u8005\u3089\u306f\u3053\u308c\u307b\u3069\u60b2\u5287\u7684\u306a\u3053\u3068\u304c\u8d77\u3053\u308a\u5f97\u308b\u3068\u306f\u4e88\u60f3\u3057\u3066\u3044\u306a\u304b\u3063\u305f\u304c\u3001\u4f55\u304c\u8d77\u3053\u308b\u304b\u5206\u304b\u3063\u3066\u3044\u305f\u304b\u306e\u3088\u3046\u306b\u3053\u306e\u4f5c\u54c1\u3092\u5236\u4f5c\u3057\u305f\u3002\u900f\u8996\u80fd\u529b\u306e\u8a71\u3067\u306f\u3042\u308a\u307e\u305b\u3093\u3002 2020 \u5e74\u306e\u8857\u89d2\u3067\u79c1\u305f\u3061\u3092\u5f85\u3063\u3066\u3044\u305f\u3068\u3044\u3046\u8a3c\u62e0\u3082\u3042\u308a\u307e\u305b\u3093\u3002\u79d8\u8a23\u306f\u3001\u30d1\u30f3\u30c7\u30df\u30c3\u30af\u306e\u6709\u7121\u306b\u304b\u304b\u308f\u3089\u305a\u3001\u4eba\u751f\u306b\u3064\u3044\u3066\u8a71\u3059\u3068\u304d\u306f\u6b63\u76f4\u3067\u3042\u308b\u3053\u3068\u3067\u3059\u3002\u4eba\u751f\u306b\u306f\u6d6e\u304d\u6c88\u307f\u304c\u3042\u308a\u307e\u3059\u3002\u559c\u3073\u3082\u60b2\u3057\u307f\u3082\u3002\u975e\u5e38\u306b\u6fc0\u3057\u3044\u77ac\u9593\u3068\u975e\u5e38\u306b\u591a\u304f\u306e\u30dc\u30ed\u30b3\u30b9\u3002\u305d\u308c\u306f\u3001\u79c1\u305f\u3061\u304c\u671b\u3080\u3082\u306e\u3067\u306f\u306a\u304f\u3001\u3042\u308a\u306e\u307e\u307e\u306e\u4eba\u751f\u306b\u5bfe\u3059\u308b\u60c5\u71b1\u3067\u3059\u3002\u30af\u30ed\u30fc\u30f4\u30a3\u30b9\u3068\u30d5\u30ea\u30aa\u304c\u63d0\u793a\u3057\u305f\u751f\u304d\u308b\u3053\u3068\u3078\u306e\u60c5\u71b1\u306f\u3001\u4eba\u751f\u3068\u305d\u306e\u54f2\u5b66\u7684\u7406\u89e3\u3092\u6271\u3063\u3066\u3044\u307e\u3059\u304c\u3001\u305d\u306e\u65b9\u6cd5\u306f\u72ec\u7279\u3067\u3059\u3002\u305d\u308c\u306f\u3001\u6642\u306b\u306f\u5e73\u51e1\u3067\u3001\u6642\u306b\u306f\u30b3\u30df\u30ab\u30eb\u3067\u3001\u58ee\u5927\u3067\u60b2\u5287\u7684\u306a\u51fa\u6765\u4e8b\u306e\u7269\u8a9e\u3092\u8a9e\u308a\u307e\u3059\u3002\u73fe\u5b9f\u306e\u7269\u8a9e\u3068\u5275\u4f5c\u3055\u308c\u305f\u7269\u8a9e\u3002\u3088\u308a\u8208\u5473\u6df1\u3044\u4eba\u751f\u3068\u7269\u8a9e\u3092\u6301\u3063\u3066\u3044\u308b\u4f5c\u5bb6\u3084\u4ed6\u306e\u4eba\u304b\u3089\u3002\u30b9\u30c8\u30fc\u30ea\u30fc\u306f\u3001\u7269\u8a9e\u306b\u72ec\u81ea\u306e\u8996\u70b9\u3092\u52a0\u3048\u308b\u6982\u5ff5\u3092\u63d0\u793a\u3059\u308b\u305f\u3081\u306e\u4f8b\u3068\u53e3\u5b9f\u3092\u63d0\u4f9b\u3057\u307e\u3059\u3002\u6700\u521d\u306e\u7ae0\u3067\u306f\u3001\u3088\u308a\u8efd\u304f\u3001\u3088\u308a\u5e73\u51e1\u306a\u7269\u8a9e\u304c\u8aad\u8005\u3092\u7269\u8a9e\u306e\u30ea\u30ba\u30e0\u306b\u6163\u308c\u3055\u305b\u3001\u3053\u308c\u304b\u3089\u8d77\u3053\u308b\u3053\u3068\u3078\u306e\u7cbe\u795e\u3092\u6559\u80b2\u3059\u308b\u3001\u611f\u60c5\u7684\u306a\u30af\u30ec\u30c3\u30b7\u30a7\u30f3\u30c9\u306e\u3088\u3046\u306a\u3082\u306e\u3067\u3059\u3002\u6700\u5f8c\u306b\u306f\u3001\u3088\u308a\u30c9\u30e9\u30de\u30c1\u30c3\u30af\u306a\u77ac\u9593\u304c\u8a2a\u308c\u3001\u3088\u308a\u7c21\u5358\u306b\u5171\u611f\u3067\u304d\u308b\u611f\u60c5\u3084\u3001\u81ea\u5206\u306e\u4eba\u751f\u306b\u3064\u3044\u3066\u8003\u3048\u3001\u305d\u308c\u306b\u5024\u3059\u308b\u60c5\u71b1\u3092\u6301\u3063\u3066\u305d\u308c\u3092\u611b\u3059\u308b\u3053\u3068\u304c\u3067\u304d\u308b\u601d\u8003\u304c\u898b\u3064\u304b\u308a\u307e\u3059\u3002<\/p>\n<h3>\u8457\u8005\u306b\u3064\u3044\u3066<\/h3>\n<div class=\"a-section a-spacing-small a-padding-small\">\u30af\u30ed\u30f4\u30a3\u30b9\u30fb\u30c7\u30fb\u30d0\u30ed\u30b9\u30fb\u30d5\u30a3\u30fc\u30ea\u30e7\u306f\u535a\u58eb\u53f7\u3092\u53d6\u5f97\u3057\u3066\u304a\u308a\u3001\u30b5\u30f3\u30d1\u30a6\u30ed\u5927\u5b66\uff08ECA-USP\uff09\u30b3\u30df\u30e5\u30cb\u30b1\u30fc\u30b7\u30e7\u30f3\u82b8\u8853\u5b66\u90e8\u306e\u6559\u6388\u3067\u3042\u308a\u3001\u540c\u5927\u5b66\u3067\u6559\u6388\u3092\u9000\u8077\u3057\u307e\u3057\u305f\u3002\u9577\u5e74\u306b\u308f\u305f\u308a\u8b1b\u6f14\u8005\u3067\u3042\u308a\u3001\u30d6\u30e9\u30b8\u30eb\u3067\u4e8b\u696d\u3092\u5c55\u958b\u3059\u308b\u3044\u304f\u3064\u304b\u306e\u4e3b\u8981\u4f01\u696d\u306e\u30b3\u30f3\u30b5\u30eb\u30bf\u30f3\u30c8\u3067\u3082\u3042\u308b\u5f7c\u306f\u3001\u30a8\u30c7\u30a3\u30bf\u30fc\u30e9\u30fb\u30d7\u30e9\u30cd\u30bf\u793e\u304b\u3089\u51fa\u7248\u3055\u308c\u305f\u300e\u65b0\u8aac\u3001\u512a\u3057\u3055\u306e\u529b\u300f\u3092\u542b\u3080\u6570\u518a\u306e\u672c\u306e\u8457\u8005\u3067\u3082\u3042\u308a\u307e\u3059\u3002<\/p>\n<p>\u30b8\u30e5\u30ea\u30aa\u30fb\u30dd\u30f3\u30da\u30a6\u306f\u5927\u5b66\u6559\u6388\u3001\u54f2\u5b66\u8005\u3001\u8b1b\u6f14\u8005\u3067\u3059\u3002\u30a8\u30b9\u30d4\u30ea\u30c8\u30b5\u30f3\u30c8\u9023\u90a6\u5927\u5b66\uff08UFES\uff09\u3067\u5fc3\u7406\u5b66\u306e\u535a\u58eb\u53f7\u3092\u53d6\u5f97\u3002<\/p><\/div>","protected":false},"excerpt":{"rendered":"<p><strong>\u5728\u5eab\u9650\u308a\u306e\u30b9\u30fc\u30d1\u30fc\u30d7\u30ed\u30e2\u30fc\u30b7\u30e7\u30f3\uff01 <\/strong><\/p>\n<p>\u79c1\u305f\u3061\u304c\u671b\u3080\u3082\u306e\u3067\u306f\u306a\u304f\u3001\u3042\u308a\u306e\u307e\u307e\u306e\u4eba\u751f\u306b\u5bfe\u3059\u308b\u60c5\u71b1\u306b\u3064\u3044\u3066\u306e\u672c\u3002\u65b0\u578b\u30b3\u30ed\u30ca\u30a6\u30a4\u30eb\u30b9\u611f\u67d3\u75c7\u306e\u30d1\u30f3\u30c7\u30df\u30c3\u30af\u306e\u76f4\u524d\u306b\u66f8\u304b\u308c\u305f\u3082\u306e\u3067\u3001\u8457\u8005\u3089\u306f\u3053\u308c\u307b\u3069\u60b2\u5287\u7684\u306a\u3053\u3068\u304c\u8d77\u3053\u308a\u5f97\u308b\u3068\u306f\u4e88\u60f3\u3057\u3066\u3044\u306a\u304b\u3063\u305f\u304c\u3001\u4f55\u304c\u8d77\u3053\u308b\u304b\u5206\u304b\u3063\u3066\u3044\u305f\u304b\u306e\u3088\u3046\u306b\u3053\u306e\u4f5c\u54c1\u3092\u5236\u4f5c\u3057\u305f\u3002<\/p>","protected":false},"featured_media":1410,"template":"","meta":[],"product_cat":[20],"product_tag":[78],"yoast_head":"<!-- This site is optimized with the Yoast SEO plugin v20.11 - https:\/\/yoast.com\/wordpress\/plugins\/seo\/ -->\n<title>Tes\u00e3o de viver: Sobre alegria, esperan\u00e7a &amp; morte - Spring School - Loja Virtual<\/title>\n<meta name=\"description\" content=\"Super promo\u00e7\u00e3o com estoque limitado! Tes\u00e3o de viver: Sobre alegria, esperan\u00e7a &amp; morte. Um livro sobre o tes\u00e3o pela vida como ela \u00e9!\" \/>\n<meta name=\"robots\" content=\"index, follow, max-snippet:-1, max-image-preview:large, max-video-preview:-1\" \/>\n<link rel=\"canonical\" href=\"https:\/\/loja.springschool.me\/ja\/product\/tesao-de-viver-sobre-alegria-esperanca-morte\/\" \/>\n<meta property=\"og:locale\" content=\"ja_JP\" \/>\n<meta property=\"og:type\" content=\"article\" \/>\n<meta property=\"og:title\" content=\"Tes\u00e3o de viver: Sobre alegria, esperan\u00e7a &amp; morte - Spring School - Loja Virtual\" \/>\n<meta property=\"og:description\" content=\"Super promo\u00e7\u00e3o com estoque limitado! Tes\u00e3o de viver: Sobre alegria, esperan\u00e7a &amp; morte. Um livro sobre o tes\u00e3o pela vida como ela \u00e9!\" \/>\n<meta property=\"og:url\" content=\"https:\/\/loja.springschool.me\/ja\/product\/tesao-de-viver-sobre-alegria-esperanca-morte\/\" \/>\n<meta property=\"og:site_name\" content=\"Spring School - Loja Virtual\" \/>\n<meta property=\"article:modified_time\" content=\"2024-07-24T13:32:46+00:00\" \/>\n<meta property=\"og:image\" content=\"https:\/\/loja.springschool.me\/wp-content\/uploads\/2023\/10\/spring-school-loja-livro-tesao-de-viver-01.jpg\" \/>\n\t<meta property=\"og:image:width\" content=\"1000\" \/>\n\t<meta property=\"og:image:height\" content=\"1000\" \/>\n\t<meta property=\"og:image:type\" content=\"image\/jpeg\" \/>\n<meta name=\"twitter:card\" content=\"summary_large_image\" \/>\n<meta name=\"twitter:label1\" content=\"\u63a8\u5b9a\u8aad\u307f\u53d6\u308a\u6642\u9593\" \/>\n\t<meta name=\"twitter:data1\" content=\"2\u5206\" \/>\n<script type=\"application\/ld+json\" class=\"yoast-schema-graph\">{\"@context\":\"https:\/\/schema.org\",\"@graph\":[{\"@type\":\"WebPage\",\"@id\":\"https:\/\/loja.springschool.me\/produto\/tesao-de-viver-sobre-alegria-esperanca-morte\/\",\"url\":\"https:\/\/loja.springschool.me\/produto\/tesao-de-viver-sobre-alegria-esperanca-morte\/\",\"name\":\"Tes\u00e3o de viver: Sobre alegria, esperan\u00e7a & morte - Spring School - Loja Virtual\",\"isPartOf\":{\"@id\":\"https:\/\/loja.springschool.me\/#website\"},\"datePublished\":\"2023-10-10T13:51:28+00:00\",\"dateModified\":\"2024-07-24T13:32:46+00:00\",\"description\":\"Super promo\u00e7\u00e3o com estoque limitado! Tes\u00e3o de viver: Sobre alegria, esperan\u00e7a & morte. Um livro sobre o tes\u00e3o pela vida como ela \u00e9!\",\"breadcrumb\":{\"@id\":\"https:\/\/loja.springschool.me\/produto\/tesao-de-viver-sobre-alegria-esperanca-morte\/#breadcrumb\"},\"inLanguage\":\"ja\",\"potentialAction\":[{\"@type\":\"ReadAction\",\"target\":[\"https:\/\/loja.springschool.me\/produto\/tesao-de-viver-sobre-alegria-esperanca-morte\/\"]}]},{\"@type\":\"BreadcrumbList\",\"@id\":\"https:\/\/loja.springschool.me\/produto\/tesao-de-viver-sobre-alegria-esperanca-morte\/#breadcrumb\",\"itemListElement\":[{\"@type\":\"ListItem\",\"position\":1,\"name\":\"In\u00edcio\",\"item\":\"https:\/\/loja.springschool.me\/\"},{\"@type\":\"ListItem\",\"position\":2,\"name\":\"Shop\",\"item\":\"https:\/\/loja.springschool.me\/shop\/\"},{\"@type\":\"ListItem\",\"position\":3,\"name\":\"Tes\u00e3o de viver: Sobre alegria, esperan\u00e7a &#038; morte\"}]},{\"@type\":\"WebSite\",\"@id\":\"https:\/\/loja.springschool.me\/#website\",\"url\":\"https:\/\/loja.springschool.me\/\",\"name\":\"Spring School - Loja Virtual\",\"description\":\"Just another WordPress site\",\"potentialAction\":[{\"@type\":\"SearchAction\",\"target\":{\"@type\":\"EntryPoint\",\"urlTemplate\":\"https:\/\/loja.springschool.me\/?s={search_term_string}\"},\"query-input\":\"required name=search_term_string\"}],\"inLanguage\":\"ja\"}]}<\/script>\n<!-- \/ Yoast SEO plugin. -->","yoast_head_json":{"title":"Tes\u00e3o de viver: Sobre alegria, esperan\u00e7a & morte - Spring School - Loja Virtual","description":"Super promo\u00e7\u00e3o com estoque limitado! Tes\u00e3o de viver: Sobre alegria, esperan\u00e7a & morte. Um livro sobre o tes\u00e3o pela vida como ela \u00e9!","robots":{"index":"index","follow":"follow","max-snippet":"max-snippet:-1","max-image-preview":"max-image-preview:large","max-video-preview":"max-video-preview:-1"},"canonical":"https:\/\/loja.springschool.me\/ja\/product\/tesao-de-viver-sobre-alegria-esperanca-morte\/","og_locale":"ja_JP","og_type":"article","og_title":"Tes\u00e3o de viver: Sobre alegria, esperan\u00e7a & morte - Spring School - Loja Virtual","og_description":"Super promo\u00e7\u00e3o com estoque limitado! Tes\u00e3o de viver: Sobre alegria, esperan\u00e7a & morte. Um livro sobre o tes\u00e3o pela vida como ela \u00e9!","og_url":"https:\/\/loja.springschool.me\/ja\/product\/tesao-de-viver-sobre-alegria-esperanca-morte\/","og_site_name":"Spring School - Loja Virtual","article_modified_time":"2024-07-24T13:32:46+00:00","og_image":[{"width":1000,"height":1000,"url":"https:\/\/loja.springschool.me\/wp-content\/uploads\/2023\/10\/spring-school-loja-livro-tesao-de-viver-01.jpg","type":"image\/jpeg"}],"twitter_card":"summary_large_image","twitter_misc":{"\u63a8\u5b9a\u8aad\u307f\u53d6\u308a\u6642\u9593":"2\u5206"},"schema":{"@context":"https:\/\/schema.org","@graph":[{"@type":"WebPage","@id":"https:\/\/loja.springschool.me\/produto\/tesao-de-viver-sobre-alegria-esperanca-morte\/","url":"https:\/\/loja.springschool.me\/produto\/tesao-de-viver-sobre-alegria-esperanca-morte\/","name":"Tes\u00e3o de viver: Sobre alegria, esperan\u00e7a & morte - Spring School - Loja Virtual","isPartOf":{"@id":"https:\/\/loja.springschool.me\/#website"},"datePublished":"2023-10-10T13:51:28+00:00","dateModified":"2024-07-24T13:32:46+00:00","description":"Super promo\u00e7\u00e3o com estoque limitado! Tes\u00e3o de viver: Sobre alegria, esperan\u00e7a & morte. Um livro sobre o tes\u00e3o pela vida como ela \u00e9!","breadcrumb":{"@id":"https:\/\/loja.springschool.me\/produto\/tesao-de-viver-sobre-alegria-esperanca-morte\/#breadcrumb"},"inLanguage":"ja","potentialAction":[{"@type":"ReadAction","target":["https:\/\/loja.springschool.me\/produto\/tesao-de-viver-sobre-alegria-esperanca-morte\/"]}]},{"@type":"BreadcrumbList","@id":"https:\/\/loja.springschool.me\/produto\/tesao-de-viver-sobre-alegria-esperanca-morte\/#breadcrumb","itemListElement":[{"@type":"ListItem","position":1,"name":"In\u00edcio","item":"https:\/\/loja.springschool.me\/"},{"@type":"ListItem","position":2,"name":"Shop","item":"https:\/\/loja.springschool.me\/shop\/"},{"@type":"ListItem","position":3,"name":"Tes\u00e3o de viver: Sobre alegria, esperan\u00e7a &#038; morte"}]},{"@type":"WebSite","@id":"https:\/\/loja.springschool.me\/#website","url":"https:\/\/loja.springschool.me\/","name":"Spring School - Loja Virtual","description":"Just another WordPress site","potentialAction":[{"@type":"SearchAction","target":{"@type":"EntryPoint","urlTemplate":"https:\/\/loja.springschool.me\/?s={search_term_string}"},"query-input":"required name=search_term_string"}],"inLanguage":"ja"}]}},"_links":{"self":[{"href":"https:\/\/loja.springschool.me\/ja\/wp-json\/wp\/v2\/product\/1428"}],"collection":[{"href":"https:\/\/loja.springschool.me\/ja\/wp-json\/wp\/v2\/product"}],"about":[{"href":"https:\/\/loja.springschool.me\/ja\/wp-json\/wp\/v2\/types\/product"}],"version-history":[{"count":1,"href":"https:\/\/loja.springschool.me\/ja\/wp-json\/wp\/v2\/product\/1428\/revisions"}],"predecessor-version":[{"id":1429,"href":"https:\/\/loja.springschool.me\/ja\/wp-json\/wp\/v2\/product\/1428\/revisions\/1429"}],"wp:featuredmedia":[{"embeddable":true,"href":"https:\/\/loja.springschool.me\/ja\/wp-json\/wp\/v2\/media\/1410"}],"wp:attachment":[{"href":"https:\/\/loja.springschool.me\/ja\/wp-json\/wp\/v2\/media?parent=1428"}],"wp:term":[{"taxonomy":"product_cat","embeddable":true,"href":"https:\/\/loja.springschool.me\/ja\/wp-json\/wp\/v2\/product_cat?post=1428"},{"taxonomy":"product_tag","embeddable":true,"href":"https:\/\/loja.springschool.me\/ja\/wp-json\/wp\/v2\/product_tag?post=1428"}],"curies":[{"name":"wp","href":"https:\/\/api.w.org\/{rel}","templated":true}]}}