{"id":1424,"date":"2023-10-10T13:36:20","date_gmt":"2023-10-10T13:36:20","guid":{"rendered":"https:\/\/loja.springschool.me\/?post_type=product&#038;p=1424"},"modified":"2023-10-10T13:36:23","modified_gmt":"2023-10-10T13:36:23","slug":"motivacao-teoria-e-pesquisa-aplicada-a-gestao-de-pessoas","status":"publish","type":"product","link":"https:\/\/loja.springschool.me\/ja\/product\/motivacao-teoria-e-pesquisa-aplicada-a-gestao-de-pessoas\/","title":{"rendered":"\u52d5\u6a5f: \u4eba\u6750\u7ba1\u7406\u306b\u9069\u7528\u3055\u308c\u308b\u7406\u8ad6\u3068\u7814\u7a76"},"content":{"rendered":"<p>\u3053\u306e\u672c\u3067\u306f\u3001\u53e4\u5178\u4ee5\u6765\u306e\u4ed5\u4e8b\u306b\u304a\u3051\u308b\u30e2\u30c1\u30d9\u30fc\u30b7\u30e7\u30f3\u3001\u81ea\u5df1\u6c7a\u5b9a\u306e\u7406\u8ad6\u3001\u5831\u916c\u3068\u7f70\u3001\u793e\u4f1a\u7684\u8981\u56e0\u306e\u5f71\u97ff\u306a\u3069\u306e\u30c8\u30d4\u30c3\u30af\u3092\u7db2\u7f85\u3057\u305f\u5e83\u7bc4\u306a\u7de8\u96c6\u3092\u898b\u3064\u3051\u308b\u3053\u3068\u304c\u3067\u304d\u307e\u3059\u3002\u7d44\u7e54\u884c\u52d5\u304b\u3089\u306e\u8996\u70b9\u306f\u3001\u4eba\u6750\u7ba1\u7406\u306b\u9069\u7528\u3055\u308c\u308b 2 \u756a\u76ee\u306e\u90e8\u5206\u3092\u63d0\u4f9b\u3057\u307e\u3059\u3002<\/p>","protected":false},"excerpt":{"rendered":"<p><strong>\u5728\u5eab\u9650\u308a\u306e\u30b9\u30fc\u30d1\u30fc\u30d7\u30ed\u30e2\u30fc\u30b7\u30e7\u30f3\uff01<\/strong><\/p>\n<p>\u3053\u306e\u672c\u3067\u306f\u3001\u53e4\u5178\u4ee5\u6765\u306e\u4ed5\u4e8b\u306b\u304a\u3051\u308b\u30e2\u30c1\u30d9\u30fc\u30b7\u30e7\u30f3\u3001\u81ea\u5df1\u6c7a\u5b9a\u306e\u7406\u8ad6\u3001\u5831\u916c\u3068\u7f70\u3001\u793e\u4f1a\u7684\u8981\u56e0\u306e\u5f71\u97ff\u306a\u3069\u306e\u30c8\u30d4\u30c3\u30af\u3092\u7db2\u7f85\u3057\u305f\u5e83\u7bc4\u306a\u7de8\u96c6\u3092\u898b\u3064\u3051\u308b\u3053\u3068\u304c\u3067\u304d\u307e\u3059\u3002\u7d44\u7e54\u884c\u52d5\u304b\u3089\u306e\u8996\u70b9\u306f\u3001\u4eba\u6750\u7ba1\u7406\u306b\u9069\u7528\u3055\u308c\u308b 2 \u756a\u76ee\u306e\u90e8\u5206\u3092\u63d0\u4f9b\u3057\u307e\u3059\u3002<\/p>","protected":false},"featured_media":1412,"template":"","meta":[],"product_cat":[20],"product_tag":[78,77],"yoast_head":"<!-- This site is optimized with the Yoast SEO plugin v20.11 - https:\/\/yoast.com\/wordpress\/plugins\/seo\/ -->\n<title>Motiva\u00e7\u00e3o: Teoria e Pesquisa Aplicada \u00e0 Gest\u00e3o de Pessoas - Spring School - Loja Virtual<\/title>\n<meta name=\"description\" content=\"Super promo\u00e7\u00e3o com estoque limitado! Motiva\u00e7\u00e3o: Teoria e Pesquisa Aplicada \u00e0 Gest\u00e3o de Pessoas. Por Dr. M\u00e1rio Teixeira Reis Neto - Organizador.\" \/>\n<meta name=\"robots\" content=\"index, follow, max-snippet:-1, max-image-preview:large, max-video-preview:-1\" \/>\n<link rel=\"canonical\" href=\"https:\/\/loja.springschool.me\/ja\/product\/motivacao-teoria-e-pesquisa-aplicada-a-gestao-de-pessoas\/\" \/>\n<meta property=\"og:locale\" content=\"ja_JP\" \/>\n<meta property=\"og:type\" content=\"article\" \/>\n<meta property=\"og:title\" content=\"Motiva\u00e7\u00e3o: Teoria e Pesquisa Aplicada \u00e0 Gest\u00e3o de Pessoas - Spring School - Loja Virtual\" \/>\n<meta property=\"og:description\" content=\"Super promo\u00e7\u00e3o com estoque limitado! Motiva\u00e7\u00e3o: Teoria e Pesquisa Aplicada \u00e0 Gest\u00e3o de Pessoas. Por Dr. M\u00e1rio Teixeira Reis Neto - Organizador.\" \/>\n<meta property=\"og:url\" content=\"https:\/\/loja.springschool.me\/ja\/product\/motivacao-teoria-e-pesquisa-aplicada-a-gestao-de-pessoas\/\" \/>\n<meta property=\"og:site_name\" content=\"Spring School - Loja Virtual\" \/>\n<meta property=\"article:modified_time\" content=\"2023-10-10T13:36:23+00:00\" \/>\n<meta property=\"og:image\" content=\"https:\/\/loja.springschool.me\/wp-content\/uploads\/2023\/10\/spring-school-loja-livro-motivacao-01.jpg\" \/>\n\t<meta property=\"og:image:width\" content=\"1000\" \/>\n\t<meta property=\"og:image:height\" content=\"1000\" \/>\n\t<meta property=\"og:image:type\" content=\"image\/jpeg\" \/>\n<meta name=\"twitter:card\" content=\"summary_large_image\" \/>\n<meta name=\"twitter:label1\" content=\"\u63a8\u5b9a\u8aad\u307f\u53d6\u308a\u6642\u9593\" \/>\n\t<meta name=\"twitter:data1\" content=\"1\u5206\" \/>\n<script type=\"application\/ld+json\" class=\"yoast-schema-graph\">{\"@context\":\"https:\/\/schema.org\",\"@graph\":[{\"@type\":\"WebPage\",\"@id\":\"https:\/\/loja.springschool.me\/produto\/motivacao-teoria-e-pesquisa-aplicada-a-gestao-de-pessoas\/\",\"url\":\"https:\/\/loja.springschool.me\/produto\/motivacao-teoria-e-pesquisa-aplicada-a-gestao-de-pessoas\/\",\"name\":\"Motiva\u00e7\u00e3o: Teoria e Pesquisa Aplicada \u00e0 Gest\u00e3o de Pessoas - Spring School - Loja Virtual\",\"isPartOf\":{\"@id\":\"https:\/\/loja.springschool.me\/#website\"},\"datePublished\":\"2023-10-10T13:36:20+00:00\",\"dateModified\":\"2023-10-10T13:36:23+00:00\",\"description\":\"Super promo\u00e7\u00e3o com estoque limitado! Motiva\u00e7\u00e3o: Teoria e Pesquisa Aplicada \u00e0 Gest\u00e3o de Pessoas. Por Dr. M\u00e1rio Teixeira Reis Neto - Organizador.\",\"breadcrumb\":{\"@id\":\"https:\/\/loja.springschool.me\/produto\/motivacao-teoria-e-pesquisa-aplicada-a-gestao-de-pessoas\/#breadcrumb\"},\"inLanguage\":\"ja\",\"potentialAction\":[{\"@type\":\"ReadAction\",\"target\":[\"https:\/\/loja.springschool.me\/produto\/motivacao-teoria-e-pesquisa-aplicada-a-gestao-de-pessoas\/\"]}]},{\"@type\":\"BreadcrumbList\",\"@id\":\"https:\/\/loja.springschool.me\/produto\/motivacao-teoria-e-pesquisa-aplicada-a-gestao-de-pessoas\/#breadcrumb\",\"itemListElement\":[{\"@type\":\"ListItem\",\"position\":1,\"name\":\"In\u00edcio\",\"item\":\"https:\/\/loja.springschool.me\/\"},{\"@type\":\"ListItem\",\"position\":2,\"name\":\"Shop\",\"item\":\"https:\/\/loja.springschool.me\/shop\/\"},{\"@type\":\"ListItem\",\"position\":3,\"name\":\"Motiva\u00e7\u00e3o: Teoria e Pesquisa Aplicada \u00e0 Gest\u00e3o de Pessoas\"}]},{\"@type\":\"WebSite\",\"@id\":\"https:\/\/loja.springschool.me\/#website\",\"url\":\"https:\/\/loja.springschool.me\/\",\"name\":\"Spring School - Loja Virtual\",\"description\":\"Just another WordPress site\",\"potentialAction\":[{\"@type\":\"SearchAction\",\"target\":{\"@type\":\"EntryPoint\",\"urlTemplate\":\"https:\/\/loja.springschool.me\/?s={search_term_string}\"},\"query-input\":\"required name=search_term_string\"}],\"inLanguage\":\"ja\"}]}<\/script>\n<!-- \/ Yoast SEO plugin. -->","yoast_head_json":{"title":"Motiva\u00e7\u00e3o: Teoria e Pesquisa Aplicada \u00e0 Gest\u00e3o de Pessoas - Spring School - Loja Virtual","description":"Super promo\u00e7\u00e3o com estoque limitado! Motiva\u00e7\u00e3o: Teoria e Pesquisa Aplicada \u00e0 Gest\u00e3o de Pessoas. Por Dr. M\u00e1rio Teixeira Reis Neto - Organizador.","robots":{"index":"index","follow":"follow","max-snippet":"max-snippet:-1","max-image-preview":"max-image-preview:large","max-video-preview":"max-video-preview:-1"},"canonical":"https:\/\/loja.springschool.me\/ja\/product\/motivacao-teoria-e-pesquisa-aplicada-a-gestao-de-pessoas\/","og_locale":"ja_JP","og_type":"article","og_title":"Motiva\u00e7\u00e3o: Teoria e Pesquisa Aplicada \u00e0 Gest\u00e3o de Pessoas - Spring School - Loja Virtual","og_description":"Super promo\u00e7\u00e3o com estoque limitado! Motiva\u00e7\u00e3o: Teoria e Pesquisa Aplicada \u00e0 Gest\u00e3o de Pessoas. Por Dr. M\u00e1rio Teixeira Reis Neto - Organizador.","og_url":"https:\/\/loja.springschool.me\/ja\/product\/motivacao-teoria-e-pesquisa-aplicada-a-gestao-de-pessoas\/","og_site_name":"Spring School - Loja Virtual","article_modified_time":"2023-10-10T13:36:23+00:00","og_image":[{"width":1000,"height":1000,"url":"https:\/\/loja.springschool.me\/wp-content\/uploads\/2023\/10\/spring-school-loja-livro-motivacao-01.jpg","type":"image\/jpeg"}],"twitter_card":"summary_large_image","twitter_misc":{"\u63a8\u5b9a\u8aad\u307f\u53d6\u308a\u6642\u9593":"1\u5206"},"schema":{"@context":"https:\/\/schema.org","@graph":[{"@type":"WebPage","@id":"https:\/\/loja.springschool.me\/produto\/motivacao-teoria-e-pesquisa-aplicada-a-gestao-de-pessoas\/","url":"https:\/\/loja.springschool.me\/produto\/motivacao-teoria-e-pesquisa-aplicada-a-gestao-de-pessoas\/","name":"Motiva\u00e7\u00e3o: Teoria e Pesquisa Aplicada \u00e0 Gest\u00e3o de Pessoas - Spring School - Loja Virtual","isPartOf":{"@id":"https:\/\/loja.springschool.me\/#website"},"datePublished":"2023-10-10T13:36:20+00:00","dateModified":"2023-10-10T13:36:23+00:00","description":"Super promo\u00e7\u00e3o com estoque limitado! Motiva\u00e7\u00e3o: Teoria e Pesquisa Aplicada \u00e0 Gest\u00e3o de Pessoas. Por Dr. M\u00e1rio Teixeira Reis Neto - Organizador.","breadcrumb":{"@id":"https:\/\/loja.springschool.me\/produto\/motivacao-teoria-e-pesquisa-aplicada-a-gestao-de-pessoas\/#breadcrumb"},"inLanguage":"ja","potentialAction":[{"@type":"ReadAction","target":["https:\/\/loja.springschool.me\/produto\/motivacao-teoria-e-pesquisa-aplicada-a-gestao-de-pessoas\/"]}]},{"@type":"BreadcrumbList","@id":"https:\/\/loja.springschool.me\/produto\/motivacao-teoria-e-pesquisa-aplicada-a-gestao-de-pessoas\/#breadcrumb","itemListElement":[{"@type":"ListItem","position":1,"name":"In\u00edcio","item":"https:\/\/loja.springschool.me\/"},{"@type":"ListItem","position":2,"name":"Shop","item":"https:\/\/loja.springschool.me\/shop\/"},{"@type":"ListItem","position":3,"name":"Motiva\u00e7\u00e3o: Teoria e Pesquisa Aplicada \u00e0 Gest\u00e3o de Pessoas"}]},{"@type":"WebSite","@id":"https:\/\/loja.springschool.me\/#website","url":"https:\/\/loja.springschool.me\/","name":"Spring School - Loja Virtual","description":"Just another WordPress site","potentialAction":[{"@type":"SearchAction","target":{"@type":"EntryPoint","urlTemplate":"https:\/\/loja.springschool.me\/?s={search_term_string}"},"query-input":"required name=search_term_string"}],"inLanguage":"ja"}]}},"_links":{"self":[{"href":"https:\/\/loja.springschool.me\/ja\/wp-json\/wp\/v2\/product\/1424"}],"collection":[{"href":"https:\/\/loja.springschool.me\/ja\/wp-json\/wp\/v2\/product"}],"about":[{"href":"https:\/\/loja.springschool.me\/ja\/wp-json\/wp\/v2\/types\/product"}],"version-history":[{"count":1,"href":"https:\/\/loja.springschool.me\/ja\/wp-json\/wp\/v2\/product\/1424\/revisions"}],"predecessor-version":[{"id":1425,"href":"https:\/\/loja.springschool.me\/ja\/wp-json\/wp\/v2\/product\/1424\/revisions\/1425"}],"wp:featuredmedia":[{"embeddable":true,"href":"https:\/\/loja.springschool.me\/ja\/wp-json\/wp\/v2\/media\/1412"}],"wp:attachment":[{"href":"https:\/\/loja.springschool.me\/ja\/wp-json\/wp\/v2\/media?parent=1424"}],"wp:term":[{"taxonomy":"product_cat","embeddable":true,"href":"https:\/\/loja.springschool.me\/ja\/wp-json\/wp\/v2\/product_cat?post=1424"},{"taxonomy":"product_tag","embeddable":true,"href":"https:\/\/loja.springschool.me\/ja\/wp-json\/wp\/v2\/product_tag?post=1424"}],"curies":[{"name":"wp","href":"https:\/\/api.w.org\/{rel}","templated":true}]}}