{"id":1418,"date":"2023-10-10T13:01:19","date_gmt":"2023-10-10T13:01:19","guid":{"rendered":"https:\/\/loja.springschool.me\/?post_type=product&#038;p=1418"},"modified":"2024-07-17T16:12:45","modified_gmt":"2024-07-17T16:12:45","slug":"tecnologia-nao-e-tudo","status":"publish","type":"product","link":"https:\/\/loja.springschool.me\/ja\/product\/tecnologia-nao-e-tudo\/","title":{"rendered":"\u30c6\u30af\u30ce\u30ed\u30b8\u30fc\u304c\u3059\u3079\u3066\u3067\u306f\u306a\u3044"},"content":{"rendered":"<p>\u30c7\u30b8\u30bf\u30eb \u30c7\u30a3\u30b9\u30e9\u30d7\u30b7\u30e7\u30f3\u306f\u4f01\u696d\u306e\u9032\u5316\u306e\u4e00\u90e8\u3067\u3042\u308b\u73fe\u5b9f\u3067\u3059\u304c\u3001\u79c1\u305f\u3061\u304c\u9069\u5fdc\u3067\u304d\u308b\u3088\u308a\u3082\u65e9\u304f\u5909\u5316\u304c\u8d77\u3053\u308b\u4e16\u754c\u3067\u3001\u3069\u3046\u3059\u308c\u3070\u30c7\u30b8\u30bf\u30eb\u306e\u6210\u719f\u5ea6\u3092\u9054\u6210\u3067\u304d\u308b\u3067\u3057\u3087\u3046\u304b?\u7b54\u3048\u306f\u3001\u6280\u8853\u7684\u306a\u30c4\u30fc\u30eb\u3060\u3051\u3067\u306f\u306a\u304f\u3001\u4eba\u6750\u306b\u6295\u8cc7\u3059\u308b\u3053\u3068\u3067\u3059\u3002\u5b9f\u9a13\u7684\u306a\u8003\u3048\u65b9\u3092\u6301\u3064\u30ea\u30fc\u30c0\u30fc\u306e\u80b2\u6210\u3001\u90e8\u9580\u6a2a\u65ad\u7684\u306a\u30c1\u30fc\u30e0\u306e\u69cb\u7bc9\u3001\u30ea\u30b9\u30af\u8a31\u5bb9\u5ea6\u306e\u5411\u4e0a\u306a\u3069\u3001\u7d44\u7e54\u306b\u5909\u5316\u3092\u8d77\u3053\u3059\u3053\u3068\u3067\u3001\u771f\u306e\u30c7\u30b8\u30bf\u30eb\u5909\u9769\u3092\u9054\u6210\u3067\u304d\u307e\u3059\u3002\u3053\u308c\u3089\u306e\u58f0\u660e\u306f\u3001MIT Sloan Management Review \u3068 Deloitte Digital \u306e\u5171\u540c\u7814\u7a76\u306e\u7d50\u679c\u3068\u6d1e\u5bdf\u306b\u57fa\u3065\u3044\u3066\u3044\u307e\u3059\u3002\u3053\u306e\u5171\u540c\u7814\u7a76\u306b\u306f\u3001\u30de\u30cd\u30fc\u30b8\u30e3\u30fc\u3068\u5f93\u696d\u54e1\u3092\u542b\u3080 16,000 \u4eba\u4ee5\u4e0a\u304c 4 \u5e74\u9593\u306b\u308f\u305f\u3063\u3066\u53c2\u52a0\u3057\u307e\u3057\u305f\u3002\u672c\u66f8\u3067\u7d39\u4ecb\u3055\u308c\u3066\u3044\u308b\u7d50\u679c\u306f\u3001\u4f01\u696d\u306e\u898f\u6a21\u306b\u95a2\u4fc2\u306a\u304f\u3001\u30c7\u30b8\u30bf\u30eb\u5909\u9769\u304c\u5fc5\u8981\u3067\u3042\u308a\u3001\u3042\u3089\u3086\u308b\u968e\u5c64\u30ec\u30d9\u30eb\u306e\u4eba\u3005\u306b\u4f9d\u5b58\u3057\u3066\u3044\u308b\u3053\u3068\u3092\u793a\u3057\u3066\u3044\u307e\u3059\u3002\u3055\u3089\u306b\u8457\u8005\u3089\u306f\u3001\u3059\u3079\u3066\u306e\u7d44\u7e54\u304c\u30c7\u30b8\u30bf\u30eb\u3092\u3084\u3081\u3066\u30c7\u30b8\u30bf\u30eb\u306b\u306a\u308a\u59cb\u3081\u308b\u306b\u306f\u3001\u30c7\u30b8\u30bf\u30eb DNA \u3092\u7406\u89e3\u3059\u308b\u5fc5\u8981\u304c\u3042\u308b\u3068\u8003\u3048\u3066\u3044\u307e\u3059\u3002<\/p>\n<p><em>\u300c\u30c7\u30fc\u30bf\u3001\u30a4\u30f3\u30bf\u30d3\u30e5\u30fc\u3001\u8aac\u5f97\u529b\u306e\u3042\u308b\u4f8b\u304c\u8a70\u3081\u8fbc\u307e\u308c\u305f\u300e\u30c6\u30af\u30ce\u30ed\u30b8\u30fc\u304c\u3059\u3079\u3066\u3067\u306f\u306a\u3044\u300f\u306f\u3001\u30c6\u30af\u30ce\u30ed\u30b8\u30fc\u3092\u4f7f\u7528\u3059\u308b\u3060\u3051\u3067\u306a\u304f\u3001\u7d99\u7d9a\u7684\u306a\u5b66\u7fd2\u3068\u9069\u5fdc\u6027\u3092\u53d7\u3051\u5165\u308c\u308b\u305f\u3081\u306e\u30b7\u30b9\u30c6\u30e0\u3092\u69cb\u7bc9\u3057\u3001\u30ea\u30fc\u30c0\u30fc\u3092\u8a13\u7df4\u3059\u308b\u3053\u3068\u306b\u3088\u3063\u3066\u3001\u4f01\u696d\u304c\u73fe\u5728\u306e\u72b6\u6cc1\u306b\u9069\u5fdc\u3059\u308b\u5fc5\u8981\u6027\u306b\u3064\u3044\u3066\u3001\u8aac\u5f97\u529b\u306e\u3042\u308b\u4e3b\u5f35\u3092\u3057\u3066\u3044\u307e\u3059\u3002\u307e\u305f\u3001\u3069\u306e\u3088\u3046\u306b\u59cb\u3081\u308b\u304b\u306b\u3064\u3044\u3066\u306e\u7d20\u6674\u3089\u3057\u3044\u30ac\u30a4\u30c9\u3067\u3082\u3042\u308a\u307e\u3059\u3002\u300d\u00a0 <\/em><\/p>\n<p><strong><em>\u30a8\u30ea\u30c3\u30af\u30fb\u30ea\u30fc\u30b9<\/em><\/strong>\u3001\u300e\u30ea\u30fc\u30f3\u30fb\u30b9\u30bf\u30fc\u30c8\u30a2\u30c3\u30d7\u3068\u30b9\u30bf\u30fc\u30c8\u30a2\u30c3\u30d7\u30fb\u30b9\u30bf\u30a4\u30eb\u300f\u306e\u8457\u8005\u3002<\/p>\n<p><em>&#8220;<\/em><em>\u30c6\u30af\u30ce\u30ed\u30b8\u30fc\u304c\u3059\u3079\u3066\u3067\u306f\u306a\u3044\u3068\u3044\u3046\u672c\u306f\u3001\u30c7\u30b8\u30bf\u30eb \u30c6\u30af\u30ce\u30ed\u30b8\u30fc\u306b\u3088\u3063\u3066\u5f15\u304d\u8d77\u3053\u3055\u308c\u308b\u6df7\u4e71\u3078\u306e\u5bfe\u5fdc\u306b\u8ab2\u984c\u3092\u62b1\u3048\u3066\u3044\u308b\u30ea\u30fc\u30c0\u30fc\u306b\u3068\u3063\u3066\u6700\u9069\u306a\u4e00\u518a\u3067\u3059\u3002\u3053\u306e\u672c\u306f\u3001\u30ea\u30fc\u30c0\u30fc\u304c\u30c6\u30af\u30ce\u30ed\u30b8\u30fc\u305d\u306e\u3082\u306e\u306b\u60d1\u308f\u3055\u308c\u305a\u306b\u3001\u7d44\u7e54\u306e\u30c7\u30b8\u30bf\u30eb\u80fd\u529b\u3092\u958b\u767a\u3059\u308b\u305f\u3081\u306b\u5b9f\u884c\u3067\u304d\u308b\u5177\u4f53\u7684\u306a\u884c\u52d5\u306b\u7126\u70b9\u3092\u5f53\u3066\u308b\u3068\u3044\u3046\u7d20\u6674\u3089\u3057\u3044\u4ed5\u4e8b\u3092\u3057\u3066\u3044\u307e\u3059\u3002\u300d\u00a0\u00a0<\/em><\/p>\n<p><strong>\u30a2\u30c6\u30a3\u30b7\u30e5\u30fb\u30b0\u30fc\u30c9<\/strong>\u3001\u30cd\u30c3\u30c8\u30a2\u30c3\u30d7\u306e\u6226\u7565\u30c7\u30a3\u30ec\u30af\u30bf\u30fc\u3002<\/p>","protected":false},"excerpt":{"rendered":"<p><strong>\u5728\u5eab\u9650\u308a\u306e\u30b9\u30fc\u30d1\u30fc\u30d7\u30ed\u30e2\u30fc\u30b7\u30e7\u30f3\uff01 <\/strong><\/p>\n<p>\u30c6\u30af\u30ce\u30ed\u30b8\u30fc\u304c\u3059\u3079\u3066\u3067\u306f\u3042\u308a\u307e\u305b\u3093\u3002\u30d3\u30b8\u30cd\u30b9\u306e\u30c7\u30b8\u30bf\u30eb\u5909\u9769\u306b\u3068\u3063\u3066\u771f\u306e\u9375\u3068\u306a\u308b\u306e\u306f\u4eba\u6750\u3067\u3042\u308b\u7406\u7531\u3092\u7406\u89e3\u3057\u3066\u304f\u3060\u3055\u3044\u3002<\/p>","protected":false},"featured_media":1414,"template":"","meta":[],"product_cat":[20],"product_tag":[74,73],"yoast_head":"<!-- This site is optimized with the Yoast SEO plugin v20.11 - https:\/\/yoast.com\/wordpress\/plugins\/seo\/ -->\n<title>Tecnologia n\u00e3o \u00e9 tudo - Spring School - Loja Virtual<\/title>\n<meta name=\"description\" content=\"Super Promo\u00e7\u00e3o com estoque limitado! Tecnologia n\u00e3o \u00e9 tudo: Entenda por que as pessoas s\u00e3o a verdadeira chave para a transforma\u00e7\u00e3o digital do seu neg\u00f3cio.\" \/>\n<meta name=\"robots\" content=\"index, follow, max-snippet:-1, max-image-preview:large, max-video-preview:-1\" \/>\n<link rel=\"canonical\" href=\"https:\/\/loja.springschool.me\/ja\/product\/tecnologia-nao-e-tudo\/\" \/>\n<meta property=\"og:locale\" content=\"ja_JP\" \/>\n<meta property=\"og:type\" content=\"article\" \/>\n<meta property=\"og:title\" content=\"Tecnologia n\u00e3o \u00e9 tudo - Spring School - Loja Virtual\" \/>\n<meta property=\"og:description\" content=\"Super Promo\u00e7\u00e3o com estoque limitado! Tecnologia n\u00e3o \u00e9 tudo: Entenda por que as pessoas s\u00e3o a verdadeira chave para a transforma\u00e7\u00e3o digital do seu neg\u00f3cio.\" \/>\n<meta property=\"og:url\" content=\"https:\/\/loja.springschool.me\/ja\/product\/tecnologia-nao-e-tudo\/\" \/>\n<meta property=\"og:site_name\" content=\"Spring School - Loja Virtual\" \/>\n<meta property=\"article:modified_time\" content=\"2024-07-17T16:12:45+00:00\" \/>\n<meta property=\"og:image\" content=\"https:\/\/loja.springschool.me\/wp-content\/uploads\/2023\/10\/spring-school-loja-livro-tecnologia-nao-e-tudo-01.jpg\" \/>\n\t<meta property=\"og:image:width\" content=\"1000\" \/>\n\t<meta property=\"og:image:height\" content=\"1000\" \/>\n\t<meta property=\"og:image:type\" content=\"image\/jpeg\" \/>\n<meta name=\"twitter:card\" content=\"summary_large_image\" \/>\n<meta name=\"twitter:label1\" content=\"\u63a8\u5b9a\u8aad\u307f\u53d6\u308a\u6642\u9593\" \/>\n\t<meta name=\"twitter:data1\" content=\"2\u5206\" \/>\n<script type=\"application\/ld+json\" class=\"yoast-schema-graph\">{\"@context\":\"https:\/\/schema.org\",\"@graph\":[{\"@type\":\"WebPage\",\"@id\":\"https:\/\/loja.springschool.me\/produto\/tecnologia-nao-e-tudo\/\",\"url\":\"https:\/\/loja.springschool.me\/produto\/tecnologia-nao-e-tudo\/\",\"name\":\"Tecnologia n\u00e3o \u00e9 tudo - Spring School - Loja Virtual\",\"isPartOf\":{\"@id\":\"https:\/\/loja.springschool.me\/#website\"},\"datePublished\":\"2023-10-10T13:01:19+00:00\",\"dateModified\":\"2024-07-17T16:12:45+00:00\",\"description\":\"Super Promo\u00e7\u00e3o com estoque limitado! Tecnologia n\u00e3o \u00e9 tudo: Entenda por que as pessoas s\u00e3o a verdadeira chave para a transforma\u00e7\u00e3o digital do seu neg\u00f3cio.\",\"breadcrumb\":{\"@id\":\"https:\/\/loja.springschool.me\/produto\/tecnologia-nao-e-tudo\/#breadcrumb\"},\"inLanguage\":\"ja\",\"potentialAction\":[{\"@type\":\"ReadAction\",\"target\":[\"https:\/\/loja.springschool.me\/produto\/tecnologia-nao-e-tudo\/\"]}]},{\"@type\":\"BreadcrumbList\",\"@id\":\"https:\/\/loja.springschool.me\/produto\/tecnologia-nao-e-tudo\/#breadcrumb\",\"itemListElement\":[{\"@type\":\"ListItem\",\"position\":1,\"name\":\"In\u00edcio\",\"item\":\"https:\/\/loja.springschool.me\/\"},{\"@type\":\"ListItem\",\"position\":2,\"name\":\"Shop\",\"item\":\"https:\/\/loja.springschool.me\/shop\/\"},{\"@type\":\"ListItem\",\"position\":3,\"name\":\"Tecnologia n\u00e3o \u00e9 tudo\"}]},{\"@type\":\"WebSite\",\"@id\":\"https:\/\/loja.springschool.me\/#website\",\"url\":\"https:\/\/loja.springschool.me\/\",\"name\":\"Spring School - Loja Virtual\",\"description\":\"Just another WordPress site\",\"potentialAction\":[{\"@type\":\"SearchAction\",\"target\":{\"@type\":\"EntryPoint\",\"urlTemplate\":\"https:\/\/loja.springschool.me\/?s={search_term_string}\"},\"query-input\":\"required name=search_term_string\"}],\"inLanguage\":\"ja\"}]}<\/script>\n<!-- \/ Yoast SEO plugin. -->","yoast_head_json":{"title":"Tecnologia n\u00e3o \u00e9 tudo - Spring School - Loja Virtual","description":"Super Promo\u00e7\u00e3o com estoque limitado! Tecnologia n\u00e3o \u00e9 tudo: Entenda por que as pessoas s\u00e3o a verdadeira chave para a transforma\u00e7\u00e3o digital do seu neg\u00f3cio.","robots":{"index":"index","follow":"follow","max-snippet":"max-snippet:-1","max-image-preview":"max-image-preview:large","max-video-preview":"max-video-preview:-1"},"canonical":"https:\/\/loja.springschool.me\/ja\/product\/tecnologia-nao-e-tudo\/","og_locale":"ja_JP","og_type":"article","og_title":"Tecnologia n\u00e3o \u00e9 tudo - Spring School - Loja Virtual","og_description":"Super Promo\u00e7\u00e3o com estoque limitado! Tecnologia n\u00e3o \u00e9 tudo: Entenda por que as pessoas s\u00e3o a verdadeira chave para a transforma\u00e7\u00e3o digital do seu neg\u00f3cio.","og_url":"https:\/\/loja.springschool.me\/ja\/product\/tecnologia-nao-e-tudo\/","og_site_name":"Spring School - Loja Virtual","article_modified_time":"2024-07-17T16:12:45+00:00","og_image":[{"width":1000,"height":1000,"url":"https:\/\/loja.springschool.me\/wp-content\/uploads\/2023\/10\/spring-school-loja-livro-tecnologia-nao-e-tudo-01.jpg","type":"image\/jpeg"}],"twitter_card":"summary_large_image","twitter_misc":{"\u63a8\u5b9a\u8aad\u307f\u53d6\u308a\u6642\u9593":"2\u5206"},"schema":{"@context":"https:\/\/schema.org","@graph":[{"@type":"WebPage","@id":"https:\/\/loja.springschool.me\/produto\/tecnologia-nao-e-tudo\/","url":"https:\/\/loja.springschool.me\/produto\/tecnologia-nao-e-tudo\/","name":"Tecnologia n\u00e3o \u00e9 tudo - Spring School - Loja Virtual","isPartOf":{"@id":"https:\/\/loja.springschool.me\/#website"},"datePublished":"2023-10-10T13:01:19+00:00","dateModified":"2024-07-17T16:12:45+00:00","description":"Super Promo\u00e7\u00e3o com estoque limitado! Tecnologia n\u00e3o \u00e9 tudo: Entenda por que as pessoas s\u00e3o a verdadeira chave para a transforma\u00e7\u00e3o digital do seu neg\u00f3cio.","breadcrumb":{"@id":"https:\/\/loja.springschool.me\/produto\/tecnologia-nao-e-tudo\/#breadcrumb"},"inLanguage":"ja","potentialAction":[{"@type":"ReadAction","target":["https:\/\/loja.springschool.me\/produto\/tecnologia-nao-e-tudo\/"]}]},{"@type":"BreadcrumbList","@id":"https:\/\/loja.springschool.me\/produto\/tecnologia-nao-e-tudo\/#breadcrumb","itemListElement":[{"@type":"ListItem","position":1,"name":"In\u00edcio","item":"https:\/\/loja.springschool.me\/"},{"@type":"ListItem","position":2,"name":"Shop","item":"https:\/\/loja.springschool.me\/shop\/"},{"@type":"ListItem","position":3,"name":"Tecnologia n\u00e3o \u00e9 tudo"}]},{"@type":"WebSite","@id":"https:\/\/loja.springschool.me\/#website","url":"https:\/\/loja.springschool.me\/","name":"Spring School - Loja Virtual","description":"Just another WordPress site","potentialAction":[{"@type":"SearchAction","target":{"@type":"EntryPoint","urlTemplate":"https:\/\/loja.springschool.me\/?s={search_term_string}"},"query-input":"required name=search_term_string"}],"inLanguage":"ja"}]}},"_links":{"self":[{"href":"https:\/\/loja.springschool.me\/ja\/wp-json\/wp\/v2\/product\/1418"}],"collection":[{"href":"https:\/\/loja.springschool.me\/ja\/wp-json\/wp\/v2\/product"}],"about":[{"href":"https:\/\/loja.springschool.me\/ja\/wp-json\/wp\/v2\/types\/product"}],"version-history":[{"count":1,"href":"https:\/\/loja.springschool.me\/ja\/wp-json\/wp\/v2\/product\/1418\/revisions"}],"predecessor-version":[{"id":1419,"href":"https:\/\/loja.springschool.me\/ja\/wp-json\/wp\/v2\/product\/1418\/revisions\/1419"}],"wp:featuredmedia":[{"embeddable":true,"href":"https:\/\/loja.springschool.me\/ja\/wp-json\/wp\/v2\/media\/1414"}],"wp:attachment":[{"href":"https:\/\/loja.springschool.me\/ja\/wp-json\/wp\/v2\/media?parent=1418"}],"wp:term":[{"taxonomy":"product_cat","embeddable":true,"href":"https:\/\/loja.springschool.me\/ja\/wp-json\/wp\/v2\/product_cat?post=1418"},{"taxonomy":"product_tag","embeddable":true,"href":"https:\/\/loja.springschool.me\/ja\/wp-json\/wp\/v2\/product_tag?post=1418"}],"curies":[{"name":"wp","href":"https:\/\/api.w.org\/{rel}","templated":true}]}}