{"id":1405,"date":"2023-10-10T12:51:03","date_gmt":"2023-10-10T12:51:03","guid":{"rendered":"https:\/\/loja.springschool.me\/?post_type=product&#038;p=1405"},"modified":"2023-10-10T12:51:54","modified_gmt":"2023-10-10T12:51:54","slug":"as-5-habilidades-essenciais-do-relacionamento","status":"publish","type":"product","link":"https:\/\/loja.springschool.me\/ja\/product\/as-5-habilidades-essenciais-do-relacionamento\/","title":{"rendered":"5 \u3064\u306e\u91cd\u8981\u306a\u4eba\u9593\u95a2\u4fc2\u30b9\u30ad\u30eb"},"content":{"rendered":"<p>\u30c7\u30fc\u30eb\u30fb\u30ab\u30fc\u30cd\u30ae\u30fc\u30fb\u30c8\u30ec\u30fc\u30cb\u30f3\u30b0\u306e\u30d3\u30b8\u30cd\u30b9\u76e3\u7763\u8005\u3068\u30c8\u30ec\u30fc\u30ca\u30fc\u306f\u3001\u30ad\u30e3\u30ea\u30a2\u306e\u52dd\u8005\u306b\u306a\u308b\u305f\u3081\u306e\u6700\u3082\u52b9\u7387\u7684\u306a\u65b9\u6cd5\u306f\u3001\u3059\u3079\u3066\u306e\u3084\u308a\u53d6\u308a\u306b\u304a\u3044\u3066\u7a4d\u6975\u6027\u3092\u6b63\u3057\u304f\u9069\u7528\u3059\u308b\u3053\u3068\u3067\u3042\u308b\u3053\u3068\u3092\u767a\u898b\u3057\u307e\u3057\u305f\u3002 5 \u3064\u306e\u91cd\u8981\u306a\u4eba\u9593\u95a2\u4fc2\u30b9\u30ad\u30eb\u306f\u3001\u3042\u306a\u305f\u304c\u6700\u3082\u8c4a\u304b\u3067\u3001\u6700\u3082\u30a4\u30f3\u30b9\u30d4\u30ec\u30fc\u30b7\u30e7\u30f3\u306b\u6e80\u3061\u305f\u3001\u7a4d\u6975\u7684\u306a\u30d7\u30ed\u30d5\u30a7\u30c3\u30b7\u30e7\u30ca\u30eb\u306b\u306a\u308b\u306e\u306b\u5f79\u7acb\u3061\u307e\u3059\u3002<\/p>","protected":false},"excerpt":{"rendered":"<p><strong>\u5728\u5eab\u9650\u308a\u306e\u30b9\u30fc\u30d1\u30fc\u30d7\u30ed\u30e2\u30fc\u30b7\u30e7\u30f3\uff01<\/strong><\/p>\n<p>5 \u3064\u306e\u91cd\u8981\u306a\u4eba\u9593\u95a2\u4fc2\u30b9\u30ad\u30eb\u306f\u3001\u3042\u306a\u305f\u304c\u6700\u3082\u8c4a\u304b\u3067\u3001\u6700\u3082\u30a4\u30f3\u30b9\u30d4\u30ec\u30fc\u30b7\u30e7\u30f3\u306b\u6e80\u3061\u305f\u3001\u7a4d\u6975\u7684\u306a\u30d7\u30ed\u30d5\u30a7\u30c3\u30b7\u30e7\u30ca\u30eb\u306b\u306a\u308b\u306e\u306b\u5f79\u7acb\u3061\u307e\u3059\u3002<\/p>","protected":false},"featured_media":1415,"template":"","meta":[],"product_cat":[20],"product_tag":[72],"yoast_head":"<!-- This site is optimized with the Yoast SEO plugin v20.11 - https:\/\/yoast.com\/wordpress\/plugins\/seo\/ -->\n<title>As 5 habilidades essenciais do relacionamento - Spring School - Loja Virtual<\/title>\n<meta name=\"description\" content=\"As cinco habilidades essenciais do relacionamento o ajudar\u00e1 a tornar-se o profissional mais pr\u00f3spero, mais inspirado e pr\u00f3-ativo que voc\u00ea pode ser.\" \/>\n<meta name=\"robots\" content=\"index, follow, max-snippet:-1, max-image-preview:large, max-video-preview:-1\" \/>\n<link rel=\"canonical\" href=\"https:\/\/loja.springschool.me\/ja\/product\/as-5-habilidades-essenciais-do-relacionamento\/\" \/>\n<meta property=\"og:locale\" content=\"ja_JP\" \/>\n<meta property=\"og:type\" content=\"article\" \/>\n<meta property=\"og:title\" content=\"As 5 habilidades essenciais do relacionamento - Spring School - Loja Virtual\" \/>\n<meta property=\"og:description\" content=\"As cinco habilidades essenciais do relacionamento o ajudar\u00e1 a tornar-se o profissional mais pr\u00f3spero, mais inspirado e pr\u00f3-ativo que voc\u00ea pode ser.\" \/>\n<meta property=\"og:url\" content=\"https:\/\/loja.springschool.me\/ja\/product\/as-5-habilidades-essenciais-do-relacionamento\/\" \/>\n<meta property=\"og:site_name\" content=\"Spring School - Loja Virtual\" \/>\n<meta property=\"article:modified_time\" content=\"2023-10-10T12:51:54+00:00\" \/>\n<meta property=\"og:image\" content=\"https:\/\/loja.springschool.me\/wp-content\/uploads\/2023\/10\/spring-school-loja-livro-as-5-habilidades-essenciais-do-relacionamento-01.jpg\" \/>\n\t<meta property=\"og:image:width\" content=\"1000\" \/>\n\t<meta property=\"og:image:height\" content=\"1000\" \/>\n\t<meta property=\"og:image:type\" content=\"image\/jpeg\" \/>\n<meta name=\"twitter:card\" content=\"summary_large_image\" \/>\n<meta name=\"twitter:label1\" content=\"\u63a8\u5b9a\u8aad\u307f\u53d6\u308a\u6642\u9593\" \/>\n\t<meta name=\"twitter:data1\" content=\"1\u5206\" \/>\n<script type=\"application\/ld+json\" class=\"yoast-schema-graph\">{\"@context\":\"https:\/\/schema.org\",\"@graph\":[{\"@type\":\"WebPage\",\"@id\":\"https:\/\/loja.springschool.me\/produto\/as-5-habilidades-essenciais-do-relacionamento\/\",\"url\":\"https:\/\/loja.springschool.me\/produto\/as-5-habilidades-essenciais-do-relacionamento\/\",\"name\":\"As 5 habilidades essenciais do relacionamento - Spring School - Loja Virtual\",\"isPartOf\":{\"@id\":\"https:\/\/loja.springschool.me\/#website\"},\"datePublished\":\"2023-10-10T12:51:03+00:00\",\"dateModified\":\"2023-10-10T12:51:54+00:00\",\"description\":\"As cinco habilidades essenciais do relacionamento o ajudar\u00e1 a tornar-se o profissional mais pr\u00f3spero, mais inspirado e pr\u00f3-ativo que voc\u00ea pode ser.\",\"breadcrumb\":{\"@id\":\"https:\/\/loja.springschool.me\/produto\/as-5-habilidades-essenciais-do-relacionamento\/#breadcrumb\"},\"inLanguage\":\"ja\",\"potentialAction\":[{\"@type\":\"ReadAction\",\"target\":[\"https:\/\/loja.springschool.me\/produto\/as-5-habilidades-essenciais-do-relacionamento\/\"]}]},{\"@type\":\"BreadcrumbList\",\"@id\":\"https:\/\/loja.springschool.me\/produto\/as-5-habilidades-essenciais-do-relacionamento\/#breadcrumb\",\"itemListElement\":[{\"@type\":\"ListItem\",\"position\":1,\"name\":\"In\u00edcio\",\"item\":\"https:\/\/loja.springschool.me\/\"},{\"@type\":\"ListItem\",\"position\":2,\"name\":\"Shop\",\"item\":\"https:\/\/loja.springschool.me\/shop\/\"},{\"@type\":\"ListItem\",\"position\":3,\"name\":\"As 5 habilidades essenciais do relacionamento\"}]},{\"@type\":\"WebSite\",\"@id\":\"https:\/\/loja.springschool.me\/#website\",\"url\":\"https:\/\/loja.springschool.me\/\",\"name\":\"Spring School - Loja Virtual\",\"description\":\"Just another WordPress site\",\"potentialAction\":[{\"@type\":\"SearchAction\",\"target\":{\"@type\":\"EntryPoint\",\"urlTemplate\":\"https:\/\/loja.springschool.me\/?s={search_term_string}\"},\"query-input\":\"required name=search_term_string\"}],\"inLanguage\":\"ja\"}]}<\/script>\n<!-- \/ Yoast SEO plugin. -->","yoast_head_json":{"title":"As 5 habilidades essenciais do relacionamento - Spring School - Loja Virtual","description":"As cinco habilidades essenciais do relacionamento o ajudar\u00e1 a tornar-se o profissional mais pr\u00f3spero, mais inspirado e pr\u00f3-ativo que voc\u00ea pode ser.","robots":{"index":"index","follow":"follow","max-snippet":"max-snippet:-1","max-image-preview":"max-image-preview:large","max-video-preview":"max-video-preview:-1"},"canonical":"https:\/\/loja.springschool.me\/ja\/product\/as-5-habilidades-essenciais-do-relacionamento\/","og_locale":"ja_JP","og_type":"article","og_title":"As 5 habilidades essenciais do relacionamento - Spring School - Loja Virtual","og_description":"As cinco habilidades essenciais do relacionamento o ajudar\u00e1 a tornar-se o profissional mais pr\u00f3spero, mais inspirado e pr\u00f3-ativo que voc\u00ea pode ser.","og_url":"https:\/\/loja.springschool.me\/ja\/product\/as-5-habilidades-essenciais-do-relacionamento\/","og_site_name":"Spring School - Loja Virtual","article_modified_time":"2023-10-10T12:51:54+00:00","og_image":[{"width":1000,"height":1000,"url":"https:\/\/loja.springschool.me\/wp-content\/uploads\/2023\/10\/spring-school-loja-livro-as-5-habilidades-essenciais-do-relacionamento-01.jpg","type":"image\/jpeg"}],"twitter_card":"summary_large_image","twitter_misc":{"\u63a8\u5b9a\u8aad\u307f\u53d6\u308a\u6642\u9593":"1\u5206"},"schema":{"@context":"https:\/\/schema.org","@graph":[{"@type":"WebPage","@id":"https:\/\/loja.springschool.me\/produto\/as-5-habilidades-essenciais-do-relacionamento\/","url":"https:\/\/loja.springschool.me\/produto\/as-5-habilidades-essenciais-do-relacionamento\/","name":"As 5 habilidades essenciais do relacionamento - Spring School - Loja Virtual","isPartOf":{"@id":"https:\/\/loja.springschool.me\/#website"},"datePublished":"2023-10-10T12:51:03+00:00","dateModified":"2023-10-10T12:51:54+00:00","description":"As cinco habilidades essenciais do relacionamento o ajudar\u00e1 a tornar-se o profissional mais pr\u00f3spero, mais inspirado e pr\u00f3-ativo que voc\u00ea pode ser.","breadcrumb":{"@id":"https:\/\/loja.springschool.me\/produto\/as-5-habilidades-essenciais-do-relacionamento\/#breadcrumb"},"inLanguage":"ja","potentialAction":[{"@type":"ReadAction","target":["https:\/\/loja.springschool.me\/produto\/as-5-habilidades-essenciais-do-relacionamento\/"]}]},{"@type":"BreadcrumbList","@id":"https:\/\/loja.springschool.me\/produto\/as-5-habilidades-essenciais-do-relacionamento\/#breadcrumb","itemListElement":[{"@type":"ListItem","position":1,"name":"In\u00edcio","item":"https:\/\/loja.springschool.me\/"},{"@type":"ListItem","position":2,"name":"Shop","item":"https:\/\/loja.springschool.me\/shop\/"},{"@type":"ListItem","position":3,"name":"As 5 habilidades essenciais do relacionamento"}]},{"@type":"WebSite","@id":"https:\/\/loja.springschool.me\/#website","url":"https:\/\/loja.springschool.me\/","name":"Spring School - Loja Virtual","description":"Just another WordPress site","potentialAction":[{"@type":"SearchAction","target":{"@type":"EntryPoint","urlTemplate":"https:\/\/loja.springschool.me\/?s={search_term_string}"},"query-input":"required name=search_term_string"}],"inLanguage":"ja"}]}},"_links":{"self":[{"href":"https:\/\/loja.springschool.me\/ja\/wp-json\/wp\/v2\/product\/1405"}],"collection":[{"href":"https:\/\/loja.springschool.me\/ja\/wp-json\/wp\/v2\/product"}],"about":[{"href":"https:\/\/loja.springschool.me\/ja\/wp-json\/wp\/v2\/types\/product"}],"version-history":[{"count":2,"href":"https:\/\/loja.springschool.me\/ja\/wp-json\/wp\/v2\/product\/1405\/revisions"}],"predecessor-version":[{"id":1417,"href":"https:\/\/loja.springschool.me\/ja\/wp-json\/wp\/v2\/product\/1405\/revisions\/1417"}],"wp:featuredmedia":[{"embeddable":true,"href":"https:\/\/loja.springschool.me\/ja\/wp-json\/wp\/v2\/media\/1415"}],"wp:attachment":[{"href":"https:\/\/loja.springschool.me\/ja\/wp-json\/wp\/v2\/media?parent=1405"}],"wp:term":[{"taxonomy":"product_cat","embeddable":true,"href":"https:\/\/loja.springschool.me\/ja\/wp-json\/wp\/v2\/product_cat?post=1405"},{"taxonomy":"product_tag","embeddable":true,"href":"https:\/\/loja.springschool.me\/ja\/wp-json\/wp\/v2\/product_tag?post=1405"}],"curies":[{"name":"wp","href":"https:\/\/api.w.org\/{rel}","templated":true}]}}