{"id":1402,"date":"2023-10-09T17:58:04","date_gmt":"2023-10-09T17:58:04","guid":{"rendered":"https:\/\/loja.springschool.me\/?post_type=product&#038;p=1402"},"modified":"2024-07-17T16:13:53","modified_gmt":"2024-07-17T16:13:53","slug":"7-semanas-para-emagrecer-mudar-o-pensamento-e-a-vida","status":"publish","type":"product","link":"https:\/\/loja.springschool.me\/ja\/product\/7-semanas-para-emagrecer-mudar-o-pensamento-e-a-vida\/","title":{"rendered":"7 \u9031\u9593\u3067\u4f53\u91cd\u3092\u6e1b\u3089\u3057\u3001\u8003\u3048\u65b9\u3068\u751f\u6d3b\u3092\u5909\u3048\u307e\u3057\u3087\u3046!"},"content":{"rendered":"<p>\u982d\u304c\u8584\u3044\u3053\u3068\u306b\u3064\u3044\u3066\u307f\u3093\u306a\u304c\u4f55\u3068\u8a00\u3063\u3066\u3044\u308b\u304b\u77e5\u3063\u3066\u3044\u307e\u3059\u304b\uff1f\u3053\u308c\u306f\u5b58\u5728\u3057\u307e\u3059\uff01\u601d\u8003\u30d1\u30bf\u30fc\u30f3\u306f\u751f\u304d\u65b9\u3084\u5065\u5eb7\u3092\u5927\u304d\u304f\u5909\u3048\u307e\u3059\u3002\u93e1\u3092\u898b\u3066\u3001\u305d\u3053\u306b\u6620\u308b\u3082\u306e\u306b\u5e78\u305b\u3092\u611f\u3058\u305f\u3044\u306a\u3089\u3001\u30e9\u30a4\u30d5\u30b9\u30bf\u30a4\u30eb\u3092\u3088\u308a\u5065\u5eb7\u3067\u5145\u5b9f\u3057\u305f\u3082\u306e\u306b\u5909\u3048\u305f\u3044\u306a\u3089\u3001\u81ea\u5206\u81ea\u8eab\u306e\u6050\u6016\u3092\u514b\u670d\u3057\u3001\u76ee\u6a19\u306b\u5411\u304b\u3046\u5fc5\u8981\u304c\u3042\u308a\u307e\u3059\u3002\u30ea\u30ea\u30a2\u30f3\u30cc\u30fb\u30aa\u30c3\u30d1\u30fc\u30de\u30f3\u533b\u5e2b\u304c\u3001\u5065\u5eb7\u306b\u5bfe\u3059\u308b\u3042\u306a\u305f\u306e\u8003\u3048\u65b9\u3092\u308f\u305a\u304b 7 \u9031\u9593\u3067\u5909\u3048\u308b\u305f\u3081\u306e\u672c\u3092\u304a\u5c4a\u3051\u3057\u307e\u3059\u3002\u96c6\u4e2d\u3057\u3001\u3088\u304f\u98df\u3079\u3001\u904b\u52d5\u3057\u3001\u3053\u308c\u3089\u306e\u8ab2\u984c\u3078\u306e\u5bfe\u51e6\u65b9\u6cd5\u3092\u5909\u3048\u308b\u5fc5\u8981\u304c\u3042\u308a\u307e\u3059\u3002\u3053\u3053\u3067\u306f\u3001\u6b21\u306e\u65b9\u6cd5\u3092\u5b66\u3073\u307e\u3059: 1. \u73fe\u5b9f\u3068\u5411\u304d\u5408\u3044\u3001\u6570\u5b57\u3068\u5411\u304d\u5408\u3046 2. \u6e1b\u91cf\u306e\u96e3\u3057\u3055\u3068\u3044\u3046\u5e7d\u970a\u3092\u7279\u5b9a\u3057\u3001\u7acb\u3061\u5411\u304b\u3046 3. \u5275\u9020\u529b\u3067\u8ab2\u984c\u3092\u514b\u670d\u3059\u308b 4. \u81ea\u5df1\u611b\u3092\u53d6\u308a\u623b\u3059 5. \u5065\u5eb7\u7684\u306a\u98df\u4e8b\u3067\u4eba\u751f\u3092\u5909\u3048\u308b 6. \u81ea\u5df1\u3092\u6d3b\u7528\u3059\u308b-\u8ecc\u9053\u306b\u4e57\u308b\u305f\u3081\u306e\u30b3\u30fc\u30c1\u30f3\u30b0\u30c4\u30fc\u30eb \u30bb\u30eb\u30d5\u30b3\u30fc\u30c1\u30f3\u30b0\u30c4\u30fc\u30eb\u3092\u4f7f\u7528\u3057\u3066\u30de\u30a4\u30f3\u30c9\u30c7\u30c8\u30c3\u30af\u30b9\u3092\u884c\u30467\u9031\u9593\u306e\u30e1\u30bd\u30c3\u30c9\u3092\u901a\u3058\u3066\u3001\u8457\u8005\u306f\u8aad\u8005\u3092\u4eba\u751f\u306e\u5909\u9769\u306b\u5c0e\u304d\u307e\u3059\u3002<\/p>\n<h3>\u8457\u8005\u306b\u3064\u3044\u3066<\/h3>\n<div class=\"a-section a-spacing-small a-padding-small\">\u30ea\u30ea\u30a2\u30f3\u30fb\u30aa\u30c3\u30d1\u30fc\u30de\u30f3\u306f\u3001\u30d6\u30e9\u30b8\u30eb\u6804\u990a\u5b66\u5354\u4f1a (ABRAN) \u3067\u5b66\u4f4d\u3092\u53d6\u5f97\u3057\u305f\u6804\u990a\u5b66\u3092\u5c02\u9580\u3068\u3059\u308b\u533b\u5e2b\u3067\u3042\u308a\u3001\u30d6\u30e9\u30b8\u30eb\u30aa\u30fc\u30bd\u30e2\u30ec\u30ad\u30e5\u30e9\u30fc\u533b\u5e2b\u5354\u4f1a (AMBO) \u306e\u5143\u7406\u4e8b\u3067\u3082\u3042\u308a\u307e\u3059\u3002\u5f7c\u5973\u306f\u30b9\u30dd\u30fc\u30c4\u6804\u990a\u3001\u7cd6\u5c3f\u75c5\u3001\u5c0f\u5150\u80a5\u6e80\u3001\u80a5\u6e80\u624b\u8853\u524d\u5f8c\u306e\u30e2\u30cb\u30bf\u30ea\u30f3\u30b0\u306e\u8a13\u7df4\u3092\u53d7\u3051\u3066\u304a\u308a\u3001\u30d6\u30e9\u30b8\u30eb NLP \u5354\u4f1a\u304b\u3089\u795e\u7d4c\u8a00\u8a9e\u30d7\u30ed\u30b0\u30e9\u30df\u30f3\u30b0\u306e\u4fee\u58eb\u53f7\u3092\u53d6\u5f97\u3057\u3001\u7f8e\u5bb9\u533b\u7642\u3068\u5316\u7ca7\u54c1\u3001\u6a5f\u80fd\u7684\u7f8e\u98df\u5b66\u306e\u5927\u5b66\u9662\u306e\u5b66\u4f4d\u3092\u53d6\u5f97\u3057\u3066\u3044\u307e\u3059\u3002\u5f7c\u5973\u306f\u30d6\u30e9\u30b8\u30eb \u30b3\u30fc\u30c1\u30f3\u30b0\u5354\u4f1a\u306e\u30b3\u30fc\u30c1\u3067\u3082\u3042\u308a\u3001\u30d5\u30a7\u30d6\u30e9\u30b7\u30b9\u306b\u3088\u308b\u7dcf\u5408\u7684\u306a\u5168\u8eab\u30b3\u30fc\u30c1\u3067\u3082\u3042\u308a\u3001\u30a8\u30ea\u30a2\u30ca \u30d7\u30ed\u30b0\u30e9\u30e0\u306e\u7f8e\u5bb9\u3068\u5065\u5eb7\u306e\u30b3\u30f3\u30b5\u30eb\u30bf\u30f3\u30c8\u3092 5 \u5e74\u9593\u52d9\u3081\u307e\u3057\u305f\u3002\u5f7c\u5973\u306f\u3001TV Gazeta \u306e Voc\u00ea Bonita \u30d7\u30ed\u30b0\u30e9\u30e0\u306e\u30b3\u30f3\u30b5\u30eb\u30bf\u30f3\u30c8\u306e 1 \u4eba\u3067\u3082\u3042\u308a\u307e\u3059\u3002\u5f7c\u306f TV Record\u3001TV Globo\u3001Band \u306e\u756a\u7d44\u306b\u7a4d\u6975\u7684\u306b\u53c2\u52a0\u3057\u3066\u3044\u307e\u3059\u3002\u5f7c\u5973\u306f\u30012\u5e74\u9023\u7d9a\u3067\u30df\u30b9\u30fb\u30d6\u30e9\u30b8\u30eb\u306e\u516c\u5f0f\u7f8e\u5bb9\u3068\u5065\u5eb7\u30e9\u30a4\u30d5\u30b3\u30fc\u30c1\u3067\u3082\u3042\u308a\u3001\u4e00\u822c\u8074\u8846\u3084\u305d\u306e\u5206\u91ce\u306e\u5c02\u9580\u5bb6\u5411\u3051\u306b\u3001\u8eab\u4f53\u7684\u304a\u3088\u3073\u7cbe\u795e\u7684\u306a\u5065\u5eb7\u3001\u5065\u5eb7\u7684\u306a\u98df\u4e8b\u306e\u5206\u91ce\u3067\u3055\u307e\u3056\u307e\u306a\u30c8\u30d4\u30c3\u30af\u306b\u3064\u3044\u3066\u7d4c\u9a13\u8c4a\u5bcc\u306a\u8b1b\u6f14\u8005\u3067\u3059\u3002\u5f7c\u306f 2008 \u5e74\u306b DC \u30c0\u30a4\u30a8\u30c3\u30c8\u6e1b\u91cf\u6cd5\u3092\u958b\u767a\u3057\u3001\u7d71\u5408\u533b\u7642\u306e\u5b9f\u8df5\u3068\u4f75\u305b\u3066\u60a3\u8005\u3092\u30e2\u30cb\u30bf\u30ea\u30f3\u30b0\u3057\u3066\u304d\u307e\u3057\u305f\u3002\u305d\u306e\u30af\u30ea\u30cb\u30c3\u30af\u3068 SPA \u306f\u30b5\u30f3\u30d1\u30a6\u30ed\u306b\u3042\u308a\u3001\u591a\u5206\u91ce\u306b\u308f\u305f\u308b\u5b8c\u5168\u306a\u30c1\u30fc\u30e0\u304c\u63c3\u3063\u3066\u3044\u307e\u3059\u3002\u5f7c\u5973\u306f\u3001Operlife Mind Detox \u30e1\u30bd\u30c3\u30c9\u306e\u8003\u6848\u8005\u3067\u3059\u3002<\/div>","protected":false},"excerpt":{"rendered":"<p><strong>\u5728\u5eab\u9650\u308a\u306e\u30b9\u30fc\u30d1\u30fc\u30d7\u30ed\u30e2\u30fc\u30b7\u30e7\u30f3\uff01<\/strong><\/p>\n<p>\u93e1\u3092\u898b\u3066\u3001\u305d\u3053\u306b\u6620\u308b\u3082\u306e\u306b\u5e78\u305b\u3092\u611f\u3058\u305f\u3044\u306a\u3089\u3001\u30e9\u30a4\u30d5\u30b9\u30bf\u30a4\u30eb\u3092\u3088\u308a\u5065\u5eb7\u3067\u5145\u5b9f\u3057\u305f\u3082\u306e\u306b\u5909\u3048\u305f\u3044\u306a\u3089\u3001\u81ea\u5206\u81ea\u8eab\u306e\u6050\u6016\u3092\u514b\u670d\u3057\u3001\u76ee\u6a19\u306b\u5411\u304b\u3046\u5fc5\u8981\u304c\u3042\u308a\u307e\u3059\u3002\u30ea\u30ea\u30a2\u30f3\u30cc\u30fb\u30aa\u30c3\u30d1\u30fc\u30de\u30f3\u533b\u5e2b\u304c\u3001\u5065\u5eb7\u306b\u5bfe\u3059\u308b\u3042\u306a\u305f\u306e\u8003\u3048\u65b9\u3092\u308f\u305a\u304b 7 \u9031\u9593\u3067\u5909\u3048\u308b\u305f\u3081\u306e\u672c\u3092\u304a\u5c4a\u3051\u3057\u307e\u3059\u3002<\/p>","protected":false},"featured_media":1403,"template":"","meta":[],"product_cat":[20],"product_tag":[70,71],"yoast_head":"<!-- This site is optimized with the Yoast SEO plugin v20.11 - https:\/\/yoast.com\/wordpress\/plugins\/seo\/ -->\n<title>7 semanas para emagrecer, mudar o pensamento e a vida! - Spring School - Loja Virtual<\/title>\n<meta name=\"description\" content=\"7 semanas para emagrecer, mudar o pensamento e a vida! Se voc\u00ea quer olhar no espelho e se sentir feliz, esse \u00e9 o livro certo para alcan\u00e7ar seus objetivos.\" \/>\n<meta name=\"robots\" content=\"index, follow, max-snippet:-1, max-image-preview:large, max-video-preview:-1\" \/>\n<link rel=\"canonical\" href=\"https:\/\/loja.springschool.me\/ja\/product\/7-semanas-para-emagrecer-mudar-o-pensamento-e-a-vida\/\" \/>\n<meta property=\"og:locale\" content=\"ja_JP\" \/>\n<meta property=\"og:type\" content=\"article\" \/>\n<meta property=\"og:title\" content=\"7 semanas para emagrecer, mudar o pensamento e a vida! - Spring School - Loja Virtual\" \/>\n<meta property=\"og:description\" content=\"7 semanas para emagrecer, mudar o pensamento e a vida! Se voc\u00ea quer olhar no espelho e se sentir feliz, esse \u00e9 o livro certo para alcan\u00e7ar seus objetivos.\" \/>\n<meta property=\"og:url\" content=\"https:\/\/loja.springschool.me\/ja\/product\/7-semanas-para-emagrecer-mudar-o-pensamento-e-a-vida\/\" \/>\n<meta property=\"og:site_name\" content=\"Spring School - Loja Virtual\" \/>\n<meta property=\"article:modified_time\" content=\"2024-07-17T16:13:53+00:00\" \/>\n<meta property=\"og:image\" content=\"https:\/\/loja.springschool.me\/wp-content\/uploads\/2023\/10\/spring-school-loja-7-semanas-para-emagrecer-01.jpg\" \/>\n\t<meta property=\"og:image:width\" content=\"1000\" \/>\n\t<meta property=\"og:image:height\" content=\"1000\" \/>\n\t<meta property=\"og:image:type\" content=\"image\/jpeg\" \/>\n<meta name=\"twitter:card\" content=\"summary_large_image\" \/>\n<meta name=\"twitter:label1\" content=\"\u63a8\u5b9a\u8aad\u307f\u53d6\u308a\u6642\u9593\" \/>\n\t<meta name=\"twitter:data1\" content=\"3\u5206\" \/>\n<script type=\"application\/ld+json\" class=\"yoast-schema-graph\">{\"@context\":\"https:\/\/schema.org\",\"@graph\":[{\"@type\":\"WebPage\",\"@id\":\"https:\/\/loja.springschool.me\/produto\/7-semanas-para-emagrecer-mudar-o-pensamento-e-a-vida\/\",\"url\":\"https:\/\/loja.springschool.me\/produto\/7-semanas-para-emagrecer-mudar-o-pensamento-e-a-vida\/\",\"name\":\"7 semanas para emagrecer, mudar o pensamento e a vida! - Spring School - Loja Virtual\",\"isPartOf\":{\"@id\":\"https:\/\/loja.springschool.me\/#website\"},\"datePublished\":\"2023-10-09T17:58:04+00:00\",\"dateModified\":\"2024-07-17T16:13:53+00:00\",\"description\":\"7 semanas para emagrecer, mudar o pensamento e a vida! Se voc\u00ea quer olhar no espelho e se sentir feliz, esse \u00e9 o livro certo para alcan\u00e7ar seus objetivos.\",\"breadcrumb\":{\"@id\":\"https:\/\/loja.springschool.me\/produto\/7-semanas-para-emagrecer-mudar-o-pensamento-e-a-vida\/#breadcrumb\"},\"inLanguage\":\"ja\",\"potentialAction\":[{\"@type\":\"ReadAction\",\"target\":[\"https:\/\/loja.springschool.me\/produto\/7-semanas-para-emagrecer-mudar-o-pensamento-e-a-vida\/\"]}]},{\"@type\":\"BreadcrumbList\",\"@id\":\"https:\/\/loja.springschool.me\/produto\/7-semanas-para-emagrecer-mudar-o-pensamento-e-a-vida\/#breadcrumb\",\"itemListElement\":[{\"@type\":\"ListItem\",\"position\":1,\"name\":\"In\u00edcio\",\"item\":\"https:\/\/loja.springschool.me\/\"},{\"@type\":\"ListItem\",\"position\":2,\"name\":\"Shop\",\"item\":\"https:\/\/loja.springschool.me\/shop\/\"},{\"@type\":\"ListItem\",\"position\":3,\"name\":\"7 semanas para emagrecer, mudar o pensamento e a vida!\"}]},{\"@type\":\"WebSite\",\"@id\":\"https:\/\/loja.springschool.me\/#website\",\"url\":\"https:\/\/loja.springschool.me\/\",\"name\":\"Spring School - Loja Virtual\",\"description\":\"Just another WordPress site\",\"potentialAction\":[{\"@type\":\"SearchAction\",\"target\":{\"@type\":\"EntryPoint\",\"urlTemplate\":\"https:\/\/loja.springschool.me\/?s={search_term_string}\"},\"query-input\":\"required name=search_term_string\"}],\"inLanguage\":\"ja\"}]}<\/script>\n<!-- \/ Yoast SEO plugin. -->","yoast_head_json":{"title":"7 semanas para emagrecer, mudar o pensamento e a vida! - Spring School - Loja Virtual","description":"7 semanas para emagrecer, mudar o pensamento e a vida! Se voc\u00ea quer olhar no espelho e se sentir feliz, esse \u00e9 o livro certo para alcan\u00e7ar seus objetivos.","robots":{"index":"index","follow":"follow","max-snippet":"max-snippet:-1","max-image-preview":"max-image-preview:large","max-video-preview":"max-video-preview:-1"},"canonical":"https:\/\/loja.springschool.me\/ja\/product\/7-semanas-para-emagrecer-mudar-o-pensamento-e-a-vida\/","og_locale":"ja_JP","og_type":"article","og_title":"7 semanas para emagrecer, mudar o pensamento e a vida! - Spring School - Loja Virtual","og_description":"7 semanas para emagrecer, mudar o pensamento e a vida! Se voc\u00ea quer olhar no espelho e se sentir feliz, esse \u00e9 o livro certo para alcan\u00e7ar seus objetivos.","og_url":"https:\/\/loja.springschool.me\/ja\/product\/7-semanas-para-emagrecer-mudar-o-pensamento-e-a-vida\/","og_site_name":"Spring School - Loja Virtual","article_modified_time":"2024-07-17T16:13:53+00:00","og_image":[{"width":1000,"height":1000,"url":"https:\/\/loja.springschool.me\/wp-content\/uploads\/2023\/10\/spring-school-loja-7-semanas-para-emagrecer-01.jpg","type":"image\/jpeg"}],"twitter_card":"summary_large_image","twitter_misc":{"\u63a8\u5b9a\u8aad\u307f\u53d6\u308a\u6642\u9593":"3\u5206"},"schema":{"@context":"https:\/\/schema.org","@graph":[{"@type":"WebPage","@id":"https:\/\/loja.springschool.me\/produto\/7-semanas-para-emagrecer-mudar-o-pensamento-e-a-vida\/","url":"https:\/\/loja.springschool.me\/produto\/7-semanas-para-emagrecer-mudar-o-pensamento-e-a-vida\/","name":"7 semanas para emagrecer, mudar o pensamento e a vida! - Spring School - Loja Virtual","isPartOf":{"@id":"https:\/\/loja.springschool.me\/#website"},"datePublished":"2023-10-09T17:58:04+00:00","dateModified":"2024-07-17T16:13:53+00:00","description":"7 semanas para emagrecer, mudar o pensamento e a vida! Se voc\u00ea quer olhar no espelho e se sentir feliz, esse \u00e9 o livro certo para alcan\u00e7ar seus objetivos.","breadcrumb":{"@id":"https:\/\/loja.springschool.me\/produto\/7-semanas-para-emagrecer-mudar-o-pensamento-e-a-vida\/#breadcrumb"},"inLanguage":"ja","potentialAction":[{"@type":"ReadAction","target":["https:\/\/loja.springschool.me\/produto\/7-semanas-para-emagrecer-mudar-o-pensamento-e-a-vida\/"]}]},{"@type":"BreadcrumbList","@id":"https:\/\/loja.springschool.me\/produto\/7-semanas-para-emagrecer-mudar-o-pensamento-e-a-vida\/#breadcrumb","itemListElement":[{"@type":"ListItem","position":1,"name":"In\u00edcio","item":"https:\/\/loja.springschool.me\/"},{"@type":"ListItem","position":2,"name":"Shop","item":"https:\/\/loja.springschool.me\/shop\/"},{"@type":"ListItem","position":3,"name":"7 semanas para emagrecer, mudar o pensamento e a vida!"}]},{"@type":"WebSite","@id":"https:\/\/loja.springschool.me\/#website","url":"https:\/\/loja.springschool.me\/","name":"Spring School - Loja Virtual","description":"Just another WordPress site","potentialAction":[{"@type":"SearchAction","target":{"@type":"EntryPoint","urlTemplate":"https:\/\/loja.springschool.me\/?s={search_term_string}"},"query-input":"required name=search_term_string"}],"inLanguage":"ja"}]}},"_links":{"self":[{"href":"https:\/\/loja.springschool.me\/ja\/wp-json\/wp\/v2\/product\/1402"}],"collection":[{"href":"https:\/\/loja.springschool.me\/ja\/wp-json\/wp\/v2\/product"}],"about":[{"href":"https:\/\/loja.springschool.me\/ja\/wp-json\/wp\/v2\/types\/product"}],"version-history":[{"count":1,"href":"https:\/\/loja.springschool.me\/ja\/wp-json\/wp\/v2\/product\/1402\/revisions"}],"predecessor-version":[{"id":1404,"href":"https:\/\/loja.springschool.me\/ja\/wp-json\/wp\/v2\/product\/1402\/revisions\/1404"}],"wp:featuredmedia":[{"embeddable":true,"href":"https:\/\/loja.springschool.me\/ja\/wp-json\/wp\/v2\/media\/1403"}],"wp:attachment":[{"href":"https:\/\/loja.springschool.me\/ja\/wp-json\/wp\/v2\/media?parent=1402"}],"wp:term":[{"taxonomy":"product_cat","embeddable":true,"href":"https:\/\/loja.springschool.me\/ja\/wp-json\/wp\/v2\/product_cat?post=1402"},{"taxonomy":"product_tag","embeddable":true,"href":"https:\/\/loja.springschool.me\/ja\/wp-json\/wp\/v2\/product_tag?post=1402"}],"curies":[{"name":"wp","href":"https:\/\/api.w.org\/{rel}","templated":true}]}}