{"id":1392,"date":"2023-10-09T16:52:43","date_gmt":"2023-10-09T16:52:43","guid":{"rendered":"https:\/\/loja.springschool.me\/?post_type=product&#038;p=1392"},"modified":"2024-07-17T16:11:37","modified_gmt":"2024-07-17T16:11:37","slug":"estrategia-conectada","status":"publish","type":"product","link":"https:\/\/loja.springschool.me\/ja\/product\/estrategia-conectada\/","title":{"rendered":"\u30b3\u30cd\u30af\u30c6\u30c3\u30c9\u6226\u7565"},"content":{"rendered":"<p>\u63a5\u7d9a\u6027\u306f\u4f01\u696d\u304c\u88fd\u54c1\u3084\u30b5\u30fc\u30d3\u30b9\u3092\u63d0\u4f9b\u3059\u308b\u65b9\u6cd5\u3092\u5909\u9769\u3057\u3066\u304a\u308a\u3001\u9867\u5ba2\u306e\u8981\u671b\u3092\u5148\u53d6\u308a\u3057\u3066\u3044\u308b\u4f01\u696d\u3082\u3042\u308a\u307e\u3059\u3002\u3053\u306e\u30b7\u30ca\u30ea\u30aa\u3067\u7af6\u4e89\u4e0a\u306e\u512a\u4f4d\u6027\u3092\u751f\u307f\u51fa\u3057\u3001\u7d44\u7e54\u306b\u30b3\u30cd\u30af\u30c6\u30c3\u30c9\u6226\u7565\u3092\u69cb\u7bc9\u3059\u308b\u305f\u3081\u306e\u6700\u9069\u306a\u30c4\u30fc\u30eb\u3068\u30e2\u30c7\u30eb\u3092\u898b\u3064\u3051\u308b\u306b\u306f\u3069\u3046\u3059\u308c\u3070\u3088\u3044\u3067\u3057\u3087\u3046\u304b?\u3053\u306e\u672c\u306e\u4e2d\u3067\u3001\u6226\u7565\u3068\u904b\u55b6\u306e\u5c02\u9580\u5bb6\u3067\u3042\u308b\u30cb\u30b3\u30e9\u30a4\u30fb\u30b7\u30b2\u30eb\u30b3\u30a6\u3068\u30af\u30ea\u30b9\u30c1\u30e3\u30f3\u30fb\u30c6\u30eb\u30f4\u30a3\u30b7\u30e5\u306f\u3001\u30ca\u30a4\u30ad\u3084\u30c7\u30a3\u30ba\u30cb\u30fc\u306a\u3069\u306e\u5927\u4f01\u696d\u306e\u4f8b\u3092\u7528\u3044\u3066\u3001\u7d4c\u55b6\u5e79\u90e8\u304c\u3069\u306e\u3088\u3046\u306b\u3057\u3066\u30d3\u30b8\u30cd\u30b9\u3092\u3001\u7d76\u3048\u9593\u306a\u304f\u5909\u5316\u3059\u308b\u95a2\u4fc2\u306b\u57fa\u3065\u304f\u3053\u306e\u65b0\u3057\u3044\u7ba1\u7406\u30e2\u30c7\u30eb\u306b\u9069\u5fdc\u3055\u305b\u308b\u3053\u3068\u304c\u3067\u304d\u308b\u304b\u3092\u793a\u3057\u3066\u3044\u307e\u3059\u3002\u304a\u5ba2\u69d8\u3078\u3002\u7d50\u5c40\u306e\u3068\u3053\u308d\u3001\u30b3\u30cd\u30af\u30c6\u30c3\u30c9\u6226\u7565\u306f\u53cc\u65b9\u306b\u5229\u76ca\u3092\u3082\u305f\u3089\u3057\u307e\u3059\u3002\u9867\u5ba2\u306f\u5927\u5e45\u306b\u5411\u4e0a\u3057\u305f\u30a8\u30af\u30b9\u30da\u30ea\u30a8\u30f3\u30b9\u3092\u5f97\u308b\u3053\u3068\u304c\u3067\u304d\u3001\u4f01\u696d\u306f\u3088\u308a\u512a\u308c\u305f\u696d\u52d9\u52b9\u7387\u3092\u9054\u6210\u3057\u3001\u305d\u306e\u7d50\u679c\u3068\u3057\u3066\u3088\u308a\u5927\u304d\u306a\u7d4c\u6e08\u7684\u6210\u529f\u3092\u9054\u6210\u3059\u308b\u3053\u3068\u304c\u3067\u304d\u307e\u3059\u3002<\/p>\n<h4 class=\"a-spacing-mini\">\u30d9\u30f3\u30d3\u30e9\u306b\u3064\u3044\u3066<\/h4>\n<p class=\"a-spacing-base\">\u30d9\u30f3\u30d3\u30e9\u306f\u3001\u30d5\u30a3\u30af\u30b7\u30e7\u30f3\u3084\u30ce\u30f3\u30d5\u30a3\u30af\u30b7\u30e7\u30f3\u4f5c\u54c1\u3092\u901a\u3058\u3066\u3001\u3055\u307e\u3056\u307e\u306a\u8996\u8074\u8005\u306b\u6587\u5316\u3068\u30a8\u30f3\u30bf\u30fc\u30c6\u30a4\u30e1\u30f3\u30c8\u3092\u5ba3\u4f1d\u3057\u3066\u3044\u307e\u3059\u3002\u30d5\u30a3\u30af\u30b7\u30e7\u30f3\u306e\u5206\u91ce\u3067\u306f\u3001\u30c7\u30b8\u30bf\u30eb \u30a4\u30f3\u30d5\u30eb\u30a8\u30f3\u30b5\u30fc (\u30df\u30ab \u30ed\u30b7\u30e3\u3084\u30d5\u30ec\u30c3\u30c9 \u30a8\u30eb\u30dc\u30fc\u30cb\u306a\u3069) \u304c\u66f8\u3044\u305f\u5c0f\u8aac\u3084\u77ed\u7de8\u5c0f\u8aac\u3001\u305d\u3057\u3066\u30c6\u30ec\u30d3 \u30b7\u30ea\u30fc\u30ba\u3001\u6620\u753b\u3001\u30b2\u30fc\u30e0\u306e\u5143\u306b\u306a\u3063\u305f\u66f8\u7c4d\u3001\u304a\u3088\u3073\u30c6\u30e9\u306e\u3088\u3046\u306a\u5150\u7ae5\u66f8\u304c\u30cf\u30a4\u30e9\u30a4\u30c8\u3067\u3059\u3002 Chris Colfer \u306b\u3088\u308b\u300cde Hist\u00f3rias\u300d\u30b7\u30ea\u30fc\u30ba\u3002<\/p>\n<p class=\"a-spacing-base\">\u3053\u306e\u30ce\u30f3\u30d5\u30a3\u30af\u30b7\u30e7\u30f3\u30b7\u30ea\u30fc\u30ba\u306f\u3001\u4f1d\u8a18\uff08\u4e3b\u306b\u97f3\u697d\u306e\u4e16\u754c\u306b\u95a2\u9023\u3057\u305f\u3082\u306e\uff09\u3001\u81ea\u5df1\u5553\u767a\u672c\uff08\u4e3b\u306a\u8457\u8005\u3068\u3057\u3066\u30a2\u30a6\u30b0\u30b9\u30c8\u30fb\u30ad\u30e5\u30ea\u30fc\uff09\u3001\u304a\u3088\u3073\u7d4c\u55b6\u3001\u30ad\u30e3\u30ea\u30a2\u3001\u500b\u4eba\u306e\u8ca1\u52d9\u3001\u30a4\u30ce\u30d9\u30fc\u30b7\u30e7\u30f3\u306b\u7126\u70b9\u3092\u5f53\u3066\u305f\u30bf\u30a4\u30c8\u30eb\uff08\u8457\u8005\u306e\u7d39\u4ecb\u306a\u3069\uff09\u3067\u77e5\u3089\u308c\u3066\u3044\u307e\u3059\u3002\u30b7\u30e7\u30fc\u30f3\u30fb\u30a2\u30b3\u30fc\u3068\u30b5\u30df\u30fc\u30fb\u30c0\u30ca\uff09\u3002<\/p>\n<h4>\u8457\u8005\u306b\u3064\u3044\u3066 |\u30cb\u30b3\u30e9\u30a4\u30fb\u30b7\u30b2\u30eb\u30b3\u30a6\u30a6\u30a7\u30fb\u30af\u30ea\u30b9\u30c6\u30a3\u30a2\u30f3\u30fb\u30c6\u30eb\u30f4\u30a3\u30b7\u30e5<\/h4>\n<p class=\"a-spacing-small a-size-small\">\u5f7c\u3089\u306f\u3001\u30da\u30f3\u30b7\u30eb\u30d0\u30cb\u30a2\u5927\u5b66\u3068\u9023\u643a\u3057\u305f\u30d3\u30b8\u30cd\u30b9\u30b9\u30af\u30fc\u30eb\u3067\u3042\u308b\u30a6\u30a9\u30fc\u30c8\u30f3\u30b9\u30af\u30fc\u30eb\u306e\u6559\u6388\u3067\u3042\u308a\u3001\u30de\u30c3\u30af\u30a4\u30ce\u30d9\u30fc\u30b7\u30e7\u30f3\u30de\u30cd\u30b8\u30e1\u30f3\u30c8\u7814\u7a76\u6240\u306e\u5171\u540c\u6240\u9577\u3082\u52d9\u3081\u3066\u3044\u307e\u3059\u3002\u5f7c\u306e\u7814\u7a76\u306f\u3059\u3067\u306b\u91cd\u8981\u306a\u5b66\u8853\u96d1\u8a8c\u306b\u63b2\u8f09\u3055\u308c\u3066\u3044\u307e\u3059\u3002<\/p>\n<p class=\"a-spacing-small a-size-small\"><span class=\"a-text-bold\">\u30b7\u30b2\u30eb\u30b3\u30a6\u00a0<\/span>\u5f7c\u306f 30 \u3092\u8d85\u3048\u308b\u5b66\u8853\u8cde\u3092\u53d7\u8cde\u3057\u3066\u304a\u308a\u3001\u30a6\u30a9\u30fc\u30c8\u30f3\u3067\u306f\u6226\u7565\u306b\u95a2\u3059\u308b\u591a\u304f\u306e\u5e79\u90e8\u6559\u80b2\u30d7\u30ed\u30b0\u30e9\u30e0\u3092\u6307\u63ee\u3057\u3066\u3044\u307e\u3059\u3002\u307e\u305f\u3001\u4e16\u754c\u4e2d\u306e\u4f01\u696d\u3068\u5354\u529b\u3057\u3066\u3001\u5dee\u5225\u5316\u3055\u308c\u305f\u6226\u7565\u306e\u7b56\u5b9a\u3092\u652f\u63f4\u3057\u3066\u3044\u307e\u3059\u3002<\/p>\n<p class=\"a-spacing-small a-size-small\"><span class=\"a-text-bold\">\u30c6\u30eb\u30f4\u30a3\u30c3\u30b7\u30e5<\/span>\u00a0MBA\u3001\u30aa\u30f3\u30e9\u30a4\u30f3\u30b3\u30fc\u30b9\u3001\u30a8\u30b0\u30bc\u30af\u30c6\u30a3\u30d6\u6559\u80b2\u306b\u304a\u3044\u3066\u8c4a\u5bcc\u306a\u7d4c\u9a13\u3092\u6301\u3064\u53d7\u8cde\u6b74\u306e\u3042\u308b\u6559\u6388\u3067\u3059\u3002<\/p>","protected":false},"excerpt":{"rendered":"<p><strong>\u5728\u5eab\u9650\u308a\u306e\u30b9\u30fc\u30d1\u30fc\u30d7\u30ed\u30e2\u30fc\u30b7\u30e7\u30f3\uff01 <\/strong><\/p>\n<p>\u30b3\u30cd\u30af\u30c6\u30c3\u30c9\u6226\u7565: \u7d99\u7d9a\u7684\u306a\u9867\u5ba2\u95a2\u4fc2\u3092\u69cb\u7bc9\u3057\u3001\u7af6\u4e89\u4e0a\u306e\u512a\u4f4d\u6027\u3092\u9054\u6210\u3059\u308b\u65b9\u6cd5\u3002<\/p>\n<p><em>\u300c\u3053\u306e\u611f\u52d5\u7684\u306a\u672c\u306f\u3001\u5b66\u8853\u7684\u306a\u53b3\u5bc6\u3055\u3068\u3001\u508d\u53d7\u6642\u4ee3\u306e\u9769\u65b0\u7684\u306a\u30d3\u30b8\u30cd\u30b9 \u30e2\u30c7\u30eb\u3092\u4f5c\u6210\u3059\u308b\u306e\u306b\u5f79\u7acb\u3064\u5b9f\u8df5\u7684\u306a\u30c4\u30fc\u30eb\u3092\u878d\u5408\u3055\u305b\u305f\u3082\u306e\u3067\u3059\u3002\u672a\u6765\u306e\u30d3\u30b8\u30cd\u30b9\u30e2\u30c7\u30eb\u3092\u69cb\u7bc9\u3057\u305f\u3044\u306a\u3089\u3053\u306e\u672c\u3092\u8aad\u3093\u3067\u304f\u3060\u3055\u3044\u3002\u300d<\/em><\/p>\n<p><strong>\u30ea\u30fc\u30c9\u30fb\u30db\u30d5\u30de\u30f3<\/strong>\u3001LinkedIn\u306e\u5171\u540c\u5275\u8a2d\u8005\u3067\u3042\u308a\u3001Blitzscaling\u306e\u5171\u8457\u8005\u3002<\/p>","protected":false},"featured_media":1393,"template":"","meta":[],"product_cat":[20],"product_tag":[66,67],"yoast_head":"<!-- This site is optimized with the Yoast SEO plugin v20.11 - https:\/\/yoast.com\/wordpress\/plugins\/seo\/ -->\n<title>Estrat\u00e9gia Conectada - Spring School - Loja Virtual<\/title>\n<meta name=\"description\" content=\"Promo\u00e7\u00e3o com estoque limitado! Estrat\u00e9gia Conectada: como construir relacionamentos cont\u00ednuos com clientes e alcan\u00e7ar vantagem competitiva.\" \/>\n<meta name=\"robots\" content=\"index, follow, max-snippet:-1, max-image-preview:large, max-video-preview:-1\" \/>\n<link rel=\"canonical\" href=\"https:\/\/loja.springschool.me\/ja\/product\/estrategia-conectada\/\" \/>\n<meta property=\"og:locale\" content=\"ja_JP\" \/>\n<meta property=\"og:type\" content=\"article\" \/>\n<meta property=\"og:title\" content=\"Estrat\u00e9gia Conectada - Spring School - Loja Virtual\" \/>\n<meta property=\"og:description\" content=\"Promo\u00e7\u00e3o com estoque limitado! Estrat\u00e9gia Conectada: como construir relacionamentos cont\u00ednuos com clientes e alcan\u00e7ar vantagem competitiva.\" \/>\n<meta property=\"og:url\" content=\"https:\/\/loja.springschool.me\/ja\/product\/estrategia-conectada\/\" \/>\n<meta property=\"og:site_name\" content=\"Spring School - Loja Virtual\" \/>\n<meta property=\"article:modified_time\" content=\"2024-07-17T16:11:37+00:00\" \/>\n<meta property=\"og:image\" content=\"https:\/\/loja.springschool.me\/wp-content\/uploads\/2023\/10\/spring-school-loja-livro-estrategia-conectada-01.jpg\" \/>\n\t<meta property=\"og:image:width\" content=\"1000\" \/>\n\t<meta property=\"og:image:height\" content=\"1000\" \/>\n\t<meta property=\"og:image:type\" content=\"image\/jpeg\" \/>\n<meta name=\"twitter:card\" content=\"summary_large_image\" \/>\n<meta name=\"twitter:label1\" content=\"\u63a8\u5b9a\u8aad\u307f\u53d6\u308a\u6642\u9593\" \/>\n\t<meta name=\"twitter:data1\" content=\"2\u5206\" \/>\n<script type=\"application\/ld+json\" class=\"yoast-schema-graph\">{\"@context\":\"https:\/\/schema.org\",\"@graph\":[{\"@type\":\"WebPage\",\"@id\":\"https:\/\/loja.springschool.me\/ja\/product\/estrategia-conectada\/\",\"url\":\"https:\/\/loja.springschool.me\/ja\/product\/estrategia-conectada\/\",\"name\":\"Estrat\u00e9gia Conectada - Spring School - Loja Virtual\",\"isPartOf\":{\"@id\":\"https:\/\/loja.springschool.me\/#website\"},\"datePublished\":\"2023-10-09T16:52:43+00:00\",\"dateModified\":\"2024-07-17T16:11:37+00:00\",\"description\":\"Promo\u00e7\u00e3o com estoque limitado! Estrat\u00e9gia Conectada: como construir relacionamentos cont\u00ednuos com clientes e alcan\u00e7ar vantagem competitiva.\",\"breadcrumb\":{\"@id\":\"https:\/\/loja.springschool.me\/ja\/product\/estrategia-conectada\/#breadcrumb\"},\"inLanguage\":\"ja\",\"potentialAction\":[{\"@type\":\"ReadAction\",\"target\":[\"https:\/\/loja.springschool.me\/ja\/product\/estrategia-conectada\/\"]}]},{\"@type\":\"BreadcrumbList\",\"@id\":\"https:\/\/loja.springschool.me\/ja\/product\/estrategia-conectada\/#breadcrumb\",\"itemListElement\":[{\"@type\":\"ListItem\",\"position\":1,\"name\":\"In\u00edcio\",\"item\":\"https:\/\/loja.springschool.me\/\"},{\"@type\":\"ListItem\",\"position\":2,\"name\":\"Shop\",\"item\":\"https:\/\/loja.springschool.me\/shop\/\"},{\"@type\":\"ListItem\",\"position\":3,\"name\":\"Estrat\u00e9gia Conectada\"}]},{\"@type\":\"WebSite\",\"@id\":\"https:\/\/loja.springschool.me\/#website\",\"url\":\"https:\/\/loja.springschool.me\/\",\"name\":\"Spring School - Loja Virtual\",\"description\":\"Just another WordPress site\",\"potentialAction\":[{\"@type\":\"SearchAction\",\"target\":{\"@type\":\"EntryPoint\",\"urlTemplate\":\"https:\/\/loja.springschool.me\/?s={search_term_string}\"},\"query-input\":\"required name=search_term_string\"}],\"inLanguage\":\"ja\"}]}<\/script>\n<!-- \/ Yoast SEO plugin. -->","yoast_head_json":{"title":"Estrat\u00e9gia Conectada - Spring School - Loja Virtual","description":"Promo\u00e7\u00e3o com estoque limitado! Estrat\u00e9gia Conectada: como construir relacionamentos cont\u00ednuos com clientes e alcan\u00e7ar vantagem competitiva.","robots":{"index":"index","follow":"follow","max-snippet":"max-snippet:-1","max-image-preview":"max-image-preview:large","max-video-preview":"max-video-preview:-1"},"canonical":"https:\/\/loja.springschool.me\/ja\/product\/estrategia-conectada\/","og_locale":"ja_JP","og_type":"article","og_title":"Estrat\u00e9gia Conectada - Spring School - Loja Virtual","og_description":"Promo\u00e7\u00e3o com estoque limitado! Estrat\u00e9gia Conectada: como construir relacionamentos cont\u00ednuos com clientes e alcan\u00e7ar vantagem competitiva.","og_url":"https:\/\/loja.springschool.me\/ja\/product\/estrategia-conectada\/","og_site_name":"Spring School - Loja Virtual","article_modified_time":"2024-07-17T16:11:37+00:00","og_image":[{"width":1000,"height":1000,"url":"https:\/\/loja.springschool.me\/wp-content\/uploads\/2023\/10\/spring-school-loja-livro-estrategia-conectada-01.jpg","type":"image\/jpeg"}],"twitter_card":"summary_large_image","twitter_misc":{"\u63a8\u5b9a\u8aad\u307f\u53d6\u308a\u6642\u9593":"2\u5206"},"schema":{"@context":"https:\/\/schema.org","@graph":[{"@type":"WebPage","@id":"https:\/\/loja.springschool.me\/ja\/product\/estrategia-conectada\/","url":"https:\/\/loja.springschool.me\/ja\/product\/estrategia-conectada\/","name":"Estrat\u00e9gia Conectada - Spring School - Loja Virtual","isPartOf":{"@id":"https:\/\/loja.springschool.me\/#website"},"datePublished":"2023-10-09T16:52:43+00:00","dateModified":"2024-07-17T16:11:37+00:00","description":"Promo\u00e7\u00e3o com estoque limitado! Estrat\u00e9gia Conectada: como construir relacionamentos cont\u00ednuos com clientes e alcan\u00e7ar vantagem competitiva.","breadcrumb":{"@id":"https:\/\/loja.springschool.me\/ja\/product\/estrategia-conectada\/#breadcrumb"},"inLanguage":"ja","potentialAction":[{"@type":"ReadAction","target":["https:\/\/loja.springschool.me\/ja\/product\/estrategia-conectada\/"]}]},{"@type":"BreadcrumbList","@id":"https:\/\/loja.springschool.me\/ja\/product\/estrategia-conectada\/#breadcrumb","itemListElement":[{"@type":"ListItem","position":1,"name":"In\u00edcio","item":"https:\/\/loja.springschool.me\/"},{"@type":"ListItem","position":2,"name":"Shop","item":"https:\/\/loja.springschool.me\/shop\/"},{"@type":"ListItem","position":3,"name":"Estrat\u00e9gia Conectada"}]},{"@type":"WebSite","@id":"https:\/\/loja.springschool.me\/#website","url":"https:\/\/loja.springschool.me\/","name":"Spring School - Loja Virtual","description":"Just another WordPress site","potentialAction":[{"@type":"SearchAction","target":{"@type":"EntryPoint","urlTemplate":"https:\/\/loja.springschool.me\/?s={search_term_string}"},"query-input":"required name=search_term_string"}],"inLanguage":"ja"}]}},"_links":{"self":[{"href":"https:\/\/loja.springschool.me\/ja\/wp-json\/wp\/v2\/product\/1392"}],"collection":[{"href":"https:\/\/loja.springschool.me\/ja\/wp-json\/wp\/v2\/product"}],"about":[{"href":"https:\/\/loja.springschool.me\/ja\/wp-json\/wp\/v2\/types\/product"}],"version-history":[{"count":2,"href":"https:\/\/loja.springschool.me\/ja\/wp-json\/wp\/v2\/product\/1392\/revisions"}],"predecessor-version":[{"id":1395,"href":"https:\/\/loja.springschool.me\/ja\/wp-json\/wp\/v2\/product\/1392\/revisions\/1395"}],"wp:featuredmedia":[{"embeddable":true,"href":"https:\/\/loja.springschool.me\/ja\/wp-json\/wp\/v2\/media\/1393"}],"wp:attachment":[{"href":"https:\/\/loja.springschool.me\/ja\/wp-json\/wp\/v2\/media?parent=1392"}],"wp:term":[{"taxonomy":"product_cat","embeddable":true,"href":"https:\/\/loja.springschool.me\/ja\/wp-json\/wp\/v2\/product_cat?post=1392"},{"taxonomy":"product_tag","embeddable":true,"href":"https:\/\/loja.springschool.me\/ja\/wp-json\/wp\/v2\/product_tag?post=1392"}],"curies":[{"name":"wp","href":"https:\/\/api.w.org\/{rel}","templated":true}]}}