{"id":1388,"date":"2023-10-09T16:21:51","date_gmt":"2023-10-09T16:21:51","guid":{"rendered":"https:\/\/loja.springschool.me\/?post_type=product&#038;p=1388"},"modified":"2024-07-24T23:42:49","modified_gmt":"2024-07-24T23:42:49","slug":"tiktok-boom","status":"publish","type":"product","link":"https:\/\/loja.springschool.me\/ja\/product\/tiktok-boom\/","title":{"rendered":"TikTok\u30d6\u30fc\u30e0"},"content":{"rendered":"<p><strong><span class=\"a-text-bold\">\u4e2d\u56fd\u306e\u30bd\u30fc\u30b7\u30e3\u30eb\u30cd\u30c3\u30c8\u30ef\u30fc\u30af\u304c\u7c73\u56fd\u306e\u6280\u8853\u8987\u6a29\u306b\u3069\u3046\u6311\u6226\u3059\u308b\u304b<\/span><\/strong><\/p>\n<p>TikTok \u306e\u6210\u529f\u306f\u3001\u305d\u308c\u3092\u3081\u3050\u308b\u8ad6\u4e89\u307b\u3069\u5927\u304d\u3044\u3082\u306e\u3067\u306f\u3042\u308a\u307e\u305b\u3093\u3002\u5b89\u5168\u6027\u3068\u30d7\u30e9\u30a4\u30d0\u30b7\u30fc\u4e0a\u306e\u554f\u984c\u304c\u3042\u308b\u3068\u3057\u3066\u3001\u30a4\u30f3\u30c9\u3067\u306f\u7981\u6b62\u3055\u308c\u305f\u3002\u30c9\u30ca\u30eb\u30c9\u30fb\u30c8\u30e9\u30f3\u30d7\u306f\u3001\u7c73\u56fd\u5927\u7d71\u9818\u3060\u3063\u305f\u3068\u304d\u3001\u3053\u306e\u30d7\u30e9\u30c3\u30c8\u30d5\u30a9\u30fc\u30e0\u304c\u56fd\u5bb6\u5b89\u5168\u4fdd\u969c\u306b\u5bfe\u3059\u308b\u8105\u5a01\u3067\u3042\u308b\u3068\u8003\u3048\u3066\u3044\u307e\u3057\u305f\u3002\u3057\u304b\u3057\u7d50\u5c40\u306e\u3068\u3053\u308d\u3001\u306a\u305c\u3053\u306e\u30a2\u30d7\u30ea\u30b1\u30fc\u30b7\u30e7\u30f3\u304c\u30bd\u30fc\u30b7\u30e3\u30eb\u30e1\u30c7\u30a3\u30a2\u306e\u67a0\u3092\u8d85\u3048\u3066\u56fd\u5bb6\u9593\u306e\u653f\u6cbb\u7684\u7d1b\u4e89\u306e\u5bfe\u8c61\u306b\u306a\u3063\u305f\u306e\u3067\u3057\u3087\u3046\u304b?<\/p>\n<p>\u3067\u00a0<span class=\"a-text-italic\">TikTok\u30d6\u30fc\u30e0<\/span>\u3001\u30b8\u30e3\u30fc\u30ca\u30ea\u30b9\u30c8\u306e\u30af\u30ea\u30b9\u30fb\u30b9\u30c8\u30fc\u30af\u30eb\u30fb\u30a6\u30a9\u30fc\u30ab\u30fc\u6c0f\u304c\u3001TikTok\u306e\u4e2d\u56fd\u30aa\u30fc\u30ca\u30fc\u3001\u30d0\u30a4\u30c8\u30c0\u30f3\u30b9\u306e\u821e\u53f0\u88cf\u306b\u8feb\u308b\u3002\u540c\u793e\u306e\u91ce\u671b\u306f\u30b0\u30fc\u30b0\u30eb\u306e\u3088\u3046\u306a\u5317\u7c73\u30c6\u30af\u30ce\u30ed\u30b8\u30fc\u5927\u624b\u306e\u30ec\u30d9\u30eb\u306b\u9054\u3059\u308b\u3053\u3068\u3060\u3002\u3053\u306e\u65b0\u3057\u3044\u30a4\u30f3\u30d5\u30eb\u30a8\u30f3\u30b5\u30fc\u306e\u30a8\u30b3\u30b7\u30b9\u30c6\u30e0\u306e\u6a5f\u80fd\u306b\u95a2\u3059\u308b\u524d\u4f8b\u306e\u306a\u3044\u60c5\u5831\u3092\u53ce\u96c6\u3059\u308b\u3053\u3068\u3067\u3001\u8457\u8005\u306f\u3001\u3053\u306e\u30a2\u30d7\u30ea\u30b1\u30fc\u30b7\u30e7\u30f3\u3092\u4eca\u65e5\u306e 2 \u3064\u306e\u5927\u56fd\u3067\u3042\u308b\u4e2d\u56fd\u3068\u7c73\u56fd\u306e\u9593\u306e\u885d\u7a81\u306b\u5909\u3048\u305f\u793e\u4f1a\u653f\u6cbb\u7684\u80cc\u666f\u3092\u89e3\u660e\u3057\u307e\u3059\u3002<\/p>\n<p>\u3053\u306e\u3088\u3046\u306b\u3057\u3066\u3001\u6a29\u529b\u306e\u305f\u3081\u306e\u30c0\u30f3\u30b9\u306f\u65b0\u3057\u3044\u632f\u308a\u4ed8\u3051\u3092\u7372\u5f97\u3057\u3001\u30ea\u30ba\u30e0\u3092\u6307\u793a\u3059\u308b\u4eba\u306f\u6771\u6d0b\u304b\u3089\u306e\u9769\u65b0\u3067\u3059\u3002\u3057\u304b\u3057\u3001\u897f\u5074\u8af8\u56fd\u306f\u30a2\u30e1\u30ea\u30ab\u6280\u8853\u5e1d\u56fd\u306e\u5d29\u58ca\u306e\u53ef\u80fd\u6027\u3092\u5fc3\u914d\u3059\u3079\u304d\u3067\u3057\u3087\u3046\u304b\uff1f\u30b8\u30e3\u30fc\u30ca\u30ea\u30b9\u30c8\u306e\u30af\u30ea\u30b9\u30fb\u30b9\u30c8\u30b1\u30eb\u30fb\u30a6\u30a9\u30fc\u30ab\u30fc\u306f\u3001\u3053\u306e\u7591\u554f\u3092\u6c7a\u3057\u3066\u898b\u5931\u3046\u3053\u3068\u306a\u304f\u3001\u89e3\u304d\u660e\u304b\u3057\u307e\u3059\u3002\u00a0<span class=\"a-text-italic\">TikTok\u30d6\u30fc\u30e0<\/span>\u00a0\u30d3\u30b8\u30cd\u30b9\u306e\u7cbe\u795e\u3068\u3001\u73fe\u4ee3\u3067\u6700\u3082\u4e2d\u6bd2\u6027\u306e\u9ad8\u3044\u30a2\u30d7\u30ea\u3092\u751f\u307f\u51fa\u3057\u305f\u4e2d\u56fd\u30d7\u30e9\u30c3\u30c8\u30d5\u30a9\u30fc\u30e0\u306e\u5275\u8a2d\u306e\u6b74\u53f2\u3002<\/p>\n<h3>\u8457\u8005\u306b\u3064\u3044\u3066<\/h3>\n<div class=\"a-section a-spacing-small a-padding-small\">Chris Stokel-Walker \u306f\u82f1\u56fd\u306e\u30b8\u30e3\u30fc\u30ca\u30ea\u30b9\u30c8\u3067\u3042\u308a\u3001Wired\u3001The Economist\u3001Insider \u306a\u3069\u306e\u5e45\u5e83\u3044\u30e1\u30c7\u30a3\u30a2\u306b\u5b9a\u671f\u7684\u306b\u4f5c\u54c1\u3092\u63b2\u8f09\u3057\u3066\u3044\u307e\u3059\u3002 \u300eYouTuber: How YouTube Shook Up TV and Created a New Generation of Stars\u300f\u3068\u3044\u3046\u672c\u306e\u8457\u8005\u3067\u3042\u308b\u5f7c\u306f\u3001YouTube \u3068 TikTok \u306b\u95a2\u3059\u308b\u95a2\u9023\u30cb\u30e5\u30fc\u30b9\u3067\u77e5\u3089\u308c\u308b\u4eba\u7269\u3067\u3042\u308a\u3001\u30c6\u30ec\u30d3\u3001\u30e9\u30b8\u30aa\u3001\u30dd\u30c3\u30c9\u30ad\u30e3\u30b9\u30c8\u306e\u30a4\u30f3\u30bf\u30d3\u30e5\u30fc\u306b\u983b\u7e41\u306b\u5fdc\u3058\u3066\u3044\u307e\u3059\u3002<\/div>","protected":false},"excerpt":{"rendered":"<p><strong>\u5728\u5eab\u9650\u308a\u306e\u30b9\u30fc\u30d1\u30fc\u30d7\u30ed\u30e2\u30fc\u30b7\u30e7\u30f3\uff01 <\/strong><\/p>\n<p>TikTok \u30d6\u30fc\u30e0: \u4e2d\u6bd2\u6027\u306e\u9ad8\u3044\u30a2\u30d7\u30ea\u3068\u4e2d\u56fd\u306e\u30bd\u30fc\u30b7\u30e3\u30eb \u30e1\u30c7\u30a3\u30a2\u306e\u8987\u6a29\u4e89\u3044\u3002\u4e2d\u56fd\u306e\u30bd\u30fc\u30b7\u30e3\u30eb\u30cd\u30c3\u30c8\u30ef\u30fc\u30af\u304c\u7c73\u56fd\u306e\u6280\u8853\u8987\u6a29\u306b\u3069\u306e\u3088\u3046\u306b\u6311\u6226\u3059\u308b\u304b\u3002<\/p>","protected":false},"featured_media":1389,"template":"","meta":[],"product_cat":[20],"product_tag":[64,65],"yoast_head":"<!-- This site is optimized with the Yoast SEO plugin v20.11 - https:\/\/yoast.com\/wordpress\/plugins\/seo\/ -->\n<title>TikTok Boom - Spring School - Loja Virtual<\/title>\n<meta name=\"description\" content=\"Super Promo\u00e7\u00e3o com estoque limitado! TikTok Boom: Um aplicativo viciante e a corrida chinesa pelo dom\u00ednio das redes sociais.\" \/>\n<meta name=\"robots\" content=\"index, follow, max-snippet:-1, max-image-preview:large, max-video-preview:-1\" \/>\n<link rel=\"canonical\" href=\"https:\/\/loja.springschool.me\/ja\/product\/tiktok-boom\/\" \/>\n<meta property=\"og:locale\" content=\"ja_JP\" \/>\n<meta property=\"og:type\" content=\"article\" \/>\n<meta property=\"og:title\" content=\"TikTok Boom - Spring School - Loja Virtual\" \/>\n<meta property=\"og:description\" content=\"Super Promo\u00e7\u00e3o com estoque limitado! TikTok Boom: Um aplicativo viciante e a corrida chinesa pelo dom\u00ednio das redes sociais.\" \/>\n<meta property=\"og:url\" content=\"https:\/\/loja.springschool.me\/ja\/product\/tiktok-boom\/\" \/>\n<meta property=\"og:site_name\" content=\"Spring School - Loja Virtual\" \/>\n<meta property=\"article:modified_time\" content=\"2024-07-24T23:42:49+00:00\" \/>\n<meta property=\"og:image\" content=\"https:\/\/loja.springschool.me\/wp-content\/uploads\/2023\/10\/spring-school-loja-livro-tiktok-boom-01.jpg\" \/>\n\t<meta property=\"og:image:width\" content=\"1000\" \/>\n\t<meta property=\"og:image:height\" content=\"1000\" \/>\n\t<meta property=\"og:image:type\" content=\"image\/jpeg\" \/>\n<meta name=\"twitter:card\" content=\"summary_large_image\" \/>\n<meta name=\"twitter:label1\" content=\"\u63a8\u5b9a\u8aad\u307f\u53d6\u308a\u6642\u9593\" \/>\n\t<meta name=\"twitter:data1\" content=\"2\u5206\" \/>\n<script type=\"application\/ld+json\" class=\"yoast-schema-graph\">{\"@context\":\"https:\/\/schema.org\",\"@graph\":[{\"@type\":\"WebPage\",\"@id\":\"https:\/\/loja.springschool.me\/produto\/tiktok-boom\/\",\"url\":\"https:\/\/loja.springschool.me\/produto\/tiktok-boom\/\",\"name\":\"TikTok Boom - Spring School - Loja Virtual\",\"isPartOf\":{\"@id\":\"https:\/\/loja.springschool.me\/#website\"},\"datePublished\":\"2023-10-09T16:21:51+00:00\",\"dateModified\":\"2024-07-24T23:42:49+00:00\",\"description\":\"Super Promo\u00e7\u00e3o com estoque limitado! TikTok Boom: Um aplicativo viciante e a corrida chinesa pelo dom\u00ednio das redes sociais.\",\"breadcrumb\":{\"@id\":\"https:\/\/loja.springschool.me\/produto\/tiktok-boom\/#breadcrumb\"},\"inLanguage\":\"ja\",\"potentialAction\":[{\"@type\":\"ReadAction\",\"target\":[\"https:\/\/loja.springschool.me\/produto\/tiktok-boom\/\"]}]},{\"@type\":\"BreadcrumbList\",\"@id\":\"https:\/\/loja.springschool.me\/produto\/tiktok-boom\/#breadcrumb\",\"itemListElement\":[{\"@type\":\"ListItem\",\"position\":1,\"name\":\"In\u00edcio\",\"item\":\"https:\/\/loja.springschool.me\/\"},{\"@type\":\"ListItem\",\"position\":2,\"name\":\"Shop\",\"item\":\"https:\/\/loja.springschool.me\/shop\/\"},{\"@type\":\"ListItem\",\"position\":3,\"name\":\"TikTok Boom\"}]},{\"@type\":\"WebSite\",\"@id\":\"https:\/\/loja.springschool.me\/#website\",\"url\":\"https:\/\/loja.springschool.me\/\",\"name\":\"Spring School - Loja Virtual\",\"description\":\"Just another WordPress site\",\"potentialAction\":[{\"@type\":\"SearchAction\",\"target\":{\"@type\":\"EntryPoint\",\"urlTemplate\":\"https:\/\/loja.springschool.me\/?s={search_term_string}\"},\"query-input\":\"required name=search_term_string\"}],\"inLanguage\":\"ja\"}]}<\/script>\n<!-- \/ Yoast SEO plugin. -->","yoast_head_json":{"title":"TikTok Boom - Spring School - Loja Virtual","description":"Super Promo\u00e7\u00e3o com estoque limitado! TikTok Boom: Um aplicativo viciante e a corrida chinesa pelo dom\u00ednio das redes sociais.","robots":{"index":"index","follow":"follow","max-snippet":"max-snippet:-1","max-image-preview":"max-image-preview:large","max-video-preview":"max-video-preview:-1"},"canonical":"https:\/\/loja.springschool.me\/ja\/product\/tiktok-boom\/","og_locale":"ja_JP","og_type":"article","og_title":"TikTok Boom - Spring School - Loja Virtual","og_description":"Super Promo\u00e7\u00e3o com estoque limitado! TikTok Boom: Um aplicativo viciante e a corrida chinesa pelo dom\u00ednio das redes sociais.","og_url":"https:\/\/loja.springschool.me\/ja\/product\/tiktok-boom\/","og_site_name":"Spring School - Loja Virtual","article_modified_time":"2024-07-24T23:42:49+00:00","og_image":[{"width":1000,"height":1000,"url":"https:\/\/loja.springschool.me\/wp-content\/uploads\/2023\/10\/spring-school-loja-livro-tiktok-boom-01.jpg","type":"image\/jpeg"}],"twitter_card":"summary_large_image","twitter_misc":{"\u63a8\u5b9a\u8aad\u307f\u53d6\u308a\u6642\u9593":"2\u5206"},"schema":{"@context":"https:\/\/schema.org","@graph":[{"@type":"WebPage","@id":"https:\/\/loja.springschool.me\/produto\/tiktok-boom\/","url":"https:\/\/loja.springschool.me\/produto\/tiktok-boom\/","name":"TikTok Boom - Spring School - Loja Virtual","isPartOf":{"@id":"https:\/\/loja.springschool.me\/#website"},"datePublished":"2023-10-09T16:21:51+00:00","dateModified":"2024-07-24T23:42:49+00:00","description":"Super Promo\u00e7\u00e3o com estoque limitado! TikTok Boom: Um aplicativo viciante e a corrida chinesa pelo dom\u00ednio das redes sociais.","breadcrumb":{"@id":"https:\/\/loja.springschool.me\/produto\/tiktok-boom\/#breadcrumb"},"inLanguage":"ja","potentialAction":[{"@type":"ReadAction","target":["https:\/\/loja.springschool.me\/produto\/tiktok-boom\/"]}]},{"@type":"BreadcrumbList","@id":"https:\/\/loja.springschool.me\/produto\/tiktok-boom\/#breadcrumb","itemListElement":[{"@type":"ListItem","position":1,"name":"In\u00edcio","item":"https:\/\/loja.springschool.me\/"},{"@type":"ListItem","position":2,"name":"Shop","item":"https:\/\/loja.springschool.me\/shop\/"},{"@type":"ListItem","position":3,"name":"TikTok Boom"}]},{"@type":"WebSite","@id":"https:\/\/loja.springschool.me\/#website","url":"https:\/\/loja.springschool.me\/","name":"Spring School - Loja Virtual","description":"Just another WordPress site","potentialAction":[{"@type":"SearchAction","target":{"@type":"EntryPoint","urlTemplate":"https:\/\/loja.springschool.me\/?s={search_term_string}"},"query-input":"required name=search_term_string"}],"inLanguage":"ja"}]}},"_links":{"self":[{"href":"https:\/\/loja.springschool.me\/ja\/wp-json\/wp\/v2\/product\/1388"}],"collection":[{"href":"https:\/\/loja.springschool.me\/ja\/wp-json\/wp\/v2\/product"}],"about":[{"href":"https:\/\/loja.springschool.me\/ja\/wp-json\/wp\/v2\/types\/product"}],"version-history":[{"count":2,"href":"https:\/\/loja.springschool.me\/ja\/wp-json\/wp\/v2\/product\/1388\/revisions"}],"predecessor-version":[{"id":1391,"href":"https:\/\/loja.springschool.me\/ja\/wp-json\/wp\/v2\/product\/1388\/revisions\/1391"}],"wp:featuredmedia":[{"embeddable":true,"href":"https:\/\/loja.springschool.me\/ja\/wp-json\/wp\/v2\/media\/1389"}],"wp:attachment":[{"href":"https:\/\/loja.springschool.me\/ja\/wp-json\/wp\/v2\/media?parent=1388"}],"wp:term":[{"taxonomy":"product_cat","embeddable":true,"href":"https:\/\/loja.springschool.me\/ja\/wp-json\/wp\/v2\/product_cat?post=1388"},{"taxonomy":"product_tag","embeddable":true,"href":"https:\/\/loja.springschool.me\/ja\/wp-json\/wp\/v2\/product_tag?post=1388"}],"curies":[{"name":"wp","href":"https:\/\/api.w.org\/{rel}","templated":true}]}}