{"id":1382,"date":"2023-10-09T15:11:39","date_gmt":"2023-10-09T15:11:39","guid":{"rendered":"https:\/\/loja.springschool.me\/?post_type=product&#038;p=1382"},"modified":"2024-07-17T16:14:48","modified_gmt":"2024-07-17T16:14:48","slug":"flex","status":"publish","type":"product","link":"https:\/\/loja.springschool.me\/ja\/product\/flex\/","title":{"rendered":"\u30d5\u30ec\u30c3\u30af\u30b9"},"content":{"rendered":"<p>\u3042\u306a\u305f\u306f\u4f1a\u793e\u306e\u5371\u6a5f\u306b\u76f4\u9762\u3057\u3066\u304a\u308a\u3001\u30ea\u30fc\u30c0\u30fc\u3068\u3057\u3066\u91cd\u8981\u306a\u6c7a\u65ad\u3092\u4e0b\u3059\u5fc5\u8981\u304c\u3042\u308a\u307e\u3059\u3002\u3042\u306a\u305f\u306f\u7a4d\u6975\u7684\u306b\u898b\u305b\u3066\u81ea\u5206\u306e\u7acb\u5834\u3092\u3059\u3050\u306b\u5ba3\u8a00\u3057\u307e\u3059\u304b\u3001\u305d\u308c\u3068\u3082\u30c1\u30fc\u30e0\u3068\u306e\u5408\u610f\u3092\u6c42\u3081\u3066\u554f\u984c\u3092\u6295\u7968\u306b\u304b\u3051\u307e\u3059\u304b?<br \/>\n\u5225\u306e\u72b6\u6cc1: \u3042\u306a\u305f\u306f\u30d7\u30ed\u30b8\u30a7\u30af\u30c8\u3092\u958b\u59cb\u3059\u308b\u5fc5\u8981\u304c\u3042\u308b\u30ea\u30fc\u30c0\u30fc\u3067\u3059\u3002\u30c1\u30fc\u30e0\u3092\u3069\u306e\u3088\u3046\u306b\u7d44\u7e54\u3057\u3066\u3044\u307e\u3059\u304b?\u53b3\u683c\u306a\u30b9\u30b1\u30b8\u30e5\u30fc\u30eb\u3092\u4f34\u3046\u96c6\u4e2d\u3057\u305f\u69cb\u9020\u3092\u69cb\u7bc9\u3059\u308b\u306e\u3067\u3057\u3087\u3046\u304b\u3001\u305d\u308c\u3068\u3082\u30c1\u30fc\u30e0\u306b\u5f79\u5272\u3068\u671f\u9650\u3092\u81ea\u5206\u305f\u3061\u3067\u5b9a\u7fa9\u3059\u308b\u81ea\u4e3b\u6027\u3092\u4e0e\u3048\u308b\u306e\u3067\u3057\u3087\u3046\u304b?<br \/>\n\u6700\u521d\u306e\u9078\u629e\u80a2\u306b\u5f53\u3066\u306f\u307e\u308b\u5834\u5408\u3001\u3042\u306a\u305f\u306f\u672c\u8cea\u7684\u306b\u30a2\u30eb\u30d5\u30a1\u30ea\u30fc\u30c0\u30fc\u3067\u3059\u3002\u3064\u307e\u308a\u3001\u30b3\u30f3\u30c8\u30ed\u30fc\u30eb\u3092\u597d\u307f\u3001\u7d50\u679c\u306b\u7126\u70b9\u3092\u5f53\u3066\u3066\u3044\u307e\u3059\u3002 2 \u756a\u76ee\u306e\u9078\u629e\u80a2\u306b\u8a72\u5f53\u3057\u305f\u5834\u5408\u3001\u3042\u306a\u305f\u306f\u30d9\u30fc\u30bf \u30ea\u30fc\u30c0\u30fc\u306b\u4f3c\u3066\u3044\u307e\u3059\u3002\u5354\u529b\u7684\u306a\u74b0\u5883\u3092\u597d\u307f\u3001\u6210\u9577\u306b\u91cd\u70b9\u3092\u7f6e\u3044\u3066\u3044\u307e\u3059\u3002\u305f\u3060\u3057\u3001100% \u30a2\u30eb\u30d5\u30a1\u307e\u305f\u306f\u30d9\u30fc\u30bf\u3067\u3042\u308b\u3053\u3068\u306f\u3001\u30ea\u30fc\u30c0\u30fc\u30b7\u30c3\u30d7\u306e\u6709\u52b9\u6027\u306b\u3068\u3063\u3066\u307e\u3063\u305f\u304f\u826f\u3044\u3053\u3068\u3067\u306f\u3042\u308a\u307e\u305b\u3093\u3002\u7406\u60f3\u306f\u67d4\u8edf\u3067\u3042\u308b\u3053\u3068\u3001\u307e\u305f\u306f\u5358\u306b\u67d4\u8edf\u3067\u3042\u308b\u3053\u3068\u3067\u3059\u3002\u72b6\u6cc1\u306b\u5fdc\u3058\u3066\u30ea\u30fc\u30c0\u30fc\u30b7\u30c3\u30d7\u306e\u30b9\u30bf\u30a4\u30eb\u3092\u5909\u3048\u308b\u3053\u306e\u80fd\u529b\u306f\u3001\u30c1\u30fc\u30e0\u3068\u4e0a\u53f8\u306e\u4e21\u65b9\u306b\u30d7\u30e9\u30b9\u306e\u5f71\u97ff\u3092\u3082\u305f\u3089\u3057\u3001\u30ad\u30e3\u30ea\u30a2\u306b\u304a\u3044\u3066\u3088\u308a\u5927\u304d\u306a\u6210\u529f\u3092\u53ce\u3081\u308b\u3053\u3068\u304c\u3067\u304d\u307e\u3059\u3002<br \/>\n\u300cFlex\u300d\u3067\u306f\u3001\u30b3\u30fc\u30c1\u306e\u30b8\u30a7\u30d5\u30ea\u30fc\u30fb\u30cf\u30eb\u304c\u3001\u30ea\u30fc\u30c0\u30fc\u304c\u67d4\u8edf\u3067\u3042\u308b\u305f\u3081\u306b\u5fc5\u8981\u306a\u3059\u3079\u3066\u306e\u30b9\u30ad\u30eb\u306b\u3064\u3044\u3066\u53d6\u308a\u4e0a\u3052\u307e\u3059\u3002\u5b9f\u8a71\u3068\u5b9f\u7528\u7684\u306a\u30d2\u30f3\u30c8\u3092\u7e54\u308a\u4ea4\u305c\u306a\u304c\u3089\u3001\u4eca\u65e5\u306e\u4f01\u696d\u4e16\u754c\u3067\u751f\u304d\u6b8b\u308b\u65b9\u6cd5\u3001\u305d\u3057\u3066\u3082\u3061\u308d\u3093\u6210\u529f\u3059\u308b\u65b9\u6cd5\u3092\u6559\u3048\u3066\u304f\u308c\u307e\u3059\u3002<\/p>\n<h3>\u8457\u8005\u306b\u3064\u3044\u3066<\/h3>\n<div class=\"a-section a-spacing-small a-padding-small\">Jeffrey Hull \u535a\u58eb\u306f\u3001\u4f5c\u5bb6\u3001\u6559\u5e2b\u3001\u30b3\u30f3\u30b5\u30eb\u30bf\u30f3\u30c8\u3067\u3042\u308a\u3001\u9ad8\u3044\u30d1\u30d5\u30a9\u30fc\u30de\u30f3\u30b9\u3001\u5909\u66f4\u7ba1\u7406\u3001\u7d44\u7e54\u6226\u7565\u3001\u69cb\u9020\u3001\u6587\u5316\u306a\u3069\u306e\u30c6\u30fc\u30de\u306b\u3064\u3044\u3066\u4e0a\u7d1a\u5e79\u90e8\u3092\u6307\u5c0e\u3057\u3066\u304d\u305f 20 \u5e74\u4ee5\u4e0a\u306e\u7d4c\u9a13\u304c\u3042\u308a\u307e\u3059\u3002\u8b1b\u6f14\u8005\u3068\u3057\u3066\u975e\u5e38\u306b\u4eba\u6c17\u306e\u3042\u308b\u5f7c\u306f\u3001\u30cb\u30e5\u30fc\u30e8\u30fc\u30af\u5e02\u306b\u672c\u62e0\u3092\u7f6e\u304f\u7d4c\u55b6\u30b3\u30f3\u30b5\u30eb\u30bf\u30f3\u30c8\u4f1a\u793e\u30ea\u30fc\u30c0\u30fc\u30b7\u30d5\u30c8\u793e\u306e CEO \u3067\u3042\u308a\u3001\u30cf\u30fc\u30d0\u30fc\u30c9\u5927\u5b66\u533b\u5b66\u90e8\u306e\u5fc3\u7406\u5b66\u306e\u81e8\u5e8a\u8b1b\u5e2b\u3067\u3042\u308a\u3001\u30cb\u30e5\u30fc\u30e8\u30fc\u30af\u5927\u5b66\u306e\u30ea\u30fc\u30c0\u30fc\u30b7\u30c3\u30d7\u5b66\u306e\u975e\u5e38\u52e4\u6559\u6388\u3067\u3082\u3042\u308a\u307e\u3059\u3002\u8457\u8005\u306b\u3064\u3044\u3066\u8a73\u3057\u304f\u306f\u3001\u6b21\u306e\u30b5\u30a4\u30c8\u3092\u3054\u89a7\u304f\u3060\u3055\u3044\u3002 <a href=\"https:\/\/jeffreyhull.com\" target=\"_blank\" rel=\"noopener\">\u30b8\u30a7\u30d5\u30ea\u30fc\u30cf\u30eb.com<\/a>.<\/div>","protected":false},"excerpt":{"rendered":"<p><strong>\u5728\u5eab\u9650\u308a\u306e\u30b9\u30fc\u30d1\u30fc\u30d7\u30ed\u30e2\u30fc\u30b7\u30e7\u30f3\uff01 <\/strong><\/p>\n<p>Flex \u2013 \u8457\u8005 Jeffrey Hull \u306b\u3088\u308b\u5909\u5316\u3059\u308b\u4e16\u754c\u306e\u305f\u3081\u306e\u65b0\u3057\u3044\u30ea\u30fc\u30c0\u30fc\u30b7\u30c3\u30d7 \u30b9\u30bf\u30a4\u30eb \u2013 \u5317\u7c73\u3067\u6700\u3082\u5c0a\u656c\u3055\u308c\u308b\u30b3\u30fc\u30c1\u306e 1 \u4eba\u3002 100% \u304c\u30b3\u30f3\u30c8\u30ed\u30fc\u30eb\u3092\u597d\u307f\u3001\u7d50\u679c\u3092\u91cd\u8996\u3059\u308b\u30a2\u30eb\u30d5\u30a1 \u30ea\u30fc\u30c0\u30fc\u3067\u3042\u308b\u304b\u3001\u5354\u529b\u7684\u306a\u74b0\u5883\u3092\u597d\u307f\u3001\u6210\u9577\u306b\u91cd\u70b9\u3092\u7f6e\u304f\u30d9\u30fc\u30bf \u30ea\u30fc\u30c0\u30fc\u3067\u3042\u308b\u3053\u3068\u306f\u3001\u30ea\u30fc\u30c0\u30fc\u30b7\u30c3\u30d7\u306e\u6709\u52b9\u6027\u306b\u3068\u3063\u3066\u826f\u304f\u3042\u308a\u307e\u305b\u3093\u3002\u7406\u60f3\u306f\u67d4\u8edf\u6027\u3001\u3064\u307e\u308a\u5358\u306b FLEX \u3067\u3042\u308b\u3053\u3068\u3067\u3059\u3002\u305d\u308c\u306f\u3001\u72b6\u6cc1\u306b\u5fdc\u3058\u3066\u30ea\u30fc\u30c0\u30fc\u30b7\u30c3\u30d7\u306e\u30b9\u30bf\u30a4\u30eb\u3092\u5909\u3048\u308b\u80fd\u529b\u3067\u3059\u3002<\/p>","protected":false},"featured_media":1383,"template":"","meta":[],"product_cat":[20],"product_tag":[59,61],"yoast_head":"<!-- This site is optimized with the Yoast SEO plugin v20.11 - https:\/\/yoast.com\/wordpress\/plugins\/seo\/ -->\n<title>Flex - Spring School - Loja Virtual<\/title>\n<meta name=\"description\" content=\"Promo\u00e7\u00e3o com estoque limitado! Flex - O novo estilo de lideran\u00e7a para um mundo em transforma\u00e7\u00e3o de Jeffrey Hull - Um dos mais respeitados coaches.\" \/>\n<meta name=\"robots\" content=\"index, follow, max-snippet:-1, max-image-preview:large, max-video-preview:-1\" \/>\n<link rel=\"canonical\" href=\"https:\/\/loja.springschool.me\/ja\/product\/flex\/\" \/>\n<meta property=\"og:locale\" content=\"ja_JP\" \/>\n<meta property=\"og:type\" content=\"article\" \/>\n<meta property=\"og:title\" content=\"Flex - Spring School - Loja Virtual\" \/>\n<meta property=\"og:description\" content=\"Promo\u00e7\u00e3o com estoque limitado! Flex - O novo estilo de lideran\u00e7a para um mundo em transforma\u00e7\u00e3o de Jeffrey Hull - Um dos mais respeitados coaches.\" \/>\n<meta property=\"og:url\" content=\"https:\/\/loja.springschool.me\/ja\/product\/flex\/\" \/>\n<meta property=\"og:site_name\" content=\"Spring School - Loja Virtual\" \/>\n<meta property=\"article:modified_time\" content=\"2024-07-17T16:14:48+00:00\" \/>\n<meta property=\"og:image\" content=\"https:\/\/loja.springschool.me\/wp-content\/uploads\/2023\/10\/spring-school-loja-livro-flex-01.jpg\" \/>\n\t<meta property=\"og:image:width\" content=\"1000\" \/>\n\t<meta property=\"og:image:height\" content=\"1000\" \/>\n\t<meta property=\"og:image:type\" content=\"image\/jpeg\" \/>\n<meta name=\"twitter:card\" content=\"summary_large_image\" \/>\n<meta name=\"twitter:label1\" content=\"\u63a8\u5b9a\u8aad\u307f\u53d6\u308a\u6642\u9593\" \/>\n\t<meta name=\"twitter:data1\" content=\"2\u5206\" \/>\n<script type=\"application\/ld+json\" class=\"yoast-schema-graph\">{\"@context\":\"https:\/\/schema.org\",\"@graph\":[{\"@type\":\"WebPage\",\"@id\":\"https:\/\/loja.springschool.me\/produto\/flex\/\",\"url\":\"https:\/\/loja.springschool.me\/produto\/flex\/\",\"name\":\"Flex - Spring School - Loja Virtual\",\"isPartOf\":{\"@id\":\"https:\/\/loja.springschool.me\/#website\"},\"datePublished\":\"2023-10-09T15:11:39+00:00\",\"dateModified\":\"2024-07-17T16:14:48+00:00\",\"description\":\"Promo\u00e7\u00e3o com estoque limitado! Flex - O novo estilo de lideran\u00e7a para um mundo em transforma\u00e7\u00e3o de Jeffrey Hull - Um dos mais respeitados coaches.\",\"breadcrumb\":{\"@id\":\"https:\/\/loja.springschool.me\/produto\/flex\/#breadcrumb\"},\"inLanguage\":\"ja\",\"potentialAction\":[{\"@type\":\"ReadAction\",\"target\":[\"https:\/\/loja.springschool.me\/produto\/flex\/\"]}]},{\"@type\":\"BreadcrumbList\",\"@id\":\"https:\/\/loja.springschool.me\/produto\/flex\/#breadcrumb\",\"itemListElement\":[{\"@type\":\"ListItem\",\"position\":1,\"name\":\"In\u00edcio\",\"item\":\"https:\/\/loja.springschool.me\/\"},{\"@type\":\"ListItem\",\"position\":2,\"name\":\"Shop\",\"item\":\"https:\/\/loja.springschool.me\/shop\/\"},{\"@type\":\"ListItem\",\"position\":3,\"name\":\"Flex\"}]},{\"@type\":\"WebSite\",\"@id\":\"https:\/\/loja.springschool.me\/#website\",\"url\":\"https:\/\/loja.springschool.me\/\",\"name\":\"Spring School - Loja Virtual\",\"description\":\"Just another WordPress site\",\"potentialAction\":[{\"@type\":\"SearchAction\",\"target\":{\"@type\":\"EntryPoint\",\"urlTemplate\":\"https:\/\/loja.springschool.me\/?s={search_term_string}\"},\"query-input\":\"required name=search_term_string\"}],\"inLanguage\":\"ja\"}]}<\/script>\n<!-- \/ Yoast SEO plugin. -->","yoast_head_json":{"title":"Flex - Spring School - Loja Virtual","description":"Promo\u00e7\u00e3o com estoque limitado! Flex - O novo estilo de lideran\u00e7a para um mundo em transforma\u00e7\u00e3o de Jeffrey Hull - Um dos mais respeitados coaches.","robots":{"index":"index","follow":"follow","max-snippet":"max-snippet:-1","max-image-preview":"max-image-preview:large","max-video-preview":"max-video-preview:-1"},"canonical":"https:\/\/loja.springschool.me\/ja\/product\/flex\/","og_locale":"ja_JP","og_type":"article","og_title":"Flex - Spring School - Loja Virtual","og_description":"Promo\u00e7\u00e3o com estoque limitado! Flex - O novo estilo de lideran\u00e7a para um mundo em transforma\u00e7\u00e3o de Jeffrey Hull - Um dos mais respeitados coaches.","og_url":"https:\/\/loja.springschool.me\/ja\/product\/flex\/","og_site_name":"Spring School - Loja Virtual","article_modified_time":"2024-07-17T16:14:48+00:00","og_image":[{"width":1000,"height":1000,"url":"https:\/\/loja.springschool.me\/wp-content\/uploads\/2023\/10\/spring-school-loja-livro-flex-01.jpg","type":"image\/jpeg"}],"twitter_card":"summary_large_image","twitter_misc":{"\u63a8\u5b9a\u8aad\u307f\u53d6\u308a\u6642\u9593":"2\u5206"},"schema":{"@context":"https:\/\/schema.org","@graph":[{"@type":"WebPage","@id":"https:\/\/loja.springschool.me\/produto\/flex\/","url":"https:\/\/loja.springschool.me\/produto\/flex\/","name":"Flex - Spring School - Loja Virtual","isPartOf":{"@id":"https:\/\/loja.springschool.me\/#website"},"datePublished":"2023-10-09T15:11:39+00:00","dateModified":"2024-07-17T16:14:48+00:00","description":"Promo\u00e7\u00e3o com estoque limitado! Flex - O novo estilo de lideran\u00e7a para um mundo em transforma\u00e7\u00e3o de Jeffrey Hull - Um dos mais respeitados coaches.","breadcrumb":{"@id":"https:\/\/loja.springschool.me\/produto\/flex\/#breadcrumb"},"inLanguage":"ja","potentialAction":[{"@type":"ReadAction","target":["https:\/\/loja.springschool.me\/produto\/flex\/"]}]},{"@type":"BreadcrumbList","@id":"https:\/\/loja.springschool.me\/produto\/flex\/#breadcrumb","itemListElement":[{"@type":"ListItem","position":1,"name":"In\u00edcio","item":"https:\/\/loja.springschool.me\/"},{"@type":"ListItem","position":2,"name":"Shop","item":"https:\/\/loja.springschool.me\/shop\/"},{"@type":"ListItem","position":3,"name":"Flex"}]},{"@type":"WebSite","@id":"https:\/\/loja.springschool.me\/#website","url":"https:\/\/loja.springschool.me\/","name":"Spring School - Loja Virtual","description":"Just another WordPress site","potentialAction":[{"@type":"SearchAction","target":{"@type":"EntryPoint","urlTemplate":"https:\/\/loja.springschool.me\/?s={search_term_string}"},"query-input":"required name=search_term_string"}],"inLanguage":"ja"}]}},"_links":{"self":[{"href":"https:\/\/loja.springschool.me\/ja\/wp-json\/wp\/v2\/product\/1382"}],"collection":[{"href":"https:\/\/loja.springschool.me\/ja\/wp-json\/wp\/v2\/product"}],"about":[{"href":"https:\/\/loja.springschool.me\/ja\/wp-json\/wp\/v2\/types\/product"}],"version-history":[{"count":1,"href":"https:\/\/loja.springschool.me\/ja\/wp-json\/wp\/v2\/product\/1382\/revisions"}],"predecessor-version":[{"id":1384,"href":"https:\/\/loja.springschool.me\/ja\/wp-json\/wp\/v2\/product\/1382\/revisions\/1384"}],"wp:featuredmedia":[{"embeddable":true,"href":"https:\/\/loja.springschool.me\/ja\/wp-json\/wp\/v2\/media\/1383"}],"wp:attachment":[{"href":"https:\/\/loja.springschool.me\/ja\/wp-json\/wp\/v2\/media?parent=1382"}],"wp:term":[{"taxonomy":"product_cat","embeddable":true,"href":"https:\/\/loja.springschool.me\/ja\/wp-json\/wp\/v2\/product_cat?post=1382"},{"taxonomy":"product_tag","embeddable":true,"href":"https:\/\/loja.springschool.me\/ja\/wp-json\/wp\/v2\/product_tag?post=1382"}],"curies":[{"name":"wp","href":"https:\/\/api.w.org\/{rel}","templated":true}]}}